{"id":1540,"date":"2017-02-26T17:21:37","date_gmt":"2017-02-26T17:21:37","guid":{"rendered":"http:\/\/moverdb.com\/?page_id=1540"},"modified":"2026-01-08T15:20:37","modified_gmt":"2026-01-08T15:20:37","slug":"royal-hawaiian-movers","status":"publish","type":"page","link":"https:\/\/moverdb.com\/nb\/royal-hawaiian-movers\/","title":{"rendered":"Royal Hawaiian Movers - Internasjonale flytteanmeldelser"},"content":{"rendered":"<p>Royal Hawaiian Movers tilbyr sine kunder forskjellige lokale flyttinger, mellom \u00f8yer og fastlandet. Tjenestene deres er oppf\u00f8rt nedenfor, sammen med en selskapsprofil og anmeldelser.<\/p>\n<p><strong>Internasjonale flyttinger, flyttinger mellom fastland og \u00f8yer<\/strong><\/p>\n<ul>\n<li> D\u00f8r til d\u00f8r<\/li>\n<li >Full pakkeservice, kun skj\u00f8re gjenstander eller gj\u00f8r-det-selv-pakking<\/li>\n<li> Demontering og montering av m\u00f8bler<\/li>\n<li> IT-fjerning og oppsett<\/li>\n<li> Utpakkingstjeneste<\/li>\n<li> Langtids- og korttidslagring ordnet<\/li>\n<li> Luftfrakt eller sj\u00f8frakt<\/li>\n<li> Forsikring ordnet<\/li>\n<\/ul>\n<p><strong>Lokale og milit\u00e6re bevegelser<\/strong><\/p>\n<ul>\n<li> D\u00f8r til d\u00f8r<\/li>\n<li> Emballasjemateriell som f\u00f8lger med<\/li>\n<li> Langtids- og korttidslagring<\/li>\n<li> Full service pakking tilgjengelig eller gj\u00f8r-det-selv-pakking<\/li>\n<li> Demontering og montering av m\u00f8bler<\/li>\n<li> Utpakkingstjeneste<\/li>\n<li> Forsikring ordnet<\/li>\n<\/ul>\n<p><strong>Spesialiserte flyttetjenester<\/strong><\/p>\n<ul>\n<li> Tunge maskiner<\/li>\n<li> Medisinske flyttetjenester<\/li>\n<li> Overdimensjonert utstyr<\/li>\n<\/ul>\n<p><strong>Installasjon<\/strong><\/p>\n<ul>\n<li> Hotell<\/li>\n<li> FF&amp;E (m\u00f8bler, inventar og utstyr)<\/li>\n<li> Kontor<\/li>\n<li> Spesialitet<\/li>\n<\/ul>\n<h2>Royal Hawaiian Movers bedriftsprofil<\/h2>\n<p>Royal Hawaiian Movers ble startet av Richard L. DeWitt i 1982. Selskapet begynte med ett kontor i Honolulu og betjente milit\u00e6ret p\u00e5 \u00f8ya Oahu. Selv i dag er milit\u00e6ret kjernen i Royal Hawaiian Movers. P\u00e5 slutten av 1980-tallet bestemte selskapet seg for \u00e5 utvide og begynne med lastebiltransport og frakt. Selskapet har n\u00e5 en fl\u00e5te p\u00e5 over 60 flyttebiler.<\/p>\n<p>Royal Hawaiian Movers har siden utvidet virksomheten til \u00e5 omfatte flytting av boliger, kommersielle og milit\u00e6re flyttinger lokalt, mellom \u00f8yer og internasjonalt. DeWitt-gruppen av selskaper har flyttet mennesker og selskaper over hele verden i over 80 \u00e5r, og Royal Hawaiian Movers nyter \u00e5 videref\u00f8re ekspertisen de har l\u00e6rt gjennom flere ti\u00e5r. <\/p>\n<p>Deres etos er \u00e5 utvikle tillitsfulle relasjoner med sine kunder slik at de vil komme tilbake for hver flytting.<\/p>\n<p>Royal Hawaiian Movers har f\u00f8lgende akkrediteringer og tilknytninger:<\/p>\n<ul>\n<li> <a href=\"https:\/\/moverdb.com\/nb\/felgpromover\/\">AMSA Pro Movers<\/a><\/li>\n<li> Sertifiserte flyttekonsulenter<\/li>\n<li> Sertifiserte sj\u00e5f\u00f8rer for farlige materialer<\/li>\n<li> Identifikasjonskort for transportarbeidere<\/li>\n<li> Better Business Bureau (BBB)<\/li>\n<li> DeWitt Move Worldwide - et medlem av nettverket av <a href=\"https:\/\/moverdb.com\/nb\/iam\/\">IAM<\/a><\/li>\n<li> DOT lisens #227698<\/li>\n<li> DOT motorvognlisens #165352<\/li>\n<li> DOT <a href=\"https:\/\/moverdb.com\/nb\/freight-forwarder\/\" data-internallinksmanager029f6b8e52c=\"17\" title=\"Spedit\u00f8r &amp; NVOCC Internasjonal kostnads- og selskapsguide\">Spedit\u00f8r<\/a> Lisens #003549<\/li>\n<\/ul>\n<h2>Royal Hawaiian Movers anmeldelser<\/h2>\n<p><strong>Positivt:<\/strong><\/p>\n<ul>\n<li> <em>\"\u00c5 flytte fra Honolulu til <a href=\"https:\/\/moverdb.com\/nb\/moving-to-the-united-states\/moving-to-california\/\" data-internallinksmanager029f6b8e52c=\"330\" title=\"Flytter du til California? 2023 Levekostnader og flyttetips\">California<\/a>, det milit\u00e6re settet <a href=\"https:\/\/moverdb.com\/nb\/moving-to-the-united-states\/\" data-internallinksmanager029f6b8e52c=\"94\" title=\"Flytte til USA? 2023 Levekostnader og flyttetips\">oss<\/a> opp med Royal Hawaiian Movers ... ***AMAZING*** kundeservice.... De var informative, h\u00f8flige, ryddige og effektive. Royal Hawaiian Movers er alt du trenger for dine flytte- og fraktproblemer !!!\"<\/em> - Kelly G <a href=\"http:\/\/royalhawaiianmovers.com\/our-difference\/what-customers-say\/\" target=\"_blank\" rel=\"noopener\">kundeuttalelse<\/a><\/li>\n<li> <em>\"Profesjonelle og tok godt vare p\u00e5 eiendelene mine. Flyttet til fastlandet ... men de gjorde det enklere for meg \u00e5 flytte. <a href=\"https:\/\/moverdb.com\/nb\/moving-to-the-united-states\/moving-to-hawaii\/\" data-internallinksmanager029f6b8e52c=\"403\" title=\"Flytter du til Hawaii? 2023 Levekostnader og flyttetips\">Hawaii<\/a>.\"<\/em> - Robin via <a href=\"https:\/\/www.facebook.com\/pg\/RoyalHawaiianMV\/reviews\/\" target=\"_blank\" rel=\"noopener\">Facebook<\/a><\/li>\n<li> <em>\"Alt i alt vil jeg anbefale dem basert p\u00e5 pris og kvalitet p\u00e5 tjenesten.\"<\/em> - Ryan via <a href=\"https:\/\/www.yelp.com\/biz\/royal-hawaiian-movers-honolulu-2?hrid=ClTUD764MZQoXt6f0DBLoA&#038;utm_campaign=www_review_share_popup&#038;utm_medium=copy_link&#038;utm_source=(direct)\" target=\"_blank\" rel=\"noopener\">Yelp<\/a><\/li>\n<\/ul>\n<p><strong>Nei:<\/strong><\/p>\n<ul>\n<li> <em>\"Jeg er lei for \u00e5 si at kongelige hawaiiske flyttefolk er forferdelige flyttefolk! De \u00f8dela tingene v\u00e5re, noen av tingene til besteforeldrene mine forsvant.\"<\/em> - Sharon via <a href=\"https:\/\/www.facebook.com\/pg\/RoyalHawaiianMV\/reviews\/\" target=\"_blank\" rel=\"noopener\">Facebook<\/a><\/li>\n<li> <em>\"De skyndte seg med \u00e5 pakke oss, og gjorde en forferdelig jobb. Mange av tingene v\u00e5re var \u00f8delagte og helt \u00f8delagt.\"<\/em> - Meghan via <a href=\"https:\/\/www.yelp.com\/biz\/royal-hawaiian-movers-honolulu-2?hrid=2GCVIxDDbA41_6OusJ2KIQ&#038;utm_campaign=www_review_share_popup&#038;utm_medium=copy_link&#038;utm_source=(direct)\" target=\"_blank\" rel=\"noopener\">Yelp<\/a><\/li>\n<\/ul>\n<div itemprop=\"review\" itemscope itemtype=\"http:\/\/schema.org\/Review\">\n<span itemprop=\"author\" itemscope=\"\" itemtype=\"http:\/\/schema.org\/Organization\"><span itemprop=\"name\">MoverDB.com<\/span><\/span> Nettstedsgjennomgang for <span itemprop=\"itemreviewed\" itemscope=\"\" itemtype=\"http:\/\/schema.org\/Brand\"><span itemprop=\"name\">Royal Hawaiian Movers<\/span><\/span>:<\/p>\n<ol>\n<li> Tydelige kontaktopplysninger p\u00e5 nettstedet (inkludert telefonnummer): <strong>Ja<\/strong><\/li>\n<li> Lett \u00e5 f\u00e5 tak i <a href=\"https:\/\/moverdb.com\/nb\/sitater\/\">internasjonale flyttetilbud<\/a>? (skjema for foresp\u00f8rsel om prisoverslag p\u00e5 nett): <strong>Ja<\/strong><\/li>\n<li> Tydelig informasjon p\u00e5 nettstedet: <strong>Ja,<\/strong> skisserer alle tjenester, men uten \u00e5 g\u00e5 for mye i detalj.<\/li>\n<li> Medlemskap i internasjonalt anerkjente flytteorganisasjoner: <strong>Ja<\/strong>, (se ovenfor)<\/li>\n<li> Liste over kunder og\/eller tidligere kundeuttalelser: <strong>Ja,<\/strong> og selv om det finnes noen f\u00e5 negative anmeldelser p\u00e5 nettet, er de nyeste anmeldelsene stort sett positive.<\/li>\n<\/ol>\n<div itemprop=\"reviewRating\" itemscope itemtype=\"http:\/\/schema.org\/Rating\"><meta itemprop=\"worstRating\" content = \"0\" \/><meta itemprop=\"bestRating\" content=\"5\" \/><meta itemprop=\"ratingValue\" content=\"4.5\"><\/div>\n<p><strong>Samlet poengsum: 4.5\/5<\/strong><br \/>\n<strong>Dato for gjennomgang:<\/strong> <span itemprop=\"datePublished\" content=\"2017-02-26\">26\/02\/2017<\/span>\n<\/div>\n<p>Les mer om <a href=\"https:\/\/moverdb.com\/nb\/flyttefirmaer\/\">internasjonale flyttebyr\u00e5er<\/a> og v\u00e5r <a href=\"https:\/\/moverdb.com\/nb\/vurderinger\/\">gjennomgangsprosessen<\/a>.<\/p>\n<p><strong>Nettsted:<\/strong> <a href=\"http:\/\/royalhawaiianmovers.com\/\" target=\"_blank\" rel=\"noopener\">http:\/\/royalhawaiianmovers.com\/<\/a><\/p>","protected":false},"excerpt":{"rendered":"<p>Royal Hawaiian Movers offers its customers various local, inter island and mainland moves. Their services are listed below, together with a company profile and reviews. International, Mainland and Inter Island Moves Door to door Full packing service, fragile items only or DIY packing Disassembly and reassembly of furniture IT removal and set up Unpacking service [&hellip;]<\/p>\n","protected":false},"author":1,"featured_media":0,"parent":0,"menu_order":0,"comment_status":"closed","ping_status":"closed","template":"","meta":{"_genesis_hide_title":false,"_genesis_hide_breadcrumbs":false,"_genesis_hide_singular_image":false,"_genesis_hide_footer_widgets":false,"_genesis_custom_body_class":"","_genesis_custom_post_class":"","_genesis_layout":"","footnotes":""},"class_list":{"0":"post-1540","1":"page","2":"type-page","3":"status-publish","5":"entry"},"_links":{"self":[{"href":"https:\/\/moverdb.com\/nb\/wp-json\/wp\/v2\/pages\/1540","targetHints":{"allow":["GET"]}}],"collection":[{"href":"https:\/\/moverdb.com\/nb\/wp-json\/wp\/v2\/pages"}],"about":[{"href":"https:\/\/moverdb.com\/nb\/wp-json\/wp\/v2\/types\/page"}],"author":[{"embeddable":true,"href":"https:\/\/moverdb.com\/nb\/wp-json\/wp\/v2\/users\/1"}],"replies":[{"embeddable":true,"href":"https:\/\/moverdb.com\/nb\/wp-json\/wp\/v2\/comments?post=1540"}],"version-history":[{"count":7,"href":"https:\/\/moverdb.com\/nb\/wp-json\/wp\/v2\/pages\/1540\/revisions"}],"predecessor-version":[{"id":6234,"href":"https:\/\/moverdb.com\/nb\/wp-json\/wp\/v2\/pages\/1540\/revisions\/6234"}],"wp:attachment":[{"href":"https:\/\/moverdb.com\/nb\/wp-json\/wp\/v2\/media?parent=1540"}],"curies":[{"name":"wp","href":"https:\/\/api.w.org\/{rel}","templated":true}]}}