{"id":1538,"date":"2017-02-23T08:47:51","date_gmt":"2017-02-23T08:47:51","guid":{"rendered":"http:\/\/moverdb.com\/?page_id=1538"},"modified":"2026-01-08T15:20:39","modified_gmt":"2026-01-08T15:20:39","slug":"settelen","status":"publish","type":"page","link":"https:\/\/moverdb.com\/nb\/settelen\/","title":{"rendered":"Settelen - Internasjonale flyttinger og flytteanmeldelser"},"content":{"rendered":"<p>Settelen er et sveitsisk selskap med base i <a href=\"https:\/\/moverdb.com\/nb\/moving-to-basel\/\" data-internallinksmanager029f6b8e52c=\"263\" title=\"Flytte til Basel? 2023 Levekostnader og flyttetips\">Basel<\/a>. Det tilbyr sine kunder en rekke flyttetjenester som er oppf\u00f8rt nedenfor, sammen med en selskapsprofil og vurderinger.<\/p>\n<p><strong>Internasjonal flytting og flytting<\/strong><\/p>\n<ul>\n<li> Dedikert flyttekoordinator<\/li>\n<li> D\u00f8r til d\u00f8r<\/li>\n<li> Full pakkeservice, kun skj\u00f8re gjenstander eller gj\u00f8r-det-selv-pakking<\/li>\n<li> Demontering og montering av m\u00f8bler osv.<\/li>\n<li> Skreddersydde kasser<\/li>\n<li> Flyttebutikk for pakking av n\u00f8dvendigheter<\/li>\n<li> Full utpakkingstjeneste tilgjengelig<\/li>\n<li> Hjelp med toll og dokumentasjon<\/li>\n<li> Forsikring ordnet<\/li>\n<li> Kort- og langtidslagring<\/li>\n<\/ul>\n<p><strong>Lokale og langdistanseflyttinger<\/strong><\/p>\n<ul>\n<li> Dedikert flyttekoordinator<\/li>\n<li> D\u00f8r til d\u00f8r<\/li>\n<li> Full pakkingstjeneste tilgjengelig ved behov<\/li>\n<li> Demontering og montering av m\u00f8bler osv.<\/li>\n<li> Full utpakkingstjeneste tilgjengelig ved behov<\/li>\n<li> Forsikring ordnet<\/li>\n<li> Kort- og langtidslagring tilgjengelig<\/li>\n<li> Fullt utstyrt flyttebutikk for alle flytteartikler<\/li>\n<\/ul>\n<p><strong>Flytting av virksomheter<\/strong><\/p>\n<ul>\n<li> Dedikert flytteteam<\/li>\n<li> D\u00f8r til d\u00f8r<\/li>\n<li> Flytting utenfor arbeidstid for \u00e5 unng\u00e5 avbrudd i virksomheten<\/li>\n<li> Demontering og montering av m\u00f8bler<\/li>\n<li> Fjerning og reinstallering av IT<\/li>\n<li> Full pakkingstjeneste eller delvis pakkingstjeneste<\/li>\n<li> Forsikring ordnet<\/li>\n<li> Kort- og langtidslagring tilgjengelig<\/li>\n<li> Spesialisert emballering<\/li>\n<li> Fjerning av tunge maskiner<\/li>\n<li> Ekstern heis<\/li>\n<\/ul>\n<p><strong>Spesielle flyttinger<\/strong><\/p>\n<ul>\n<li> Messer og utstillinger<\/li>\n<li> Kunst og antikviteter<\/li>\n<li> Tunge maskiner<\/li>\n<li> Skj\u00f8re varer<\/li>\n<li> Pianoer og andre musikkinstrumenter<\/li>\n<li> Eksport av varer<\/li>\n<\/ul>\n<p><strong>Spesialtransport<\/strong><\/p>\n<ul>\n<li> For tunge, uvanlige gjenstander og steder<\/li>\n<li> Logistikk og organisasjon<\/li>\n<li> Valg av kj\u00f8ret\u00f8y<\/li>\n<li> Kartlegge en rute<\/li>\n<li> Innhentet n\u00f8dvendige lisenser<\/li>\n<\/ul>\n<p><strong>Lagring<\/strong><\/p>\n<ul>\n<li> Trebeholdere<\/li>\n<li> Sikkerhet d\u00f8gnet rundt<\/li>\n<li> Regelmessige kontroller av containere<\/li>\n<li> Spesiell innpakning og emballasje tilgjengelig<\/li>\n<\/ul>\n<p><strong>Settelen Leiebil<\/strong><\/p>\n<ul>\n<li> Personbiler<\/li>\n<li> Varebiler og pickuper<\/li>\n<li> Minibusser<\/li>\n<li> Spesialkj\u00f8ret\u00f8yer<\/li>\n<\/ul>\n<h2>Settelen Bedriftsprofil<\/h2>\n<p>Settelen AG er basert i Basel, <a href=\"https:\/\/moverdb.com\/nb\/moving-to-switzerland\/\" data-internallinksmanager029f6b8e52c=\"327\" title=\"Flytte til Sveits? 2023 Levekostnader og flyttetips\">Sveits<\/a>. Dette privateide selskapet ble grunnlagt i 1883. Hovedvirksomheten er transport og logistikk, med datterselskaper innen bilutleie, bussreiser og vedlikehold og reparasjon av motorvogner.<\/p>\n<p>Settelen organiserer internasjonale, langdistanse og lokale flyttinger for privatpersoner og bedrifter.<\/p>\n<p>Settelen har f\u00f8lgende akkrediteringer og tilknytninger:<\/p>\n<ul>\n<li> <a href=\"https:\/\/moverdb.com\/nb\/fidi-faim\/\">Federation of International Moving Companies<\/a> (<a href=\"https:\/\/moverdb.com\/nb\/fidi-faim\/\" data-internallinksmanager029f6b8e52c=\"16\" title=\"FIDI &amp; FAIM (FIDI-akkreditert internasjonal spedit\u00f8r) forklart\">FIDI<\/a>)<\/li>\n<li> Den sveitsiske veitransportforeningen (ASTAG)<\/li>\n<li> AGVS<\/li>\n<\/ul>\n<h2>Settelen Bedriftsvurderinger<\/h2>\n<p>Det er ingen anmeldelser p\u00e5 engelsk for \u00f8yeblikket p\u00e5 nettet for Settelen, selv om den f\u00e5r 4.1 stjerner p\u00e5 Google Reviews.<\/p>\n<div itemprop=\"review\" itemscope itemtype=\"http:\/\/schema.org\/Review\">\n<span itemprop=\"author\" itemscope=\"\" itemtype=\"http:\/\/schema.org\/Organization\"><span itemprop=\"name\">MoverDB.com<\/span><\/span> Nettstedsgjennomgang for <span itemprop=\"itemreviewed\" itemscope=\"\" itemtype=\"http:\/\/schema.org\/Brand\"><span itemprop=\"name\">Settelen<\/span><\/span>:<\/p>\n<ol>\n<li> Tydelige kontaktopplysninger p\u00e5 nettstedet (inkludert telefonnummer): <strong>Ja<\/strong><\/li>\n<li> Lett \u00e5 f\u00e5 tak i <a href=\"https:\/\/moverdb.com\/nb\/sitater\/\">internasjonale flyttetilbud<\/a>? (skjema for foresp\u00f8rsel om prisoverslag p\u00e5 nett): <strong>Ja<\/strong><\/li>\n<li> Tydelig informasjon p\u00e5 nettstedet: <strong>Begrenset<\/strong> nettstedet lister opp tjenester, men tilbyr ikke mange detaljer utover det.<\/li>\n<li> Medlemskap i internasjonalt anerkjente flytteorganisasjoner: <strong>Ja<\/strong>, (se ovenfor)<\/li>\n<li> Liste over kunder og\/eller tidligere kundeuttalelser: <strong>Nei,<\/strong> og det finnes bare en begrenset mengde informasjon om dem andre steder.<\/li>\n<\/ol>\n<div itemprop=\"reviewRating\" itemscope itemtype=\"http:\/\/schema.org\/Rating\"><meta itemprop=\"worstRating\" content = \"0\" \/><meta itemprop=\"bestRating\" content=\"5\" \/><meta itemprop=\"ratingValue\" content=\"4\"><\/div>\n<p><strong>Samlet poengsum: 4\/5<\/strong><br \/>\n<strong>Dato for gjennomgang:<\/strong> <span itemprop=\"datePublished\" content=\"2017-02-23\">23\/02\/2017<\/span>\n<\/div>\n<p>Les mer om <a href=\"https:\/\/moverdb.com\/nb\/flyttefirmaer\/\">internasjonale flyttebyr\u00e5er<\/a> og v\u00e5r <a href=\"https:\/\/moverdb.com\/nb\/vurderinger\/\">gjennomgangsprosessen<\/a>.<\/p>\n<p><strong>Nettsteder:<\/strong> <a href=\"http:\/\/www.settelen.ch\/\" target=\"_blank\" rel=\"noopener\">http:\/\/www.settelen.ch\/<\/a><\/p>","protected":false},"excerpt":{"rendered":"<p>Settelen is Swiss company based in Basel. It offers its customers a range of moving services which are listed below, together with a company profile and reviews. International Moving &#038; Removals Dedicated move coordinator Door to door Full packing service, fragile items only or DIY packing Disassembly and reassembly of furniture etc Customised crates Removal [&hellip;]<\/p>\n","protected":false},"author":1,"featured_media":0,"parent":0,"menu_order":0,"comment_status":"closed","ping_status":"closed","template":"","meta":{"_genesis_hide_title":false,"_genesis_hide_breadcrumbs":false,"_genesis_hide_singular_image":false,"_genesis_hide_footer_widgets":false,"_genesis_custom_body_class":"","_genesis_custom_post_class":"","_genesis_layout":"","footnotes":""},"class_list":{"0":"post-1538","1":"page","2":"type-page","3":"status-publish","5":"entry"},"_links":{"self":[{"href":"https:\/\/moverdb.com\/nb\/wp-json\/wp\/v2\/pages\/1538","targetHints":{"allow":["GET"]}}],"collection":[{"href":"https:\/\/moverdb.com\/nb\/wp-json\/wp\/v2\/pages"}],"about":[{"href":"https:\/\/moverdb.com\/nb\/wp-json\/wp\/v2\/types\/page"}],"author":[{"embeddable":true,"href":"https:\/\/moverdb.com\/nb\/wp-json\/wp\/v2\/users\/1"}],"replies":[{"embeddable":true,"href":"https:\/\/moverdb.com\/nb\/wp-json\/wp\/v2\/comments?post=1538"}],"version-history":[{"count":3,"href":"https:\/\/moverdb.com\/nb\/wp-json\/wp\/v2\/pages\/1538\/revisions"}],"predecessor-version":[{"id":6236,"href":"https:\/\/moverdb.com\/nb\/wp-json\/wp\/v2\/pages\/1538\/revisions\/6236"}],"wp:attachment":[{"href":"https:\/\/moverdb.com\/nb\/wp-json\/wp\/v2\/media?parent=1538"}],"curies":[{"name":"wp","href":"https:\/\/api.w.org\/{rel}","templated":true}]}}