{"id":1536,"date":"2017-07-10T10:48:14","date_gmt":"2017-07-10T10:48:14","guid":{"rendered":"http:\/\/moverdb.com\/?page_id=1536"},"modified":"2026-01-08T15:20:49","modified_gmt":"2026-01-08T15:20:49","slug":"teletrans","status":"publish","type":"page","link":"https:\/\/moverdb.com\/nb\/teletrans\/","title":{"rendered":"Teletrans - Internasjonal flytting og flytteanmeldelser"},"content":{"rendered":"<p>Teletrans ligger i Attika <a href=\"https:\/\/moverdb.com\/nb\/moving-to-greece\/\" data-internallinksmanager029f6b8e52c=\"353\" title=\"Flytter du til Hellas? 2023 Levekostnader og flyttetips\">Hellas<\/a>. Det er et flytte- og relokaliseringsselskap som tilbyr sine kunder et bredt spekter av tjenester. Disse er oppf\u00f8rt nedenfor, sammen med en selskapsprofil og anmeldelser.<\/p>\n<p><strong>Internasjonale bevegelser<\/strong><\/p>\n<ul>\n<li> Dedikert flytteansvarlig<\/li>\n<li> Full service pakking, delvis pakking eller gj\u00f8r-det-selv-pakking<\/li>\n<li> Kort- og langtidslagring tilgjengelig<\/li>\n<li> Demontering og montering av m\u00f8bler<\/li>\n<li> Land-, sj\u00f8- eller lufttransport<\/li>\n<li> Hjelp med toll og dokumentasjon<\/li>\n<li> Utpakkingstjeneste tilgjengelig<\/li>\n<li> Fjerning av rusk<\/li>\n<\/ul>\n<p><strong>Flyttetjenester<\/strong><\/p>\n<ul>\n<li> Tidsplan for reisen<\/li>\n<li> Billettbestilling og hotellreservasjon<\/li>\n<li> Informasjon om prosedyren for utstedelse av VISA til bestemmelseslandet<\/li>\n<li> Informasjon om skoler<\/li>\n<li> Informasjon om boliger<\/li>\n<li> Informasjon om overf\u00f8ring av kj\u00e6ledyr<\/li>\n<li> Fastsettelse av midlertidig oppholdstillatelse<\/li>\n<li> Lokale spr\u00e5kkurs som arrangeres<\/li>\n<li> Forslag til underholdning og \"bli kjent med omr\u00e5det\", for eksempel museumsbes\u00f8k og sightseeing, kulturarrangementer, utflukter osv.<\/li>\n<li>Hjelp til \u00e5 flytte inn tjenester (elektriker, r\u00f8rlegger, rengj\u00f8ringstjenester osv.)<\/li>\n<\/ul>\n<p><strong>Bedriftsflytting<\/strong><\/p>\n<ul>\n<li>Inspeksjon og planlegging<\/li>\n<li>Emballasje<\/li>\n<li>Lagring<\/li>\n<li>Tollklarering om n\u00f8dvendig<\/li>\n<li>Forsikring<\/li>\n<li>Levering og utpakking p\u00e5 bestemmelsesstedet<\/li>\n<\/ul>\n<p><strong>Spesielle trekk<\/strong><\/p>\n<ul>\n<li>Milit\u00e6rt utstyr og kj\u00f8ret\u00f8y<\/li>\n<li>Tunge maskiner<\/li>\n<li>Overdimensjonert og overskytende last<\/li>\n<li>Kunstverk i spesiallagde kasser<\/li>\n<li>Utdanningsinstitusjoner<\/li>\n<li>Spa og treningssentre<\/li>\n<\/ul>\n<p><strong>Utstillinger<\/strong><\/p>\n<ul>\n<li>Emballasje for utstillingsmateriell<\/li>\n<li>Utarbeidelse av dokumentasjon for eksport<\/li>\n<li>Identifisere den mest egnede m\u00e5ten \u00e5 sende p\u00e5<\/li>\n<li>Levering<\/li>\n<li>Installasjon av utstillingsmateriell<\/li>\n<li>Ompakking av materialet og forsendelse til opprinnelsesstedet.<\/li>\n<\/ul>\n<p><strong>Lagring<\/strong><\/p>\n<ul>\n<li>Lang og kort sikt<\/li>\n<li>Overv\u00e5king d\u00f8gnet rundt<\/li>\n<li>Klimakontrollert tilgjengelig<\/li>\n<\/ul>\n<h2>Teletrans selskapsprofil<\/h2>\n<p>Teletrans ble startet i Attika i Hellas av Ria Stergiopoulou i 1979 med det opprinnelige m\u00e5let \u00e5 transportere mennesker og varer rundt i Hellas. I dag er selskapet et av Hellas' ledende innen transport av mennesker, bedrifter og kunst rundt om i verden.<\/p>\n<p>Teletrans har sin egen bilpark, som kj\u00f8res av selskapets egne ansatte. Det har ogs\u00e5 et topp moderne lageranlegg i Attika som er utstyrt for \u00e5 lagre den mest sensitive lasten f\u00f8r og etter forsendelse. Teletrans har et n\u00f8ye utvalgt nettverk av agenter som hjelper dem med forsendelser inn og ut av Hellas.<\/p>\n<p>Teletrans er opptatt av \u00e5 redusere sitt karbonavtrykk og velger bevisst resirkulerte emballasjematerialer. De bruker ogs\u00e5 solenergi der det er mulig. Selskapet har n\u00e5 \u00e5pnet et kontor i Brussel som ogs\u00e5 implementerer milj\u00f8vennlig praksis.<\/p>\n<p>Teletrans har f\u00f8lgende akkrediteringer og tilknytninger:<\/p>\n<ul>\n<li>EN ISO 9001:2008<\/li>\n<li><a href=\"https:\/\/moverdb.com\/nb\/iam\/\" target=\"_blank\" rel=\"noopener\">International Association of Movers<\/a> (<a href=\"https:\/\/moverdb.com\/nb\/iam\/\" data-internallinksmanager029f6b8e52c=\"23\" title=\"International Association of Movers (IAM) Forklaret\">IAM<\/a>)<\/li>\n<li><a href=\"https:\/\/moverdb.com\/nb\/fedemac\/\" target=\"_blank\" rel=\"noopener\">Sammenslutningen av europeiske flyttebyr\u00e5er<\/a> (<a href=\"https:\/\/moverdb.com\/nb\/fedemac\/\" data-internallinksmanager029f6b8e52c=\"15\" title=\"Federation of European Movers Association (FEDEMAC) Forklares (p\u00e5 engelsk)\">FEDEMAC<\/a>)<\/li>\n<li>Sammenslutningen av spedisjons- og logistikkbedrifter i Hellas (SYNDDEL)<\/li>\n<\/ul>\n<h2>Teletrans-anmeldelser<\/h2>\n<p>I skrivende stund kunne vi ikke finne noen positive eller negative omtaler av Teletrans p\u00e5 engelsk. <\/p>\n<div itemprop=\"review\" itemscope itemtype=\"http:\/\/schema.org\/Review\">\n<span itemprop=\"author\" itemscope=\"\" itemtype=\"http:\/\/schema.org\/Organization\"><span itemprop=\"name\">MoverDB.com<\/span><\/span> Nettstedsgjennomgang for <span itemprop=\"itemreviewed\" itemscope=\"\" itemtype=\"http:\/\/schema.org\/Brand\"><span itemprop=\"name\">Teletrans<\/span><\/span>:<\/p>\n<ol>\n<li> Tydelige kontaktopplysninger p\u00e5 nettstedet (inkludert telefonnummer): <strong>Ja<\/strong><\/li>\n<li> Lett \u00e5 f\u00e5 tak i <a href=\"https:\/\/moverdb.com\/nb\/sitater\/\">internasjonale flyttetilbud<\/a>? (skjema for foresp\u00f8rsel om prisoverslag p\u00e5 nett): <strong>Ja<\/strong><\/li>\n<li> Tydelig informasjon p\u00e5 nettstedet: <strong>Ja,<\/strong> Nettstedet er oversiktlig og rimelig informativt.<\/li>\n<li> Medlemskap i internasjonale anerkjente flytteorganisasjoner: <strong>Ja<\/strong>, (se ovenfor)<\/li>\n<li> Liste over kunder og\/eller tidligere kundeuttalelser. <strong>Nei,<\/strong>finnes det en liste over kunder, men ingen kundeuttalelser eller anmeldelser.<\/li>\n<\/ol>\n<div itemprop=\"reviewRating\" itemscope itemtype=\"http:\/\/schema.org\/Rating\"><meta itemprop=\"worstRating\" content = \"0\" \/><meta itemprop=\"bestRating\" content=\"5\" \/><meta itemprop=\"ratingValue\" content=\"4.5\"><\/div>\n<p><strong>Samlet poengsum: 4.5\/5<\/strong><br \/>\n<strong>Dato for gjennomgang:<\/strong> <span itemprop=\"datePublished\" content=\"2017-07-10\">10\/07\/2017<\/span>\n<\/div>\n<p>Les mer om <a href=\"https:\/\/moverdb.com\/nb\/flyttefirmaer\/\">internasjonale flyttebyr\u00e5er<\/a> og v\u00e5r <a href=\"https:\/\/moverdb.com\/nb\/vurderinger\/\">gjennomgangsprosessen forklart<\/a>.<\/p>\n<p><strong>Nettsted:<\/strong> <a href=\"http:\/\/www.teletranseu.com\/\" target=\"_blank\" rel=\"noopener\">http:\/\/www.teletranseu.com\/<\/a><\/p>","protected":false},"excerpt":{"rendered":"<p>Teletrans is located in Attica Greece. It is a moving and relocation company that offers its clients a wide range of services. These are listed below, together with a company profile and reviews. International Moves Dedicated move manager Full service packing, partial packing or DIY packing Short and long term storage available Disassembly and reassembly [&hellip;]<\/p>\n","protected":false},"author":1,"featured_media":0,"parent":0,"menu_order":0,"comment_status":"closed","ping_status":"closed","template":"","meta":{"_genesis_hide_title":false,"_genesis_hide_breadcrumbs":false,"_genesis_hide_singular_image":false,"_genesis_hide_footer_widgets":false,"_genesis_custom_body_class":"","_genesis_custom_post_class":"","_genesis_layout":"","footnotes":""},"class_list":{"0":"post-1536","1":"page","2":"type-page","3":"status-publish","5":"entry"},"_links":{"self":[{"href":"https:\/\/moverdb.com\/nb\/wp-json\/wp\/v2\/pages\/1536","targetHints":{"allow":["GET"]}}],"collection":[{"href":"https:\/\/moverdb.com\/nb\/wp-json\/wp\/v2\/pages"}],"about":[{"href":"https:\/\/moverdb.com\/nb\/wp-json\/wp\/v2\/types\/page"}],"author":[{"embeddable":true,"href":"https:\/\/moverdb.com\/nb\/wp-json\/wp\/v2\/users\/1"}],"replies":[{"embeddable":true,"href":"https:\/\/moverdb.com\/nb\/wp-json\/wp\/v2\/comments?post=1536"}],"version-history":[{"count":4,"href":"https:\/\/moverdb.com\/nb\/wp-json\/wp\/v2\/pages\/1536\/revisions"}],"predecessor-version":[{"id":6244,"href":"https:\/\/moverdb.com\/nb\/wp-json\/wp\/v2\/pages\/1536\/revisions\/6244"}],"wp:attachment":[{"href":"https:\/\/moverdb.com\/nb\/wp-json\/wp\/v2\/media?parent=1536"}],"curies":[{"name":"wp","href":"https:\/\/api.w.org\/{rel}","templated":true}]}}