{"id":1528,"date":"2017-02-01T16:05:53","date_gmt":"2017-02-01T16:05:53","guid":{"rendered":"http:\/\/moverdb.com\/?page_id=1528"},"modified":"2026-01-08T15:20:40","modified_gmt":"2026-01-08T15:20:40","slug":"samtransport-med-skip","status":"publish","type":"page","link":"https:\/\/moverdb.com\/nb\/shipco-transport\/","title":{"rendered":"Shipco Transport - Internasjonale flytteanmeldelser"},"content":{"rendered":"<p>Shipco Transport tilbyr sj\u00f8- og luftfrakttjenester til profesjonelle flyttebyr\u00e5er og flyttebyr\u00e5er, ikke privatpersoner. Tjenestene er oppf\u00f8rt nedenfor, sammen med en selskapsprofil og anmeldelser.<\/p>\n<p><strong>Internasjonal flytting av husholdningsvarer<\/strong><\/p>\n<ul>\n<li> <a href=\"https:\/\/moverdb.com\/nb\/containertransport\/\">Internasjonal containerfrakt<\/a><\/li>\n<li>Gjennom profesjonelle flyttebyr\u00e5er<\/li>\n<li>Gjennom profesjonelle relokaliseringsselskaper<\/li>\n<li>LCL<\/li>\n<li>FCL<\/li>\n<li>Luftfrakt<\/li>\n<li>Henting fra pakkeriets lager tilgjengelig<\/li>\n<\/ul>\n<p><strong>Sj\u00f8frakt LCL<\/strong><\/p>\n<ul>\n<li>Garantert n\u00f8ytrale direkte intakte konsolideringer med minimal lasth\u00e5ndtering<\/li>\n<li>Dedikert kundeservice som leverer skreddersydde l\u00f8sninger<\/li>\n<li>F\u00f8rsteklasses transport\u00f8rer og konkurransedyktige priser knyttet til globale seilingsplaner i sanntid<\/li>\n<\/ul>\n<p><strong>Sj\u00f8frakt FCL<\/strong><\/p>\n<ul>\n<li> Mangfoldige tjenester gjennom over 40 sj\u00f8transportkontrakter<\/li>\n<li> Full dekning av innlandstransport i <a href=\"https:\/\/moverdb.com\/nb\/moving-to-the-united-states\/\" data-internallinksmanager029f6b8e52c=\"94\" title=\"Flytte til USA? 2023 Levekostnader og flyttetips\">USA<\/a> fra mer enn 44 000 postnummer<\/li>\n<li> Rask behandlingstid p\u00e5 priser for d\u00f8rer, ramper og <a href=\"https:\/\/moverdb.com\/nb\/top-49-container-ports\/\" data-internallinksmanager029f6b8e52c=\"80\" title=\"De 49 st\u00f8rste og travleste containerhavnene i 2025\">port<\/a> tjenester. Tusenvis av ruter i l\u00f8pet av f\u00e5 \u00f8yeblikk<\/li>\n<\/ul>\n<p><strong>Havprosjekter og spesialfrakt<\/strong><\/p>\n<ul>\n<li>Break Bulk, RoRo, Out of Gauge og Reefer-tjenester<\/li>\n<li>Landsomfattende transport av overdimensjonert last, tillatelseslast og containere<\/li>\n<li>Lasting, pakking og avstiving<\/li>\n<li>Konkurransedyktige priser gjennom v\u00e5rt omfattende nettverk av sj\u00f8- og lufttransport\u00f8rer, lager, lastebil- og kranfirmaer.<\/li>\n<li>Split\/Full Air-charter og OAG-forsendelser<\/li>\n<\/ul>\n<p><strong>Luftfrakt<\/strong><\/p>\n<ul>\n<li>Kontrakter med mer enn 100 flyselskaper<\/li>\n<li>Henting<\/li>\n<li>Lagring<\/li>\n<li>Merking og dokumentasjonstjenester<\/li>\n<li>Oppf\u00f8lging av innkj\u00f8psordrer<\/li>\n<\/ul>\n<h2>Shipco Transport Company Profile<\/h2>\n<p>Shipco Transport Inc er et datterselskap av Scan Group A\/S, K\u00f8benhavn, og startet sin virksomhet i september 1988 i <a href=\"https:\/\/moverdb.com\/nb\/moving-to-nyc\/\">New York City<\/a>. Det er en ledende <a href=\"https:\/\/moverdb.com\/nb\/speditor\/\">NVOCC<\/a>. Selskapets opprinnelige form\u00e5l var \u00e5 ta imot FCL-last fra Asia. Selskapets hovedfokus i dag er som LCL-konsolidator.<\/p>\n<p>I dag har Shipco over 75 kontorer i 30 land over hele verden og sysselsetter over 2 200 personer. Shipco tilbyr sine kunder LCL- og FCL-sj\u00f8frakt og luftfrakttjenester.<\/p>\n<p>Shipco Transport har f\u00f8lgende akkrediteringer og tilknytninger: -<\/p>\n<ul>\n<li><a href=\"https:\/\/moverdb.com\/nb\/iam\/\" target=\"_blank\" rel=\"noopener\">International Association of Movers<\/a> (<a href=\"https:\/\/moverdb.com\/nb\/iam\/\" data-internallinksmanager029f6b8e52c=\"23\" title=\"International Association of Movers (IAM) Forklaret\">IAM<\/a>)<\/li>\n<li>Scan-Group<\/li>\n<li>Den verdensomspennende alliansen (WWA)<\/li>\n<li>Luftfraktgruppen<\/li>\n<\/ul>\n<h2>Shipco Transport vurderinger<\/h2>\n<p><strong>Positivt:<\/strong><\/p>\n<ul>\n<li><em>\"Jeg fraktet alt jeg eide fra San Diego til <a href=\"https:\/\/moverdb.com\/nb\/moving-companies\/moving-companies-honduras\/\" data-internallinksmanager029f6b8e52c=\"233\" title=\"2 beste internasjonale flyttefirmaer i Honduras\">Honduras<\/a>Shipco var flott.\" <\/em>Madison K via <a href=\"https:\/\/www.yelp.co.uk\/biz\/shipco-transport-long-beach?hrid=hfrOGEwsoHzhivf1ODT9DQ&#038;utm_campaign=www_review_share_popup&#038;utm_medium=copy_link&#038;utm_source=(direct)\" target=\"_blank\" rel=\"noopener\">Yelp<\/a>.\n<li><em>\"Virkelig god service. Ingen problemer i det hele tatt.\"<\/em> - Dawn C via <a href=\"https:\/\/www.tryfleet.com\/freight-forwarder-profile\/shipco-transport-inc\" target=\"_blank\" rel=\"noopener\">Fl\u00e5te<\/a><\/li>\n<\/ul>\n<p><strong>Nei:<\/strong><\/p>\n<ul>\n<li><em>\"Det verste selskapet jeg noen gang har hatt med \u00e5 gj\u00f8re. Beholdt forsendelsen min i to uker selv om de hadde betalt i sin helhet, og ville ikke frigi forsendelsen.\" <\/em>Houman M via <a href=\"https:\/\/www.yelp.co.uk\/biz\/shipco-transport-long-beach?hrid=0lZOxg3aNnePXUGvOv7fxw&#038;utm_campaign=www_review_share_popup&#038;utm_medium=copy_link&#038;utm_source=(direct)\" target=\"_blank\" rel=\"noopener\">Yelp<\/a><\/li>\n<\/ul>\n<div itemprop=\"review\" itemscope itemtype=\"http:\/\/schema.org\/Review\">\n<span itemprop=\"author\" itemscope=\"\" itemtype=\"http:\/\/schema.org\/Organization\"><span itemprop=\"name\">MoverDB.com<\/span><\/span> Nettstedsgjennomgang for <span itemprop=\"itemreviewed\" itemscope=\"\" itemtype=\"http:\/\/schema.org\/Brand\"><span itemprop=\"name\">Shipco Transport<\/span><\/span>:<\/p>\n<ol>\n<li> Tydelige kontaktopplysninger p\u00e5 nettstedet (inkludert telefonnummer): <strong>Ja<\/strong><\/li>\n<li> Lett \u00e5 f\u00e5 tak i <a href=\"https:\/\/moverdb.com\/nb\/sitater\/\">internasjonale flyttetilbud<\/a>? (skjema for foresp\u00f8rsel om prisoverslag p\u00e5 nett): <strong>Ja<\/strong><\/li>\n<li> Tydelig informasjon p\u00e5 nettstedet: <strong>Ja,<\/strong> nettstedet beskriver alle deres frakt- og forsendelsestjenester.<\/li>\n<li> Medlemskap i internasjonalt anerkjente flytteorganisasjoner: <strong>Ja<\/strong>, (se ovenfor)<\/li>\n<li> Liste over kunder og\/eller tidligere kundeuttalelser. <strong>Nei,<\/strong> ikke p\u00e5 nettstedet deres, men de har generelt positive anmeldelser.<\/li>\n<\/ol>\n<div itemprop=\"reviewRating\" itemscope itemtype=\"http:\/\/schema.org\/Rating\"><meta itemprop=\"worstRating\" content = \"0\" \/><meta itemprop=\"bestRating\" content=\"5\" \/><meta itemprop=\"ratingValue\" content=\"4\"><\/div>\n<p><strong>Samlet poengsum: 4\/5<\/strong><br \/>\n<strong>Dato for gjennomgang:<\/strong> <span itemprop=\"datePublished\" content=\"2017-02-01\">01\/02\/2017<\/span>\n<\/div>\n<p>Les mer om <a href=\"https:\/\/moverdb.com\/nb\/flyttefirmaer\/\">internasjonale flyttebyr\u00e5er<\/a>, <a href=\"https:\/\/moverdb.com\/nb\/rederier\/\">containerrederier<\/a> og v\u00e5r <a href=\"https:\/\/moverdb.com\/nb\/vurderinger\/\">gjennomgangsprosessen<\/a>.<\/p>\n<p><strong>Nettsted:<\/strong> <a href=\"https:\/\/www.shipco.com\/\" target=\"_blank\" rel=\"noopener\">https:\/\/www.shipco.com\/<\/a><\/p>","protected":false},"excerpt":{"rendered":"<p>Shipco Transport offers ocean and air freight services to professional household goods movers and relocation companies, not individuals. Its services are listed below, together with a company profile and reviews. International Movement of Household Goods International container shipping Through professional household goods movers Through professional relocation companies LCL FCL Airfreight Collection from packer&#8217;s warehouse available [&hellip;]<\/p>\n","protected":false},"author":1,"featured_media":0,"parent":0,"menu_order":0,"comment_status":"closed","ping_status":"closed","template":"","meta":{"_genesis_hide_title":false,"_genesis_hide_breadcrumbs":false,"_genesis_hide_singular_image":false,"_genesis_hide_footer_widgets":false,"_genesis_custom_body_class":"","_genesis_custom_post_class":"","_genesis_layout":"","footnotes":""},"class_list":{"0":"post-1528","1":"page","2":"type-page","3":"status-publish","5":"entry"},"_links":{"self":[{"href":"https:\/\/moverdb.com\/nb\/wp-json\/wp\/v2\/pages\/1528","targetHints":{"allow":["GET"]}}],"collection":[{"href":"https:\/\/moverdb.com\/nb\/wp-json\/wp\/v2\/pages"}],"about":[{"href":"https:\/\/moverdb.com\/nb\/wp-json\/wp\/v2\/types\/page"}],"author":[{"embeddable":true,"href":"https:\/\/moverdb.com\/nb\/wp-json\/wp\/v2\/users\/1"}],"replies":[{"embeddable":true,"href":"https:\/\/moverdb.com\/nb\/wp-json\/wp\/v2\/comments?post=1528"}],"version-history":[{"count":7,"href":"https:\/\/moverdb.com\/nb\/wp-json\/wp\/v2\/pages\/1528\/revisions"}],"predecessor-version":[{"id":6237,"href":"https:\/\/moverdb.com\/nb\/wp-json\/wp\/v2\/pages\/1528\/revisions\/6237"}],"wp:attachment":[{"href":"https:\/\/moverdb.com\/nb\/wp-json\/wp\/v2\/media?parent=1528"}],"curies":[{"name":"wp","href":"https:\/\/api.w.org\/{rel}","templated":true}]}}