{"id":15073,"date":"2023-11-30T14:48:34","date_gmt":"2023-11-30T14:48:34","guid":{"rendered":"https:\/\/moverdb.com\/?page_id=15073"},"modified":"2026-01-08T15:05:52","modified_gmt":"2026-01-08T15:05:52","slug":"moving-to-gibraltar-from-the-uk","status":"publish","type":"page","link":"https:\/\/moverdb.com\/nb\/moving-to-gibraltar\/moving-to-gibraltar-from-the-uk\/","title":{"rendered":"Flytte til Gibraltar fra Storbritannia"},"content":{"rendered":"<p><span style=\"font-weight: 400;\"><img loading=\"lazy\" decoding=\"async\" class=\"alignnone size-full wp-image-14577\" src=\"https:\/\/moverdb.com\/wp-content\/uploads\/moving-to-gibraltar-1.jpg\" alt=\"\" width=\"1000\" height=\"667\" srcset=\"https:\/\/moverdb.com\/wp-content\/uploads\/moving-to-gibraltar-1.jpg 1000w, https:\/\/moverdb.com\/wp-content\/uploads\/moving-to-gibraltar-1-300x200.jpg 300w, https:\/\/moverdb.com\/wp-content\/uploads\/moving-to-gibraltar-1-18x12.jpg 18w\" sizes=\"auto, (max-width: 1000px) 100vw, 1000px\" \/><\/span><\/p>\n<p><span style=\"font-weight: 400;\">Hvis du vurderer \u00e5 ta steget over fra <a href=\"https:\/\/moverdb.com\/nb\/moving-to-the-uk\/\" data-internallinksmanager029f6b8e52c=\"93\" title=\"Flytte til Storbritannia? 2023 Levekostnader og flyttetips\">Storbritannia<\/a> til <a href=\"https:\/\/moverdb.com\/nb\/moving-to-gibraltar\/\" data-internallinksmanager029f6b8e52c=\"431\" title=\"Flytter du til Gibraltar? 2023 Levekostnader og flyttetips\">Gibraltar<\/a>I denne guiden f\u00e5r du vite alt du trenger \u00e5 vite - fra visumkrav til forskjeller i levekostnader, fra gode helsetips til regler for flytting med kj\u00e6ledyr - slik at du kan f\u00f8le deg bedre rustet n\u00e5r tiden er inne for den store flyttingen.<\/span><\/p>\n<p><b>Kjappe fakta om Gibraltar:<\/b><\/p>\n<ol>\n<li style=\"font-weight: 400;\" aria-level=\"1\"><b>Befolkning: <\/b><span style=\"font-weight: 400;\">32 669 (estimat for 2021)<\/span><\/li>\n<li style=\"font-weight: 400;\" aria-level=\"1\"><b>Offisielt spr\u00e5k:<\/b><span style=\"font-weight: 400;\"> Engelsk (<\/span><i><span style=\"font-weight: 400;\">de facto<\/span><\/i><span style=\"font-weight: 400;\">)\u00a0<\/span><\/li>\n<li style=\"font-weight: 400;\" aria-level=\"1\"><b>BNP per innbygger:<\/b><span style=\"font-weight: 400;\"> $70 248 USD (estimat for 2021)<\/span><\/li>\n<li style=\"font-weight: 400;\" aria-level=\"1\"><b>Tilfeldig faktum: <\/b><span style=\"font-weight: 400;\">Gibraltar er hjemsted for den eneste ville apepopulasjonen i hele Europa.<\/span><\/li>\n<li style=\"font-weight: 400;\" aria-level=\"1\"><b>Valuta: <\/b><span style=\"font-weight: 400;\">Pund sterling (\u00a3) og Gibraltar-pund. Fra slutten av 2023 er 1 pund = $1,25, 1 euro = 1,15 pund, $1 CAD = $1,72, $1 AUD = $1,91.<\/span><span style=\"font-weight: 400;\"><br \/>\n<\/span><\/li>\n<\/ol>\n<div id=\"ez-toc-container\" class=\"ez-toc-v2_0_82_2 ez-toc-wrap-left counter-hierarchy ez-toc-counter ez-toc-transparent ez-toc-container-direction\">\n<div class=\"ez-toc-title-container\">\n<p class=\"ez-toc-title\" style=\"cursor:inherit\">Seksjoner<\/p>\n<span class=\"ez-toc-title-toggle\"><a href=\"#\" class=\"ez-toc-pull-right ez-toc-btn ez-toc-btn-xs ez-toc-btn-default ez-toc-toggle\" aria-label=\"Bytt innholdsfortegnelse\"><span class=\"ez-toc-js-icon-con\"><span class=\"\"><span class=\"eztoc-hide\" style=\"display:none;\">Toggle<\/span><span class=\"ez-toc-icon-toggle-span\"><svg style=\"fill: #999;color:#999\" xmlns=\"http:\/\/www.w3.org\/2000\/svg\" class=\"list-377408\" width=\"20px\" height=\"20px\" viewbox=\"0 0 24 24\" fill=\"none\"><path d=\"M6 6H4v2h2V6zm14 0H8v2h12V6zM4 11h2v2H4v-2zm16 0H8v2h12v-2zM4 16h2v2H4v-2zm16 0H8v2h12v-2z\" fill=\"currentColor\"><\/path><\/svg><svg style=\"fill: #999;color:#999\" class=\"arrow-unsorted-368013\" xmlns=\"http:\/\/www.w3.org\/2000\/svg\" width=\"10px\" height=\"10px\" viewbox=\"0 0 24 24\" version=\"1.2\" baseprofile=\"tiny\"><path d=\"M18.2 9.3l-6.2-6.3-6.2 6.3c-.2.2-.3.4-.3.7s.1.5.3.7c.2.2.4.3.7.3h11c.3 0 .5-.1.7-.3.2-.2.3-.5.3-.7s-.1-.5-.3-.7zM5.8 14.7l6.2 6.3 6.2-6.3c.2-.2.3-.5.3-.7s-.1-.5-.3-.7c-.2-.2-.4-.3-.7-.3h-11c-.3 0-.5.1-.7.3-.2.2-.3.5-.3.7s.1.5.3.7z\"\/><\/svg><\/span><\/span><\/span><\/a><\/span><\/div>\n<nav><ul class='ez-toc-list ez-toc-list-level-1 eztoc-toggle-hide-by-default' ><li class='ez-toc-page-1 ez-toc-heading-level-2'><a class=\"ez-toc-link ez-toc-heading-1\" href=\"https:\/\/moverdb.com\/nb\/moving-to-gibraltar\/moving-to-gibraltar-from-the-uk\/#1_Moving_Costs_to_Gibraltar_From_The_UK\" >1. Flyttekostnader til Gibraltar fra Storbritannia<\/a><\/li><li class='ez-toc-page-1 ez-toc-heading-level-2'><a class=\"ez-toc-link ez-toc-heading-2\" href=\"https:\/\/moverdb.com\/nb\/moving-to-gibraltar\/moving-to-gibraltar-from-the-uk\/#2_How_Long_Does_It_Take_To_Move_to_Gibraltar_from_the_United_Kingdom\" >2. Hvor lang tid tar det \u00e5 flytte til Gibraltar fra Storbritannia?<\/a><\/li><li class='ez-toc-page-1 ez-toc-heading-level-2'><a class=\"ez-toc-link ez-toc-heading-3\" href=\"https:\/\/moverdb.com\/nb\/moving-to-gibraltar\/moving-to-gibraltar-from-the-uk\/#3_Moving_Restrictions_to_Gibraltar_from_the_UK\" >3. Flyttebegrensninger til Gibraltar fra Storbritannia\u00a0<\/a><\/li><li class='ez-toc-page-1 ez-toc-heading-level-2'><a class=\"ez-toc-link ez-toc-heading-4\" href=\"https:\/\/moverdb.com\/nb\/moving-to-gibraltar\/moving-to-gibraltar-from-the-uk\/#4_Visa_Requirements_to_Gibraltar_from_the_UK\" >4. Visumkrav til Gibraltar fra Storbritannia<\/a><\/li><li class='ez-toc-page-1 ez-toc-heading-level-2'><a class=\"ez-toc-link ez-toc-heading-5\" href=\"https:\/\/moverdb.com\/nb\/moving-to-gibraltar\/moving-to-gibraltar-from-the-uk\/#5_Cost_of_Living_Differences_in_Gibraltar\" >5. Forskjeller i levekostnader i Gibraltar<\/a><\/li><li class='ez-toc-page-1 ez-toc-heading-level-2'><a class=\"ez-toc-link ez-toc-heading-6\" href=\"https:\/\/moverdb.com\/nb\/moving-to-gibraltar\/moving-to-gibraltar-from-the-uk\/#6_Tax_Treaties_in_Gibraltar\" >6. Skatteavtaler i Gibraltar<\/a><\/li><li class='ez-toc-page-1 ez-toc-heading-level-2'><a class=\"ez-toc-link ez-toc-heading-7\" href=\"https:\/\/moverdb.com\/nb\/moving-to-gibraltar\/moving-to-gibraltar-from-the-uk\/#7_Working_Rules_in_Gibraltar\" >7. Arbeidsregler i Gibraltar<\/a><\/li><li class='ez-toc-page-1 ez-toc-heading-level-2'><a class=\"ez-toc-link ez-toc-heading-8\" href=\"https:\/\/moverdb.com\/nb\/moving-to-gibraltar\/moving-to-gibraltar-from-the-uk\/#8_Healthcare_in_Gibraltar\" >8. Helsetjenester i Gibraltar<\/a><\/li><li class='ez-toc-page-1 ez-toc-heading-level-2'><a class=\"ez-toc-link ez-toc-heading-9\" href=\"https:\/\/moverdb.com\/nb\/moving-to-gibraltar\/moving-to-gibraltar-from-the-uk\/#9_Rules_Around_Moving_With_Pets_in_Gibraltar\" >9. Regler for flytting med kj\u00e6ledyr i Gibraltar<\/a><\/li><li class='ez-toc-page-1 ez-toc-heading-level-2'><a class=\"ez-toc-link ez-toc-heading-10\" href=\"https:\/\/moverdb.com\/nb\/moving-to-gibraltar\/moving-to-gibraltar-from-the-uk\/#10_Similar_Cities\" >10. Lignende byer<\/a><\/li><li class='ez-toc-page-1 ez-toc-heading-level-2'><a class=\"ez-toc-link ez-toc-heading-11\" href=\"https:\/\/moverdb.com\/nb\/moving-to-gibraltar\/moving-to-gibraltar-from-the-uk\/#11_Pros_and_Cons_of_Moving_to_Gibraltar_from_the_UK\" >11. Fordeler og ulemper ved \u00e5 flytte til Gibraltar fra Storbritannia<\/a><\/li><\/ul><\/nav><\/div>\n<h2><span class=\"ez-toc-section\" id=\"1_Moving_Costs_to_Gibraltar_From_The_UK\"><\/span><b>1. Flyttekostnader til Gibraltar fra Storbritannia<\/b><span class=\"ez-toc-section-end\"><\/span><\/h2>\n<p>Noen eksempler <a href=\"https:\/\/moverdb.com\/nb\/moving-costs\/\" data-internallinksmanager029f6b8e52c=\"25\" title=\"Internasjonale flyttekostnader: 9 ting du ikke kan ignorere\">flyttekostnader<\/a> fra de st\u00f8rste byene i Storbritannia.<\/p>\n<table id=\"moving_costs_gbp_gibraltar\" class=\"dataframe table table-striped\" style=\"border-spacing: 10px; border-collapse: separate;\" border=\"0\">\n<thead>\n<tr style=\"text-align: left;\">\n<th><\/th>\n<th>London<\/th>\n<th><a href=\"\" data-internallinksmanager029f6b8e52c=\"52\" title=\"Manchester\">Manchester<\/a><\/th>\n<th><a href=\"\" data-internallinksmanager029f6b8e52c=\"34\" title=\"Birmingham\">Birmingham<\/a><\/th>\n<th><a href=\"\" data-internallinksmanager029f6b8e52c=\"49\" title=\"Liverpool\">Liverpool<\/a><\/th>\n<\/tr>\n<tr>\n<th>Fra \/ Til<\/th>\n<th><\/th>\n<th><\/th>\n<th><\/th>\n<th><\/th>\n<\/tr>\n<\/thead>\n<tbody>\n<tr>\n<th>Gibraltar<\/th>\n<td>\u00a3960.00<\/td>\n<td>\u00a31080.00<\/td>\n<td>\u00a31016.00<\/td>\n<td>\u00a31040.00<\/td>\n<\/tr>\n<\/tbody>\n<\/table>\n<h2><span class=\"ez-toc-section\" id=\"2_How_Long_Does_It_Take_To_Move_to_Gibraltar_from_the_United_Kingdom\"><\/span><b>2. Hvor lang tid tar det \u00e5 flytte til Gibraltar fra Storbritannia?<\/b><span class=\"ez-toc-section-end\"><\/span><\/h2>\n<p><span style=\"font-weight: 400;\">N\u00e5 som vi har en oversikt over kostnadene forbundet med \u00e5 flytte til Gibraltar, kan vi ta en titt p\u00e5 noen estimerte flytider for \u00e5 gi deg en id\u00e9 om reisetiden.<\/span><\/p>\n<ul>\n<li style=\"font-weight: 400;\" aria-level=\"1\"><span style=\"font-weight: 400;\">London Heathrow til Gibraltar - 2 timer og 50 minutter - \u00a3100<\/span><\/li>\n<li style=\"font-weight: 400;\" aria-level=\"1\"><span style=\"font-weight: 400;\">London Gatwick til Gibraltar - 2 timer, 50 minutter - \u00a365<\/span><\/li>\n<li style=\"font-weight: 400;\" aria-level=\"1\"><span style=\"font-weight: 400;\"><a href=\"\" data-internallinksmanager029f6b8e52c=\"44\" title=\"Edinburgh\">Edinburgh<\/a> til Gibraltar - 6 timer, 5 minutter (med mellomlanding) - \u00a3115<\/span><span style=\"font-weight: 400;\"><br \/>\n<\/span><\/li>\n<\/ul>\n<p><span style=\"font-weight: 400;\">Denne varigheten dekker kun flytiden, s\u00e5 du m\u00e5 legge til ekstra tid for \u00e5 komme deg fra terminalen til ditt endelige bestemmelsessted.<\/span><b><\/b><\/p>\n<h2><span class=\"ez-toc-section\" id=\"3_Moving_Restrictions_to_Gibraltar_from_the_UK\"><\/span><b>3. Flyttebegrensninger til Gibraltar fra Storbritannia\u00a0<\/b><span class=\"ez-toc-section-end\"><\/span><\/h2>\n<p><span style=\"font-weight: 400;\">\u00c5 flytte fra ett land for \u00e5 bosette seg i et annet vil medf\u00f8re en rekke restriksjoner - f\u00f8rst og fremst i form av visumplikt, som vi tar for oss i neste avsnitt.\u00a0<\/span><\/p>\n<p><span style=\"font-weight: 400;\">Passet ditt m\u00e5 v\u00e6re gyldig under hele oppholdet i Gibraltar. Britiske statsborgere trenger ikke visum for \u00e5 reise inn i Gibraltar for \u00e5 studere, bes\u00f8ke eller arbeide, i f\u00f8lge <\/span><a href=\"https:\/\/www.gov.uk\/foreign-travel-advice\/gibraltar\/entry-requirements\" target=\"_blank\" rel=\"noopener\"><span style=\"font-weight: 400;\">Gov.uk<\/span><\/a><span style=\"font-weight: 400;\">.<\/span><\/p>\n<p><span style=\"font-weight: 400;\">Det finnes som vanlig tollregler som forbyr transport av visse gjenstander - alt som anses som forbudt eller avgiftsbelagt, m\u00e5 deklareres. Mer informasjon om hva som er tillatt og hva som ikke er tillatt, finner du p\u00e5 <\/span><a href=\"https:\/\/www.gibraltar.gov.gi\/public-services\/hm-customs\" target=\"_blank\" rel=\"noopener\"><span style=\"font-weight: 400;\">Gibraltar.gov.gi<\/span><\/a><span style=\"font-weight: 400;\">.\u00a0\u00a0<\/span><\/p>\n<p><span style=\"font-weight: 400;\">Det er for \u00f8yeblikket ingen reiserestriksjoner p\u00e5 grunn av covid-19, men vi anbefaler at du holder deg oppdatert om utviklingen for \u00e5 sikre at du f\u00f8lger den nyeste informasjonen p\u00e5 reisetidspunktet.<\/span><\/p>\n<h2><span class=\"ez-toc-section\" id=\"4_Visa_Requirements_to_Gibraltar_from_the_UK\"><\/span><b>4. Visumkrav til Gibraltar fra Storbritannia<\/b><span class=\"ez-toc-section-end\"><\/span><\/h2>\n<p><span style=\"font-weight: 400;\">For \u00e5 reise inn i Gibraltar trenger du et gyldig pass som er gyldig under hele oppholdet i landet. Det er ikke n\u00f8dvendig med visum hvis du planlegger \u00e5 reise p\u00e5 bes\u00f8k, for \u00e5 studere eller arbeide, <\/span><a href=\"https:\/\/www.gov.uk\/foreign-travel-advice\/gibraltar\/entry-requirements\" target=\"_blank\" rel=\"noopener\"><span style=\"font-weight: 400;\">Gov.uk<\/span><\/a><span style=\"font-weight: 400;\"> stater.<\/span><\/p>\n<p><span style=\"font-weight: 400;\">I alle tilfeller m\u00e5 du snakke med en visumspesialist som kan gi deg r\u00e5d om dine individuelle forhold, og du m\u00e5 alltid holde deg oppdatert om de siste regelendringene.<\/span><b><\/b><\/p>\n<h2><span class=\"ez-toc-section\" id=\"5_Cost_of_Living_Differences_in_Gibraltar\"><\/span><b>5. Forskjeller i levekostnader i Gibraltar<\/b><span class=\"ez-toc-section-end\"><\/span><\/h2>\n<p><img loading=\"lazy\" decoding=\"async\" class=\"alignnone size-full wp-image-14578\" src=\"https:\/\/moverdb.com\/wp-content\/uploads\/moving-to-gibraltar-2.jpg\" alt=\"\" width=\"1000\" height=\"667\" srcset=\"https:\/\/moverdb.com\/wp-content\/uploads\/moving-to-gibraltar-2.jpg 1000w, https:\/\/moverdb.com\/wp-content\/uploads\/moving-to-gibraltar-2-300x200.jpg 300w, https:\/\/moverdb.com\/wp-content\/uploads\/moving-to-gibraltar-2-18x12.jpg 18w\" sizes=\"auto, (max-width: 1000px) 100vw, 1000px\" \/><span style=\"font-weight: 400;\">Selv om denne artikkelen tar for seg Gibraltar som helhet, vil boligprisene selvsagt variere fra omr\u00e5de til omr\u00e5de, men tallene nedenfor gir deg en indikasjon p\u00e5 hva som er tilgjengelig til hvilken pris.<\/span><\/p>\n<p><span style=\"font-weight: 400;\">Levekostnadene i Gibraltar er anslagsvis 25,8% lavere enn i Storbritannia, og husleien er rundt 30,6% lavere.<\/span><\/p>\n<p><b>M\u00e5nedlige leiepriser i Gibraltar:<\/b><\/p>\n<ul>\n<li style=\"font-weight: 400;\" aria-level=\"1\"><span style=\"font-weight: 400;\">1 roms leilighet (leilighet) i sentrum:<\/span><b> \u00a31,325+<\/b><\/li>\n<li style=\"font-weight: 400;\" aria-level=\"1\"><span style=\"font-weight: 400;\">Leilighet med 1 soverom utenfor sentrum: <\/span><b>\u00a31,250+<\/b><\/li>\n<li style=\"font-weight: 400;\" aria-level=\"1\"><span style=\"font-weight: 400;\">3 roms leilighet i sentrum av byen: <\/span><b>\u00a32,500+<\/b><\/li>\n<li style=\"font-weight: 400;\" aria-level=\"1\"><span style=\"font-weight: 400;\">3 roms leilighet utenfor sentrum: <\/span><b>\u00a32,300+<\/b><\/li>\n<\/ul>\n<p><b>Prisene p\u00e5 boligkj\u00f8p i Gibraltar:<\/b><\/p>\n<ul>\n<li style=\"font-weight: 400;\" aria-level=\"1\"><span style=\"font-weight: 400;\">Pris per kvadratmeter (10,7 kvadratmeter) \u00e5 kj\u00f8pe i sentrum: <\/span><b>\u00a37,600+<\/b><\/li>\n<li style=\"font-weight: 400;\" aria-level=\"1\"><span style=\"font-weight: 400;\">Pris per kvadratmeter ved kj\u00f8p utenfor byen: <\/span><b>\u00a36,800+<\/b><\/li>\n<\/ul>\n<p><b><i>Kilde: <\/i><\/b><a href=\"https:\/\/www.numbeo.com\/cost-of-living\/in\/Gibraltar\" target=\"_blank\" rel=\"noopener\"><i><span style=\"font-weight: 400;\">Numbeo<\/span><\/i><\/a><\/p>\n<h2><span class=\"ez-toc-section\" id=\"6_Tax_Treaties_in_Gibraltar\"><\/span><b>6. Skatteavtaler i Gibraltar<\/b><span class=\"ez-toc-section-end\"><\/span><\/h2>\n<p><span style=\"font-weight: 400;\">Gibraltar er kjent for \u00e5 ha et \"gunstig\" skattemilj\u00f8. Det betyr at det i Gibraltar ikke er noen:<\/span><\/p>\n<ul>\n<li style=\"font-weight: 400;\" aria-level=\"1\"><span style=\"font-weight: 400;\">MERVERDIAVGIFT<\/span><\/li>\n<li style=\"font-weight: 400;\" aria-level=\"1\"><span style=\"font-weight: 400;\">Formuesskatt<\/span><\/li>\n<li style=\"font-weight: 400;\" aria-level=\"1\"><span style=\"font-weight: 400;\">Skatt p\u00e5 kapitalgevinster<\/span><\/li>\n<\/ul>\n<p><span style=\"font-weight: 400;\">Det er ingen individuell inntektsskatt, men enkeltpersoner betaler likevel en personlig skatt beregnet ut fra deres \"Chargable Income\", som regnes p\u00e5 inntekt fra Gibraltar. Det betales trygdeavgifter.<\/span><\/p>\n<p><span style=\"font-weight: 400;\">Disse verdiene kan endres, s\u00e5 det er viktig at du holder deg oppdatert om eventuelle endringer n\u00e5r de skjer hvis du arbeider eller bor i landet, slik at du er sikker p\u00e5 at du samarbeider lovlig med hensyn til beskatning.\u00a0<\/span><b><\/b><\/p>\n<h2><span class=\"ez-toc-section\" id=\"7_Working_Rules_in_Gibraltar\"><\/span><b>7. Arbeidsregler i Gibraltar<\/b><span class=\"ez-toc-section-end\"><\/span><\/h2>\n<p><a href=\"https:\/\/www.recruitgibraltar.com\/WorkResidencePermitsinGibraltar.asp#:~:text=As%20a%20rule%20if%20you,Employment%20Training%20Board%20(ETB).\" target=\"_blank\" rel=\"noopener\"><span style=\"font-weight: 400;\">Rekruttere Gibraltar<\/span><\/a><span style=\"font-weight: 400;\"> sier at hvis du har pass fra et EU- eller E\u00d8S-land, kan du jobbe i Gibraltar. De som kommer fra land som ikke er medlem av EU, m\u00e5 s\u00f8ke om arbeidstillatelse via <\/span><a href=\"https:\/\/www.gibraltar.gov.gi\/department-employment\" target=\"_blank\" rel=\"noopener\"><span style=\"font-weight: 400;\">Styret for arbeidstrening (ETB)<\/span><\/a><span style=\"font-weight: 400;\">.<\/span><\/p>\n<p><span style=\"font-weight: 400;\">Dette inkluderer Storbritannia, noe som betyr at britiske statsborgere ikke trenger arbeidstillatelse for \u00e5 utf\u00f8re arbeid i landet.\u00a0<\/span><\/p>\n<p><span style=\"font-weight: 400;\">Uansett hvilke arbeidsforhold du har, er det viktig at du har ordnet med visumet ditt - om n\u00f8dvendig - f\u00f8r du reiser inn i landet for \u00e5 sikre en smidig overgang. Det er ogs\u00e5 viktig \u00e5 sette seg inn i skattereglene og eventuelle fordelsprogrammer, som for eksempel helseordninger, slik at du har full oversikt over rettighetene dine.<\/span><b><\/b><\/p>\n<h2><span class=\"ez-toc-section\" id=\"8_Healthcare_in_Gibraltar\"><\/span><b>8. Helsetjenester i Gibraltar<\/b><span class=\"ez-toc-section-end\"><\/span><\/h2>\n<p><span style=\"font-weight: 400;\">Mens Storbritannia har mange sykehus, har Gibraltar bare ett - St Bernard's. <\/span><a href=\"https:\/\/www.gov.uk\/foreign-travel-advice\/gibraltar\/health\" target=\"_blank\" rel=\"noopener\"><span style=\"font-weight: 400;\">Gov.uk sier<\/span><\/a><span style=\"font-weight: 400;\"> at britiske statsborgere kan f\u00e5 akuttbehandling i landet mot fremvisning av britisk pass, men for visse mer spesialiserte behandlinger kan det v\u00e6re n\u00f8dvendig \u00e5 bli overf\u00f8rt til <a href=\"https:\/\/moverdb.com\/nb\/moving-to-spain\/\" data-internallinksmanager029f6b8e52c=\"266\" title=\"Flytte til Spania? 2023 Levekostnader og flyttetips\">Spania<\/a>, noe som kan medf\u00f8re gebyrer.<\/span><\/p>\n<p><span style=\"font-weight: 400;\">Vi anbefaler at du skaffer deg et globalt helseforsikringskort (GHIC) f\u00f8r du reiser, slik at du f\u00e5r tilgang til den behandlingen du trenger under reisen.\u00a0<\/span><\/p>\n<p><span style=\"font-weight: 400;\">Som p\u00e5 alle reiser m\u00e5 du tegne en passende helseforsikring for \u00e5 v\u00e6re dekket, ettersom EHIC eller GHIC alene ikke dekker alle eventualiteter. Kortene dekker statlige helsetjenester og ikke private helsetjenester.<\/span><\/p>\n<p><span style=\"font-weight: 400;\">Du kan reise med medisiner til Gibraltar, men du m\u00e5 sjekke at det er tillatt f\u00f8r du gj\u00f8r det. Dette kan du sjekke p\u00e5 <\/span><a href=\"https:\/\/www.gibraltar.gov.gi\/public-services\/hm-customs\" target=\"_blank\" rel=\"noopener\"><span style=\"font-weight: 400;\">HM Customs Gibraltar nettsted<\/span><\/a><span style=\"font-weight: 400;\">.<\/span><b><\/b><\/p>\n<h2><span class=\"ez-toc-section\" id=\"9_Rules_Around_Moving_With_Pets_in_Gibraltar\"><\/span><b>9. Regler for flytting med kj\u00e6ledyr i Gibraltar<\/b><span class=\"ez-toc-section-end\"><\/span><\/h2>\n<p><span style=\"font-weight: 400;\">Flytting inneb\u00e6rer mange esker med eiendeler - men det kan ogs\u00e5 inneb\u00e6re noen spesielt viktige pelskledde venner! Hvis du skal flytte til Gibraltar med et kj\u00e6ledyr p\u00e5 slep, b\u00f8r du vite dette.<\/span><\/p>\n<p><a href=\"https:\/\/www.environmental-agency.gi\/importation-of-pets\/#:~:text=1%20%2D%20Animals%20must%20bbe%20identifiable,days%20prior%20to%20entering%20Gibraltar.\" target=\"_blank\" rel=\"noopener\"><span style=\"font-weight: 400;\">Gibraltars milj\u00f8byr\u00e5<\/span><\/a><span style=\"font-weight: 400;\"> sier at katter, hunder og ildere som reiser fra EU og listede land utenfor EU - der Storbritannia er inkludert - m\u00e5:<\/span><\/p>\n<ul>\n<li style=\"font-weight: 400;\" aria-level=\"1\"><span style=\"font-weight: 400;\">Har mikrochips<\/span><\/li>\n<li style=\"font-weight: 400;\" aria-level=\"1\"><span style=\"font-weight: 400;\">V\u00e6re vaksinert mot rabies\u00a0<\/span><\/li>\n<li style=\"font-weight: 400;\" aria-level=\"1\"><span style=\"font-weight: 400;\">Ha et pass for kj\u00e6ledyr<\/span><\/li>\n<\/ul>\n<p><span style=\"font-weight: 400;\">Det er viktig at du sjekker den nyeste informasjonen p\u00e5 reisetidspunktet for \u00e5 forsikre deg om at du har krysset av i alle boksene som kreves av deg og kj\u00e6ledyret ditt.\u00a0<\/span><b><\/b><\/p>\n<h2><span class=\"ez-toc-section\" id=\"10_Similar_Cities\"><\/span><b>10. Lignende byer<\/b><span class=\"ez-toc-section-end\"><\/span><\/h2>\n<p><img loading=\"lazy\" decoding=\"async\" class=\"alignnone size-full wp-image-14579\" src=\"https:\/\/moverdb.com\/wp-content\/uploads\/moving-to-gibraltar-3.jpg\" alt=\"\" width=\"1000\" height=\"653\" srcset=\"https:\/\/moverdb.com\/wp-content\/uploads\/moving-to-gibraltar-3.jpg 1000w, https:\/\/moverdb.com\/wp-content\/uploads\/moving-to-gibraltar-3-300x196.jpg 300w, https:\/\/moverdb.com\/wp-content\/uploads\/moving-to-gibraltar-3-18x12.jpg 18w\" sizes=\"auto, (max-width: 1000px) 100vw, 1000px\" \/><span style=\"font-weight: 400;\">Gibraltar er et britisk oversj\u00f8isk territorium med rundt 30 000 innbyggere. Landet har mange likhetstrekk med Kanal\u00f8yene p\u00e5 grunn av den lille st\u00f8rrelsen.<\/span><\/p>\n<p><span style=\"font-weight: 400;\">I motsetning til Kanal\u00f8yene, som er egne \u00f8yer, er Gibraltar knyttet til Spania, men har likevel en havgrense. Det samme gjelder Gibraltar, <a href=\"https:\/\/moverdb.com\/nb\/moving-to-monaco\/\" data-internallinksmanager029f6b8e52c=\"351\" title=\"Flytter du til Monaco? 2023 Levekostnader og flyttetips\">Monaco<\/a> er et lite territorium med en tilsvarende \"strategisk\" beliggenhet som Gibraltar, noe som gir gode reisemuligheter til og fra landet.\u00a0<\/span><\/p>\n<p><span style=\"font-weight: 400;\">B\u00e5de Gibraltar og Monaco har god turisme, b\u00e5de n\u00e5r det gjelder historiske opplevelser og shoppingmuligheter. Begge landene har lav eller ingen skatt, noe som kan v\u00e6re attraktivt for b\u00e5de bedrifter og privatpersoner.\u00a0<\/span><b><\/b><\/p>\n<h2><span class=\"ez-toc-section\" id=\"11_Pros_and_Cons_of_Moving_to_Gibraltar_from_the_UK\"><\/span><b>11. Fordeler og ulemper ved \u00e5 flytte til Gibraltar fra Storbritannia<\/b><span class=\"ez-toc-section-end\"><\/span><\/h2>\n<p><span style=\"font-weight: 400;\">Kanskje du flytter p\u00e5 grunn av en ny jobbmulighet, eller kanskje du bare vil pr\u00f8ve et helt annet land og klima - uansett hva som er grunnen til at du \u00f8nsker \u00e5 flytte fra Storbritannia til Gibraltar, kan vi ta en titt p\u00e5 noen av de viktigste fordelene og ulempene ved \u00e5 flytte.<\/span><\/p>\n\n<table id=\"tablepress-439\" class=\"tablepress tablepress-id-439\">\n<thead>\n<tr class=\"row-1\">\n\t<th class=\"column-1\">Fordeler med \u00e5 flytte fra Storbritannia til Gibraltar<\/th><th class=\"column-2\">Ulemper ved \u00e5 flytte fra Storbritannia til Gibraltar<\/th>\n<\/tr>\n<\/thead>\n<tbody class=\"row-striping row-hover\">\n<tr class=\"row-2\">\n\t<td class=\"column-1\">Skattefordeler: Gibraltar er kjent for sitt gunstige skattemilj\u00f8, noe som gir potensielle \u00f8konomiske fordeler for innbyggerne.<\/td><td class=\"column-2\">Begrenset boareal: Gibraltar er et lite territorium, og det kan v\u00e6re vanskelig \u00e5 finne en passende bolig p\u00e5 grunn av det begrensede boarealet.<\/td>\n<\/tr>\n<tr class=\"row-3\">\n\t<td class=\"column-1\">Kulturell blanding: Det kulturelle milj\u00f8et i Gibraltar er mangfoldig og gjenspeiler p\u00e5virkninger fra britisk, spansk og middelhavskultur.<\/td><td class=\"column-2\">H\u00f8ye levekostnader: Selv om det er skattefordeler, kan de samlede levekostnadene i Gibraltar, inkludert bolig og varer, v\u00e6re relativt h\u00f8ye.<\/td>\n<\/tr>\n<tr class=\"row-4\">\n\t<td class=\"column-1\">Mildt klima: Gibraltar har et middelhavsklima med milde vintre og varme somre.<\/td><td class=\"column-2\">Pendlerutfordringer: Grensekryssing til og fra Spania i forbindelse med arbeid eller andre aktiviteter kan f\u00f8re til forsinkelser og utfordringer i forbindelse med pendling.<\/td>\n<\/tr>\n<tr class=\"row-5\">\n\t<td class=\"column-1\">Sikkerhet: Gibraltar regnes som et trygt og sikkert omr\u00e5de med lav kriminalitet.<\/td><td class=\"column-2\">Begrenset arbeidsmarked: Arbeidsmarkedet i Gibraltar, som er et lite territorium, kan v\u00e6re konkurransepreget, og det kan v\u00e6re vanskelig \u00e5 finne jobb.<\/td>\n<\/tr>\n<\/tbody>\n<\/table>\n<!-- #tablepress-439 from cache -->\n<p><span style=\"font-weight: 400;\">Uansett hva du bestemmer deg for, m\u00e5 du sette deg inn i de juridiske faktorene som p\u00e5virker flyttingen - husk \u00e5 sjekke f\u00f8lgende <\/span><a href=\"https:\/\/www.gov.uk\/world\/living-in-gibraltar\" target=\"_blank\" rel=\"noopener\"><span style=\"font-weight: 400;\">Gov.uk<\/span><\/a><span style=\"font-weight: 400;\"> for all informasjon du trenger.<\/span><\/p>","protected":false},"excerpt":{"rendered":"<p>If you are considering making the move from the United Kingdom to Gibraltar, this guide will tell you everything you need to know &#8211; from visa requirements to cost of living differences; healthcare top tips to rules about moving country with your pets &#8211; helping you to feel empowered when the time comes to make [&hellip;]<\/p>\n","protected":false},"author":5,"featured_media":14577,"parent":7821,"menu_order":0,"comment_status":"closed","ping_status":"closed","template":"","meta":{"_genesis_hide_title":false,"_genesis_hide_breadcrumbs":false,"_genesis_hide_singular_image":false,"_genesis_hide_footer_widgets":false,"_genesis_custom_body_class":"","_genesis_custom_post_class":"","_genesis_layout":"","footnotes":""},"class_list":{"0":"post-15073","1":"page","2":"type-page","3":"status-publish","4":"has-post-thumbnail","6":"entry"},"_links":{"self":[{"href":"https:\/\/moverdb.com\/nb\/wp-json\/wp\/v2\/pages\/15073","targetHints":{"allow":["GET"]}}],"collection":[{"href":"https:\/\/moverdb.com\/nb\/wp-json\/wp\/v2\/pages"}],"about":[{"href":"https:\/\/moverdb.com\/nb\/wp-json\/wp\/v2\/types\/page"}],"author":[{"embeddable":true,"href":"https:\/\/moverdb.com\/nb\/wp-json\/wp\/v2\/users\/5"}],"replies":[{"embeddable":true,"href":"https:\/\/moverdb.com\/nb\/wp-json\/wp\/v2\/comments?post=15073"}],"version-history":[{"count":7,"href":"https:\/\/moverdb.com\/nb\/wp-json\/wp\/v2\/pages\/15073\/revisions"}],"predecessor-version":[{"id":15174,"href":"https:\/\/moverdb.com\/nb\/wp-json\/wp\/v2\/pages\/15073\/revisions\/15174"}],"up":[{"embeddable":true,"href":"https:\/\/moverdb.com\/nb\/wp-json\/wp\/v2\/pages\/7821"}],"wp:featuredmedia":[{"embeddable":true,"href":"https:\/\/moverdb.com\/nb\/wp-json\/wp\/v2\/media\/14577"}],"wp:attachment":[{"href":"https:\/\/moverdb.com\/nb\/wp-json\/wp\/v2\/media?parent=15073"}],"curies":[{"name":"wp","href":"https:\/\/api.w.org\/{rel}","templated":true}]}}