{"id":14482,"date":"2023-11-08T15:57:24","date_gmt":"2023-11-08T15:57:24","guid":{"rendered":"https:\/\/moverdb.com\/freight-forwarder\/freight-forwarding-uk\/ruislip-freight-forwarder\/"},"modified":"2026-01-08T14:54:32","modified_gmt":"2026-01-08T14:54:32","slug":"ruislip-freight-forwarder","status":"publish","type":"page","link":"https:\/\/moverdb.com\/nb\/freight-forwarder\/freight-forwarding-uk\/ruislip-freight-forwarder\/","title":{"rendered":"1 beste spedisjonsselskaper i Ruislip (2024)"},"content":{"rendered":"<p>Nedenfor ser vi p\u00e5 1 <em>\"best\"<\/em> Spedisjonsfirmaer i Ruislip av 1.<\/p>\n<p>Hvis du vil vite mer om hvordan vi har valgt ut de beste, kan du lese mer i FAQ-delen til slutt.<\/p>\n<p><em>V\u00e6r oppmerksom p\u00e5 at listene nedenfor ikke kommer i noen bestemt rekkef\u00f8lge, og at vi ikke anbefaler noen bestemte selskaper.<\/em><\/p>\n<h2>J &amp; J Trading (UK) LTD.<\/h2>\n<p><img decoding=\"async\" src=\"https:\/\/moverdb.com\/wp-content\/uploads\/AF1QipNV0e-KL79TmLj-R0PHRpg_8i33_b0O47H00HTDw408-h544-k-no.jpg\" alt='J &amp; J Trading (UK) LTD.' class=\"aligncenter\"><\/p>\n<p><strong>Beskrivelse fra virksomheten: <\/strong>Ingen oppgitt<\/p>\n<p><strong>Tilleggstjenester:<\/strong><\/p>\n<p>Ingen oppf\u00f8rt<\/p>\n<p><strong>Adresse:<\/strong> Enhet 8, Chancery Business Centre, Stonefield Way, Ruislip HA4 0JA<\/p>\n<p><a href=\"http:\/\/jandjtrading.co.uk\/\" target=\"_new\" rel=\"noopener\">Nettstedet til J &amp; J Trading (UK) LTD.<\/a><\/p>\n<p><strong>Vurderingspoeng: <\/strong>4.1<br \/> <strong>Antall anmeldelser:<\/strong> 7<br \/><a href=\"https:\/\/www.google.co.uk\/maps?cid=12208637641288646550&#038;hl=en&#038;gl=GB\" target=\"_new\" rel=\"noopener\">Les anmeldelser<\/a><\/p>\n<h2>Hvordan vi har valgt ut de beste spedisjonsfirmaene i Ruislip<\/h2>\n<p>Vi startet med et datasett p\u00e5 1 Ruislip spedisjonsfirmaer som vi kunne finne via Google Maps og begrenset det til de 1 beste.<\/p>\n<p>For \u00e5 gj\u00f8re dette fjernet vi alle selskaper som:<\/p>\n<ul>\n<li> Hadde ikke noe nettsted<\/li>\n<li> Hadde ingen anmeldelser<\/li>\n<li> Hadde en gjennomsnittlig vurderingsscore p\u00e5 under 2,0<\/li>\n<\/ul>\n<p>Hvis vi p\u00e5 dette tidspunktet hadde 17 eller f\u00e6rre spedit\u00f8rer, listet vi opp alle.<\/p>\n<p>For byer der vi satt igjen med mer enn 17 spedit\u00f8rer, gjorde vi ytterligere endringer ved enten \u00e5 \u00f8ke kravet til poengsum (f.eks. fra minimum 2,0 til 4,0) og\/eller \u00f8ke kravet til antall anmeldelser (f.eks. fra minst 1 anmeldelse til minst 10).<\/p>\n<p>Merk at vi kun har brukt data fra Google Maps og ikke andre tredjeparts nettsteder.<\/p>\n<p>Flere byer:<\/p>\n<p><a href=\"https:\/\/moverdb.com\/nb\/speditor\/freight-forwarding-uk\/wythenshawe-freight-forwarder\/\">Wythenshawe spedit\u00f8r<\/a><br \/><a href=\"https:\/\/moverdb.com\/nb\/speditor\/freight-forwarding-uk\/barnsley-freight-forwarder\/\">Barnsley Spedit\u00f8r<\/a><br \/><a href=\"https:\/\/moverdb.com\/nb\/speditor\/freight-forwarding-uk\/yeovil-freight-forwarder\/\">Yeovil Spedit\u00f8r<\/a><br \/><a href=\"https:\/\/moverdb.com\/nb\/speditor\/freight-forwarding-uk\/saffron-walden-freight-forwarder\/\">Spedit\u00f8r i Saffron Walden<\/a><br \/><a href=\"https:\/\/moverdb.com\/nb\/speditor\/freight-forwarding-uk\/saint-leonards-on-sea-freight-forwarder\/\">Saint Leonards-on-Sea spedit\u00f8r<\/a><\/p>","protected":false},"excerpt":{"rendered":"<p>Below we look at the 1 &#8220;best&#8221; Freight Forwarding companies in Ruislip out of 1. To learn more about how we chose the best please consult our FAQ section at the end. Please not the following listings are in no particular order and we are not making any recommendations for any particular company. J &#038; [&hellip;]<\/p>\n","protected":false},"author":1,"featured_media":0,"parent":13427,"menu_order":0,"comment_status":"open","ping_status":"open","template":"","meta":{"_genesis_hide_title":false,"_genesis_hide_breadcrumbs":false,"_genesis_hide_singular_image":false,"_genesis_hide_footer_widgets":false,"_genesis_custom_body_class":"","_genesis_custom_post_class":"","_genesis_layout":"","footnotes":""},"class_list":{"0":"post-14482","1":"page","2":"type-page","3":"status-publish","5":"entry"},"_links":{"self":[{"href":"https:\/\/moverdb.com\/nb\/wp-json\/wp\/v2\/pages\/14482","targetHints":{"allow":["GET"]}}],"collection":[{"href":"https:\/\/moverdb.com\/nb\/wp-json\/wp\/v2\/pages"}],"about":[{"href":"https:\/\/moverdb.com\/nb\/wp-json\/wp\/v2\/types\/page"}],"author":[{"embeddable":true,"href":"https:\/\/moverdb.com\/nb\/wp-json\/wp\/v2\/users\/1"}],"replies":[{"embeddable":true,"href":"https:\/\/moverdb.com\/nb\/wp-json\/wp\/v2\/comments?post=14482"}],"version-history":[{"count":1,"href":"https:\/\/moverdb.com\/nb\/wp-json\/wp\/v2\/pages\/14482\/revisions"}],"predecessor-version":[{"id":15628,"href":"https:\/\/moverdb.com\/nb\/wp-json\/wp\/v2\/pages\/14482\/revisions\/15628"}],"up":[{"embeddable":true,"href":"https:\/\/moverdb.com\/nb\/wp-json\/wp\/v2\/pages\/13427"}],"wp:attachment":[{"href":"https:\/\/moverdb.com\/nb\/wp-json\/wp\/v2\/media?parent=14482"}],"curies":[{"name":"wp","href":"https:\/\/api.w.org\/{rel}","templated":true}]}}