{"id":14416,"date":"2023-11-08T15:56:48","date_gmt":"2023-11-08T15:56:48","guid":{"rendered":"https:\/\/moverdb.com\/freight-forwarder\/freight-forwarding-uk\/hertford-freight-forwarder\/"},"modified":"2026-01-08T14:51:42","modified_gmt":"2026-01-08T14:51:42","slug":"hertford-freight-forwarder","status":"publish","type":"page","link":"https:\/\/moverdb.com\/nb\/freight-forwarder\/freight-forwarding-uk\/hertford-freight-forwarder\/","title":{"rendered":"1 beste spedisjonsfirmaer i Hertford (2024)"},"content":{"rendered":"<p>Nedenfor ser vi p\u00e5 1 <em>\"best\"<\/em> Spedisjonsfirmaer i Hertford av 2.<\/p>\n<p>Hvis du vil vite mer om hvordan vi har valgt ut de beste, kan du lese mer i FAQ-delen til slutt.<\/p>\n<p><em>V\u00e6r oppmerksom p\u00e5 at listene nedenfor ikke kommer i noen bestemt rekkef\u00f8lge, og at vi ikke anbefaler noen bestemte selskaper.<\/em><\/p>\n<h2>MATTHEWS HAULAGE LTD<\/h2>\n<p><img decoding=\"async\" src=\"https:\/\/moverdb.com\/wp-content\/uploads\/AF1QipPwh_X9ZHgiMWLtp7OUwS2ViaYQBJWPuuf2ncbHw408-h306-k-no.jpg\" alt='MATTHEWS HAULAGE LTD' class=\"aligncenter\"><\/p>\n<p><strong>Beskrivelse fra virksomheten: <\/strong>Hvis du er et B2B-produktselskap med base i Hertfordshire som distribuerer produkter over hele landet, og som \u00f8nsker \u00e5 forbedre kundeservice, lageromsetning og l\u00f8nnsomhet, men for \u00f8yeblikket er misforn\u00f8yd.<\/p>\n<p> Du kan stole p\u00e5 <a href=\"https:\/\/moverdb.com\/nb\/moving-to-the-united-states\/\" data-internallinksmanager029f6b8e52c=\"94\" title=\"Flytte til USA? 2023 Levekostnader og flyttetips\">oss<\/a>.<\/p>\n<p>Matthews Haulage Ltd ble etablert i 1975 og har holdt til i Hertford siden 1977.<\/p>\n<p>Matthews Haulage Ltd har utviklet seg til det \"Rolls Royce\"-selskapet det er i dag.<\/p>\n<p> Vi er stolte av \u00e5 gj\u00f8re det lille ekstra for \u00e5 sikre at alle v\u00e5re sm\u00e5 og store kunder er forn\u00f8yde.<\/p>\n<p> Vi tilbyr f\u00f8rsteklasses service til en konkurransedyktig pris med en moderne, smart bilpark og smarte, samvittighetsfulle sj\u00e5f\u00f8rer.<\/p>\n<p> Vi har en sv\u00e6rt motivert ledergruppe som hjelper deg med alt du trenger, slik at du nesten ikke trenger \u00e5 tenke selv!<\/p>\n<p><strong>Tilleggstjenester:<\/strong><\/p>\n<p>Ingen oppf\u00f8rt<\/p>\n<p><strong>Adresse:<\/strong> Mead Ln, Hertford SG13 7AX<\/p>\n<p><a href=\"http:\/\/www.matthewshaulage.co.uk\/\" target=\"_new\" rel=\"noopener\">MATTHEWS HAULAGE LTD nettsted<\/a><\/p>\n<p><strong>Vurderingspoeng: <\/strong>4.9<br \/> <strong>Antall anmeldelser:<\/strong> 10<br \/><a href=\"https:\/\/www.google.co.uk\/maps?cid=15518358092684340918&#038;hl=en&#038;gl=GB\" target=\"_new\" rel=\"noopener\">Les anmeldelser<\/a><\/p>\n<h2>Hvordan vi valgte ut de beste spedisjonsselskapene i Hertford<\/h2>\n<p>Vi tok utgangspunkt i et datasett med 2 spedisjonsfirmaer i Hertford som vi kunne finne via Google Maps, og snevret det inn til de 1 beste.<\/p>\n<p>For \u00e5 gj\u00f8re dette fjernet vi alle selskaper som:<\/p>\n<ul>\n<li> Hadde ikke noe nettsted<\/li>\n<li> Hadde ingen anmeldelser<\/li>\n<li> Hadde en gjennomsnittlig vurderingsscore p\u00e5 under 2,0<\/li>\n<\/ul>\n<p>Hvis vi p\u00e5 dette tidspunktet hadde 17 eller f\u00e6rre spedit\u00f8rer, listet vi opp alle.<\/p>\n<p>For byer der vi satt igjen med mer enn 17 spedit\u00f8rer, gjorde vi ytterligere endringer ved enten \u00e5 \u00f8ke kravet til poengsum (f.eks. fra minimum 2,0 til 4,0) og\/eller \u00f8ke kravet til antall anmeldelser (f.eks. fra minst 1 anmeldelse til minst 10).<\/p>\n<p>Merk at vi kun har brukt data fra Google Maps og ikke andre tredjeparts nettsteder.<\/p>\n<p>Flere byer:<\/p>\n<p><a href=\"https:\/\/moverdb.com\/nb\/speditor\/freight-forwarding-uk\/edenbridge-freight-forwarder\/\">Edenbridge Spedit\u00f8r<\/a><br \/><a href=\"https:\/\/moverdb.com\/nb\/speditor\/freight-forwarding-uk\/towcester-freight-forwarder\/\">Towcester Spedit\u00f8r<\/a><br \/><a href=\"https:\/\/moverdb.com\/nb\/speditor\/freight-forwarding-uk\/pulborough-freight-forwarder\/\">Pulborough spedit\u00f8r<\/a><br \/><a href=\"https:\/\/moverdb.com\/nb\/speditor\/freight-forwarding-uk\/upminster-freight-forwarder\/\">Upminster Spedit\u00f8r<\/a><br \/><a href=\"https:\/\/moverdb.com\/nb\/speditor\/freight-forwarding-uk\/bala-freight-forwarder\/\">Bala Spedit\u00f8r<\/a><\/p>","protected":false},"excerpt":{"rendered":"<p>Below we look at the 1 &#8220;best&#8221; Freight Forwarding companies in Hertford out of 2. To learn more about how we chose the best please consult our FAQ section at the end. Please not the following listings are in no particular order and we are not making any recommendations for any particular company. MATTHEWS HAULAGE [&hellip;]<\/p>\n","protected":false},"author":1,"featured_media":0,"parent":13427,"menu_order":0,"comment_status":"open","ping_status":"open","template":"","meta":{"_genesis_hide_title":false,"_genesis_hide_breadcrumbs":false,"_genesis_hide_singular_image":false,"_genesis_hide_footer_widgets":false,"_genesis_custom_body_class":"","_genesis_custom_post_class":"","_genesis_layout":"","footnotes":""},"class_list":{"0":"post-14416","1":"page","2":"type-page","3":"status-publish","5":"entry"},"_links":{"self":[{"href":"https:\/\/moverdb.com\/nb\/wp-json\/wp\/v2\/pages\/14416","targetHints":{"allow":["GET"]}}],"collection":[{"href":"https:\/\/moverdb.com\/nb\/wp-json\/wp\/v2\/pages"}],"about":[{"href":"https:\/\/moverdb.com\/nb\/wp-json\/wp\/v2\/types\/page"}],"author":[{"embeddable":true,"href":"https:\/\/moverdb.com\/nb\/wp-json\/wp\/v2\/users\/1"}],"replies":[{"embeddable":true,"href":"https:\/\/moverdb.com\/nb\/wp-json\/wp\/v2\/comments?post=14416"}],"version-history":[{"count":1,"href":"https:\/\/moverdb.com\/nb\/wp-json\/wp\/v2\/pages\/14416\/revisions"}],"predecessor-version":[{"id":15586,"href":"https:\/\/moverdb.com\/nb\/wp-json\/wp\/v2\/pages\/14416\/revisions\/15586"}],"up":[{"embeddable":true,"href":"https:\/\/moverdb.com\/nb\/wp-json\/wp\/v2\/pages\/13427"}],"wp:attachment":[{"href":"https:\/\/moverdb.com\/nb\/wp-json\/wp\/v2\/media?parent=14416"}],"curies":[{"name":"wp","href":"https:\/\/api.w.org\/{rel}","templated":true}]}}