{"id":14390,"date":"2023-11-08T15:56:30","date_gmt":"2023-11-08T15:56:30","guid":{"rendered":"https:\/\/moverdb.com\/freight-forwarder\/freight-forwarding-uk\/pontypool-freight-forwarder\/"},"modified":"2026-01-08T14:52:16","modified_gmt":"2026-01-08T14:52:16","slug":"pontypool-freight-forwarder","status":"publish","type":"page","link":"https:\/\/moverdb.com\/nb\/freight-forwarder\/freight-forwarding-uk\/pontypool-freight-forwarder\/","title":{"rendered":"1 beste spedisjonsselskaper i Pontypool (2024)"},"content":{"rendered":"<p>Nedenfor ser vi p\u00e5 1 <em>\"best\"<\/em> Spedisjonsfirmaer i Pontypool av 1.<\/p>\n<p>Hvis du vil vite mer om hvordan vi har valgt ut de beste, kan du lese mer i FAQ-delen til slutt.<\/p>\n<p><em>V\u00e6r oppmerksom p\u00e5 at listene nedenfor ikke kommer i noen bestemt rekkef\u00f8lge, og at vi ikke anbefaler noen bestemte selskaper.<\/em><\/p>\n<h2>L\u00f8sninger for godslogistikk<\/h2>\n<p><img decoding=\"async\" src=\"https:\/\/moverdb.com\/wp-content\/uploads\/AF1QipNQ3vzrUc4bAQ-xfDZQk9n0gwB30l2Ue76CTmz0w408-h306-k-no.jpg\" alt='L\u00f8sninger for godslogistikk' class=\"aligncenter\"><\/p>\n<p><strong>Beskrivelse fra virksomheten: <\/strong>FLS er en av Storbritannias ledende digitale spedit\u00f8rer \/ supply chain management.<\/p>\n<p> FLS tilbyr logistikkl\u00f8sninger som er basert p\u00e5 arbeidsbakgrunn og ekspertise innen drift, forsyningskjede og godslogistikk - med det endelige forretningsform\u00e5let \u00e5 forbedre kundenes transportserviceniv\u00e5er og samtidig redusere kostnadene.<\/p>\n<p>FLS har et stort globalt nettverk av foretrukne leverand\u00f8rer og kvalitetstransport\u00f8rer, noe som betyr at du f\u00e5r bedre tilgjengelighet, sikkerhet, garanterte serviceniv\u00e5er, st\u00f8rre fleksibilitet, sporbarhet og tidsbestemte leveranser.<\/p>\n<p>FLS tilbyr en rekke tjenester som passer alle kunders behov for godsh\u00e5ndtering, fra sporadisk transport til toll og en komplett, outsourcet l\u00f8sning for transportadministrasjon p\u00e5 stedet.<\/p>\n<p><strong>Tilleggstjenester:<\/strong><\/p>\n<p>Kurertjeneste<\/p>\n<p>Tollmegler<\/p>\n<p>Tollkonsulent<\/p>\n<p>Leveringstjeneste<\/p>\n<p>Logistikk<\/p>\n<p>Transporttjeneste<\/p>\n<p>Lastebilselskap<\/p>\n<p><strong>Adresse:<\/strong> Skewfields, Lower Mill, Pontypool NP4 0XZ<\/p>\n<p><a href=\"http:\/\/www.freightlogisticssolutions.co.uk\/\" target=\"_new\" rel=\"noopener\">Freight Logistics Solutions nettsted<\/a><\/p>\n<p><strong>Vurderingspoeng: <\/strong>4.1<br \/> <strong>Antall anmeldelser:<\/strong> 33<br \/><a href=\"https:\/\/www.google.co.uk\/maps?cid=7228317167136296428&#038;hl=en&#038;gl=GB\" target=\"_new\" rel=\"noopener\">Les anmeldelser<\/a><\/p>\n<h2>Hvordan vi valgte ut de beste spedisjonsfirmaene i Pontypool<\/h2>\n<p>Vi startet med et datasett p\u00e5 1 spedisjonsfirmaer i Pontypool som vi kunne finne via Google Maps, og begrenset det til de 1 beste.<\/p>\n<p>For \u00e5 gj\u00f8re dette fjernet vi alle selskaper som:<\/p>\n<ul>\n<li> Hadde ikke noe nettsted<\/li>\n<li> Hadde ingen anmeldelser<\/li>\n<li> Hadde en gjennomsnittlig vurderingsscore p\u00e5 under 2,0<\/li>\n<\/ul>\n<p>Hvis vi p\u00e5 dette tidspunktet hadde 17 eller f\u00e6rre spedit\u00f8rer, listet vi opp alle.<\/p>\n<p>For byer der vi satt igjen med mer enn 17 spedit\u00f8rer, gjorde vi ytterligere endringer ved enten \u00e5 \u00f8ke kravet til poengsum (f.eks. fra minimum 2,0 til 4,0) og\/eller \u00f8ke kravet til antall anmeldelser (f.eks. fra minst 1 anmeldelse til minst 10).<\/p>\n<p>Merk at vi kun har brukt data fra Google Maps og ikke andre tredjeparts nettsteder.<\/p>\n<p>Flere byer:<\/p>\n<p><a href=\"https:\/\/moverdb.com\/nb\/speditor\/freight-forwarding-uk\/stourbridge-freight-forwarder\/\">Stourbridge Spedit\u00f8r<\/a><br \/><a href=\"https:\/\/moverdb.com\/nb\/speditor\/freight-forwarding-uk\/bourne-end-freight-forwarder\/\">Bourne End Spedit\u00f8r<\/a><br \/><a href=\"https:\/\/moverdb.com\/nb\/speditor\/freight-forwarding-uk\/hartlepool-freight-forwarder\/\">Hartlepool Spedit\u00f8r<\/a><br \/><a href=\"https:\/\/moverdb.com\/nb\/speditor\/freight-forwarding-uk\/dudley-freight-forwarder\/\">Dudley Spedit\u00f8r<\/a><br \/><a href=\"https:\/\/moverdb.com\/nb\/speditor\/freight-forwarding-uk\/andover-freight-forwarder\/\">Andover Spedit\u00f8r<\/a><\/p>","protected":false},"excerpt":{"rendered":"<p>Below we look at the 1 &#8220;best&#8221; Freight Forwarding companies in Pontypool out of 1. To learn more about how we chose the best please consult our FAQ section at the end. Please not the following listings are in no particular order and we are not making any recommendations for any particular company. Freight Logistics [&hellip;]<\/p>\n","protected":false},"author":1,"featured_media":0,"parent":13427,"menu_order":0,"comment_status":"open","ping_status":"open","template":"","meta":{"_genesis_hide_title":false,"_genesis_hide_breadcrumbs":false,"_genesis_hide_singular_image":false,"_genesis_hide_footer_widgets":false,"_genesis_custom_body_class":"","_genesis_custom_post_class":"","_genesis_layout":"","footnotes":""},"class_list":{"0":"post-14390","1":"page","2":"type-page","3":"status-publish","5":"entry"},"_links":{"self":[{"href":"https:\/\/moverdb.com\/nb\/wp-json\/wp\/v2\/pages\/14390","targetHints":{"allow":["GET"]}}],"collection":[{"href":"https:\/\/moverdb.com\/nb\/wp-json\/wp\/v2\/pages"}],"about":[{"href":"https:\/\/moverdb.com\/nb\/wp-json\/wp\/v2\/types\/page"}],"author":[{"embeddable":true,"href":"https:\/\/moverdb.com\/nb\/wp-json\/wp\/v2\/users\/1"}],"replies":[{"embeddable":true,"href":"https:\/\/moverdb.com\/nb\/wp-json\/wp\/v2\/comments?post=14390"}],"version-history":[{"count":1,"href":"https:\/\/moverdb.com\/nb\/wp-json\/wp\/v2\/pages\/14390\/revisions"}],"predecessor-version":[{"id":15618,"href":"https:\/\/moverdb.com\/nb\/wp-json\/wp\/v2\/pages\/14390\/revisions\/15618"}],"up":[{"embeddable":true,"href":"https:\/\/moverdb.com\/nb\/wp-json\/wp\/v2\/pages\/13427"}],"wp:attachment":[{"href":"https:\/\/moverdb.com\/nb\/wp-json\/wp\/v2\/media?parent=14390"}],"curies":[{"name":"wp","href":"https:\/\/api.w.org\/{rel}","templated":true}]}}