{"id":14327,"date":"2023-11-08T15:56:13","date_gmt":"2023-11-08T15:56:13","guid":{"rendered":"https:\/\/moverdb.com\/freight-forwarder\/freight-forwarding-uk\/cupar-freight-forwarder\/"},"modified":"2026-01-08T14:51:22","modified_gmt":"2026-01-08T14:51:22","slug":"cupar-freight-forwarder","status":"publish","type":"page","link":"https:\/\/moverdb.com\/nb\/freight-forwarder\/freight-forwarding-uk\/cupar-freight-forwarder\/","title":{"rendered":"1 Beste spedisjonsselskaper i Cupar (2024)"},"content":{"rendered":"<p>Nedenfor ser vi p\u00e5 1 <em>\"best\"<\/em> Spedisjonsfirmaer i Cupar av 1.<\/p>\n<p>Hvis du vil vite mer om hvordan vi har valgt ut de beste, kan du lese mer i FAQ-delen til slutt.<\/p>\n<p><em>V\u00e6r oppmerksom p\u00e5 at listene nedenfor ikke kommer i noen bestemt rekkef\u00f8lge, og at vi ikke anbefaler noen bestemte selskaper.<\/em><\/p>\n<h2>Korallfrakt<\/h2>\n<p><img decoding=\"async\" src=\"https:\/\/moverdb.com\/wp-content\/uploads\/AF1QipO2DkXIxcwSFK4vYAreTAZ6yIcPbb09h_NJp5ZLw600-h240-k-no.jpg\" alt='Korallfrakt' class=\"aligncenter\"><\/p>\n<p><strong>Beskrivelse fra virksomheten: <\/strong>Daglige avganger med full last og regelmessige stykkgodsavganger mellom <a href=\"https:\/\/moverdb.com\/nb\/moving-to-the-uk\/\" data-internallinksmanager029f6b8e52c=\"93\" title=\"Flytte til Storbritannia? 2023 Levekostnader og flyttetips\">STORBRITANNIA<\/a>, <a href=\"https:\/\/moverdb.com\/nb\/moving-to-ireland\/\" data-internallinksmanager029f6b8e52c=\"320\" title=\"Flytte til Irland? 2023 Levekostnader og flyttetips\">Irland<\/a> og <a href=\"https:\/\/moverdb.com\/nb\/moving-to-turkey\/\" data-internallinksmanager029f6b8e52c=\"359\" title=\"Flytter du til Tyrkia? 2023 Levekostnader og flyttetips\">Tyrkia<\/a>.<\/p>\n<p>Vi har kunder i hele Storbritannia, Irland og Tyrkia, og vi er stolte av \u00e5 kunne tilby en vennlig og p\u00e5litelig service som er tilpasset hver enkelt kundes unike behov.<\/p>\n<p><strong>Tilleggstjenester:<\/strong><\/p>\n<p>Tollmegler<\/p>\n<p>Logistikk<\/p>\n<p>Transporttjeneste<\/p>\n<p><strong>Adresse:<\/strong> Enhet 3.2, The Granary Business Centre, Coal Rd, Cupar KY15 5YQ<\/p>\n<p><a href=\"https:\/\/www.coralfreight.co.uk\/\" target=\"_new\" rel=\"noopener\">Coral Freights nettsted<\/a><\/p>\n<p><strong>Vurderingspoeng: <\/strong>3<br \/> <strong>Antall anmeldelser:<\/strong> 2<br \/><a href=\"https:\/\/www.google.co.uk\/maps?cid=16976310013836332905&#038;hl=en&#038;gl=GB\" target=\"_new\" rel=\"noopener\">Les anmeldelser<\/a><\/p>\n<h2>Slik har vi valgt ut de beste spedisjonsselskapene i Cupar<\/h2>\n<p>Vi startet med et datasett p\u00e5 1 spedisjonsfirmaer i Cupar som vi kunne finne via Google Maps, og snevret det inn til de 1 beste.<\/p>\n<p>For \u00e5 gj\u00f8re dette fjernet vi alle selskaper som:<\/p>\n<ul>\n<li> Hadde ikke noe nettsted<\/li>\n<li> Hadde ingen anmeldelser<\/li>\n<li> Hadde en gjennomsnittlig vurderingsscore p\u00e5 under 2,0<\/li>\n<\/ul>\n<p>Hvis vi p\u00e5 dette tidspunktet hadde 17 eller f\u00e6rre spedit\u00f8rer, listet vi opp alle.<\/p>\n<p>For byer der vi satt igjen med mer enn 17 spedit\u00f8rer, gjorde vi ytterligere endringer ved enten \u00e5 \u00f8ke kravet til poengsum (f.eks. fra minimum 2,0 til 4,0) og\/eller \u00f8ke kravet til antall anmeldelser (f.eks. fra minst 1 anmeldelse til minst 10).<\/p>\n<p>Merk at vi kun har brukt data fra Google Maps og ikke andre tredjeparts nettsteder.<\/p>\n<p>Flere byer:<\/p>\n<p><a href=\"https:\/\/moverdb.com\/nb\/speditor\/freight-forwarding-uk\/wythenshawe,-freight-forwarder\/\">Wythenshawe, Spedit\u00f8r<\/a><br \/><a href=\"https:\/\/moverdb.com\/nb\/speditor\/freight-forwarding-uk\/bishop%26\/#039;s-stortford-freight-forwarder\/\">Spedit\u00f8r i Bishop's Stortford<\/a><br \/><a href=\"https:\/\/moverdb.com\/nb\/speditor\/freight-forwarding-uk\/saint-neots-freight-forwarder\/\">Saint Neots Spedit\u00f8r<\/a><br \/><a href=\"https:\/\/moverdb.com\/nb\/speditor\/freight-forwarding-uk\/blackburn-freight-forwarder\/\">Blackburn Spedit\u00f8r<\/a><br \/><a href=\"https:\/\/moverdb.com\/nb\/speditor\/freight-forwarding-uk\/fordingbridge-freight-forwarder\/\">Fordingbridge Spedit\u00f8r<\/a><\/p>","protected":false},"excerpt":{"rendered":"<p>Below we look at the 1 &#8220;best&#8221; Freight Forwarding companies in Cupar out of 1. To learn more about how we chose the best please consult our FAQ section at the end. Please not the following listings are in no particular order and we are not making any recommendations for any particular company. Coral Freight [&hellip;]<\/p>\n","protected":false},"author":1,"featured_media":0,"parent":13427,"menu_order":0,"comment_status":"open","ping_status":"open","template":"","meta":{"_genesis_hide_title":false,"_genesis_hide_breadcrumbs":false,"_genesis_hide_singular_image":false,"_genesis_hide_footer_widgets":false,"_genesis_custom_body_class":"","_genesis_custom_post_class":"","_genesis_layout":"","footnotes":""},"class_list":{"0":"post-14327","1":"page","2":"type-page","3":"status-publish","5":"entry"},"_links":{"self":[{"href":"https:\/\/moverdb.com\/nb\/wp-json\/wp\/v2\/pages\/14327","targetHints":{"allow":["GET"]}}],"collection":[{"href":"https:\/\/moverdb.com\/nb\/wp-json\/wp\/v2\/pages"}],"about":[{"href":"https:\/\/moverdb.com\/nb\/wp-json\/wp\/v2\/types\/page"}],"author":[{"embeddable":true,"href":"https:\/\/moverdb.com\/nb\/wp-json\/wp\/v2\/users\/1"}],"replies":[{"embeddable":true,"href":"https:\/\/moverdb.com\/nb\/wp-json\/wp\/v2\/comments?post=14327"}],"version-history":[{"count":1,"href":"https:\/\/moverdb.com\/nb\/wp-json\/wp\/v2\/pages\/14327\/revisions"}],"predecessor-version":[{"id":15566,"href":"https:\/\/moverdb.com\/nb\/wp-json\/wp\/v2\/pages\/14327\/revisions\/15566"}],"up":[{"embeddable":true,"href":"https:\/\/moverdb.com\/nb\/wp-json\/wp\/v2\/pages\/13427"}],"wp:attachment":[{"href":"https:\/\/moverdb.com\/nb\/wp-json\/wp\/v2\/media?parent=14327"}],"curies":[{"name":"wp","href":"https:\/\/api.w.org\/{rel}","templated":true}]}}