{"id":14290,"date":"2023-11-08T15:55:55","date_gmt":"2023-11-08T15:55:55","guid":{"rendered":"https:\/\/moverdb.com\/freight-forwarder\/freight-forwarding-uk\/coulsdon-freight-forwarder\/"},"modified":"2026-01-08T14:51:17","modified_gmt":"2026-01-08T14:51:17","slug":"coulsdon-freight-forwarder","status":"publish","type":"page","link":"https:\/\/moverdb.com\/nb\/freight-forwarder\/freight-forwarding-uk\/coulsdon-freight-forwarder\/","title":{"rendered":"1 beste spedisjonsselskaper i Coulsdon (2024)"},"content":{"rendered":"<p>Nedenfor ser vi p\u00e5 1 <em>\"best\"<\/em> Spedisjonsfirmaer i Coulsdon av 1.<\/p>\n<p>Hvis du vil vite mer om hvordan vi har valgt ut de beste, kan du lese mer i FAQ-delen til slutt.<\/p>\n<p><em>V\u00e6r oppmerksom p\u00e5 at listene nedenfor ikke kommer i noen bestemt rekkef\u00f8lge, og at vi ikke anbefaler noen bestemte selskaper.<\/em><\/p>\n<h2>JPN SHIPPING LTD<\/h2>\n<p><img decoding=\"async\" src=\"https:\/\/moverdb.com\/wp-content\/uploads\/AF1QipMoldjk_rL_iC91pZ1xMB1PvFB8c02voII51_ezw408-h544-k-no.jpg\" alt='JPN SHIPPING LTD' class=\"aligncenter\"><\/p>\n<p><strong>Beskrivelse fra virksomheten: <\/strong>Umiddelbare ekspressdokumenter er tilgjengelig over hele landet, henting samme dag og raskest mulig flyforbindelse til destinasjonen til beste pris.<\/p>\n<p><a href=\"https:\/\/moverdb.com\/nb\/moving-to-india\/\" data-internallinksmanager029f6b8e52c=\"356\" title=\"Flytter du til India? 2023 Levekostnader og flyttetips\">India<\/a> Service Air &amp; Sea Door to <a href=\"https:\/\/moverdb.com\/nb\/top-49-container-ports\/\" data-internallinksmanager029f6b8e52c=\"80\" title=\"De 49 st\u00f8rste og travleste containerhavnene i 2025\">Port<\/a> og d\u00f8r til d\u00f8r.<\/p>\n<p>Vi bist\u00e5r med import fra India til <a href=\"https:\/\/moverdb.com\/nb\/moving-to-the-uk\/\" data-internallinksmanager029f6b8e52c=\"93\" title=\"Flytte til Storbritannia? 2023 Levekostnader og flyttetips\">STORBRITANNIA<\/a>, via fly og sj\u00f8.<\/p>\n<p>(delsendinger og hele containerlaster)<\/p>\n<p>Tollklarering i alle havner (luft-\/sj\u00f8-\/EU-import via vei), og vi kan ogs\u00e5 hjelpe deg med umiddelbar fjerning fra tollageret n\u00e5r det er tollklarert, slik at du unng\u00e5r h\u00f8ye lagringsavgifter p\u00e5 tollageret.<\/p>\n<p>Spesialpriser er tilgjengelige for importcontainere fra alle havner.<\/p>\n<p> Denne tjenesten er tilgjengelig 24\/7.<\/p>\n<p>Flyttetjenester i innlandet, EU og globalt, spesialtjenester tilgjengelig for EU, <a href=\"https:\/\/moverdb.com\/nb\/moving-to-canada\/\" data-internallinksmanager029f6b8e52c=\"265\" title=\"Flytte til Canada? 2023 Levekostnader og tips om flytting\">Canada<\/a> og <a href=\"https:\/\/moverdb.com\/nb\/moving-to-australia\/living-in-australia\/\" data-internallinksmanager029f6b8e52c=\"240\" title=\"21 hemmeligheter om \u00e5 bo i Australia for \u00e5 vite f\u00f8r du flytter\">Australia<\/a> som End to End-basis.<\/p>\n<p><strong>Tilleggstjenester:<\/strong><\/p>\n<p>Ingen oppf\u00f8rt<\/p>\n<p><strong>Adresse:<\/strong> UNIT A2C, Redlands, Coulsdon CR5 2HT<\/p>\n<p><a href=\"http:\/\/www.jpnshippingltd.co.uk\/\" target=\"_new\" rel=\"noopener\">JPN SHIPPING LTD nettsted<\/a><\/p>\n<p><strong>Vurderingspoeng: <\/strong>2.3<br \/> <strong>Antall anmeldelser:<\/strong> 29<br \/><a href=\"https:\/\/www.google.co.uk\/maps?cid=5163057026181300812&#038;hl=en&#038;gl=GB\" target=\"_new\" rel=\"noopener\">Les anmeldelser<\/a><\/p>\n<h2>Hvordan vi valgte ut de beste spedisjonsselskapene i Coulsdon<\/h2>\n<p>Vi startet med et datasett p\u00e5 1 spedisjonsfirmaer i Coulsdon som vi kunne finne via Google Maps, og snevret det inn til de 1 beste.<\/p>\n<p>For \u00e5 gj\u00f8re dette fjernet vi alle selskaper som:<\/p>\n<ul>\n<li> Hadde ikke noe nettsted<\/li>\n<li> Hadde ingen anmeldelser<\/li>\n<li> Hadde en gjennomsnittlig vurderingsscore p\u00e5 under 2,0<\/li>\n<\/ul>\n<p>Hvis vi p\u00e5 dette tidspunktet hadde 17 eller f\u00e6rre spedit\u00f8rer, listet vi opp alle.<\/p>\n<p>For byer der vi satt igjen med mer enn 17 spedit\u00f8rer, gjorde vi ytterligere endringer ved enten \u00e5 \u00f8ke kravet til poengsum (f.eks. fra minimum 2,0 til 4,0) og\/eller \u00f8ke kravet til antall anmeldelser (f.eks. fra minst 1 anmeldelse til minst 10).<\/p>\n<p>Merk at vi kun har brukt data fra Google Maps og ikke andre tredjeparts nettsteder.<\/p>\n<p>Flere byer:<\/p>\n<p><a href=\"https:\/\/moverdb.com\/nb\/speditor\/freight-forwarding-uk\/telford-freight-forwarder\/\">Telford Spedit\u00f8r<\/a><br \/><a href=\"https:\/\/moverdb.com\/nb\/speditor\/freight-forwarding-uk\/bilston-freight-forwarder\/\">Bilston Spedit\u00f8r<\/a><br \/><a href=\"https:\/\/moverdb.com\/nb\/speditor\/freight-forwarding-uk\/thornton-cleveleys-freight-forwarder\/\">Spedit\u00f8r i Thornton-Cleveleys<\/a><br \/><a href=\"https:\/\/moverdb.com\/nb\/speditor\/freight-forwarding-uk\/cradley-heath-freight-forwarder\/\">Spedit\u00f8r i Cradley Heath<\/a><br \/><a href=\"https:\/\/moverdb.com\/nb\/speditor\/freight-forwarding-uk\/twickenham-freight-forwarder\/\">Twickenham spedit\u00f8r<\/a><\/p>","protected":false},"excerpt":{"rendered":"<p>Below we look at the 1 &#8220;best&#8221; Freight Forwarding companies in Coulsdon out of 1. To learn more about how we chose the best please consult our FAQ section at the end. Please not the following listings are in no particular order and we are not making any recommendations for any particular company. JPN SHIPPING [&hellip;]<\/p>\n","protected":false},"author":1,"featured_media":0,"parent":13427,"menu_order":0,"comment_status":"open","ping_status":"open","template":"","meta":{"_genesis_hide_title":false,"_genesis_hide_breadcrumbs":false,"_genesis_hide_singular_image":false,"_genesis_hide_footer_widgets":false,"_genesis_custom_body_class":"","_genesis_custom_post_class":"","_genesis_layout":"","footnotes":""},"class_list":{"0":"post-14290","1":"page","2":"type-page","3":"status-publish","5":"entry"},"_links":{"self":[{"href":"https:\/\/moverdb.com\/nb\/wp-json\/wp\/v2\/pages\/14290","targetHints":{"allow":["GET"]}}],"collection":[{"href":"https:\/\/moverdb.com\/nb\/wp-json\/wp\/v2\/pages"}],"about":[{"href":"https:\/\/moverdb.com\/nb\/wp-json\/wp\/v2\/types\/page"}],"author":[{"embeddable":true,"href":"https:\/\/moverdb.com\/nb\/wp-json\/wp\/v2\/users\/1"}],"replies":[{"embeddable":true,"href":"https:\/\/moverdb.com\/nb\/wp-json\/wp\/v2\/comments?post=14290"}],"version-history":[{"count":1,"href":"https:\/\/moverdb.com\/nb\/wp-json\/wp\/v2\/pages\/14290\/revisions"}],"predecessor-version":[{"id":15562,"href":"https:\/\/moverdb.com\/nb\/wp-json\/wp\/v2\/pages\/14290\/revisions\/15562"}],"up":[{"embeddable":true,"href":"https:\/\/moverdb.com\/nb\/wp-json\/wp\/v2\/pages\/13427"}],"wp:attachment":[{"href":"https:\/\/moverdb.com\/nb\/wp-json\/wp\/v2\/media?parent=14290"}],"curies":[{"name":"wp","href":"https:\/\/api.w.org\/{rel}","templated":true}]}}