{"id":14260,"date":"2023-11-08T15:55:37","date_gmt":"2023-11-08T15:55:37","guid":{"rendered":"https:\/\/moverdb.com\/freight-forwarder\/freight-forwarding-uk\/selby-freight-forwarder\/"},"modified":"2026-01-08T14:54:38","modified_gmt":"2026-01-08T14:54:38","slug":"selby-freight-forwarder","status":"publish","type":"page","link":"https:\/\/moverdb.com\/nb\/freight-forwarder\/freight-forwarding-uk\/selby-freight-forwarder\/","title":{"rendered":"1 De beste spedisjonsselskapene i Selby (2024)"},"content":{"rendered":"<p>Nedenfor ser vi p\u00e5 1 <em>\"best\"<\/em> Spedisjonsfirmaer i Selby av 2.<\/p>\n<p>Hvis du vil vite mer om hvordan vi har valgt ut de beste, kan du lese mer i FAQ-delen til slutt.<\/p>\n<p><em>V\u00e6r oppmerksom p\u00e5 at listene nedenfor ikke kommer i noen bestemt rekkef\u00f8lge, og at vi ikke anbefaler noen bestemte selskaper.<\/em><\/p>\n<h2>Viking Shipping Services Ltd<\/h2>\n<p><img decoding=\"async\" src=\"https:\/\/moverdb.com\/wp-content\/uploads\/AF1QipOvQOtrB8FRd503q_NOQf0X8anWwfc8aZVOnZpmw513-h240-k-no.jpg\" alt='Viking Shipping Services Ltd' class=\"aligncenter\"><\/p>\n<p><strong>Beskrivelse fra virksomheten: <\/strong>Viking Shipping Services Ltd startet sin virksomhet p\u00e5 1940-tallet med det spesifikke m\u00e5let \u00e5 tilby en omfattende spedisjons- og godsh\u00e5ndteringstjeneste.<\/p>\n<p> Med base i Selby, like ved M62 i North Yorkshire, har Viking Shipping en strategisk beliggenhet som legger til rette for en rekke tjenester for gods som ankommer b\u00e5de p\u00e5 vei og sj\u00f8.<\/p>\n<p> Med et 40 000 kvadratmeter stort lager og et team av erfarne lagermedarbeidere har Viking Shipping utviklet en fleksibel tiln\u00e6rming til h\u00e5ndtering av bulk, pulver, v\u00e6ske og konvensjonell palle- og l\u00f8slast, og tilbyr lagring, lagerstyring og landsdekkende distribusjonstjenester.<\/p>\n<p><strong>Tilleggstjenester:<\/strong><\/p>\n<p>Leveringsselskap<\/p>\n<p><strong>Adresse:<\/strong> The Goods Yard, Ousegate, Selby YO8 8BL<\/p>\n<p><a href=\"http:\/\/www.vikingshipping.co.uk\/\" target=\"_new\" rel=\"noopener\">Viking Shipping Services Ltd nettsted<\/a><\/p>\n<p><strong>Vurderingspoeng: <\/strong>4.4<br \/> <strong>Antall anmeldelser:<\/strong> 30<br \/><a href=\"https:\/\/www.google.co.uk\/maps?cid=1529009490495546714&#038;hl=en&#038;gl=GB\" target=\"_new\" rel=\"noopener\">Les anmeldelser<\/a><\/p>\n<h2>Slik har vi valgt ut de beste spedisjonsselskapene i Selby<\/h2>\n<p>Vi startet med et datasett med 2 Selby spedisjonsfirmaer som vi kunne finne via Google Maps, og snevret det inn til de 1 beste.<\/p>\n<p>For \u00e5 gj\u00f8re dette fjernet vi alle selskaper som:<\/p>\n<ul>\n<li> Hadde ikke noe nettsted<\/li>\n<li> Hadde ingen anmeldelser<\/li>\n<li> Hadde en gjennomsnittlig vurderingsscore p\u00e5 under 2,0<\/li>\n<\/ul>\n<p>Hvis vi p\u00e5 dette tidspunktet hadde 17 eller f\u00e6rre spedit\u00f8rer, listet vi opp alle.<\/p>\n<p>For byer der vi satt igjen med mer enn 17 spedit\u00f8rer, gjorde vi ytterligere endringer ved enten \u00e5 \u00f8ke kravet til poengsum (f.eks. fra minimum 2,0 til 4,0) og\/eller \u00f8ke kravet til antall anmeldelser (f.eks. fra minst 1 anmeldelse til minst 10).<\/p>\n<p>Merk at vi kun har brukt data fra Google Maps og ikke andre tredjeparts nettsteder.<\/p>\n<p>Flere byer:<\/p>\n<p><a href=\"https:\/\/moverdb.com\/nb\/speditor\/freight-forwarding-uk\/cookstown-freight-forwarder\/\">Cookstown Spedit\u00f8r<\/a><br \/><a href=\"https:\/\/moverdb.com\/nb\/speditor\/freight-forwarding-uk\/goole-freight-forwarder\/\">Goole Spedit\u00f8r<\/a><br \/><a href=\"https:\/\/moverdb.com\/nb\/speditor\/freight-forwarding-uk\/ludlow-freight-forwarder\/\">Ludlow Spedit\u00f8r<\/a><br \/><a href=\"https:\/\/moverdb.com\/nb\/speditor\/freight-forwarding-uk\/skipton-freight-forwarder\/\">Skipton Spedit\u00f8r<\/a><br \/><a href=\"https:\/\/moverdb.com\/nb\/speditor\/freight-forwarding-uk\/corby-freight-forwarder\/\">Corby Spedit\u00f8r<\/a><\/p>","protected":false},"excerpt":{"rendered":"<p>Below we look at the 1 &#8220;best&#8221; Freight Forwarding companies in Selby out of 2. To learn more about how we chose the best please consult our FAQ section at the end. Please not the following listings are in no particular order and we are not making any recommendations for any particular company. Viking Shipping [&hellip;]<\/p>\n","protected":false},"author":1,"featured_media":0,"parent":13427,"menu_order":0,"comment_status":"open","ping_status":"open","template":"","meta":{"_genesis_hide_title":false,"_genesis_hide_breadcrumbs":false,"_genesis_hide_singular_image":false,"_genesis_hide_footer_widgets":false,"_genesis_custom_body_class":"","_genesis_custom_post_class":"","_genesis_layout":"","footnotes":""},"class_list":{"0":"post-14260","1":"page","2":"type-page","3":"status-publish","5":"entry"},"_links":{"self":[{"href":"https:\/\/moverdb.com\/nb\/wp-json\/wp\/v2\/pages\/14260","targetHints":{"allow":["GET"]}}],"collection":[{"href":"https:\/\/moverdb.com\/nb\/wp-json\/wp\/v2\/pages"}],"about":[{"href":"https:\/\/moverdb.com\/nb\/wp-json\/wp\/v2\/types\/page"}],"author":[{"embeddable":true,"href":"https:\/\/moverdb.com\/nb\/wp-json\/wp\/v2\/users\/1"}],"replies":[{"embeddable":true,"href":"https:\/\/moverdb.com\/nb\/wp-json\/wp\/v2\/comments?post=14260"}],"version-history":[{"count":1,"href":"https:\/\/moverdb.com\/nb\/wp-json\/wp\/v2\/pages\/14260\/revisions"}],"predecessor-version":[{"id":15634,"href":"https:\/\/moverdb.com\/nb\/wp-json\/wp\/v2\/pages\/14260\/revisions\/15634"}],"up":[{"embeddable":true,"href":"https:\/\/moverdb.com\/nb\/wp-json\/wp\/v2\/pages\/13427"}],"wp:attachment":[{"href":"https:\/\/moverdb.com\/nb\/wp-json\/wp\/v2\/media?parent=14260"}],"curies":[{"name":"wp","href":"https:\/\/api.w.org\/{rel}","templated":true}]}}