{"id":14226,"date":"2023-11-08T15:55:21","date_gmt":"2023-11-08T15:55:21","guid":{"rendered":"https:\/\/moverdb.com\/freight-forwarder\/freight-forwarding-uk\/leighton-buzzard-freight-forwarder\/"},"modified":"2026-01-08T14:51:57","modified_gmt":"2026-01-08T14:51:57","slug":"leighton-buzzard-freight-forwarder","status":"publish","type":"page","link":"https:\/\/moverdb.com\/nb\/freight-forwarder\/freight-forwarding-uk\/leighton-buzzard-freight-forwarder\/","title":{"rendered":"1 beste spedisjonsselskaper i Leighton Buzzard (2024)"},"content":{"rendered":"<p>Nedenfor ser vi p\u00e5 1 <em>\"best\"<\/em> Spedisjonsfirmaer i Leighton Buzzard av 1.<\/p>\n<p>Hvis du vil vite mer om hvordan vi har valgt ut de beste, kan du lese mer i FAQ-delen til slutt.<\/p>\n<p><em>V\u00e6r oppmerksom p\u00e5 at listene nedenfor ikke kommer i noen bestemt rekkef\u00f8lge, og at vi ikke anbefaler noen bestemte selskaper.<\/em><\/p>\n<h2>Hoveddistribusjon<\/h2>\n<p><img decoding=\"async\" src=\"https:\/\/moverdb.com\/wp-content\/uploads\/thumbnailpanoidnynD7cmgHFK3OFamRzv45wcb_clientsearch.gws-prod.gpsw408h240yaw334.jpg\" alt='Hoveddistribusjon' class=\"aligncenter\"><\/p>\n<p><strong>Beskrivelse fra virksomheten: <\/strong>Vi er verdensomspennende eksperter p\u00e5 spedisjon, distribusjon og flytting for private og profesjonelle virksomheter,<\/p>\n<p>Hvis du er p\u00e5 utkikk etter en komplett fortollingsl\u00f8sning, er Master Distribution her for deg! V\u00e5r kunnskap om fortollingsprosedyrer er uten sidestykke!<\/p>\n<p>Som en av Storbritannias raskest voksende meglere innen fortolling av b\u00e5de import- og eksportvarer og etterlevelse av tollregler, er vi opptatt av \u00e5 samarbeide med bedrifter som trenger v\u00e5r ekspertise for \u00e5 navigere i prosessene for import og eksport over hele verden. <a href=\"https:\/\/moverdb.com\/nb\/moving-to-the-uk\/\" data-internallinksmanager029f6b8e52c=\"93\" title=\"Flytte til Storbritannia? 2023 Levekostnader og flyttetips\">STORBRITANNIA<\/a>EU-grensen og utfylling av tolldeklarasjoner for varebevegelser.<\/p>\n<p><strong>Tilleggstjenester:<\/strong><\/p>\n<p>Ingen oppf\u00f8rt<\/p>\n<p><strong>Adresse:<\/strong> Youngs Industrial Est, Leighton Buzzard LU7 4QB<\/p>\n<p><a href=\"https:\/\/masterdistribution.co.uk\/\" target=\"_new\" rel=\"noopener\">Nettstedet til Master Distribution<\/a><\/p>\n<p><strong>Vurderingspoeng: <\/strong>5<br \/> <strong>Antall anmeldelser:<\/strong> 1<br \/><a href=\"https:\/\/www.google.co.uk\/maps?cid=7397430477284567153&#038;hl=en&#038;gl=GB\" target=\"_new\" rel=\"noopener\">Les anmeldelser<\/a><\/p>\n<h2>Hvordan vi valgte ut de beste spedisjonsfirmaene i Leighton Buzzard<\/h2>\n<p>Vi startet med et datasett med 1 spedisjonsfirmaer i Leighton Buzzard som vi kunne finne via Google Maps og begrenset det til de 1 beste.<\/p>\n<p>For \u00e5 gj\u00f8re dette fjernet vi alle selskaper som:<\/p>\n<ul>\n<li> Hadde ikke noe nettsted<\/li>\n<li> Hadde ingen anmeldelser<\/li>\n<li> Hadde en gjennomsnittlig vurderingsscore p\u00e5 under 2,0<\/li>\n<\/ul>\n<p>Hvis vi p\u00e5 dette tidspunktet hadde 17 eller f\u00e6rre spedit\u00f8rer, listet vi opp alle.<\/p>\n<p>For byer der vi satt igjen med mer enn 17 spedit\u00f8rer, gjorde vi ytterligere endringer ved enten \u00e5 \u00f8ke kravet til poengsum (f.eks. fra minimum 2,0 til 4,0) og\/eller \u00f8ke kravet til antall anmeldelser (f.eks. fra minst 1 anmeldelse til minst 10).<\/p>\n<p>Merk at vi kun har brukt data fra Google Maps og ikke andre tredjeparts nettsteder.<\/p>\n<p>Flere byer:<\/p>\n<p><a href=\"https:\/\/moverdb.com\/nb\/speditor\/freight-forwarding-uk\/stoke-on-trent-freight-forwarder\/\">Spedit\u00f8r i Stoke-on-Trent<\/a><br \/><a href=\"https:\/\/moverdb.com\/nb\/speditor\/freight-forwarding-uk\/lewes-freight-forwarder\/\">Lewes Spedit\u00f8r<\/a><br \/><a href=\"https:\/\/moverdb.com\/nb\/speditor\/freight-forwarding-uk\/swadlincote-freight-forwarder\/\">Spedit\u00f8r i Swadlincote<\/a><br \/><a href=\"https:\/\/moverdb.com\/nb\/speditor\/freight-forwarding-uk\/coggeshall,-essex-freight-forwarder\/\">Coggeshall, Essex Spedit\u00f8rer<\/a><br \/><a href=\"https:\/\/moverdb.com\/nb\/speditor\/freight-forwarding-uk\/tonbridge-freight-forwarder\/\">Tonbridge Spedit\u00f8r<\/a><\/p>","protected":false},"excerpt":{"rendered":"<p>Below we look at the 1 &#8220;best&#8221; Freight Forwarding companies in Leighton Buzzard out of 1. To learn more about how we chose the best please consult our FAQ section at the end. Please not the following listings are in no particular order and we are not making any recommendations for any particular company. Master [&hellip;]<\/p>\n","protected":false},"author":1,"featured_media":0,"parent":13427,"menu_order":0,"comment_status":"open","ping_status":"open","template":"","meta":{"_genesis_hide_title":false,"_genesis_hide_breadcrumbs":false,"_genesis_hide_singular_image":false,"_genesis_hide_footer_widgets":false,"_genesis_custom_body_class":"","_genesis_custom_post_class":"","_genesis_layout":"","footnotes":""},"class_list":{"0":"post-14226","1":"page","2":"type-page","3":"status-publish","5":"entry"},"_links":{"self":[{"href":"https:\/\/moverdb.com\/nb\/wp-json\/wp\/v2\/pages\/14226","targetHints":{"allow":["GET"]}}],"collection":[{"href":"https:\/\/moverdb.com\/nb\/wp-json\/wp\/v2\/pages"}],"about":[{"href":"https:\/\/moverdb.com\/nb\/wp-json\/wp\/v2\/types\/page"}],"author":[{"embeddable":true,"href":"https:\/\/moverdb.com\/nb\/wp-json\/wp\/v2\/users\/1"}],"replies":[{"embeddable":true,"href":"https:\/\/moverdb.com\/nb\/wp-json\/wp\/v2\/comments?post=14226"}],"version-history":[{"count":1,"href":"https:\/\/moverdb.com\/nb\/wp-json\/wp\/v2\/pages\/14226\/revisions"}],"predecessor-version":[{"id":15598,"href":"https:\/\/moverdb.com\/nb\/wp-json\/wp\/v2\/pages\/14226\/revisions\/15598"}],"up":[{"embeddable":true,"href":"https:\/\/moverdb.com\/nb\/wp-json\/wp\/v2\/pages\/13427"}],"wp:attachment":[{"href":"https:\/\/moverdb.com\/nb\/wp-json\/wp\/v2\/media?parent=14226"}],"curies":[{"name":"wp","href":"https:\/\/api.w.org\/{rel}","templated":true}]}}