{"id":14154,"date":"2023-11-08T15:55:01","date_gmt":"2023-11-08T15:55:01","guid":{"rendered":"https:\/\/moverdb.com\/freight-forwarder\/freight-forwarding-uk\/watford-freight-forwarder\/"},"modified":"2026-01-08T14:58:42","modified_gmt":"2026-01-08T14:58:42","slug":"watford-freight-forwarder","status":"publish","type":"page","link":"https:\/\/moverdb.com\/nb\/freight-forwarder\/freight-forwarding-uk\/watford-freight-forwarder\/","title":{"rendered":"2 beste spedisjonsselskaper i Watford (2024)"},"content":{"rendered":"<p>Nedenfor ser vi p\u00e5 de 2 <em>\"best\"<\/em> Spedisjonsfirmaer i Watford av 5.<\/p>\n<p>Hvis du vil vite mer om hvordan vi har valgt ut de beste, kan du lese mer i FAQ-delen til slutt.<\/p>\n<p><em>V\u00e6r oppmerksom p\u00e5 at listene nedenfor ikke kommer i noen bestemt rekkef\u00f8lge, og at vi ikke anbefaler noen bestemte selskaper.<\/em><\/p>\n<h2>PFE Express Ltd Flyfrakt<\/h2>\n<p><img decoding=\"async\" src=\"https:\/\/moverdb.com\/wp-content\/uploads\/thumbnailpanoid6Z88ijra7aClEJMpSfTEKwcb_clientsearch.gws-prod.gpsw408h240yaw182.jpg\" alt='PFE Express Ltd Flyfrakt' class=\"aligncenter\"><\/p>\n<p><strong>Beskrivelse fra virksomheten: <\/strong>V\u00e5rt spesialiserte flyfraktkontor driver import- og eksportflyfrakttjenester ved hjelp av v\u00e5re egne ERTS- og tollagerfasiliteter.<\/p>\n<p>Samarbeidet med v\u00e5rt globale flyselskapsnettverk gir garantert kapasitet med alle de st\u00f8rste flyselskapene p\u00e5 alle ruter over hele verden.<\/p>\n<p>Vi kan hjelpe deg enten du skal flytte hastepr\u00f8ver, store, hyppige forsendelser eller forsinket produksjon.<\/p>\n<p><strong>Tilleggstjenester:<\/strong><\/p>\n<p>Ingen oppf\u00f8rt<\/p>\n<p><strong>Adresse:<\/strong> Enhet 38, Metro Centre, Tolpits Ln, Northwood, Watford WD18 9SD<\/p>\n<p><a href=\"http:\/\/www.pfe.express\/\" target=\"_new\" rel=\"noopener\">PFE Express Ltd nettsted for flyfrakt<\/a><\/p>\n<p><strong>Vurderingspoeng: <\/strong>5<br \/> <strong>Antall anmeldelser:<\/strong> 1<br \/><a href=\"https:\/\/www.google.co.uk\/maps?cid=4909670748065708817&#038;hl=en&#038;gl=GB\" target=\"_new\" rel=\"noopener\">Les anmeldelser<\/a><\/p>\n<h2>Auto Kenya Ltd<\/h2>\n<p><img decoding=\"async\" src=\"https:\/\/moverdb.com\/wp-content\/uploads\/AF1QipM18eOb6otMEnsfpelcj8Q5RQ8xd_KOenRRABx4w648-h240-k-no.jpg\" alt='Auto Kenya Ltd' class=\"aligncenter\"><\/p>\n<p><strong>Beskrivelse fra virksomheten: <\/strong>Auto <a href=\"https:\/\/moverdb.com\/nb\/moving-companies\/moving-companies-kenya\/\" data-internallinksmanager029f6b8e52c=\"305\" title=\"4 beste internasjonale flyttefirmaer i Kenya\">Kenya<\/a> Spesialiserer seg p\u00e5 frakt av kj\u00f8ret\u00f8y fra <a href=\"https:\/\/moverdb.com\/nb\/moving-to-the-uk\/\" data-internallinksmanager029f6b8e52c=\"93\" title=\"Flytte til Storbritannia? 2023 Levekostnader og flyttetips\">STORBRITANNIA<\/a> til Mombasa og Dar Es Salaam som betjener Kenya, Uganda, Tanzania og S\u00f8r-Sudan.<\/p>\n<p> Vi tilbyr en problemfri frakttjeneste og arrangerer henting i hele Storbritannia, inspeksjoner f\u00f8r forsendelse, sj\u00f8forsikring og frakt.<\/p>\n<p><strong>Tilleggstjenester:<\/strong><\/p>\n<p>Frakttjeneste<\/p>\n<p><strong>Adresse:<\/strong> Century Court, 5, Tolpits Ln, Northwood, Watford WD18 9PX<\/p>\n<p><a href=\"https:\/\/www.auto-kenya.com\/\" target=\"_new\" rel=\"noopener\">Auto Kenya Ltd nettsted<\/a><\/p>\n<p><strong>Vurderingspoeng: <\/strong>4.9<br \/> <strong>Antall anmeldelser:<\/strong> 78<br \/><a href=\"https:\/\/www.google.co.uk\/maps?cid=16378406071416492863&#038;hl=en&#038;gl=GB\" target=\"_new\" rel=\"noopener\">Les anmeldelser<\/a><\/p>\n<h2>Slik har vi valgt ut de beste spedisjonsselskapene i Watford<\/h2>\n<p>Vi tok utgangspunkt i et datasett med 5 Watford spedisjonsfirmaer som vi kunne finne via Google Maps, og snevret det inn til de 2 beste.<\/p>\n<p>For \u00e5 gj\u00f8re dette fjernet vi alle selskaper som:<\/p>\n<ul>\n<li> Hadde ikke noe nettsted<\/li>\n<li> Hadde ingen anmeldelser<\/li>\n<li> Hadde en gjennomsnittlig vurderingsscore p\u00e5 under 2,0<\/li>\n<\/ul>\n<p>Hvis vi p\u00e5 dette tidspunktet hadde 17 eller f\u00e6rre spedit\u00f8rer, listet vi opp alle.<\/p>\n<p>For byer der vi satt igjen med mer enn 17 spedit\u00f8rer, gjorde vi ytterligere endringer ved enten \u00e5 \u00f8ke kravet til poengsum (f.eks. fra minimum 2,0 til 4,0) og\/eller \u00f8ke kravet til antall anmeldelser (f.eks. fra minst 1 anmeldelse til minst 10).<\/p>\n<p>Merk at vi kun har brukt data fra Google Maps og ikke andre tredjeparts nettsteder.<\/p>\n<p>Flere byer:<\/p>\n<p><a href=\"https:\/\/moverdb.com\/nb\/speditor\/freight-forwarding-uk\/romford-freight-forwarder\/\">Romford Spedit\u00f8r<\/a><br \/><a href=\"https:\/\/moverdb.com\/nb\/speditor\/freight-forwarding-uk\/chelmsford-freight-forwarder\/\">Spedit\u00f8r i Chelmsford<\/a><br \/><a href=\"https:\/\/moverdb.com\/nb\/speditor\/freight-forwarding-uk\/brentford-freight-forwarder\/\">Spedit\u00f8r i Brentford<\/a><br \/><a href=\"https:\/\/moverdb.com\/nb\/speditor\/freight-forwarding-uk\/widnes-freight-forwarder\/\">Spedit\u00f8r i Widnes<\/a><br \/><a href=\"https:\/\/moverdb.com\/nb\/speditor\/freight-forwarding-uk\/runcorn-freight-forwarder\/\">Spedit\u00f8r i Runcorn<\/a><\/p>","protected":false},"excerpt":{"rendered":"<p>Below we look at the 2 &#8220;best&#8221; Freight Forwarding companies in Watford out of 5. To learn more about how we chose the best please consult our FAQ section at the end. Please not the following listings are in no particular order and we are not making any recommendations for any particular company. PFE Express [&hellip;]<\/p>\n","protected":false},"author":1,"featured_media":0,"parent":13427,"menu_order":0,"comment_status":"open","ping_status":"open","template":"","meta":{"_genesis_hide_title":false,"_genesis_hide_breadcrumbs":false,"_genesis_hide_singular_image":false,"_genesis_hide_footer_widgets":false,"_genesis_custom_body_class":"","_genesis_custom_post_class":"","_genesis_layout":"","footnotes":""},"class_list":{"0":"post-14154","1":"page","2":"type-page","3":"status-publish","5":"entry"},"_links":{"self":[{"href":"https:\/\/moverdb.com\/nb\/wp-json\/wp\/v2\/pages\/14154","targetHints":{"allow":["GET"]}}],"collection":[{"href":"https:\/\/moverdb.com\/nb\/wp-json\/wp\/v2\/pages"}],"about":[{"href":"https:\/\/moverdb.com\/nb\/wp-json\/wp\/v2\/types\/page"}],"author":[{"embeddable":true,"href":"https:\/\/moverdb.com\/nb\/wp-json\/wp\/v2\/users\/1"}],"replies":[{"embeddable":true,"href":"https:\/\/moverdb.com\/nb\/wp-json\/wp\/v2\/comments?post=14154"}],"version-history":[{"count":1,"href":"https:\/\/moverdb.com\/nb\/wp-json\/wp\/v2\/pages\/14154\/revisions"}],"predecessor-version":[{"id":15755,"href":"https:\/\/moverdb.com\/nb\/wp-json\/wp\/v2\/pages\/14154\/revisions\/15755"}],"up":[{"embeddable":true,"href":"https:\/\/moverdb.com\/nb\/wp-json\/wp\/v2\/pages\/13427"}],"wp:attachment":[{"href":"https:\/\/moverdb.com\/nb\/wp-json\/wp\/v2\/media?parent=14154"}],"curies":[{"name":"wp","href":"https:\/\/api.w.org\/{rel}","templated":true}]}}