{"id":14151,"date":"2023-11-08T15:54:40","date_gmt":"2023-11-08T15:54:40","guid":{"rendered":"https:\/\/moverdb.com\/freight-forwarder\/freight-forwarding-uk\/rochester-freight-forwarder\/"},"modified":"2026-01-08T14:58:26","modified_gmt":"2026-01-08T14:58:26","slug":"rochester-freight-forwarder","status":"publish","type":"page","link":"https:\/\/moverdb.com\/nb\/freight-forwarder\/freight-forwarding-uk\/rochester-freight-forwarder\/","title":{"rendered":"2 beste spedisjonsselskaper i Rochester (2024)"},"content":{"rendered":"<p>Nedenfor ser vi p\u00e5 de 2 <em>\"best\"<\/em> Spedisjonsfirmaer i Rochester av 7.<\/p>\n<p>Hvis du vil vite mer om hvordan vi har valgt ut de beste, kan du lese mer i FAQ-delen til slutt.<\/p>\n<p><em>V\u00e6r oppmerksom p\u00e5 at listene nedenfor ikke kommer i noen bestemt rekkef\u00f8lge, og at vi ikke anbefaler noen bestemte selskaper.<\/em><\/p>\n<h2>UK Import Services Limited<\/h2>\n<p><img decoding=\"async\" src=\"https:\/\/moverdb.com\/wp-content\/uploads\/thumbnailpanoid-UDcNTkFBjN8zpjHUM8_Sgcb_clientsearch.gws-prod.gpsw408h240yaw359.jpg\" alt='UK Import Services Limited' class=\"aligncenter\"><\/p>\n<p><strong>Beskrivelse fra virksomheten: <\/strong>Ingen oppgitt<\/p>\n<p><strong>Tilleggstjenester:<\/strong><\/p>\n<p>Ingen oppf\u00f8rt<\/p>\n<p><strong>Adresse:<\/strong> Reg. Adresse: Suite 7 Cobalt House Centre Court, Rochester ME2 4BQ, Rochester.<\/p>\n<p><a href=\"http:\/\/www.ukimportservices.com\/\" target=\"_new\" rel=\"noopener\">UK Import Services Limiteds nettsted<\/a><\/p>\n<p><strong>Vurderingspoeng: <\/strong>3<br \/> <strong>Antall anmeldelser:<\/strong> 2<br \/><a href=\"https:\/\/www.google.co.uk\/maps?cid=10190696061651857157&#038;hl=en&#038;gl=GB\" target=\"_new\" rel=\"noopener\">Les anmeldelser<\/a><\/p>\n<h2>CCT Worldwide Ltd<\/h2>\n<p><img decoding=\"async\" src=\"https:\/\/moverdb.com\/wp-content\/uploads\/AF1QipOx-fcZ6F1-QIKnLwynuUO79zAiB2ztxi2aS02Bw720-h240-k-no.jpg\" alt='CCT Worldwide Ltd' class=\"aligncenter\"><\/p>\n<p><strong>Beskrivelse fra virksomheten: <\/strong>CCT Worldwide er en av de st\u00f8rste uavhengige, internasjonale <a href=\"https:\/\/moverdb.com\/nb\/moving-to-the-uk\/\" data-internallinksmanager029f6b8e52c=\"93\" title=\"Flytte til Storbritannia? 2023 Levekostnader og flyttetips\">STORBRITANNIA<\/a> spedisjonsselskaper.<\/p>\n<p> Vi arrangerer internasjonal transport av v\u00e5re kunders gods fra opprinnelsessted til bestemmelsessted over hele verden.<\/p>\n<p> Vi ble grunnlagt i 1984 og har levert et komplett utvalg av globale frakth\u00e5ndteringstjenester i over 30 \u00e5r.<\/p>\n<p>Disse <a href=\"https:\/\/moverdb.com\/nb\/freight-forwarder\/\" data-internallinksmanager029f6b8e52c=\"17\" title=\"Spedit\u00f8r &amp; NVOCC Internasjonal kostnads- og selskapsguide\">spedit\u00f8r<\/a> Tjenestene omfatter flyfrakt, full containerlast (FCL) og mindre enn containerlast (LCL), sj\u00f8frakt, veitransport, kontraktslogistikk og tollklarering.<\/p>\n<p> Uavhengig av kundens behov utvikler og leverer vi en rekke skreddersydde fraktl\u00f8sninger, st\u00f8ttet av v\u00e5rt kunnskapsrike team og bransjeledende IT-tjenester.<\/p>\n<p><strong>Tilleggstjenester:<\/strong><\/p>\n<p>Ingen oppf\u00f8rt<\/p>\n<p><strong>Adresse:<\/strong> Ashford House Beaufort Court, Enhet 3, Rochester ME2 4FA<\/p>\n<p><a href=\"https:\/\/cctworldwidelogistics.com\/\" target=\"_new\" rel=\"noopener\">CCT Worldwide Ltd nettsted<\/a><\/p>\n<p><strong>Vurderingspoeng: <\/strong>4.7<br \/> <strong>Antall anmeldelser:<\/strong> 12<br \/><a href=\"https:\/\/www.google.co.uk\/maps?cid=2798323899266473835&#038;hl=en&#038;gl=GB\" target=\"_new\" rel=\"noopener\">Les anmeldelser<\/a><\/p>\n<h2>Hvordan vi valgte ut de beste spedisjonsselskapene i Rochester<\/h2>\n<p>Vi tok utgangspunkt i et datasett med 7 spedisjonsselskaper i Rochester som vi kunne finne via Google Maps, og snevret det inn til de 2 beste.<\/p>\n<p>For \u00e5 gj\u00f8re dette fjernet vi alle selskaper som:<\/p>\n<ul>\n<li> Hadde ikke noe nettsted<\/li>\n<li> Hadde ingen anmeldelser<\/li>\n<li> Hadde en gjennomsnittlig vurderingsscore p\u00e5 under 2,0<\/li>\n<\/ul>\n<p>Hvis vi p\u00e5 dette tidspunktet hadde 17 eller f\u00e6rre spedit\u00f8rer, listet vi opp alle.<\/p>\n<p>For byer der vi satt igjen med mer enn 17 spedit\u00f8rer, gjorde vi ytterligere endringer ved enten \u00e5 \u00f8ke kravet til poengsum (f.eks. fra minimum 2,0 til 4,0) og\/eller \u00f8ke kravet til antall anmeldelser (f.eks. fra minst 1 anmeldelse til minst 10).<\/p>\n<p>Merk at vi kun har brukt data fra Google Maps og ikke andre tredjeparts nettsteder.<\/p>\n<p>Flere byer:<\/p>\n<p><a href=\"https:\/\/moverdb.com\/nb\/speditor\/freight-forwarding-uk\/watford-freight-forwarder\/\">Watford Spedit\u00f8r<\/a><br \/><a href=\"https:\/\/moverdb.com\/nb\/speditor\/freight-forwarding-uk\/romford-freight-forwarder\/\">Romford Spedit\u00f8r<\/a><br \/><a href=\"https:\/\/moverdb.com\/nb\/speditor\/freight-forwarding-uk\/chelmsford-freight-forwarder\/\">Spedit\u00f8r i Chelmsford<\/a><br \/><a href=\"https:\/\/moverdb.com\/nb\/speditor\/freight-forwarding-uk\/brentford-freight-forwarder\/\">Spedit\u00f8r i Brentford<\/a><br \/><a href=\"https:\/\/moverdb.com\/nb\/speditor\/freight-forwarding-uk\/widnes-freight-forwarder\/\">Spedit\u00f8r i Widnes<\/a><\/p>","protected":false},"excerpt":{"rendered":"<p>Below we look at the 2 &#8220;best&#8221; Freight Forwarding companies in Rochester out of 7. To learn more about how we chose the best please consult our FAQ section at the end. Please not the following listings are in no particular order and we are not making any recommendations for any particular company. UK Import [&hellip;]<\/p>\n","protected":false},"author":1,"featured_media":0,"parent":13427,"menu_order":0,"comment_status":"open","ping_status":"open","template":"","meta":{"_genesis_hide_title":false,"_genesis_hide_breadcrumbs":false,"_genesis_hide_singular_image":false,"_genesis_hide_footer_widgets":false,"_genesis_custom_body_class":"","_genesis_custom_post_class":"","_genesis_layout":"","footnotes":""},"class_list":{"0":"post-14151","1":"page","2":"type-page","3":"status-publish","5":"entry"},"_links":{"self":[{"href":"https:\/\/moverdb.com\/nb\/wp-json\/wp\/v2\/pages\/14151","targetHints":{"allow":["GET"]}}],"collection":[{"href":"https:\/\/moverdb.com\/nb\/wp-json\/wp\/v2\/pages"}],"about":[{"href":"https:\/\/moverdb.com\/nb\/wp-json\/wp\/v2\/types\/page"}],"author":[{"embeddable":true,"href":"https:\/\/moverdb.com\/nb\/wp-json\/wp\/v2\/users\/1"}],"replies":[{"embeddable":true,"href":"https:\/\/moverdb.com\/nb\/wp-json\/wp\/v2\/comments?post=14151"}],"version-history":[{"count":1,"href":"https:\/\/moverdb.com\/nb\/wp-json\/wp\/v2\/pages\/14151\/revisions"}],"predecessor-version":[{"id":15740,"href":"https:\/\/moverdb.com\/nb\/wp-json\/wp\/v2\/pages\/14151\/revisions\/15740"}],"up":[{"embeddable":true,"href":"https:\/\/moverdb.com\/nb\/wp-json\/wp\/v2\/pages\/13427"}],"wp:attachment":[{"href":"https:\/\/moverdb.com\/nb\/wp-json\/wp\/v2\/media?parent=14151"}],"curies":[{"name":"wp","href":"https:\/\/api.w.org\/{rel}","templated":true}]}}