{"id":14112,"date":"2023-11-08T15:54:40","date_gmt":"2023-11-08T15:54:40","guid":{"rendered":"https:\/\/moverdb.com\/freight-forwarder\/freight-forwarding-uk\/bury-saint-edmunds-freight-forwarder\/"},"modified":"2026-01-08T14:55:59","modified_gmt":"2026-01-08T14:55:59","slug":"bury-saint-edmunds-freight-forwarder","status":"publish","type":"page","link":"https:\/\/moverdb.com\/nb\/freight-forwarder\/freight-forwarding-uk\/bury-saint-edmunds-freight-forwarder\/","title":{"rendered":"2 beste Bury Saint Edmunds spedisjonsfirmaer (2024)"},"content":{"rendered":"<p>Nedenfor ser vi p\u00e5 de 2 <em>\"best\"<\/em> Spedisjonsfirmaer i Bury Saint Edmunds av 2.<\/p>\n<p>Hvis du vil vite mer om hvordan vi har valgt ut de beste, kan du lese mer i FAQ-delen til slutt.<\/p>\n<p><em>V\u00e6r oppmerksom p\u00e5 at listene nedenfor ikke kommer i noen bestemt rekkef\u00f8lge, og at vi ikke anbefaler noen bestemte selskaper.<\/em><\/p>\n<h2>Reed Forwarding Ltd<\/h2>\n<p><img decoding=\"async\" src=\"https:\/\/moverdb.com\/wp-content\/uploads\/AF1QipNTbTC32k9gCdbUpF0LLn1UAlicvpNxWWsZuv59w408-h544-k-no.jpg\" alt='Reed Forwarding Ltd' class=\"aligncenter\"><\/p>\n<p><strong>Beskrivelse fra virksomheten: <\/strong>Reed Forwarding Limited er en uavhengig spedisjonsvirksomhet som har v\u00e6rt i drift siden 1998.<\/p>\n<p> Alle medarbeiderne v\u00e5re har mange \u00e5rs erfaring fra alle aspekter av shipping- og lagerbransjen, og vi bruker denne erfaringen i det daglige arbeidet.<\/p>\n<p>Vi er stolte av den personlige servicen vi tilbyr alle v\u00e5re kunder. Vi forst\u00e5r at alle kunder har ulike behov, og vi skreddersyr v\u00e5re tjenester til dine spesifikke krav.<\/p>\n<p><strong>Tilleggstjenester:<\/strong><\/p>\n<p>Ingen oppf\u00f8rt<\/p>\n<p><strong>Adresse:<\/strong> 7 Chapel Pond Hill, Bury Saint Edmunds IP32 7HT<\/p>\n<p><a href=\"https:\/\/reedforwarding.co.uk\/\" target=\"_new\" rel=\"noopener\">Reed Forwarding Ltd nettsted<\/a><\/p>\n<p><strong>Vurderingspoeng: <\/strong>3.1<br \/> <strong>Antall anmeldelser:<\/strong> 8<br \/><a href=\"https:\/\/www.google.co.uk\/maps?cid=15182902090348424627&#038;hl=en&#038;gl=GB\" target=\"_new\" rel=\"noopener\">Les anmeldelser<\/a><\/p>\n<h2>Cross Trades &amp; Logistics Ltd<\/h2>\n<p><img decoding=\"async\" src=\"https:\/\/moverdb.com\/wp-content\/uploads\/thumbnailpanoidpSrqIz_xnoORd9rZ1yInMwcb_clientsearch.gws-prod.gpsw408h240yaw175.jpg\" alt='Cross Trades &amp; Logistics Ltd' class=\"aligncenter\"><\/p>\n<p><strong>Beskrivelse fra virksomheten: <\/strong>Internasjonal logistikk med fly, sj\u00f8, vei og jernbane.<\/p>\n<p><strong>Tilleggstjenester:<\/strong><\/p>\n<p>Ingen oppf\u00f8rt<\/p>\n<p><strong>Adresse:<\/strong> 22 Oswyn Cl, Bury Saint Edmunds IP32 7DP<\/p>\n<p><a href=\"http:\/\/www.ctll.co.uk\/\" target=\"_new\" rel=\"noopener\">Cross Trades &amp; Logistics Ltd nettsted<\/a><\/p>\n<p><strong>Vurderingspoeng: <\/strong>5<br \/> <strong>Antall anmeldelser:<\/strong> 1<br \/><a href=\"https:\/\/www.google.co.uk\/maps?cid=97997939429703085&#038;hl=en&#038;gl=GB\" target=\"_new\" rel=\"noopener\">Les anmeldelser<\/a><\/p>\n<h2>Hvordan vi valgte de beste spedisjonsselskapene i Bury Saint Edmunds<\/h2>\n<p>Vi tok utgangspunkt i et datasett med 2 spedisjonsfirmaer i Bury Saint Edmunds som vi kunne finne via Google Maps, og snevret det inn til de 2 beste.<\/p>\n<p>For \u00e5 gj\u00f8re dette fjernet vi alle selskaper som:<\/p>\n<ul>\n<li> Hadde ikke noe nettsted<\/li>\n<li> Hadde ingen anmeldelser<\/li>\n<li> Hadde en gjennomsnittlig vurderingsscore p\u00e5 under 2,0<\/li>\n<\/ul>\n<p>Hvis vi p\u00e5 dette tidspunktet hadde 17 eller f\u00e6rre spedit\u00f8rer, listet vi opp alle.<\/p>\n<p>For byer der vi satt igjen med mer enn 17 spedit\u00f8rer, gjorde vi ytterligere endringer ved enten \u00e5 \u00f8ke kravet til poengsum (f.eks. fra minimum 2,0 til 4,0) og\/eller \u00f8ke kravet til antall anmeldelser (f.eks. fra minst 1 anmeldelse til minst 10).<\/p>\n<p>Merk at vi kun har brukt data fra Google Maps og ikke andre tredjeparts nettsteder.<\/p>\n<p>Flere byer:<\/p>\n<p><a href=\"https:\/\/moverdb.com\/nb\/speditor\/freight-forwarding-uk\/denny-freight-forwarder\/\">Denny Spedit\u00f8r<\/a><br \/><a href=\"https:\/\/moverdb.com\/nb\/speditor\/freight-forwarding-uk\/bordon-freight-forwarder\/\">Bordon Spedit\u00f8r<\/a><br \/><a href=\"https:\/\/moverdb.com\/nb\/speditor\/freight-forwarding-uk\/pudsey-freight-forwarder\/\">Pudsey Spedit\u00f8r<\/a><br \/><a href=\"https:\/\/moverdb.com\/nb\/speditor\/freight-forwarding-uk\/horley-freight-forwarder\/\">Horley Spedit\u00f8r<\/a><br \/><a href=\"https:\/\/moverdb.com\/nb\/speditor\/freight-forwarding-uk\/enfield-freight-forwarder\/\">Enfield Spedit\u00f8r<\/a><\/p>","protected":false},"excerpt":{"rendered":"<p>Below we look at the 2 &#8220;best&#8221; Freight Forwarding companies in Bury Saint Edmunds out of 2. To learn more about how we chose the best please consult our FAQ section at the end. Please not the following listings are in no particular order and we are not making any recommendations for any particular company. [&hellip;]<\/p>\n","protected":false},"author":1,"featured_media":0,"parent":13427,"menu_order":0,"comment_status":"open","ping_status":"open","template":"","meta":{"_genesis_hide_title":false,"_genesis_hide_breadcrumbs":false,"_genesis_hide_singular_image":false,"_genesis_hide_footer_widgets":false,"_genesis_custom_body_class":"","_genesis_custom_post_class":"","_genesis_layout":"","footnotes":""},"class_list":{"0":"post-14112","1":"page","2":"type-page","3":"status-publish","5":"entry"},"_links":{"self":[{"href":"https:\/\/moverdb.com\/nb\/wp-json\/wp\/v2\/pages\/14112","targetHints":{"allow":["GET"]}}],"collection":[{"href":"https:\/\/moverdb.com\/nb\/wp-json\/wp\/v2\/pages"}],"about":[{"href":"https:\/\/moverdb.com\/nb\/wp-json\/wp\/v2\/types\/page"}],"author":[{"embeddable":true,"href":"https:\/\/moverdb.com\/nb\/wp-json\/wp\/v2\/users\/1"}],"replies":[{"embeddable":true,"href":"https:\/\/moverdb.com\/nb\/wp-json\/wp\/v2\/comments?post=14112"}],"version-history":[{"count":1,"href":"https:\/\/moverdb.com\/nb\/wp-json\/wp\/v2\/pages\/14112\/revisions"}],"predecessor-version":[{"id":15709,"href":"https:\/\/moverdb.com\/nb\/wp-json\/wp\/v2\/pages\/14112\/revisions\/15709"}],"up":[{"embeddable":true,"href":"https:\/\/moverdb.com\/nb\/wp-json\/wp\/v2\/pages\/13427"}],"wp:attachment":[{"href":"https:\/\/moverdb.com\/nb\/wp-json\/wp\/v2\/media?parent=14112"}],"curies":[{"name":"wp","href":"https:\/\/api.w.org\/{rel}","templated":true}]}}