{"id":14107,"date":"2023-11-08T15:54:40","date_gmt":"2023-11-08T15:54:40","guid":{"rendered":"https:\/\/moverdb.com\/freight-forwarder\/freight-forwarding-uk\/burntwood-freight-forwarder\/"},"modified":"2026-01-08T14:55:57","modified_gmt":"2026-01-08T14:55:57","slug":"burntwood-freight-forwarder","status":"publish","type":"page","link":"https:\/\/moverdb.com\/nb\/freight-forwarder\/freight-forwarding-uk\/burntwood-freight-forwarder\/","title":{"rendered":"De 2 beste spedisjonsselskapene i Burntwood (2024)"},"content":{"rendered":"<p>Nedenfor ser vi p\u00e5 de 2 <em>\"best\"<\/em> Spedisjonsfirmaer i Burntwood av 3.<\/p>\n<p>Hvis du vil vite mer om hvordan vi har valgt ut de beste, kan du lese mer i FAQ-delen til slutt.<\/p>\n<p><em>V\u00e6r oppmerksom p\u00e5 at listene nedenfor ikke kommer i noen bestemt rekkef\u00f8lge, og at vi ikke anbefaler noen bestemte selskaper.<\/em><\/p>\n<h2>Espace Europe Spedit\u00f8rer<\/h2>\n<p><img decoding=\"async\" src=\"https:\/\/moverdb.com\/wp-content\/uploads\/AF1QipPpgB30xdOP3akbAjFx7dwqzfHkVsoV07XVd7Xmw446-h240-k-no.jpg\" alt='Espace Europe Spedit\u00f8rer' class=\"aligncenter\"><\/p>\n<p><strong>Beskrivelse fra virksomheten: <\/strong>Espace er en prisbel\u00f8nt, medarbeidereid fraktspesialist med en velutviklet <a href=\"https:\/\/moverdb.com\/nb\/moving-to-the-uk\/\" data-internallinksmanager029f6b8e52c=\"93\" title=\"Flytte til Storbritannia? 2023 Levekostnader og flyttetips\">STORBRITANNIA<\/a>, europeisk og verdensomspennende nettverk.<\/p>\n<p> Gjennom v\u00e5re ledende Emergency Express, Road, Air &amp; Sea-tjenester tilbyr vi kundene v\u00e5re verdidrevne forsyningskjedel\u00f8sninger med fokus p\u00e5 b\u00e5de pris og serviceniv\u00e5.<\/p>\n<p> V\u00e5rt team av dyktige fraktoperat\u00f8rer med lang fartstid er dedikert til v\u00e5re kunders behov.<\/p>\n<p> S\u00e5 dedikert at vi er det ENESTE fraktselskapet som tilbyr pengene tilbake-garanti p\u00e5 standardfrakt.<\/p>\n<p> Espace er et vellykket og respektert spedisjonsselskap som er tro mot sine verdier.<\/p>\n<p><strong>Tilleggstjenester:<\/strong><\/p>\n<p>Kurertjeneste<\/p>\n<p>Leveringsselskap<\/p>\n<p>Transporttjeneste<\/p>\n<p><strong>Adresse:<\/strong> 5, Newlands Court, Attwood Rd, Burntwood WS7 3GF<\/p>\n<p><a href=\"https:\/\/www.espaceglobalfreight.com\/\" target=\"_new\" rel=\"noopener\">Espace Europe Freight Forwarders nettsted<\/a><\/p>\n<p><strong>Vurderingspoeng: <\/strong>4.9<br \/> <strong>Antall anmeldelser:<\/strong> 34<br \/><a href=\"https:\/\/www.google.co.uk\/maps?cid=10863475497294295640&#038;hl=en&#038;gl=GB\" target=\"_new\" rel=\"noopener\">Les anmeldelser<\/a><\/p>\n<h2>World Cargo Logistics Limited<\/h2>\n<p><img decoding=\"async\" src=\"https:\/\/moverdb.com\/wp-content\/uploads\/thumbnailpanoidqzNItEmnCV8WvtqPVgNLYAcb_clientsearch.gws-prod.gpsw408h240yaw20.jpg\" alt='World Cargo Logistics Limited' class=\"aligncenter\"><\/p>\n<p><strong>Beskrivelse fra virksomheten: <\/strong>World Cargo Logistics er et britisk privateid selskap som har levert frakttjenester over hele verden siden \u00e5r 2000.<\/p>\n<p>Med 8 kontorer over hele landet er vi en av de ledende spedit\u00f8rene i Storbritannia, men tilbyr likevel en sv\u00e6rt personlig service.<\/p>\n<p><strong>Tilleggstjenester:<\/strong><\/p>\n<p>Leveringsselskap<\/p>\n<p><strong>Adresse:<\/strong> Spear House, Cobbett Rd, Chase Terrace, Burntwood WS7 3GL<\/p>\n<p><a href=\"http:\/\/worldcargologistics.co.uk\/\" target=\"_new\" rel=\"noopener\">World Cargo Logistics Limited nettsted<\/a><\/p>\n<p><strong>Vurderingspoeng: <\/strong>5<br \/> <strong>Antall anmeldelser:<\/strong> 2<br \/><a href=\"https:\/\/www.google.co.uk\/maps?cid=14132311081089606715&#038;hl=en&#038;gl=GB\" target=\"_new\" rel=\"noopener\">Les anmeldelser<\/a><\/p>\n<h2>Slik valgte vi ut de beste spedisjonsselskapene i Burntwood<\/h2>\n<p>Vi tok utgangspunkt i et datasett med 3 spedisjonsselskaper i Burntwood som vi kunne finne via Google Maps, og snevret det inn til de 2 beste.<\/p>\n<p>For \u00e5 gj\u00f8re dette fjernet vi alle selskaper som:<\/p>\n<ul>\n<li> Hadde ikke noe nettsted<\/li>\n<li> Hadde ingen anmeldelser<\/li>\n<li> Hadde en gjennomsnittlig vurderingsscore p\u00e5 under 2,0<\/li>\n<\/ul>\n<p>Hvis vi p\u00e5 dette tidspunktet hadde 17 eller f\u00e6rre spedit\u00f8rer, listet vi opp alle.<\/p>\n<p>For byer der vi satt igjen med mer enn 17 spedit\u00f8rer, gjorde vi ytterligere endringer ved enten \u00e5 \u00f8ke kravet til poengsum (f.eks. fra minimum 2,0 til 4,0) og\/eller \u00f8ke kravet til antall anmeldelser (f.eks. fra minst 1 anmeldelse til minst 10).<\/p>\n<p>Merk at vi kun har brukt data fra Google Maps og ikke andre tredjeparts nettsteder.<\/p>\n<p>Flere byer:<\/p>\n<p><a href=\"https:\/\/moverdb.com\/nb\/speditor\/freight-forwarding-uk\/prescot-freight-forwarder\/\">Prescot spedit\u00f8r<\/a><br \/><a href=\"https:\/\/moverdb.com\/nb\/speditor\/freight-forwarding-uk\/bury-saint-edmunds-freight-forwarder\/\">Spedit\u00f8r i Bury Saint Edmunds<\/a><br \/><a href=\"https:\/\/moverdb.com\/nb\/speditor\/freight-forwarding-uk\/denny-freight-forwarder\/\">Denny Spedit\u00f8r<\/a><br \/><a href=\"https:\/\/moverdb.com\/nb\/speditor\/freight-forwarding-uk\/bordon-freight-forwarder\/\">Bordon Spedit\u00f8r<\/a><br \/><a href=\"https:\/\/moverdb.com\/nb\/speditor\/freight-forwarding-uk\/pudsey-freight-forwarder\/\">Pudsey Spedit\u00f8r<\/a><\/p>","protected":false},"excerpt":{"rendered":"<p>Below we look at the 2 &#8220;best&#8221; Freight Forwarding companies in Burntwood out of 3. To learn more about how we chose the best please consult our FAQ section at the end. Please not the following listings are in no particular order and we are not making any recommendations for any particular company. Espace Europe [&hellip;]<\/p>\n","protected":false},"author":1,"featured_media":0,"parent":13427,"menu_order":0,"comment_status":"open","ping_status":"open","template":"","meta":{"_genesis_hide_title":false,"_genesis_hide_breadcrumbs":false,"_genesis_hide_singular_image":false,"_genesis_hide_footer_widgets":false,"_genesis_custom_body_class":"","_genesis_custom_post_class":"","_genesis_layout":"","footnotes":""},"class_list":{"0":"post-14107","1":"page","2":"type-page","3":"status-publish","5":"entry"},"_links":{"self":[{"href":"https:\/\/moverdb.com\/nb\/wp-json\/wp\/v2\/pages\/14107","targetHints":{"allow":["GET"]}}],"collection":[{"href":"https:\/\/moverdb.com\/nb\/wp-json\/wp\/v2\/pages"}],"about":[{"href":"https:\/\/moverdb.com\/nb\/wp-json\/wp\/v2\/types\/page"}],"author":[{"embeddable":true,"href":"https:\/\/moverdb.com\/nb\/wp-json\/wp\/v2\/users\/1"}],"replies":[{"embeddable":true,"href":"https:\/\/moverdb.com\/nb\/wp-json\/wp\/v2\/comments?post=14107"}],"version-history":[{"count":1,"href":"https:\/\/moverdb.com\/nb\/wp-json\/wp\/v2\/pages\/14107\/revisions"}],"predecessor-version":[{"id":15707,"href":"https:\/\/moverdb.com\/nb\/wp-json\/wp\/v2\/pages\/14107\/revisions\/15707"}],"up":[{"embeddable":true,"href":"https:\/\/moverdb.com\/nb\/wp-json\/wp\/v2\/pages\/13427"}],"wp:attachment":[{"href":"https:\/\/moverdb.com\/nb\/wp-json\/wp\/v2\/media?parent=14107"}],"curies":[{"name":"wp","href":"https:\/\/api.w.org\/{rel}","templated":true}]}}