{"id":14072,"date":"2023-11-08T15:54:18","date_gmt":"2023-11-08T15:54:18","guid":{"rendered":"https:\/\/moverdb.com\/freight-forwarder\/freight-forwarding-uk\/uxbridge-freight-forwarder\/"},"modified":"2026-01-08T14:58:39","modified_gmt":"2026-01-08T14:58:39","slug":"uxbridge-freight-forwarder","status":"publish","type":"page","link":"https:\/\/moverdb.com\/nb\/freight-forwarder\/freight-forwarding-uk\/uxbridge-freight-forwarder\/","title":{"rendered":"2 beste spedisjonsselskaper i Uxbridge (2024)"},"content":{"rendered":"<p>Nedenfor ser vi p\u00e5 de 2 <em>\"best\"<\/em> Spedisjonsfirmaer i Uxbridge av 8.<\/p>\n<p>Hvis du vil vite mer om hvordan vi har valgt ut de beste, kan du lese mer i FAQ-delen til slutt.<\/p>\n<p><em>V\u00e6r oppmerksom p\u00e5 at listene nedenfor ikke kommer i noen bestemt rekkef\u00f8lge, og at vi ikke anbefaler noen bestemte selskaper.<\/em><\/p>\n<h2>Havi Global Solutions<\/h2>\n<p><img decoding=\"async\" src=\"https:\/\/moverdb.com\/wp-content\/uploads\/thumbnailpanoid96OeTMuMMFlijN9ZOQC7YAcb_clientsearch.gws-prod.gpsw408h240yaw146.jpg\" alt='Havi Global Solutions' class=\"aligncenter\"><\/p>\n<p><strong>Beskrivelse fra virksomheten: <\/strong>Ingen oppgitt<\/p>\n<p><strong>Tilleggstjenester:<\/strong><\/p>\n<p>Ingen oppf\u00f8rt<\/p>\n<p><strong>Adresse:<\/strong> Furzeground Way, Hayes, Uxbridge UB11 1BY<\/p>\n<p><a href=\"http:\/\/www.havigs.com\/\" target=\"_new\" rel=\"noopener\">Havi Global Solutions nettsted<\/a><\/p>\n<p><strong>Vurderingspoeng: <\/strong>5<br \/> <strong>Antall anmeldelser:<\/strong> 1<br \/><a href=\"https:\/\/www.google.co.uk\/maps?cid=6663446714020542271&#038;hl=en&#038;gl=GB\" target=\"_new\" rel=\"noopener\">Les anmeldelser<\/a><\/p>\n<h2>Pack and Go UK<\/h2>\n<p><img decoding=\"async\" src=\"https:\/\/moverdb.com\/wp-content\/uploads\/AF1QipPZ_D9lQYK6wBzefMYZXZX7yN2mlnbOP2OhbOzdw408-h306-k-no.jpg\" alt='Pack and Go UK' class=\"aligncenter\"><\/p>\n<p><strong>Beskrivelse fra virksomheten: <\/strong>Pack &amp; Go har levert l\u00f8sninger med <a href=\"https:\/\/moverdb.com\/nb\/international-removals\/\" data-internallinksmanager029f6b8e52c=\"27\" title=\"De 36 beste internasjonale flyttebyr\u00e5ene i Storbritannia\">internasjonale flyttinger<\/a> og flyttetjenester over hele verden siden 1992.<\/p>\n<p>Med lokale spesialister i Europa, Nord- og S\u00f8r-Amerika og et strategisk plassert globalt nettverk, er v\u00e5r suksess i <a href=\"https:\/\/moverdb.com\/nb\/moving-to-the-uk\/\" data-internallinksmanager029f6b8e52c=\"93\" title=\"Flytte til Storbritannia? 2023 Levekostnader og flyttetips\">STORBRITANNIA<\/a> og internasjonale flyttinger skyldes v\u00e5r omfattende erfaring og kvaliteten p\u00e5 v\u00e5rt utvalg av p\u00e5litelige tjenester.<\/p>\n<p>A Pack &amp; Go tilbyr l\u00f8sninger med internasjonale l\u00f8sninger og realiseringstjenester <a href=\"https:\/\/moverdb.com\/nb\/eurovan-movers\/\" data-internallinksmanager029f6b8e52c=\"14\" title=\"Eurovan International Movers Network (EM) Forklaret\">em<\/a> todo o mundo desde 1992.<\/p>\n<p>Med lokale spesialister i hele Europa, Amerika og en global, strategisk lokalisert virksomhet, er v\u00e5r suksess i Norge og internasjonalt knyttet til v\u00e5r omfattende erfaring og kvaliteten p\u00e5 v\u00e5re p\u00e5litelige tjenester.<\/p>\n<p><strong>Tilleggstjenester:<\/strong><\/p>\n<p>Flyttebyr\u00e5<\/p>\n<p>Frakttjeneste<\/p>\n<p>Transporttjeneste<\/p>\n<p><strong>Adresse:<\/strong> Enhet C, Enterprise House Tomo Industrial Estate, Packet Boat Ln, Cowley, Uxbridge UB8 2JP<\/p>\n<p><a href=\"http:\/\/www.packandgo.co.uk\/\" target=\"_new\" rel=\"noopener\">Pack and Go UKs nettsted<\/a><\/p>\n<p><strong>Vurderingspoeng: <\/strong>4.6<br \/> <strong>Antall anmeldelser:<\/strong> 150<br \/><a href=\"https:\/\/www.google.co.uk\/maps?cid=9471743115519837085&#038;hl=en&#038;gl=GB\" target=\"_new\" rel=\"noopener\">Les anmeldelser<\/a><\/p>\n<h2>Hvordan vi valgte de beste spedisjonsselskapene i Uxbridge<\/h2>\n<p>Vi startet med et datasett med 8 Uxbridge spedisjonsfirmaer som vi kunne finne via Google Maps, og snevret det inn til de 2 beste.<\/p>\n<p>For \u00e5 gj\u00f8re dette fjernet vi alle selskaper som:<\/p>\n<ul>\n<li> Hadde ikke noe nettsted<\/li>\n<li> Hadde ingen anmeldelser<\/li>\n<li> Hadde en gjennomsnittlig vurderingsscore p\u00e5 under 2,0<\/li>\n<\/ul>\n<p>Hvis vi p\u00e5 dette tidspunktet hadde 17 eller f\u00e6rre spedit\u00f8rer, listet vi opp alle.<\/p>\n<p>For byer der vi satt igjen med mer enn 17 spedit\u00f8rer, gjorde vi ytterligere endringer ved enten \u00e5 \u00f8ke kravet til poengsum (f.eks. fra minimum 2,0 til 4,0) og\/eller \u00f8ke kravet til antall anmeldelser (f.eks. fra minst 1 anmeldelse til minst 10).<\/p>\n<p>Merk at vi kun har brukt data fra Google Maps og ikke andre tredjeparts nettsteder.<\/p>\n<p>Flere byer:<\/p>\n<p><a href=\"https:\/\/moverdb.com\/nb\/speditor\/freight-forwarding-uk\/leyland-freight-forwarder\/\">Leyland Spedit\u00f8r<\/a><br \/><a href=\"https:\/\/moverdb.com\/nb\/speditor\/freight-forwarding-uk\/cheadle-freight-forwarder\/\">Cheadle Spedit\u00f8r<\/a><br \/><a href=\"https:\/\/moverdb.com\/nb\/speditor\/freight-forwarding-uk\/oldbury-freight-forwarder\/\">Oldbury Spedit\u00f8r<\/a><br \/><a href=\"https:\/\/moverdb.com\/nb\/speditor\/freight-forwarding-uk\/chertsey-freight-forwarder\/\">Chertsey Spedit\u00f8r<\/a><br \/><a href=\"https:\/\/moverdb.com\/nb\/speditor\/freight-forwarding-uk\/huntingdon-freight-forwarder\/\">Spedit\u00f8r i Huntingdon<\/a><\/p>","protected":false},"excerpt":{"rendered":"<p>Below we look at the 2 &#8220;best&#8221; Freight Forwarding companies in Uxbridge out of 8. To learn more about how we chose the best please consult our FAQ section at the end. Please not the following listings are in no particular order and we are not making any recommendations for any particular company. Havi Global [&hellip;]<\/p>\n","protected":false},"author":1,"featured_media":0,"parent":13427,"menu_order":0,"comment_status":"open","ping_status":"open","template":"","meta":{"_genesis_hide_title":false,"_genesis_hide_breadcrumbs":false,"_genesis_hide_singular_image":false,"_genesis_hide_footer_widgets":false,"_genesis_custom_body_class":"","_genesis_custom_post_class":"","_genesis_layout":"","footnotes":""},"class_list":{"0":"post-14072","1":"page","2":"type-page","3":"status-publish","5":"entry"},"_links":{"self":[{"href":"https:\/\/moverdb.com\/nb\/wp-json\/wp\/v2\/pages\/14072","targetHints":{"allow":["GET"]}}],"collection":[{"href":"https:\/\/moverdb.com\/nb\/wp-json\/wp\/v2\/pages"}],"about":[{"href":"https:\/\/moverdb.com\/nb\/wp-json\/wp\/v2\/types\/page"}],"author":[{"embeddable":true,"href":"https:\/\/moverdb.com\/nb\/wp-json\/wp\/v2\/users\/1"}],"replies":[{"embeddable":true,"href":"https:\/\/moverdb.com\/nb\/wp-json\/wp\/v2\/comments?post=14072"}],"version-history":[{"count":1,"href":"https:\/\/moverdb.com\/nb\/wp-json\/wp\/v2\/pages\/14072\/revisions"}],"predecessor-version":[{"id":15752,"href":"https:\/\/moverdb.com\/nb\/wp-json\/wp\/v2\/pages\/14072\/revisions\/15752"}],"up":[{"embeddable":true,"href":"https:\/\/moverdb.com\/nb\/wp-json\/wp\/v2\/pages\/13427"}],"wp:attachment":[{"href":"https:\/\/moverdb.com\/nb\/wp-json\/wp\/v2\/media?parent=14072"}],"curies":[{"name":"wp","href":"https:\/\/api.w.org\/{rel}","templated":true}]}}