{"id":14058,"date":"2023-11-08T15:54:18","date_gmt":"2023-11-08T15:54:18","guid":{"rendered":"https:\/\/moverdb.com\/freight-forwarder\/freight-forwarding-uk\/cleckheaton-freight-forwarder\/"},"modified":"2026-01-08T14:56:03","modified_gmt":"2026-01-08T14:56:03","slug":"cleckheaton-freight-forwarder","status":"publish","type":"page","link":"https:\/\/moverdb.com\/nb\/freight-forwarder\/freight-forwarding-uk\/cleckheaton-freight-forwarder\/","title":{"rendered":"De 2 beste spedisjonsselskapene i Cleckheaton (2024)"},"content":{"rendered":"<p>Nedenfor ser vi p\u00e5 de 2 <em>\"best\"<\/em> Spedisjonsfirmaer i Cleckheaton av 2.<\/p>\n<p>Hvis du vil vite mer om hvordan vi har valgt ut de beste, kan du lese mer i FAQ-delen til slutt.<\/p>\n<p><em>V\u00e6r oppmerksom p\u00e5 at listene nedenfor ikke kommer i noen bestemt rekkef\u00f8lge, og at vi ikke anbefaler noen bestemte selskaper.<\/em><\/p>\n<h2>MY Logistics Limited<\/h2>\n<p><img decoding=\"async\" src=\"https:\/\/moverdb.com\/wp-content\/uploads\/AF1QipMon4nlCBvoPAq2ZiIA0lnvUgO9wu2NWTCbL6__w408-h289-k-no.jpg\" alt='MY Logistics Limited' class=\"aligncenter\"><\/p>\n<p><strong>Beskrivelse fra virksomheten: <\/strong>Etablert i 2005<br \/>\nInternasjonal transport\u00f8r med base i West Yorkshire<\/p>\n<p><strong>Tilleggstjenester:<\/strong><\/p>\n<p>Ingen oppf\u00f8rt<\/p>\n<p><strong>Adresse:<\/strong> Spen Valley House, Industrial Park, Rawfolds, Cleckheaton BD19 5LJ<\/p>\n<p><a href=\"http:\/\/www.mylogisticsltd.co.uk\/\" target=\"_new\" rel=\"noopener\">MY Logistics Limiteds nettsted<\/a><\/p>\n<p><strong>Vurderingspoeng: <\/strong>4.9<br \/> <strong>Antall anmeldelser:<\/strong> 10<br \/><a href=\"https:\/\/www.google.co.uk\/maps?cid=10434569544747409173&#038;hl=en&#038;gl=GB\" target=\"_new\" rel=\"noopener\">Les anmeldelser<\/a><\/p>\n<h2>Croft Cargo Ltd<\/h2>\n<p><img decoding=\"async\" src=\"https:\/\/moverdb.com\/wp-content\/uploads\/AF1QipPofLuxP6fJ1UZa1sYOU0Mcq3bZs4E_TfUPsfQw408-h272-k-no.jpg\" alt='Croft Cargo Ltd' class=\"aligncenter\"><\/p>\n<p><strong>Beskrivelse fra virksomheten: <\/strong>Croft Cargo er et internasjonalt logistikkselskap med base i Yorkshire.<\/p>\n<p> Croft Cargo h\u00e5ndterer sj\u00f8frakt, flyfrakt, veifrakt, lagerhold og mange andre bransjerelaterte transportformer.<\/p>\n<p> Hvis du er interessert i v\u00e5re tjenester, kan du kontakte Croft Cargo eller sende en e-post til salgsteamet v\u00e5rt p\u00e5 sales@croftcargo.<\/p>\n<p>com<\/p>\n<p><strong>Tilleggstjenester:<\/strong><\/p>\n<p>Containertjeneste<\/p>\n<p>Tollmegler<\/p>\n<p>Tollager<\/p>\n<p>Logistikk<\/p>\n<p>Transporttjeneste<\/p>\n<p><strong>Adresse:<\/strong> Whitcliffe House, 58 Whitcliffe Rd, Cleckheaton BD19 3BY<\/p>\n<p><a href=\"http:\/\/www.croftcargo.com\/\" target=\"_new\" rel=\"noopener\">Croft Cargo Ltd nettsted<\/a><\/p>\n<p><strong>Vurderingspoeng: <\/strong>5<br \/> <strong>Antall anmeldelser:<\/strong> 5<br \/><a href=\"https:\/\/www.google.co.uk\/maps?cid=4881642299095467798&#038;hl=en&#038;gl=GB\" target=\"_new\" rel=\"noopener\">Les anmeldelser<\/a><\/p>\n<h2>Hvordan vi valgte de beste spedisjonsfirmaene i Cleckheaton<\/h2>\n<p>Vi tok utgangspunkt i et datasett med 2 spedisjonsfirmaer i Cleckheaton som vi fant via Google Maps, og snevret det inn til de 2 beste.<\/p>\n<p>For \u00e5 gj\u00f8re dette fjernet vi alle selskaper som:<\/p>\n<ul>\n<li> Hadde ikke noe nettsted<\/li>\n<li> Hadde ingen anmeldelser<\/li>\n<li> Hadde en gjennomsnittlig vurderingsscore p\u00e5 under 2,0<\/li>\n<\/ul>\n<p>Hvis vi p\u00e5 dette tidspunktet hadde 17 eller f\u00e6rre spedit\u00f8rer, listet vi opp alle.<\/p>\n<p>For byer der vi satt igjen med mer enn 17 spedit\u00f8rer, gjorde vi ytterligere endringer ved enten \u00e5 \u00f8ke kravet til poengsum (f.eks. fra minimum 2,0 til 4,0) og\/eller \u00f8ke kravet til antall anmeldelser (f.eks. fra minst 1 anmeldelse til minst 10).<\/p>\n<p>Merk at vi kun har brukt data fra Google Maps og ikke andre tredjeparts nettsteder.<\/p>\n<p>Flere byer:<\/p>\n<p><a href=\"https:\/\/moverdb.com\/nb\/speditor\/freight-forwarding-uk\/stanford-le-hope-freight-forwarder\/\">Stanford-le-Hope Spedit\u00f8r<\/a><br \/><a href=\"https:\/\/moverdb.com\/nb\/speditor\/freight-forwarding-uk\/norwich-freight-forwarder\/\">Norwich Spedit\u00f8r<\/a><br \/><a href=\"https:\/\/moverdb.com\/nb\/speditor\/freight-forwarding-uk\/sunderland-freight-forwarder\/\">Spedit\u00f8r i Sunderland<\/a><br \/><a href=\"https:\/\/moverdb.com\/nb\/speditor\/freight-forwarding-uk\/berkshire-freight-forwarder\/\">Berkshire Spedit\u00f8r<\/a><br \/><a href=\"https:\/\/moverdb.com\/nb\/speditor\/freight-forwarding-uk\/uxbridge-freight-forwarder\/\">Uxbridge Spedit\u00f8r<\/a><\/p>","protected":false},"excerpt":{"rendered":"<p>Below we look at the 2 &#8220;best&#8221; Freight Forwarding companies in Cleckheaton out of 2. To learn more about how we chose the best please consult our FAQ section at the end. Please not the following listings are in no particular order and we are not making any recommendations for any particular company. MY Logistics [&hellip;]<\/p>\n","protected":false},"author":1,"featured_media":0,"parent":13427,"menu_order":0,"comment_status":"open","ping_status":"open","template":"","meta":{"_genesis_hide_title":false,"_genesis_hide_breadcrumbs":false,"_genesis_hide_singular_image":false,"_genesis_hide_footer_widgets":false,"_genesis_custom_body_class":"","_genesis_custom_post_class":"","_genesis_layout":"","footnotes":""},"class_list":{"0":"post-14058","1":"page","2":"type-page","3":"status-publish","5":"entry"},"_links":{"self":[{"href":"https:\/\/moverdb.com\/nb\/wp-json\/wp\/v2\/pages\/14058","targetHints":{"allow":["GET"]}}],"collection":[{"href":"https:\/\/moverdb.com\/nb\/wp-json\/wp\/v2\/pages"}],"about":[{"href":"https:\/\/moverdb.com\/nb\/wp-json\/wp\/v2\/types\/page"}],"author":[{"embeddable":true,"href":"https:\/\/moverdb.com\/nb\/wp-json\/wp\/v2\/users\/1"}],"replies":[{"embeddable":true,"href":"https:\/\/moverdb.com\/nb\/wp-json\/wp\/v2\/comments?post=14058"}],"version-history":[{"count":1,"href":"https:\/\/moverdb.com\/nb\/wp-json\/wp\/v2\/pages\/14058\/revisions"}],"predecessor-version":[{"id":15713,"href":"https:\/\/moverdb.com\/nb\/wp-json\/wp\/v2\/pages\/14058\/revisions\/15713"}],"up":[{"embeddable":true,"href":"https:\/\/moverdb.com\/nb\/wp-json\/wp\/v2\/pages\/13427"}],"wp:attachment":[{"href":"https:\/\/moverdb.com\/nb\/wp-json\/wp\/v2\/media?parent=14058"}],"curies":[{"name":"wp","href":"https:\/\/api.w.org\/{rel}","templated":true}]}}