{"id":14046,"date":"2023-11-08T15:54:18","date_gmt":"2023-11-08T15:54:18","guid":{"rendered":"https:\/\/moverdb.com\/freight-forwarder\/freight-forwarding-uk\/hockley-freight-forwarder\/"},"modified":"2026-01-08T14:56:10","modified_gmt":"2026-01-08T14:56:10","slug":"hockley-freight-forwarder","status":"publish","type":"page","link":"https:\/\/moverdb.com\/nb\/freight-forwarder\/freight-forwarding-uk\/hockley-freight-forwarder\/","title":{"rendered":"2 beste spedisjonsselskaper i Hockley (2024)"},"content":{"rendered":"<p>Nedenfor ser vi p\u00e5 de 2 <em>\"best\"<\/em> Spedisjonsfirmaer i Hockley av 2.<\/p>\n<p>Hvis du vil vite mer om hvordan vi har valgt ut de beste, kan du lese mer i FAQ-delen til slutt.<\/p>\n<p><em>V\u00e6r oppmerksom p\u00e5 at listene nedenfor ikke kommer i noen bestemt rekkef\u00f8lge, og at vi ikke anbefaler noen bestemte selskaper.<\/em><\/p>\n<h2>RJS Shipping Ltd<\/h2>\n<p><img decoding=\"async\" src=\"https:\/\/moverdb.com\/wp-content\/uploads\/AF1QipMi5UsDM0iopamtQA_oDrTN3sIzJtxxsTP9rw60w1280-h240-k-no.jpg\" alt='RJS Shipping Ltd' class=\"aligncenter\"><\/p>\n<p><strong>Beskrivelse fra virksomheten: <\/strong>Med utgangspunkt i <a href=\"https:\/\/moverdb.com\/nb\/moving-to-the-uk\/\" data-internallinksmanager029f6b8e52c=\"93\" title=\"Flytte til Storbritannia? 2023 Levekostnader og flyttetips\">STORBRITANNIA<\/a>RJS Shipping Ltd er et profesjonelt spedisjonsfirma som tilbyr verdensomspennende transport av alle typer gods, med spesialisering p\u00e5 campingvogner, bobiler og kj\u00f8ret\u00f8y.<\/p>\n<p>Med 15 \u00e5rs erfaring fra logistikkbransjen har RJS Shipping bygget opp langvarige og p\u00e5litelige relasjoner med b\u00e5de rederier og viktige leverand\u00f8rer til bransjen, noe som gj\u00f8r det mulig \u00e5 <a href=\"https:\/\/moverdb.com\/nb\/moving-to-the-united-states\/\" data-internallinksmanager029f6b8e52c=\"94\" title=\"Flytte til USA? 2023 Levekostnader og flyttetips\">oss<\/a> for \u00e5 forhandle frem best mulige priser for import eller eksport av forsendelsen din.<\/p>\n<p> V\u00e5r omfattende kunnskap gj\u00f8r oss i stand til \u00e5 gi kundene v\u00e5re uvurderlig veiledning og r\u00e5d f\u00f8r transport av gods.<\/p>\n<p>Enten det dreier seg om en engangsforsendelse eller en langsiktig kontrakt for regelmessige forsendelser, tilbyr RJS Shipping Ltd profesjonell og personlig service.<\/p>\n<p><strong>Tilleggstjenester:<\/strong><\/p>\n<p>Import- og eksportselskap<\/p>\n<p>Logistikk<\/p>\n<p>Leveringsselskap<\/p>\n<p>Frakttjeneste<\/p>\n<p>Eksport\u00f8r av kj\u00f8ret\u00f8y<\/p>\n<p><strong>Adresse:<\/strong> 3 The Hylands, Hockley SS5 4PP<\/p>\n<p><a href=\"https:\/\/www.rjsshipping.com\/\" target=\"_new\" rel=\"noopener\">RJS Shipping Ltd nettsted<\/a><\/p>\n<p><strong>Vurderingspoeng: <\/strong>5<br \/> <strong>Antall anmeldelser:<\/strong> 5<br \/><a href=\"https:\/\/www.google.co.uk\/maps?cid=3454828561771062453&#038;hl=en&#038;gl=GB\" target=\"_new\" rel=\"noopener\">Les anmeldelser<\/a><\/p>\n<h2>FLH Transport Ltd<\/h2>\n<p><img decoding=\"async\" src=\"https:\/\/moverdb.com\/wp-content\/uploads\/thumbnailpanoidpJcqrOsZqbwLRTqSCc6fbwcb_clientsearch.gws-prod.gpsw408h240yaw335.jpg\" alt='FLH Transport Ltd' class=\"aligncenter\"><\/p>\n<p><strong>Beskrivelse fra virksomheten: <\/strong>Landsomfattende spedisjonstjeneste<\/p>\n<p><strong>Tilleggstjenester:<\/strong><\/p>\n<p>Kurertjeneste<\/p>\n<p><strong>Adresse:<\/strong> 2 Belvedere Ave, Hockley SS5 4UL<\/p>\n<p><a href=\"http:\/\/www.flhtransport.com\/\" target=\"_new\" rel=\"noopener\">FLH Transport Ltd nettsted<\/a><\/p>\n<p><strong>Vurderingspoeng: <\/strong>5<br \/> <strong>Antall anmeldelser:<\/strong> 2<br \/><a href=\"https:\/\/www.google.co.uk\/maps?cid=4157664211208922319&#038;hl=en&#038;gl=GB\" target=\"_new\" rel=\"noopener\">Les anmeldelser<\/a><\/p>\n<h2>Hvordan vi valgte ut de beste spedisjonsselskapene i Hockley<\/h2>\n<p>Vi tok utgangspunkt i et datasett med 2 spedisjonsfirmaer i Hockley som vi kunne finne via Google Maps, og snevret det inn til de 2 beste.<\/p>\n<p>For \u00e5 gj\u00f8re dette fjernet vi alle selskaper som:<\/p>\n<ul>\n<li> Hadde ikke noe nettsted<\/li>\n<li> Hadde ingen anmeldelser<\/li>\n<li> Hadde en gjennomsnittlig vurderingsscore p\u00e5 under 2,0<\/li>\n<\/ul>\n<p>Hvis vi p\u00e5 dette tidspunktet hadde 17 eller f\u00e6rre spedit\u00f8rer, listet vi opp alle.<\/p>\n<p>For byer der vi satt igjen med mer enn 17 spedit\u00f8rer, gjorde vi ytterligere endringer ved enten \u00e5 \u00f8ke kravet til poengsum (f.eks. fra minimum 2,0 til 4,0) og\/eller \u00f8ke kravet til antall anmeldelser (f.eks. fra minst 1 anmeldelse til minst 10).<\/p>\n<p>Merk at vi kun har brukt data fra Google Maps og ikke andre tredjeparts nettsteder.<\/p>\n<p>Flere byer:<\/p>\n<p><a href=\"https:\/\/moverdb.com\/nb\/speditor\/freight-forwarding-uk\/fareham-freight-forwarder\/\">Spedit\u00f8r i Fareham<\/a><br \/><a href=\"https:\/\/moverdb.com\/nb\/speditor\/freight-forwarding-uk\/normanton-freight-forwarder\/\">Normanton Spedit\u00f8r<\/a><br \/><a href=\"https:\/\/moverdb.com\/nb\/speditor\/freight-forwarding-uk\/solihull-freight-forwarder\/\">Solihull Spedit\u00f8r<\/a><br \/><a href=\"https:\/\/moverdb.com\/nb\/speditor\/freight-forwarding-uk\/cleckheaton-freight-forwarder\/\">Cleckheaton Spedit\u00f8r<\/a><br \/><a href=\"https:\/\/moverdb.com\/nb\/speditor\/freight-forwarding-uk\/stanford-le-hope-freight-forwarder\/\">Stanford-le-Hope Spedit\u00f8r<\/a><\/p>","protected":false},"excerpt":{"rendered":"<p>Below we look at the 2 &#8220;best&#8221; Freight Forwarding companies in Hockley out of 2. To learn more about how we chose the best please consult our FAQ section at the end. Please not the following listings are in no particular order and we are not making any recommendations for any particular company. RJS Shipping [&hellip;]<\/p>\n","protected":false},"author":1,"featured_media":0,"parent":13427,"menu_order":0,"comment_status":"open","ping_status":"open","template":"","meta":{"_genesis_hide_title":false,"_genesis_hide_breadcrumbs":false,"_genesis_hide_singular_image":false,"_genesis_hide_footer_widgets":false,"_genesis_custom_body_class":"","_genesis_custom_post_class":"","_genesis_layout":"","footnotes":""},"class_list":{"0":"post-14046","1":"page","2":"type-page","3":"status-publish","5":"entry"},"_links":{"self":[{"href":"https:\/\/moverdb.com\/nb\/wp-json\/wp\/v2\/pages\/14046","targetHints":{"allow":["GET"]}}],"collection":[{"href":"https:\/\/moverdb.com\/nb\/wp-json\/wp\/v2\/pages"}],"about":[{"href":"https:\/\/moverdb.com\/nb\/wp-json\/wp\/v2\/types\/page"}],"author":[{"embeddable":true,"href":"https:\/\/moverdb.com\/nb\/wp-json\/wp\/v2\/users\/1"}],"replies":[{"embeddable":true,"href":"https:\/\/moverdb.com\/nb\/wp-json\/wp\/v2\/comments?post=14046"}],"version-history":[{"count":1,"href":"https:\/\/moverdb.com\/nb\/wp-json\/wp\/v2\/pages\/14046\/revisions"}],"predecessor-version":[{"id":15720,"href":"https:\/\/moverdb.com\/nb\/wp-json\/wp\/v2\/pages\/14046\/revisions\/15720"}],"up":[{"embeddable":true,"href":"https:\/\/moverdb.com\/nb\/wp-json\/wp\/v2\/pages\/13427"}],"wp:attachment":[{"href":"https:\/\/moverdb.com\/nb\/wp-json\/wp\/v2\/media?parent=14046"}],"curies":[{"name":"wp","href":"https:\/\/api.w.org\/{rel}","templated":true}]}}