{"id":14043,"date":"2023-11-08T15:54:18","date_gmt":"2023-11-08T15:54:18","guid":{"rendered":"https:\/\/moverdb.com\/freight-forwarder\/freight-forwarding-uk\/wembley-freight-forwarder\/"},"modified":"2026-01-08T14:58:43","modified_gmt":"2026-01-08T14:58:43","slug":"wembley-freight-forwarder","status":"publish","type":"page","link":"https:\/\/moverdb.com\/nb\/freight-forwarder\/freight-forwarding-uk\/wembley-freight-forwarder\/","title":{"rendered":"2 beste spedisjonsfirmaer i Wembley (2024)"},"content":{"rendered":"<p>Nedenfor ser vi p\u00e5 de 2 <em>\"best\"<\/em> Spedisjonsfirmaer i Wembley av 8.<\/p>\n<p>Hvis du vil vite mer om hvordan vi har valgt ut de beste, kan du lese mer i FAQ-delen til slutt.<\/p>\n<p><em>V\u00e6r oppmerksom p\u00e5 at listene nedenfor ikke kommer i noen bestemt rekkef\u00f8lge, og at vi ikke anbefaler noen bestemte selskaper.<\/em><\/p>\n<h2>Air Cargo Global Kenya (www.Kenya-AirCargo.com)<\/h2>\n<p><img decoding=\"async\" src=\"https:\/\/moverdb.com\/wp-content\/uploads\/AF1QipOJY_kDodVzmgJtYC-sWixwmPVY3CyvwDW6i-MZw426-h240-k-no.jpg\" alt='Air Cargo Global Kenya (www.Kenya-AirCargo.com)' class=\"aligncenter\"><\/p>\n<p><strong>Beskrivelse fra virksomheten: <\/strong>Hos Air Cargo Global <a href=\"https:\/\/moverdb.com\/nb\/moving-companies\/moving-companies-kenya\/\" data-internallinksmanager029f6b8e52c=\"305\" title=\"4 beste internasjonale flyttefirmaer i Kenya\">Kenya<\/a> Vi tilbyr en ledende frakttjeneste til Kenya som er kostnadseffektiv og sikker.<\/p>\n<p> Vi er stolte av \u00e5 kunne tilby d\u00f8r-til-d\u00f8r-frakt til Kenya, enten du har behov for flyfrakt eller sj\u00f8frakt av personalets eiendeler, netthandel, overbagasje eller kommersielt gods.<\/p>\n<p>Vi tilbyr:<\/p>\n<p>Frakt til Kenya<br \/>\nFrakt til Zimbabwe<br \/>\nFrakt til Uganda<br \/>\nFrakt til Somalia<br \/>\nFrakt til Afrika<br \/>\nFrakt til Rwanda<br \/>\nFlyfrakt til Angola<br \/>\nFlyfrakt til <a href=\"https:\/\/moverdb.com\/nb\/moving-companies\/burkina-faso-moving-companies\/\" data-internallinksmanager029f6b8e52c=\"221\" title=\"Beste internasjonale flyttefirmaer i Burkina Faso\">Burkina Faso<\/a><br \/>\nFlyfrakt til Benin<br \/>\nFlyfrakt til <a href=\"https:\/\/moverdb.com\/nb\/moving-companies\/botswana-moving-companies\/\" data-internallinksmanager029f6b8e52c=\"167\" title=\"Beste internasjonale flyttefirmaer i Botswana\">Botswana<\/a><br \/>\nFlyfrakt til Den sentralafrikanske republikk<br \/>\nFlyfrakt til Elfenbenskysten<br \/>\nFlyfrakt til <a href=\"https:\/\/moverdb.com\/nb\/moving-companies\/cameroon-moving-companies\/\" data-internallinksmanager029f6b8e52c=\"222\" title=\"Beste internasjonale flyttefirmaer i Kamerun\">Kamerun<\/a><br \/>\nFlyfrakt til <a href=\"https:\/\/moverdb.com\/nb\/moving-companies\/algeria\/\" data-internallinksmanager029f6b8e52c=\"166\" title=\"3 beste internasjonale flyttefirmaer i Algerie\">Algerie<\/a><br \/>\nFlyfrakt til <a href=\"https:\/\/moverdb.com\/nb\/moving-companies\/egypt-moving-companies\/\" data-internallinksmanager029f6b8e52c=\"200\" title=\"11 beste internasjonale flyttefirmaer i Egypt\">Egypt<\/a><br \/>\nFlyfrakt til Vest-Sahara<br \/>\nFlyfrakt til <a href=\"https:\/\/moverdb.com\/nb\/moving-companies\/moving-companies-ethiopia\/\" data-internallinksmanager029f6b8e52c=\"214\" title=\"5 beste internasjonale flyttefirmaer i Etiopia\">Etiopia<\/a><br \/>\nFlyfrakt til Gabon<br \/>\nFlyfrakt til <a href=\"https:\/\/moverdb.com\/nb\/moving-companies\/moving-companies-ghana\/\" data-internallinksmanager029f6b8e52c=\"228\" title=\"2 beste internasjonale flyttefirmaer i Ghana\">Ghana<\/a><br \/>\nFlyfrakt til Gambia<\/p>\n<p><strong>Tilleggstjenester:<\/strong><\/p>\n<p>Kurertjeneste<\/p>\n<p><strong>Adresse:<\/strong> Wembley Park forretningssenter, Access, First Way, Wembley HA9 0JD<\/p>\n<p><a href=\"http:\/\/www.kenya-aircargo.com\/\" target=\"_new\" rel=\"noopener\">Air Cargo Global Kenyas nettsted (www.Kenya-AirCargo.com)<\/a><\/p>\n<p><strong>Vurderingspoeng: <\/strong>4.3<br \/> <strong>Antall anmeldelser:<\/strong> 11<br \/><a href=\"https:\/\/www.google.co.uk\/maps?cid=18136524815790858633&#038;hl=en&#038;gl=GB\" target=\"_new\" rel=\"noopener\">Les anmeldelser<\/a><\/p>\n<h2>Arab Africa Cargo Ltd (DHL Express, Frakt til Midt\u00f8sten, Afrika )<\/h2>\n<p><img decoding=\"async\" src=\"https:\/\/moverdb.com\/wp-content\/uploads\/AF1QipMecEC7NKx9s8WtQBwD4kH-jRmke_zzboxdmd5-w648-h240-k-no.jpg\" alt='Arab Africa Cargo Ltd (DHL Express, Frakt til Midt\u00f8sten, Afrika )' class=\"aligncenter\"><\/p>\n<p><strong>Beskrivelse fra virksomheten: <\/strong>Arab Africa cargo tilbyr raske og sikre flyfrakt- og DHL Express-tjenester fra <a href=\"https:\/\/moverdb.com\/nb\/moving-to-the-uk\/\" data-internallinksmanager029f6b8e52c=\"93\" title=\"Flytte til Storbritannia? 2023 Levekostnader og flyttetips\">STORBRITANNIA<\/a> og Europa til Midt\u00f8sten, Afrika, Asia og resten av verden.<\/p>\n<p> Vi tilbyr et komplett utvalg av tjenester p\u00e5 alle ruter, inkludert ekspress- og direkteruter.<\/p>\n<p> Men n\u00e5r tiden ikke strekker til, kan vi ogs\u00e5 tilby alternative l\u00f8sninger som utsatte og konsoliderte tjenester for \u00e5 tilpasse kostnadene til tidsfristene.<\/p>\n<p>Vi har hjulpet kundene v\u00e5re med \u00e5 frakte personlig og kommersielt gods, enten det dreier seg om overfl\u00f8dig bagasje eller paller, via flyfrakt til resten av verden.<\/p>\n<p>+442030027757<\/p>\n<p><strong>Tilleggstjenester:<\/strong><\/p>\n<p>Kurertjeneste<\/p>\n<p><strong>Adresse:<\/strong> Access Business Centre, First Way, Wembley HA9 0JD<\/p>\n<p><a href=\"http:\/\/arabafricacargo.com\/\" target=\"_new\" rel=\"noopener\">Arab Africa Cargo Ltd (DHL Express, Frakt til Midt\u00f8sten, Afrika ) nettsted<\/a><\/p>\n<p><strong>Vurderingspoeng: <\/strong>4.5<br \/> <strong>Antall anmeldelser:<\/strong> 8<br \/><a href=\"https:\/\/www.google.co.uk\/maps?cid=2013360732440905948&#038;hl=en&#038;gl=GB\" target=\"_new\" rel=\"noopener\">Les anmeldelser<\/a><\/p>\n<h2>Slik valgte vi ut de beste spedisjonsselskapene i Wembley<\/h2>\n<p>Vi tok utgangspunkt i et datasett med 8 spedisjonsselskaper i Wembley som vi fant via Google Maps, og begrenset det til de 2 beste.<\/p>\n<p>For \u00e5 gj\u00f8re dette fjernet vi alle selskaper som:<\/p>\n<ul>\n<li> Hadde ikke noe nettsted<\/li>\n<li> Hadde ingen anmeldelser<\/li>\n<li> Hadde en gjennomsnittlig vurderingsscore p\u00e5 under 2,0<\/li>\n<\/ul>\n<p>Hvis vi p\u00e5 dette tidspunktet hadde 17 eller f\u00e6rre spedit\u00f8rer, listet vi opp alle.<\/p>\n<p>For byer der vi satt igjen med mer enn 17 spedit\u00f8rer, gjorde vi ytterligere endringer ved enten \u00e5 \u00f8ke kravet til poengsum (f.eks. fra minimum 2,0 til 4,0) og\/eller \u00f8ke kravet til antall anmeldelser (f.eks. fra minst 1 anmeldelse til minst 10).<\/p>\n<p>Merk at vi kun har brukt data fra Google Maps og ikke andre tredjeparts nettsteder.<\/p>\n<p>Flere byer:<\/p>\n<p><a href=\"https:\/\/moverdb.com\/nb\/speditor\/freight-forwarding-uk\/hockley-freight-forwarder\/\">Hockley Spedit\u00f8r<\/a><br \/><a href=\"https:\/\/moverdb.com\/nb\/speditor\/freight-forwarding-uk\/fareham-freight-forwarder\/\">Spedit\u00f8r i Fareham<\/a><br \/><a href=\"https:\/\/moverdb.com\/nb\/speditor\/freight-forwarding-uk\/normanton-freight-forwarder\/\">Normanton Spedit\u00f8r<\/a><br \/><a href=\"https:\/\/moverdb.com\/nb\/speditor\/freight-forwarding-uk\/solihull-freight-forwarder\/\">Solihull Spedit\u00f8r<\/a><br \/><a href=\"https:\/\/moverdb.com\/nb\/speditor\/freight-forwarding-uk\/cleckheaton-freight-forwarder\/\">Cleckheaton Spedit\u00f8r<\/a><\/p>","protected":false},"excerpt":{"rendered":"<p>Below we look at the 2 &#8220;best&#8221; Freight Forwarding companies in Wembley out of 8. To learn more about how we chose the best please consult our FAQ section at the end. Please not the following listings are in no particular order and we are not making any recommendations for any particular company. Air Cargo [&hellip;]<\/p>\n","protected":false},"author":1,"featured_media":0,"parent":13427,"menu_order":0,"comment_status":"open","ping_status":"open","template":"","meta":{"_genesis_hide_title":false,"_genesis_hide_breadcrumbs":false,"_genesis_hide_singular_image":false,"_genesis_hide_footer_widgets":false,"_genesis_custom_body_class":"","_genesis_custom_post_class":"","_genesis_layout":"","footnotes":""},"class_list":{"0":"post-14043","1":"page","2":"type-page","3":"status-publish","5":"entry"},"_links":{"self":[{"href":"https:\/\/moverdb.com\/nb\/wp-json\/wp\/v2\/pages\/14043","targetHints":{"allow":["GET"]}}],"collection":[{"href":"https:\/\/moverdb.com\/nb\/wp-json\/wp\/v2\/pages"}],"about":[{"href":"https:\/\/moverdb.com\/nb\/wp-json\/wp\/v2\/types\/page"}],"author":[{"embeddable":true,"href":"https:\/\/moverdb.com\/nb\/wp-json\/wp\/v2\/users\/1"}],"replies":[{"embeddable":true,"href":"https:\/\/moverdb.com\/nb\/wp-json\/wp\/v2\/comments?post=14043"}],"version-history":[{"count":1,"href":"https:\/\/moverdb.com\/nb\/wp-json\/wp\/v2\/pages\/14043\/revisions"}],"predecessor-version":[{"id":15756,"href":"https:\/\/moverdb.com\/nb\/wp-json\/wp\/v2\/pages\/14043\/revisions\/15756"}],"up":[{"embeddable":true,"href":"https:\/\/moverdb.com\/nb\/wp-json\/wp\/v2\/pages\/13427"}],"wp:attachment":[{"href":"https:\/\/moverdb.com\/nb\/wp-json\/wp\/v2\/media?parent=14043"}],"curies":[{"name":"wp","href":"https:\/\/api.w.org\/{rel}","templated":true}]}}