{"id":14034,"date":"2023-11-08T15:53:54","date_gmt":"2023-11-08T15:53:54","guid":{"rendered":"https:\/\/moverdb.com\/freight-forwarder\/freight-forwarding-uk\/newcastle-upon-tyne-freight-forwarder\/"},"modified":"2026-01-08T14:58:11","modified_gmt":"2026-01-08T14:58:11","slug":"newcastle-upon-tyne-freight-forwarder","status":"publish","type":"page","link":"https:\/\/moverdb.com\/nb\/freight-forwarder\/freight-forwarding-uk\/newcastle-upon-tyne-freight-forwarder\/","title":{"rendered":"2 beste spedisjonsselskaper i Newcastle upon Tyne (2024)"},"content":{"rendered":"<p>Nedenfor ser vi p\u00e5 de 2 <em>\"best\"<\/em> Spedisjonsfirmaer i Newcastle upon Tyne av 9.<\/p>\n<p>Hvis du vil vite mer om hvordan vi har valgt ut de beste, kan du lese mer i FAQ-delen til slutt.<\/p>\n<p><em>V\u00e6r oppmerksom p\u00e5 at listene nedenfor ikke kommer i noen bestemt rekkef\u00f8lge, og at vi ikke anbefaler noen bestemte selskaper.<\/em><\/p>\n<h2>Flytjenester over hele verden<\/h2>\n<p><img decoding=\"async\" src=\"\" alt=\"Flytjenester over hele verden\" class=\"aligncenter\"><\/p>\n<p><strong>Beskrivelse fra virksomheten: <\/strong>Ingen oppgitt<\/p>\n<p><strong>Tilleggstjenester:<\/strong><\/p>\n<p>Ingen oppf\u00f8rt<\/p>\n<p><strong>Adresse:<\/strong> Newcastle internasjonale lufthavn, Airport Freightway Freight Village, Woolsington, Newcastle upon Tyne NE13 8BH<\/p>\n<p><a href=\"https:\/\/www.wfs.aero\/\" target=\"_new\" rel=\"noopener\">Nettstedet til Worldwide Flight Services<\/a><\/p>\n<p><strong>Vurderingspoeng: <\/strong>4.3<br \/> <strong>Antall anmeldelser:<\/strong> 10<br \/><a href=\"https:\/\/www.google.co.uk\/maps?cid=15607528302162113827&#038;hl=en&#038;gl=GB\" target=\"_new\" rel=\"noopener\">Les anmeldelser<\/a><\/p>\n<h2>Stadium Export Services<\/h2>\n<p><img decoding=\"async\" src=\"https:\/\/moverdb.com\/wp-content\/uploads\/AF1QipNbJpafx0rQLiLxsp-PicBp0f6XDpvl3c9HG6kw408-h271-k-no.jpg\" alt='Stadium Export Services' class=\"aligncenter\"><\/p>\n<p><strong>Beskrivelse fra virksomheten: <\/strong>Stadium Export Services tilbyr en omfattende eksporttjeneste med alt fra skreddersydd emballasje for eksport til ulike fraktl\u00f8sninger.<\/p>\n<p> Vi kombinerer lang erfaring med frakt med en rekke frakttjenester som er skreddersydd for dine fraktbehov.<\/p>\n<p> V\u00e5rt vennlige team hjelper deg hele veien, slik at du slipper \u00e5 tenke p\u00e5 spedisjon.<\/p>\n<p> Vi har et erfarent design-, pakke- og forsendelsesteam som st\u00e5r klare til \u00e5 gi deg en trygg, robust og kostnadseffektiv l\u00f8sning som sikrer at varene dine kommer frem til bestemmelsesstedet i perfekt stand hver gang.<\/p>\n<p>Trenger du \u00e5 lagre tungt gods? Stadium Export Services tilbyr trygg og sikker lagerplass i nord\u00f8st.<\/p>\n<p><strong>Tilleggstjenester:<\/strong><\/p>\n<p>Tollmegler<\/p>\n<p>Emballasjeselskap<\/p>\n<p>Emballasjeentrepren\u00f8rer og -tjenester<\/p>\n<p>Frakttjeneste<\/p>\n<p>Lagringsanlegg<\/p>\n<p>Lager<\/p>\n<p><strong>Adresse:<\/strong> Longrigg, Swalwell, Newcastle upon Tyne NE16 3AS<\/p>\n<p><a href=\"http:\/\/www.stadiumexport.co.uk\/\" target=\"_new\" rel=\"noopener\">Stadium Export Services nettsted<\/a><\/p>\n<p><strong>Vurderingspoeng: <\/strong>5<br \/> <strong>Antall anmeldelser:<\/strong> 10<br \/><a href=\"https:\/\/www.google.co.uk\/maps?cid=11505822617303750695&#038;hl=en&#038;gl=GB\" target=\"_new\" rel=\"noopener\">Les anmeldelser<\/a><\/p>\n<h2>Hvordan vi valgte ut de beste spedisjonsselskapene i Newcastle upon Tyne<\/h2>\n<p>Vi tok utgangspunkt i et datasett med 9 spedisjonsselskaper i Newcastle upon Tyne som vi kunne finne via Google Maps, og snevret det inn til de 2 beste.<\/p>\n<p>For \u00e5 gj\u00f8re dette fjernet vi alle selskaper som:<\/p>\n<ul>\n<li> Hadde ikke noe nettsted<\/li>\n<li> Hadde ingen anmeldelser<\/li>\n<li> Hadde en gjennomsnittlig vurderingsscore p\u00e5 under 2,0<\/li>\n<\/ul>\n<p>Hvis vi p\u00e5 dette tidspunktet hadde 17 eller f\u00e6rre spedit\u00f8rer, listet vi opp alle.<\/p>\n<p>For byer der vi satt igjen med mer enn 17 spedit\u00f8rer, gjorde vi ytterligere endringer ved enten \u00e5 \u00f8ke kravet til poengsum (f.eks. fra minimum 2,0 til 4,0) og\/eller \u00f8ke kravet til antall anmeldelser (f.eks. fra minst 1 anmeldelse til minst 10).<\/p>\n<p>Merk at vi kun har brukt data fra Google Maps og ikke andre tredjeparts nettsteder.<\/p>\n<p>Flere byer:<\/p>\n<p><a href=\"https:\/\/moverdb.com\/nb\/speditor\/freight-forwarding-uk\/great-yarmouth-freight-forwarder\/\">Great Yarmouth Spedit\u00f8r<\/a><br \/><a href=\"https:\/\/moverdb.com\/nb\/speditor\/freight-forwarding-uk\/newport-freight-forwarder\/\">Newport Spedit\u00f8r<\/a><br \/><a href=\"https:\/\/moverdb.com\/nb\/speditor\/freight-forwarding-uk\/wembley-freight-forwarder\/\">Wembley Spedit\u00f8r<\/a><br \/><a href=\"https:\/\/moverdb.com\/nb\/speditor\/freight-forwarding-uk\/hockley-freight-forwarder\/\">Hockley Spedit\u00f8r<\/a><br \/><a href=\"https:\/\/moverdb.com\/nb\/speditor\/freight-forwarding-uk\/fareham-freight-forwarder\/\">Spedit\u00f8r i Fareham<\/a><\/p>","protected":false},"excerpt":{"rendered":"<p>Below we look at the 2 &#8220;best&#8221; Freight Forwarding companies in Newcastle upon Tyne out of 9. To learn more about how we chose the best please consult our FAQ section at the end. Please not the following listings are in no particular order and we are not making any recommendations for any particular company. [&hellip;]<\/p>\n","protected":false},"author":1,"featured_media":0,"parent":13427,"menu_order":0,"comment_status":"open","ping_status":"open","template":"","meta":{"_genesis_hide_title":false,"_genesis_hide_breadcrumbs":false,"_genesis_hide_singular_image":false,"_genesis_hide_footer_widgets":false,"_genesis_custom_body_class":"","_genesis_custom_post_class":"","_genesis_layout":"","footnotes":""},"class_list":{"0":"post-14034","1":"page","2":"type-page","3":"status-publish","5":"entry"},"_links":{"self":[{"href":"https:\/\/moverdb.com\/nb\/wp-json\/wp\/v2\/pages\/14034","targetHints":{"allow":["GET"]}}],"collection":[{"href":"https:\/\/moverdb.com\/nb\/wp-json\/wp\/v2\/pages"}],"about":[{"href":"https:\/\/moverdb.com\/nb\/wp-json\/wp\/v2\/types\/page"}],"author":[{"embeddable":true,"href":"https:\/\/moverdb.com\/nb\/wp-json\/wp\/v2\/users\/1"}],"replies":[{"embeddable":true,"href":"https:\/\/moverdb.com\/nb\/wp-json\/wp\/v2\/comments?post=14034"}],"version-history":[{"count":1,"href":"https:\/\/moverdb.com\/nb\/wp-json\/wp\/v2\/pages\/14034\/revisions"}],"predecessor-version":[{"id":15729,"href":"https:\/\/moverdb.com\/nb\/wp-json\/wp\/v2\/pages\/14034\/revisions\/15729"}],"up":[{"embeddable":true,"href":"https:\/\/moverdb.com\/nb\/wp-json\/wp\/v2\/pages\/13427"}],"wp:attachment":[{"href":"https:\/\/moverdb.com\/nb\/wp-json\/wp\/v2\/media?parent=14034"}],"curies":[{"name":"wp","href":"https:\/\/api.w.org\/{rel}","templated":true}]}}