{"id":13916,"date":"2023-11-08T15:53:26","date_gmt":"2023-11-08T15:53:26","guid":{"rendered":"https:\/\/moverdb.com\/freight-forwarder\/freight-forwarding-uk\/cardiff-freight-forwarder\/"},"modified":"2026-01-08T13:17:48","modified_gmt":"2026-01-08T13:17:48","slug":"cardiff-freight-forwarder","status":"publish","type":"page","link":"https:\/\/moverdb.com\/nb\/freight-forwarder\/freight-forwarding-uk\/cardiff-freight-forwarder\/","title":{"rendered":"4 beste spedisjonsselskaper i Cardiff (2024)"},"content":{"rendered":"<p>Nedenfor ser vi p\u00e5 de 4 <em>\"best\"<\/em> Spedisjonsselskaper i <a href=\"\" data-internallinksmanager029f6b8e52c=\"38\" title=\"Cardiff\">Cardiff<\/a> av 8.<\/p>\n<p>Hvis du vil vite mer om hvordan vi har valgt ut de beste, kan du lese mer i FAQ-delen til slutt.<\/p>\n<p><em>V\u00e6r oppmerksom p\u00e5 at listene nedenfor ikke kommer i noen bestemt rekkef\u00f8lge, og at vi ikke anbefaler noen bestemte selskaper.<\/em><\/p>\n<div id=\"ez-toc-container\" class=\"ez-toc-v2_0_82_2 ez-toc-wrap-left counter-hierarchy ez-toc-counter ez-toc-transparent ez-toc-container-direction\">\n<div class=\"ez-toc-title-container\">\n<p class=\"ez-toc-title\" style=\"cursor:inherit\">Seksjoner<\/p>\n<span class=\"ez-toc-title-toggle\"><a href=\"#\" class=\"ez-toc-pull-right ez-toc-btn ez-toc-btn-xs ez-toc-btn-default ez-toc-toggle\" aria-label=\"Bytt innholdsfortegnelse\"><span class=\"ez-toc-js-icon-con\"><span class=\"\"><span class=\"eztoc-hide\" style=\"display:none;\">Toggle<\/span><span class=\"ez-toc-icon-toggle-span\"><svg style=\"fill: #999;color:#999\" xmlns=\"http:\/\/www.w3.org\/2000\/svg\" class=\"list-377408\" width=\"20px\" height=\"20px\" viewbox=\"0 0 24 24\" fill=\"none\"><path d=\"M6 6H4v2h2V6zm14 0H8v2h12V6zM4 11h2v2H4v-2zm16 0H8v2h12v-2zM4 16h2v2H4v-2zm16 0H8v2h12v-2z\" fill=\"currentColor\"><\/path><\/svg><svg style=\"fill: #999;color:#999\" class=\"arrow-unsorted-368013\" xmlns=\"http:\/\/www.w3.org\/2000\/svg\" width=\"10px\" height=\"10px\" viewbox=\"0 0 24 24\" version=\"1.2\" baseprofile=\"tiny\"><path d=\"M18.2 9.3l-6.2-6.3-6.2 6.3c-.2.2-.3.4-.3.7s.1.5.3.7c.2.2.4.3.7.3h11c.3 0 .5-.1.7-.3.2-.2.3-.5.3-.7s-.1-.5-.3-.7zM5.8 14.7l6.2 6.3 6.2-6.3c.2-.2.3-.5.3-.7s-.1-.5-.3-.7c-.2-.2-.4-.3-.7-.3h-11c-.3 0-.5.1-.7.3-.2.2-.3.5-.3.7s.1.5.3.7z\"\/><\/svg><\/span><\/span><\/span><\/a><\/span><\/div>\n<nav><ul class='ez-toc-list ez-toc-list-level-1 eztoc-toggle-hide-by-default' ><li class='ez-toc-page-1 ez-toc-heading-level-2'><a class=\"ez-toc-link ez-toc-heading-1\" href=\"https:\/\/moverdb.com\/nb\/freight-forwarder\/freight-forwarding-uk\/cardiff-freight-forwarder\/#Kintetsu_World_Express\" >Kintetsu World Express<\/a><\/li><li class='ez-toc-page-1 ez-toc-heading-level-2'><a class=\"ez-toc-link ez-toc-heading-2\" href=\"https:\/\/moverdb.com\/nb\/freight-forwarder\/freight-forwarding-uk\/cardiff-freight-forwarder\/#FSEW_International_freight_Forwarders\" >FSEW. Internasjonale spedit\u00f8rer.<\/a><\/li><li class='ez-toc-page-1 ez-toc-heading-level-2'><a class=\"ez-toc-link ez-toc-heading-3\" href=\"https:\/\/moverdb.com\/nb\/freight-forwarder\/freight-forwarding-uk\/cardiff-freight-forwarder\/#Freightliner\" >Freightliner<\/a><\/li><li class='ez-toc-page-1 ez-toc-heading-level-2'><a class=\"ez-toc-link ez-toc-heading-4\" href=\"https:\/\/moverdb.com\/nb\/freight-forwarder\/freight-forwarding-uk\/cardiff-freight-forwarder\/#Jas\" >Jas<\/a><\/li><li class='ez-toc-page-1 ez-toc-heading-level-2'><a class=\"ez-toc-link ez-toc-heading-5\" href=\"https:\/\/moverdb.com\/nb\/freight-forwarder\/freight-forwarding-uk\/cardiff-freight-forwarder\/#How_we_picked_the_best_Cardiff_Freight_Forwarding_Companies\" >Slik valgte vi ut de beste spedisjonsselskapene i Cardiff<\/a><\/li><\/ul><\/nav><\/div>\n<h2><span class=\"ez-toc-section\" id=\"Kintetsu_World_Express\"><\/span>Kintetsu World Express<span class=\"ez-toc-section-end\"><\/span><\/h2>\n<p><img decoding=\"async\" src=\"https:\/\/moverdb.com\/wp-content\/uploads\/thumbnailpanoidTZlTopB7YFgI2hqkz0aK0Acb_clientsearch.gws-prod.gpsw408h240yaw359.jpg\" alt='Kintetsu World Express' class=\"aligncenter\"><\/p>\n<p><strong>Beskrivelse fra virksomheten: <\/strong>Hovedkontor i Tokyo , <a href=\"https:\/\/moverdb.com\/nb\/moving-to-japan\/\" data-internallinksmanager029f6b8e52c=\"342\" title=\"Flytter du til Japan? 2023 Levekostnader og flyttetips\">Japan<\/a>KWE, Kintetsu World Express, ble grunnlagt i 1948 og ble en av de 15 st\u00f8rste globale akt\u00f8rene i logistikkbransjen.<\/p>\n<p>En integrert global logistikkpartner som tilbyr prisbel\u00f8nte tjenester innen forsyningskjedestyring - innkj\u00f8p, leverand\u00f8rstyring, sj\u00f8- og lufttransport, 3pl-lager, transport og fortolling.<\/p>\n<p>KWE har over 18.<\/p>\n<p>000 ansatte og driver virksomhet i 46 land med over 850 anlegg.<\/p>\n<p>KWE har spesialisert seg p\u00e5 logistikk innen bilindustrien, farmasi og helsevesen, luftfart, elektronikk og detaljhandel.<\/p>\n<p>I mai 2015 kj\u00f8pte KWE APL Logistics, noe som styrket portef\u00f8ljen av logistikktjenester ytterligere.<\/p>\n<p><strong>Tilleggstjenester:<\/strong><\/p>\n<p>Logistikk<\/p>\n<p>Leveringsselskap<\/p>\n<p><strong>Adresse:<\/strong> capital business park Enhet N1, The levels CF3 2PU<\/p>\n<p><a href=\"http:\/\/www.kwe.com\/\" target=\"_new\" rel=\"noopener\">Kintetsu World Express' nettsted<\/a><\/p>\n<p><strong>Vurderingspoeng: <\/strong>5<br \/> <strong>Antall anmeldelser:<\/strong> 1<br \/><a href=\"https:\/\/www.google.co.uk\/maps?cid=1801613980239022071&#038;hl=en&#038;gl=GB\" target=\"_new\" rel=\"noopener\">Les anmeldelser<\/a><\/p>\n<h2><span class=\"ez-toc-section\" id=\"FSEW_International_freight_Forwarders\"><\/span>FSEW. Internasjonale spedit\u00f8rer.<span class=\"ez-toc-section-end\"><\/span><\/h2>\n<p><img decoding=\"async\" src=\"https:\/\/moverdb.com\/wp-content\/uploads\/AF1QipPYwbUTiZXXTyC37y1_tcJ_W0m2ZaTbjiiq9Y8Sw408-h251-k-no.jpg\" alt='FSEW. Internasjonale spedit\u00f8rer.' class=\"aligncenter\"><\/p>\n<p><strong>Beskrivelse fra virksomheten: <\/strong>Ingen oppgitt<\/p>\n<p><strong>Tilleggstjenester:<\/strong><\/p>\n<p>Ingen oppf\u00f8rt<\/p>\n<p><strong>Adresse:<\/strong> Newlands Rd, St. Mellons, Cardiff CF3 2EU<\/p>\n<p><a href=\"http:\/\/www.fsew.com\/\" target=\"_new\" rel=\"noopener\">FSEW. Internasjonale spedit\u00f8rer. nettsted<\/a><\/p>\n<p><strong>Vurderingspoeng: <\/strong>4.4<br \/> <strong>Antall anmeldelser:<\/strong> 5<br \/><a href=\"https:\/\/www.google.co.uk\/maps?cid=9450346076741679460&#038;hl=en&#038;gl=GB\" target=\"_new\" rel=\"noopener\">Les anmeldelser<\/a><\/p>\n<h2><span class=\"ez-toc-section\" id=\"Freightliner\"><\/span>Freightliner<span class=\"ez-toc-section-end\"><\/span><\/h2>\n<p><img decoding=\"async\" src=\"https:\/\/moverdb.com\/wp-content\/uploads\/AF1QipMqBVABEE6Gi8RF_wGfFZAgUyr9FPHe9YHmyZHtw408-h306-k-no.jpg\" alt='Freightliner' class=\"aligncenter\"><\/p>\n<p><strong>Beskrivelse fra virksomheten: <\/strong>Ingen oppgitt<\/p>\n<p><strong>Tilleggstjenester:<\/strong><\/p>\n<p>Ingen oppf\u00f8rt<\/p>\n<p><strong>Adresse:<\/strong> Mellons, Cardiff CF3<\/p>\n<p><a href=\"https:\/\/www.gwrr.co.uk\/about\/locations\/freightliner-cardiff\/\" target=\"_new\" rel=\"noopener\">Freightliners nettsted<\/a><\/p>\n<p><strong>Vurderingspoeng: <\/strong>4.3<br \/> <strong>Antall anmeldelser:<\/strong> 60<br \/><a href=\"https:\/\/www.google.co.uk\/maps?cid=2407344978988947668&#038;hl=en&#038;gl=GB\" target=\"_new\" rel=\"noopener\">Les anmeldelser<\/a><\/p>\n<h2><span class=\"ez-toc-section\" id=\"Jas\"><\/span>Jas<span class=\"ez-toc-section-end\"><\/span><\/h2>\n<p><img decoding=\"async\" src=\"https:\/\/moverdb.com\/wp-content\/uploads\/thumbnailpanoidPa6guX4B68i1WoZu0zKl3gcb_clientsearch.gws-prod.gpsw408h240yaw358.jpg\" alt='Jas' class=\"aligncenter\"><\/p>\n<p><strong>Beskrivelse fra virksomheten: <\/strong>Ingen oppgitt<\/p>\n<p><strong>Tilleggstjenester:<\/strong><\/p>\n<p>Ingen oppf\u00f8rt<\/p>\n<p><strong>Adresse:<\/strong> B4239, Rumney, Cardiff CF3 2EW<\/p>\n<p><a href=\"https:\/\/www.jas.com\/\" target=\"_new\" rel=\"noopener\">Jas nettsted<\/a><\/p>\n<p><strong>Vurderingspoeng: <\/strong>3<br \/> <strong>Antall anmeldelser:<\/strong> 1<br \/><a href=\"https:\/\/www.google.co.uk\/maps?cid=6337198687633806846&#038;hl=en&#038;gl=GB\" target=\"_new\" rel=\"noopener\">Les anmeldelser<\/a><\/p>\n<h2><span class=\"ez-toc-section\" id=\"How_we_picked_the_best_Cardiff_Freight_Forwarding_Companies\"><\/span>Slik valgte vi ut de beste spedisjonsselskapene i Cardiff<span class=\"ez-toc-section-end\"><\/span><\/h2>\n<p>Vi tok utgangspunkt i et datasett med 8 spedisjonsselskaper i Cardiff som vi kunne finne via Google Maps, og snevret det inn til de 4 beste.<\/p>\n<p>For \u00e5 gj\u00f8re dette fjernet vi alle selskaper som:<\/p>\n<ul>\n<li> Hadde ikke noe nettsted<\/li>\n<li> Hadde ingen anmeldelser<\/li>\n<li> Hadde en gjennomsnittlig vurderingsscore p\u00e5 under 2,0<\/li>\n<\/ul>\n<p>Hvis vi p\u00e5 dette tidspunktet hadde 17 eller f\u00e6rre spedit\u00f8rer, listet vi opp alle.<\/p>\n<p>For byer der vi satt igjen med mer enn 17 spedit\u00f8rer, gjorde vi ytterligere endringer ved enten \u00e5 \u00f8ke kravet til poengsum (f.eks. fra minimum 2,0 til 4,0) og\/eller \u00f8ke kravet til antall anmeldelser (f.eks. fra minst 1 anmeldelse til minst 10).<\/p>\n<p>Merk at vi kun har brukt data fra Google Maps og ikke andre tredjeparts nettsteder.<\/p>\n<p>Flere byer:<\/p>\n<p><a href=\"https:\/\/moverdb.com\/nb\/speditor\/freight-forwarding-uk\/luton-freight-forwarder\/\">Spedit\u00f8r i Luton<\/a><br \/><a href=\"https:\/\/moverdb.com\/nb\/speditor\/freight-forwarding-uk\/milton-keynes-freight-forwarder\/\">Spedit\u00f8r i Milton Keynes<\/a><br \/><a href=\"https:\/\/moverdb.com\/nb\/speditor\/freight-forwarding-uk\/aberdeen-freight-forwarder\/\">Spedit\u00f8r Aberdeen<\/a><br \/><a href=\"https:\/\/moverdb.com\/nb\/speditor\/freight-forwarding-uk\/heywood-freight-forwarder\/\">Heywood Spedit\u00f8r<\/a><br \/><a href=\"https:\/\/moverdb.com\/nb\/speditor\/freight-forwarding-uk\/edinburgh-freight-forwarder\/\">Spedit\u00f8r i Edinburgh<\/a><\/p>","protected":false},"excerpt":{"rendered":"<p>Below we look at the 4 &#8220;best&#8221; Freight Forwarding companies in Cardiff out of 8. To learn more about how we chose the best please consult our FAQ section at the end. Please not the following listings are in no particular order and we are not making any recommendations for any particular company. Kintetsu World [&hellip;]<\/p>\n","protected":false},"author":1,"featured_media":0,"parent":13427,"menu_order":0,"comment_status":"open","ping_status":"open","template":"","meta":{"_genesis_hide_title":false,"_genesis_hide_breadcrumbs":false,"_genesis_hide_singular_image":false,"_genesis_hide_footer_widgets":false,"_genesis_custom_body_class":"","_genesis_custom_post_class":"","_genesis_layout":"","footnotes":""},"class_list":{"0":"post-13916","1":"page","2":"type-page","3":"status-publish","5":"entry"},"_links":{"self":[{"href":"https:\/\/moverdb.com\/nb\/wp-json\/wp\/v2\/pages\/13916","targetHints":{"allow":["GET"]}}],"collection":[{"href":"https:\/\/moverdb.com\/nb\/wp-json\/wp\/v2\/pages"}],"about":[{"href":"https:\/\/moverdb.com\/nb\/wp-json\/wp\/v2\/types\/page"}],"author":[{"embeddable":true,"href":"https:\/\/moverdb.com\/nb\/wp-json\/wp\/v2\/users\/1"}],"replies":[{"embeddable":true,"href":"https:\/\/moverdb.com\/nb\/wp-json\/wp\/v2\/comments?post=13916"}],"version-history":[{"count":1,"href":"https:\/\/moverdb.com\/nb\/wp-json\/wp\/v2\/pages\/13916\/revisions"}],"predecessor-version":[{"id":15781,"href":"https:\/\/moverdb.com\/nb\/wp-json\/wp\/v2\/pages\/13916\/revisions\/15781"}],"up":[{"embeddable":true,"href":"https:\/\/moverdb.com\/nb\/wp-json\/wp\/v2\/pages\/13427"}],"wp:attachment":[{"href":"https:\/\/moverdb.com\/nb\/wp-json\/wp\/v2\/media?parent=13916"}],"curies":[{"name":"wp","href":"https:\/\/api.w.org\/{rel}","templated":true}]}}