{"id":13911,"date":"2023-11-08T15:53:26","date_gmt":"2023-11-08T15:53:26","guid":{"rendered":"https:\/\/moverdb.com\/freight-forwarder\/freight-forwarding-uk\/grimsby-freight-forwarder\/"},"modified":"2026-01-08T13:17:50","modified_gmt":"2026-01-08T13:17:50","slug":"grimsby-freight-forwarder","status":"publish","type":"page","link":"https:\/\/moverdb.com\/nb\/freight-forwarder\/freight-forwarding-uk\/grimsby-freight-forwarder\/","title":{"rendered":"De 4 beste spedisjonsselskapene i Grimsby (2024)"},"content":{"rendered":"<p>Nedenfor ser vi p\u00e5 de 4 <em>\"best\"<\/em> Spedisjonsfirmaer i Grimsby av 11.<\/p>\n<p>Hvis du vil vite mer om hvordan vi har valgt ut de beste, kan du lese mer i FAQ-delen til slutt.<\/p>\n<p><em>V\u00e6r oppmerksom p\u00e5 at listene nedenfor ikke kommer i noen bestemt rekkef\u00f8lge, og at vi ikke anbefaler noen bestemte selskaper.<\/em><\/p>\n<div id=\"ez-toc-container\" class=\"ez-toc-v2_0_82_2 ez-toc-wrap-left counter-hierarchy ez-toc-counter ez-toc-transparent ez-toc-container-direction\">\n<div class=\"ez-toc-title-container\">\n<p class=\"ez-toc-title\" style=\"cursor:inherit\">Seksjoner<\/p>\n<span class=\"ez-toc-title-toggle\"><a href=\"#\" class=\"ez-toc-pull-right ez-toc-btn ez-toc-btn-xs ez-toc-btn-default ez-toc-toggle\" aria-label=\"Bytt innholdsfortegnelse\"><span class=\"ez-toc-js-icon-con\"><span class=\"\"><span class=\"eztoc-hide\" style=\"display:none;\">Toggle<\/span><span class=\"ez-toc-icon-toggle-span\"><svg style=\"fill: #999;color:#999\" xmlns=\"http:\/\/www.w3.org\/2000\/svg\" class=\"list-377408\" width=\"20px\" height=\"20px\" viewbox=\"0 0 24 24\" fill=\"none\"><path d=\"M6 6H4v2h2V6zm14 0H8v2h12V6zM4 11h2v2H4v-2zm16 0H8v2h12v-2zM4 16h2v2H4v-2zm16 0H8v2h12v-2z\" fill=\"currentColor\"><\/path><\/svg><svg style=\"fill: #999;color:#999\" class=\"arrow-unsorted-368013\" xmlns=\"http:\/\/www.w3.org\/2000\/svg\" width=\"10px\" height=\"10px\" viewbox=\"0 0 24 24\" version=\"1.2\" baseprofile=\"tiny\"><path d=\"M18.2 9.3l-6.2-6.3-6.2 6.3c-.2.2-.3.4-.3.7s.1.5.3.7c.2.2.4.3.7.3h11c.3 0 .5-.1.7-.3.2-.2.3-.5.3-.7s-.1-.5-.3-.7zM5.8 14.7l6.2 6.3 6.2-6.3c.2-.2.3-.5.3-.7s-.1-.5-.3-.7c-.2-.2-.4-.3-.7-.3h-11c-.3 0-.5.1-.7.3-.2.2-.3.5-.3.7s.1.5.3.7z\"\/><\/svg><\/span><\/span><\/span><\/a><\/span><\/div>\n<nav><ul class='ez-toc-list ez-toc-list-level-1 eztoc-toggle-hide-by-default' ><li class='ez-toc-page-1 ez-toc-heading-level-2'><a class=\"ez-toc-link ez-toc-heading-1\" href=\"https:\/\/moverdb.com\/nb\/freight-forwarder\/freight-forwarding-uk\/grimsby-freight-forwarder\/#Omega_UK_Ltd\" >Omega UK Ltd<\/a><\/li><li class='ez-toc-page-1 ez-toc-heading-level-2'><a class=\"ez-toc-link ez-toc-heading-2\" href=\"https:\/\/moverdb.com\/nb\/freight-forwarder\/freight-forwarding-uk\/grimsby-freight-forwarder\/#GB_Shipping_Forwarding\" >GB Shipping &amp; Forwarding<\/a><\/li><li class='ez-toc-page-1 ez-toc-heading-level-2'><a class=\"ez-toc-link ez-toc-heading-3\" href=\"https:\/\/moverdb.com\/nb\/freight-forwarder\/freight-forwarding-uk\/grimsby-freight-forwarder\/#RMS_Immingham_Grimsby\" >RMS Immingham \/ Grimsby<\/a><\/li><li class='ez-toc-page-1 ez-toc-heading-level-2'><a class=\"ez-toc-link ez-toc-heading-4\" href=\"https:\/\/moverdb.com\/nb\/freight-forwarder\/freight-forwarding-uk\/grimsby-freight-forwarder\/#Andrew_James_Forwarding_Ltd\" >Andrew James Forwarding Ltd<\/a><\/li><li class='ez-toc-page-1 ez-toc-heading-level-2'><a class=\"ez-toc-link ez-toc-heading-5\" href=\"https:\/\/moverdb.com\/nb\/freight-forwarder\/freight-forwarding-uk\/grimsby-freight-forwarder\/#How_we_picked_the_best_Grimsby_Freight_Forwarding_Companies\" >Slik har vi valgt ut de beste spedisjonsselskapene i Grimsby<\/a><\/li><\/ul><\/nav><\/div>\n<h2><span class=\"ez-toc-section\" id=\"Omega_UK_Ltd\"><\/span>Omega UK Ltd<span class=\"ez-toc-section-end\"><\/span><\/h2>\n<p><img decoding=\"async\" src=\"https:\/\/moverdb.com\/wp-content\/uploads\/thumbnailpanoiddZfC_O_3S8RXAJzskWGv5gcb_clientsearch.gws-prod.gpsw408h240yaw224.jpg\" alt='Omega UK Ltd' class=\"aligncenter\"><\/p>\n<p><strong>Beskrivelse fra virksomheten: <\/strong>Ingen oppgitt<\/p>\n<p><strong>Tilleggstjenester:<\/strong><\/p>\n<p>Ingen oppf\u00f8rt<\/p>\n<p><strong>Adresse:<\/strong> Innovasjonssenteret, Europarc, Innovation Way, Healing, Grimsby DN37 9TT<\/p>\n<p><a href=\"https:\/\/www.omega.co.uk\/\" target=\"_new\" rel=\"noopener\">Omega UK Ltd nettsted<\/a><\/p>\n<p><strong>Vurderingspoeng: <\/strong>5<br \/> <strong>Antall anmeldelser:<\/strong> 1<br \/><a href=\"https:\/\/www.google.co.uk\/maps?cid=13835199806131266652&#038;hl=en&#038;gl=GB\" target=\"_new\" rel=\"noopener\">Les anmeldelser<\/a><\/p>\n<h2><span class=\"ez-toc-section\" id=\"GB_Shipping_Forwarding\"><\/span>GB Shipping &amp; Forwarding<span class=\"ez-toc-section-end\"><\/span><\/h2>\n<p><img decoding=\"async\" src=\"\" alt=\"GB Shipping &amp; Forwarding\" class=\"aligncenter\"><\/p>\n<p><strong>Beskrivelse fra virksomheten: <\/strong>Ingen oppgitt<\/p>\n<p><strong>Tilleggstjenester:<\/strong><\/p>\n<p>Leveringsselskap<\/p>\n<p><strong>Adresse:<\/strong> 1. etasje, Euroterminal Building, Alexandra Dock North, Grimsby DN31 3TD<\/p>\n<p><a href=\"http:\/\/www.gbagroup.com\/\" target=\"_new\" rel=\"noopener\">Nettstedet til GB Shipping &amp; Forwarding<\/a><\/p>\n<p><strong>Vurderingspoeng: <\/strong>5<br \/> <strong>Antall anmeldelser:<\/strong> 1<br \/><a href=\"https:\/\/www.google.co.uk\/maps?cid=10615481206320769511&#038;hl=en&#038;gl=GB\" target=\"_new\" rel=\"noopener\">Les anmeldelser<\/a><\/p>\n<h2><span class=\"ez-toc-section\" id=\"RMS_Immingham_Grimsby\"><\/span>RMS Immingham \/ Grimsby<span class=\"ez-toc-section-end\"><\/span><\/h2>\n<p><img decoding=\"async\" src=\"https:\/\/moverdb.com\/wp-content\/uploads\/AF1QipMTk4tcM3SsXkID5az8TabKWP0raV3u5WJ7gLr4w493-h240-k-no.jpg\" alt='RMS Immingham \/ Grimsby' class=\"aligncenter\"><\/p>\n<p><strong>Beskrivelse fra virksomheten: <\/strong>Ingen oppgitt<\/p>\n<p><strong>Tilleggstjenester:<\/strong><\/p>\n<p>Ingen oppf\u00f8rt<\/p>\n<p><strong>Adresse:<\/strong> Alexandra Dock North, West Side Road, Grimsby DN31 3TD<\/p>\n<p><a href=\"http:\/\/www.rms-humber.co.uk\/the-humber\/rms-immingham-grimsby\" target=\"_new\" rel=\"noopener\">RMS Immingham \/ Grimsbys nettside<\/a><\/p>\n<p><strong>Vurderingspoeng: <\/strong>4.5<br \/> <strong>Antall anmeldelser:<\/strong> 33<br \/><a href=\"https:\/\/www.google.co.uk\/maps?cid=6761905291142039023&#038;hl=en&#038;gl=GB\" target=\"_new\" rel=\"noopener\">Les anmeldelser<\/a><\/p>\n<h2><span class=\"ez-toc-section\" id=\"Andrew_James_Forwarding_Ltd\"><\/span>Andrew James Forwarding Ltd<span class=\"ez-toc-section-end\"><\/span><\/h2>\n<p><img decoding=\"async\" src=\"https:\/\/moverdb.com\/wp-content\/uploads\/AF1QipOSuIUOmoMmETXAGY9WS_Ro9u-tU2Lb2LWeEjIIw408-h406-k-no.jpg\" alt='Andrew James Forwarding Ltd' class=\"aligncenter\"><\/p>\n<p><strong>Beskrivelse fra virksomheten: <\/strong>Vi er et logistikkselskap med base i <a href=\"https:\/\/moverdb.com\/nb\/moving-to-the-uk\/\" data-internallinksmanager029f6b8e52c=\"93\" title=\"Flytte til Storbritannia? 2023 Levekostnader og flyttetips\">STORBRITANNIA<\/a> tilbyr transporttjenester for import og eksport.<\/p>\n<p> AJF har drevet virksomhet i over ti \u00e5r og h\u00e5ndtert logistikk for de fleste regioner i verden, inkludert Midt\u00f8sten, <a href=\"https:\/\/moverdb.com\/nb\/moving-to-india\/\" data-internallinksmanager029f6b8e52c=\"356\" title=\"Flytter du til India? 2023 Levekostnader og flyttetips\">India<\/a>, <a href=\"https:\/\/moverdb.com\/nb\/moving-to-vietnam\/\" data-internallinksmanager029f6b8e52c=\"390\" title=\"Flytter du til Vietnam? 2023 Levekostnader og flyttetips\">Vietnam<\/a> og <a href=\"https:\/\/moverdb.com\/nb\/moving-to-australia\/living-in-australia\/\" data-internallinksmanager029f6b8e52c=\"240\" title=\"21 hemmeligheter om \u00e5 bo i Australia for \u00e5 vite f\u00f8r du flytter\">Australia<\/a>.<\/p>\n<p> V\u00e5r lagerhold, tredjeparts ordreoppfyllelse og distribusjon dekker hele Storbritannia.<\/p>\n<p> Vi har omfattende tollklareringsfasiliteter, inkludert h\u00e5ndtering av dokumentasjonskrav fra EU etter Brexit.<\/p>\n<p> Vi har spesialisert oss p\u00e5 h\u00e5ndtering av prosjektlaster og laster som ikke er i m\u00e5lestokk, og som skal lastes p\u00e5 flatracks eller som krever befraktning av deler av skipet.<\/p>\n<p> V\u00e5re partnere i Midt\u00f8sten opererer fra Jebal Ali, <a href=\"https:\/\/moverdb.com\/nb\/moving-to-the-uae\/\" data-internallinksmanager029f6b8e52c=\"329\" title=\"Skal du flytte til De forente arabiske emirater (UAE)? 2024 Levekostnader og tips om flytting\">DE FORENTE ARABISKE EMIRATER<\/a> Tillat <a href=\"https:\/\/moverdb.com\/nb\/moving-to-the-united-states\/\" data-internallinksmanager029f6b8e52c=\"94\" title=\"Flytte til USA? 2023 Levekostnader og flyttetips\">oss<\/a> \u00e5 tilby transitt- og konsolideringstjenester til alle land i denne regionen.<\/p>\n<p><strong>Tilleggstjenester:<\/strong><\/p>\n<p>Tollmegler<\/p>\n<p>Import- og eksportselskap<\/p>\n<p>Logistikk<\/p>\n<p>Lagringsanlegg<\/p>\n<p><strong>Adresse:<\/strong> Kiln Lane Trading Estate, Stallingborough, Grimsby DN41 8DY<\/p>\n<p><a href=\"https:\/\/www.andrewjamesforwarding.com\/\" target=\"_new\" rel=\"noopener\">Andrew James Forwarding Ltd nettsted<\/a><\/p>\n<p><strong>Vurderingspoeng: <\/strong>4.8<br \/> <strong>Antall anmeldelser:<\/strong> 4<br \/><a href=\"https:\/\/www.google.co.uk\/maps?cid=245963377216776452&#038;hl=en&#038;gl=GB\" target=\"_new\" rel=\"noopener\">Les anmeldelser<\/a><\/p>\n<h2><span class=\"ez-toc-section\" id=\"How_we_picked_the_best_Grimsby_Freight_Forwarding_Companies\"><\/span>Slik har vi valgt ut de beste spedisjonsselskapene i Grimsby<span class=\"ez-toc-section-end\"><\/span><\/h2>\n<p>Vi tok utgangspunkt i et datasett med 11 spedisjonsselskaper i Grimsby som vi fant via Google Maps, og begrenset det til de 4 beste.<\/p>\n<p>For \u00e5 gj\u00f8re dette fjernet vi alle selskaper som:<\/p>\n<ul>\n<li> Hadde ikke noe nettsted<\/li>\n<li> Hadde ingen anmeldelser<\/li>\n<li> Hadde en gjennomsnittlig vurderingsscore p\u00e5 under 2,0<\/li>\n<\/ul>\n<p>Hvis vi p\u00e5 dette tidspunktet hadde 17 eller f\u00e6rre spedit\u00f8rer, listet vi opp alle.<\/p>\n<p>For byer der vi satt igjen med mer enn 17 spedit\u00f8rer, gjorde vi ytterligere endringer ved enten \u00e5 \u00f8ke kravet til poengsum (f.eks. fra minimum 2,0 til 4,0) og\/eller \u00f8ke kravet til antall anmeldelser (f.eks. fra minst 1 anmeldelse til minst 10).<\/p>\n<p>Merk at vi kun har brukt data fra Google Maps og ikke andre tredjeparts nettsteder.<\/p>\n<p>Flere byer:<\/p>\n<p><a href=\"https:\/\/moverdb.com\/nb\/speditor\/freight-forwarding-uk\/cardiff-freight-forwarder\/\">Spedit\u00f8r i Cardiff<\/a><br \/><a href=\"https:\/\/moverdb.com\/nb\/speditor\/freight-forwarding-uk\/luton-freight-forwarder\/\">Spedit\u00f8r i Luton<\/a><br \/><a href=\"https:\/\/moverdb.com\/nb\/speditor\/freight-forwarding-uk\/milton-keynes-freight-forwarder\/\">Spedit\u00f8r i Milton Keynes<\/a><br \/><a href=\"https:\/\/moverdb.com\/nb\/speditor\/freight-forwarding-uk\/aberdeen-freight-forwarder\/\">Spedit\u00f8r Aberdeen<\/a><br \/><a href=\"https:\/\/moverdb.com\/nb\/speditor\/freight-forwarding-uk\/heywood-freight-forwarder\/\">Heywood Spedit\u00f8r<\/a><\/p>","protected":false},"excerpt":{"rendered":"<p>Below we look at the 4 &#8220;best&#8221; Freight Forwarding companies in Grimsby out of 11. To learn more about how we chose the best please consult our FAQ section at the end. Please not the following listings are in no particular order and we are not making any recommendations for any particular company. Omega UK [&hellip;]<\/p>\n","protected":false},"author":1,"featured_media":0,"parent":13427,"menu_order":0,"comment_status":"open","ping_status":"open","template":"","meta":{"_genesis_hide_title":false,"_genesis_hide_breadcrumbs":false,"_genesis_hide_singular_image":false,"_genesis_hide_footer_widgets":false,"_genesis_custom_body_class":"","_genesis_custom_post_class":"","_genesis_layout":"","footnotes":""},"class_list":{"0":"post-13911","1":"page","2":"type-page","3":"status-publish","5":"entry"},"_links":{"self":[{"href":"https:\/\/moverdb.com\/nb\/wp-json\/wp\/v2\/pages\/13911","targetHints":{"allow":["GET"]}}],"collection":[{"href":"https:\/\/moverdb.com\/nb\/wp-json\/wp\/v2\/pages"}],"about":[{"href":"https:\/\/moverdb.com\/nb\/wp-json\/wp\/v2\/types\/page"}],"author":[{"embeddable":true,"href":"https:\/\/moverdb.com\/nb\/wp-json\/wp\/v2\/users\/1"}],"replies":[{"embeddable":true,"href":"https:\/\/moverdb.com\/nb\/wp-json\/wp\/v2\/comments?post=13911"}],"version-history":[{"count":1,"href":"https:\/\/moverdb.com\/nb\/wp-json\/wp\/v2\/pages\/13911\/revisions"}],"predecessor-version":[{"id":15783,"href":"https:\/\/moverdb.com\/nb\/wp-json\/wp\/v2\/pages\/13911\/revisions\/15783"}],"up":[{"embeddable":true,"href":"https:\/\/moverdb.com\/nb\/wp-json\/wp\/v2\/pages\/13427"}],"wp:attachment":[{"href":"https:\/\/moverdb.com\/nb\/wp-json\/wp\/v2\/media?parent=13911"}],"curies":[{"name":"wp","href":"https:\/\/api.w.org\/{rel}","templated":true}]}}