{"id":13872,"date":"2023-11-08T15:52:42","date_gmt":"2023-11-08T15:52:42","guid":{"rendered":"https:\/\/moverdb.com\/freight-forwarder\/freight-forwarding-uk\/wolverhampton-freight-forwarder\/"},"modified":"2026-01-08T13:18:06","modified_gmt":"2026-01-08T13:18:06","slug":"wolverhampton-freight-forwarder","status":"publish","type":"page","link":"https:\/\/moverdb.com\/nb\/freight-forwarder\/freight-forwarding-uk\/wolverhampton-freight-forwarder\/","title":{"rendered":"De 5 beste spedisjonsfirmaene i Wolverhampton (2024)"},"content":{"rendered":"<p>Nedenfor ser vi p\u00e5 de 5 <em>\"best\"<\/em> Spedisjonsfirmaer i Wolverhampton av 13.<\/p>\n<p>Hvis du vil vite mer om hvordan vi har valgt ut de beste, kan du lese mer i FAQ-delen til slutt.<\/p>\n<p><em>V\u00e6r oppmerksom p\u00e5 at listene nedenfor ikke kommer i noen bestemt rekkef\u00f8lge, og at vi ikke anbefaler noen bestemte selskaper.<\/em><\/p>\n<div id=\"ez-toc-container\" class=\"ez-toc-v2_0_82_2 ez-toc-wrap-left counter-hierarchy ez-toc-counter ez-toc-transparent ez-toc-container-direction\">\n<div class=\"ez-toc-title-container\">\n<p class=\"ez-toc-title\" style=\"cursor:inherit\">Seksjoner<\/p>\n<span class=\"ez-toc-title-toggle\"><a href=\"#\" class=\"ez-toc-pull-right ez-toc-btn ez-toc-btn-xs ez-toc-btn-default ez-toc-toggle\" aria-label=\"Bytt innholdsfortegnelse\"><span class=\"ez-toc-js-icon-con\"><span class=\"\"><span class=\"eztoc-hide\" style=\"display:none;\">Toggle<\/span><span class=\"ez-toc-icon-toggle-span\"><svg style=\"fill: #999;color:#999\" xmlns=\"http:\/\/www.w3.org\/2000\/svg\" class=\"list-377408\" width=\"20px\" height=\"20px\" viewbox=\"0 0 24 24\" fill=\"none\"><path d=\"M6 6H4v2h2V6zm14 0H8v2h12V6zM4 11h2v2H4v-2zm16 0H8v2h12v-2zM4 16h2v2H4v-2zm16 0H8v2h12v-2z\" fill=\"currentColor\"><\/path><\/svg><svg style=\"fill: #999;color:#999\" class=\"arrow-unsorted-368013\" xmlns=\"http:\/\/www.w3.org\/2000\/svg\" width=\"10px\" height=\"10px\" viewbox=\"0 0 24 24\" version=\"1.2\" baseprofile=\"tiny\"><path d=\"M18.2 9.3l-6.2-6.3-6.2 6.3c-.2.2-.3.4-.3.7s.1.5.3.7c.2.2.4.3.7.3h11c.3 0 .5-.1.7-.3.2-.2.3-.5.3-.7s-.1-.5-.3-.7zM5.8 14.7l6.2 6.3 6.2-6.3c.2-.2.3-.5.3-.7s-.1-.5-.3-.7c-.2-.2-.4-.3-.7-.3h-11c-.3 0-.5.1-.7.3-.2.2-.3.5-.3.7s.1.5.3.7z\"\/><\/svg><\/span><\/span><\/span><\/a><\/span><\/div>\n<nav><ul class='ez-toc-list ez-toc-list-level-1 eztoc-toggle-hide-by-default' ><li class='ez-toc-page-1 ez-toc-heading-level-2'><a class=\"ez-toc-link ez-toc-heading-1\" href=\"https:\/\/moverdb.com\/nb\/freight-forwarder\/freight-forwarding-uk\/wolverhampton-freight-forwarder\/#Global_Freight_Group\" >Global Freight Group<\/a><\/li><li class='ez-toc-page-1 ez-toc-heading-level-2'><a class=\"ez-toc-link ez-toc-heading-2\" href=\"https:\/\/moverdb.com\/nb\/freight-forwarder\/freight-forwarding-uk\/wolverhampton-freight-forwarder\/#Gordian_Knot_Forwarding_Ltd\" >Gordian Knot Forwarding Ltd<\/a><\/li><li class='ez-toc-page-1 ez-toc-heading-level-2'><a class=\"ez-toc-link ez-toc-heading-3\" href=\"https:\/\/moverdb.com\/nb\/freight-forwarder\/freight-forwarding-uk\/wolverhampton-freight-forwarder\/#EDS_Worldwide\" >EDS over hele verden<\/a><\/li><li class='ez-toc-page-1 ez-toc-heading-level-2'><a class=\"ez-toc-link ez-toc-heading-4\" href=\"https:\/\/moverdb.com\/nb\/freight-forwarder\/freight-forwarding-uk\/wolverhampton-freight-forwarder\/#A_W_Baxter_Ltd_Global_Logistics_Export_Packing\" >A W Baxter Ltd Global logistikk og eksportemballasje<\/a><\/li><li class='ez-toc-page-1 ez-toc-heading-level-2'><a class=\"ez-toc-link ez-toc-heading-5\" href=\"https:\/\/moverdb.com\/nb\/freight-forwarder\/freight-forwarding-uk\/wolverhampton-freight-forwarder\/#Cannon_Freight_Ltd\" >Cannon Freight Ltd<\/a><\/li><li class='ez-toc-page-1 ez-toc-heading-level-2'><a class=\"ez-toc-link ez-toc-heading-6\" href=\"https:\/\/moverdb.com\/nb\/freight-forwarder\/freight-forwarding-uk\/wolverhampton-freight-forwarder\/#How_we_picked_the_best_Wolverhampton_Freight_Forwarding_Companies\" >Hvordan vi valgte ut de beste spedisjonsselskapene i Wolverhampton<\/a><\/li><\/ul><\/nav><\/div>\n<h2><span class=\"ez-toc-section\" id=\"Global_Freight_Group\"><\/span>Global Freight Group<span class=\"ez-toc-section-end\"><\/span><\/h2>\n<p><img decoding=\"async\" src=\"https:\/\/moverdb.com\/wp-content\/uploads\/thumbnailpanoidgilO1TAU5gsqNx2fZ4JQOwcb_clientsearch.gws-prod.gpsw408h240yaw28.jpg\" alt='Global Freight Group' class=\"aligncenter\"><\/p>\n<p><strong>Beskrivelse fra virksomheten: <\/strong>Ingen oppgitt<\/p>\n<p><strong>Tilleggstjenester:<\/strong><\/p>\n<p>Ingen oppf\u00f8rt<\/p>\n<p><strong>Adresse:<\/strong> 13 Mount Rd, Penn, Wolverhampton WV4 5SN<\/p>\n<p><a href=\"http:\/\/www.globalfreightnet.org\/\" target=\"_new\" rel=\"noopener\">Global Freight Groups nettsted<\/a><\/p>\n<p><strong>Vurderingspoeng: <\/strong>5<br \/> <strong>Antall anmeldelser:<\/strong> 1<br \/><a href=\"https:\/\/www.google.co.uk\/maps?cid=10354043475015102805&#038;hl=en&#038;gl=GB\" target=\"_new\" rel=\"noopener\">Les anmeldelser<\/a><\/p>\n<h2><span class=\"ez-toc-section\" id=\"Gordian_Knot_Forwarding_Ltd\"><\/span>Gordian Knot Forwarding Ltd<span class=\"ez-toc-section-end\"><\/span><\/h2>\n<p><img decoding=\"async\" src=\"https:\/\/moverdb.com\/wp-content\/uploads\/thumbnailpanoidtMkuxBVYv2GT81yzklnblAcb_clientsearch.gws-prod.gpsw408h240yaw67.jpg\" alt='Gordian Knot Forwarding Ltd' class=\"aligncenter\"><\/p>\n<p><strong>Beskrivelse fra virksomheten: <\/strong>Internasjonal <a href=\"https:\/\/moverdb.com\/nb\/freight-forwarder\/\" data-internallinksmanager029f6b8e52c=\"17\" title=\"Spedit\u00f8r &amp; NVOCC Internasjonal kostnads- og selskapsguide\">Spedit\u00f8r<\/a> Spesialist p\u00e5 sj\u00f8frakt og generelt tollklareringsagent for all import og eksport gjennom <a href=\"https:\/\/moverdb.com\/nb\/moving-to-the-uk\/\" data-internallinksmanager029f6b8e52c=\"93\" title=\"Flytte til Storbritannia? 2023 Levekostnader og flyttetips\">STORBRITANNIA<\/a> grenser.<\/p>\n<p><strong>Tilleggstjenester:<\/strong><\/p>\n<p>Tollmegler<\/p>\n<p>Tollkonsulent<\/p>\n<p><strong>Adresse:<\/strong> K4, The Chubb Buildings, Fryer Street, Wolverhampton WV1 1HT<\/p>\n<p><a href=\"http:\/\/www.gordianknotforwarding.co.uk\/\" target=\"_new\" rel=\"noopener\">Gordian Knot Forwarding Ltd nettsted<\/a><\/p>\n<p><strong>Vurderingspoeng: <\/strong>5<br \/> <strong>Antall anmeldelser:<\/strong> 1<br \/><a href=\"https:\/\/www.google.co.uk\/maps?cid=13729101083555532931&#038;hl=en&#038;gl=GB\" target=\"_new\" rel=\"noopener\">Les anmeldelser<\/a><\/p>\n<h2><span class=\"ez-toc-section\" id=\"EDS_Worldwide\"><\/span>EDS over hele verden<span class=\"ez-toc-section-end\"><\/span><\/h2>\n<p><img decoding=\"async\" src=\"https:\/\/moverdb.com\/wp-content\/uploads\/thumbnailpanoidSBDynZ8fOIxau-AzsEjOHwcb_clientsearch.gws-prod.gpsw408h240yaw53.jpg\" alt='EDS over hele verden' class=\"aligncenter\"><\/p>\n<p><strong>Beskrivelse fra virksomheten: <\/strong>Ingen oppgitt<\/p>\n<p><strong>Tilleggstjenester:<\/strong><\/p>\n<p>Leveringsselskap<\/p>\n<p><strong>Adresse:<\/strong> Henry House, Enterprise Dr, Four Ashes, Wolverhampton WV10 7DF<\/p>\n<p><a href=\"http:\/\/www.edsworldwide.co.uk\/\" target=\"_new\" rel=\"noopener\">EDS verdensomspennende nettsted<\/a><\/p>\n<p><strong>Vurderingspoeng: <\/strong>3<br \/> <strong>Antall anmeldelser:<\/strong> 2<br \/><a href=\"https:\/\/www.google.co.uk\/maps?cid=16746980420673499521&#038;hl=en&#038;gl=GB\" target=\"_new\" rel=\"noopener\">Les anmeldelser<\/a><\/p>\n<h2><span class=\"ez-toc-section\" id=\"A_W_Baxter_Ltd_Global_Logistics_Export_Packing\"><\/span>A W Baxter Ltd Global logistikk og eksportemballasje<span class=\"ez-toc-section-end\"><\/span><\/h2>\n<p><img decoding=\"async\" src=\"https:\/\/moverdb.com\/wp-content\/uploads\/AF1QipMxK_NhkjocyRR6Gi048ZqMxF6H-IKAt3YKkYgMw426-h240-k-no.jpg\" alt='A W Baxter Ltd Global logistikk og eksportemballasje' class=\"aligncenter\"><\/p>\n<p><strong>Beskrivelse fra virksomheten: <\/strong>Vi ble grunnlagt i 1992 og har vokst til \u00e5 bli en komplett logistikkl\u00f8sning, enten det dreier seg om skreddersydd eksportpakking, frakt eller lagring - vi leverer hver gang.<\/p>\n<p>Siden starten har vi opparbeidet oss et rykte for p\u00e5litelighet og dyktighet innen logistikkbransjen, og vi tilbyr produksjon av eksportkasser, lasting og lossing av containere, global frakt og n\u00f8kkelferdige prosjekter.<\/p>\n<p>Som et familieeid, uavhengig selskap har vi kunnskapen, erfaringen og besluttsomheten som skal til for \u00e5 gj\u00f8re enhver jobb fleksibel og personlig.<\/p>\n<p> Selv om vi er verdensomspennende og har kontrakter \u00e5 forvalte over hele verden, holder vi fast ved kjerneverdiene v\u00e5re om partnerskap og tilfredshet.<\/p>\n<p><strong>Tilleggstjenester:<\/strong><\/p>\n<p>Emballasjeentrepren\u00f8rer og -tjenester<\/p>\n<p>Leveringsselskap<\/p>\n<p>Ledsagertjeneste for transport<\/p>\n<p>Transporttjeneste<\/p>\n<p><strong>Adresse:<\/strong> Enhet 4, Dock Meadow Industrial Estate, Lanesfield Dr, Lanesfield, Wolverhampton WV4 6LE<\/p>\n<p><a href=\"http:\/\/www.baxtersgroup.com\/\" target=\"_new\" rel=\"noopener\">A W Baxter Ltd Global logistikk og eksportpakking nettside<\/a><\/p>\n<p><strong>Vurderingspoeng: <\/strong>3.2<br \/> <strong>Antall anmeldelser:<\/strong> 5<br \/><a href=\"https:\/\/www.google.co.uk\/maps?cid=13010859982753556877&#038;hl=en&#038;gl=GB\" target=\"_new\" rel=\"noopener\">Les anmeldelser<\/a><\/p>\n<h2><span class=\"ez-toc-section\" id=\"Cannon_Freight_Ltd\"><\/span>Cannon Freight Ltd<span class=\"ez-toc-section-end\"><\/span><\/h2>\n<p><img decoding=\"async\" src=\"https:\/\/moverdb.com\/wp-content\/uploads\/thumbnailpanoidfUGljhP4o_tarxv2fhVBiQcb_clientsearch.gws-prod.gpsw408h240yaw78.jpg\" alt='Cannon Freight Ltd' class=\"aligncenter\"><\/p>\n<p><strong>Beskrivelse fra virksomheten: <\/strong>Ingen oppgitt<\/p>\n<p><strong>Tilleggstjenester:<\/strong><\/p>\n<p>Ingen oppf\u00f8rt<\/p>\n<p><strong>Adresse:<\/strong> Wulfrun Self Storage, Cooper St, Wolverhampton WV2 2JL<\/p>\n<p><a href=\"https:\/\/www.cannonfreight.co.uk\/\" target=\"_new\" rel=\"noopener\">Cannon Freight Ltd nettsted<\/a><\/p>\n<p><strong>Vurderingspoeng: <\/strong>3<br \/> <strong>Antall anmeldelser:<\/strong> 3<br \/><a href=\"https:\/\/www.google.co.uk\/maps?cid=6788104322717129461&#038;hl=en&#038;gl=GB\" target=\"_new\" rel=\"noopener\">Les anmeldelser<\/a><\/p>\n<h2><span class=\"ez-toc-section\" id=\"How_we_picked_the_best_Wolverhampton_Freight_Forwarding_Companies\"><\/span>Hvordan vi valgte ut de beste spedisjonsselskapene i Wolverhampton<span class=\"ez-toc-section-end\"><\/span><\/h2>\n<p>Vi tok utgangspunkt i et datasett med 13 spedisjonsselskaper i Wolverhampton som vi kunne finne via Google Maps, og snevret det inn til de 5 beste.<\/p>\n<p>For \u00e5 gj\u00f8re dette fjernet vi alle selskaper som:<\/p>\n<ul>\n<li> Hadde ikke noe nettsted<\/li>\n<li> Hadde ingen anmeldelser<\/li>\n<li> Hadde en gjennomsnittlig vurderingsscore p\u00e5 under 2,0<\/li>\n<\/ul>\n<p>Hvis vi p\u00e5 dette tidspunktet hadde 17 eller f\u00e6rre spedit\u00f8rer, listet vi opp alle.<\/p>\n<p>For byer der vi satt igjen med mer enn 17 spedit\u00f8rer, gjorde vi ytterligere endringer ved enten \u00e5 \u00f8ke kravet til poengsum (f.eks. fra minimum 2,0 til 4,0) og\/eller \u00f8ke kravet til antall anmeldelser (f.eks. fra minst 1 anmeldelse til minst 10).<\/p>\n<p>Merk at vi kun har brukt data fra Google Maps og ikke andre tredjeparts nettsteder.<\/p>\n<p>Flere byer:<\/p>\n<p><a href=\"https:\/\/moverdb.com\/nb\/speditor\/freight-forwarding-uk\/rainham-freight-forwarder\/\">Rainham Spedit\u00f8r<\/a><br \/><a href=\"https:\/\/moverdb.com\/nb\/speditor\/freight-forwarding-uk\/gravesend-freight-forwarder\/\">Gravesend Spedit\u00f8r<\/a><br \/><a href=\"https:\/\/moverdb.com\/nb\/speditor\/freight-forwarding-uk\/harrow-freight-forwarder\/\">Harrow Spedit\u00f8r<\/a><br \/><a href=\"https:\/\/moverdb.com\/nb\/speditor\/freight-forwarding-uk\/nottingham-freight-forwarder\/\">Spedit\u00f8r i Nottingham<\/a><br \/><a href=\"https:\/\/moverdb.com\/nb\/speditor\/freight-forwarding-uk\/rotherham-freight-forwarder\/\">Spedit\u00f8r i Rotherham<\/a><\/p>","protected":false},"excerpt":{"rendered":"<p>Below we look at the 5 &#8220;best&#8221; Freight Forwarding companies in Wolverhampton out of 13. To learn more about how we chose the best please consult our FAQ section at the end. Please not the following listings are in no particular order and we are not making any recommendations for any particular company. Global Freight [&hellip;]<\/p>\n","protected":false},"author":1,"featured_media":0,"parent":13427,"menu_order":0,"comment_status":"open","ping_status":"open","template":"","meta":{"_genesis_hide_title":false,"_genesis_hide_breadcrumbs":false,"_genesis_hide_singular_image":false,"_genesis_hide_footer_widgets":false,"_genesis_custom_body_class":"","_genesis_custom_post_class":"","_genesis_layout":"","footnotes":""},"class_list":{"0":"post-13872","1":"page","2":"type-page","3":"status-publish","5":"entry"},"_links":{"self":[{"href":"https:\/\/moverdb.com\/nb\/wp-json\/wp\/v2\/pages\/13872","targetHints":{"allow":["GET"]}}],"collection":[{"href":"https:\/\/moverdb.com\/nb\/wp-json\/wp\/v2\/pages"}],"about":[{"href":"https:\/\/moverdb.com\/nb\/wp-json\/wp\/v2\/types\/page"}],"author":[{"embeddable":true,"href":"https:\/\/moverdb.com\/nb\/wp-json\/wp\/v2\/users\/1"}],"replies":[{"embeddable":true,"href":"https:\/\/moverdb.com\/nb\/wp-json\/wp\/v2\/comments?post=13872"}],"version-history":[{"count":1,"href":"https:\/\/moverdb.com\/nb\/wp-json\/wp\/v2\/pages\/13872\/revisions"}],"predecessor-version":[{"id":15796,"href":"https:\/\/moverdb.com\/nb\/wp-json\/wp\/v2\/pages\/13872\/revisions\/15796"}],"up":[{"embeddable":true,"href":"https:\/\/moverdb.com\/nb\/wp-json\/wp\/v2\/pages\/13427"}],"wp:attachment":[{"href":"https:\/\/moverdb.com\/nb\/wp-json\/wp\/v2\/media?parent=13872"}],"curies":[{"name":"wp","href":"https:\/\/api.w.org\/{rel}","templated":true}]}}