{"id":13805,"date":"2023-11-08T15:52:42","date_gmt":"2023-11-08T15:52:42","guid":{"rendered":"https:\/\/moverdb.com\/freight-forwarder\/freight-forwarding-uk\/dartford-freight-forwarder\/"},"modified":"2026-01-08T13:18:12","modified_gmt":"2026-01-08T13:18:12","slug":"dartford-freight-forwarder","status":"publish","type":"page","link":"https:\/\/moverdb.com\/nb\/freight-forwarder\/freight-forwarding-uk\/dartford-freight-forwarder\/","title":{"rendered":"De 8 beste spedisjonsselskapene i Dartford (2024)"},"content":{"rendered":"<p>Nedenfor ser vi p\u00e5 de 8 <em>\"best\"<\/em> Spedisjonsfirmaer i Dartford av 14.<\/p>\n<p>Hvis du vil vite mer om hvordan vi har valgt ut de beste, kan du lese mer i FAQ-delen til slutt.<\/p>\n<p><em>V\u00e6r oppmerksom p\u00e5 at listene nedenfor ikke kommer i noen bestemt rekkef\u00f8lge, og at vi ikke anbefaler noen bestemte selskaper.<\/em><\/p>\n<div id=\"ez-toc-container\" class=\"ez-toc-v2_0_82_2 ez-toc-wrap-left counter-hierarchy ez-toc-counter ez-toc-transparent ez-toc-container-direction\">\n<div class=\"ez-toc-title-container\">\n<p class=\"ez-toc-title\" style=\"cursor:inherit\">Seksjoner<\/p>\n<span class=\"ez-toc-title-toggle\"><a href=\"#\" class=\"ez-toc-pull-right ez-toc-btn ez-toc-btn-xs ez-toc-btn-default ez-toc-toggle\" aria-label=\"Bytt innholdsfortegnelse\"><span class=\"ez-toc-js-icon-con\"><span class=\"\"><span class=\"eztoc-hide\" style=\"display:none;\">Toggle<\/span><span class=\"ez-toc-icon-toggle-span\"><svg style=\"fill: #999;color:#999\" xmlns=\"http:\/\/www.w3.org\/2000\/svg\" class=\"list-377408\" width=\"20px\" height=\"20px\" viewbox=\"0 0 24 24\" fill=\"none\"><path d=\"M6 6H4v2h2V6zm14 0H8v2h12V6zM4 11h2v2H4v-2zm16 0H8v2h12v-2zM4 16h2v2H4v-2zm16 0H8v2h12v-2z\" fill=\"currentColor\"><\/path><\/svg><svg style=\"fill: #999;color:#999\" class=\"arrow-unsorted-368013\" xmlns=\"http:\/\/www.w3.org\/2000\/svg\" width=\"10px\" height=\"10px\" viewbox=\"0 0 24 24\" version=\"1.2\" baseprofile=\"tiny\"><path d=\"M18.2 9.3l-6.2-6.3-6.2 6.3c-.2.2-.3.4-.3.7s.1.5.3.7c.2.2.4.3.7.3h11c.3 0 .5-.1.7-.3.2-.2.3-.5.3-.7s-.1-.5-.3-.7zM5.8 14.7l6.2 6.3 6.2-6.3c.2-.2.3-.5.3-.7s-.1-.5-.3-.7c-.2-.2-.4-.3-.7-.3h-11c-.3 0-.5.1-.7.3-.2.2-.3.5-.3.7s.1.5.3.7z\"\/><\/svg><\/span><\/span><\/span><\/a><\/span><\/div>\n<nav><ul class='ez-toc-list ez-toc-list-level-1 eztoc-toggle-hide-by-default' ><li class='ez-toc-page-1 ez-toc-heading-level-2'><a class=\"ez-toc-link ez-toc-heading-1\" href=\"https:\/\/moverdb.com\/nb\/freight-forwarder\/freight-forwarding-uk\/dartford-freight-forwarder\/#Pentagon_Freight_Services_Ltd\" >Pentagon Freight Services Ltd<\/a><\/li><li class='ez-toc-page-1 ez-toc-heading-level-2'><a class=\"ez-toc-link ez-toc-heading-2\" href=\"https:\/\/moverdb.com\/nb\/freight-forwarder\/freight-forwarding-uk\/dartford-freight-forwarder\/#Direct_Link_Express_Deliveries_Ltd\" >Direct Link Express Deliveries Ltd<\/a><\/li><li class='ez-toc-page-1 ez-toc-heading-level-2'><a class=\"ez-toc-link ez-toc-heading-3\" href=\"https:\/\/moverdb.com\/nb\/freight-forwarder\/freight-forwarding-uk\/dartford-freight-forwarder\/#M_and_M_Global_Forwarding_Limited\" >M and M Global Forwarding Limited<\/a><\/li><li class='ez-toc-page-1 ez-toc-heading-level-2'><a class=\"ez-toc-link ez-toc-heading-4\" href=\"https:\/\/moverdb.com\/nb\/freight-forwarder\/freight-forwarding-uk\/dartford-freight-forwarder\/#Dachser_Ltd_Customs_Office\" >Dachser Ltd (tollkontor)<\/a><\/li><li class='ez-toc-page-1 ez-toc-heading-level-2'><a class=\"ez-toc-link ez-toc-heading-5\" href=\"https:\/\/moverdb.com\/nb\/freight-forwarder\/freight-forwarding-uk\/dartford-freight-forwarder\/#Kerry_Logistics_UK_Limited\" >Kerry Logistics (UK) Limited<\/a><\/li><li class='ez-toc-page-1 ez-toc-heading-level-2'><a class=\"ez-toc-link ez-toc-heading-6\" href=\"https:\/\/moverdb.com\/nb\/freight-forwarder\/freight-forwarding-uk\/dartford-freight-forwarder\/#Sovereign_Logistics\" >Sovereign Logistics<\/a><\/li><li class='ez-toc-page-1 ez-toc-heading-level-2'><a class=\"ez-toc-link ez-toc-heading-7\" href=\"https:\/\/moverdb.com\/nb\/freight-forwarder\/freight-forwarding-uk\/dartford-freight-forwarder\/#Davies_Turner_Co_Ltd\" >Davies Turner &amp; Co Ltd<\/a><\/li><li class='ez-toc-page-1 ez-toc-heading-level-2'><a class=\"ez-toc-link ez-toc-heading-8\" href=\"https:\/\/moverdb.com\/nb\/freight-forwarder\/freight-forwarding-uk\/dartford-freight-forwarder\/#Solstor_UK\" >Solstor UK<\/a><\/li><li class='ez-toc-page-1 ez-toc-heading-level-2'><a class=\"ez-toc-link ez-toc-heading-9\" href=\"https:\/\/moverdb.com\/nb\/freight-forwarder\/freight-forwarding-uk\/dartford-freight-forwarder\/#How_we_picked_the_best_Dartford_Freight_Forwarding_Companies\" >Hvordan vi har valgt ut de beste spedisjonsselskapene i Dartford<\/a><\/li><\/ul><\/nav><\/div>\n<h2><span class=\"ez-toc-section\" id=\"Pentagon_Freight_Services_Ltd\"><\/span>Pentagon Freight Services Ltd<span class=\"ez-toc-section-end\"><\/span><\/h2>\n<p><img decoding=\"async\" src=\"https:\/\/moverdb.com\/wp-content\/uploads\/AF1QipNfUFW6yJdi_uQDqqGZeg9ANadLKTa_WCuluaZkw432-h240-k-no.jpg\" alt='Pentagon Freight Services Ltd' class=\"aligncenter\"><\/p>\n<p><strong>Beskrivelse fra virksomheten: <\/strong>I nesten 50 \u00e5r har vi jobbet sammen med de viktige bransjene vi betjener ved \u00e5 tilby f\u00f8rsteklasses spedisjon og logistikk.<\/p>\n<p> M\u00e5let v\u00e5rt er enkelt - vi \u00f8nsker \u00e5 levere sikkerhet for en verden som aldri stopper opp.<\/p>\n<p><strong>Tilleggstjenester:<\/strong><\/p>\n<p>Ingen oppf\u00f8rt<\/p>\n<p><strong>Adresse:<\/strong> East, 32-33 Clipper Blvd, Dartford DA2 6QB<\/p>\n<p><a href=\"https:\/\/www.pentagonfreight.com\/\" target=\"_new\" rel=\"noopener\">Pentagon Freight Services Ltd nettsted<\/a><\/p>\n<p><strong>Vurderingspoeng: <\/strong>4.9<br \/> <strong>Antall anmeldelser:<\/strong> 10<br \/><a href=\"https:\/\/www.google.co.uk\/maps?cid=6157951301640685169&#038;hl=en&#038;gl=GB\" target=\"_new\" rel=\"noopener\">Les anmeldelser<\/a><\/p>\n<h2><span class=\"ez-toc-section\" id=\"Direct_Link_Express_Deliveries_Ltd\"><\/span>Direct Link Express Deliveries Ltd<span class=\"ez-toc-section-end\"><\/span><\/h2>\n<p><img decoding=\"async\" src=\"https:\/\/moverdb.com\/wp-content\/uploads\/thumbnailpanoidVOC9zEc6INdiQiJfYDbp2gcb_clientsearch.gws-prod.gpsw408h240yaw348.jpg\" alt='Direct Link Express Deliveries Ltd' class=\"aligncenter\"><\/p>\n<p><strong>Beskrivelse fra virksomheten: <\/strong>Ingen oppgitt<\/p>\n<p><strong>Tilleggstjenester:<\/strong><\/p>\n<p>Kurertjeneste<\/p>\n<p>Flytteservice<\/p>\n<p><strong>Adresse:<\/strong> London House Business Centre, Thames Rd, Dartford DA1 4SL<\/p>\n<p><a href=\"http:\/\/www.directlink.co.uk\/\" target=\"_new\" rel=\"noopener\">Direct Link Express Deliveries Ltd nettsted<\/a><\/p>\n<p><strong>Vurderingspoeng: <\/strong>3.7<br \/> <strong>Antall anmeldelser:<\/strong> 6<br \/><a href=\"https:\/\/www.google.co.uk\/maps?cid=4455250918263132633&#038;hl=en&#038;gl=GB\" target=\"_new\" rel=\"noopener\">Les anmeldelser<\/a><\/p>\n<h2><span class=\"ez-toc-section\" id=\"M_and_M_Global_Forwarding_Limited\"><\/span>M and M Global Forwarding Limited<span class=\"ez-toc-section-end\"><\/span><\/h2>\n<p><img decoding=\"async\" src=\"https:\/\/moverdb.com\/wp-content\/uploads\/thumbnailpanoidJiLYm7ajfY2Ji-TPuJsEqwcb_clientsearch.gws-prod.gpsw408h240yaw315.jpg\" alt='M and M Global Forwarding Limited' class=\"aligncenter\"><\/p>\n<p><strong>Beskrivelse fra virksomheten: <\/strong><a href=\"https:\/\/moverdb.com\/nb\/freight-forwarder\/\" data-internallinksmanager029f6b8e52c=\"17\" title=\"Spedit\u00f8r &amp; NVOCC Internasjonal kostnads- og selskapsguide\">Spedit\u00f8r<\/a> basert i Dartford, Kent.<\/p>\n<p> Tjenestene omfatter import, eksport, tollklarering og <a href=\"https:\/\/moverdb.com\/nb\/car-transport-shipping\/\" data-internallinksmanager029f6b8e52c=\"2\" title=\"2026 Internasjonal biltransport og tilbud p\u00e5 frakt av kj\u00f8ret\u00f8y\">Transport av kj\u00f8ret\u00f8y<\/a><\/p>\n<p><strong>Tilleggstjenester:<\/strong><\/p>\n<p>Ingen oppf\u00f8rt<\/p>\n<p><strong>Adresse:<\/strong> 1, Invicta Park, Sandpit Rd, Dartford DA1 5BU<\/p>\n<p><a href=\"http:\/\/www.mandmglobal.co.uk\/\" target=\"_new\" rel=\"noopener\">Nettstedet til M and M Global Forwarding Limited<\/a><\/p>\n<p><strong>Vurderingspoeng: <\/strong>5<br \/> <strong>Antall anmeldelser:<\/strong> 2<br \/><a href=\"https:\/\/www.google.co.uk\/maps?cid=11324990825917211091&#038;hl=en&#038;gl=GB\" target=\"_new\" rel=\"noopener\">Les anmeldelser<\/a><\/p>\n<h2><span class=\"ez-toc-section\" id=\"Dachser_Ltd_Customs_Office\"><\/span>Dachser Ltd (tollkontor)<span class=\"ez-toc-section-end\"><\/span><\/h2>\n<p><img decoding=\"async\" src=\"https:\/\/moverdb.com\/wp-content\/uploads\/AF1QipNl1LHqslf46goz3hqm0J3SPycOvnbpXBlawdM8w640-h240-k-no.jpg\" alt='Dachser Ltd (tollkontor)' class=\"aligncenter\"><\/p>\n<p><strong>Beskrivelse fra virksomheten: <\/strong>Ingen oppgitt<\/p>\n<p><strong>Tilleggstjenester:<\/strong><\/p>\n<p>Ingen oppf\u00f8rt<\/p>\n<p><strong>Adresse:<\/strong> Ikke navngitt vei, Dartford DA2 6QP<\/p>\n<p><a href=\"http:\/\/www.dachser.com\/\" target=\"_new\" rel=\"noopener\">Dachser Ltd (tollkontor) nettsted<\/a><\/p>\n<p><strong>Vurderingspoeng: <\/strong>3<br \/> <strong>Antall anmeldelser:<\/strong> 4<br \/><a href=\"https:\/\/www.google.co.uk\/maps?cid=12105749977575430784&#038;hl=en&#038;gl=GB\" target=\"_new\" rel=\"noopener\">Les anmeldelser<\/a><\/p>\n<h2><span class=\"ez-toc-section\" id=\"Kerry_Logistics_UK_Limited\"><\/span>Kerry Logistics (UK) Limited<span class=\"ez-toc-section-end\"><\/span><\/h2>\n<p><img decoding=\"async\" src=\"https:\/\/moverdb.com\/wp-content\/uploads\/thumbnailpanoidj82dgNIMfM6o1GuLL0jXrwcb_clientsearch.gws-prod.gpsw408h240yaw209.jpg\" alt='Kerry Logistics (UK) Limited' class=\"aligncenter\"><\/p>\n<p><strong>Beskrivelse fra virksomheten: <\/strong>Ingen oppgitt<\/p>\n<p><strong>Tilleggstjenester:<\/strong><\/p>\n<p>Logistikk<\/p>\n<p>Leveringsselskap<\/p>\n<p>Frakttjeneste<\/p>\n<p>Lager<\/p>\n<p><strong>Adresse:<\/strong> Crossways Cargo Centre, 61 Galleon Blvd, Dartford DA2 6QE<\/p>\n<p><a href=\"https:\/\/www.kerrylogistics.com\/en\/network\/europe\/uk\/\" target=\"_new\" rel=\"noopener\">Kerry Logistics (UK) Limited nettsted<\/a><\/p>\n<p><strong>Vurderingspoeng: <\/strong>4<br \/> <strong>Antall anmeldelser:<\/strong> 3<br \/><a href=\"https:\/\/www.google.co.uk\/maps?cid=12993064075247924035&#038;hl=en&#038;gl=GB\" target=\"_new\" rel=\"noopener\">Les anmeldelser<\/a><\/p>\n<h2><span class=\"ez-toc-section\" id=\"Sovereign_Logistics\"><\/span>Sovereign Logistics<span class=\"ez-toc-section-end\"><\/span><\/h2>\n<p><img decoding=\"async\" src=\"https:\/\/moverdb.com\/wp-content\/uploads\/thumbnailpanoidiwc0cTi2KXDU3X5DyMEvYQcb_clientsearch.gws-prod.gpsw408h240yaw134.jpg\" alt='Sovereign Logistics' class=\"aligncenter\"><\/p>\n<p><strong>Beskrivelse fra virksomheten: <\/strong>Ingen oppgitt<\/p>\n<p><strong>Tilleggstjenester:<\/strong><\/p>\n<p>Leveringstjeneste<\/p>\n<p>Logistikk<\/p>\n<p><strong>Adresse:<\/strong> GlaxoSmithKline, 1 Central Rd, Dartford DA1 5BG<\/p>\n<p><a href=\"http:\/\/sovereignlogisticsltd.co.uk\/\" target=\"_new\" rel=\"noopener\">Sovereign Logistics nettsted<\/a><\/p>\n<p><strong>Vurderingspoeng: <\/strong>5<br \/> <strong>Antall anmeldelser:<\/strong> 1<br \/><a href=\"https:\/\/www.google.co.uk\/maps?cid=4725312178939241728&#038;hl=en&#038;gl=GB\" target=\"_new\" rel=\"noopener\">Les anmeldelser<\/a><\/p>\n<h2><span class=\"ez-toc-section\" id=\"Davies_Turner_Co_Ltd\"><\/span>Davies Turner &amp; Co Ltd<span class=\"ez-toc-section-end\"><\/span><\/h2>\n<p><img decoding=\"async\" src=\"https:\/\/moverdb.com\/wp-content\/uploads\/AF1QipMbvWwpm0d9zu_9Me6UzcOU5Bvi4BVHzUZpPqgsw408-h306-k-no.jpg\" alt='Davies Turner &amp; Co Ltd' class=\"aligncenter\"><\/p>\n<p><strong>Beskrivelse fra virksomheten: <\/strong>Ingen oppgitt<\/p>\n<p><strong>Tilleggstjenester:<\/strong><\/p>\n<p>Leveringsselskap<\/p>\n<p><strong>Adresse:<\/strong> Clipper Blvd W, Dartford DA2 6QJ<\/p>\n<p><a href=\"https:\/\/www.daviesturner.com\/\" target=\"_new\" rel=\"noopener\">Davies Turner &amp; Co Ltd nettsted<\/a><\/p>\n<p><strong>Vurderingspoeng: <\/strong>3.7<br \/> <strong>Antall anmeldelser:<\/strong> 267<br \/><a href=\"https:\/\/www.google.co.uk\/maps?cid=9513850580015448857&#038;hl=en&#038;gl=GB\" target=\"_new\" rel=\"noopener\">Les anmeldelser<\/a><\/p>\n<h2><span class=\"ez-toc-section\" id=\"Solstor_UK\"><\/span>Solstor UK<span class=\"ez-toc-section-end\"><\/span><\/h2>\n<p><img decoding=\"async\" src=\"https:\/\/moverdb.com\/wp-content\/uploads\/AF1QipO7It5-uciqIUqeKN5wiY3h8RCpyzfI-YwpWAeaw900-h240-k-no.jpg\" alt='Solstor UK' class=\"aligncenter\"><\/p>\n<p><strong>Beskrivelse fra virksomheten: <\/strong>Transporttjenester i hele <a href=\"https:\/\/moverdb.com\/nb\/moving-to-the-uk\/\" data-internallinksmanager029f6b8e52c=\"93\" title=\"Flytte til Storbritannia? 2023 Levekostnader og flyttetips\">STORBRITANNIA<\/a> og Europa<\/p>\n<p><strong>Tilleggstjenester:<\/strong><\/p>\n<p>Distribusjonstjeneste<\/p>\n<p>Logistikk<\/p>\n<p>Tjeneste for kj\u00f8letransport<\/p>\n<p>Transporttjeneste<\/p>\n<p>Lastebilselskap<\/p>\n<p><strong>Adresse:<\/strong> Thames House, Thames Rd, Dartford DA1 4QP<\/p>\n<p><a href=\"https:\/\/www.solstor.com\/\" target=\"_new\" rel=\"noopener\">Solstor UKs nettsted<\/a><\/p>\n<p><strong>Vurderingspoeng: <\/strong>4.3<br \/> <strong>Antall anmeldelser:<\/strong> 85<br \/><a href=\"https:\/\/www.google.co.uk\/maps?cid=15098990223386987897&#038;hl=en&#038;gl=GB\" target=\"_new\" rel=\"noopener\">Les anmeldelser<\/a><\/p>\n<h2><span class=\"ez-toc-section\" id=\"How_we_picked_the_best_Dartford_Freight_Forwarding_Companies\"><\/span>Hvordan vi har valgt ut de beste spedisjonsselskapene i Dartford<span class=\"ez-toc-section-end\"><\/span><\/h2>\n<p>Vi tok utgangspunkt i et datasett med 14 spedisjonsselskaper i Dartford som vi fant via Google Maps, og begrenset det til de 8 beste.<\/p>\n<p>For \u00e5 gj\u00f8re dette fjernet vi alle selskaper som:<\/p>\n<ul>\n<li> Hadde ikke noe nettsted<\/li>\n<li> Hadde ingen anmeldelser<\/li>\n<li> Hadde en gjennomsnittlig vurderingsscore p\u00e5 under 2,0<\/li>\n<\/ul>\n<p>Hvis vi p\u00e5 dette tidspunktet hadde 17 eller f\u00e6rre spedit\u00f8rer, listet vi opp alle.<\/p>\n<p>For byer der vi satt igjen med mer enn 17 spedit\u00f8rer, gjorde vi ytterligere endringer ved enten \u00e5 \u00f8ke kravet til poengsum (f.eks. fra minimum 2,0 til 4,0) og\/eller \u00f8ke kravet til antall anmeldelser (f.eks. fra minst 1 anmeldelse til minst 10).<\/p>\n<p>Merk at vi kun har brukt data fra Google Maps og ikke andre tredjeparts nettsteder.<\/p>\n<p>Flere byer:<\/p>\n<p><a href=\"https:\/\/moverdb.com\/nb\/speditor\/freight-forwarding-uk\/grays-freight-forwarder\/\">Grays Spedit\u00f8r<\/a><br \/><a href=\"https:\/\/moverdb.com\/nb\/speditor\/freight-forwarding-uk\/sunbury-on-thames-freight-forwarder\/\">Spedit\u00f8r i Sunbury-on-Thames<\/a><br \/><a href=\"https:\/\/moverdb.com\/nb\/speditor\/freight-forwarding-uk\/hull-freight-forwarder\/\">Hull Spedit\u00f8r<\/a><br \/><a href=\"https:\/\/moverdb.com\/nb\/speditor\/freight-forwarding-uk\/witham-freight-forwarder\/\">Witham spedit\u00f8r<\/a><br \/><a href=\"https:\/\/moverdb.com\/nb\/speditor\/freight-forwarding-uk\/paisley-freight-forwarder\/\">Paisley Spedit\u00f8r<\/a><\/p>","protected":false},"excerpt":{"rendered":"<p>Below we look at the 8 &#8220;best&#8221; Freight Forwarding companies in Dartford out of 14. To learn more about how we chose the best please consult our FAQ section at the end. Please not the following listings are in no particular order and we are not making any recommendations for any particular company. Pentagon Freight [&hellip;]<\/p>\n","protected":false},"author":1,"featured_media":0,"parent":13427,"menu_order":0,"comment_status":"open","ping_status":"open","template":"","meta":{"_genesis_hide_title":false,"_genesis_hide_breadcrumbs":false,"_genesis_hide_singular_image":false,"_genesis_hide_footer_widgets":false,"_genesis_custom_body_class":"","_genesis_custom_post_class":"","_genesis_layout":"","footnotes":""},"class_list":{"0":"post-13805","1":"page","2":"type-page","3":"status-publish","5":"entry"},"_links":{"self":[{"href":"https:\/\/moverdb.com\/nb\/wp-json\/wp\/v2\/pages\/13805","targetHints":{"allow":["GET"]}}],"collection":[{"href":"https:\/\/moverdb.com\/nb\/wp-json\/wp\/v2\/pages"}],"about":[{"href":"https:\/\/moverdb.com\/nb\/wp-json\/wp\/v2\/types\/page"}],"author":[{"embeddable":true,"href":"https:\/\/moverdb.com\/nb\/wp-json\/wp\/v2\/users\/1"}],"replies":[{"embeddable":true,"href":"https:\/\/moverdb.com\/nb\/wp-json\/wp\/v2\/comments?post=13805"}],"version-history":[{"count":1,"href":"https:\/\/moverdb.com\/nb\/wp-json\/wp\/v2\/pages\/13805\/revisions"}],"predecessor-version":[{"id":15802,"href":"https:\/\/moverdb.com\/nb\/wp-json\/wp\/v2\/pages\/13805\/revisions\/15802"}],"up":[{"embeddable":true,"href":"https:\/\/moverdb.com\/nb\/wp-json\/wp\/v2\/pages\/13427"}],"wp:attachment":[{"href":"https:\/\/moverdb.com\/nb\/wp-json\/wp\/v2\/media?parent=13805"}],"curies":[{"name":"wp","href":"https:\/\/api.w.org\/{rel}","templated":true}]}}