{"id":13796,"date":"2023-11-08T15:52:42","date_gmt":"2023-11-08T15:52:42","guid":{"rendered":"https:\/\/moverdb.com\/freight-forwarder\/freight-forwarding-uk\/leicester-freight-forwarder\/"},"modified":"2026-01-08T13:18:15","modified_gmt":"2026-01-08T13:18:15","slug":"leicester-freight-forwarder","status":"publish","type":"page","link":"https:\/\/moverdb.com\/nb\/freight-forwarder\/freight-forwarding-uk\/leicester-freight-forwarder\/","title":{"rendered":"De 8 beste spedisjonsselskapene i Leicester (2024)"},"content":{"rendered":"<p>Nedenfor ser vi p\u00e5 de 8 <em>\"best\"<\/em> Spedisjonsselskaper i Leicester av 21.<\/p>\n<p>Hvis du vil vite mer om hvordan vi har valgt ut de beste, kan du lese mer i FAQ-delen til slutt.<\/p>\n<p><em>V\u00e6r oppmerksom p\u00e5 at listene nedenfor ikke kommer i noen bestemt rekkef\u00f8lge, og at vi ikke anbefaler noen bestemte selskaper.<\/em><\/p>\n<div id=\"ez-toc-container\" class=\"ez-toc-v2_0_82_2 ez-toc-wrap-left counter-hierarchy ez-toc-counter ez-toc-transparent ez-toc-container-direction\">\n<div class=\"ez-toc-title-container\">\n<p class=\"ez-toc-title\" style=\"cursor:inherit\">Seksjoner<\/p>\n<span class=\"ez-toc-title-toggle\"><a href=\"#\" class=\"ez-toc-pull-right ez-toc-btn ez-toc-btn-xs ez-toc-btn-default ez-toc-toggle\" aria-label=\"Bytt innholdsfortegnelse\"><span class=\"ez-toc-js-icon-con\"><span class=\"\"><span class=\"eztoc-hide\" style=\"display:none;\">Toggle<\/span><span class=\"ez-toc-icon-toggle-span\"><svg style=\"fill: #999;color:#999\" xmlns=\"http:\/\/www.w3.org\/2000\/svg\" class=\"list-377408\" width=\"20px\" height=\"20px\" viewbox=\"0 0 24 24\" fill=\"none\"><path d=\"M6 6H4v2h2V6zm14 0H8v2h12V6zM4 11h2v2H4v-2zm16 0H8v2h12v-2zM4 16h2v2H4v-2zm16 0H8v2h12v-2z\" fill=\"currentColor\"><\/path><\/svg><svg style=\"fill: #999;color:#999\" class=\"arrow-unsorted-368013\" xmlns=\"http:\/\/www.w3.org\/2000\/svg\" width=\"10px\" height=\"10px\" viewbox=\"0 0 24 24\" version=\"1.2\" baseprofile=\"tiny\"><path d=\"M18.2 9.3l-6.2-6.3-6.2 6.3c-.2.2-.3.4-.3.7s.1.5.3.7c.2.2.4.3.7.3h11c.3 0 .5-.1.7-.3.2-.2.3-.5.3-.7s-.1-.5-.3-.7zM5.8 14.7l6.2 6.3 6.2-6.3c.2-.2.3-.5.3-.7s-.1-.5-.3-.7c-.2-.2-.4-.3-.7-.3h-11c-.3 0-.5.1-.7.3-.2.2-.3.5-.3.7s.1.5.3.7z\"\/><\/svg><\/span><\/span><\/span><\/a><\/span><\/div>\n<nav><ul class='ez-toc-list ez-toc-list-level-1 eztoc-toggle-hide-by-default' ><li class='ez-toc-page-1 ez-toc-heading-level-2'><a class=\"ez-toc-link ez-toc-heading-1\" href=\"https:\/\/moverdb.com\/nb\/freight-forwarder\/freight-forwarding-uk\/leicester-freight-forwarder\/#United_Pallet_Network\" >United Pallet Network<\/a><\/li><li class='ez-toc-page-1 ez-toc-heading-level-2'><a class=\"ez-toc-link ez-toc-heading-2\" href=\"https:\/\/moverdb.com\/nb\/freight-forwarder\/freight-forwarding-uk\/leicester-freight-forwarder\/#Pinnacle_International_Freight_Ltd\" >Pinnacle International Freight Ltd<\/a><\/li><li class='ez-toc-page-1 ez-toc-heading-level-2'><a class=\"ez-toc-link ez-toc-heading-3\" href=\"https:\/\/moverdb.com\/nb\/freight-forwarder\/freight-forwarding-uk\/leicester-freight-forwarder\/#Coedma_Freight_International_Ltd\" >Coedma Freight International Ltd<\/a><\/li><li class='ez-toc-page-1 ez-toc-heading-level-2'><a class=\"ez-toc-link ez-toc-heading-4\" href=\"https:\/\/moverdb.com\/nb\/freight-forwarder\/freight-forwarding-uk\/leicester-freight-forwarder\/#Al-Noor_Logistics_Ltd\" >Al-Noor Logistics Ltd<\/a><\/li><li class='ez-toc-page-1 ez-toc-heading-level-2'><a class=\"ez-toc-link ez-toc-heading-5\" href=\"https:\/\/moverdb.com\/nb\/freight-forwarder\/freight-forwarding-uk\/leicester-freight-forwarder\/#DTDC_Courier_Cargo_Ltd\" >DTDC Courier &amp; Cargo Ltd<\/a><\/li><li class='ez-toc-page-1 ez-toc-heading-level-2'><a class=\"ez-toc-link ez-toc-heading-6\" href=\"https:\/\/moverdb.com\/nb\/freight-forwarder\/freight-forwarding-uk\/leicester-freight-forwarder\/#Apex_Cargo_Office\" >Apex Cargo Office<\/a><\/li><li class='ez-toc-page-1 ez-toc-heading-level-2'><a class=\"ez-toc-link ez-toc-heading-7\" href=\"https:\/\/moverdb.com\/nb\/freight-forwarder\/freight-forwarding-uk\/leicester-freight-forwarder\/#Apex_Cargo_Warehouse\" >Apex Cargo Warehouse<\/a><\/li><li class='ez-toc-page-1 ez-toc-heading-level-2'><a class=\"ez-toc-link ez-toc-heading-8\" href=\"https:\/\/moverdb.com\/nb\/freight-forwarder\/freight-forwarding-uk\/leicester-freight-forwarder\/#CLA_UK_Ltd\" >CLA UK Ltd<\/a><\/li><li class='ez-toc-page-1 ez-toc-heading-level-2'><a class=\"ez-toc-link ez-toc-heading-9\" href=\"https:\/\/moverdb.com\/nb\/freight-forwarder\/freight-forwarding-uk\/leicester-freight-forwarder\/#How_we_picked_the_best_Leicester_Freight_Forwarding_Companies\" >Slik valgte vi ut de beste spedisjonsselskapene i Leicester<\/a><\/li><\/ul><\/nav><\/div>\n<h2><span class=\"ez-toc-section\" id=\"United_Pallet_Network\"><\/span>United Pallet Network<span class=\"ez-toc-section-end\"><\/span><\/h2>\n<p><img decoding=\"async\" src=\"https:\/\/moverdb.com\/wp-content\/uploads\/thumbnailpanoidHUForZabvUoKg1en1qa_cgcb_clientsearch.gws-prod.gpsw408h240yaw147.jpg\" alt='United Pallet Network' class=\"aligncenter\"><\/p>\n<p><strong>Beskrivelse fra virksomheten: <\/strong>Ingen oppgitt<\/p>\n<p><strong>Tilleggstjenester:<\/strong><\/p>\n<p>Ingen oppf\u00f8rt<\/p>\n<p><strong>Adresse:<\/strong> Vantage Business Park, 8 High View Cl, Leicester LE4 9LJ<\/p>\n<p><a href=\"https:\/\/www.upn.co.uk\/\" target=\"_new\" rel=\"noopener\">Nettstedet til United Pallet Network<\/a><\/p>\n<p><strong>Vurderingspoeng: <\/strong>5<br \/> <strong>Antall anmeldelser:<\/strong> 1<br \/><a href=\"https:\/\/www.google.co.uk\/maps?cid=3603698490243004051&#038;hl=en&#038;gl=GB\" target=\"_new\" rel=\"noopener\">Les anmeldelser<\/a><\/p>\n<h2><span class=\"ez-toc-section\" id=\"Pinnacle_International_Freight_Ltd\"><\/span>Pinnacle International Freight Ltd<span class=\"ez-toc-section-end\"><\/span><\/h2>\n<p><img decoding=\"async\" src=\"https:\/\/lh5.googleusercontent.com\/p\/AF1QipO-3htqxL83v2kb1oQf5MWZib2Hyc9zXU3hHXlX=w408-h297-k-no\" alt=\"Pinnacle International Freight Ltd\" class=\"aligncenter\"><\/p>\n<p><strong>Beskrivelse fra virksomheten: <\/strong>Pinnacle, som har v\u00e6rt i privat eie siden 1972, er et kvalitetsspedisjonsselskap med kontorer og lagerfasiliteter i <a href=\"https:\/\/moverdb.com\/nb\/moving-to-the-uk\/\" data-internallinksmanager029f6b8e52c=\"93\" title=\"Flytte til Storbritannia? 2023 Levekostnader og flyttetips\">STORBRITANNIA<\/a> og <a href=\"https:\/\/moverdb.com\/nb\/moving-to-the-united-states\/\" data-internallinksmanager029f6b8e52c=\"94\" title=\"Flytte til USA? 2023 Levekostnader og flyttetips\">USA<\/a>.<\/p>\n<p> Pinnacle hjelper bedrifter med import, eksport, krysshandel, lagring og distribusjon.<\/p>\n<p>Vi tilbyr godstransporttjenester for en rekke ulike typer gods, inkludert gods som er utenfor m\u00e5lestokk og tungt gods.<\/p>\n<p> Vi tilbyr ogs\u00e5 en intern eksportpakkingstjeneste av h\u00f8y kvalitet og kan h\u00e5ndtere farlig gods, inkludert radioaktivt gods.<\/p>\n<p>V\u00e5re viktigste tjenester:<br \/>\nLuftfrakt<br \/>\nSj\u00f8frakt<br \/>\nLagerhold (lagring, oppfylling, e-handel, systemintegrasjon)<br \/>\nEksportpakking<br \/>\nTransatlantisk skipsfart<br \/>\nEmballasje og frakt av farlig gods<br \/>\nForsvars- og romfartslogistikk<br \/>\nSpesielle prosjekter<\/p>\n<p>Kontakt teamet v\u00e5rt for mer informasjon.<\/p>\n<p><strong>Tilleggstjenester:<\/strong><\/p>\n<p>E-handelstjeneste<\/p>\n<p>Import- og eksportselskap<\/p>\n<p>Emballasjemaskiner<\/p>\n<p>Lager<\/p>\n<p><strong>Adresse:<\/strong> 1 Swannington Rd, Cottage Lane Industrial Estate, Leicester LE9 6TU<\/p>\n<p><a href=\"https:\/\/www.pinnaclefreight.com\/\" target=\"_new\" rel=\"noopener\">Pinnacle International Freight Ltd nettsted<\/a><\/p>\n<p><strong>Vurderingspoeng: <\/strong>4.4<br \/> <strong>Antall anmeldelser:<\/strong> 22<br \/><a href=\"https:\/\/www.google.co.uk\/maps?cid=10859720116746224536&#038;hl=en&#038;gl=GB\" target=\"_new\" rel=\"noopener\">Les anmeldelser<\/a><\/p>\n<h2><span class=\"ez-toc-section\" id=\"Coedma_Freight_International_Ltd\"><\/span>Coedma Freight International Ltd<span class=\"ez-toc-section-end\"><\/span><\/h2>\n<p><img decoding=\"async\" src=\"https:\/\/moverdb.com\/wp-content\/uploads\/AF1QipP8WGcbuB23ZdwnwbtBnjObo9c4oryvSdFaMR4_w408-h306-k-no.jpg\" alt='Coedma Freight International Ltd' class=\"aligncenter\"><\/p>\n<p><strong>Beskrivelse fra virksomheten: <\/strong>Ingen oppgitt<\/p>\n<p><strong>Tilleggstjenester:<\/strong><\/p>\n<p>Ingen oppf\u00f8rt<\/p>\n<p><strong>Adresse:<\/strong> 8 Eldon St, Leicester LE1 3QL<\/p>\n<p><a href=\"http:\/\/www.coedmafreight.com\/\" target=\"_new\" rel=\"noopener\">Coedma Freight International Ltd nettsted<\/a><\/p>\n<p><strong>Vurderingspoeng: <\/strong>4.2<br \/> <strong>Antall anmeldelser:<\/strong> 63<br \/><a href=\"https:\/\/www.google.co.uk\/maps?cid=2698514720895051628&#038;hl=en&#038;gl=GB\" target=\"_new\" rel=\"noopener\">Les anmeldelser<\/a><\/p>\n<h2><span class=\"ez-toc-section\" id=\"Al-Noor_Logistics_Ltd\"><\/span>Al-Noor Logistics Ltd<span class=\"ez-toc-section-end\"><\/span><\/h2>\n<p><img decoding=\"async\" src=\"https:\/\/moverdb.com\/wp-content\/uploads\/AF1QipMtAEadfQ9Va3ZQAb5JymQKmlITShC_bpHp6BAbw408-h544-k-no.jpg\" alt='Al-Noor Logistics Ltd' class=\"aligncenter\"><\/p>\n<p><strong>Beskrivelse fra virksomheten: <\/strong>Al-Noor Logistics Ltd tilbyr sj\u00f8frakt-, kurer-, transport- og ekspedisjonstjenester til Gambia, Storbritannia og EU som du alltid kan stole p\u00e5.<\/p>\n<p> Med et p\u00e5litelig team kan vi h\u00e5ndtere hver enkelt kunde og last med t\u00e5lmodighet og omtanke.<\/p>\n<p> Al-Noor Logistics Ltd tilbyr ogs\u00e5 skreddersydde tjenester for hver enkelt kunde.<\/p>\n<p> Dette sikrer at informasjon og tjenester blir gitt i tide.<\/p>\n<p><strong>Tilleggstjenester:<\/strong><\/p>\n<p>Kurertjeneste<\/p>\n<p>Flytteservice<\/p>\n<p><strong>Adresse:<\/strong> 12A Navigation St, Leicester LE1 3UR<\/p>\n<p><a href=\"https:\/\/www.al-noorlogistics.com\/\" target=\"_new\" rel=\"noopener\">Al-Noor Logistics Ltd nettsted<\/a><\/p>\n<p><strong>Vurderingspoeng: <\/strong>5<br \/> <strong>Antall anmeldelser:<\/strong> 1<br \/><a href=\"https:\/\/www.google.co.uk\/maps?cid=13842802265785484999&#038;hl=en&#038;gl=GB\" target=\"_new\" rel=\"noopener\">Les anmeldelser<\/a><\/p>\n<h2><span class=\"ez-toc-section\" id=\"DTDC_Courier_Cargo_Ltd\"><\/span>DTDC Courier &amp; Cargo Ltd<span class=\"ez-toc-section-end\"><\/span><\/h2>\n<p><img decoding=\"async\" src=\"https:\/\/moverdb.com\/wp-content\/uploads\/thumbnailpanoidvZ8q_uBB_32CgH8HAuWo9gcb_clientsearch.gws-prod.gpsw408h240yaw286.jpg\" alt='DTDC Courier &amp; Cargo Ltd' class=\"aligncenter\"><\/p>\n<p><strong>Beskrivelse fra virksomheten: <\/strong>Send pakke \/ Send flyfrakt \/ Send kurer \/ Send dokumenter \/ Send frakt \/ Send sj\u00f8frakt \/ Send presserende papirarbeid \/ Send konvolutt \/ Send A4-brev til <a href=\"https:\/\/moverdb.com\/nb\/moving-to-india\/\" data-internallinksmanager029f6b8e52c=\"356\" title=\"Flytter du til India? 2023 Levekostnader og flyttetips\">India<\/a>, Pakistan, <a href=\"https:\/\/moverdb.com\/nb\/moving-to-dubai\/\" data-internallinksmanager029f6b8e52c=\"246\" title=\"Flytte til Dubai? 2023 Levekostnader og tips om flytting\">Dubai<\/a>, Srilanka, <a href=\"https:\/\/moverdb.com\/nb\/moving-companies\/moving-companies-kenya\/\" data-internallinksmanager029f6b8e52c=\"305\" title=\"4 beste internasjonale flyttefirmaer i Kenya\">Kenya<\/a>, Tanzania, Zambia, USA, <a href=\"https:\/\/moverdb.com\/nb\/moving-to-canada\/\" data-internallinksmanager029f6b8e52c=\"265\" title=\"Flytte til Canada? 2023 Levekostnader og tips om flytting\">Canada<\/a>, <a href=\"https:\/\/moverdb.com\/nb\/moving-to-australia\/living-in-australia\/\" data-internallinksmanager029f6b8e52c=\"240\" title=\"21 hemmeligheter om \u00e5 bo i Australia for \u00e5 vite f\u00f8r du flytter\">Australia<\/a>, <a href=\"https:\/\/moverdb.com\/nb\/moving-to-new-zealand\/\" data-internallinksmanager029f6b8e52c=\"324\" title=\"Flytte til New Zealand? 2023 Levekostnader og flyttetips\">New Zealand<\/a>, <a href=\"https:\/\/moverdb.com\/nb\/moving-to-germany\/\" data-internallinksmanager029f6b8e52c=\"321\" title=\"Flytte til Tyskland? 2023 Levekostnader og flyttetips\">Tyskland<\/a>, <a href=\"https:\/\/moverdb.com\/nb\/moving-to-switzerland\/\" data-internallinksmanager029f6b8e52c=\"327\" title=\"Flytte til Sveits? 2023 Levekostnader og flyttetips\">Sveits<\/a>, <a href=\"https:\/\/moverdb.com\/nb\/moving-to-italy\/\" data-internallinksmanager029f6b8e52c=\"346\" title=\"Flytter du til Italia? 2023 Levekostnader og flyttetips\">Italia<\/a>, <a href=\"https:\/\/moverdb.com\/nb\/moving-to-spain\/\" data-internallinksmanager029f6b8e52c=\"266\" title=\"Flytte til Spania? 2023 Levekostnader og flyttetips\">Spania<\/a>, <a href=\"https:\/\/moverdb.com\/nb\/moving-companies\/moving-companies-nigeria\/\" data-internallinksmanager029f6b8e52c=\"280\" title=\"10 beste internasjonale flyttefirmaer i Nigeria\">Nigeria<\/a>, <a href=\"https:\/\/moverdb.com\/nb\/moving-companies\/moving-companies-ghana\/\" data-internallinksmanager029f6b8e52c=\"228\" title=\"2 beste internasjonale flyttefirmaer i Ghana\">Ghana<\/a>, <a href=\"https:\/\/moverdb.com\/nb\/moving-to-portugal\/\" data-internallinksmanager029f6b8e52c=\"316\" title=\"Flytte til Portugal? 2023 Levekostnader og flyttetips\">Portugal<\/a>Romania, <a href=\"https:\/\/moverdb.com\/nb\/moving-to-norway\/\" data-internallinksmanager029f6b8e52c=\"325\" title=\"Flytte til Norge? 2023 Levekostnader og flyttetips\">Norge<\/a>, <a href=\"https:\/\/moverdb.com\/nb\/moving-to-bulgaria\/\" data-internallinksmanager029f6b8e52c=\"322\" title=\"Flytte til Bulgaria? 2023 Levekostnader og flyttetips\">Bulgaria<\/a>, <a href=\"https:\/\/moverdb.com\/nb\/moving-to-belgium\/\" data-internallinksmanager029f6b8e52c=\"323\" title=\"Flytte til Belgia? 2023 Levekostnader og flyttetips\">Belgia<\/a>, <a href=\"https:\/\/moverdb.com\/nb\/moving-to-the-netherlands\/\" data-internallinksmanager029f6b8e52c=\"328\" title=\"Flytte til Nederland? 2023 Levekostnader og flyttetips\">Nederland<\/a>, <a href=\"https:\/\/moverdb.com\/nb\/moving-to-ireland\/\" data-internallinksmanager029f6b8e52c=\"320\" title=\"Flytte til Irland? 2023 Levekostnader og flyttetips\">Irland<\/a>, <a href=\"https:\/\/moverdb.com\/nb\/moving-to-hong-kong\/\" data-internallinksmanager029f6b8e52c=\"350\" title=\"Flytter du til Hongkong? 2023 Levekostnader og flyttetips\">Hong Kong<\/a>.<\/p>\n<p>vi gj\u00f8r alt til konkurransedyktige priser og med utmerket leveringsservice.<\/p>\n<p>Ekspresslevering av pakker over hele verden.<\/p>\n<p>Tollklarering ved import.<\/p>\n<p>Overfl\u00f8dig bagasje.<\/p>\n<p>Flyfrakt, eksport og internasjonal flytting.<\/p>\n<p>Europeisk godstransport p\u00e5 vei.<\/p>\n<p>Spesialisert pakkeservice til India og USA, <a href=\"https:\/\/moverdb.com\/nb\/moving-to-china\/\" data-internallinksmanager029f6b8e52c=\"357\" title=\"Flytter du til Kina? 2023 Levekostnader og flyttetips\">Kina<\/a>, Hong Kong, Kenya, Tanzania, Sri Lanka, Dubai, <a href=\"https:\/\/moverdb.com\/nb\/moving-to-the-uae\/\" data-internallinksmanager029f6b8e52c=\"329\" title=\"Skal du flytte til De forente arabiske emirater (UAE)? 2024 Levekostnader og tips om flytting\">DE FORENTE ARABISKE EMIRATER<\/a>, Pakistan, <a href=\"https:\/\/moverdb.com\/nb\/moving-companies\/moving-companies-nepal\/\" data-internallinksmanager029f6b8e52c=\"283\" title=\"Beste internasjonale flyttefirmaer i Nepal\">Nepal<\/a> og over hele verden.<\/p>\n<p><strong>Tilleggstjenester:<\/strong><\/p>\n<p>Kurertjeneste<\/p>\n<p>Logistikk<\/p>\n<p>Leveringsselskap<\/p>\n<p><strong>Adresse:<\/strong> Ved siden av Domino's Pizza, 30c Melton Rd, Leicester LE4 5EA<\/p>\n<p><a href=\"http:\/\/dtdexpress.co.uk\/\" target=\"_new\" rel=\"noopener\">DTDC Courier &amp; Cargo Ltd nettsted<\/a><\/p>\n<p><strong>Vurderingspoeng: <\/strong>4.1<br \/> <strong>Antall anmeldelser:<\/strong> 23<br \/><a href=\"https:\/\/www.google.co.uk\/maps?cid=76148574372916641&#038;hl=en&#038;gl=GB\" target=\"_new\" rel=\"noopener\">Les anmeldelser<\/a><\/p>\n<h2><span class=\"ez-toc-section\" id=\"Apex_Cargo_Office\"><\/span>Apex Cargo Office<span class=\"ez-toc-section-end\"><\/span><\/h2>\n<p><img decoding=\"async\" src=\"https:\/\/moverdb.com\/wp-content\/uploads\/AF1QipM8vh-2Tw_s8sO4CitLdq-oeZwgV31Jl1JTVMcyw648-h240-k-no.jpg\" alt='Apex Cargo Office' class=\"aligncenter\"><\/p>\n<p><strong>Beskrivelse fra virksomheten: <\/strong>Kommersielle og personlige spedit\u00f8rer med base i Leicester, Storbritannia.<\/p>\n<p> Vi er her for \u00e5 dekke alle dine behov for fly, b\u00e5t, kurer, RORO og emballasje!<\/p>\n<p><strong>Tilleggstjenester:<\/strong><\/p>\n<p>Ingen oppf\u00f8rt<\/p>\n<p><strong>Adresse:<\/strong> 93 Evington Rd, Leicester LE2 1QH<\/p>\n<p><a href=\"http:\/\/www.apexcargo.co.uk\/\" target=\"_new\" rel=\"noopener\">Apex Cargo Office nettsted<\/a><\/p>\n<p><strong>Vurderingspoeng: <\/strong>4.7<br \/> <strong>Antall anmeldelser:<\/strong> 143<br \/><a href=\"https:\/\/www.google.co.uk\/maps?cid=5683667821203236023&#038;hl=en&#038;gl=GB\" target=\"_new\" rel=\"noopener\">Les anmeldelser<\/a><\/p>\n<h2><span class=\"ez-toc-section\" id=\"Apex_Cargo_Warehouse\"><\/span>Apex Cargo Warehouse<span class=\"ez-toc-section-end\"><\/span><\/h2>\n<p><img decoding=\"async\" src=\"https:\/\/moverdb.com\/wp-content\/uploads\/AF1QipN5VJnTa3s9DusD7tnTtF1LdkY-oD6z8kqOS0ZGw408-h327-k-no.jpg\" alt='Apex Cargo Warehouse' class=\"aligncenter\"><\/p>\n<p><strong>Beskrivelse fra virksomheten: <\/strong>Kommersielle og personlige spedit\u00f8rer i Leicester, Storbritannia.<\/p>\n<p> Vi er her for \u00e5 dekke alle dine behov for fly, b\u00e5t, kurer, RORO og emballasje!<\/p>\n<p><strong>Tilleggstjenester:<\/strong><\/p>\n<p>Ingen oppf\u00f8rt<\/p>\n<p><strong>Adresse:<\/strong> Enhet 3 Wheat St, Leicester LE1 2AG<\/p>\n<p><a href=\"https:\/\/apexcargo.co.uk\/\" target=\"_new\" rel=\"noopener\">Apex Cargo Warehouse nettsted<\/a><\/p>\n<p><strong>Vurderingspoeng: <\/strong>5<br \/> <strong>Antall anmeldelser:<\/strong> 6<br \/><a href=\"https:\/\/www.google.co.uk\/maps?cid=13453460755086086291&#038;hl=en&#038;gl=GB\" target=\"_new\" rel=\"noopener\">Les anmeldelser<\/a><\/p>\n<h2><span class=\"ez-toc-section\" id=\"CLA_UK_Ltd\"><\/span>CLA UK Ltd<span class=\"ez-toc-section-end\"><\/span><\/h2>\n<p><img decoding=\"async\" src=\"https:\/\/moverdb.com\/wp-content\/uploads\/AF1QipPYmWVhQ4mONrV_yzKPziNFhOGqzBVZFoyv7yr_w408-h408-k-no.jpg\" alt='CLA UK Ltd' class=\"aligncenter\"><\/p>\n<p><strong>Beskrivelse fra virksomheten: <\/strong>Spesialiserte frakttjenester i paneuropeisk logistikk<\/p>\n<p><strong>Tilleggstjenester:<\/strong><\/p>\n<p>Ingen oppf\u00f8rt<\/p>\n<p><strong>Adresse:<\/strong> 15 Nursery Ct, Kibworth Harcourt, Leicester LE8 0EX<\/p>\n<p><a href=\"http:\/\/www.cla-uk.com\/\" target=\"_new\" rel=\"noopener\">CLA UK Ltd nettsted<\/a><\/p>\n<p><strong>Vurderingspoeng: <\/strong>5<br \/> <strong>Antall anmeldelser:<\/strong> 1<br \/><a href=\"https:\/\/www.google.co.uk\/maps?cid=12756722996247192377&#038;hl=en&#038;gl=GB\" target=\"_new\" rel=\"noopener\">Les anmeldelser<\/a><\/p>\n<h2><span class=\"ez-toc-section\" id=\"How_we_picked_the_best_Leicester_Freight_Forwarding_Companies\"><\/span>Slik valgte vi ut de beste spedisjonsselskapene i Leicester<span class=\"ez-toc-section-end\"><\/span><\/h2>\n<p>Vi tok utgangspunkt i et datasett med 21 spedisjonsselskaper i Leicester som vi kunne finne via Google Maps, og snevret det inn til de 8 beste.<\/p>\n<p>For \u00e5 gj\u00f8re dette fjernet vi alle selskaper som:<\/p>\n<ul>\n<li> Hadde ikke noe nettsted<\/li>\n<li> Hadde ingen anmeldelser<\/li>\n<li> Hadde en gjennomsnittlig vurderingsscore p\u00e5 under 2,0<\/li>\n<\/ul>\n<p>Hvis vi p\u00e5 dette tidspunktet hadde 17 eller f\u00e6rre spedit\u00f8rer, listet vi opp alle.<\/p>\n<p>For byer der vi satt igjen med mer enn 17 spedit\u00f8rer, gjorde vi ytterligere endringer ved enten \u00e5 \u00f8ke kravet til poengsum (f.eks. fra minimum 2,0 til 4,0) og\/eller \u00f8ke kravet til antall anmeldelser (f.eks. fra minst 1 anmeldelse til minst 10).<\/p>\n<p>Merk at vi kun har brukt data fra Google Maps og ikke andre tredjeparts nettsteder.<\/p>\n<p>Flere byer:<\/p>\n<p><a href=\"https:\/\/moverdb.com\/nb\/speditor\/freight-forwarding-uk\/dartford-freight-forwarder\/\">Dartford Spedit\u00f8r<\/a><br \/><a href=\"https:\/\/moverdb.com\/nb\/speditor\/freight-forwarding-uk\/grays-freight-forwarder\/\">Grays Spedit\u00f8r<\/a><br \/><a href=\"https:\/\/moverdb.com\/nb\/speditor\/freight-forwarding-uk\/sunbury-on-thames-freight-forwarder\/\">Spedit\u00f8r i Sunbury-on-Thames<\/a><br \/><a href=\"https:\/\/moverdb.com\/nb\/speditor\/freight-forwarding-uk\/hull-freight-forwarder\/\">Hull Spedit\u00f8r<\/a><br \/><a href=\"https:\/\/moverdb.com\/nb\/speditor\/freight-forwarding-uk\/witham-freight-forwarder\/\">Witham spedit\u00f8r<\/a><\/p>","protected":false},"excerpt":{"rendered":"<p>Below we look at the 8 &#8220;best&#8221; Freight Forwarding companies in Leicester out of 21. To learn more about how we chose the best please consult our FAQ section at the end. Please not the following listings are in no particular order and we are not making any recommendations for any particular company. United Pallet [&hellip;]<\/p>\n","protected":false},"author":1,"featured_media":0,"parent":13427,"menu_order":0,"comment_status":"open","ping_status":"open","template":"","meta":{"_genesis_hide_title":false,"_genesis_hide_breadcrumbs":false,"_genesis_hide_singular_image":false,"_genesis_hide_footer_widgets":false,"_genesis_custom_body_class":"","_genesis_custom_post_class":"","_genesis_layout":"","footnotes":""},"class_list":{"0":"post-13796","1":"page","2":"type-page","3":"status-publish","5":"entry"},"_links":{"self":[{"href":"https:\/\/moverdb.com\/nb\/wp-json\/wp\/v2\/pages\/13796","targetHints":{"allow":["GET"]}}],"collection":[{"href":"https:\/\/moverdb.com\/nb\/wp-json\/wp\/v2\/pages"}],"about":[{"href":"https:\/\/moverdb.com\/nb\/wp-json\/wp\/v2\/types\/page"}],"author":[{"embeddable":true,"href":"https:\/\/moverdb.com\/nb\/wp-json\/wp\/v2\/users\/1"}],"replies":[{"embeddable":true,"href":"https:\/\/moverdb.com\/nb\/wp-json\/wp\/v2\/comments?post=13796"}],"version-history":[{"count":1,"href":"https:\/\/moverdb.com\/nb\/wp-json\/wp\/v2\/pages\/13796\/revisions"}],"predecessor-version":[{"id":15805,"href":"https:\/\/moverdb.com\/nb\/wp-json\/wp\/v2\/pages\/13796\/revisions\/15805"}],"up":[{"embeddable":true,"href":"https:\/\/moverdb.com\/nb\/wp-json\/wp\/v2\/pages\/13427"}],"wp:attachment":[{"href":"https:\/\/moverdb.com\/nb\/wp-json\/wp\/v2\/media?parent=13796"}],"curies":[{"name":"wp","href":"https:\/\/api.w.org\/{rel}","templated":true}]}}