{"id":13788,"date":"2023-11-08T15:52:42","date_gmt":"2023-11-08T15:52:42","guid":{"rendered":"https:\/\/moverdb.com\/freight-forwarder\/freight-forwarding-uk\/staines-freight-forwarder\/"},"modified":"2026-01-08T13:18:16","modified_gmt":"2026-01-08T13:18:16","slug":"staines-freight-forwarder","status":"publish","type":"page","link":"https:\/\/moverdb.com\/nb\/freight-forwarder\/freight-forwarding-uk\/staines-freight-forwarder\/","title":{"rendered":"De 8 beste spedisjonsselskapene i Staines (2024)"},"content":{"rendered":"<p>Nedenfor ser vi p\u00e5 de 8 <em>\"best\"<\/em> Spedisjonsfirmaer i Staines av 16.<\/p>\n<p>Hvis du vil vite mer om hvordan vi har valgt ut de beste, kan du lese mer i FAQ-delen til slutt.<\/p>\n<p><em>V\u00e6r oppmerksom p\u00e5 at listene nedenfor ikke kommer i noen bestemt rekkef\u00f8lge, og at vi ikke anbefaler noen bestemte selskaper.<\/em><\/p>\n<div id=\"ez-toc-container\" class=\"ez-toc-v2_0_82_2 ez-toc-wrap-left counter-hierarchy ez-toc-counter ez-toc-transparent ez-toc-container-direction\">\n<div class=\"ez-toc-title-container\">\n<p class=\"ez-toc-title\" style=\"cursor:inherit\">Seksjoner<\/p>\n<span class=\"ez-toc-title-toggle\"><a href=\"#\" class=\"ez-toc-pull-right ez-toc-btn ez-toc-btn-xs ez-toc-btn-default ez-toc-toggle\" aria-label=\"Bytt innholdsfortegnelse\"><span class=\"ez-toc-js-icon-con\"><span class=\"\"><span class=\"eztoc-hide\" style=\"display:none;\">Toggle<\/span><span class=\"ez-toc-icon-toggle-span\"><svg style=\"fill: #999;color:#999\" xmlns=\"http:\/\/www.w3.org\/2000\/svg\" class=\"list-377408\" width=\"20px\" height=\"20px\" viewbox=\"0 0 24 24\" fill=\"none\"><path d=\"M6 6H4v2h2V6zm14 0H8v2h12V6zM4 11h2v2H4v-2zm16 0H8v2h12v-2zM4 16h2v2H4v-2zm16 0H8v2h12v-2z\" fill=\"currentColor\"><\/path><\/svg><svg style=\"fill: #999;color:#999\" class=\"arrow-unsorted-368013\" xmlns=\"http:\/\/www.w3.org\/2000\/svg\" width=\"10px\" height=\"10px\" viewbox=\"0 0 24 24\" version=\"1.2\" baseprofile=\"tiny\"><path d=\"M18.2 9.3l-6.2-6.3-6.2 6.3c-.2.2-.3.4-.3.7s.1.5.3.7c.2.2.4.3.7.3h11c.3 0 .5-.1.7-.3.2-.2.3-.5.3-.7s-.1-.5-.3-.7zM5.8 14.7l6.2 6.3 6.2-6.3c.2-.2.3-.5.3-.7s-.1-.5-.3-.7c-.2-.2-.4-.3-.7-.3h-11c-.3 0-.5.1-.7.3-.2.2-.3.5-.3.7s.1.5.3.7z\"\/><\/svg><\/span><\/span><\/span><\/a><\/span><\/div>\n<nav><ul class='ez-toc-list ez-toc-list-level-1 eztoc-toggle-hide-by-default' ><li class='ez-toc-page-1 ez-toc-heading-level-2'><a class=\"ez-toc-link ez-toc-heading-1\" href=\"https:\/\/moverdb.com\/nb\/freight-forwarder\/freight-forwarding-uk\/staines-freight-forwarder\/#CargoPro_Limited\" >CargoPro Limited<\/a><\/li><li class='ez-toc-page-1 ez-toc-heading-level-2'><a class=\"ez-toc-link ez-toc-heading-2\" href=\"https:\/\/moverdb.com\/nb\/freight-forwarder\/freight-forwarding-uk\/staines-freight-forwarder\/#Santova_Logistics\" >Santova Logistikk<\/a><\/li><li class='ez-toc-page-1 ez-toc-heading-level-2'><a class=\"ez-toc-link ez-toc-heading-3\" href=\"https:\/\/moverdb.com\/nb\/freight-forwarder\/freight-forwarding-uk\/staines-freight-forwarder\/#TRICO_INTERNATIONAL_Shipping_Ltd\" >TRICO INTERNATIONAL Shipping Ltd<\/a><\/li><li class='ez-toc-page-1 ez-toc-heading-level-2'><a class=\"ez-toc-link ez-toc-heading-4\" href=\"https:\/\/moverdb.com\/nb\/freight-forwarder\/freight-forwarding-uk\/staines-freight-forwarder\/#Wexco_Cargo_G_S_S_A\" >Wexco Cargo G S S A<\/a><\/li><li class='ez-toc-page-1 ez-toc-heading-level-2'><a class=\"ez-toc-link ez-toc-heading-5\" href=\"https:\/\/moverdb.com\/nb\/freight-forwarder\/freight-forwarding-uk\/staines-freight-forwarder\/#Mentfield_UK_Ltd\" >Mentfield UK Ltd<\/a><\/li><li class='ez-toc-page-1 ez-toc-heading-level-2'><a class=\"ez-toc-link ez-toc-heading-6\" href=\"https:\/\/moverdb.com\/nb\/freight-forwarder\/freight-forwarding-uk\/staines-freight-forwarder\/#PSP_Worldwide_Logistics_London\" >PSP Worldwide Logistics London<\/a><\/li><li class='ez-toc-page-1 ez-toc-heading-level-2'><a class=\"ez-toc-link ez-toc-heading-7\" href=\"https:\/\/moverdb.com\/nb\/freight-forwarder\/freight-forwarding-uk\/staines-freight-forwarder\/#dnata_City_Unit_1\" >dnata City Enhet 1<\/a><\/li><li class='ez-toc-page-1 ez-toc-heading-level-2'><a class=\"ez-toc-link ez-toc-heading-8\" href=\"https:\/\/moverdb.com\/nb\/freight-forwarder\/freight-forwarding-uk\/staines-freight-forwarder\/#IdrisMans_Transit\" >IdrisMans Transit<\/a><\/li><li class='ez-toc-page-1 ez-toc-heading-level-2'><a class=\"ez-toc-link ez-toc-heading-9\" href=\"https:\/\/moverdb.com\/nb\/freight-forwarder\/freight-forwarding-uk\/staines-freight-forwarder\/#How_we_picked_the_best_Staines_Freight_Forwarding_Companies\" >Hvordan vi valgte ut de beste spedisjonsselskapene i Staines<\/a><\/li><\/ul><\/nav><\/div>\n<h2><span class=\"ez-toc-section\" id=\"CargoPro_Limited\"><\/span>CargoPro Limited<span class=\"ez-toc-section-end\"><\/span><\/h2>\n<p><img decoding=\"async\" src=\"https:\/\/moverdb.com\/wp-content\/uploads\/thumbnailpanoid8eZ03x04DAxtcvndHkNXHgcb_clientsearch.gws-prod.gpsw408h240yaw156.jpg\" alt='CargoPro Limited' class=\"aligncenter\"><\/p>\n<p><strong>Beskrivelse fra virksomheten: <\/strong>Ingen oppgitt<\/p>\n<p><strong>Tilleggstjenester:<\/strong><\/p>\n<p>Ingen oppf\u00f8rt<\/p>\n<p><strong>Adresse:<\/strong> Cargo House, 1 The Mallards, Staines TW18 2TB<\/p>\n<p><a href=\"https:\/\/www.cargopro.co.uk\/\" target=\"_new\" rel=\"noopener\">CargoPro Limiteds nettsted<\/a><\/p>\n<p><strong>Vurderingspoeng: <\/strong>5<br \/> <strong>Antall anmeldelser:<\/strong> 2<br \/><a href=\"https:\/\/www.google.co.uk\/maps?cid=16856630503006872933&#038;hl=en&#038;gl=GB\" target=\"_new\" rel=\"noopener\">Les anmeldelser<\/a><\/p>\n<h2><span class=\"ez-toc-section\" id=\"Santova_Logistics\"><\/span>Santova Logistikk<span class=\"ez-toc-section-end\"><\/span><\/h2>\n<p><img decoding=\"async\" src=\"https:\/\/moverdb.com\/wp-content\/uploads\/thumbnailpanoidf4e0Huub_cPG2grVooambgcb_clientsearch.gws-prod.gpsw408h240yaw126.jpg\" alt='Santova Logistikk' class=\"aligncenter\"><\/p>\n<p><strong>Beskrivelse fra virksomheten: <\/strong>Ingen oppgitt<\/p>\n<p><strong>Tilleggstjenester:<\/strong><\/p>\n<p>Ingen oppf\u00f8rt<\/p>\n<p><strong>Adresse:<\/strong> Centurion House, London Rd, Staines TW18 4AX<\/p>\n<p><a href=\"http:\/\/www.santova.com\/\" target=\"_new\" rel=\"noopener\">Santova Logistics nettsted<\/a><\/p>\n<p><strong>Vurderingspoeng: <\/strong>5<br \/> <strong>Antall anmeldelser:<\/strong> 1<br \/><a href=\"https:\/\/www.google.co.uk\/maps?cid=7182348770038663337&#038;hl=en&#038;gl=GB\" target=\"_new\" rel=\"noopener\">Les anmeldelser<\/a><\/p>\n<h2><span class=\"ez-toc-section\" id=\"TRICO_INTERNATIONAL_Shipping_Ltd\"><\/span>TRICO INTERNATIONAL Shipping Ltd<span class=\"ez-toc-section-end\"><\/span><\/h2>\n<p><img decoding=\"async\" src=\"https:\/\/moverdb.com\/wp-content\/uploads\/AF1QipNEdVhhScL5vWrWmX5JQbRfv6acPNHQ_oOKGX0ww408-h306-k-no.jpg\" alt='TRICO INTERNATIONAL Shipping Ltd' class=\"aligncenter\"><\/p>\n<p><strong>Beskrivelse fra virksomheten: <\/strong>D\u00f8r til d\u00f8r Sri Lanka, <a href=\"https:\/\/moverdb.com\/nb\/moving-to-indonesia\/\" data-internallinksmanager029f6b8e52c=\"375\" title=\"Flytter du til Indonesia? 2023 Levekostnader og flyttetips\">Indonesia<\/a>, Malesia, <a href=\"https:\/\/moverdb.com\/nb\/car-transport-shipping\/\" data-internallinksmanager029f6b8e52c=\"2\" title=\"2026 Internasjonal biltransport og tilbud p\u00e5 frakt av kj\u00f8ret\u00f8y\">Frakt av biler<\/a> til Sri Lanka, Frakt, Box send til Sri Lanka, Verdensomspennende frakt<br \/>\nD\u00f8r til d\u00f8r Sri Lanka, Indonesia, Malesia, Bilfrakt til Sri Lanka, Last, Box send til Sri Lanka, Verdensomspennende frakt<\/p>\n<p><strong>Tilleggstjenester:<\/strong><\/p>\n<p>Logistikk<\/p>\n<p><strong>Adresse:<\/strong> 215-217 London Rd, Staines TW18 4HL<\/p>\n<p><a href=\"https:\/\/www.tricointernational.co.uk\/\" target=\"_new\" rel=\"noopener\">TRICO INTERNATIONAL Shipping Ltd nettsted<\/a><\/p>\n<p><strong>Vurderingspoeng: <\/strong>4.2<br \/> <strong>Antall anmeldelser:<\/strong> 68<br \/><a href=\"https:\/\/www.google.co.uk\/maps?cid=2311709322253237962&#038;hl=en&#038;gl=GB\" target=\"_new\" rel=\"noopener\">Les anmeldelser<\/a><\/p>\n<h2><span class=\"ez-toc-section\" id=\"Wexco_Cargo_G_S_S_A\"><\/span>Wexco Cargo G S S A<span class=\"ez-toc-section-end\"><\/span><\/h2>\n<p><img decoding=\"async\" src=\"https:\/\/moverdb.com\/wp-content\/uploads\/thumbnailpanoidchtGyotiXJtBW7PWsx-RZAcb_clientsearch.gws-prod.gpsw408h240yaw119.jpg\" alt='Wexco Cargo G S S A' class=\"aligncenter\"><\/p>\n<p><strong>Beskrivelse fra virksomheten: <\/strong>Ingen oppgitt<\/p>\n<p><strong>Tilleggstjenester:<\/strong><\/p>\n<p>Ingen oppf\u00f8rt<\/p>\n<p><strong>Adresse:<\/strong> Northumberland Cl, Stanwell, Lancaster, Staines TW14 0NG<\/p>\n<p><a href=\"http:\/\/www.gsawexco.com\/\" target=\"_new\" rel=\"noopener\">Wexco Cargo G S S A nettsted<\/a><\/p>\n<p><strong>Vurderingspoeng: <\/strong>5<br \/> <strong>Antall anmeldelser:<\/strong> 1<br \/><a href=\"https:\/\/www.google.co.uk\/maps?cid=13240279529537870685&#038;hl=en&#038;gl=GB\" target=\"_new\" rel=\"noopener\">Les anmeldelser<\/a><\/p>\n<h2><span class=\"ez-toc-section\" id=\"Mentfield_UK_Ltd\"><\/span>Mentfield UK Ltd<span class=\"ez-toc-section-end\"><\/span><\/h2>\n<p><img decoding=\"async\" src=\"https:\/\/moverdb.com\/wp-content\/uploads\/AF1QipPr_CDY0MPinM-tHNmPhZIq_3MzYfu06YoST3dIw426-h240-k-no.jpg\" alt='Mentfield UK Ltd' class=\"aligncenter\"><\/p>\n<p><strong>Beskrivelse fra virksomheten: <\/strong>Ingen oppgitt<\/p>\n<p><strong>Tilleggstjenester:<\/strong><\/p>\n<p>Ingen oppf\u00f8rt<\/p>\n<p><strong>Adresse:<\/strong> Long Ln, Stanwell, Staines TW19 7AU<\/p>\n<p><a href=\"http:\/\/www.mentfield.com\/\" target=\"_new\" rel=\"noopener\">Mentfield UK Ltd nettsted<\/a><\/p>\n<p><strong>Vurderingspoeng: <\/strong>3.6<br \/> <strong>Antall anmeldelser:<\/strong> 52<br \/><a href=\"https:\/\/www.google.co.uk\/maps?cid=8326872892032297862&#038;hl=en&#038;gl=GB\" target=\"_new\" rel=\"noopener\">Les anmeldelser<\/a><\/p>\n<h2><span class=\"ez-toc-section\" id=\"PSP_Worldwide_Logistics_London\"><\/span>PSP Worldwide Logistics London<span class=\"ez-toc-section-end\"><\/span><\/h2>\n<p><img decoding=\"async\" src=\"https:\/\/moverdb.com\/wp-content\/uploads\/AF1QipMCftB0G0cnX3BVtGynXf0hKlZVpssnN-JooHgTw426-h240-k-no.jpg\" alt='PSP Worldwide Logistics London' class=\"aligncenter\"><\/p>\n<p><strong>Beskrivelse fra virksomheten: <\/strong>I l\u00f8pet av \u00e5rene som har g\u00e5tt siden etableringen i 2003 har PSP London-teamet utviklet f\u00f8rsteklasses spedisjons-, fortollings- og lagertjenester p\u00e5 den strategiske beliggenheten i Heathrow og bygget opp en stor og lojal kundebase i en rekke ulike bransjer, samtidig som de har fortsatt \u00e5 samarbeide tett med sine kolleger i Hampshire.<\/p>\n<p>Fordi vi er AEO-akkreditert av HMRC og autorisert til \u00e5 h\u00e5ndtere og transportere de farligste og mest krevende laster, har vi ekspertisen, ressursene og kapasiteten til \u00e5 st\u00f8tte de mest komplekse globale forsyningskjedene.<\/p>\n<p><strong>Tilleggstjenester:<\/strong><\/p>\n<p>Ingen oppf\u00f8rt<\/p>\n<p><strong>Adresse:<\/strong> 46 Church St, Staines TW18 4XR<\/p>\n<p><a href=\"https:\/\/www.psplondon.com\/\" target=\"_new\" rel=\"noopener\">PSP Worldwide Logistics Londons nettsted<\/a><\/p>\n<p><strong>Vurderingspoeng: <\/strong>5<br \/> <strong>Antall anmeldelser:<\/strong> 4<br \/><a href=\"https:\/\/www.google.co.uk\/maps?cid=1483888657385951061&#038;hl=en&#038;gl=GB\" target=\"_new\" rel=\"noopener\">Les anmeldelser<\/a><\/p>\n<h2><span class=\"ez-toc-section\" id=\"dnata_City_Unit_1\"><\/span>dnata City Enhet 1<span class=\"ez-toc-section-end\"><\/span><\/h2>\n<p><img decoding=\"async\" src=\"https:\/\/moverdb.com\/wp-content\/uploads\/AF1QipNgc-yDhDB3RQ3VDDs7fdVHhvuYScKidotBR4VHw408-h306-k-no.jpg\" alt='dnata City Enhet 1' class=\"aligncenter\"><\/p>\n<p><strong>Beskrivelse fra virksomheten: <\/strong>Ingen oppgitt<\/p>\n<p><strong>Tilleggstjenester:<\/strong><\/p>\n<p>Ingen oppf\u00f8rt<\/p>\n<p><strong>Adresse:<\/strong> Northumberland Close, Stanwell, Staines TW19 7LN<\/p>\n<p><a href=\"http:\/\/www.dnata.co.uk\/\" target=\"_new\" rel=\"noopener\">dnata City Unit 1 nettsted<\/a><\/p>\n<p><strong>Vurderingspoeng: <\/strong>3.7<br \/> <strong>Antall anmeldelser:<\/strong> 216<br \/><a href=\"https:\/\/www.google.co.uk\/maps?cid=5796627990768086424&#038;hl=en&#038;gl=GB\" target=\"_new\" rel=\"noopener\">Les anmeldelser<\/a><\/p>\n<h2><span class=\"ez-toc-section\" id=\"IdrisMans_Transit\"><\/span>IdrisMans Transit<span class=\"ez-toc-section-end\"><\/span><\/h2>\n<p><img decoding=\"async\" src=\"https:\/\/moverdb.com\/wp-content\/uploads\/AF1QipOiZ12ya1hGttcaGjLFU_i3Ox5MQXDss4okGoLHw408-h306-k-no.jpg\" alt='IdrisMans Transit' class=\"aligncenter\"><\/p>\n<p><strong>Beskrivelse fra virksomheten: <\/strong>IdrisMans er en prestisjefylt <a href=\"https:\/\/moverdb.com\/nb\/freight-forwarder\/\" data-internallinksmanager029f6b8e52c=\"17\" title=\"Spedit\u00f8r &amp; NVOCC Internasjonal kostnads- og selskapsguide\">Spedit\u00f8r<\/a> &amp; Customs Broker-selskap med mange \u00e5rs erfaring og en profesjonell tiln\u00e6rming i alt vi foretar oss.<\/p>\n<p>Vi planlegger og koordinerer varebevegelser, inkludert tollformaliteter for import og eksport av varer, samt INTL-transport til og fra utlandet Amerika, Oseania, Asia, Europa og Afrika.<\/p>\n<p>IdrisMans est une prestigieuse entreprise de Commissionnaire de Transport &amp; en Douane avec s\u00c3\u00a9rieux professionnalisme et exp\u00c3\u00a9rience.<\/p>\n<p>Nous planifions et nous coordonnons les transactions commerciales impliquant l'importation et l'exportation de marchandises ainsi que les formalit\u00e9s douani\u00e8res le transport International \u00c3 destination &amp; en provenance des pays \u00c3\u00a9trangers Asie Am\u00c3\u00a9rique Oc\u00c3\u00a9anie Afrique Europe<\/p>\n<p><strong>Tilleggstjenester:<\/strong><\/p>\n<p>Containertjeneste<\/p>\n<p>Tollmegler<\/p>\n<p>Logistikk<\/p>\n<p><a href=\"https:\/\/moverdb.com\/nb\/international-removals\/\" data-internallinksmanager029f6b8e52c=\"27\" title=\"De 36 beste internasjonale flyttebyr\u00e5ene i Storbritannia\">Flyttebyr\u00e5<\/a><\/p>\n<p>Jernbaneselskap<\/p>\n<p>Frakttjeneste<\/p>\n<p>Transporttjeneste<\/p>\n<p>Lastebilselskap<\/p>\n<p>Spedit\u00f8r for kj\u00f8ret\u00f8y<\/p>\n<p><strong>Adresse:<\/strong> 231 London Rd, Staines TW18 4HR<\/p>\n<p><a href=\"https:\/\/www.idrismans.com\/\" target=\"_new\" rel=\"noopener\">IdrisMans Transit nettsted<\/a><\/p>\n<p><strong>Vurderingspoeng: <\/strong>5<br \/> <strong>Antall anmeldelser:<\/strong> 7<br \/><a href=\"https:\/\/www.google.co.uk\/maps?cid=12834209287575934406&#038;hl=en&#038;gl=GB\" target=\"_new\" rel=\"noopener\">Les anmeldelser<\/a><\/p>\n<h2><span class=\"ez-toc-section\" id=\"How_we_picked_the_best_Staines_Freight_Forwarding_Companies\"><\/span>Hvordan vi valgte ut de beste spedisjonsselskapene i Staines<span class=\"ez-toc-section-end\"><\/span><\/h2>\n<p>Vi tok utgangspunkt i et datasett med 16 spedisjonsfirmaer i Staines som vi fant via Google Maps, og begrenset det til de 8 beste.<\/p>\n<p>For \u00e5 gj\u00f8re dette fjernet vi alle selskaper som:<\/p>\n<ul>\n<li> Hadde ikke noe nettsted<\/li>\n<li> Hadde ingen anmeldelser<\/li>\n<li> Hadde en gjennomsnittlig vurderingsscore p\u00e5 under 2,0<\/li>\n<\/ul>\n<p>Hvis vi p\u00e5 dette tidspunktet hadde 17 eller f\u00e6rre spedit\u00f8rer, listet vi opp alle.<\/p>\n<p>For byer der vi satt igjen med mer enn 17 spedit\u00f8rer, gjorde vi ytterligere endringer ved enten \u00e5 \u00f8ke kravet til poengsum (f.eks. fra minimum 2,0 til 4,0) og\/eller \u00f8ke kravet til antall anmeldelser (f.eks. fra minst 1 anmeldelse til minst 10).<\/p>\n<p>Merk at vi kun har brukt data fra Google Maps og ikke andre tredjeparts nettsteder.<\/p>\n<p>Flere byer:<\/p>\n<p><a href=\"https:\/\/moverdb.com\/nb\/speditor\/freight-forwarding-uk\/leicester-freight-forwarder\/\">Spedit\u00f8r i Leicester<\/a><br \/><a href=\"https:\/\/moverdb.com\/nb\/speditor\/freight-forwarding-uk\/dartford-freight-forwarder\/\">Dartford Spedit\u00f8r<\/a><br \/><a href=\"https:\/\/moverdb.com\/nb\/speditor\/freight-forwarding-uk\/grays-freight-forwarder\/\">Grays Spedit\u00f8r<\/a><br \/><a href=\"https:\/\/moverdb.com\/nb\/speditor\/freight-forwarding-uk\/sunbury-on-thames-freight-forwarder\/\">Spedit\u00f8r i Sunbury-on-Thames<\/a><br \/><a href=\"https:\/\/moverdb.com\/nb\/speditor\/freight-forwarding-uk\/hull-freight-forwarder\/\">Hull Spedit\u00f8r<\/a><\/p>","protected":false},"excerpt":{"rendered":"<p>Below we look at the 8 &#8220;best&#8221; Freight Forwarding companies in Staines out of 16. To learn more about how we chose the best please consult our FAQ section at the end. Please not the following listings are in no particular order and we are not making any recommendations for any particular company. CargoPro Limited [&hellip;]<\/p>\n","protected":false},"author":1,"featured_media":0,"parent":13427,"menu_order":0,"comment_status":"open","ping_status":"open","template":"","meta":{"_genesis_hide_title":false,"_genesis_hide_breadcrumbs":false,"_genesis_hide_singular_image":false,"_genesis_hide_footer_widgets":false,"_genesis_custom_body_class":"","_genesis_custom_post_class":"","_genesis_layout":"","footnotes":""},"class_list":{"0":"post-13788","1":"page","2":"type-page","3":"status-publish","5":"entry"},"_links":{"self":[{"href":"https:\/\/moverdb.com\/nb\/wp-json\/wp\/v2\/pages\/13788","targetHints":{"allow":["GET"]}}],"collection":[{"href":"https:\/\/moverdb.com\/nb\/wp-json\/wp\/v2\/pages"}],"about":[{"href":"https:\/\/moverdb.com\/nb\/wp-json\/wp\/v2\/types\/page"}],"author":[{"embeddable":true,"href":"https:\/\/moverdb.com\/nb\/wp-json\/wp\/v2\/users\/1"}],"replies":[{"embeddable":true,"href":"https:\/\/moverdb.com\/nb\/wp-json\/wp\/v2\/comments?post=13788"}],"version-history":[{"count":1,"href":"https:\/\/moverdb.com\/nb\/wp-json\/wp\/v2\/pages\/13788\/revisions"}],"predecessor-version":[{"id":15806,"href":"https:\/\/moverdb.com\/nb\/wp-json\/wp\/v2\/pages\/13788\/revisions\/15806"}],"up":[{"embeddable":true,"href":"https:\/\/moverdb.com\/nb\/wp-json\/wp\/v2\/pages\/13427"}],"wp:attachment":[{"href":"https:\/\/moverdb.com\/nb\/wp-json\/wp\/v2\/media?parent=13788"}],"curies":[{"name":"wp","href":"https:\/\/api.w.org\/{rel}","templated":true}]}}