{"id":13762,"date":"2023-11-08T15:52:42","date_gmt":"2023-11-08T15:52:42","guid":{"rendered":"https:\/\/moverdb.com\/freight-forwarder\/freight-forwarding-uk\/west-drayton-freight-forwarder\/"},"modified":"2026-01-08T13:18:17","modified_gmt":"2026-01-08T13:18:17","slug":"west-drayton-freight-forwarder","status":"publish","type":"page","link":"https:\/\/moverdb.com\/nb\/freight-forwarder\/freight-forwarding-uk\/west-drayton-freight-forwarder\/","title":{"rendered":"De 8 beste spedisjonsselskapene i West Drayton (2024)"},"content":{"rendered":"<p>Nedenfor ser vi p\u00e5 de 8 <em>\"best\"<\/em> Spedisjonsfirmaer i West Drayton av 19.<\/p>\n<p>Hvis du vil vite mer om hvordan vi har valgt ut de beste, kan du lese mer i FAQ-delen til slutt.<\/p>\n<p><em>V\u00e6r oppmerksom p\u00e5 at listene nedenfor ikke kommer i noen bestemt rekkef\u00f8lge, og at vi ikke anbefaler noen bestemte selskaper.<\/em><\/p>\n<div id=\"ez-toc-container\" class=\"ez-toc-v2_0_82_2 ez-toc-wrap-left counter-hierarchy ez-toc-counter ez-toc-transparent ez-toc-container-direction\">\n<div class=\"ez-toc-title-container\">\n<p class=\"ez-toc-title\" style=\"cursor:inherit\">Seksjoner<\/p>\n<span class=\"ez-toc-title-toggle\"><a href=\"#\" class=\"ez-toc-pull-right ez-toc-btn ez-toc-btn-xs ez-toc-btn-default ez-toc-toggle\" aria-label=\"Bytt innholdsfortegnelse\"><span class=\"ez-toc-js-icon-con\"><span class=\"\"><span class=\"eztoc-hide\" style=\"display:none;\">Toggle<\/span><span class=\"ez-toc-icon-toggle-span\"><svg style=\"fill: #999;color:#999\" xmlns=\"http:\/\/www.w3.org\/2000\/svg\" class=\"list-377408\" width=\"20px\" height=\"20px\" viewbox=\"0 0 24 24\" fill=\"none\"><path d=\"M6 6H4v2h2V6zm14 0H8v2h12V6zM4 11h2v2H4v-2zm16 0H8v2h12v-2zM4 16h2v2H4v-2zm16 0H8v2h12v-2z\" fill=\"currentColor\"><\/path><\/svg><svg style=\"fill: #999;color:#999\" class=\"arrow-unsorted-368013\" xmlns=\"http:\/\/www.w3.org\/2000\/svg\" width=\"10px\" height=\"10px\" viewbox=\"0 0 24 24\" version=\"1.2\" baseprofile=\"tiny\"><path d=\"M18.2 9.3l-6.2-6.3-6.2 6.3c-.2.2-.3.4-.3.7s.1.5.3.7c.2.2.4.3.7.3h11c.3 0 .5-.1.7-.3.2-.2.3-.5.3-.7s-.1-.5-.3-.7zM5.8 14.7l6.2 6.3 6.2-6.3c.2-.2.3-.5.3-.7s-.1-.5-.3-.7c-.2-.2-.4-.3-.7-.3h-11c-.3 0-.5.1-.7.3-.2.2-.3.5-.3.7s.1.5.3.7z\"\/><\/svg><\/span><\/span><\/span><\/a><\/span><\/div>\n<nav><ul class='ez-toc-list ez-toc-list-level-1 eztoc-toggle-hide-by-default' ><li class='ez-toc-page-1 ez-toc-heading-level-2'><a class=\"ez-toc-link ez-toc-heading-1\" href=\"https:\/\/moverdb.com\/nb\/freight-forwarder\/freight-forwarding-uk\/west-drayton-freight-forwarder\/#Senator_International_Freight\" >Senator International Freight<\/a><\/li><li class='ez-toc-page-1 ez-toc-heading-level-2'><a class=\"ez-toc-link ez-toc-heading-2\" href=\"https:\/\/moverdb.com\/nb\/freight-forwarder\/freight-forwarding-uk\/west-drayton-freight-forwarder\/#Logfret_UK_Ltd\" >Logfret UK Ltd<\/a><\/li><li class='ez-toc-page-1 ez-toc-heading-level-2'><a class=\"ez-toc-link ez-toc-heading-3\" href=\"https:\/\/moverdb.com\/nb\/freight-forwarder\/freight-forwarding-uk\/west-drayton-freight-forwarder\/#Air_Menzies_International\" >Air Menzies International<\/a><\/li><li class='ez-toc-page-1 ez-toc-heading-level-2'><a class=\"ez-toc-link ez-toc-heading-4\" href=\"https:\/\/moverdb.com\/nb\/freight-forwarder\/freight-forwarding-uk\/west-drayton-freight-forwarder\/#ETL_Logistics\" >ETL Logistikk<\/a><\/li><li class='ez-toc-page-1 ez-toc-heading-level-2'><a class=\"ez-toc-link ez-toc-heading-5\" href=\"https:\/\/moverdb.com\/nb\/freight-forwarder\/freight-forwarding-uk\/west-drayton-freight-forwarder\/#Nissin_UK_Ltd\" >Nissin UK Ltd<\/a><\/li><li class='ez-toc-page-1 ez-toc-heading-level-2'><a class=\"ez-toc-link ez-toc-heading-6\" href=\"https:\/\/moverdb.com\/nb\/freight-forwarder\/freight-forwarding-uk\/west-drayton-freight-forwarder\/#Digital_Freight_Ltd\" >Digital Freight Ltd<\/a><\/li><li class='ez-toc-page-1 ez-toc-heading-level-2'><a class=\"ez-toc-link ez-toc-heading-7\" href=\"https:\/\/moverdb.com\/nb\/freight-forwarder\/freight-forwarding-uk\/west-drayton-freight-forwarder\/#Superior_Freight_Services_UK_Ltd\" >Superior Freight Services (UK) Ltd<\/a><\/li><li class='ez-toc-page-1 ez-toc-heading-level-2'><a class=\"ez-toc-link ez-toc-heading-8\" href=\"https:\/\/moverdb.com\/nb\/freight-forwarder\/freight-forwarding-uk\/west-drayton-freight-forwarder\/#Brunel_Air_Cargo_Services_Ltd\" >Brunel Air Cargo Services Ltd<\/a><\/li><li class='ez-toc-page-1 ez-toc-heading-level-2'><a class=\"ez-toc-link ez-toc-heading-9\" href=\"https:\/\/moverdb.com\/nb\/freight-forwarder\/freight-forwarding-uk\/west-drayton-freight-forwarder\/#How_we_picked_the_best_West_Drayton_Freight_Forwarding_Companies\" >Hvordan vi valgte ut de beste spedisjonsselskapene i West Drayton<\/a><\/li><\/ul><\/nav><\/div>\n<h2><span class=\"ez-toc-section\" id=\"Senator_International_Freight\"><\/span>Senator International Freight<span class=\"ez-toc-section-end\"><\/span><\/h2>\n<p><img decoding=\"async\" src=\"https:\/\/moverdb.com\/wp-content\/uploads\/AF1QipOISErVT_w5a_rhL9s_IXJhB1Y9Edx06xzP-Kqww426-h240-k-no.jpg\" alt='Senator International Freight' class=\"aligncenter\"><\/p>\n<p><strong>Beskrivelse fra virksomheten: <\/strong>Ingen oppgitt<\/p>\n<p><strong>Tilleggstjenester:<\/strong><\/p>\n<p>Ingen oppf\u00f8rt<\/p>\n<p><strong>Adresse:<\/strong> 4, 280 Heathrow Blvd, Bath Rd, Harmondsworth, Sipson, West Drayton UB7 0DQ<\/p>\n<p><a href=\"http:\/\/www.senator-international.com\/\" target=\"_new\" rel=\"noopener\">Senator International Freight nettsted<\/a><\/p>\n<p><strong>Vurderingspoeng: <\/strong>4<br \/> <strong>Antall anmeldelser:<\/strong> 1<br \/><a href=\"https:\/\/www.google.co.uk\/maps?cid=7267190133147730441&#038;hl=en&#038;gl=GB\" target=\"_new\" rel=\"noopener\">Les anmeldelser<\/a><\/p>\n<h2><span class=\"ez-toc-section\" id=\"Logfret_UK_Ltd\"><\/span>Logfret UK Ltd<span class=\"ez-toc-section-end\"><\/span><\/h2>\n<p><img decoding=\"async\" src=\"https:\/\/moverdb.com\/wp-content\/uploads\/thumbnailpanoidfT-VDVki58AcK1BL-pH6ngcb_clientsearch.gws-prod.gpsw408h240yaw299.jpg\" alt='Logfret UK Ltd' class=\"aligncenter\"><\/p>\n<p><strong>Beskrivelse fra virksomheten: <\/strong>Ingen oppgitt<\/p>\n<p><strong>Tilleggstjenester:<\/strong><\/p>\n<p>Ingen oppf\u00f8rt<\/p>\n<p><strong>Adresse:<\/strong> Enhet 2\/Polar Park\/Bath Rd, West Drayton UB7 0DG<\/p>\n<p><a href=\"https:\/\/www.logfret.co.uk\/\" target=\"_new\" rel=\"noopener\">Logfret UK Ltd nettsted<\/a><\/p>\n<p><strong>Vurderingspoeng: <\/strong>3<br \/> <strong>Antall anmeldelser:<\/strong> 2<br \/><a href=\"https:\/\/www.google.co.uk\/maps?cid=14718266833171163331&#038;hl=en&#038;gl=GB\" target=\"_new\" rel=\"noopener\">Les anmeldelser<\/a><\/p>\n<h2><span class=\"ez-toc-section\" id=\"Air_Menzies_International\"><\/span>Air Menzies International<span class=\"ez-toc-section-end\"><\/span><\/h2>\n<p><img decoding=\"async\" src=\"https:\/\/moverdb.com\/wp-content\/uploads\/AF1QipNP4OKj8zu0hLPm64ZwJ692I5GN_x0364w7GlWnw408-h306-k-no.jpg\" alt='Air Menzies International' class=\"aligncenter\"><\/p>\n<p><strong>Beskrivelse fra virksomheten: <\/strong>Vi har ligget i forkant av grossistmarkedet for flyfrakt siden 1976.<\/p>\n<p> Utvikling av innovative lasteprodukter<br \/>\nog bruker den nyeste teknologien til \u00e5 skape markedsledende produkter og tjenester for kundene v\u00e5re:<\/p>\n<p>AMI har en enkel visjon: Vi skal v\u00e6re den foretrukne grossistpartneren for frakt, og vi skal levere fremragende service.<\/p>\n<p><strong>Tilleggstjenester:<\/strong><\/p>\n<p>Kurertjeneste<\/p>\n<p>Import- og eksportselskap<\/p>\n<p><strong>Adresse:<\/strong> Enhet 2B Polar Pk, Bath Rd, Heathrow, Harmondsworth, West Drayton UB7 0DG<\/p>\n<p><a href=\"https:\/\/airmenzies.com\/\" target=\"_new\" rel=\"noopener\">Air Menzies Internationals nettsted<\/a><\/p>\n<p><strong>Vurderingspoeng: <\/strong>4<br \/> <strong>Antall anmeldelser:<\/strong> 94<br \/><a href=\"https:\/\/www.google.co.uk\/maps?cid=10524140971545474116&#038;hl=en&#038;gl=GB\" target=\"_new\" rel=\"noopener\">Les anmeldelser<\/a><\/p>\n<h2><span class=\"ez-toc-section\" id=\"ETL_Logistics\"><\/span>ETL Logistikk<span class=\"ez-toc-section-end\"><\/span><\/h2>\n<p><img decoding=\"async\" src=\"https:\/\/moverdb.com\/wp-content\/uploads\/AF1QipMqegtRBRy9LGArdUuKDt5ZX90gP0WRLsl_dsbnw408-h306-k-no.jpg\" alt='ETL Logistikk' class=\"aligncenter\"><\/p>\n<p><strong>Beskrivelse fra virksomheten: <\/strong>Spedisjons- og transporttjenester<\/p>\n<p><strong>Tilleggstjenester:<\/strong><\/p>\n<p>Kurertjeneste<\/p>\n<p>Lagringsanlegg<\/p>\n<p>Transporttjeneste<\/p>\n<p>Lastebilselskap<\/p>\n<p><strong>Adresse:<\/strong> Enhet 1 Polar Pk, Bath Rd, Harmondsworth, West Drayton UB7 0EX<\/p>\n<p><a href=\"http:\/\/www.etl-logistics.com\/\" target=\"_new\" rel=\"noopener\">ETL Logistics nettsted<\/a><\/p>\n<p><strong>Vurderingspoeng: <\/strong>5<br \/> <strong>Antall anmeldelser:<\/strong> 1<br \/><a href=\"https:\/\/www.google.co.uk\/maps?cid=11743352734587467770&#038;hl=en&#038;gl=GB\" target=\"_new\" rel=\"noopener\">Les anmeldelser<\/a><\/p>\n<h2><span class=\"ez-toc-section\" id=\"Nissin_UK_Ltd\"><\/span>Nissin UK Ltd<span class=\"ez-toc-section-end\"><\/span><\/h2>\n<p><img decoding=\"async\" src=\"https:\/\/moverdb.com\/wp-content\/uploads\/AF1QipNGm-ZyySUrcQE472NCTVt2P-CIfKssWmr172MWw426-h240-k-no.jpg\" alt='Nissin UK Ltd' class=\"aligncenter\"><\/p>\n<p><strong>Beskrivelse fra virksomheten: <\/strong>Nissin <a href=\"https:\/\/moverdb.com\/nb\/moving-to-the-uk\/\" data-internallinksmanager029f6b8e52c=\"93\" title=\"Flytte til Storbritannia? 2023 Levekostnader og flyttetips\">STORBRITANNIA<\/a> tilbyr omfattende ekspertise innen integrerte logistikktjenester.<\/p>\n<p> Som spesialist p\u00e5 v\u00e5rt felt h\u00e5ndterer vi land-, luft- og sj\u00f8frakt samt alle relaterte logistikktjenester.<\/p>\n<p> Vi er i stand til \u00e5 koble sammen viktige steder rundt om i verden via v\u00e5rt globale nettverk.<\/p>\n<p><strong>Tilleggstjenester:<\/strong><\/p>\n<p>Ingen oppf\u00f8rt<\/p>\n<p><strong>Adresse:<\/strong> Enhet 5, Horton Industrial Park, Horton Rd, West Drayton UB7 8JD<\/p>\n<p><a href=\"https:\/\/nissinuk.com\/\" target=\"_new\" rel=\"noopener\">Nissin UK Ltd nettsted<\/a><\/p>\n<p><strong>Vurderingspoeng: <\/strong>4.3<br \/> <strong>Antall anmeldelser:<\/strong> 11<br \/><a href=\"https:\/\/www.google.co.uk\/maps?cid=6135907761394379491&#038;hl=en&#038;gl=GB\" target=\"_new\" rel=\"noopener\">Les anmeldelser<\/a><\/p>\n<h2><span class=\"ez-toc-section\" id=\"Digital_Freight_Ltd\"><\/span>Digital Freight Ltd<span class=\"ez-toc-section-end\"><\/span><\/h2>\n<p><img decoding=\"async\" src=\"https:\/\/moverdb.com\/wp-content\/uploads\/AF1QipPBFgDudXHeLkpxrKAHMl9ByIj43vKO6waE7bUVw408-h406-k-no.png\" alt='Digital Freight Ltd' class=\"aligncenter\"><\/p>\n<p><strong>Beskrivelse fra virksomheten: <\/strong>Ingen oppgitt<\/p>\n<p><strong>Tilleggstjenester:<\/strong><\/p>\n<p>Logistikk<\/p>\n<p>Leveringsselskap<\/p>\n<p><strong>Adresse:<\/strong> 6 Saxon Way, Harmondsworth, West Drayton UB7 0LW<\/p>\n<p><a href=\"http:\/\/www.digitalfreight.co.uk\/\" target=\"_new\" rel=\"noopener\">Digital Freight Ltd nettsted<\/a><\/p>\n<p><strong>Vurderingspoeng: <\/strong>5<br \/> <strong>Antall anmeldelser:<\/strong> 4<br \/><a href=\"https:\/\/www.google.co.uk\/maps?cid=16144390286023381618&#038;hl=en&#038;gl=GB\" target=\"_new\" rel=\"noopener\">Les anmeldelser<\/a><\/p>\n<h2><span class=\"ez-toc-section\" id=\"Superior_Freight_Services_UK_Ltd\"><\/span>Superior Freight Services (UK) Ltd<span class=\"ez-toc-section-end\"><\/span><\/h2>\n<p><img decoding=\"async\" src=\"https:\/\/moverdb.com\/wp-content\/uploads\/AF1QipN3aqf2_s1Ob-wZrc4_Y1O84Q5TTSrD4CPLip1Mw426-h240-k-no.jpg\" alt='Superior Freight Services (UK) Ltd' class=\"aligncenter\"><\/p>\n<p><strong>Beskrivelse fra virksomheten: <\/strong><a href=\"https:\/\/moverdb.com\/nb\/freight-forwarder\/\" data-internallinksmanager029f6b8e52c=\"17\" title=\"Spedit\u00f8r &amp; NVOCC Internasjonal kostnads- og selskapsguide\">Spedit\u00f8r<\/a>, Customs Broker, som tilbyr skreddersydde forsyningskjedel\u00f8sninger til din virksomhet.<\/p>\n<p><strong>Tilleggstjenester:<\/strong><\/p>\n<p>Ingen oppf\u00f8rt<\/p>\n<p><strong>Adresse:<\/strong> Enhet 1 Polar Pk, Harmondsworth, West Drayton UB7 0EX<\/p>\n<p><a href=\"http:\/\/www.supuk.com\/\" target=\"_new\" rel=\"noopener\">Superior Freight Services (UK) Ltd nettsted<\/a><\/p>\n<p><strong>Vurderingspoeng: <\/strong>4.4<br \/> <strong>Antall anmeldelser:<\/strong> 8<br \/><a href=\"https:\/\/www.google.co.uk\/maps?cid=10974161933277074827&#038;hl=en&#038;gl=GB\" target=\"_new\" rel=\"noopener\">Les anmeldelser<\/a><\/p>\n<h2><span class=\"ez-toc-section\" id=\"Brunel_Air_Cargo_Services_Ltd\"><\/span>Brunel Air Cargo Services Ltd<span class=\"ez-toc-section-end\"><\/span><\/h2>\n<p><img decoding=\"async\" src=\"https:\/\/moverdb.com\/wp-content\/uploads\/AF1QipO3yUJ-8NmSj3R0uMmk1hKBwtZF-e3CglfxXg2w408-h271-k-no.jpg\" alt='Brunel Air Cargo Services Ltd' class=\"aligncenter\"><\/p>\n<p><strong>Beskrivelse fra virksomheten: <\/strong>Ingen oppgitt<\/p>\n<p><strong>Tilleggstjenester:<\/strong><\/p>\n<p>Ingen oppf\u00f8rt<\/p>\n<p><strong>Adresse:<\/strong> Enhet 6 Airport Gate, Bath Rd, Harmondsworth, Sipson, West Drayton UB7 0NA<\/p>\n<p><a href=\"http:\/\/www.brunelaircargo.co.uk\/\" target=\"_new\" rel=\"noopener\">Brunel Air Cargo Services Ltd nettsted<\/a><\/p>\n<p><strong>Vurderingspoeng: <\/strong>4.9<br \/> <strong>Antall anmeldelser:<\/strong> 8<br \/><a href=\"https:\/\/www.google.co.uk\/maps?cid=12541096950748876461&#038;hl=en&#038;gl=GB\" target=\"_new\" rel=\"noopener\">Les anmeldelser<\/a><\/p>\n<h2><span class=\"ez-toc-section\" id=\"How_we_picked_the_best_West_Drayton_Freight_Forwarding_Companies\"><\/span>Hvordan vi valgte ut de beste spedisjonsselskapene i West Drayton<span class=\"ez-toc-section-end\"><\/span><\/h2>\n<p>Vi tok utgangspunkt i et datasett med 19 spedisjonsfirmaer i West Drayton som vi kunne finne via Google Maps, og begrenset det til de 8 beste.<\/p>\n<p>For \u00e5 gj\u00f8re dette fjernet vi alle selskaper som:<\/p>\n<ul>\n<li> Hadde ikke noe nettsted<\/li>\n<li> Hadde ingen anmeldelser<\/li>\n<li> Hadde en gjennomsnittlig vurderingsscore p\u00e5 under 2,0<\/li>\n<\/ul>\n<p>Hvis vi p\u00e5 dette tidspunktet hadde 17 eller f\u00e6rre spedit\u00f8rer, listet vi opp alle.<\/p>\n<p>For byer der vi satt igjen med mer enn 17 spedit\u00f8rer, gjorde vi ytterligere endringer ved enten \u00e5 \u00f8ke kravet til poengsum (f.eks. fra minimum 2,0 til 4,0) og\/eller \u00f8ke kravet til antall anmeldelser (f.eks. fra minst 1 anmeldelse til minst 10).<\/p>\n<p>Merk at vi kun har brukt data fra Google Maps og ikke andre tredjeparts nettsteder.<\/p>\n<p>Flere byer:<\/p>\n<p><a href=\"https:\/\/moverdb.com\/nb\/speditor\/freight-forwarding-uk\/glasgow-freight-forwarder\/\">Spedit\u00f8r i Glasgow<\/a><br \/><a href=\"https:\/\/moverdb.com\/nb\/speditor\/freight-forwarding-uk\/barking-freight-forwarder\/\">Barking Spedit\u00f8r<\/a><br \/><a href=\"https:\/\/moverdb.com\/nb\/speditor\/freight-forwarding-uk\/staines-freight-forwarder\/\">Staines Spedit\u00f8r<\/a><br \/><a href=\"https:\/\/moverdb.com\/nb\/speditor\/freight-forwarding-uk\/leicester-freight-forwarder\/\">Spedit\u00f8r i Leicester<\/a><br \/><a href=\"https:\/\/moverdb.com\/nb\/speditor\/freight-forwarding-uk\/dartford-freight-forwarder\/\">Dartford Spedit\u00f8r<\/a><\/p>","protected":false},"excerpt":{"rendered":"<p>Below we look at the 8 &#8220;best&#8221; Freight Forwarding companies in West Drayton out of 19. To learn more about how we chose the best please consult our FAQ section at the end. Please not the following listings are in no particular order and we are not making any recommendations for any particular company. Senator [&hellip;]<\/p>\n","protected":false},"author":1,"featured_media":0,"parent":13427,"menu_order":0,"comment_status":"open","ping_status":"open","template":"","meta":{"_genesis_hide_title":false,"_genesis_hide_breadcrumbs":false,"_genesis_hide_singular_image":false,"_genesis_hide_footer_widgets":false,"_genesis_custom_body_class":"","_genesis_custom_post_class":"","_genesis_layout":"","footnotes":""},"class_list":{"0":"post-13762","1":"page","2":"type-page","3":"status-publish","5":"entry"},"_links":{"self":[{"href":"https:\/\/moverdb.com\/nb\/wp-json\/wp\/v2\/pages\/13762","targetHints":{"allow":["GET"]}}],"collection":[{"href":"https:\/\/moverdb.com\/nb\/wp-json\/wp\/v2\/pages"}],"about":[{"href":"https:\/\/moverdb.com\/nb\/wp-json\/wp\/v2\/types\/page"}],"author":[{"embeddable":true,"href":"https:\/\/moverdb.com\/nb\/wp-json\/wp\/v2\/users\/1"}],"replies":[{"embeddable":true,"href":"https:\/\/moverdb.com\/nb\/wp-json\/wp\/v2\/comments?post=13762"}],"version-history":[{"count":1,"href":"https:\/\/moverdb.com\/nb\/wp-json\/wp\/v2\/pages\/13762\/revisions"}],"predecessor-version":[{"id":15807,"href":"https:\/\/moverdb.com\/nb\/wp-json\/wp\/v2\/pages\/13762\/revisions\/15807"}],"up":[{"embeddable":true,"href":"https:\/\/moverdb.com\/nb\/wp-json\/wp\/v2\/pages\/13427"}],"wp:attachment":[{"href":"https:\/\/moverdb.com\/nb\/wp-json\/wp\/v2\/media?parent=13762"}],"curies":[{"name":"wp","href":"https:\/\/api.w.org\/{rel}","templated":true}]}}