{"id":13713,"date":"2023-11-08T15:51:25","date_gmt":"2023-11-08T15:51:25","guid":{"rendered":"https:\/\/moverdb.com\/freight-forwarder\/freight-forwarding-uk\/hayes-freight-forwarder\/"},"modified":"2026-01-08T14:55:30","modified_gmt":"2026-01-08T14:55:30","slug":"hayes-freight-forwarder","status":"publish","type":"page","link":"https:\/\/moverdb.com\/nb\/freight-forwarder\/freight-forwarding-uk\/hayes-freight-forwarder\/","title":{"rendered":"De 11 beste spedisjonsselskapene i Hayes (2024)"},"content":{"rendered":"<p>Nedenfor ser vi p\u00e5 de 11 <em>\"best\"<\/em> Spedisjonsfirmaer i Hayes av 27.<\/p>\n<p>Hvis du vil vite mer om hvordan vi har valgt ut de beste, kan du lese mer i FAQ-delen til slutt.<\/p>\n<p><em>V\u00e6r oppmerksom p\u00e5 at listene nedenfor ikke kommer i noen bestemt rekkef\u00f8lge, og at vi ikke anbefaler noen bestemte selskaper.<\/em><\/p>\n<div id=\"ez-toc-container\" class=\"ez-toc-v2_0_82_2 ez-toc-wrap-left counter-hierarchy ez-toc-counter ez-toc-transparent ez-toc-container-direction\">\n<div class=\"ez-toc-title-container\">\n<p class=\"ez-toc-title\" style=\"cursor:inherit\">Seksjoner<\/p>\n<span class=\"ez-toc-title-toggle\"><a href=\"#\" class=\"ez-toc-pull-right ez-toc-btn ez-toc-btn-xs ez-toc-btn-default ez-toc-toggle\" aria-label=\"Bytt innholdsfortegnelse\"><span class=\"ez-toc-js-icon-con\"><span class=\"\"><span class=\"eztoc-hide\" style=\"display:none;\">Toggle<\/span><span class=\"ez-toc-icon-toggle-span\"><svg style=\"fill: #999;color:#999\" xmlns=\"http:\/\/www.w3.org\/2000\/svg\" class=\"list-377408\" width=\"20px\" height=\"20px\" viewbox=\"0 0 24 24\" fill=\"none\"><path d=\"M6 6H4v2h2V6zm14 0H8v2h12V6zM4 11h2v2H4v-2zm16 0H8v2h12v-2zM4 16h2v2H4v-2zm16 0H8v2h12v-2z\" fill=\"currentColor\"><\/path><\/svg><svg style=\"fill: #999;color:#999\" class=\"arrow-unsorted-368013\" xmlns=\"http:\/\/www.w3.org\/2000\/svg\" width=\"10px\" height=\"10px\" viewbox=\"0 0 24 24\" version=\"1.2\" baseprofile=\"tiny\"><path d=\"M18.2 9.3l-6.2-6.3-6.2 6.3c-.2.2-.3.4-.3.7s.1.5.3.7c.2.2.4.3.7.3h11c.3 0 .5-.1.7-.3.2-.2.3-.5.3-.7s-.1-.5-.3-.7zM5.8 14.7l6.2 6.3 6.2-6.3c.2-.2.3-.5.3-.7s-.1-.5-.3-.7c-.2-.2-.4-.3-.7-.3h-11c-.3 0-.5.1-.7.3-.2.2-.3.5-.3.7s.1.5.3.7z\"\/><\/svg><\/span><\/span><\/span><\/a><\/span><\/div>\n<nav><ul class='ez-toc-list ez-toc-list-level-1 eztoc-toggle-hide-by-default' ><li class='ez-toc-page-1 ez-toc-heading-level-2'><a class=\"ez-toc-link ez-toc-heading-1\" href=\"https:\/\/moverdb.com\/nb\/freight-forwarder\/freight-forwarding-uk\/hayes-freight-forwarder\/#Rolling_Cargo_United_Kingdom\" >Rolling Cargo Storbritannia<\/a><\/li><li class='ez-toc-page-1 ez-toc-heading-level-2'><a class=\"ez-toc-link ez-toc-heading-2\" href=\"https:\/\/moverdb.com\/nb\/freight-forwarder\/freight-forwarding-uk\/hayes-freight-forwarder\/#Safina_International\" >Safina International<\/a><\/li><li class='ez-toc-page-1 ez-toc-heading-level-2'><a class=\"ez-toc-link ez-toc-heading-3\" href=\"https:\/\/moverdb.com\/nb\/freight-forwarder\/freight-forwarding-uk\/hayes-freight-forwarder\/#Simba_Freight_Limited\" >Simba Freight Limited<\/a><\/li><li class='ez-toc-page-1 ez-toc-heading-level-2'><a class=\"ez-toc-link ez-toc-heading-4\" href=\"https:\/\/moverdb.com\/nb\/freight-forwarder\/freight-forwarding-uk\/hayes-freight-forwarder\/#Goran_Transport_UK_Ltd\" >Goran Transport UK Ltd<\/a><\/li><li class='ez-toc-page-1 ez-toc-heading-level-2'><a class=\"ez-toc-link ez-toc-heading-5\" href=\"https:\/\/moverdb.com\/nb\/freight-forwarder\/freight-forwarding-uk\/hayes-freight-forwarder\/#African_Salihiya_Cargo_and_Clearing\" >Afrikanske Salihiya Cargo and Clearing<\/a><\/li><li class='ez-toc-page-1 ez-toc-heading-level-2'><a class=\"ez-toc-link ez-toc-heading-6\" href=\"https:\/\/moverdb.com\/nb\/freight-forwarder\/freight-forwarding-uk\/hayes-freight-forwarder\/#Global_Forwarding_Ltd\" >Global Forwarding Ltd<\/a><\/li><li class='ez-toc-page-1 ez-toc-heading-level-2'><a class=\"ez-toc-link ez-toc-heading-7\" href=\"https:\/\/moverdb.com\/nb\/freight-forwarder\/freight-forwarding-uk\/hayes-freight-forwarder\/#Zumm_Cargo_Services_Ltd\" >Zumm Cargo Services Ltd<\/a><\/li><li class='ez-toc-page-1 ez-toc-heading-level-2'><a class=\"ez-toc-link ez-toc-heading-8\" href=\"https:\/\/moverdb.com\/nb\/freight-forwarder\/freight-forwarding-uk\/hayes-freight-forwarder\/#Bonito_Logistics_UK_Ltd\" >Bonito Logistics UK Ltd<\/a><\/li><li class='ez-toc-page-1 ez-toc-heading-level-2'><a class=\"ez-toc-link ez-toc-heading-9\" href=\"https:\/\/moverdb.com\/nb\/freight-forwarder\/freight-forwarding-uk\/hayes-freight-forwarder\/#Jambo_Cargo_LTD\" >Jambo Cargo LTD<\/a><\/li><li class='ez-toc-page-1 ez-toc-heading-level-2'><a class=\"ez-toc-link ez-toc-heading-10\" href=\"https:\/\/moverdb.com\/nb\/freight-forwarder\/freight-forwarding-uk\/hayes-freight-forwarder\/#Global_Motion\" >Global bevegelse<\/a><\/li><li class='ez-toc-page-1 ez-toc-heading-level-2'><a class=\"ez-toc-link ez-toc-heading-11\" href=\"https:\/\/moverdb.com\/nb\/freight-forwarder\/freight-forwarding-uk\/hayes-freight-forwarder\/#Kam_Freight_Services_Ltd\" >Kam Freight Services Ltd<\/a><\/li><li class='ez-toc-page-1 ez-toc-heading-level-2'><a class=\"ez-toc-link ez-toc-heading-12\" href=\"https:\/\/moverdb.com\/nb\/freight-forwarder\/freight-forwarding-uk\/hayes-freight-forwarder\/#How_we_picked_the_best_Hayes_Freight_Forwarding_Companies\" >Slik har vi valgt ut de beste spedisjonsselskapene p\u00e5 Hayes<\/a><\/li><\/ul><\/nav><\/div>\n<h2><span class=\"ez-toc-section\" id=\"Rolling_Cargo_United_Kingdom\"><\/span>Rolling Cargo Storbritannia<span class=\"ez-toc-section-end\"><\/span><\/h2>\n<p><img decoding=\"async\" src=\"https:\/\/moverdb.com\/wp-content\/uploads\/AF1QipMDUa5jXhskvGnSpkrFZWvKMU9Sjv3FTvqQVU09w408-h544-k-no.jpg\" alt='Rolling Cargo Storbritannia' class=\"aligncenter\"><\/p>\n<p><strong>Beskrivelse fra virksomheten: <\/strong>Ingen oppgitt<\/p>\n<p><strong>Tilleggstjenester:<\/strong><\/p>\n<p>Ingen oppf\u00f8rt<\/p>\n<p><strong>Adresse:<\/strong> Enhet 3, Alpha Estate, Clayton Rd, Hayes UB3 1BB<\/p>\n<p><a href=\"http:\/\/www.rollingcargo.co.ke\/\" target=\"_new\" rel=\"noopener\">Rolling Cargo Storbritannias nettsted<\/a><\/p>\n<p><strong>Vurderingspoeng: <\/strong>4.9<br \/> <strong>Antall anmeldelser:<\/strong> 8<br \/><a href=\"https:\/\/www.google.co.uk\/maps?cid=657233200873828662&#038;hl=en&#038;gl=GB\" target=\"_new\" rel=\"noopener\">Les anmeldelser<\/a><\/p>\n<h2><span class=\"ez-toc-section\" id=\"Safina_International\"><\/span>Safina International<span class=\"ez-toc-section-end\"><\/span><\/h2>\n<p><img decoding=\"async\" src=\"https:\/\/moverdb.com\/wp-content\/uploads\/thumbnailpanoidogeblsbIiBD5uBA1J9X38Acb_clientsearch.gws-prod.gpsw408h240yaw18.jpg\" alt='Safina International' class=\"aligncenter\"><\/p>\n<p><strong>Beskrivelse fra virksomheten: <\/strong>Ingen oppgitt<\/p>\n<p><strong>Tilleggstjenester:<\/strong><\/p>\n<p>Tollvesenet<\/p>\n<p>Emballasjeentrepren\u00f8rer og -tjenester<\/p>\n<p>Leveringsselskap<\/p>\n<p><strong>Adresse:<\/strong> 10 Pump Ln, Hayes UB3 3NP<\/p>\n<p><a href=\"http:\/\/www.safina.co.uk\/\" target=\"_new\" rel=\"noopener\">Safina Internationals nettsted<\/a><\/p>\n<p><strong>Vurderingspoeng: <\/strong>3.7<br \/> <strong>Antall anmeldelser:<\/strong> 6<br \/><a href=\"https:\/\/www.google.co.uk\/maps?cid=36397636264476976&#038;hl=en&#038;gl=GB\" target=\"_new\" rel=\"noopener\">Les anmeldelser<\/a><\/p>\n<h2><span class=\"ez-toc-section\" id=\"Simba_Freight_Limited\"><\/span>Simba Freight Limited<span class=\"ez-toc-section-end\"><\/span><\/h2>\n<p><img decoding=\"async\" src=\"https:\/\/moverdb.com\/wp-content\/uploads\/thumbnailpanoidLZj8pUUxIwZmaBavJ-VnsQcb_clientsearch.gws-prod.gpsw408h240yaw355.jpg\" alt='Simba Freight Limited' class=\"aligncenter\"><\/p>\n<p><strong>Beskrivelse fra virksomheten: <\/strong>Vi er spesialister p\u00e5 spedisjon og opererer fra <a href=\"https:\/\/moverdb.com\/nb\/moving-to-the-uk\/\" data-internallinksmanager029f6b8e52c=\"93\" title=\"Flytte til Storbritannia? 2023 Levekostnader og flyttetips\">STORBRITANNIA<\/a> til hele \u00d8st-Afrika-regionen.<\/p>\n<p>Selskapet v\u00e5rt ble dannet for \u00e5 h\u00e5ndtere og legge til rette for den \u00f8kende virksomheten mellom Storbritannia og \u00d8st-Afrika.<\/p>\n<p> Vi er spesialister p\u00e5 flyfrakt fra d\u00f8r til d\u00f8r og flyplass til flyplass for alle typer gods, inkludert farlig gods, fra Storbritannia til <a href=\"https:\/\/moverdb.com\/nb\/moving-companies\/moving-companies-kenya\/\" data-internallinksmanager029f6b8e52c=\"305\" title=\"4 beste internasjonale flyttefirmaer i Kenya\">Kenya<\/a>, Tanzania, Uganda og resten av verden.<\/p>\n<p><strong>Tilleggstjenester:<\/strong><\/p>\n<p>Ingen oppf\u00f8rt<\/p>\n<p><strong>Adresse:<\/strong> Enhet 7, Adler Industrial Estate, Betam Rd, Hayes UB3 1ST<\/p>\n<p><a href=\"http:\/\/www.simbafreight.com\/\" target=\"_new\" rel=\"noopener\">Simba Freight Limiteds nettsted<\/a><\/p>\n<p><strong>Vurderingspoeng: <\/strong>5<br \/> <strong>Antall anmeldelser:<\/strong> 1<br \/><a href=\"https:\/\/www.google.co.uk\/maps?cid=10274383187957710415&#038;hl=en&#038;gl=GB\" target=\"_new\" rel=\"noopener\">Les anmeldelser<\/a><\/p>\n<h2><span class=\"ez-toc-section\" id=\"Goran_Transport_UK_Ltd\"><\/span>Goran Transport UK Ltd<span class=\"ez-toc-section-end\"><\/span><\/h2>\n<p><img decoding=\"async\" src=\"https:\/\/moverdb.com\/wp-content\/uploads\/AF1QipOX_6kF8HEoYuN5vJRhrkymU1UUoGwfZr-sl-3tw408-h544-k-no.jpg\" alt='Goran Transport UK Ltd' class=\"aligncenter\"><\/p>\n<p><strong>Beskrivelse fra virksomheten: <\/strong>Ingen oppgitt<\/p>\n<p><strong>Tilleggstjenester:<\/strong><\/p>\n<p>Ingen oppf\u00f8rt<\/p>\n<p><strong>Adresse:<\/strong> Enhet 5, Regent Business Centre, Pump Ln, Hayes UB3 3NP<\/p>\n<p><a href=\"https:\/\/www.gorantransport.nl\/english.htm\" target=\"_new\" rel=\"noopener\">Goran Transport UK Ltd nettsted<\/a><\/p>\n<p><strong>Vurderingspoeng: <\/strong>4.1<br \/> <strong>Antall anmeldelser:<\/strong> 25<br \/><a href=\"https:\/\/www.google.co.uk\/maps?cid=3019162477136920695&#038;hl=en&#038;gl=GB\" target=\"_new\" rel=\"noopener\">Les anmeldelser<\/a><\/p>\n<h2><span class=\"ez-toc-section\" id=\"African_Salihiya_Cargo_and_Clearing\"><\/span>Afrikanske Salihiya Cargo and Clearing<span class=\"ez-toc-section-end\"><\/span><\/h2>\n<p><img decoding=\"async\" src=\"https:\/\/moverdb.com\/wp-content\/uploads\/thumbnailpanoidmLbWvSXZRZ9FblJKYp0myQcb_clientsearch.gws-prod.gpsw408h240yaw217.jpg\" alt='Afrikanske Salihiya Cargo and Clearing' class=\"aligncenter\"><\/p>\n<p><strong>Beskrivelse fra virksomheten: <\/strong>Ingen oppgitt<\/p>\n<p><strong>Tilleggstjenester:<\/strong><\/p>\n<p>Frakttjeneste<\/p>\n<p><strong>Adresse:<\/strong> 134 Clayton Rd, Hayes UB3 1BL<\/p>\n<p><a href=\"http:\/\/www.africansalihiya.com\/\" target=\"_new\" rel=\"noopener\">African Salihiya Cargo and Clearing nettside<\/a><\/p>\n<p><strong>Vurderingspoeng: <\/strong>4<br \/> <strong>Antall anmeldelser:<\/strong> 12<br \/><a href=\"https:\/\/www.google.co.uk\/maps?cid=15574283774093380149&#038;hl=en&#038;gl=GB\" target=\"_new\" rel=\"noopener\">Les anmeldelser<\/a><\/p>\n<h2><span class=\"ez-toc-section\" id=\"Global_Forwarding_Ltd\"><\/span>Global Forwarding Ltd<span class=\"ez-toc-section-end\"><\/span><\/h2>\n<p><img decoding=\"async\" src=\"https:\/\/moverdb.com\/wp-content\/uploads\/AF1QipOXj5XgSdjoRlytWUMDeDVZPOit8bnQQYrJ-u0jw532-h240-k-no.jpg\" alt='Global Forwarding Ltd' class=\"aligncenter\"><\/p>\n<p><strong>Beskrivelse fra virksomheten: <\/strong>Global Forwarding ble etablert i 1993 og opererer fra fraktsentre i Storbritannia, <a href=\"https:\/\/moverdb.com\/nb\/moving-to-ireland\/\" data-internallinksmanager029f6b8e52c=\"320\" title=\"Flytte til Irland? 2023 Levekostnader og flyttetips\">Irland<\/a>, og <a href=\"https:\/\/moverdb.com\/nb\/moving-to-the-united-states\/\" data-internallinksmanager029f6b8e52c=\"94\" title=\"Flytte til USA? 2023 Levekostnader og flyttetips\">De forente stater<\/a> og har v\u00e6rt medlem av Hecny Group, en av Asias st\u00f8rste spedit\u00f8rer, i 10 \u00e5r.<\/p>\n<p>Global Forwarding er stolt av sin uavhengige butikkultur, og er opptatt av \u00e5 yte kundeservice p\u00e5 h\u00f8yeste niv\u00e5, og spesialiserer seg p\u00e5 skreddersydde multimodale frakt-, logistikk- og forsyningskjedel\u00f8sninger for alle typer gods.<\/p>\n<p><strong>Tilleggstjenester:<\/strong><\/p>\n<p>Ingen oppf\u00f8rt<\/p>\n<p><strong>Adresse:<\/strong> Enhet B, Crosspoint Distribution Park, Hayes UB3 1DQ<\/p>\n<p><a href=\"http:\/\/www.globalf.com\/\" target=\"_new\" rel=\"noopener\">Global Forwarding Ltd nettsted<\/a><\/p>\n<p><strong>Vurderingspoeng: <\/strong>4.3<br \/> <strong>Antall anmeldelser:<\/strong> 6<br \/><a href=\"https:\/\/www.google.co.uk\/maps?cid=567301662248238344&#038;hl=en&#038;gl=GB\" target=\"_new\" rel=\"noopener\">Les anmeldelser<\/a><\/p>\n<h2><span class=\"ez-toc-section\" id=\"Zumm_Cargo_Services_Ltd\"><\/span>Zumm Cargo Services Ltd<span class=\"ez-toc-section-end\"><\/span><\/h2>\n<p><img decoding=\"async\" src=\"https:\/\/moverdb.com\/wp-content\/uploads\/thumbnailpanoidmLbWvSXZRZ9FblJKYp0myQcb_clientsearch.gws-prod.gpsw408h240yaw225.jpg\" alt='Zumm Cargo Services Ltd' class=\"aligncenter\"><\/p>\n<p><strong>Beskrivelse fra virksomheten: <\/strong>Ingen oppgitt<\/p>\n<p><strong>Tilleggstjenester:<\/strong><\/p>\n<p>Ingen oppf\u00f8rt<\/p>\n<p><strong>Adresse:<\/strong> 12, Crown Trading Centre, 203 Clayton Rd, Hayes UB3 1DU<\/p>\n<p><a href=\"https:\/\/www.zummcargo.co.uk\/\" target=\"_new\" rel=\"noopener\">Zumm Cargo Services Ltd nettsted<\/a><\/p>\n<p><strong>Vurderingspoeng: <\/strong>5<br \/> <strong>Antall anmeldelser:<\/strong> 1<br \/><a href=\"https:\/\/www.google.co.uk\/maps?cid=16072533922684399173&#038;hl=en&#038;gl=GB\" target=\"_new\" rel=\"noopener\">Les anmeldelser<\/a><\/p>\n<h2><span class=\"ez-toc-section\" id=\"Bonito_Logistics_UK_Ltd\"><\/span>Bonito Logistics UK Ltd<span class=\"ez-toc-section-end\"><\/span><\/h2>\n<p><img decoding=\"async\" src=\"https:\/\/moverdb.com\/wp-content\/uploads\/thumbnailpanoiduqFlQnn0vH2DUMJE9cnLJQcb_clientsearch.gws-prod.gpsw408h240yaw274.jpg\" alt='Bonito Logistics UK Ltd' class=\"aligncenter\"><\/p>\n<p><strong>Beskrivelse fra virksomheten: <\/strong>Bonito Logistics UK Ltd er en <a href=\"https:\/\/moverdb.com\/nb\/freight-forwarder\/\" data-internallinksmanager029f6b8e52c=\"17\" title=\"Spedit\u00f8r &amp; NVOCC Internasjonal kostnads- og selskapsguide\">spedit\u00f8r<\/a> med base i London, tilbyr vi logistikktjenester basert p\u00e5 dine behov.<\/p>\n<p> V\u00e5r ekspertise, faglige kompetanse og v\u00e5rt globale nettverk gj\u00f8r oss i stand til \u00e5 h\u00e5ndtere fraktforsendelsene dine p\u00e5 en effektiv m\u00e5te.<\/p>\n<p> Tjenestene v\u00e5re er utformet for \u00e5 sikre at hvert enkelt trinn i logistikkbehovet ditt blir n\u00f8ye koordinert og h\u00e5ndtert.<\/p>\n<p> Bonitos nettverk av agenter og logistikkpartnere over hele verden er i stand til \u00e5 st\u00f8tte logistikkforesp\u00f8rsler hvor som helst i verden.<\/p>\n<p> Bonito samarbeider tett med sine kunder for \u00e5 f\u00e5 en bedre forst\u00e5else av deres spesifikke behov og forventninger, og i samarbeid med deg vil teamet utvikle, anvende og opprettholde standard driftsmetoder som passer dine forretningsbehov.<\/p>\n<p><strong>Tilleggstjenester:<\/strong><\/p>\n<p>Ingen oppf\u00f8rt<\/p>\n<p><strong>Adresse:<\/strong> 47 Botwell Cres, Hayes UB3 2BD<\/p>\n<p><a href=\"http:\/\/www.bonitologistics-uk.com\/\" target=\"_new\" rel=\"noopener\">Bonito Logistics UK Ltd nettsted<\/a><\/p>\n<p><strong>Vurderingspoeng: <\/strong>5<br \/> <strong>Antall anmeldelser:<\/strong> 3<br \/><a href=\"https:\/\/www.google.co.uk\/maps?cid=14489321507001253818&#038;hl=en&#038;gl=GB\" target=\"_new\" rel=\"noopener\">Les anmeldelser<\/a><\/p>\n<h2><span class=\"ez-toc-section\" id=\"Jambo_Cargo_LTD\"><\/span>Jambo Cargo LTD<span class=\"ez-toc-section-end\"><\/span><\/h2>\n<p><img decoding=\"async\" src=\"https:\/\/moverdb.com\/wp-content\/uploads\/AF1QipNWYXRLILA8RMfCaES13iG_LBSVfQZcdhsxawHUw408-h544-k-no.jpg\" alt='Jambo Cargo LTD' class=\"aligncenter\"><\/p>\n<p><strong>Beskrivelse fra virksomheten: <\/strong>Vi har spesialisert oss p\u00e5 frakt av gods til Kenya.<br \/>\nIngen last er for liten eller for stor - vi kan frakte alt fra et dokument til et kj\u00f8ret\u00f8y.<\/p>\n<p>Vi tilbyr ogs\u00e5 konkurransedyktige priser til alle destinasjoner i verden.<\/p>\n<p>Kontakt oss for mer informasjon<br \/>\nSalg@jambocargo.<\/p>\n<p>com<br \/>\n020 8004 8661<\/p>\n<p><strong>Tilleggstjenester:<\/strong><\/p>\n<p>Transporttjeneste<\/p>\n<p><strong>Adresse:<\/strong> ACCESS HOUSE, 1 Nestles Ave, Hayes UB3 4UZ<\/p>\n<p><a href=\"http:\/\/jambocargo.com\/\" target=\"_new\" rel=\"noopener\">Jambo Cargo LTD nettsted<\/a><\/p>\n<p><strong>Vurderingspoeng: <\/strong>4.5<br \/> <strong>Antall anmeldelser:<\/strong> 20<br \/><a href=\"https:\/\/www.google.co.uk\/maps?cid=6610410855194137063&#038;hl=en&#038;gl=GB\" target=\"_new\" rel=\"noopener\">Les anmeldelser<\/a><\/p>\n<h2><span class=\"ez-toc-section\" id=\"Global_Motion\"><\/span>Global bevegelse<span class=\"ez-toc-section-end\"><\/span><\/h2>\n<p><img decoding=\"async\" src=\"https:\/\/moverdb.com\/wp-content\/uploads\/AF1QipNkw2TZ8kSPrCuv0IG0MoYP7PgyvXFAFuuBmQKbw408-h272-k-no.jpg\" alt='Global bevegelse' class=\"aligncenter\"><\/p>\n<p><strong>Beskrivelse fra virksomheten: <\/strong>Ingen oppgitt<\/p>\n<p><strong>Tilleggstjenester:<\/strong><\/p>\n<p>Lagringsanlegg<\/p>\n<p><strong>Adresse:<\/strong> Enhet 4 Vinyl Pl, Hayes UB3 1DA<\/p>\n<p><a href=\"http:\/\/www.globalmotion.com\/\" target=\"_new\" rel=\"noopener\">Global Motions nettsted<\/a><\/p>\n<p><strong>Vurderingspoeng: <\/strong>4.7<br \/> <strong>Antall anmeldelser:<\/strong> 11<br \/><a href=\"https:\/\/www.google.co.uk\/maps?cid=10255561171020697373&#038;hl=en&#038;gl=GB\" target=\"_new\" rel=\"noopener\">Les anmeldelser<\/a><\/p>\n<h2><span class=\"ez-toc-section\" id=\"Kam_Freight_Services_Ltd\"><\/span>Kam Freight Services Ltd<span class=\"ez-toc-section-end\"><\/span><\/h2>\n<p><img decoding=\"async\" src=\"https:\/\/moverdb.com\/wp-content\/uploads\/AF1QipP3Z8TnlgNCqSIFMm2vAcibV9If0l3Vz3DpB8SAw647-h240-k-no.jpg\" alt='Kam Freight Services Ltd' class=\"aligncenter\"><\/p>\n<p><strong>Beskrivelse fra virksomheten: <\/strong>Ingen oppgitt<\/p>\n<p><strong>Tilleggstjenester:<\/strong><\/p>\n<p>Kurertjeneste<\/p>\n<p>Logistikk<\/p>\n<p>Leveringsselskap<\/p>\n<p>Frakttjeneste<\/p>\n<p><a href=\"https:\/\/moverdb.com\/nb\/car-transport-shipping\/\" data-internallinksmanager029f6b8e52c=\"2\" title=\"2026 Internasjonal biltransport og tilbud p\u00e5 frakt av kj\u00f8ret\u00f8y\">Frakt av kj\u00f8ret\u00f8y<\/a> agent<\/p>\n<p><strong>Adresse:<\/strong> 1 Swallowfield Way, Hayes UB3 1DQ<\/p>\n<p><a href=\"http:\/\/www.kamfreightservices.com\/\" target=\"_new\" rel=\"noopener\">Kam Freight Services Ltd nettsted<\/a><\/p>\n<p><strong>Vurderingspoeng: <\/strong>4.1<br \/> <strong>Antall anmeldelser:<\/strong> 15<br \/><a href=\"https:\/\/www.google.co.uk\/maps?cid=6964296461833857074&#038;hl=en&#038;gl=GB\" target=\"_new\" rel=\"noopener\">Les anmeldelser<\/a><\/p>\n<h2><span class=\"ez-toc-section\" id=\"How_we_picked_the_best_Hayes_Freight_Forwarding_Companies\"><\/span>Slik har vi valgt ut de beste spedisjonsselskapene p\u00e5 Hayes<span class=\"ez-toc-section-end\"><\/span><\/h2>\n<p>Vi tok utgangspunkt i et datasett med 27 Hayes-spedisjonsselskaper som vi fant via Google Maps, og snevret det inn til de 11 beste.<\/p>\n<p>For \u00e5 gj\u00f8re dette fjernet vi alle selskaper som:<\/p>\n<ul>\n<li> Hadde ikke noe nettsted<\/li>\n<li> Hadde ingen anmeldelser<\/li>\n<li> Hadde en gjennomsnittlig vurderingsscore p\u00e5 under 2,0<\/li>\n<\/ul>\n<p>Hvis vi p\u00e5 dette tidspunktet hadde 17 eller f\u00e6rre spedit\u00f8rer, listet vi opp alle.<\/p>\n<p>For byer der vi satt igjen med mer enn 17 spedit\u00f8rer, gjorde vi ytterligere endringer ved enten \u00e5 \u00f8ke kravet til poengsum (f.eks. fra minimum 2,0 til 4,0) og\/eller \u00f8ke kravet til antall anmeldelser (f.eks. fra minst 1 anmeldelse til minst 10).<\/p>\n<p>Merk at vi kun har brukt data fra Google Maps og ikke andre tredjeparts nettsteder.<\/p>\n<p>Flere byer:<\/p>\n<p><a href=\"https:\/\/moverdb.com\/nb\/speditor\/freight-forwarding-uk\/bradford-freight-forwarder\/\">Bradford Spedit\u00f8r<\/a><br \/><a href=\"https:\/\/moverdb.com\/nb\/speditor\/freight-forwarding-uk\/derby-freight-forwarder\/\">Derby Spedit\u00f8r<\/a><br \/><a href=\"https:\/\/moverdb.com\/nb\/speditor\/freight-forwarding-uk\/southall-freight-forwarder\/\">Southall Spedit\u00f8r<\/a><br \/><a href=\"https:\/\/moverdb.com\/nb\/speditor\/freight-forwarding-uk\/coventry-freight-forwarder\/\">Spedit\u00f8r i Coventry<\/a><br \/><a href=\"https:\/\/moverdb.com\/nb\/speditor\/freight-forwarding-uk\/west-drayton-freight-forwarder\/\">West Drayton Spedit\u00f8r<\/a><\/p>","protected":false},"excerpt":{"rendered":"<p>Below we look at the 11 &#8220;best&#8221; Freight Forwarding companies in Hayes out of 27. To learn more about how we chose the best please consult our FAQ section at the end. Please not the following listings are in no particular order and we are not making any recommendations for any particular company. Rolling Cargo [&hellip;]<\/p>\n","protected":false},"author":1,"featured_media":0,"parent":13427,"menu_order":0,"comment_status":"open","ping_status":"open","template":"","meta":{"_genesis_hide_title":false,"_genesis_hide_breadcrumbs":false,"_genesis_hide_singular_image":false,"_genesis_hide_footer_widgets":false,"_genesis_custom_body_class":"","_genesis_custom_post_class":"","_genesis_layout":"","footnotes":""},"class_list":{"0":"post-13713","1":"page","2":"type-page","3":"status-publish","5":"entry"},"_links":{"self":[{"href":"https:\/\/moverdb.com\/nb\/wp-json\/wp\/v2\/pages\/13713","targetHints":{"allow":["GET"]}}],"collection":[{"href":"https:\/\/moverdb.com\/nb\/wp-json\/wp\/v2\/pages"}],"about":[{"href":"https:\/\/moverdb.com\/nb\/wp-json\/wp\/v2\/types\/page"}],"author":[{"embeddable":true,"href":"https:\/\/moverdb.com\/nb\/wp-json\/wp\/v2\/users\/1"}],"replies":[{"embeddable":true,"href":"https:\/\/moverdb.com\/nb\/wp-json\/wp\/v2\/comments?post=13713"}],"version-history":[{"count":1,"href":"https:\/\/moverdb.com\/nb\/wp-json\/wp\/v2\/pages\/13713\/revisions"}],"predecessor-version":[{"id":15683,"href":"https:\/\/moverdb.com\/nb\/wp-json\/wp\/v2\/pages\/13713\/revisions\/15683"}],"up":[{"embeddable":true,"href":"https:\/\/moverdb.com\/nb\/wp-json\/wp\/v2\/pages\/13427"}],"wp:attachment":[{"href":"https:\/\/moverdb.com\/nb\/wp-json\/wp\/v2\/media?parent=13713"}],"curies":[{"name":"wp","href":"https:\/\/api.w.org\/{rel}","templated":true}]}}