{"id":13701,"date":"2023-11-08T15:51:25","date_gmt":"2023-11-08T15:51:25","guid":{"rendered":"https:\/\/moverdb.com\/freight-forwarder\/freight-forwarding-uk\/belfast-freight-forwarder\/"},"modified":"2026-01-08T14:55:26","modified_gmt":"2026-01-08T14:55:26","slug":"belfast-freight-forwarder","status":"publish","type":"page","link":"https:\/\/moverdb.com\/nb\/freight-forwarder\/freight-forwarding-uk\/belfast-freight-forwarder\/","title":{"rendered":"De 11 beste spedisjonsselskapene i Belfast (2024)"},"content":{"rendered":"<p>Nedenfor ser vi p\u00e5 de 11 <em>\"best\"<\/em> Spedisjonsselskaper i <a href=\"\" data-internallinksmanager029f6b8e52c=\"33\" title=\"Belfast\">Belfast<\/a> av 21.<\/p>\n<p>Hvis du vil vite mer om hvordan vi har valgt ut de beste, kan du lese mer i FAQ-delen til slutt.<\/p>\n<p><em>V\u00e6r oppmerksom p\u00e5 at listene nedenfor ikke kommer i noen bestemt rekkef\u00f8lge, og at vi ikke anbefaler noen bestemte selskaper.<\/em><\/p>\n<div id=\"ez-toc-container\" class=\"ez-toc-v2_0_82_2 ez-toc-wrap-left counter-hierarchy ez-toc-counter ez-toc-transparent ez-toc-container-direction\">\n<div class=\"ez-toc-title-container\">\n<p class=\"ez-toc-title\" style=\"cursor:inherit\">Seksjoner<\/p>\n<span class=\"ez-toc-title-toggle\"><a href=\"#\" class=\"ez-toc-pull-right ez-toc-btn ez-toc-btn-xs ez-toc-btn-default ez-toc-toggle\" aria-label=\"Bytt innholdsfortegnelse\"><span class=\"ez-toc-js-icon-con\"><span class=\"\"><span class=\"eztoc-hide\" style=\"display:none;\">Toggle<\/span><span class=\"ez-toc-icon-toggle-span\"><svg style=\"fill: #999;color:#999\" xmlns=\"http:\/\/www.w3.org\/2000\/svg\" class=\"list-377408\" width=\"20px\" height=\"20px\" viewbox=\"0 0 24 24\" fill=\"none\"><path d=\"M6 6H4v2h2V6zm14 0H8v2h12V6zM4 11h2v2H4v-2zm16 0H8v2h12v-2zM4 16h2v2H4v-2zm16 0H8v2h12v-2z\" fill=\"currentColor\"><\/path><\/svg><svg style=\"fill: #999;color:#999\" class=\"arrow-unsorted-368013\" xmlns=\"http:\/\/www.w3.org\/2000\/svg\" width=\"10px\" height=\"10px\" viewbox=\"0 0 24 24\" version=\"1.2\" baseprofile=\"tiny\"><path d=\"M18.2 9.3l-6.2-6.3-6.2 6.3c-.2.2-.3.4-.3.7s.1.5.3.7c.2.2.4.3.7.3h11c.3 0 .5-.1.7-.3.2-.2.3-.5.3-.7s-.1-.5-.3-.7zM5.8 14.7l6.2 6.3 6.2-6.3c.2-.2.3-.5.3-.7s-.1-.5-.3-.7c-.2-.2-.4-.3-.7-.3h-11c-.3 0-.5.1-.7.3-.2.2-.3.5-.3.7s.1.5.3.7z\"\/><\/svg><\/span><\/span><\/span><\/a><\/span><\/div>\n<nav><ul class='ez-toc-list ez-toc-list-level-1 eztoc-toggle-hide-by-default' ><li class='ez-toc-page-1 ez-toc-heading-level-2'><a class=\"ez-toc-link ez-toc-heading-1\" href=\"https:\/\/moverdb.com\/nb\/freight-forwarder\/freight-forwarding-uk\/belfast-freight-forwarder\/#TCB_Group_Ltd\" >TCB Group Ltd<\/a><\/li><li class='ez-toc-page-1 ez-toc-heading-level-2'><a class=\"ez-toc-link ez-toc-heading-2\" href=\"https:\/\/moverdb.com\/nb\/freight-forwarder\/freight-forwarding-uk\/belfast-freight-forwarder\/#Johnson_Stevens_NI\" >Johnson Stevens (NI)<\/a><\/li><li class='ez-toc-page-1 ez-toc-heading-level-2'><a class=\"ez-toc-link ez-toc-heading-3\" href=\"https:\/\/moverdb.com\/nb\/freight-forwarder\/freight-forwarding-uk\/belfast-freight-forwarder\/#Total_Cargo_Container_Depot\" >Totalt fraktcontainerdepot<\/a><\/li><li class='ez-toc-page-1 ez-toc-heading-level-2'><a class=\"ez-toc-link ez-toc-heading-4\" href=\"https:\/\/moverdb.com\/nb\/freight-forwarder\/freight-forwarding-uk\/belfast-freight-forwarder\/#All_Cargo\" >All last<\/a><\/li><li class='ez-toc-page-1 ez-toc-heading-level-2'><a class=\"ez-toc-link ez-toc-heading-5\" href=\"https:\/\/moverdb.com\/nb\/freight-forwarder\/freight-forwarding-uk\/belfast-freight-forwarder\/#Cargo_Forwarding\" >Spedisjon av gods<\/a><\/li><li class='ez-toc-page-1 ez-toc-heading-level-2'><a class=\"ez-toc-link ez-toc-heading-6\" href=\"https:\/\/moverdb.com\/nb\/freight-forwarder\/freight-forwarding-uk\/belfast-freight-forwarder\/#Kuehne_Nagel_Belfast\" >Kuehne + Nagel Belfast<\/a><\/li><li class='ez-toc-page-1 ez-toc-heading-level-2'><a class=\"ez-toc-link ez-toc-heading-7\" href=\"https:\/\/moverdb.com\/nb\/freight-forwarder\/freight-forwarding-uk\/belfast-freight-forwarder\/#Roadliner_International\" >Roadliner International<\/a><\/li><li class='ez-toc-page-1 ez-toc-heading-level-2'><a class=\"ez-toc-link ez-toc-heading-8\" href=\"https:\/\/moverdb.com\/nb\/freight-forwarder\/freight-forwarding-uk\/belfast-freight-forwarder\/#Swissport\" >Swissport<\/a><\/li><li class='ez-toc-page-1 ez-toc-heading-level-2'><a class=\"ez-toc-link ez-toc-heading-9\" href=\"https:\/\/moverdb.com\/nb\/freight-forwarder\/freight-forwarding-uk\/belfast-freight-forwarder\/#Swissport-2\" >Swissport<\/a><\/li><li class='ez-toc-page-1 ez-toc-heading-level-2'><a class=\"ez-toc-link ez-toc-heading-10\" href=\"https:\/\/moverdb.com\/nb\/freight-forwarder\/freight-forwarding-uk\/belfast-freight-forwarder\/#Jenkinson_Logistics\" >Jenkinson Logistikk<\/a><\/li><li class='ez-toc-page-1 ez-toc-heading-level-2'><a class=\"ez-toc-link ez-toc-heading-11\" href=\"https:\/\/moverdb.com\/nb\/freight-forwarder\/freight-forwarding-uk\/belfast-freight-forwarder\/#Ceva_Freight_UK_Ltd\" >Ceva Freight UK Ltd<\/a><\/li><li class='ez-toc-page-1 ez-toc-heading-level-2'><a class=\"ez-toc-link ez-toc-heading-12\" href=\"https:\/\/moverdb.com\/nb\/freight-forwarder\/freight-forwarding-uk\/belfast-freight-forwarder\/#How_we_picked_the_best_Belfast_Freight_Forwarding_Companies\" >Hvordan vi har valgt ut de beste spedisjonsselskapene i Belfast<\/a><\/li><\/ul><\/nav><\/div>\n<h2><span class=\"ez-toc-section\" id=\"TCB_Group_Ltd\"><\/span>TCB Group Ltd<span class=\"ez-toc-section-end\"><\/span><\/h2>\n<p><img decoding=\"async\" src=\"https:\/\/moverdb.com\/wp-content\/uploads\/AF1QipPlOhM3sy_5tWcywWrMM4cawJ8Fw9up3t68RIvpw408-h305-k-no.jpg\" alt='TCB Group Ltd' class=\"aligncenter\"><\/p>\n<p><strong>Beskrivelse fra virksomheten: <\/strong>TCB Group har spesialisert seg p\u00e5 forsyningskjeder og intermodale godstransportl\u00f8sninger.<\/p>\n<p> Gjennom et h\u00f8yt kvalifisert og erfarent team i TCB Group samarbeider vi om \u00e5 l\u00f8se problemer, administrere og levere positive resultater for bedrifter og organisasjoner over hele verden.<\/p>\n<p><strong>Tilleggstjenester:<\/strong><\/p>\n<p>Ingen oppf\u00f8rt<\/p>\n<p><strong>Adresse:<\/strong> 14, Pilots View, Heron Rd, Belfast BT3 9LE<\/p>\n<p><a href=\"http:\/\/tcbgroup.com\/\" target=\"_new\" rel=\"noopener\">TCB Group Ltd nettsted<\/a><\/p>\n<p><strong>Vurderingspoeng: <\/strong>4.5<br \/> <strong>Antall anmeldelser:<\/strong> 2<br \/><a href=\"https:\/\/www.google.co.uk\/maps?cid=9803251466445250907&#038;hl=en&#038;gl=GB\" target=\"_new\" rel=\"noopener\">Les anmeldelser<\/a><\/p>\n<h2><span class=\"ez-toc-section\" id=\"Johnson_Stevens_NI\"><\/span>Johnson Stevens (NI)<span class=\"ez-toc-section-end\"><\/span><\/h2>\n<p><img decoding=\"async\" src=\"https:\/\/moverdb.com\/wp-content\/uploads\/thumbnailpanoid_stvvZ5pzE4wmIeKHDunrAcb_clientsearch.gws-prod.gpsw408h240yaw314.jpg\" alt='Johnson Stevens (NI)' class=\"aligncenter\"><\/p>\n<p><strong>Beskrivelse fra virksomheten: <\/strong>Ingen oppgitt<\/p>\n<p><strong>Tilleggstjenester:<\/strong><\/p>\n<p>Distribusjonstjeneste<\/p>\n<p>Leveringsselskap<\/p>\n<p><strong>Adresse:<\/strong> 7 W Bank Rd, Belfast BT3 9JL<\/p>\n<p><a href=\"http:\/\/www.johnsonstevens.co.uk\/\" target=\"_new\" rel=\"noopener\">Johnson Stevens (NI) nettsted<\/a><\/p>\n<p><strong>Vurderingspoeng: <\/strong>5<br \/> <strong>Antall anmeldelser:<\/strong> 1<br \/><a href=\"https:\/\/www.google.co.uk\/maps?cid=1218177584223176551&#038;hl=en&#038;gl=GB\" target=\"_new\" rel=\"noopener\">Les anmeldelser<\/a><\/p>\n<h2><span class=\"ez-toc-section\" id=\"Total_Cargo_Container_Depot\"><\/span>Totalt fraktcontainerdepot<span class=\"ez-toc-section-end\"><\/span><\/h2>\n<p><img decoding=\"async\" src=\"https:\/\/moverdb.com\/wp-content\/uploads\/AF1QipMmAH06JGHUXT-dCmBqNWon8EzGeAeHZSMkLlvnw426-h240-k-no.jpg\" alt='Totalt fraktcontainerdepot' class=\"aligncenter\"><\/p>\n<p><strong>Beskrivelse fra virksomheten: <\/strong>Ingen oppgitt<\/p>\n<p><strong>Tilleggstjenester:<\/strong><\/p>\n<p>Ingen oppf\u00f8rt<\/p>\n<p><strong>Adresse:<\/strong> 4 W Bank Rd, Belfast BT3 9BY<\/p>\n<p><a href=\"https:\/\/www.totalcargoservices.co.uk\/\" target=\"_new\" rel=\"noopener\">Total Cargo Container Depot nettsted<\/a><\/p>\n<p><strong>Vurderingspoeng: <\/strong>4.6<br \/> <strong>Antall anmeldelser:<\/strong> 10<br \/><a href=\"https:\/\/www.google.co.uk\/maps?cid=13553752146314056580&#038;hl=en&#038;gl=GB\" target=\"_new\" rel=\"noopener\">Les anmeldelser<\/a><\/p>\n<h2><span class=\"ez-toc-section\" id=\"All_Cargo\"><\/span>All last<span class=\"ez-toc-section-end\"><\/span><\/h2>\n<p><img decoding=\"async\" src=\"https:\/\/moverdb.com\/wp-content\/uploads\/thumbnailpanoidRLEuC01kkl9OoPMBpmtvOwcb_clientsearch.gws-prod.gpsw408h240yaw173.jpg\" alt='All last' class=\"aligncenter\"><\/p>\n<p><strong>Beskrivelse fra virksomheten: <\/strong>Ingen oppgitt<\/p>\n<p><strong>Tilleggstjenester:<\/strong><\/p>\n<p>Ingen oppf\u00f8rt<\/p>\n<p><strong>Adresse:<\/strong> Ilford Rd, Crossnacreevy, Belfast BT6 9SN<\/p>\n<p><a href=\"http:\/\/www.allcargouk.com\/\" target=\"_new\" rel=\"noopener\">All Cargos nettsted<\/a><\/p>\n<p><strong>Vurderingspoeng: <\/strong>5<br \/> <strong>Antall anmeldelser:<\/strong> 1<br \/><a href=\"https:\/\/www.google.co.uk\/maps?cid=14403747898268807637&#038;hl=en&#038;gl=GB\" target=\"_new\" rel=\"noopener\">Les anmeldelser<\/a><\/p>\n<h2><span class=\"ez-toc-section\" id=\"Cargo_Forwarding\"><\/span>Spedisjon av gods<span class=\"ez-toc-section-end\"><\/span><\/h2>\n<p><img decoding=\"async\" src=\"https:\/\/moverdb.com\/wp-content\/uploads\/AF1QipOwRUchJgpjPDabYKoA1PNtsAYpiAbKdCeW1ip9w532-h240-k-no.jpg\" alt='Spedisjon av gods' class=\"aligncenter\"><\/p>\n<p><strong>Beskrivelse fra virksomheten: <\/strong>Ingen oppgitt<\/p>\n<p><strong>Tilleggstjenester:<\/strong><\/p>\n<p>Leveringsselskap<\/p>\n<p><strong>Adresse:<\/strong> 4 Edgewater Rd, Belfast BT3 9JQ<\/p>\n<p><a href=\"https:\/\/www.tr-logistics.com\/cargo-forwarding\/\" target=\"_new\" rel=\"noopener\">Nettstedet til Cargo Forwarding<\/a><\/p>\n<p><strong>Vurderingspoeng: <\/strong>4.3<br \/> <strong>Antall anmeldelser:<\/strong> 18<br \/><a href=\"https:\/\/www.google.co.uk\/maps?cid=3348088672348428293&#038;hl=en&#038;gl=GB\" target=\"_new\" rel=\"noopener\">Les anmeldelser<\/a><\/p>\n<h2><span class=\"ez-toc-section\" id=\"Kuehne_Nagel_Belfast\"><\/span>Kuehne + Nagel Belfast<span class=\"ez-toc-section-end\"><\/span><\/h2>\n<p><img decoding=\"async\" src=\"https:\/\/moverdb.com\/wp-content\/uploads\/thumbnailpanoidLbFNWhZ9VRHO4pooZwMVtwcb_clientsearch.gws-prod.gpsw408h240yaw174.jpg\" alt='Kuehne + Nagel Belfast' class=\"aligncenter\"><\/p>\n<p><strong>Beskrivelse fra virksomheten: <\/strong>Kuehne + Nagel Belfast, <a href=\"https:\/\/moverdb.com\/nb\/moving-to-the-uk\/\" data-internallinksmanager029f6b8e52c=\"93\" title=\"Flytte til Storbritannia? 2023 Levekostnader og flyttetips\">STORBRITANNIA<\/a><\/p>\n<p><strong>Tilleggstjenester:<\/strong><\/p>\n<p>Ingen oppf\u00f8rt<\/p>\n<p><strong>Adresse:<\/strong> 35 Dargan Rd, Belfast BT3 9LZ<\/p>\n<p><a href=\"https:\/\/uk.kuehne-nagel.com\/?utm_source=GMB&#038;utm_medium=GMB-UK&#038;utm_campaign=GMB-UK\" target=\"_new\" rel=\"noopener\">Kuehne + Nagel Belfast nettsted<\/a><\/p>\n<p><strong>Vurderingspoeng: <\/strong>5<br \/> <strong>Antall anmeldelser:<\/strong> 2<br \/><a href=\"https:\/\/www.google.co.uk\/maps?cid=11012247135486676731&#038;hl=en&#038;gl=GB\" target=\"_new\" rel=\"noopener\">Les anmeldelser<\/a><\/p>\n<h2><span class=\"ez-toc-section\" id=\"Roadliner_International\"><\/span>Roadliner International<span class=\"ez-toc-section-end\"><\/span><\/h2>\n<p><img decoding=\"async\" src=\"https:\/\/moverdb.com\/wp-content\/uploads\/AF1QipMpjRjW3Skzi_qA-zxKR8M6Nh2TLg3TPsWqZtidw408-h306-k-no.jpg\" alt='Roadliner International' class=\"aligncenter\"><\/p>\n<p><strong>Beskrivelse fra virksomheten: <\/strong>Stykkgods og full last<br \/>\nEuropeiske spesialister p\u00e5 vei- og sj\u00f8transport<\/p>\n<p><strong>Tilleggstjenester:<\/strong><\/p>\n<p>Ingen oppf\u00f8rt<\/p>\n<p><strong>Adresse:<\/strong> Enhet 7, Graham Industrial Park, Dargan Cres, Belfast BT3 9LP<\/p>\n<p><a href=\"http:\/\/www.roadliner.com\/\" target=\"_new\" rel=\"noopener\">Roadliner Internationals nettsted<\/a><\/p>\n<p><strong>Vurderingspoeng: <\/strong>4<br \/> <strong>Antall anmeldelser:<\/strong> 7<br \/><a href=\"https:\/\/www.google.co.uk\/maps?cid=11476083937151180241&#038;hl=en&#038;gl=GB\" target=\"_new\" rel=\"noopener\">Les anmeldelser<\/a><\/p>\n<h2><span class=\"ez-toc-section\" id=\"Swissport\"><\/span>Swissport<span class=\"ez-toc-section-end\"><\/span><\/h2>\n<p><img decoding=\"async\" src=\"\" alt=\"Swissport\" class=\"aligncenter\"><\/p>\n<p><strong>Beskrivelse fra virksomheten: <\/strong>Ingen oppgitt<\/p>\n<p><strong>Tilleggstjenester:<\/strong><\/p>\n<p>Ingen oppf\u00f8rt<\/p>\n<p><strong>Adresse:<\/strong> Airport Rd, Belfast BT29 4AB<\/p>\n<p><a href=\"http:\/\/www.swissport.com\/\" target=\"_new\" rel=\"noopener\">Swissports nettsted<\/a><\/p>\n<p><strong>Vurderingspoeng: <\/strong>2.6<br \/> <strong>Antall anmeldelser:<\/strong> 19<br \/><a href=\"https:\/\/www.google.co.uk\/maps?cid=14179955090858579378&#038;hl=en&#038;gl=GB\" target=\"_new\" rel=\"noopener\">Les anmeldelser<\/a><\/p>\n<h2><span class=\"ez-toc-section\" id=\"Swissport-2\"><\/span>Swissport<span class=\"ez-toc-section-end\"><\/span><\/h2>\n<p><img decoding=\"async\" src=\"\" alt=\"Swissport\" class=\"aligncenter\"><\/p>\n<p><strong>Beskrivelse fra virksomheten: <\/strong>Ingen oppgitt<\/p>\n<p><strong>Tilleggstjenester:<\/strong><\/p>\n<p>Ingen oppf\u00f8rt<\/p>\n<p><strong>Adresse:<\/strong> Belfast City Airport, Sydenham By-Pass, Belfast BT3 9JH<\/p>\n<p><a href=\"https:\/\/www.swissport.com\/en\/network\/europe\/united-kingdom\/bhd\" target=\"_new\" rel=\"noopener\">Swissports nettsted<\/a><\/p>\n<p><strong>Vurderingspoeng: <\/strong>2.6<br \/> <strong>Antall anmeldelser:<\/strong> 5<br \/><a href=\"https:\/\/www.google.co.uk\/maps?cid=1934761779884560628&#038;hl=en&#038;gl=GB\" target=\"_new\" rel=\"noopener\">Les anmeldelser<\/a><\/p>\n<h2><span class=\"ez-toc-section\" id=\"Jenkinson_Logistics\"><\/span>Jenkinson Logistikk<span class=\"ez-toc-section-end\"><\/span><\/h2>\n<p><img decoding=\"async\" src=\"https:\/\/moverdb.com\/wp-content\/uploads\/thumbnailpanoidpq7W0GF4c7ckp4xIgZnHDgcb_clientsearch.gws-prod.gpsw408h240yaw7.jpg\" alt='Jenkinson Logistikk' class=\"aligncenter\"><\/p>\n<p><strong>Beskrivelse fra virksomheten: <\/strong>Ingen oppgitt<\/p>\n<p><strong>Tilleggstjenester:<\/strong><\/p>\n<p>Frakttjeneste<\/p>\n<p><strong>Adresse:<\/strong> 5 Edgewater Rd, Belfast BT3 9JQ<\/p>\n<p><a href=\"http:\/\/www.jenkinson.ie\/\" target=\"_new\" rel=\"noopener\">Jenkinson Logistics nettsted<\/a><\/p>\n<p><strong>Vurderingspoeng: <\/strong>4.7<br \/> <strong>Antall anmeldelser:<\/strong> 3<br \/><a href=\"https:\/\/www.google.co.uk\/maps?cid=12084942811266835220&#038;hl=en&#038;gl=GB\" target=\"_new\" rel=\"noopener\">Les anmeldelser<\/a><\/p>\n<h2><span class=\"ez-toc-section\" id=\"Ceva_Freight_UK_Ltd\"><\/span>Ceva Freight UK Ltd<span class=\"ez-toc-section-end\"><\/span><\/h2>\n<p><img decoding=\"async\" src=\"https:\/\/moverdb.com\/wp-content\/uploads\/AF1QipOBSOs0Jww_x_1PW-BMbEhacNbQHQHKcet2c-qbw408-h306-k-no.jpg\" alt='Ceva Freight UK Ltd' class=\"aligncenter\"><\/p>\n<p><strong>Beskrivelse fra virksomheten: <\/strong>CEVA Logistics leverer og driver transport- og forsyningskjedel\u00f8sninger.<\/p>\n<p> Selskapet tilbyr et bredt spekter av tjenester innen b\u00e5de kontraktslogistikk og godsh\u00e5ndtering takket v\u00e6re 78 000 ansatte og over 1 000 anlegg i mer enn 160 land.<\/p>\n<p> Blant kundene finner vi selskaper innen luftfart, bilindustri, forbruksvarer, farmasi, e-handel, helsevesen, showfreight, teknologi og industri.<\/p>\n<p> CEVA Logistics er en del av CMA CGM-konsernet,<\/p>\n<p><strong>Tilleggstjenester:<\/strong><\/p>\n<p>Ingen oppf\u00f8rt<\/p>\n<p><strong>Adresse:<\/strong> 1 W Bank Rd, Belfast BT3 9JL<\/p>\n<p><a href=\"http:\/\/www.cevalogistics.com\/\" target=\"_new\" rel=\"noopener\">Nettstedet til Ceva Freight UK Ltd<\/a><\/p>\n<p><strong>Vurderingspoeng: <\/strong>5<br \/> <strong>Antall anmeldelser:<\/strong> 1<br \/><a href=\"https:\/\/www.google.co.uk\/maps?cid=4191008941252728169&#038;hl=en&#038;gl=GB\" target=\"_new\" rel=\"noopener\">Les anmeldelser<\/a><\/p>\n<h2><span class=\"ez-toc-section\" id=\"How_we_picked_the_best_Belfast_Freight_Forwarding_Companies\"><\/span>Hvordan vi har valgt ut de beste spedisjonsselskapene i Belfast<span class=\"ez-toc-section-end\"><\/span><\/h2>\n<p>Vi tok utgangspunkt i et datasett med 21 spedisjonsselskaper i Belfast som vi fant via Google Maps, og snevret det inn til de 11 beste.<\/p>\n<p>For \u00e5 gj\u00f8re dette fjernet vi alle selskaper som:<\/p>\n<ul>\n<li> Hadde ikke noe nettsted<\/li>\n<li> Hadde ingen anmeldelser<\/li>\n<li> Hadde en gjennomsnittlig vurderingsscore p\u00e5 under 2,0<\/li>\n<\/ul>\n<p>Hvis vi p\u00e5 dette tidspunktet hadde 17 eller f\u00e6rre spedit\u00f8rer, listet vi opp alle.<\/p>\n<p>For byer der vi satt igjen med mer enn 17 spedit\u00f8rer, gjorde vi ytterligere endringer ved enten \u00e5 \u00f8ke kravet til poengsum (f.eks. fra minimum 2,0 til 4,0) og\/eller \u00f8ke kravet til antall anmeldelser (f.eks. fra minst 1 anmeldelse til minst 10).<\/p>\n<p>Merk at vi kun har brukt data fra Google Maps og ikke andre tredjeparts nettsteder.<\/p>\n<p>Flere byer:<\/p>\n<p><a href=\"https:\/\/moverdb.com\/nb\/speditor\/freight-forwarding-uk\/hayes-freight-forwarder\/\">Hayes Spedit\u00f8r<\/a><br \/><a href=\"https:\/\/moverdb.com\/nb\/speditor\/freight-forwarding-uk\/bradford-freight-forwarder\/\">Bradford Spedit\u00f8r<\/a><br \/><a href=\"https:\/\/moverdb.com\/nb\/speditor\/freight-forwarding-uk\/derby-freight-forwarder\/\">Derby Spedit\u00f8r<\/a><br \/><a href=\"https:\/\/moverdb.com\/nb\/speditor\/freight-forwarding-uk\/southall-freight-forwarder\/\">Southall Spedit\u00f8r<\/a><br \/><a href=\"https:\/\/moverdb.com\/nb\/speditor\/freight-forwarding-uk\/coventry-freight-forwarder\/\">Spedit\u00f8r i Coventry<\/a><\/p>","protected":false},"excerpt":{"rendered":"<p>Below we look at the 11 &#8220;best&#8221; Freight Forwarding companies in Belfast out of 21. To learn more about how we chose the best please consult our FAQ section at the end. Please not the following listings are in no particular order and we are not making any recommendations for any particular company. TCB Group [&hellip;]<\/p>\n","protected":false},"author":1,"featured_media":0,"parent":13427,"menu_order":0,"comment_status":"open","ping_status":"open","template":"","meta":{"_genesis_hide_title":false,"_genesis_hide_breadcrumbs":false,"_genesis_hide_singular_image":false,"_genesis_hide_footer_widgets":false,"_genesis_custom_body_class":"","_genesis_custom_post_class":"","_genesis_layout":"","footnotes":""},"class_list":{"0":"post-13701","1":"page","2":"type-page","3":"status-publish","5":"entry"},"_links":{"self":[{"href":"https:\/\/moverdb.com\/nb\/wp-json\/wp\/v2\/pages\/13701","targetHints":{"allow":["GET"]}}],"collection":[{"href":"https:\/\/moverdb.com\/nb\/wp-json\/wp\/v2\/pages"}],"about":[{"href":"https:\/\/moverdb.com\/nb\/wp-json\/wp\/v2\/types\/page"}],"author":[{"embeddable":true,"href":"https:\/\/moverdb.com\/nb\/wp-json\/wp\/v2\/users\/1"}],"replies":[{"embeddable":true,"href":"https:\/\/moverdb.com\/nb\/wp-json\/wp\/v2\/comments?post=13701"}],"version-history":[{"count":1,"href":"https:\/\/moverdb.com\/nb\/wp-json\/wp\/v2\/pages\/13701\/revisions"}],"predecessor-version":[{"id":15680,"href":"https:\/\/moverdb.com\/nb\/wp-json\/wp\/v2\/pages\/13701\/revisions\/15680"}],"up":[{"embeddable":true,"href":"https:\/\/moverdb.com\/nb\/wp-json\/wp\/v2\/pages\/13427"}],"wp:attachment":[{"href":"https:\/\/moverdb.com\/nb\/wp-json\/wp\/v2\/media?parent=13701"}],"curies":[{"name":"wp","href":"https:\/\/api.w.org\/{rel}","templated":true}]}}