{"id":13691,"date":"2023-11-08T15:51:25","date_gmt":"2023-11-08T15:51:25","guid":{"rendered":"https:\/\/moverdb.com\/freight-forwarder\/freight-forwarding-uk\/leeds-freight-forwarder\/"},"modified":"2026-01-08T14:55:31","modified_gmt":"2026-01-08T14:55:31","slug":"leeds-freight-forwarder","status":"publish","type":"page","link":"https:\/\/moverdb.com\/nb\/freight-forwarder\/freight-forwarding-uk\/leeds-freight-forwarder\/","title":{"rendered":"De 11 beste spedisjonsselskapene i Leeds (2024)"},"content":{"rendered":"<p>Nedenfor ser vi p\u00e5 de 11 <em>\"best\"<\/em> Spedisjonsselskaper i <a href=\"\" data-internallinksmanager029f6b8e52c=\"48\" title=\"Leeds\">Leeds<\/a> av 28.<\/p>\n<p>Hvis du vil vite mer om hvordan vi har valgt ut de beste, kan du lese mer i FAQ-delen til slutt.<\/p>\n<p><em>V\u00e6r oppmerksom p\u00e5 at listene nedenfor ikke kommer i noen bestemt rekkef\u00f8lge, og at vi ikke anbefaler noen bestemte selskaper.<\/em><\/p>\n<div id=\"ez-toc-container\" class=\"ez-toc-v2_0_82_2 ez-toc-wrap-left counter-hierarchy ez-toc-counter ez-toc-transparent ez-toc-container-direction\">\n<div class=\"ez-toc-title-container\">\n<p class=\"ez-toc-title\" style=\"cursor:inherit\">Seksjoner<\/p>\n<span class=\"ez-toc-title-toggle\"><a href=\"#\" class=\"ez-toc-pull-right ez-toc-btn ez-toc-btn-xs ez-toc-btn-default ez-toc-toggle\" aria-label=\"Bytt innholdsfortegnelse\"><span class=\"ez-toc-js-icon-con\"><span class=\"\"><span class=\"eztoc-hide\" style=\"display:none;\">Toggle<\/span><span class=\"ez-toc-icon-toggle-span\"><svg style=\"fill: #999;color:#999\" xmlns=\"http:\/\/www.w3.org\/2000\/svg\" class=\"list-377408\" width=\"20px\" height=\"20px\" viewbox=\"0 0 24 24\" fill=\"none\"><path d=\"M6 6H4v2h2V6zm14 0H8v2h12V6zM4 11h2v2H4v-2zm16 0H8v2h12v-2zM4 16h2v2H4v-2zm16 0H8v2h12v-2z\" fill=\"currentColor\"><\/path><\/svg><svg style=\"fill: #999;color:#999\" class=\"arrow-unsorted-368013\" xmlns=\"http:\/\/www.w3.org\/2000\/svg\" width=\"10px\" height=\"10px\" viewbox=\"0 0 24 24\" version=\"1.2\" baseprofile=\"tiny\"><path d=\"M18.2 9.3l-6.2-6.3-6.2 6.3c-.2.2-.3.4-.3.7s.1.5.3.7c.2.2.4.3.7.3h11c.3 0 .5-.1.7-.3.2-.2.3-.5.3-.7s-.1-.5-.3-.7zM5.8 14.7l6.2 6.3 6.2-6.3c.2-.2.3-.5.3-.7s-.1-.5-.3-.7c-.2-.2-.4-.3-.7-.3h-11c-.3 0-.5.1-.7.3-.2.2-.3.5-.3.7s.1.5.3.7z\"\/><\/svg><\/span><\/span><\/span><\/a><\/span><\/div>\n<nav><ul class='ez-toc-list ez-toc-list-level-1 eztoc-toggle-hide-by-default' ><li class='ez-toc-page-1 ez-toc-heading-level-2'><a class=\"ez-toc-link ez-toc-heading-1\" href=\"https:\/\/moverdb.com\/nb\/freight-forwarder\/freight-forwarding-uk\/leeds-freight-forwarder\/#Stagefreight_Ltd\" >Stagefreight Ltd<\/a><\/li><li class='ez-toc-page-1 ez-toc-heading-level-2'><a class=\"ez-toc-link ez-toc-heading-2\" href=\"https:\/\/moverdb.com\/nb\/freight-forwarder\/freight-forwarding-uk\/leeds-freight-forwarder\/#Noahs_Ark_to_Southern_Africa\" >Noahs ark til det s\u00f8rlige Afrika<\/a><\/li><li class='ez-toc-page-1 ez-toc-heading-level-2'><a class=\"ez-toc-link ez-toc-heading-3\" href=\"https:\/\/moverdb.com\/nb\/freight-forwarder\/freight-forwarding-uk\/leeds-freight-forwarder\/#Tudor_International_Freight_Limited\" >Tudor International Freight Limited<\/a><\/li><li class='ez-toc-page-1 ez-toc-heading-level-2'><a class=\"ez-toc-link ez-toc-heading-4\" href=\"https:\/\/moverdb.com\/nb\/freight-forwarder\/freight-forwarding-uk\/leeds-freight-forwarder\/#Kuehne_Nagel_Ltd\" >Kuehne &amp; Nagel Ltd<\/a><\/li><li class='ez-toc-page-1 ez-toc-heading-level-2'><a class=\"ez-toc-link ez-toc-heading-5\" href=\"https:\/\/moverdb.com\/nb\/freight-forwarder\/freight-forwarding-uk\/leeds-freight-forwarder\/#Quality_Freight_Services_Ltd\" >Quality Freight Services Ltd<\/a><\/li><li class='ez-toc-page-1 ez-toc-heading-level-2'><a class=\"ez-toc-link ez-toc-heading-6\" href=\"https:\/\/moverdb.com\/nb\/freight-forwarder\/freight-forwarding-uk\/leeds-freight-forwarder\/#Fusion_Freight_Ltd\" >Fusion Freight Ltd<\/a><\/li><li class='ez-toc-page-1 ez-toc-heading-level-2'><a class=\"ez-toc-link ez-toc-heading-7\" href=\"https:\/\/moverdb.com\/nb\/freight-forwarder\/freight-forwarding-uk\/leeds-freight-forwarder\/#Carry_Cargo_International_Freight_Forwarders\" >Carry Cargo Internasjonale spedit\u00f8rer<\/a><\/li><li class='ez-toc-page-1 ez-toc-heading-level-2'><a class=\"ez-toc-link ez-toc-heading-8\" href=\"https:\/\/moverdb.com\/nb\/freight-forwarder\/freight-forwarding-uk\/leeds-freight-forwarder\/#Global_Freight_Managment\" >Global godsh\u00e5ndtering<\/a><\/li><li class='ez-toc-page-1 ez-toc-heading-level-2'><a class=\"ez-toc-link ez-toc-heading-9\" href=\"https:\/\/moverdb.com\/nb\/freight-forwarder\/freight-forwarding-uk\/leeds-freight-forwarder\/#NF_Global_Logistics_Ltd\" >NF Global Logistics Ltd<\/a><\/li><li class='ez-toc-page-1 ez-toc-heading-level-2'><a class=\"ez-toc-link ez-toc-heading-10\" href=\"https:\/\/moverdb.com\/nb\/freight-forwarder\/freight-forwarding-uk\/leeds-freight-forwarder\/#Viamaster_International_Limited\" >Viamaster International Limited<\/a><\/li><li class='ez-toc-page-1 ez-toc-heading-level-2'><a class=\"ez-toc-link ez-toc-heading-11\" href=\"https:\/\/moverdb.com\/nb\/freight-forwarder\/freight-forwarding-uk\/leeds-freight-forwarder\/#Trafertir_Group\" >Trafertir-konsernet<\/a><\/li><li class='ez-toc-page-1 ez-toc-heading-level-2'><a class=\"ez-toc-link ez-toc-heading-12\" href=\"https:\/\/moverdb.com\/nb\/freight-forwarder\/freight-forwarding-uk\/leeds-freight-forwarder\/#How_we_picked_the_best_Leeds_Freight_Forwarding_Companies\" >Slik valgte vi ut de beste spedisjonsselskapene i Leeds<\/a><\/li><\/ul><\/nav><\/div>\n<h2><span class=\"ez-toc-section\" id=\"Stagefreight_Ltd\"><\/span>Stagefreight Ltd<span class=\"ez-toc-section-end\"><\/span><\/h2>\n<p><img decoding=\"async\" src=\"https:\/\/moverdb.com\/wp-content\/uploads\/thumbnailpanoidsJktWw5RLAFUCA7lS3M8gQcb_clientsearch.gws-prod.gpsw408h240yaw224.jpg\" alt='Stagefreight Ltd' class=\"aligncenter\"><\/p>\n<p><strong>Beskrivelse fra virksomheten: <\/strong>Ingen oppgitt<\/p>\n<p><strong>Tilleggstjenester:<\/strong><\/p>\n<p>Ingen oppf\u00f8rt<\/p>\n<p><strong>Adresse:<\/strong> 8 Evanston Ave, Burley, Leeds LS4 2HR<\/p>\n<p><a href=\"http:\/\/www.stagefreight.com\/\" target=\"_new\" rel=\"noopener\">Stagefreight Ltd nettsted<\/a><\/p>\n<p><strong>Vurderingspoeng: <\/strong>4.7<br \/> <strong>Antall anmeldelser:<\/strong> 27<br \/><a href=\"https:\/\/www.google.co.uk\/maps?cid=9757600350515855313&#038;hl=en&#038;gl=GB\" target=\"_new\" rel=\"noopener\">Les anmeldelser<\/a><\/p>\n<h2><span class=\"ez-toc-section\" id=\"Noahs_Ark_to_Southern_Africa\"><\/span>Noahs ark til det s\u00f8rlige Afrika<span class=\"ez-toc-section-end\"><\/span><\/h2>\n<p><img decoding=\"async\" src=\"https:\/\/moverdb.com\/wp-content\/uploads\/AF1QipMvthLpRPbuH16UhBntAk7oZDa1ogf8hWs_8nhPw408-h306-k-no.jpg\" alt='Noah's ark to southern africa\" class=\"aligncenter\"><\/p>\n<p><strong>Beskrivelse fra virksomheten: <\/strong>Ingen oppgitt<\/p>\n<p><strong>Tilleggstjenester:<\/strong><\/p>\n<p>Ingen oppf\u00f8rt<\/p>\n<p><strong>Adresse:<\/strong> 72 Nowell Mount, Harehills, Leeds LS9 6JH<\/p>\n<p><a href=\"https:\/\/noahsarktosouthernafrica.com\/\" target=\"_new\" rel=\"noopener\">Noahs Ark til det s\u00f8rlige Afrika nettside<\/a><\/p>\n<p><strong>Vurderingspoeng: <\/strong>5<br \/> <strong>Antall anmeldelser:<\/strong> 1<br \/><a href=\"https:\/\/www.google.co.uk\/maps?cid=16036025965323173007&#038;hl=en&#038;gl=GB\" target=\"_new\" rel=\"noopener\">Les anmeldelser<\/a><\/p>\n<h2><span class=\"ez-toc-section\" id=\"Tudor_International_Freight_Limited\"><\/span>Tudor International Freight Limited<span class=\"ez-toc-section-end\"><\/span><\/h2>\n<p><img decoding=\"async\" src=\"https:\/\/moverdb.com\/wp-content\/uploads\/AF1QipMREhEK80k6eJRKoCmQbGise92eKOEQmH6Eb_Ghw408-h272-k-no.jpg\" alt='Tudor International Freight Limited' class=\"aligncenter\"><\/p>\n<p><strong>Beskrivelse fra virksomheten: <\/strong>Tudor International Freight er et familieeid, uavhengig og <a href=\"https:\/\/moverdb.com\/nb\/freight-forwarder\/\" data-internallinksmanager029f6b8e52c=\"17\" title=\"Spedit\u00f8r &amp; NVOCC Internasjonal kostnads- og selskapsguide\">spedit\u00f8r<\/a> med AEO-status, et internasjonalt anerkjent drakemerke.<\/p>\n<p> Vi tilbyr skreddersydde tjenester til bedrifter og privatpersoner som har behov for internasjonal frakt.<\/p>\n<p>V\u00e5rt dynamiske og entusiastiske team har 30 \u00e5rs erfaring med frakt av verdifullt gods over hele verden, enten det dreier seg om spesialutstyr, farlig last, overdimensjonert last, overbagasje eller verdifulle personlige eiendeler.<\/p>\n<p> Vi kan frakte last av alle st\u00f8rrelser hvor som helst i verden, raskt, sikkert og p\u00e5litelig.<\/p>\n<p>Vi har et veletablert verdensomspennende nettverk av fraktkontakter som gj\u00f8r det mulig \u00e5 <a href=\"https:\/\/moverdb.com\/nb\/moving-to-the-united-states\/\" data-internallinksmanager029f6b8e52c=\"94\" title=\"Flytte til USA? 2023 Levekostnader og flyttetips\">oss<\/a> for \u00e5 gi deg en virkelig personlig opplevelse.<\/p>\n<p> Du vil ha kontakt med det samme teammedlemmet hele tiden, noe som gir deg en brukervennlig og p\u00e5litelig tjeneste.<\/p>\n<p><strong>Tilleggstjenester:<\/strong><\/p>\n<p>Logistikk<\/p>\n<p>Frakttjeneste<\/p>\n<p><strong>Adresse:<\/strong> Low Hall, Business Park, Low Hall Rd, Horsforth, Leeds LS18 4EF<\/p>\n<p><a href=\"http:\/\/www.tudorfreight.com\/\" target=\"_new\" rel=\"noopener\">Tudor International Freight Limiteds nettsted<\/a><\/p>\n<p><strong>Vurderingspoeng: <\/strong>4.4<br \/> <strong>Antall anmeldelser:<\/strong> 44<br \/><a href=\"https:\/\/www.google.co.uk\/maps?cid=8487732839538556092&#038;hl=en&#038;gl=GB\" target=\"_new\" rel=\"noopener\">Les anmeldelser<\/a><\/p>\n<h2><span class=\"ez-toc-section\" id=\"Kuehne_Nagel_Ltd\"><\/span>Kuehne &amp; Nagel Ltd<span class=\"ez-toc-section-end\"><\/span><\/h2>\n<p><img decoding=\"async\" src=\"https:\/\/moverdb.com\/wp-content\/uploads\/AF1QipP0zPGPwk7_marPNKRstoWkUfYjwaclwZGsPf4Lw408-h726-k-no.jpg\" alt='Kuehne &amp; Nagel Ltd' class=\"aligncenter\"><\/p>\n<p><strong>Beskrivelse fra virksomheten: <\/strong>Ingen oppgitt<\/p>\n<p><strong>Tilleggstjenester:<\/strong><\/p>\n<p>Ingen oppf\u00f8rt<\/p>\n<p><strong>Adresse:<\/strong> 1, Colton Mill, Bullerthorpe Ln, Colton, Leeds LS15 9JN<\/p>\n<p><a href=\"https:\/\/uk.kuehne-nagel.com\/\" target=\"_new\" rel=\"noopener\">Kuehne &amp; Nagel Ltd nettsted<\/a><\/p>\n<p><strong>Vurderingspoeng: <\/strong>5<br \/> <strong>Antall anmeldelser:<\/strong> 4<br \/><a href=\"https:\/\/www.google.co.uk\/maps?cid=3787922263189969010&#038;hl=en&#038;gl=GB\" target=\"_new\" rel=\"noopener\">Les anmeldelser<\/a><\/p>\n<h2><span class=\"ez-toc-section\" id=\"Quality_Freight_Services_Ltd\"><\/span>Quality Freight Services Ltd<span class=\"ez-toc-section-end\"><\/span><\/h2>\n<p><img decoding=\"async\" src=\"https:\/\/moverdb.com\/wp-content\/uploads\/thumbnailpanoidBof9WTiHN4fkDqkDKk1hZwcb_clientsearch.gws-prod.gpsw408h240yaw334.jpg\" alt='Quality Freight Services Ltd' class=\"aligncenter\"><\/p>\n<p><strong>Beskrivelse fra virksomheten: <\/strong>Ingen oppgitt<\/p>\n<p><strong>Tilleggstjenester:<\/strong><\/p>\n<p>Ingen oppf\u00f8rt<\/p>\n<p><strong>Adresse:<\/strong> Suite E, Priestley House, 170 Elland Rd, Beeston, Leeds LS11 8BU<\/p>\n<p><a href=\"http:\/\/www.qualityfreight.co.uk\/\" target=\"_new\" rel=\"noopener\">Quality Freight Services Ltd nettsted<\/a><\/p>\n<p><strong>Vurderingspoeng: <\/strong>5<br \/> <strong>Antall anmeldelser:<\/strong> 2<br \/><a href=\"https:\/\/www.google.co.uk\/maps?cid=8608667554999515229&#038;hl=en&#038;gl=GB\" target=\"_new\" rel=\"noopener\">Les anmeldelser<\/a><\/p>\n<h2><span class=\"ez-toc-section\" id=\"Fusion_Freight_Ltd\"><\/span>Fusion Freight Ltd<span class=\"ez-toc-section-end\"><\/span><\/h2>\n<p><img decoding=\"async\" src=\"https:\/\/moverdb.com\/wp-content\/uploads\/AF1QipPDMcV52CQ0kWzpt4GgAJSOLEn8NrVjmocyG5zmw408-h725-k-no.jpg\" alt='Fusion Freight Ltd' class=\"aligncenter\"><\/p>\n<p><strong>Beskrivelse fra virksomheten: <\/strong>Ingen oppgitt<\/p>\n<p><strong>Tilleggstjenester:<\/strong><\/p>\n<p>Ingen oppf\u00f8rt<\/p>\n<p><strong>Adresse:<\/strong> Enhet 3, Kingsmark Court, Intercity Way, Leeds LS13 4PN<\/p>\n<p><a href=\"http:\/\/www.fusionfreight.com\/\" target=\"_new\" rel=\"noopener\">Fusion Freight Ltd nettsted<\/a><\/p>\n<p><strong>Vurderingspoeng: <\/strong>4.5<br \/> <strong>Antall anmeldelser:<\/strong> 17<br \/><a href=\"https:\/\/www.google.co.uk\/maps?cid=15920323368237844885&#038;hl=en&#038;gl=GB\" target=\"_new\" rel=\"noopener\">Les anmeldelser<\/a><\/p>\n<h2><span class=\"ez-toc-section\" id=\"Carry_Cargo_International_Freight_Forwarders\"><\/span>Carry Cargo Internasjonale spedit\u00f8rer<span class=\"ez-toc-section-end\"><\/span><\/h2>\n<p><img decoding=\"async\" src=\"https:\/\/moverdb.com\/wp-content\/uploads\/thumbnailpanoideABAuGLLncylD8Ubd7Rk2Qcb_clientsearch.gws-prod.gpsw408h240yaw122.jpg\" alt='Carry Cargo Internasjonale spedit\u00f8rer' class=\"aligncenter\"><\/p>\n<p><strong>Beskrivelse fra virksomheten: <\/strong>Det er v\u00e5r oppgave \u00e5 ha fremragende kvalitet som standard og kunnskapen og ambisjonene som skal til for \u00e5 lykkes.<\/p>\n<p>Vi er opptatt av \u00e5 tilby den beste l\u00f8sningen for \u00e5 frakte lasten din fra opprinnelsessted til bestemmelsessted p\u00e5 en trygg og sikker m\u00e5te, til rett tid og innenfor budsjettet.<\/p>\n<p>Vi i Carry Cargo forst\u00e5r at verdien av lasten din er viktig for deg, ikke bare m\u00e5lt i penger, men ogs\u00e5 i tid, f\u00f8lelser og konsekvenser.<\/p>\n<p> Vi holder deg informert fra tilbudsfasen til levering, og sporer lasten din ved hjelp av moderne teknologi, slik at du kan f\u00f8le deg helt trygg.<\/p>\n<p><strong>Tilleggstjenester:<\/strong><\/p>\n<p>Logistikk<\/p>\n<p>Frakttjeneste<\/p>\n<p><strong>Adresse:<\/strong> Ricketts House, Stourton Business Park, Wakefield Rd, Leeds LS10 1DS<\/p>\n<p><a href=\"https:\/\/www.carrycargo.com\/\" target=\"_new\" rel=\"noopener\">Carry Cargo International Freight Forwarders nettsted<\/a><\/p>\n<p><strong>Vurderingspoeng: <\/strong>4.6<br \/> <strong>Antall anmeldelser:<\/strong> 10<br \/><a href=\"https:\/\/www.google.co.uk\/maps?cid=18213844545272113774&#038;hl=en&#038;gl=GB\" target=\"_new\" rel=\"noopener\">Les anmeldelser<\/a><\/p>\n<h2><span class=\"ez-toc-section\" id=\"Global_Freight_Managment\"><\/span>Global godsh\u00e5ndtering<span class=\"ez-toc-section-end\"><\/span><\/h2>\n<p><img decoding=\"async\" src=\"https:\/\/moverdb.com\/wp-content\/uploads\/AF1QipPkyTG4iVgIl4OSeFHzId74vxXlYbQcBnkU_Jg-w427-h240-k-no.png\" alt='Global godsh\u00e5ndtering' class=\"aligncenter\"><\/p>\n<p><strong>Beskrivelse fra virksomheten: <\/strong>verdensledende logistikk- og spedit\u00f8rorganisasjon<\/p>\n<p><strong>Tilleggstjenester:<\/strong><\/p>\n<p>Ingen oppf\u00f8rt<\/p>\n<p><strong>Adresse:<\/strong> High St, Yeadon, Leeds LS19 7PP<\/p>\n<p><a href=\"http:\/\/www.gfmonline.co.uk\/\" target=\"_new\" rel=\"noopener\">Global Freight Managments nettsted<\/a><\/p>\n<p><strong>Vurderingspoeng: <\/strong>2.3<br \/> <strong>Antall anmeldelser:<\/strong> 6<br \/><a href=\"https:\/\/www.google.co.uk\/maps?cid=656515835401224958&#038;hl=en&#038;gl=GB\" target=\"_new\" rel=\"noopener\">Les anmeldelser<\/a><\/p>\n<h2><span class=\"ez-toc-section\" id=\"NF_Global_Logistics_Ltd\"><\/span>NF Global Logistics Ltd<span class=\"ez-toc-section-end\"><\/span><\/h2>\n<p><img decoding=\"async\" src=\"https:\/\/moverdb.com\/wp-content\/uploads\/AF1QipOAcyJQVzFwLxPJmR6iWwjyM1ma2yGwCyCe5ioTw408-h544-k-no.jpg\" alt='NF Global Logistics Ltd' class=\"aligncenter\"><\/p>\n<p><strong>Beskrivelse fra virksomheten: <\/strong>Spedisjonstjenester<\/p>\n<p><strong>Tilleggstjenester:<\/strong><\/p>\n<p>Lager<\/p>\n<p><strong>Adresse:<\/strong> Hawthorne court, 7, Howley Park Rd, Morley LS27 0FD<\/p>\n<p><a href=\"http:\/\/www.nfglobal.co.uk\/\" target=\"_new\" rel=\"noopener\">NF Global Logistics Ltd nettsted<\/a><\/p>\n<p><strong>Vurderingspoeng: <\/strong>4.9<br \/> <strong>Antall anmeldelser:<\/strong> 7<br \/><a href=\"https:\/\/www.google.co.uk\/maps?cid=9198514970112206911&#038;hl=en&#038;gl=GB\" target=\"_new\" rel=\"noopener\">Les anmeldelser<\/a><\/p>\n<h2><span class=\"ez-toc-section\" id=\"Viamaster_International_Limited\"><\/span>Viamaster International Limited<span class=\"ez-toc-section-end\"><\/span><\/h2>\n<p><img decoding=\"async\" src=\"https:\/\/moverdb.com\/wp-content\/uploads\/AF1QipPV1p95eNeHZw3qrswKb6XlZYsUHa_zWFSTY-SJw408-h272-k-no.jpg\" alt='Viamaster International Limited' class=\"aligncenter\"><\/p>\n<p><strong>Beskrivelse fra virksomheten: <\/strong>P\u00e5litelige internasjonale frakt- og logistikktjenester - fleksible, vennlige og p\u00e5litelige.<\/p>\n<p> Omfattende og kostnadseffektiv transport p\u00e5 vei, til sj\u00f8s og i luften som du kan stole p\u00e5, hver gang.<\/p>\n<p><strong>Tilleggstjenester:<\/strong><\/p>\n<p>Logistikk<\/p>\n<p><strong>Adresse:<\/strong> Enhet 10, 27 Industrial Estate, Bruntcliffe Ave, Morley, Leeds LS27 0LL<\/p>\n<p><a href=\"http:\/\/www.viamaster-intl.com\/\" target=\"_new\" rel=\"noopener\">Viamaster International Limited nettsted<\/a><\/p>\n<p><strong>Vurderingspoeng: <\/strong>4.4<br \/> <strong>Antall anmeldelser:<\/strong> 74<br \/><a href=\"https:\/\/www.google.co.uk\/maps?cid=18239256683452347988&#038;hl=en&#038;gl=GB\" target=\"_new\" rel=\"noopener\">Les anmeldelser<\/a><\/p>\n<h2><span class=\"ez-toc-section\" id=\"Trafertir_Group\"><\/span>Trafertir-konsernet<span class=\"ez-toc-section-end\"><\/span><\/h2>\n<p><img decoding=\"async\" src=\"https:\/\/moverdb.com\/wp-content\/uploads\/AF1QipOtPY6q4N7snJ6vm-KJ7gdS1xe8UbTP4Q7SC-Qxw408-h306-k-no.jpg\" alt='Trafertir-konsernet' class=\"aligncenter\"><\/p>\n<p><strong>Beskrivelse fra virksomheten: <\/strong>Ingen oppgitt<\/p>\n<p><strong>Tilleggstjenester:<\/strong><\/p>\n<p>Leveringsselskap<\/p>\n<p><strong>Adresse:<\/strong> Enhet 4, Towngate forretningssenter, Cross Green Vale, Leeds LS9 0SJ<\/p>\n<p><a href=\"http:\/\/www.trafertir.com\/\" target=\"_new\" rel=\"noopener\">Trafertir Groups nettsted<\/a><\/p>\n<p><strong>Vurderingspoeng: <\/strong>4.5<br \/> <strong>Antall anmeldelser:<\/strong> 6<br \/><a href=\"https:\/\/www.google.co.uk\/maps?cid=9097938560071127250&#038;hl=en&#038;gl=GB\" target=\"_new\" rel=\"noopener\">Les anmeldelser<\/a><\/p>\n<h2><span class=\"ez-toc-section\" id=\"How_we_picked_the_best_Leeds_Freight_Forwarding_Companies\"><\/span>Slik valgte vi ut de beste spedisjonsselskapene i Leeds<span class=\"ez-toc-section-end\"><\/span><\/h2>\n<p>Vi tok utgangspunkt i et datasett med 28 spedisjonsselskaper i Leeds som vi kunne finne via Google Maps, og snevret det inn til de 11 beste.<\/p>\n<p>For \u00e5 gj\u00f8re dette fjernet vi alle selskaper som:<\/p>\n<ul>\n<li> Hadde ikke noe nettsted<\/li>\n<li> Hadde ingen anmeldelser<\/li>\n<li> Hadde en gjennomsnittlig vurderingsscore p\u00e5 under 2,0<\/li>\n<\/ul>\n<p>Hvis vi p\u00e5 dette tidspunktet hadde 17 eller f\u00e6rre spedit\u00f8rer, listet vi opp alle.<\/p>\n<p>For byer der vi satt igjen med mer enn 17 spedit\u00f8rer, gjorde vi ytterligere endringer ved enten \u00e5 \u00f8ke kravet til poengsum (f.eks. fra minimum 2,0 til 4,0) og\/eller \u00f8ke kravet til antall anmeldelser (f.eks. fra minst 1 anmeldelse til minst 10).<\/p>\n<p>Merk at vi kun har brukt data fra Google Maps og ikke andre tredjeparts nettsteder.<\/p>\n<p>Flere byer:<\/p>\n<p><a href=\"https:\/\/moverdb.com\/nb\/speditor\/freight-forwarding-uk\/belfast-freight-forwarder\/\">Spedit\u00f8r i Belfast<\/a><br \/><a href=\"https:\/\/moverdb.com\/nb\/speditor\/freight-forwarding-uk\/hayes-freight-forwarder\/\">Hayes Spedit\u00f8r<\/a><br \/><a href=\"https:\/\/moverdb.com\/nb\/speditor\/freight-forwarding-uk\/bradford-freight-forwarder\/\">Bradford Spedit\u00f8r<\/a><br \/><a href=\"https:\/\/moverdb.com\/nb\/speditor\/freight-forwarding-uk\/derby-freight-forwarder\/\">Derby Spedit\u00f8r<\/a><br \/><a href=\"https:\/\/moverdb.com\/nb\/speditor\/freight-forwarding-uk\/southall-freight-forwarder\/\">Southall Spedit\u00f8r<\/a><\/p>","protected":false},"excerpt":{"rendered":"<p>Below we look at the 11 &#8220;best&#8221; Freight Forwarding companies in Leeds out of 28. To learn more about how we chose the best please consult our FAQ section at the end. Please not the following listings are in no particular order and we are not making any recommendations for any particular company. Stagefreight Ltd [&hellip;]<\/p>\n","protected":false},"author":1,"featured_media":0,"parent":13427,"menu_order":0,"comment_status":"open","ping_status":"open","template":"","meta":{"_genesis_hide_title":false,"_genesis_hide_breadcrumbs":false,"_genesis_hide_singular_image":false,"_genesis_hide_footer_widgets":false,"_genesis_custom_body_class":"","_genesis_custom_post_class":"","_genesis_layout":"","footnotes":""},"class_list":{"0":"post-13691","1":"page","2":"type-page","3":"status-publish","5":"entry"},"_links":{"self":[{"href":"https:\/\/moverdb.com\/nb\/wp-json\/wp\/v2\/pages\/13691","targetHints":{"allow":["GET"]}}],"collection":[{"href":"https:\/\/moverdb.com\/nb\/wp-json\/wp\/v2\/pages"}],"about":[{"href":"https:\/\/moverdb.com\/nb\/wp-json\/wp\/v2\/types\/page"}],"author":[{"embeddable":true,"href":"https:\/\/moverdb.com\/nb\/wp-json\/wp\/v2\/users\/1"}],"replies":[{"embeddable":true,"href":"https:\/\/moverdb.com\/nb\/wp-json\/wp\/v2\/comments?post=13691"}],"version-history":[{"count":1,"href":"https:\/\/moverdb.com\/nb\/wp-json\/wp\/v2\/pages\/13691\/revisions"}],"predecessor-version":[{"id":15684,"href":"https:\/\/moverdb.com\/nb\/wp-json\/wp\/v2\/pages\/13691\/revisions\/15684"}],"up":[{"embeddable":true,"href":"https:\/\/moverdb.com\/nb\/wp-json\/wp\/v2\/pages\/13427"}],"wp:attachment":[{"href":"https:\/\/moverdb.com\/nb\/wp-json\/wp\/v2\/media?parent=13691"}],"curies":[{"name":"wp","href":"https:\/\/api.w.org\/{rel}","templated":true}]}}