{"id":13628,"date":"2023-11-08T15:51:25","date_gmt":"2023-11-08T15:51:25","guid":{"rendered":"https:\/\/moverdb.com\/freight-forwarder\/freight-forwarding-uk\/bristol-freight-forwarder\/"},"modified":"2026-01-08T14:55:35","modified_gmt":"2026-01-08T14:55:35","slug":"bristol-freight-forwarder","status":"publish","type":"page","link":"https:\/\/moverdb.com\/nb\/freight-forwarder\/freight-forwarding-uk\/bristol-freight-forwarder\/","title":{"rendered":"De 14 beste spedisjonsselskapene i Bristol (2024)"},"content":{"rendered":"<p>Nedenfor ser vi p\u00e5 de 14 <em>\"best\"<\/em> Spedisjonsselskaper i <a href=\"\" data-internallinksmanager029f6b8e52c=\"36\" title=\"Bristol\">Bristol<\/a> av 27.<\/p>\n<p>Hvis du vil vite mer om hvordan vi har valgt ut de beste, kan du lese mer i FAQ-delen til slutt.<\/p>\n<p><em>V\u00e6r oppmerksom p\u00e5 at listene nedenfor ikke kommer i noen bestemt rekkef\u00f8lge, og at vi ikke anbefaler noen bestemte selskaper.<\/em><\/p>\n<div id=\"ez-toc-container\" class=\"ez-toc-v2_0_82_2 ez-toc-wrap-left counter-hierarchy ez-toc-counter ez-toc-transparent ez-toc-container-direction\">\n<div class=\"ez-toc-title-container\">\n<p class=\"ez-toc-title\" style=\"cursor:inherit\">Seksjoner<\/p>\n<span class=\"ez-toc-title-toggle\"><a href=\"#\" class=\"ez-toc-pull-right ez-toc-btn ez-toc-btn-xs ez-toc-btn-default ez-toc-toggle\" aria-label=\"Bytt innholdsfortegnelse\"><span class=\"ez-toc-js-icon-con\"><span class=\"\"><span class=\"eztoc-hide\" style=\"display:none;\">Toggle<\/span><span class=\"ez-toc-icon-toggle-span\"><svg style=\"fill: #999;color:#999\" xmlns=\"http:\/\/www.w3.org\/2000\/svg\" class=\"list-377408\" width=\"20px\" height=\"20px\" viewbox=\"0 0 24 24\" fill=\"none\"><path d=\"M6 6H4v2h2V6zm14 0H8v2h12V6zM4 11h2v2H4v-2zm16 0H8v2h12v-2zM4 16h2v2H4v-2zm16 0H8v2h12v-2z\" fill=\"currentColor\"><\/path><\/svg><svg style=\"fill: #999;color:#999\" class=\"arrow-unsorted-368013\" xmlns=\"http:\/\/www.w3.org\/2000\/svg\" width=\"10px\" height=\"10px\" viewbox=\"0 0 24 24\" version=\"1.2\" baseprofile=\"tiny\"><path d=\"M18.2 9.3l-6.2-6.3-6.2 6.3c-.2.2-.3.4-.3.7s.1.5.3.7c.2.2.4.3.7.3h11c.3 0 .5-.1.7-.3.2-.2.3-.5.3-.7s-.1-.5-.3-.7zM5.8 14.7l6.2 6.3 6.2-6.3c.2-.2.3-.5.3-.7s-.1-.5-.3-.7c-.2-.2-.4-.3-.7-.3h-11c-.3 0-.5.1-.7.3-.2.2-.3.5-.3.7s.1.5.3.7z\"\/><\/svg><\/span><\/span><\/span><\/a><\/span><\/div>\n<nav><ul class='ez-toc-list ez-toc-list-level-1 eztoc-toggle-hide-by-default' ><li class='ez-toc-page-1 ez-toc-heading-level-2'><a class=\"ez-toc-link ez-toc-heading-1\" href=\"https:\/\/moverdb.com\/nb\/freight-forwarder\/freight-forwarding-uk\/bristol-freight-forwarder\/#FORWARDER_magazine\" >Magasinet FORWARDER<\/a><\/li><li class='ez-toc-page-1 ez-toc-heading-level-2'><a class=\"ez-toc-link ez-toc-heading-2\" href=\"https:\/\/moverdb.com\/nb\/freight-forwarder\/freight-forwarding-uk\/bristol-freight-forwarder\/#DB_Schenker\" >DB Schenker<\/a><\/li><li class='ez-toc-page-1 ez-toc-heading-level-2'><a class=\"ez-toc-link ez-toc-heading-3\" href=\"https:\/\/moverdb.com\/nb\/freight-forwarder\/freight-forwarding-uk\/bristol-freight-forwarder\/#Linking_Freight_Ltd\" >Linking Freight Ltd<\/a><\/li><li class='ez-toc-page-1 ez-toc-heading-level-2'><a class=\"ez-toc-link ez-toc-heading-4\" href=\"https:\/\/moverdb.com\/nb\/freight-forwarder\/freight-forwarding-uk\/bristol-freight-forwarder\/#Davies_Turner_Co_Ltd\" >Davies Turner &amp; Co Ltd<\/a><\/li><li class='ez-toc-page-1 ez-toc-heading-level-2'><a class=\"ez-toc-link ez-toc-heading-5\" href=\"https:\/\/moverdb.com\/nb\/freight-forwarder\/freight-forwarding-uk\/bristol-freight-forwarder\/#Radius_Warehouse_Logistic_Services\" >Radius lager- og logistikktjenester<\/a><\/li><li class='ez-toc-page-1 ez-toc-heading-level-2'><a class=\"ez-toc-link ez-toc-heading-6\" href=\"https:\/\/moverdb.com\/nb\/freight-forwarder\/freight-forwarding-uk\/bristol-freight-forwarder\/#Expeditors\" >Ekspedit\u00f8rer<\/a><\/li><li class='ez-toc-page-1 ez-toc-heading-level-2'><a class=\"ez-toc-link ez-toc-heading-7\" href=\"https:\/\/moverdb.com\/nb\/freight-forwarder\/freight-forwarding-uk\/bristol-freight-forwarder\/#AGI_Global_Logistics_Ltd_Bristol\" >AGI Global Logistics Ltd Bristol<\/a><\/li><li class='ez-toc-page-1 ez-toc-heading-level-2'><a class=\"ez-toc-link ez-toc-heading-8\" href=\"https:\/\/moverdb.com\/nb\/freight-forwarder\/freight-forwarding-uk\/bristol-freight-forwarder\/#Concordia_International_Forwarding_Ltd\" >Concordia International Forwarding Ltd<\/a><\/li><li class='ez-toc-page-1 ez-toc-heading-level-2'><a class=\"ez-toc-link ez-toc-heading-9\" href=\"https:\/\/moverdb.com\/nb\/freight-forwarder\/freight-forwarding-uk\/bristol-freight-forwarder\/#RSJ_International_Freight_Services_Ltd\" >RSJ International Freight Services Ltd<\/a><\/li><li class='ez-toc-page-1 ez-toc-heading-level-2'><a class=\"ez-toc-link ez-toc-heading-10\" href=\"https:\/\/moverdb.com\/nb\/freight-forwarder\/freight-forwarding-uk\/bristol-freight-forwarder\/#Brunel_Shipping_Liner_Services\" >Brunel Shipping &amp; Liner Services<\/a><\/li><li class='ez-toc-page-1 ez-toc-heading-level-2'><a class=\"ez-toc-link ez-toc-heading-11\" href=\"https:\/\/moverdb.com\/nb\/freight-forwarder\/freight-forwarding-uk\/bristol-freight-forwarder\/#Gefco_Forwarding\" >Gefco Spedisjon<\/a><\/li><li class='ez-toc-page-1 ez-toc-heading-level-2'><a class=\"ez-toc-link ez-toc-heading-12\" href=\"https:\/\/moverdb.com\/nb\/freight-forwarder\/freight-forwarding-uk\/bristol-freight-forwarder\/#Darabant_Ltd\" >Darabant Ltd.<\/a><\/li><li class='ez-toc-page-1 ez-toc-heading-level-2'><a class=\"ez-toc-link ez-toc-heading-13\" href=\"https:\/\/moverdb.com\/nb\/freight-forwarder\/freight-forwarding-uk\/bristol-freight-forwarder\/#Plexus_Freight_Ltd\" >Plexus Freight Ltd<\/a><\/li><li class='ez-toc-page-1 ez-toc-heading-level-2'><a class=\"ez-toc-link ez-toc-heading-14\" href=\"https:\/\/moverdb.com\/nb\/freight-forwarder\/freight-forwarding-uk\/bristol-freight-forwarder\/#DHL_Freight\" >DHL Frakt<\/a><\/li><li class='ez-toc-page-1 ez-toc-heading-level-2'><a class=\"ez-toc-link ez-toc-heading-15\" href=\"https:\/\/moverdb.com\/nb\/freight-forwarder\/freight-forwarding-uk\/bristol-freight-forwarder\/#How_we_picked_the_best_Bristol_Freight_Forwarding_Companies\" >Slik valgte vi ut de beste spedisjonsselskapene i Bristol<\/a><\/li><\/ul><\/nav><\/div>\n<h2><span class=\"ez-toc-section\" id=\"FORWARDER_magazine\"><\/span>Magasinet FORWARDER<span class=\"ez-toc-section-end\"><\/span><\/h2>\n<p><img decoding=\"async\" src=\"https:\/\/moverdb.com\/wp-content\/uploads\/thumbnailpanoidXnayB0vNGYwDOjO81WZBMwcb_clientsearch.gws-prod.gpsw408h240yaw139.jpg\" alt='Magasinet FORWARDER' class=\"aligncenter\"><\/p>\n<p><strong>Beskrivelse fra virksomheten: <\/strong>Bransjens fremste kilde til nyheter, informasjon og innsikt om logistikk, shipping og spedisjon.<\/p>\n<p> Frakt til <a href=\"https:\/\/moverdb.com\/nb\/moving-to-china\/\" data-internallinksmanager029f6b8e52c=\"357\" title=\"Flytter du til Kina? 2023 Levekostnader og flyttetips\">Kina<\/a>? Implementere et sikkerhetssystem for lageret? Vurderer du systemer for styring av forsyningskjeden eller transport? Fra ekspertuttalelser til bransjespesifikk kunnskap - vi gir deg alt du trenger for \u00e5 lykkes i fraktverdenen.<\/p>\n<p><strong>Tilleggstjenester:<\/strong><\/p>\n<p>Ingen oppf\u00f8rt<\/p>\n<p><strong>Adresse:<\/strong> Enhet 8, Apex Court Woodlands, Bradley Stoke, Bristol BS32 4JT<\/p>\n<p><a href=\"https:\/\/forwardermagazine.com\/\" target=\"_new\" rel=\"noopener\">FORWARDER-magasinets nettsted<\/a><\/p>\n<p><strong>Vurderingspoeng: <\/strong>5<br \/> <strong>Antall anmeldelser:<\/strong> 4<br \/><a href=\"https:\/\/www.google.co.uk\/maps?cid=9896521538394941101&#038;hl=en&#038;gl=GB\" target=\"_new\" rel=\"noopener\">Les anmeldelser<\/a><\/p>\n<h2><span class=\"ez-toc-section\" id=\"DB_Schenker\"><\/span>DB Schenker<span class=\"ez-toc-section-end\"><\/span><\/h2>\n<p><img decoding=\"async\" src=\"https:\/\/moverdb.com\/wp-content\/uploads\/AF1QipM28Skl7HYpCo-qYIRjMJr04QEHbn4T2eKx09jbw408-h725-k-no.jpg\" alt='DB Schenker' class=\"aligncenter\"><\/p>\n<p><strong>Beskrivelse fra virksomheten: <\/strong>Ingen oppgitt<\/p>\n<p><strong>Tilleggstjenester:<\/strong><\/p>\n<p>Leveringsselskap<\/p>\n<p><strong>Adresse:<\/strong> Enhet 21 Boundary Rd, Avonmouth, Bristol BS11 8AZ<\/p>\n<p><a href=\"http:\/\/www.dbschenker.com\/uk\" target=\"_new\" rel=\"noopener\">DB Schenkers nettsted<\/a><\/p>\n<p><strong>Vurderingspoeng: <\/strong>4.3<br \/> <strong>Antall anmeldelser:<\/strong> 6<br \/><a href=\"https:\/\/www.google.co.uk\/maps?cid=17260293302335849592&#038;hl=en&#038;gl=GB\" target=\"_new\" rel=\"noopener\">Les anmeldelser<\/a><\/p>\n<h2><span class=\"ez-toc-section\" id=\"Linking_Freight_Ltd\"><\/span>Linking Freight Ltd<span class=\"ez-toc-section-end\"><\/span><\/h2>\n<p><img decoding=\"async\" src=\"https:\/\/moverdb.com\/wp-content\/uploads\/thumbnailpanoidrKQx2dmMDlH6FYkF73yz6Qcb_clientsearch.gws-prod.gpsw408h240yaw4.jpg\" alt='Linking Freight Ltd' class=\"aligncenter\"><\/p>\n<p><strong>Beskrivelse fra virksomheten: <\/strong>Vi er et uavhengig fraktmeglerselskap med kontorer i London og Bristol.<\/p>\n<p> Med agenter over hele verden og et erfarent og kreativt team gj\u00f8r vi v\u00e5rt beste for \u00e5 ta vare p\u00e5 lasten din og bringe den til sitt endelige bestemmelsessted.<\/p>\n<p><strong>Tilleggstjenester:<\/strong><\/p>\n<p>Ingen oppf\u00f8rt<\/p>\n<p><strong>Adresse:<\/strong> Newminster House, 27-29 Baldwin Street, Bristol BS1 1LT<\/p>\n<p><a href=\"http:\/\/linkingfreight.co.uk\/\" target=\"_new\" rel=\"noopener\">Linking Freight Ltd nettsted<\/a><\/p>\n<p><strong>Vurderingspoeng: <\/strong>5<br \/> <strong>Antall anmeldelser:<\/strong> 1<br \/><a href=\"https:\/\/www.google.co.uk\/maps?cid=2853978746773574793&#038;hl=en&#038;gl=GB\" target=\"_new\" rel=\"noopener\">Les anmeldelser<\/a><\/p>\n<h2><span class=\"ez-toc-section\" id=\"Davies_Turner_Co_Ltd\"><\/span>Davies Turner &amp; Co Ltd<span class=\"ez-toc-section-end\"><\/span><\/h2>\n<p><img decoding=\"async\" src=\"https:\/\/moverdb.com\/wp-content\/uploads\/AF1QipO9Kxl3JQMV7ICSFnsyfYhNfEIpfv5DyJ0rbcuyw672-h240-k-no.jpg\" alt='Davies Turner &amp; Co Ltd' class=\"aligncenter\"><\/p>\n<p><strong>Beskrivelse fra virksomheten: <\/strong>Hos Davies Turner har vi som m\u00e5l \u00e5 tilby en helhetlig l\u00f8sning for forsyningskjeden.<\/p>\n<p> V\u00e5rt store internasjonale nettverk gir oss enest\u00e5ende muligheter til \u00e5 tilby luft-, logistikk-, sj\u00f8- og veitransporttjenester.<\/p>\n<p> Vi har ogs\u00e5 et omfattende, avansert lagersystem over hele verden. <a href=\"https:\/\/moverdb.com\/nb\/moving-to-the-uk\/\" data-internallinksmanager029f6b8e52c=\"93\" title=\"Flytte til Storbritannia? 2023 Levekostnader og flyttetips\">STORBRITANNIA<\/a>, komplett med sofistikerte lagerstyringssystemer og interne fortollingsfasiliteter.<\/p>\n<p><strong>Tilleggstjenester:<\/strong><\/p>\n<p>Distribusjonstjeneste<\/p>\n<p>Import- og eksportselskap<\/p>\n<p>Logistikk<\/p>\n<p>Leveringsselskap<\/p>\n<p><strong>Adresse:<\/strong> Western Freight Terminal, Fifth Way, Avonmouth, Bristol BS11 8DT<\/p>\n<p><a href=\"http:\/\/www.daviesturner.com\/\" target=\"_new\" rel=\"noopener\">Davies Turner &amp; Co Ltd nettsted<\/a><\/p>\n<p><strong>Vurderingspoeng: <\/strong>4.1<br \/> <strong>Antall anmeldelser:<\/strong> 139<br \/><a href=\"https:\/\/www.google.co.uk\/maps?cid=17357679786342511168&#038;hl=en&#038;gl=GB\" target=\"_new\" rel=\"noopener\">Les anmeldelser<\/a><\/p>\n<h2><span class=\"ez-toc-section\" id=\"Radius_Warehouse_Logistic_Services\"><\/span>Radius lager- og logistikktjenester<span class=\"ez-toc-section-end\"><\/span><\/h2>\n<p><img decoding=\"async\" src=\"https:\/\/moverdb.com\/wp-content\/uploads\/AF1QipMqx74W-qAyrRnmcpiO8UUP6i8Qtz-VgBDfmEow426-h240-k-no.jpg\" alt='Radius lager- og logistikktjenester' class=\"aligncenter\"><\/p>\n<p><strong>Beskrivelse fra virksomheten: <\/strong>Ingen oppgitt<\/p>\n<p><strong>Tilleggstjenester:<\/strong><\/p>\n<p>E-handelstjeneste<\/p>\n<p>Lager<\/p>\n<p><strong>Adresse:<\/strong> Enhet 3, Portside Park, Kings Weston Ln, Avonmouth, Bristol BS11 8AR<\/p>\n<p><a href=\"http:\/\/www.radiuslogistics.co.uk\/\" target=\"_new\" rel=\"noopener\">Radius Warehouse &amp; Logistic Services nettsted<\/a><\/p>\n<p><strong>Vurderingspoeng: <\/strong>5<br \/> <strong>Antall anmeldelser:<\/strong> 5<br \/><a href=\"https:\/\/www.google.co.uk\/maps?cid=510481636241925538&#038;hl=en&#038;gl=GB\" target=\"_new\" rel=\"noopener\">Les anmeldelser<\/a><\/p>\n<h2><span class=\"ez-toc-section\" id=\"Expeditors\"><\/span>Ekspedit\u00f8rer<span class=\"ez-toc-section-end\"><\/span><\/h2>\n<p><img decoding=\"async\" src=\"https:\/\/moverdb.com\/wp-content\/uploads\/AF1QipPJ4dN2sY_JpWhXq-AqeFn8x3lS5qSYfLgHe_Ezw408-h604-k-no.jpg\" alt='Ekspedit\u00f8rer' class=\"aligncenter\"><\/p>\n<p><strong>Beskrivelse fra virksomheten: <\/strong>Ingen oppgitt<\/p>\n<p><strong>Tilleggstjenester:<\/strong><\/p>\n<p>Ingen oppf\u00f8rt<\/p>\n<p><strong>Adresse:<\/strong> Western Approach, bygning 6030, Collins Dr, Severn Beach, Bristol BS35 4GG<\/p>\n<p><a href=\"http:\/\/www.expeditors.com\/\" target=\"_new\" rel=\"noopener\">Expeditors nettsted<\/a><\/p>\n<p><strong>Vurderingspoeng: <\/strong>4.6<br \/> <strong>Antall anmeldelser:<\/strong> 19<br \/><a href=\"https:\/\/www.google.co.uk\/maps?cid=18279511369546906393&#038;hl=en&#038;gl=GB\" target=\"_new\" rel=\"noopener\">Les anmeldelser<\/a><\/p>\n<h2><span class=\"ez-toc-section\" id=\"AGI_Global_Logistics_Ltd_Bristol\"><\/span>AGI Global Logistics Ltd Bristol<span class=\"ez-toc-section-end\"><\/span><\/h2>\n<p><img decoding=\"async\" src=\"https:\/\/lh5.googleusercontent.com\/p\/AF1QipNvUK4_ILPeUuAiJRBgxrrhea68ohLDUvA6qfLQ=w408-h272-k-no\" alt=\"AGI Global Logistics Ltd Bristol\" class=\"aligncenter\"><\/p>\n<p><strong>Beskrivelse fra virksomheten: <\/strong>Ingen oppgitt<\/p>\n<p><strong>Tilleggstjenester:<\/strong><\/p>\n<p>Transporttjeneste<\/p>\n<p><strong>Adresse:<\/strong> Windmill House, Henfield Rd, Bristol BS36 2FE<\/p>\n<p><a href=\"http:\/\/www.agi.global\/\" target=\"_new\" rel=\"noopener\">AGI Global Logistics Ltd Bristols nettsted<\/a><\/p>\n<p><strong>Vurderingspoeng: <\/strong>4.8<br \/> <strong>Antall anmeldelser:<\/strong> 20<br \/><a href=\"https:\/\/www.google.co.uk\/maps?cid=13571177958670377164&#038;hl=en&#038;gl=GB\" target=\"_new\" rel=\"noopener\">Les anmeldelser<\/a><\/p>\n<h2><span class=\"ez-toc-section\" id=\"Concordia_International_Forwarding_Ltd\"><\/span>Concordia International Forwarding Ltd<span class=\"ez-toc-section-end\"><\/span><\/h2>\n<p><img decoding=\"async\" src=\"https:\/\/moverdb.com\/wp-content\/uploads\/thumbnailpanoidba8vVLwujMhMvWQNOJ4LMQcb_clientsearch.gws-prod.gpsw408h240yaw346.jpg\" alt='Concordia International Forwarding Ltd' class=\"aligncenter\"><\/p>\n<p><strong>Beskrivelse fra virksomheten: <\/strong>Ingen oppgitt<\/p>\n<p><strong>Tilleggstjenester:<\/strong><\/p>\n<p>Ingen oppf\u00f8rt<\/p>\n<p><strong>Adresse:<\/strong> Avon Riverside Estate, Victoria Rd, Avonmouth, Bristol BS11 9DB<\/p>\n<p><a href=\"https:\/\/www.concordiafreight.com\/\" target=\"_new\" rel=\"noopener\">Concordia International Forwarding Ltd nettsted<\/a><\/p>\n<p><strong>Vurderingspoeng: <\/strong>5<br \/> <strong>Antall anmeldelser:<\/strong> 3<br \/><a href=\"https:\/\/www.google.co.uk\/maps?cid=9448656488270580648&#038;hl=en&#038;gl=GB\" target=\"_new\" rel=\"noopener\">Les anmeldelser<\/a><\/p>\n<h2><span class=\"ez-toc-section\" id=\"RSJ_International_Freight_Services_Ltd\"><\/span>RSJ International Freight Services Ltd<span class=\"ez-toc-section-end\"><\/span><\/h2>\n<p><img decoding=\"async\" src=\"https:\/\/moverdb.com\/wp-content\/uploads\/thumbnailpanoidJRg8arWP-nN58ZbU0rRp3wcb_clientsearch.gws-prod.gpsw408h240yaw203.jpg\" alt='RSJ International Freight Services Ltd' class=\"aligncenter\"><\/p>\n<p><strong>Beskrivelse fra virksomheten: <\/strong>Ingen oppgitt<\/p>\n<p><strong>Tilleggstjenester:<\/strong><\/p>\n<p>Business-to-Business-tjenester<\/p>\n<p>Leveringsselskap<\/p>\n<p><strong>Adresse:<\/strong> Unit 16\/Londonderry Farm\/Keynsham Rd, Bristol BS30 6EL<\/p>\n<p><a href=\"https:\/\/www.rsj-international.co.uk\/\" target=\"_new\" rel=\"noopener\">RSJ International Freight Services Ltd nettsted<\/a><\/p>\n<p><strong>Vurderingspoeng: <\/strong>5<br \/> <strong>Antall anmeldelser:<\/strong> 1<br \/><a href=\"https:\/\/www.google.co.uk\/maps?cid=17200395291416554045&#038;hl=en&#038;gl=GB\" target=\"_new\" rel=\"noopener\">Les anmeldelser<\/a><\/p>\n<h2><span class=\"ez-toc-section\" id=\"Brunel_Shipping_Liner_Services\"><\/span>Brunel Shipping &amp; Liner Services<span class=\"ez-toc-section-end\"><\/span><\/h2>\n<p><img decoding=\"async\" src=\"https:\/\/moverdb.com\/wp-content\/uploads\/AF1QipMoSUckdnxeboSxvLuxgbLmmg9Ol0PvscD-nWgQw426-h240-k-no.jpg\" alt='Brunel Shipping &amp; Liner Services' class=\"aligncenter\"><\/p>\n<p><strong>Beskrivelse fra virksomheten: <\/strong>Ingen oppgitt<\/p>\n<p><strong>Tilleggstjenester:<\/strong><\/p>\n<p>Ingen oppf\u00f8rt<\/p>\n<p><strong>Adresse:<\/strong> 95 Stokes Croft, Bristol BS1 3RD<\/p>\n<p><a href=\"http:\/\/www.brunelshipping.com\/\" target=\"_new\" rel=\"noopener\">Brunel Shipping &amp; Liner Services nettsted<\/a><\/p>\n<p><strong>Vurderingspoeng: <\/strong>2.5<br \/> <strong>Antall anmeldelser:<\/strong> 2<br \/><a href=\"https:\/\/www.google.co.uk\/maps?cid=7554355835457306517&#038;hl=en&#038;gl=GB\" target=\"_new\" rel=\"noopener\">Les anmeldelser<\/a><\/p>\n<h2><span class=\"ez-toc-section\" id=\"Gefco_Forwarding\"><\/span>Gefco Spedisjon<span class=\"ez-toc-section-end\"><\/span><\/h2>\n<p><img decoding=\"async\" src=\"https:\/\/moverdb.com\/wp-content\/uploads\/thumbnailpanoidUDMIvbqb5GCisvcoHJRWXwcb_clientsearch.gws-prod.gpsw408h240yaw52.jpg\" alt='Gefco Spedisjon' class=\"aligncenter\"><\/p>\n<p><strong>Beskrivelse fra virksomheten: <\/strong>Ingen oppgitt<\/p>\n<p><strong>Tilleggstjenester:<\/strong><\/p>\n<p>Ingen oppf\u00f8rt<\/p>\n<p><strong>Adresse:<\/strong> Enhet 8, I O Centre, Moorend Farm Ave, Bristol BS11 0QL<\/p>\n<p><a href=\"https:\/\/www.gefco.net\/en\/\" target=\"_new\" rel=\"noopener\">Gefco Forwardings nettsted<\/a><\/p>\n<p><strong>Vurderingspoeng: <\/strong>4<br \/> <strong>Antall anmeldelser:<\/strong> 9<br \/><a href=\"https:\/\/www.google.co.uk\/maps?cid=15368974737175324232&#038;hl=en&#038;gl=GB\" target=\"_new\" rel=\"noopener\">Les anmeldelser<\/a><\/p>\n<h2><span class=\"ez-toc-section\" id=\"Darabant_Ltd\"><\/span>Darabant Ltd.<span class=\"ez-toc-section-end\"><\/span><\/h2>\n<p><img decoding=\"async\" src=\"https:\/\/moverdb.com\/wp-content\/uploads\/thumbnailpanoid-gXOGy94N2prAsV05BzXKwcb_clientsearch.gws-prod.gpsw408h240yaw153.jpg\" alt='Darabant Ltd.' class=\"aligncenter\"><\/p>\n<p><strong>Beskrivelse fra virksomheten: <\/strong>Ingen oppgitt<\/p>\n<p><strong>Tilleggstjenester:<\/strong><\/p>\n<p>Ingen oppf\u00f8rt<\/p>\n<p><strong>Adresse:<\/strong> Parkway House, Hambrook Ln, Stoke Gifford, Bristol BS34 8QB<\/p>\n<p><a href=\"http:\/\/dtrans.co.uk\/\" target=\"_new\" rel=\"noopener\">Darabant Ltd. nettsted<\/a><\/p>\n<p><strong>Vurderingspoeng: <\/strong>5<br \/> <strong>Antall anmeldelser:<\/strong> 2<br \/><a href=\"https:\/\/www.google.co.uk\/maps?cid=12817488922797848942&#038;hl=en&#038;gl=GB\" target=\"_new\" rel=\"noopener\">Les anmeldelser<\/a><\/p>\n<h2><span class=\"ez-toc-section\" id=\"Plexus_Freight_Ltd\"><\/span>Plexus Freight Ltd<span class=\"ez-toc-section-end\"><\/span><\/h2>\n<p><img decoding=\"async\" src=\"https:\/\/moverdb.com\/wp-content\/uploads\/AF1QipNwzMZFnA7qS34mJYkLTdLd7QsJswuqrYOnSlK1w408-h306-k-no.jpg\" alt='Plexus Freight Ltd' class=\"aligncenter\"><\/p>\n<p><strong>Beskrivelse fra virksomheten: <\/strong>Storbritannias ledende <a href=\"https:\/\/moverdb.com\/nb\/freight-forwarder\/\" data-internallinksmanager029f6b8e52c=\"17\" title=\"Spedit\u00f8r &amp; NVOCC Internasjonal kostnads- og selskapsguide\">spedit\u00f8r<\/a> <a href=\"https:\/\/moverdb.com\/nb\/shipping-companies\/\" data-internallinksmanager029f6b8e52c=\"4\" title=\"Topp 10 internasjonale containerrederier\">rederi<\/a>, som driver europeisk godslogistikk og ekspressfrakt p\u00e5 vei for import, eksport og cross trade.<\/p>\n<p><strong>Tilleggstjenester:<\/strong><\/p>\n<p>Kurertjeneste<\/p>\n<p>Transporttjeneste<\/p>\n<p><strong>Adresse:<\/strong> Kestrel Court, Harbour Rd, Portishead, Bristol BS20 7AN<\/p>\n<p><a href=\"https:\/\/www.plexusfreight.com\/\" target=\"_new\" rel=\"noopener\">Plexus Freight Ltd nettsted<\/a><\/p>\n<p><strong>Vurderingspoeng: <\/strong>4.8<br \/> <strong>Antall anmeldelser:<\/strong> 41<br \/><a href=\"https:\/\/www.google.co.uk\/maps?cid=2230762199293397782&#038;hl=en&#038;gl=GB\" target=\"_new\" rel=\"noopener\">Les anmeldelser<\/a><\/p>\n<h2><span class=\"ez-toc-section\" id=\"DHL_Freight\"><\/span>DHL Frakt<span class=\"ez-toc-section-end\"><\/span><\/h2>\n<p><img decoding=\"async\" src=\"https:\/\/moverdb.com\/wp-content\/uploads\/AF1QipOqvBlUJ0ZXd9peCDrjU7ClBB9zaXYJfSDtoqCdw408-h306-k-no.jpg\" alt='DHL Frakt' class=\"aligncenter\"><\/p>\n<p><strong>Beskrivelse fra virksomheten: <\/strong>Ingen oppgitt<\/p>\n<p><strong>Tilleggstjenester:<\/strong><\/p>\n<p>Ingen oppf\u00f8rt<\/p>\n<p><strong>Adresse:<\/strong> Avonmouth Way, Avonmouth, Bristol BS11 9HL<\/p>\n<p><a href=\"http:\/\/www.dhl.co.uk\/freight\" target=\"_new\" rel=\"noopener\">DHL Freights nettsted<\/a><\/p>\n<p><strong>Vurderingspoeng: <\/strong>4.7<br \/> <strong>Antall anmeldelser:<\/strong> 3<br \/><a href=\"https:\/\/www.google.co.uk\/maps?cid=6921321511174811929&#038;hl=en&#038;gl=GB\" target=\"_new\" rel=\"noopener\">Les anmeldelser<\/a><\/p>\n<h2><span class=\"ez-toc-section\" id=\"How_we_picked_the_best_Bristol_Freight_Forwarding_Companies\"><\/span>Slik valgte vi ut de beste spedisjonsselskapene i Bristol<span class=\"ez-toc-section-end\"><\/span><\/h2>\n<p>Vi tok utgangspunkt i et datasett med 27 spedisjonsselskaper i Bristol som vi kunne finne via Google Maps, og snevret det inn til de 14 beste.<\/p>\n<p>For \u00e5 gj\u00f8re dette fjernet vi alle selskaper som:<\/p>\n<ul>\n<li> Hadde ikke noe nettsted<\/li>\n<li> Hadde ingen anmeldelser<\/li>\n<li> Hadde en gjennomsnittlig vurderingsscore p\u00e5 under 2,0<\/li>\n<\/ul>\n<p>Hvis vi p\u00e5 dette tidspunktet hadde 17 eller f\u00e6rre spedit\u00f8rer, listet vi opp alle.<\/p>\n<p>For byer der vi satt igjen med mer enn 17 spedit\u00f8rer, gjorde vi ytterligere endringer ved enten \u00e5 \u00f8ke kravet til poengsum (f.eks. fra minimum 2,0 til 4,0) og\/eller \u00f8ke kravet til antall anmeldelser (f.eks. fra minst 1 anmeldelse til minst 10).<\/p>\n<p>Merk at vi kun har brukt data fra Google Maps og ikke andre tredjeparts nettsteder.<\/p>\n<p>Flere byer:<\/p>\n<p><a href=\"https:\/\/moverdb.com\/nb\/speditor\/freight-forwarding-uk\/sheffield-freight-forwarder\/\">Spedit\u00f8r i Sheffield<\/a><br \/><a href=\"https:\/\/moverdb.com\/nb\/speditor\/freight-forwarding-uk\/dover-freight-forwarder\/\">Dover Spedit\u00f8r<\/a><br \/><a href=\"https:\/\/moverdb.com\/nb\/speditor\/freight-forwarding-uk\/ashford-freight-forwarder\/\">Ashford Spedit\u00f8r<\/a><br \/><a href=\"https:\/\/moverdb.com\/nb\/speditor\/freight-forwarding-uk\/egham-freight-forwarder\/\">Egham Spedit\u00f8r<\/a><br \/><a href=\"https:\/\/moverdb.com\/nb\/speditor\/freight-forwarding-uk\/leeds-freight-forwarder\/\">Spedit\u00f8r i Leeds<\/a><\/p>","protected":false},"excerpt":{"rendered":"<p>Below we look at the 14 &#8220;best&#8221; Freight Forwarding companies in Bristol out of 27. To learn more about how we chose the best please consult our FAQ section at the end. Please not the following listings are in no particular order and we are not making any recommendations for any particular company. FORWARDER magazine [&hellip;]<\/p>\n","protected":false},"author":1,"featured_media":0,"parent":13427,"menu_order":0,"comment_status":"open","ping_status":"open","template":"","meta":{"_genesis_hide_title":false,"_genesis_hide_breadcrumbs":false,"_genesis_hide_singular_image":false,"_genesis_hide_footer_widgets":false,"_genesis_custom_body_class":"","_genesis_custom_post_class":"","_genesis_layout":"","footnotes":""},"class_list":{"0":"post-13628","1":"page","2":"type-page","3":"status-publish","5":"entry"},"_links":{"self":[{"href":"https:\/\/moverdb.com\/nb\/wp-json\/wp\/v2\/pages\/13628","targetHints":{"allow":["GET"]}}],"collection":[{"href":"https:\/\/moverdb.com\/nb\/wp-json\/wp\/v2\/pages"}],"about":[{"href":"https:\/\/moverdb.com\/nb\/wp-json\/wp\/v2\/types\/page"}],"author":[{"embeddable":true,"href":"https:\/\/moverdb.com\/nb\/wp-json\/wp\/v2\/users\/1"}],"replies":[{"embeddable":true,"href":"https:\/\/moverdb.com\/nb\/wp-json\/wp\/v2\/comments?post=13628"}],"version-history":[{"count":1,"href":"https:\/\/moverdb.com\/nb\/wp-json\/wp\/v2\/pages\/13628\/revisions"}],"predecessor-version":[{"id":15688,"href":"https:\/\/moverdb.com\/nb\/wp-json\/wp\/v2\/pages\/13628\/revisions\/15688"}],"up":[{"embeddable":true,"href":"https:\/\/moverdb.com\/nb\/wp-json\/wp\/v2\/pages\/13427"}],"wp:attachment":[{"href":"https:\/\/moverdb.com\/nb\/wp-json\/wp\/v2\/media?parent=13628"}],"curies":[{"name":"wp","href":"https:\/\/api.w.org\/{rel}","templated":true}]}}