{"id":13614,"date":"2023-11-08T15:51:25","date_gmt":"2023-11-08T15:51:25","guid":{"rendered":"https:\/\/moverdb.com\/freight-forwarder\/freight-forwarding-uk\/hounslow-freight-forwarder\/"},"modified":"2026-01-08T14:55:37","modified_gmt":"2026-01-08T14:55:37","slug":"hounslow-freight-forwarder","status":"publish","type":"page","link":"https:\/\/moverdb.com\/nb\/freight-forwarder\/freight-forwarding-uk\/hounslow-freight-forwarder\/","title":{"rendered":"De 15 beste spedisjonsselskapene i Hounslow (2024)"},"content":{"rendered":"<p>Nedenfor ser vi p\u00e5 de 15 <em>\"best\"<\/em> Spedisjonsfirmaer i Hounslow av 51.<\/p>\n<p>Hvis du vil vite mer om hvordan vi har valgt ut de beste, kan du lese mer i FAQ-delen til slutt.<\/p>\n<p><em>V\u00e6r oppmerksom p\u00e5 at listene nedenfor ikke kommer i noen bestemt rekkef\u00f8lge, og at vi ikke anbefaler noen bestemte selskaper.<\/em><\/p>\n<div id=\"ez-toc-container\" class=\"ez-toc-v2_0_82_2 ez-toc-wrap-left counter-hierarchy ez-toc-counter ez-toc-transparent ez-toc-container-direction\">\n<div class=\"ez-toc-title-container\">\n<p class=\"ez-toc-title\" style=\"cursor:inherit\">Seksjoner<\/p>\n<span class=\"ez-toc-title-toggle\"><a href=\"#\" class=\"ez-toc-pull-right ez-toc-btn ez-toc-btn-xs ez-toc-btn-default ez-toc-toggle\" aria-label=\"Bytt innholdsfortegnelse\"><span class=\"ez-toc-js-icon-con\"><span class=\"\"><span class=\"eztoc-hide\" style=\"display:none;\">Toggle<\/span><span class=\"ez-toc-icon-toggle-span\"><svg style=\"fill: #999;color:#999\" xmlns=\"http:\/\/www.w3.org\/2000\/svg\" class=\"list-377408\" width=\"20px\" height=\"20px\" viewbox=\"0 0 24 24\" fill=\"none\"><path d=\"M6 6H4v2h2V6zm14 0H8v2h12V6zM4 11h2v2H4v-2zm16 0H8v2h12v-2zM4 16h2v2H4v-2zm16 0H8v2h12v-2z\" fill=\"currentColor\"><\/path><\/svg><svg style=\"fill: #999;color:#999\" class=\"arrow-unsorted-368013\" xmlns=\"http:\/\/www.w3.org\/2000\/svg\" width=\"10px\" height=\"10px\" viewbox=\"0 0 24 24\" version=\"1.2\" baseprofile=\"tiny\"><path d=\"M18.2 9.3l-6.2-6.3-6.2 6.3c-.2.2-.3.4-.3.7s.1.5.3.7c.2.2.4.3.7.3h11c.3 0 .5-.1.7-.3.2-.2.3-.5.3-.7s-.1-.5-.3-.7zM5.8 14.7l6.2 6.3 6.2-6.3c.2-.2.3-.5.3-.7s-.1-.5-.3-.7c-.2-.2-.4-.3-.7-.3h-11c-.3 0-.5.1-.7.3-.2.2-.3.5-.3.7s.1.5.3.7z\"\/><\/svg><\/span><\/span><\/span><\/a><\/span><\/div>\n<nav><ul class='ez-toc-list ez-toc-list-level-1 eztoc-toggle-hide-by-default' ><li class='ez-toc-page-1 ez-toc-heading-level-2'><a class=\"ez-toc-link ez-toc-heading-1\" href=\"https:\/\/moverdb.com\/nb\/freight-forwarder\/freight-forwarding-uk\/hounslow-freight-forwarder\/#Globe_Air_Cargo\" >Globe Air Cargo<\/a><\/li><li class='ez-toc-page-1 ez-toc-heading-level-2'><a class=\"ez-toc-link ez-toc-heading-2\" href=\"https:\/\/moverdb.com\/nb\/freight-forwarder\/freight-forwarding-uk\/hounslow-freight-forwarder\/#Expressway_Handling_Ltd\" >Expressway Handling Ltd<\/a><\/li><li class='ez-toc-page-1 ez-toc-heading-level-2'><a class=\"ez-toc-link ez-toc-heading-3\" href=\"https:\/\/moverdb.com\/nb\/freight-forwarder\/freight-forwarding-uk\/hounslow-freight-forwarder\/#Freight-link_Heathrow_Ltd\" >Freight-link Heathrow Ltd<\/a><\/li><li class='ez-toc-page-1 ez-toc-heading-level-2'><a class=\"ez-toc-link ez-toc-heading-4\" href=\"https:\/\/moverdb.com\/nb\/freight-forwarder\/freight-forwarding-uk\/hounslow-freight-forwarder\/#Air_Marine_Ltd\" >Air Marine Ltd<\/a><\/li><li class='ez-toc-page-1 ez-toc-heading-level-2'><a class=\"ez-toc-link ez-toc-heading-5\" href=\"https:\/\/moverdb.com\/nb\/freight-forwarder\/freight-forwarding-uk\/hounslow-freight-forwarder\/#American_Airlines_Cargo\" >American Airlines Cargo<\/a><\/li><li class='ez-toc-page-1 ez-toc-heading-level-2'><a class=\"ez-toc-link ez-toc-heading-6\" href=\"https:\/\/moverdb.com\/nb\/freight-forwarder\/freight-forwarding-uk\/hounslow-freight-forwarder\/#Airport_Perishable_Handling_Ltd\" >Airport Perishable Handling Ltd<\/a><\/li><li class='ez-toc-page-1 ez-toc-heading-level-2'><a class=\"ez-toc-link ez-toc-heading-7\" href=\"https:\/\/moverdb.com\/nb\/freight-forwarder\/freight-forwarding-uk\/hounslow-freight-forwarder\/#E_S_F_Freight_Ltd\" >E S F Freight Ltd<\/a><\/li><li class='ez-toc-page-1 ez-toc-heading-level-2'><a class=\"ez-toc-link ez-toc-heading-8\" href=\"https:\/\/moverdb.com\/nb\/freight-forwarder\/freight-forwarding-uk\/hounslow-freight-forwarder\/#Rohlig_UK_Ltd\" >Rohlig UK Ltd<\/a><\/li><li class='ez-toc-page-1 ez-toc-heading-level-2'><a class=\"ez-toc-link ez-toc-heading-9\" href=\"https:\/\/moverdb.com\/nb\/freight-forwarder\/freight-forwarding-uk\/hounslow-freight-forwarder\/#Apxcel_Freight_Services_Ltd\" >Apxcel Freight Services Ltd<\/a><\/li><li class='ez-toc-page-1 ez-toc-heading-level-2'><a class=\"ez-toc-link ez-toc-heading-10\" href=\"https:\/\/moverdb.com\/nb\/freight-forwarder\/freight-forwarding-uk\/hounslow-freight-forwarder\/#Morrison_Express_Corporation_UK_Ltd\" >Morrison Express Corporation UK Ltd<\/a><\/li><li class='ez-toc-page-1 ez-toc-heading-level-2'><a class=\"ez-toc-link ez-toc-heading-11\" href=\"https:\/\/moverdb.com\/nb\/freight-forwarder\/freight-forwarding-uk\/hounslow-freight-forwarder\/#Yamato_Transport_Europe_B_V\" >Yamato Transport Europe B V<\/a><\/li><li class='ez-toc-page-1 ez-toc-heading-level-2'><a class=\"ez-toc-link ez-toc-heading-12\" href=\"https:\/\/moverdb.com\/nb\/freight-forwarder\/freight-forwarding-uk\/hounslow-freight-forwarder\/#ASM_Freight_Services_UK_Customs_Clearance_Agent\" >ASM Freight Services, fortollingsagent i Storbritannia<\/a><\/li><li class='ez-toc-page-1 ez-toc-heading-level-2'><a class=\"ez-toc-link ez-toc-heading-13\" href=\"https:\/\/moverdb.com\/nb\/freight-forwarder\/freight-forwarding-uk\/hounslow-freight-forwarder\/#GR_FREIGHT_SERVICES_UK_CUSTOM_CLEARANCE_AGENT\" >GR FREIGHT SERVICES UK TOLLKLARERINGSAGENT<\/a><\/li><li class='ez-toc-page-1 ez-toc-heading-level-2'><a class=\"ez-toc-link ez-toc-heading-14\" href=\"https:\/\/moverdb.com\/nb\/freight-forwarder\/freight-forwarding-uk\/hounslow-freight-forwarder\/#Ligentia\" >Ligentia<\/a><\/li><li class='ez-toc-page-1 ez-toc-heading-level-2'><a class=\"ez-toc-link ez-toc-heading-15\" href=\"https:\/\/moverdb.com\/nb\/freight-forwarder\/freight-forwarding-uk\/hounslow-freight-forwarder\/#Global_Freight_Systems\" >Global Freight Systems<\/a><\/li><li class='ez-toc-page-1 ez-toc-heading-level-2'><a class=\"ez-toc-link ez-toc-heading-16\" href=\"https:\/\/moverdb.com\/nb\/freight-forwarder\/freight-forwarding-uk\/hounslow-freight-forwarder\/#How_we_picked_the_best_Hounslow_Freight_Forwarding_Companies\" >Hvordan vi har valgt ut de beste spedisjonsselskapene i Hounslow<\/a><\/li><\/ul><\/nav><\/div>\n<h2><span class=\"ez-toc-section\" id=\"Globe_Air_Cargo\"><\/span>Globe Air Cargo<span class=\"ez-toc-section-end\"><\/span><\/h2>\n<p><img decoding=\"async\" src=\"https:\/\/moverdb.com\/wp-content\/uploads\/AF1QipNNdu4AMbqsTW2QB8ny0p7xePBSqz2mYQwupFnqw426-h240-k-no.jpg\" alt='Globe Air Cargo' class=\"aligncenter\"><\/p>\n<p><strong>Beskrivelse fra virksomheten: <\/strong>Ingen oppgitt<\/p>\n<p><strong>Tilleggstjenester:<\/strong><\/p>\n<p>Ingen oppf\u00f8rt<\/p>\n<p><strong>Adresse:<\/strong> 550 Shoreham Rd E, Hounslow TW6 3UA<\/p>\n<p><a href=\"https:\/\/ecsgroup.aero\/\" target=\"_new\" rel=\"noopener\">Globe Air Cargos nettsted<\/a><\/p>\n<p><strong>Vurderingspoeng: <\/strong>4<br \/> <strong>Antall anmeldelser:<\/strong> 4<br \/><a href=\"https:\/\/www.google.co.uk\/maps?cid=18184129094433607559&#038;hl=en&#038;gl=GB\" target=\"_new\" rel=\"noopener\">Les anmeldelser<\/a><\/p>\n<h2><span class=\"ez-toc-section\" id=\"Expressway_Handling_Ltd\"><\/span>Expressway Handling Ltd<span class=\"ez-toc-section-end\"><\/span><\/h2>\n<p><img decoding=\"async\" src=\"https:\/\/moverdb.com\/wp-content\/uploads\/AF1QipPpoxWmh-py9KzNsR0O0sEOLKbBVqW6dQNW82Yqw408-h306-k-no.jpg\" alt=\"Expressway Handling Ltd\" class=\"aligncenter\"><\/p>\n<p><strong>Beskrivelse fra virksomheten: <\/strong>Expressway Handling er et privateid selskap med base p\u00e5 Heathrow lufthavn.<\/p>\n<p> Vi er stolte av servicen v\u00e5r, noe vi oppn\u00e5r ved hjelp av en blanding av stadig utviklende jeg.<\/p>\n<p>T.<\/p>\n<p> systemer og gode, gammeldagse kunderelasjoner.<\/p>\n<p>Fra v\u00e5re kontorer i Heathrow tilbyr vi f\u00f8lgende tjenester <a href=\"https:\/\/moverdb.com\/nb\/moving-to-the-uk\/\" data-internallinksmanager029f6b8e52c=\"93\" title=\"Flytte til Storbritannia? 2023 Levekostnader og flyttetips\">STORBRITANNIA<\/a> og europeiske distribusjonstjenester i tillegg til godsh\u00e5ndtering og screening av flyfrakt.<\/p>\n<p>Vi er klar over at tid er sv\u00e6rt verdifullt for kundene v\u00e5re i logistikkbransjen, s\u00e5 vi \u00f8nsker \u00e5 tilby en \"One Stop Shop\"-tiln\u00e6rming.<\/p>\n<p> Enten det er gjennom v\u00e5r allsidige bilpark som dekker Storbritannia og Europa, eller gjennom v\u00e5rt eget lageranlegg som er godkjent av Civil Aviation Authority, med full kontroll av flyfrakt p\u00e5 stedet.<\/p>\n<p>.<\/p>\n<p>.<\/p>\n<p>.<\/p>\n<p>.<\/p>\n<p>.<\/p>\n<p>.<\/p>\n<p> vi kan hjelpe.<\/p>\n<p><strong>Tilleggstjenester:<\/strong><\/p>\n<p>Leveringsselskap<\/p>\n<p><strong>Adresse:<\/strong> Enhet 5 Central Park Estate, Staines Rd TW4 5DJ<\/p>\n<p><a href=\"http:\/\/expresswayhandling.co.uk\/\" target=\"_new\" rel=\"noopener\">Expressway Handling Ltd nettsted<\/a><\/p>\n<p><strong>Vurderingspoeng: <\/strong>4.2<br \/> <strong>Antall anmeldelser:<\/strong> 14<br \/><a href=\"https:\/\/www.google.co.uk\/maps?cid=14018976019360760688&#038;hl=en&#038;gl=GB\" target=\"_new\" rel=\"noopener\">Les anmeldelser<\/a><\/p>\n<h2><span class=\"ez-toc-section\" id=\"Freight-link_Heathrow_Ltd\"><\/span>Freight-link Heathrow Ltd<span class=\"ez-toc-section-end\"><\/span><\/h2>\n<p><img decoding=\"async\" src=\"https:\/\/moverdb.com\/wp-content\/uploads\/thumbnailpanoidG5H1AQFtvGKCDGCb9jcOJAcb_clientsearch.gws-prod.gpsw408h240yaw328.jpg\" alt='Freight-link Heathrow Ltd' class=\"aligncenter\"><\/p>\n<p><strong>Beskrivelse fra virksomheten: <\/strong>Ingen oppgitt<\/p>\n<p><strong>Tilleggstjenester:<\/strong><\/p>\n<p>Ingen oppf\u00f8rt<\/p>\n<p><strong>Adresse:<\/strong> \u00d8vre niv\u00e5 X2, Eastern Perimeter Road, Hounslow TW6 2GE<\/p>\n<p><a href=\"http:\/\/www.freight-linkheathrow.net\/\" target=\"_new\" rel=\"noopener\">Freight-link Heathrow Ltd nettsted<\/a><\/p>\n<p><strong>Vurderingspoeng: <\/strong>4<br \/> <strong>Antall anmeldelser:<\/strong> 4<br \/><a href=\"https:\/\/www.google.co.uk\/maps?cid=11902433720063367172&#038;hl=en&#038;gl=GB\" target=\"_new\" rel=\"noopener\">Les anmeldelser<\/a><\/p>\n<h2><span class=\"ez-toc-section\" id=\"Air_Marine_Ltd\"><\/span>Air Marine Ltd<span class=\"ez-toc-section-end\"><\/span><\/h2>\n<p><img decoding=\"async\" src=\"\" alt=\"Air Marine Ltd\" class=\"aligncenter\"><\/p>\n<p><strong>Beskrivelse fra virksomheten: <\/strong>Ingen oppgitt<\/p>\n<p><strong>Tilleggstjenester:<\/strong><\/p>\n<p>Ingen oppf\u00f8rt<\/p>\n<p><strong>Adresse:<\/strong> Bygning\/202 Elgin Cres, Hounslow TW6 2RX<\/p>\n<p><a href=\"http:\/\/www.airmarine.co.uk\/\" target=\"_new\" rel=\"noopener\">Air Marine Ltd nettsted<\/a><\/p>\n<p><strong>Vurderingspoeng: <\/strong>4.8<br \/> <strong>Antall anmeldelser:<\/strong> 5<br \/><a href=\"https:\/\/www.google.co.uk\/maps?cid=10321598327856490311&#038;hl=en&#038;gl=GB\" target=\"_new\" rel=\"noopener\">Les anmeldelser<\/a><\/p>\n<h2><span class=\"ez-toc-section\" id=\"American_Airlines_Cargo\"><\/span>American Airlines Cargo<span class=\"ez-toc-section-end\"><\/span><\/h2>\n<p><img decoding=\"async\" src=\"https:\/\/moverdb.com\/wp-content\/uploads\/AF1QipNVK7JRlQZo6S851rSq1f3zzXlbYKpS0_Aoh44jw408-h272-k-no.jpg\" alt='American Airlines Cargo' class=\"aligncenter\"><\/p>\n<p><strong>Beskrivelse fra virksomheten: <\/strong>Ingen oppgitt<\/p>\n<p><strong>Tilleggstjenester:<\/strong><\/p>\n<p>Ingen oppf\u00f8rt<\/p>\n<p><strong>Adresse:<\/strong> 552 Shoreham Rd E, Hounslow TW6 3NH<\/p>\n<p><a href=\"https:\/\/www.aacargo.com\/index.html\" target=\"_new\" rel=\"noopener\">American Airlines Cargo-nettsted<\/a><\/p>\n<p><strong>Vurderingspoeng: <\/strong>4<br \/> <strong>Antall anmeldelser:<\/strong> 58<br \/><a href=\"https:\/\/www.google.co.uk\/maps?cid=8823833653476083562&#038;hl=en&#038;gl=GB\" target=\"_new\" rel=\"noopener\">Les anmeldelser<\/a><\/p>\n<h2><span class=\"ez-toc-section\" id=\"Airport_Perishable_Handling_Ltd\"><\/span>Airport Perishable Handling Ltd<span class=\"ez-toc-section-end\"><\/span><\/h2>\n<p><img decoding=\"async\" src=\"\" alt=\"Airport Perishable Handling Ltd\" class=\"aligncenter\"><\/p>\n<p><strong>Beskrivelse fra virksomheten: <\/strong>Ingen oppgitt<\/p>\n<p><strong>Tilleggstjenester:<\/strong><\/p>\n<p>Ingen oppf\u00f8rt<\/p>\n<p><strong>Adresse:<\/strong> 588 Sandringham Rd, Hounslow TW6 3SF<\/p>\n<p><a href=\"https:\/\/www.airportperishablehandling.com\/pages\/contact-us\" target=\"_new\" rel=\"noopener\">Airport Perishable Handling Ltd nettsted<\/a><\/p>\n<p><strong>Vurderingspoeng: <\/strong>5<br \/> <strong>Antall anmeldelser:<\/strong> 2<br \/><a href=\"https:\/\/www.google.co.uk\/maps?cid=1137786957161513222&#038;hl=en&#038;gl=GB\" target=\"_new\" rel=\"noopener\">Les anmeldelser<\/a><\/p>\n<h2><span class=\"ez-toc-section\" id=\"E_S_F_Freight_Ltd\"><\/span>E S F Freight Ltd<span class=\"ez-toc-section-end\"><\/span><\/h2>\n<p><img decoding=\"async\" src=\"https:\/\/moverdb.com\/wp-content\/uploads\/thumbnailpanoidBmgANQm8T3qvsz1nPiduMAcb_clientsearch.gws-prod.gpsw408h240yaw266.jpg\" alt='E S F Freight Ltd' class=\"aligncenter\"><\/p>\n<p><strong>Beskrivelse fra virksomheten: <\/strong>Ingen oppgitt<\/p>\n<p><strong>Tilleggstjenester:<\/strong><\/p>\n<p>Ingen oppf\u00f8rt<\/p>\n<p><strong>Adresse:<\/strong> 50 Salisbury Rd, Hounslow TW4 6JQ<\/p>\n<p><a href=\"http:\/\/esffreight.co.uk\/\" target=\"_new\" rel=\"noopener\">E S F Freight Ltd nettsted<\/a><\/p>\n<p><strong>Vurderingspoeng: <\/strong>5<br \/> <strong>Antall anmeldelser:<\/strong> 1<br \/><a href=\"https:\/\/www.google.co.uk\/maps?cid=8565816224196322685&#038;hl=en&#038;gl=GB\" target=\"_new\" rel=\"noopener\">Les anmeldelser<\/a><\/p>\n<h2><span class=\"ez-toc-section\" id=\"Rohlig_UK_Ltd\"><\/span>Rohlig UK Ltd<span class=\"ez-toc-section-end\"><\/span><\/h2>\n<p><img decoding=\"async\" src=\"https:\/\/moverdb.com\/wp-content\/uploads\/AF1QipNVvr88LWiuTG2fiHevQnNRtaOAZoNeSFo4yLxYw460-h240-k-no.png\" alt='Rohlig UK Ltd' class=\"aligncenter\"><\/p>\n<p><strong>Beskrivelse fra virksomheten: <\/strong>Ingen oppgitt<\/p>\n<p><strong>Tilleggstjenester:<\/strong><\/p>\n<p>Ingen oppf\u00f8rt<\/p>\n<p><strong>Adresse:<\/strong> World Business Centre, Newall Rd, Hounslow TW6 2TA<\/p>\n<p><a href=\"http:\/\/www.rohlig.com\/\" target=\"_new\" rel=\"noopener\">Rohlig UK Ltd nettsted<\/a><\/p>\n<p><strong>Vurderingspoeng: <\/strong>5<br \/> <strong>Antall anmeldelser:<\/strong> 1<br \/><a href=\"https:\/\/www.google.co.uk\/maps?cid=4362682240548828503&#038;hl=en&#038;gl=GB\" target=\"_new\" rel=\"noopener\">Les anmeldelser<\/a><\/p>\n<h2><span class=\"ez-toc-section\" id=\"Apxcel_Freight_Services_Ltd\"><\/span>Apxcel Freight Services Ltd<span class=\"ez-toc-section-end\"><\/span><\/h2>\n<p><img decoding=\"async\" src=\"https:\/\/moverdb.com\/wp-content\/uploads\/thumbnailpanoidBmgANQm8T3qvsz1nPiduMAcb_clientsearch.gws-prod.gpsw408h240yaw276.jpg\" alt='Apxcel Freight Services Ltd' class=\"aligncenter\"><\/p>\n<p><strong>Beskrivelse fra virksomheten: <\/strong>Tollmegler, sj\u00f8frakt, flyfrakt, spedisjonstjenester, import- og eksportr\u00e5dgivning<\/p>\n<p><strong>Tilleggstjenester:<\/strong><\/p>\n<p>Tollmegler<\/p>\n<p>Tollkonsulent<\/p>\n<p><strong>Adresse:<\/strong> Suite 12a, 3. etasje, Vista Centre, 50 Salisbury Rd, Hounslow TW4 6JQ<\/p>\n<p><a href=\"http:\/\/www.apxcel.com\/\" target=\"_new\" rel=\"noopener\">Apxcel Freight Services Ltd nettsted<\/a><\/p>\n<p><strong>Vurderingspoeng: <\/strong>5<br \/> <strong>Antall anmeldelser:<\/strong> 3<br \/><a href=\"https:\/\/www.google.co.uk\/maps?cid=5505076040473385360&#038;hl=en&#038;gl=GB\" target=\"_new\" rel=\"noopener\">Les anmeldelser<\/a><\/p>\n<h2><span class=\"ez-toc-section\" id=\"Morrison_Express_Corporation_UK_Ltd\"><\/span>Morrison Express Corporation UK Ltd<span class=\"ez-toc-section-end\"><\/span><\/h2>\n<p><img decoding=\"async\" src=\"https:\/\/moverdb.com\/wp-content\/uploads\/thumbnailpanoidtVxhUDEsv8IcgsjA5horeQcb_clientsearch.gws-prod.gpsw408h240yaw299.jpg\" alt='Morrison Express Corporation UK Ltd' class=\"aligncenter\"><\/p>\n<p><strong>Beskrivelse fra virksomheten: <\/strong>Morrison Express Corporation \u00e5pnet d\u00f8rene i 1972.<\/p>\n<p> Oppkalt etter Taiwans h\u00f8yeste fjell, Morrison Peak i Jadefjellkjeden.<\/p>\n<p> Da vi startet opp, hadde vi en sterk vilje og h\u00f8ye m\u00e5l.<\/p>\n<p> Rett og slett for \u00e5 leve opp til navnet v\u00e5rt.<\/p>\n<p> \u00c5 strebe etter \u00e5 n\u00e5 toppen, den h\u00f8yeste toppen av den globale transport- og logistikkbransjen.<\/p>\n<p><strong>Tilleggstjenester:<\/strong><\/p>\n<p>Ingen oppf\u00f8rt<\/p>\n<p><strong>Adresse:<\/strong> Enhet 6, X2 Building, Eastern Perimeter Rd, Hatton, Hounslow UB7 0EX<\/p>\n<p><a href=\"http:\/\/www.morrisonexpress.com\/index.php\" target=\"_new\" rel=\"noopener\">Morrison Express Corporation UK Ltd nettsted<\/a><\/p>\n<p><strong>Vurderingspoeng: <\/strong>5<br \/> <strong>Antall anmeldelser:<\/strong> 1<br \/><a href=\"https:\/\/www.google.co.uk\/maps?cid=13042134536585827117&#038;hl=en&#038;gl=GB\" target=\"_new\" rel=\"noopener\">Les anmeldelser<\/a><\/p>\n<h2><span class=\"ez-toc-section\" id=\"Yamato_Transport_Europe_B_V\"><\/span>Yamato Transport Europe B V<span class=\"ez-toc-section-end\"><\/span><\/h2>\n<p><img decoding=\"async\" src=\"\" alt=\"Yamato Transport Europe B V\" class=\"aligncenter\"><\/p>\n<p><strong>Beskrivelse fra virksomheten: <\/strong>Ingen oppgitt<\/p>\n<p><strong>Tilleggstjenester:<\/strong><\/p>\n<p>Ingen oppf\u00f8rt<\/p>\n<p><strong>Adresse:<\/strong> Enhet 2, Heathrow International Trading Estate, Green Ln, Hounslow TW4 6HB<\/p>\n<p><a href=\"https:\/\/www.yamatoeurope.com\/\" target=\"_new\" rel=\"noopener\">Yamato Transport Europe B V nettsted<\/a><\/p>\n<p><strong>Vurderingspoeng: <\/strong>5<br \/> <strong>Antall anmeldelser:<\/strong> 5<br \/><a href=\"https:\/\/www.google.co.uk\/maps?cid=13699711474701205415&#038;hl=en&#038;gl=GB\" target=\"_new\" rel=\"noopener\">Les anmeldelser<\/a><\/p>\n<h2><span class=\"ez-toc-section\" id=\"ASM_Freight_Services_UK_Customs_Clearance_Agent\"><\/span>ASM Freight Services, fortollingsagent i Storbritannia<span class=\"ez-toc-section-end\"><\/span><\/h2>\n<p><img decoding=\"async\" src=\"https:\/\/moverdb.com\/wp-content\/uploads\/AF1QipMBZnPnADmo57P5gYeXtHl6Xt9qeww3cAmGNgS4w408-h306-k-no.png\" alt='ASM Freight Services, fortollingsagent i Storbritannia' class=\"aligncenter\"><\/p>\n<p><strong>Beskrivelse fra virksomheten: <\/strong>ASM har vokst til \u00e5 bli en ledende leverand\u00f8r av globale forsyningskjede- og logistikkl\u00f8sninger innen luft- og sj\u00f8transport, lagerhold og tilknyttede bransjel\u00f8sninger.<\/p>\n<p> Vi tilbyr fortolling i Heathrow, import i Heathrow, sj\u00f8frakt i Heathrow, flyfrakt i Heathrow, containerklarering i Heathrow og logistikkl\u00f8sninger.<\/p>\n<p> V\u00e5r kontinuerlige vekst i dette fartsfylte milj\u00f8et er et bevis p\u00e5 at vi fra dag \u00e9n har forpliktet oss til \u00e5 tilby et unikt, kvalitetsmessig og boutique-lignende serviceniv\u00e5, samtidig som vi alltid fortsetter \u00e5 utfordre normene for konvensjonelle logistikkleverand\u00f8rer.<\/p>\n<p><strong>Tilleggstjenester:<\/strong><\/p>\n<p>Tollmegler<\/p>\n<p>Tollager<\/p>\n<p>Import- og eksportselskap<\/p>\n<p>Logistikk<\/p>\n<p>Leveringsselskap<\/p>\n<p><strong>Adresse:<\/strong> Heathrow lufthavn, Jolyon House, Amberley Way, Hounslow TW4 6BH<\/p>\n<p><a href=\"https:\/\/asmfreight.co.uk\/\" target=\"_new\" rel=\"noopener\">Nettstedet til ASM Freight Services UK Customs Clearance Agent<\/a><\/p>\n<p><strong>Vurderingspoeng: <\/strong>5<br \/> <strong>Antall anmeldelser:<\/strong> 67<br \/><a href=\"https:\/\/www.google.co.uk\/maps?cid=10709402844354100596&#038;hl=en&#038;gl=GB\" target=\"_new\" rel=\"noopener\">Les anmeldelser<\/a><\/p>\n<h2><span class=\"ez-toc-section\" id=\"GR_FREIGHT_SERVICES_UK_CUSTOM_CLEARANCE_AGENT\"><\/span>GR FREIGHT SERVICES UK TOLLKLARERINGSAGENT<span class=\"ez-toc-section-end\"><\/span><\/h2>\n<p><img decoding=\"async\" src=\"https:\/\/moverdb.com\/wp-content\/uploads\/AF1QipO359fre5KsBdit3U_HXEbB4w7zihF8p6CDOFTBw408-h289-k-no.jpg\" alt='GR FREIGHT SERVICES UK TOLLKLARERINGSAGENT' class=\"aligncenter\"><\/p>\n<p><strong>Beskrivelse fra virksomheten: <\/strong>GR Freight Services tilbyr de beste tjenestene til sv\u00e6rt rimelige priser.<\/p>\n<p> Vi er et uavhengig britiskbasert frakt- og fortollingsselskap for eksport\/import.<\/p>\n<p><strong>Tilleggstjenester:<\/strong><\/p>\n<p>Ingen oppf\u00f8rt<\/p>\n<p><strong>Adresse:<\/strong> VISTA CENTRE, 50 Salisbury Rd, Hounslow TW4 6JQ<\/p>\n<p><a href=\"https:\/\/grfreightservices.com\/\" target=\"_new\" rel=\"noopener\">GR FREIGHT SERVICES UK CUSTOM CLEARANCE AGENT nettside<\/a><\/p>\n<p><strong>Vurderingspoeng: <\/strong>4.9<br \/> <strong>Antall anmeldelser:<\/strong> 103<br \/><a href=\"https:\/\/www.google.co.uk\/maps?cid=4914496501845168104&#038;hl=en&#038;gl=GB\" target=\"_new\" rel=\"noopener\">Les anmeldelser<\/a><\/p>\n<h2><span class=\"ez-toc-section\" id=\"Ligentia\"><\/span>Ligentia<span class=\"ez-toc-section-end\"><\/span><\/h2>\n<p><img decoding=\"async\" src=\"https:\/\/moverdb.com\/wp-content\/uploads\/AF1QipMp-rdB8OLG27ZYzeaSre2H-uCmWQ9hC38qc5L2w408-h725-k-no.jpg\" alt='Ligentia' class=\"aligncenter\"><\/p>\n<p><strong>Beskrivelse fra virksomheten: <\/strong>Ingen oppgitt<\/p>\n<p><strong>Tilleggstjenester:<\/strong><\/p>\n<p>Logistikk<\/p>\n<p><strong>Adresse:<\/strong> Enhet C Parkway West, Cranford Ln, Heston TW5 9QA<\/p>\n<p><a href=\"http:\/\/www.ligentia.com\/\" target=\"_new\" rel=\"noopener\">Ligentias nettsted<\/a><\/p>\n<p><strong>Vurderingspoeng: <\/strong>4.8<br \/> <strong>Antall anmeldelser:<\/strong> 9<br \/><a href=\"https:\/\/www.google.co.uk\/maps?cid=8622497080151257850&#038;hl=en&#038;gl=GB\" target=\"_new\" rel=\"noopener\">Les anmeldelser<\/a><\/p>\n<h2><span class=\"ez-toc-section\" id=\"Global_Freight_Systems\"><\/span>Global Freight Systems<span class=\"ez-toc-section-end\"><\/span><\/h2>\n<p><img decoding=\"async\" src=\"\" alt=\"Global Freight Systems\" class=\"aligncenter\"><\/p>\n<p><strong>Beskrivelse fra virksomheten: <\/strong>Ingen oppgitt<\/p>\n<p><strong>Tilleggstjenester:<\/strong><\/p>\n<p>Ingen oppf\u00f8rt<\/p>\n<p><strong>Adresse:<\/strong> Heathrow lufthavn, Unit 5, X2 Building, Eastern Perimeter Rd, Hatton TW6 2GE<\/p>\n<p><a href=\"http:\/\/globalfreightsystems.co.uk\/\" target=\"_new\" rel=\"noopener\">Global Freight Systems nettsted<\/a><\/p>\n<p><strong>Vurderingspoeng: <\/strong>5<br \/> <strong>Antall anmeldelser:<\/strong> 1<br \/><a href=\"https:\/\/www.google.co.uk\/maps?cid=14963894912548206567&#038;hl=en&#038;gl=GB\" target=\"_new\" rel=\"noopener\">Les anmeldelser<\/a><\/p>\n<h2><span class=\"ez-toc-section\" id=\"How_we_picked_the_best_Hounslow_Freight_Forwarding_Companies\"><\/span>Hvordan vi har valgt ut de beste spedisjonsselskapene i Hounslow<span class=\"ez-toc-section-end\"><\/span><\/h2>\n<p>Vi tok utgangspunkt i et datasett med 51 spedisjonsselskaper i Hounslow som vi fant via Google Maps, og begrenset det til de 15 beste.<\/p>\n<p>For \u00e5 gj\u00f8re dette fjernet vi alle selskaper som:<\/p>\n<ul>\n<li> Hadde ikke noe nettsted<\/li>\n<li> Hadde ingen anmeldelser<\/li>\n<li> Hadde en gjennomsnittlig vurderingsscore p\u00e5 under 2,0<\/li>\n<\/ul>\n<p>Hvis vi p\u00e5 dette tidspunktet hadde 17 eller f\u00e6rre spedit\u00f8rer, listet vi opp alle.<\/p>\n<p>For byer der vi satt igjen med mer enn 17 spedit\u00f8rer, gjorde vi ytterligere endringer ved enten \u00e5 \u00f8ke kravet til poengsum (f.eks. fra minimum 2,0 til 4,0) og\/eller \u00f8ke kravet til antall anmeldelser (f.eks. fra minst 1 anmeldelse til minst 10).<\/p>\n<p>Merk at vi kun har brukt data fra Google Maps og ikke andre tredjeparts nettsteder.<\/p>\n<p>Flere byer:<\/p>\n<p><a href=\"https:\/\/moverdb.com\/nb\/speditor\/freight-forwarding-uk\/bristol-freight-forwarder\/\">Bristol Spedit\u00f8r<\/a><br \/><a href=\"https:\/\/moverdb.com\/nb\/speditor\/freight-forwarding-uk\/sheffield-freight-forwarder\/\">Spedit\u00f8r i Sheffield<\/a><br \/><a href=\"https:\/\/moverdb.com\/nb\/speditor\/freight-forwarding-uk\/dover-freight-forwarder\/\">Dover Spedit\u00f8r<\/a><br \/><a href=\"https:\/\/moverdb.com\/nb\/speditor\/freight-forwarding-uk\/ashford-freight-forwarder\/\">Ashford Spedit\u00f8r<\/a><br \/><a href=\"https:\/\/moverdb.com\/nb\/speditor\/freight-forwarding-uk\/egham-freight-forwarder\/\">Egham Spedit\u00f8r<\/a><\/p>","protected":false},"excerpt":{"rendered":"<p>Below we look at the 15 &#8220;best&#8221; Freight Forwarding companies in Hounslow out of 51. To learn more about how we chose the best please consult our FAQ section at the end. Please not the following listings are in no particular order and we are not making any recommendations for any particular company. Globe Air [&hellip;]<\/p>\n","protected":false},"author":1,"featured_media":0,"parent":13427,"menu_order":0,"comment_status":"open","ping_status":"open","template":"","meta":{"_genesis_hide_title":false,"_genesis_hide_breadcrumbs":false,"_genesis_hide_singular_image":false,"_genesis_hide_footer_widgets":false,"_genesis_custom_body_class":"","_genesis_custom_post_class":"","_genesis_layout":"","footnotes":""},"class_list":{"0":"post-13614","1":"page","2":"type-page","3":"status-publish","5":"entry","6":"has-post-thumbnail"},"_links":{"self":[{"href":"https:\/\/moverdb.com\/nb\/wp-json\/wp\/v2\/pages\/13614","targetHints":{"allow":["GET"]}}],"collection":[{"href":"https:\/\/moverdb.com\/nb\/wp-json\/wp\/v2\/pages"}],"about":[{"href":"https:\/\/moverdb.com\/nb\/wp-json\/wp\/v2\/types\/page"}],"author":[{"embeddable":true,"href":"https:\/\/moverdb.com\/nb\/wp-json\/wp\/v2\/users\/1"}],"replies":[{"embeddable":true,"href":"https:\/\/moverdb.com\/nb\/wp-json\/wp\/v2\/comments?post=13614"}],"version-history":[{"count":1,"href":"https:\/\/moverdb.com\/nb\/wp-json\/wp\/v2\/pages\/13614\/revisions"}],"predecessor-version":[{"id":15690,"href":"https:\/\/moverdb.com\/nb\/wp-json\/wp\/v2\/pages\/13614\/revisions\/15690"}],"up":[{"embeddable":true,"href":"https:\/\/moverdb.com\/nb\/wp-json\/wp\/v2\/pages\/13427"}],"wp:attachment":[{"href":"https:\/\/moverdb.com\/nb\/wp-json\/wp\/v2\/media?parent=13614"}],"curies":[{"name":"wp","href":"https:\/\/api.w.org\/{rel}","templated":true}]}}