{"id":11666,"date":"2023-11-29T10:31:41","date_gmt":"2023-11-29T10:31:41","guid":{"rendered":"https:\/\/moverdb.com\/?page_id=11666"},"modified":"2026-01-08T15:24:27","modified_gmt":"2026-01-08T15:24:27","slug":"moving-companies-us-tennessee","status":"publish","type":"page","link":"https:\/\/moverdb.com\/nb\/moving-companies\/moving-companies-us-tennessee\/","title":{"rendered":"De 3 beste internasjonale flyttebyr\u00e5ene i Tennessee"},"content":{"rendered":"<p>Planlegger du \u00e5 flytte? Da er det en god id\u00e9 \u00e5 engasjere en <a href=\"https:\/\/moverdb.com\/nb\/moving-companies\/\" data-internallinksmanager029f6b8e52c=\"79\" title=\"Topp 25 internasjonale flyttebyr\u00e5er p\u00e5 nettet\">flyttefirma<\/a> kan virkelig bidra til \u00e5 lette arbeidsmengden. De kan hjelpe deg med planlegging av flyttingen, transport, pakking og tollh\u00e5ndtering ved internasjonale flyttinger. Nedenfor har vi samlet en liste over <a href=\"https:\/\/moverdb.com\/nb\/moving-to-the-united-states\/moving-to-tennessee\/\" data-internallinksmanager029f6b8e52c=\"406\" title=\"Flytter du til Tennessee? 2023 Levekostnader og flyttetips\">Tennessee<\/a> basert <a href=\"https:\/\/moverdb.com\/nb\/international-removals\/\" data-internallinksmanager029f6b8e52c=\"27\" title=\"De 36 beste internasjonale flyttebyr\u00e5ene i Storbritannia\">flyttebyr\u00e5er<\/a> som er medlemmer av <a href=\"https:\/\/moverdb.com\/nb\/iam\/\" data-internallinksmanager029f6b8e52c=\"23\" title=\"International Association of Movers (IAM) Forklaret\">International Association of Movers<\/a> (IAM) og\/eller <a href=\"https:\/\/moverdb.com\/nb\/fidi-faim\/\" data-internallinksmanager029f6b8e52c=\"16\" title=\"FIDI &amp; FAIM (FIDI-akkreditert internasjonal spedit\u00f8r) forklart\">FIDI<\/a> Accredited International Mover (FAIM) som kan hjelpe deg med flyttingen.<\/p>\n<h2><strong>1. Apex Flytting og lagring<\/strong><\/h2>\n<p><img loading=\"lazy\" decoding=\"async\" class=\"alignnone size-full wp-image-11256\" src=\"https:\/\/moverdb.com\/wp-content\/uploads\/Apex-Moving-Storage-international-moving-company.png\" alt=\"Apex Moving &amp; Storage internasjonalt flyttebyr\u00e5\" width=\"1440\" height=\"680\" data-wp-pid=\"11256\" srcset=\"https:\/\/moverdb.com\/wp-content\/uploads\/Apex-Moving-Storage-international-moving-company.png 1440w, https:\/\/moverdb.com\/wp-content\/uploads\/Apex-Moving-Storage-international-moving-company-300x142.png 300w, https:\/\/moverdb.com\/wp-content\/uploads\/Apex-Moving-Storage-international-moving-company-1024x484.png 1024w, https:\/\/moverdb.com\/wp-content\/uploads\/Apex-Moving-Storage-international-moving-company-18x9.png 18w, https:\/\/moverdb.com\/wp-content\/uploads\/Apex-Moving-Storage-international-moving-company-600x283.png 600w\" sizes=\"auto, (max-width: 1440px) 100vw, 1440px\" \/><\/p>\n<ul>\n<li>Lokale og langdistanse flyttinger<\/li>\n<li>Internasjonale flyttinger<\/li>\n<li>Flytting av boliger<\/li>\n<li>Kommersielle tiltak<\/li>\n<li>Flytting av bedrifter<\/li>\n<li>Full pakkeservice<\/li>\n<li>Transportordninger<\/li>\n<li>Tollklarering<\/li>\n<li>Teknologi for sporing av lastebiler<\/li>\n<li>Lagringstjenester<\/li>\n<\/ul>\n<p>Apex Moving &amp; Storage er et flyttebyr\u00e5 som ble grunnlagt i 1972 og holder til i Antioch. De er Atlas Interstate Agent, noe som knytter dem til et internasjonalt nettverk av profesjonelle flyttebyr\u00e5er. De er medlem av IAM og har 45 \u00e5rs erfaring.<\/p>\n<p>Apex Moving &amp; Storage tar seg av b\u00e5de sm\u00e5 og store flyttinger og kan lage budsjettvennlige alternativer som passer alle behov. De tilbyr d\u00f8r-til-d\u00f8r-flytting med konsultasjon f\u00f8r flyttingen, og du f\u00e5r en personlig flyttekoordinator som hjelper deg. De tilbyr full pakketjeneste og ordner transport med fortolling ved flytting til utlandet.<\/p>\n<p>Nettsted: <a href=\"http:\/\/www.apexmoving.com\/\" target=\"_blank\" rel=\"noopener\">http:\/\/www.apexmoving.com\/<\/a><\/p>\n<h2><strong>2. Elizabeths Flytteservice<\/strong><\/h2>\n<p><img loading=\"lazy\" decoding=\"async\" class=\"alignnone size-full wp-image-11315\" src=\"https:\/\/moverdb.com\/wp-content\/uploads\/Elizabeths-Moving-Service-international-moving-company.png\" alt=\"Elizabeths Moving Service internasjonalt flyttebyr\u00e5\" width=\"1440\" height=\"675\" data-wp-pid=\"11315\" srcset=\"https:\/\/moverdb.com\/wp-content\/uploads\/Elizabeths-Moving-Service-international-moving-company.png 1440w, https:\/\/moverdb.com\/wp-content\/uploads\/Elizabeths-Moving-Service-international-moving-company-300x141.png 300w, https:\/\/moverdb.com\/wp-content\/uploads\/Elizabeths-Moving-Service-international-moving-company-1024x480.png 1024w, https:\/\/moverdb.com\/wp-content\/uploads\/Elizabeths-Moving-Service-international-moving-company-18x8.png 18w, https:\/\/moverdb.com\/wp-content\/uploads\/Elizabeths-Moving-Service-international-moving-company-600x281.png 600w\" sizes=\"auto, (max-width: 1440px) 100vw, 1440px\" \/><\/p>\n<ul>\n<li>Lokale tiltak<\/li>\n<li>Langdistanseflyttinger<\/li>\n<li>Flytting av husholdninger<\/li>\n<li>Kontor- og kommersielle flyttinger<\/li>\n<li>Tilpasset flytteplan<\/li>\n<li>Pakketjeneste<\/li>\n<li>Transportordninger<\/li>\n<li>Installasjon av apparater<\/li>\n<li>H\u00e5ndtering av kunst<\/li>\n<li>Sikre lagringsfasiliteter<\/li>\n<\/ul>\n<p>Elizabeth's Moving Service er et flytte- og lagringsselskap med base i Chattanooga. De er medlem av IAM og har seks \u00e5rs erfaring, noe som gir dem et nettverk av flytteagenter som de kan samarbeide med for \u00e5 levere tjenester utenfor sitt eget virksomhetsomr\u00e5de.<\/p>\n<p>Elizabeth's Moving Service tilbyr en befaring i hjemmet for \u00e5 gi et n\u00f8yaktig pristilbud. De tilbyr fullservice-flytting der de pakker og sender eiendelene dine for lokale, langdistanse og internasjonale flyttinger. De tilbyr pakketjenester av h\u00f8y kvalitet med oppl\u00e6rte pakkere som beskytter eiendelene dine under transport, inkludert trekasser for skj\u00f8re gjenstander og beskyttelse av hjemmet ditt under flyttingen.<\/p>\n<p>Nettsted: <a href=\"http:\/\/www.elizabethsmoving.com\" target=\"_blank\" rel=\"noopener\">http:\/\/www.elizabethsmoving.com<\/a><\/p>\n<h2><strong>3. Still Transfer Company<\/strong><\/h2>\n<p><img loading=\"lazy\" decoding=\"async\" class=\"alignnone size-full wp-image-11449\" src=\"https:\/\/moverdb.com\/wp-content\/uploads\/Still-Transfer-Company-international-moving-company.png\" alt=\"Still Transfer Company internasjonalt flyttebyr\u00e5\" width=\"1440\" height=\"677\" data-wp-pid=\"11449\" srcset=\"https:\/\/moverdb.com\/wp-content\/uploads\/Still-Transfer-Company-international-moving-company.png 1440w, https:\/\/moverdb.com\/wp-content\/uploads\/Still-Transfer-Company-international-moving-company-300x141.png 300w, https:\/\/moverdb.com\/wp-content\/uploads\/Still-Transfer-Company-international-moving-company-1024x481.png 1024w, https:\/\/moverdb.com\/wp-content\/uploads\/Still-Transfer-Company-international-moving-company-18x8.png 18w, https:\/\/moverdb.com\/wp-content\/uploads\/Still-Transfer-Company-international-moving-company-600x282.png 600w\" sizes=\"auto, (max-width: 1440px) 100vw, 1440px\" \/><\/p>\n<ul>\n<li>Lokale og langdistanse flyttinger<\/li>\n<li>Internasjonale flyttinger<\/li>\n<li>Flytting av boliger<\/li>\n<li>Handels- og kontorflyttinger<\/li>\n<li>Pakketjeneste<\/li>\n<li>Transportordninger<\/li>\n<li>Tollmegling<\/li>\n<li>Musikalske instrumentbevegelser<\/li>\n<li>Sikker lagring p\u00e5 kort og lang sikt<\/li>\n<\/ul>\n<p>Still Transfer Company er et flytte- og spedisjonsfirma som ble grunnlagt i 1928 og holder til i Kingsport. De er medlem av IAM og har 95 \u00e5rs erfaring, noe som gir dem et verdensomspennende nettverk av flyttebyr\u00e5er som de kan samarbeide med for \u00e5 levere tjenester.<\/p>\n<p>Still Transfer Company tilbyr sm\u00e5 og store flyttetjenester for lokale, langdistanse og internasjonale flyttinger for bolig, handel, kontor og industri. De tilbyr flytte- og pakketjenester for \u00e5 flytte eiendelene dine trygt til bestemmelsesstedet, og de tilbyr ogs\u00e5 tollklarering. De tilbyr ogs\u00e5 sikker oppbevaring p\u00e5 kort eller lang sikt.<\/p>\n<p>Nettsted: <a href=\"http:\/\/www.stilltransfer.net\" target=\"_blank\" rel=\"noopener\">http:\/\/www.stilltransfer.net<\/a><\/p>","protected":false},"excerpt":{"rendered":"<p>Are you planning a move? Then engaging the services of a moving company could really help ease the workload. They can assist with planning your move, transportation arrangements, packing your belongings and handling customs on international moves. Below we have compiled a list of Tennessee based removal companies that are members of the International Association [&hellip;]<\/p>\n","protected":false},"author":4,"featured_media":11256,"parent":190,"menu_order":0,"comment_status":"closed","ping_status":"closed","template":"","meta":{"_genesis_hide_title":false,"_genesis_hide_breadcrumbs":false,"_genesis_hide_singular_image":false,"_genesis_hide_footer_widgets":false,"_genesis_custom_body_class":"","_genesis_custom_post_class":"","_genesis_layout":"","footnotes":""},"class_list":{"0":"post-11666","1":"page","2":"type-page","3":"status-publish","4":"has-post-thumbnail","6":"entry"},"_links":{"self":[{"href":"https:\/\/moverdb.com\/nb\/wp-json\/wp\/v2\/pages\/11666","targetHints":{"allow":["GET"]}}],"collection":[{"href":"https:\/\/moverdb.com\/nb\/wp-json\/wp\/v2\/pages"}],"about":[{"href":"https:\/\/moverdb.com\/nb\/wp-json\/wp\/v2\/types\/page"}],"author":[{"embeddable":true,"href":"https:\/\/moverdb.com\/nb\/wp-json\/wp\/v2\/users\/4"}],"replies":[{"embeddable":true,"href":"https:\/\/moverdb.com\/nb\/wp-json\/wp\/v2\/comments?post=11666"}],"version-history":[{"count":1,"href":"https:\/\/moverdb.com\/nb\/wp-json\/wp\/v2\/pages\/11666\/revisions"}],"predecessor-version":[{"id":11667,"href":"https:\/\/moverdb.com\/nb\/wp-json\/wp\/v2\/pages\/11666\/revisions\/11667"}],"up":[{"embeddable":true,"href":"https:\/\/moverdb.com\/nb\/wp-json\/wp\/v2\/pages\/190"}],"wp:featuredmedia":[{"embeddable":true,"href":"https:\/\/moverdb.com\/nb\/wp-json\/wp\/v2\/media\/11256"}],"wp:attachment":[{"href":"https:\/\/moverdb.com\/nb\/wp-json\/wp\/v2\/media?parent=11666"}],"curies":[{"name":"wp","href":"https:\/\/api.w.org\/{rel}","templated":true}]}}