{"id":11651,"date":"2023-11-29T10:38:44","date_gmt":"2023-11-29T10:38:44","guid":{"rendered":"https:\/\/moverdb.com\/?page_id=11651"},"modified":"2026-01-08T15:24:50","modified_gmt":"2026-01-08T15:24:50","slug":"moving-companies-us-pennsylvania","status":"publish","type":"page","link":"https:\/\/moverdb.com\/nb\/moving-companies\/moving-companies-us-pennsylvania\/","title":{"rendered":"De 4 beste internasjonale flyttebyr\u00e5ene i Pennsylvania"},"content":{"rendered":"<p>N\u00e5r du skal flytte, er det mye som skal organiseres, pakkes, transporteres og tollbehandles hvis du flytter til utlandet, men du trenger ikke \u00e5 gj\u00f8re dette alene. A <a href=\"https:\/\/moverdb.com\/nb\/moving-companies\/\" data-internallinksmanager029f6b8e52c=\"79\" title=\"Topp 25 internasjonale flyttebyr\u00e5er p\u00e5 nettet\">flyttefirma<\/a> kan hjelpe deg med alle eller noen av disse oppgavene for \u00e5 gj\u00f8re flyttingen enklere. Nedenfor har vi samlet en liste over <a href=\"https:\/\/moverdb.com\/nb\/moving-to-the-united-states\/moving-to-pennsylvania\/\" data-internallinksmanager029f6b8e52c=\"404\" title=\"Flytter du til Pennsylvania? 2023 Levekostnader og flyttetips\">Pennsylvania<\/a> basert <a href=\"https:\/\/moverdb.com\/nb\/international-removals\/\" data-internallinksmanager029f6b8e52c=\"27\" title=\"De 36 beste internasjonale flyttebyr\u00e5ene i Storbritannia\">flyttebyr\u00e5er<\/a> som er medlemmer av <a href=\"https:\/\/moverdb.com\/nb\/iam\/\" data-internallinksmanager029f6b8e52c=\"23\" title=\"International Association of Movers (IAM) Forklaret\">International Association of Movers<\/a> (IAM) og\/eller <a href=\"https:\/\/moverdb.com\/nb\/fidi-faim\/\" data-internallinksmanager029f6b8e52c=\"16\" title=\"FIDI &amp; FAIM (FIDI-akkreditert internasjonal spedit\u00f8r) forklart\">FIDI<\/a> Accredited International Mover (FAIM) som kan hjelpe deg med flyttingen.<\/p>\n<div id=\"ez-toc-container\" class=\"ez-toc-v2_0_82_2 ez-toc-wrap-left counter-hierarchy ez-toc-counter ez-toc-transparent ez-toc-container-direction\">\n<div class=\"ez-toc-title-container\">\n<p class=\"ez-toc-title\" style=\"cursor:inherit\">Seksjoner<\/p>\n<span class=\"ez-toc-title-toggle\"><a href=\"#\" class=\"ez-toc-pull-right ez-toc-btn ez-toc-btn-xs ez-toc-btn-default ez-toc-toggle\" aria-label=\"Bytt innholdsfortegnelse\"><span class=\"ez-toc-js-icon-con\"><span class=\"\"><span class=\"eztoc-hide\" style=\"display:none;\">Toggle<\/span><span class=\"ez-toc-icon-toggle-span\"><svg style=\"fill: #999;color:#999\" xmlns=\"http:\/\/www.w3.org\/2000\/svg\" class=\"list-377408\" width=\"20px\" height=\"20px\" viewbox=\"0 0 24 24\" fill=\"none\"><path d=\"M6 6H4v2h2V6zm14 0H8v2h12V6zM4 11h2v2H4v-2zm16 0H8v2h12v-2zM4 16h2v2H4v-2zm16 0H8v2h12v-2z\" fill=\"currentColor\"><\/path><\/svg><svg style=\"fill: #999;color:#999\" class=\"arrow-unsorted-368013\" xmlns=\"http:\/\/www.w3.org\/2000\/svg\" width=\"10px\" height=\"10px\" viewbox=\"0 0 24 24\" version=\"1.2\" baseprofile=\"tiny\"><path d=\"M18.2 9.3l-6.2-6.3-6.2 6.3c-.2.2-.3.4-.3.7s.1.5.3.7c.2.2.4.3.7.3h11c.3 0 .5-.1.7-.3.2-.2.3-.5.3-.7s-.1-.5-.3-.7zM5.8 14.7l6.2 6.3 6.2-6.3c.2-.2.3-.5.3-.7s-.1-.5-.3-.7c-.2-.2-.4-.3-.7-.3h-11c-.3 0-.5.1-.7.3-.2.2-.3.5-.3.7s.1.5.3.7z\"\/><\/svg><\/span><\/span><\/span><\/a><\/span><\/div>\n<nav><ul class='ez-toc-list ez-toc-list-level-1 eztoc-toggle-hide-by-default' ><li class='ez-toc-page-1 ez-toc-heading-level-2'><a class=\"ez-toc-link ez-toc-heading-1\" href=\"https:\/\/moverdb.com\/nb\/moving-companies\/moving-companies-us-pennsylvania\/#1_Aires\" >1. Aires<\/a><\/li><li class='ez-toc-page-1 ez-toc-heading-level-2'><a class=\"ez-toc-link ez-toc-heading-2\" href=\"https:\/\/moverdb.com\/nb\/moving-companies\/moving-companies-us-pennsylvania\/#2_Champion_International_Moving\" >2. Champion International Moving<\/a><\/li><li class='ez-toc-page-1 ez-toc-heading-level-2'><a class=\"ez-toc-link ez-toc-heading-3\" href=\"https:\/\/moverdb.com\/nb\/moving-companies\/moving-companies-us-pennsylvania\/#3_Movers_Specialty_Service\" >3. Spesialiserte flyttetjenester<\/a><\/li><li class='ez-toc-page-1 ez-toc-heading-level-2'><a class=\"ez-toc-link ez-toc-heading-4\" href=\"https:\/\/moverdb.com\/nb\/moving-companies\/moving-companies-us-pennsylvania\/#4_Reads_Moving_Systems\" >4. Leser bevegelige systemer<\/a><\/li><\/ul><\/nav><\/div>\n<h2><span class=\"ez-toc-section\" id=\"1_Aires\"><\/span><strong>1. Aires<\/strong><span class=\"ez-toc-section-end\"><\/span><\/h2>\n<p><img loading=\"lazy\" decoding=\"async\" class=\"alignnone size-full wp-image-11247\" src=\"https:\/\/moverdb.com\/wp-content\/uploads\/Aires-international-moving-company.png\" alt=\"Aires internasjonale flyttebyr\u00e5\" width=\"1440\" height=\"678\" data-wp-pid=\"11247\" srcset=\"https:\/\/moverdb.com\/wp-content\/uploads\/Aires-international-moving-company.png 1440w, https:\/\/moverdb.com\/wp-content\/uploads\/Aires-international-moving-company-300x141.png 300w, https:\/\/moverdb.com\/wp-content\/uploads\/Aires-international-moving-company-1024x482.png 1024w, https:\/\/moverdb.com\/wp-content\/uploads\/Aires-international-moving-company-18x8.png 18w, https:\/\/moverdb.com\/wp-content\/uploads\/Aires-international-moving-company-600x283.png 600w\" sizes=\"auto, (max-width: 1440px) 100vw, 1440px\" \/><\/p>\n<ul>\n<li>Nasjonale omplasseringer<\/li>\n<li>Internasjonale flyttinger<\/li>\n<li>Flytting av husholdninger<\/li>\n<li>Flytting av ansatte<\/li>\n<li>Avgangstjenester<\/li>\n<li>Destinasjons- og bosettingstjenester<\/li>\n<li>Immigrasjonstjenester<\/li>\n<li>Eiendomsmeglingstjenester<\/li>\n<li>Skoles\u00f8k<\/li>\n<li>Kultur- og spr\u00e5koppl\u00e6ring<\/li>\n<\/ul>\n<p>Aires er et flytte- og spedisjonsselskap som ble grunnlagt i 1981, med hovedkontor i Pittsburgh og fem andre <a href=\"https:\/\/moverdb.com\/nb\/moving-to-the-united-states\/\" data-internallinksmanager029f6b8e52c=\"94\" title=\"Flytte til USA? 2023 Levekostnader og flyttetips\">USA<\/a> kontorer og internasjonale kontorer i <a href=\"https:\/\/moverdb.com\/nb\/moving-to-hong-kong\/\" data-internallinksmanager029f6b8e52c=\"350\" title=\"Flytter du til Hongkong? 2023 Levekostnader og flyttetips\">Hong Kong<\/a>...London, <a href=\"https:\/\/moverdb.com\/nb\/moving-to-singapore\/\" data-internallinksmanager029f6b8e52c=\"68\" title=\"Flytte til Singapore? 2023 Levekostnader og flyttetips\">Singapore<\/a>, Shanghai og Mumbai. De har et omfattende nettverk av p\u00e5litelige tjenesteleverand\u00f8rer som st\u00f8tter dem. De er medlem av IAM med 42 \u00e5rs erfaring og er akkreditert av FIDI.<\/p>\n<p>Aires har spesialisert seg p\u00e5 \u00e5 hjelpe bedrifter med \u00e5 flytte sine ansatte og tilbyr et bredt spekter av tjenester for \u00e5 hjelpe de ansatte med \u00e5 flytte og finne seg til rette i sitt nye hjem. Tjenestene omfatter avgangstjenester som flytting og immigrasjon, og destinasjonstjenester som \u00e5 finne bolig og skole.<\/p>\n<p>Nettsted: <a href=\"https:\/\/www.aires.com\/\" target=\"_blank\" rel=\"noopener\">https:\/\/www.aires.com\/<\/a><\/p>\n<h2><span class=\"ez-toc-section\" id=\"2_Champion_International_Moving\"><\/span><strong>2. Champion International Moving<\/strong><span class=\"ez-toc-section-end\"><\/span><\/h2>\n<p><img loading=\"lazy\" decoding=\"async\" class=\"alignnone size-full wp-image-11285\" src=\"https:\/\/moverdb.com\/wp-content\/uploads\/Champion-International-Moving-company.png\" alt=\"Champion International flyttebyr\u00e5\" width=\"1440\" height=\"676\" data-wp-pid=\"11285\" srcset=\"https:\/\/moverdb.com\/wp-content\/uploads\/Champion-International-Moving-company.png 1440w, https:\/\/moverdb.com\/wp-content\/uploads\/Champion-International-Moving-company-300x141.png 300w, https:\/\/moverdb.com\/wp-content\/uploads\/Champion-International-Moving-company-1024x481.png 1024w, https:\/\/moverdb.com\/wp-content\/uploads\/Champion-International-Moving-company-18x8.png 18w, https:\/\/moverdb.com\/wp-content\/uploads\/Champion-International-Moving-company-600x282.png 600w\" sizes=\"auto, (max-width: 1440px) 100vw, 1440px\" \/><\/p>\n<ul>\n<li>Nasjonale tiltak<\/li>\n<li>Internasjonale flyttinger<\/li>\n<li>Flytting av boliger<\/li>\n<li>Virksomheten flytter<\/li>\n<li>Dedikert spesialist p\u00e5 flytting<\/li>\n<li>Pakketjeneste<\/li>\n<li>Flytting av kj\u00e6ledyr<\/li>\n<li>Transport av kj\u00f8ret\u00f8y<\/li>\n<li>Forsikring<\/li>\n<li>Lagringstjenester<\/li>\n<\/ul>\n<p>Champion International Moving er et flyttebyr\u00e5 som ble grunnlagt i 1991 og holder til i Pittsburgh. De er en del av <a href=\"https:\/\/moverdb.com\/nb\/harmony-relocation-network\/\" data-internallinksmanager029f6b8e52c=\"20\" title=\"Forklaring av Harmony Relocation Network (HRN)\">Harmony Relocation Network<\/a> Det betyr at de driver p\u00e5 en sosialt ansvarlig m\u00e5te og har et nettverk av flyttebyr\u00e5er \u00e5 samarbeide med som driver p\u00e5 samme m\u00e5te. De er medlem av IAM med 32 \u00e5rs erfaring og er akkreditert av FIDI.<\/p>\n<p>Champion International Moving tilbyr nasjonale og internasjonale flyttinger for privat- og bedriftskunder med ett kontaktpunkt som er en dedikert flyttespesialist. De tilbyr pakkeservice for \u00e5 beskytte eiendelene dine og ordner transport og lossing ved ankomst.<\/p>\n<p>Nettsted: <a href=\"http:\/\/www.champmove.com\" target=\"_blank\" rel=\"noopener\">http:\/\/www.champmove.com<\/a><\/p>\n<h2><span class=\"ez-toc-section\" id=\"3_Movers_Specialty_Service\"><\/span><strong>3. Spesialiserte flyttetjenester<\/strong><span class=\"ez-toc-section-end\"><\/span><\/h2>\n<p><img loading=\"lazy\" decoding=\"async\" class=\"alignnone size-full wp-image-11384\" src=\"https:\/\/moverdb.com\/wp-content\/uploads\/Movers-Specialty-Service-international-moving-company.png\" alt=\"Movers Specialty Service internasjonalt flyttebyr\u00e5\" width=\"1440\" height=\"677\" data-wp-pid=\"11384\" srcset=\"https:\/\/moverdb.com\/wp-content\/uploads\/Movers-Specialty-Service-international-moving-company.png 1440w, https:\/\/moverdb.com\/wp-content\/uploads\/Movers-Specialty-Service-international-moving-company-300x141.png 300w, https:\/\/moverdb.com\/wp-content\/uploads\/Movers-Specialty-Service-international-moving-company-1024x481.png 1024w, https:\/\/moverdb.com\/wp-content\/uploads\/Movers-Specialty-Service-international-moving-company-18x8.png 18w, https:\/\/moverdb.com\/wp-content\/uploads\/Movers-Specialty-Service-international-moving-company-600x282.png 600w\" sizes=\"auto, (max-width: 1440px) 100vw, 1440px\" \/><\/p>\n<ul>\n<li>Nasjonale tjenester<\/li>\n<li>Flyttetjenester for husholdninger<\/li>\n<li>Kommersielle flyttetjenester<\/li>\n<li>Flytteadministrasjon p\u00e5 stedet<\/li>\n<li>Kassetjenester<\/li>\n<li>H\u00e5ndtering av kunst<\/li>\n<li>Demontere og montere m\u00f8bler<\/li>\n<li>Tjenester for fjerning og installasjon<\/li>\n<li>Spesialiserte tjenester for flytting av gjenstander<\/li>\n<li>Rengj\u00f8ring<\/li>\n<\/ul>\n<p>Movers Specialty Service er et tredjepartsflytteselskap som ble etablert i 1978 og holder til i Montgomeryville. De tilbyr tjenester over hele USA ved hjelp av et n\u00f8ye utvalgt nettverk av oppl\u00e6rte fagfolk. De er medlem av IAM og har 45 \u00e5rs erfaring.<\/p>\n<p>Movers Specialty Service tilbyr spesialiserte st\u00f8ttetjenester til flyttebyr\u00e5er og flyttefirmaer p\u00e5 opprinnelses- eller bestemmelsesstedet i USA. De tilbyr spesialiserte flyttetjenester som omfatter frakobling\/tilkobling av apparater, demontering\/montering av utstyr og m\u00f8bler, demontering\/montering av TV-er, fjerning\/installasjon av inventar og emballering av varer. De kan ogs\u00e5 flytte skj\u00f8re og uh\u00e5ndterlige gjenstander som pianoer og standklokker.<\/p>\n<p>Nettsted: <a href=\"http:\/\/mss1.com\" target=\"_blank\" rel=\"noopener\">http:\/\/mss1.com<\/a><\/p>\n<h2><span class=\"ez-toc-section\" id=\"4_Reads_Moving_Systems\"><\/span><strong>4. Leser bevegelige systemer<\/strong><span class=\"ez-toc-section-end\"><\/span><\/h2>\n<p><img loading=\"lazy\" decoding=\"async\" class=\"alignnone size-full wp-image-11418\" src=\"https:\/\/moverdb.com\/wp-content\/uploads\/Reads-Moving-Systems-international-moving-company.png\" alt=\"Reads Moving Systems internasjonalt flyttebyr\u00e5\" width=\"1440\" height=\"677\" data-wp-pid=\"11418\" srcset=\"https:\/\/moverdb.com\/wp-content\/uploads\/Reads-Moving-Systems-international-moving-company.png 1440w, https:\/\/moverdb.com\/wp-content\/uploads\/Reads-Moving-Systems-international-moving-company-300x141.png 300w, https:\/\/moverdb.com\/wp-content\/uploads\/Reads-Moving-Systems-international-moving-company-1024x481.png 1024w, https:\/\/moverdb.com\/wp-content\/uploads\/Reads-Moving-Systems-international-moving-company-18x8.png 18w, https:\/\/moverdb.com\/wp-content\/uploads\/Reads-Moving-Systems-international-moving-company-600x282.png 600w\" sizes=\"auto, (max-width: 1440px) 100vw, 1440px\" \/><\/p>\n<ul>\n<li>Lokale tiltak<\/li>\n<li>Internasjonale flyttinger<\/li>\n<li>Flytting av husholdninger<\/li>\n<li>Kontor- og industriflytting<\/li>\n<li>Planlegging f\u00f8r flytting<\/li>\n<li>Pakketjeneste<\/li>\n<li>Emballasje<\/li>\n<li>Tilrettelegging av transport<\/li>\n<li>Opprinnelses- og destinasjonstjenester<\/li>\n<li>Lagringsanlegg<\/li>\n<\/ul>\n<p>Reads Moving Systems er et flytte- og lagringsselskap som ble grunnlagt i 1937 og har base i Huntingdon Valley, men har ogs\u00e5 avdelinger i <a href=\"https:\/\/moverdb.com\/nb\/moving-to-the-united-states\/moving-to-florida\/\" data-internallinksmanager029f6b8e52c=\"331\" title=\"Flytter du til Florida? 2023 Levekostnader og flyttetips\">Florida<\/a> og <a href=\"https:\/\/moverdb.com\/nb\/moving-to-the-united-states\/moving-to-georgia\/\" data-internallinksmanager029f6b8e52c=\"402\" title=\"Flytte til Georgia? 2023 Levekostnader og tips om flytting\">Georgia<\/a>. De er en Atlas Van Lines-agent, noe som gir dem et nettverk av flyttebyr\u00e5er \u00e5 samarbeide med. De er medlem av IAM og har 50 \u00e5rs erfaring.<\/p>\n<p>Reads Moving Systems tilbyr konkurransedyktige priser p\u00e5 sine flyttetjenester. De tilbyr planlegging f\u00f8r flytting sammen med sine flyttekoordinatorer for \u00e5 legge til rette for din flytting. De tilbyr pakking og innpakning for \u00e5 beskytte gjenstandene dine og laster dem i en container ved internasjonale flyttinger.<\/p>\n<p>Nettsted: <a href=\"http:\/\/www.readsmoving.com\" target=\"_blank\" rel=\"noopener\">http:\/\/www.readsmoving.com<\/a><\/p>","protected":false},"excerpt":{"rendered":"<p>When you are moving there is so much to do like organising, packing, arranging transportation and managing customs if moving abroad, but you don\u2019t have to do this alone. A moving company can help with all or some of these tasks to make moving easier. Below we have compiled a list of Pennsylvania based removal [&hellip;]<\/p>\n","protected":false},"author":4,"featured_media":11247,"parent":190,"menu_order":0,"comment_status":"closed","ping_status":"closed","template":"","meta":{"_genesis_hide_title":false,"_genesis_hide_breadcrumbs":false,"_genesis_hide_singular_image":false,"_genesis_hide_footer_widgets":false,"_genesis_custom_body_class":"","_genesis_custom_post_class":"","_genesis_layout":"","footnotes":""},"class_list":{"0":"post-11651","1":"page","2":"type-page","3":"status-publish","4":"has-post-thumbnail","6":"entry"},"_links":{"self":[{"href":"https:\/\/moverdb.com\/nb\/wp-json\/wp\/v2\/pages\/11651","targetHints":{"allow":["GET"]}}],"collection":[{"href":"https:\/\/moverdb.com\/nb\/wp-json\/wp\/v2\/pages"}],"about":[{"href":"https:\/\/moverdb.com\/nb\/wp-json\/wp\/v2\/types\/page"}],"author":[{"embeddable":true,"href":"https:\/\/moverdb.com\/nb\/wp-json\/wp\/v2\/users\/4"}],"replies":[{"embeddable":true,"href":"https:\/\/moverdb.com\/nb\/wp-json\/wp\/v2\/comments?post=11651"}],"version-history":[{"count":2,"href":"https:\/\/moverdb.com\/nb\/wp-json\/wp\/v2\/pages\/11651\/revisions"}],"predecessor-version":[{"id":11653,"href":"https:\/\/moverdb.com\/nb\/wp-json\/wp\/v2\/pages\/11651\/revisions\/11653"}],"up":[{"embeddable":true,"href":"https:\/\/moverdb.com\/nb\/wp-json\/wp\/v2\/pages\/190"}],"wp:featuredmedia":[{"embeddable":true,"href":"https:\/\/moverdb.com\/nb\/wp-json\/wp\/v2\/media\/11247"}],"wp:attachment":[{"href":"https:\/\/moverdb.com\/nb\/wp-json\/wp\/v2\/media?parent=11651"}],"curies":[{"name":"wp","href":"https:\/\/api.w.org\/{rel}","templated":true}]}}