{"id":11648,"date":"2023-11-29T10:50:54","date_gmt":"2023-11-29T10:50:54","guid":{"rendered":"https:\/\/moverdb.com\/?page_id=11648"},"modified":"2026-01-08T15:29:25","modified_gmt":"2026-01-08T15:29:25","slug":"moving-companies-us-ohio","status":"publish","type":"page","link":"https:\/\/moverdb.com\/nb\/moving-companies\/moving-companies-us-ohio\/","title":{"rendered":"De 6 beste internasjonale flyttebyr\u00e5ene i Ohio"},"content":{"rendered":"<p>Planlegger du \u00e5 flytte? Da kan det v\u00e6re lurt \u00e5 engasjere en flyttebyr\u00e5. <a href=\"https:\/\/moverdb.com\/nb\/moving-companies\/\" data-internallinksmanager029f6b8e52c=\"79\" title=\"Topp 25 internasjonale flyttebyr\u00e5er p\u00e5 nettet\">flyttefirma<\/a> for \u00e5 redusere arbeidsmengden og flyttepresset. De kan organisere, pakke og transportere eiendelene dine og ta seg av tollbehandlingen hvis du flytter til et annet land. Nedenfor har vi samlet en liste over <a href=\"https:\/\/moverdb.com\/nb\/moving-to-the-united-states\/moving-to-ohio\/\" data-internallinksmanager029f6b8e52c=\"409\" title=\"Flytter du til Ohio? 2023 Levekostnader og flyttetips\">Ohio<\/a> basert <a href=\"https:\/\/moverdb.com\/nb\/international-removals\/\" data-internallinksmanager029f6b8e52c=\"27\" title=\"De 36 beste internasjonale flyttebyr\u00e5ene i Storbritannia\">flyttebyr\u00e5er<\/a> som er medlemmer av <a href=\"https:\/\/moverdb.com\/nb\/iam\/\" data-internallinksmanager029f6b8e52c=\"23\" title=\"International Association of Movers (IAM) Forklaret\">International Association of Movers<\/a> (IAM) og\/eller <a href=\"https:\/\/moverdb.com\/nb\/fidi-faim\/\" data-internallinksmanager029f6b8e52c=\"16\" title=\"FIDI &amp; FAIM (FIDI-akkreditert internasjonal spedit\u00f8r) forklart\">FIDI<\/a> Accredited International Mover (FAIM) som kan hjelpe deg med flyttingen.<\/p>\n<div id=\"ez-toc-container\" class=\"ez-toc-v2_0_83 ez-toc-wrap-left counter-hierarchy ez-toc-counter ez-toc-transparent ez-toc-container-direction\">\n<div class=\"ez-toc-title-container\">\n<p class=\"ez-toc-title\" style=\"cursor:inherit\">Seksjoner<\/p>\n<span class=\"ez-toc-title-toggle\"><a href=\"#\" class=\"ez-toc-pull-right ez-toc-btn ez-toc-btn-xs ez-toc-btn-default ez-toc-toggle\" aria-label=\"Bytt innholdsfortegnelse\"><span class=\"ez-toc-js-icon-con\"><span class=\"\"><span class=\"eztoc-hide\" style=\"display:none;\">Toggle<\/span><span class=\"ez-toc-icon-toggle-span\"><svg style=\"fill: #999;color:#999\" xmlns=\"http:\/\/www.w3.org\/2000\/svg\" class=\"list-377408\" width=\"20px\" height=\"20px\" viewbox=\"0 0 24 24\" fill=\"none\"><path d=\"M6 6H4v2h2V6zm14 0H8v2h12V6zM4 11h2v2H4v-2zm16 0H8v2h12v-2zM4 16h2v2H4v-2zm16 0H8v2h12v-2z\" fill=\"currentColor\"><\/path><\/svg><svg style=\"fill: #999;color:#999\" class=\"arrow-unsorted-368013\" xmlns=\"http:\/\/www.w3.org\/2000\/svg\" width=\"10px\" height=\"10px\" viewbox=\"0 0 24 24\" version=\"1.2\" baseprofile=\"tiny\"><path d=\"M18.2 9.3l-6.2-6.3-6.2 6.3c-.2.2-.3.4-.3.7s.1.5.3.7c.2.2.4.3.7.3h11c.3 0 .5-.1.7-.3.2-.2.3-.5.3-.7s-.1-.5-.3-.7zM5.8 14.7l6.2 6.3 6.2-6.3c.2-.2.3-.5.3-.7s-.1-.5-.3-.7c-.2-.2-.4-.3-.7-.3h-11c-.3 0-.5.1-.7.3-.2.2-.3.5-.3.7s.1.5.3.7z\"\/><\/svg><\/span><\/span><\/span><\/a><\/span><\/div>\n<nav><ul class='ez-toc-list ez-toc-list-level-1 eztoc-toggle-hide-by-default' ><li class='ez-toc-page-1 ez-toc-heading-level-2'><a class=\"ez-toc-link ez-toc-heading-1\" href=\"https:\/\/moverdb.com\/nb\/moving-companies\/moving-companies-us-ohio\/#1_Andrews_Moving_Storage\" >1. Andrews Flytting og lagring<\/a><\/li><li class='ez-toc-page-1 ez-toc-heading-level-2'><a class=\"ez-toc-link ez-toc-heading-2\" href=\"https:\/\/moverdb.com\/nb\/moving-companies\/moving-companies-us-ohio\/#2_Corrigan_Moving_Systems\" >2. Corrigan Moving Systems<\/a><\/li><li class='ez-toc-page-1 ez-toc-heading-level-2'><a class=\"ez-toc-link ez-toc-heading-3\" href=\"https:\/\/moverdb.com\/nb\/moving-companies\/moving-companies-us-ohio\/#3_CSNS_Relocation_Services\" >3. CSNS Flyttetjenester<\/a><\/li><li class='ez-toc-page-1 ez-toc-heading-level-2'><a class=\"ez-toc-link ez-toc-heading-4\" href=\"https:\/\/moverdb.com\/nb\/moving-companies\/moving-companies-us-ohio\/#4_Letz_Get_Moving\" >4. Letz Get Moving<\/a><\/li><li class='ez-toc-page-1 ez-toc-heading-level-2'><a class=\"ez-toc-link ez-toc-heading-5\" href=\"https:\/\/moverdb.com\/nb\/moving-companies\/moving-companies-us-ohio\/#5_Moving_Ahead_Services\" >5. Moving Ahead-tjenester<\/a><\/li><li class='ez-toc-page-1 ez-toc-heading-level-2'><a class=\"ez-toc-link ez-toc-heading-6\" href=\"https:\/\/moverdb.com\/nb\/moving-companies\/moving-companies-us-ohio\/#6_Planes_Moving_Storage\" >6. Planes Flytting og lagring<\/a><\/li><\/ul><\/nav><\/div>\n<h2><span class=\"ez-toc-section\" id=\"1_Andrews_Moving_Storage\"><\/span><strong>1. Andrews Flytting og lagring<\/strong><span class=\"ez-toc-section-end\"><\/span><\/h2>\n<p><img loading=\"lazy\" decoding=\"async\" class=\"alignnone size-full wp-image-11255\" src=\"https:\/\/moverdb.com\/wp-content\/uploads\/Andrews-Moving-Storage-international-moving-company.png\" alt=\"Andrews Moving &amp; Storage internasjonalt flyttebyr\u00e5\" width=\"1440\" height=\"679\" data-wp-pid=\"11255\" srcset=\"https:\/\/moverdb.com\/wp-content\/uploads\/Andrews-Moving-Storage-international-moving-company.png 1440w, https:\/\/moverdb.com\/wp-content\/uploads\/Andrews-Moving-Storage-international-moving-company-300x141.png 300w, https:\/\/moverdb.com\/wp-content\/uploads\/Andrews-Moving-Storage-international-moving-company-1024x483.png 1024w, https:\/\/moverdb.com\/wp-content\/uploads\/Andrews-Moving-Storage-international-moving-company-18x8.png 18w, https:\/\/moverdb.com\/wp-content\/uploads\/Andrews-Moving-Storage-international-moving-company-600x283.png 600w\" sizes=\"auto, (max-width: 1440px) 100vw, 1440px\" \/><\/p>\n<ul>\n<li>Lokale og langdistanse flyttinger<\/li>\n<li>Internasjonale flyttinger<\/li>\n<li>Flytting av boliger<\/li>\n<li>Handels- og kontorflyttinger<\/li>\n<li>Flytting av ansatte<\/li>\n<li>Pakketjeneste<\/li>\n<li>Transportordninger<\/li>\n<li>Tollst\u00f8tte<\/li>\n<li>Sporing av forsendelser<\/li>\n<li>Kort- og langtidslagring<\/li>\n<\/ul>\n<p>Andrews Moving &amp; Storage er et familieeid flyttebyr\u00e5 som ble grunnlagt i 1908 og holder til i Streetsboro. De er agent for United Van Lines, som har et verdensomspennende nettverk av flytteagenter med h\u00f8y standard som de kan samarbeide med. De er medlem av IAM.<\/p>\n<p>Andrews Moving &amp; Storage tilbyr personlig tilpassede flyttetjenester som tar h\u00e5nd om hele flyttingen. De tilbyr en komplett pakketjeneste for \u00e5 beskytte eiendelene dine under transport ved hjelp av oppl\u00e6rte pakketeam. Ved ankomst til bestemmelsesstedet pakker de ogs\u00e5 ut eiendelene dine. De ordner transport av eiendelene dine med tollst\u00f8tte og tilbyr sporing p\u00e5 nettet.<\/p>\n<p>Nettsted: <a href=\"http:\/\/www.andrewsmoving.com\" target=\"_blank\" rel=\"noopener\">http:\/\/www.andrewsmoving.com<\/a><\/p>\n<h2><span class=\"ez-toc-section\" id=\"2_Corrigan_Moving_Systems\"><\/span><strong>2. Corrigan Moving Systems<\/strong><span class=\"ez-toc-section-end\"><\/span><\/h2>\n<p><img loading=\"lazy\" decoding=\"async\" class=\"alignnone size-full wp-image-11297\" src=\"https:\/\/moverdb.com\/wp-content\/uploads\/Corrigan-Moving-Systems-international-moving-company.png\" alt=\"Corrigan Moving Systems internasjonalt flyttebyr\u00e5\" width=\"1440\" height=\"675\" data-wp-pid=\"11297\" srcset=\"https:\/\/moverdb.com\/wp-content\/uploads\/Corrigan-Moving-Systems-international-moving-company.png 1440w, https:\/\/moverdb.com\/wp-content\/uploads\/Corrigan-Moving-Systems-international-moving-company-300x141.png 300w, https:\/\/moverdb.com\/wp-content\/uploads\/Corrigan-Moving-Systems-international-moving-company-1024x480.png 1024w, https:\/\/moverdb.com\/wp-content\/uploads\/Corrigan-Moving-Systems-international-moving-company-18x8.png 18w, https:\/\/moverdb.com\/wp-content\/uploads\/Corrigan-Moving-Systems-international-moving-company-600x281.png 600w\" sizes=\"auto, (max-width: 1440px) 100vw, 1440px\" \/><\/p>\n<ul>\n<li>Lokale og langdistanse flyttinger<\/li>\n<li>Internasjonale flyttinger<\/li>\n<li>Flytting av boliger<\/li>\n<li>Kommersielle tiltak<\/li>\n<li>Flytting av bedrifter<\/li>\n<li>D\u00f8r-til-d\u00f8r-tjeneste<\/li>\n<li>Pakketjeneste<\/li>\n<li>Tollst\u00f8tte<\/li>\n<li><a href=\"https:\/\/moverdb.com\/nb\/car-transport-shipping\/\" data-internallinksmanager029f6b8e52c=\"2\" title=\"2026 Internasjonal biltransport og tilbud p\u00e5 frakt av kj\u00f8ret\u00f8y\">Frakt av kj\u00f8ret\u00f8y<\/a><\/li>\n<li>Lagringstjenester<\/li>\n<\/ul>\n<p>Corrigan Moving Systems er et fullservice flytte- og logistikkselskap som ble grunnlagt i 1929 og har 13 avdelinger i Ohio, <a href=\"https:\/\/moverdb.com\/nb\/moving-to-the-united-states\/moving-to-michigan\/\" data-internallinksmanager029f6b8e52c=\"414\" title=\"Flytter du til Michigan? 2023 Levekostnader og flyttetips\">Michigan<\/a>, <a href=\"https:\/\/moverdb.com\/nb\/moving-to-the-united-states\/moving-to-new-york\/\" data-internallinksmanager029f6b8e52c=\"332\" title=\"Flytter du til New York (delstat)? 2023 Levekostnader og flyttetips\">New York<\/a> og <a href=\"https:\/\/moverdb.com\/nb\/moving-to-the-united-states\/moving-to-pennsylvania\/\" data-internallinksmanager029f6b8e52c=\"404\" title=\"Flytter du til Pennsylvania? 2023 Levekostnader og flyttetips\">Pennsylvania<\/a>. De har kontorer i Cleveland og Toledo i Ohio. De er en del av United Van Lines, noe som gir dem et nettverk av flytteagenter \u00e5 samarbeide med. De er medlem av IAM med 75 \u00e5rs erfaring og er akkreditert av FIDI.<\/p>\n<p>Corrigan Moving Systems tilbyr d\u00f8r-til-d\u00f8r-flytting for privat- og n\u00e6ringskunder. De tilbyr skreddersydde flyttepakker, og flyttekoordinatoren skreddersyr en flyttestrategi tilpasset din situasjon. Dette starter med et gratis tilbud og en befaring p\u00e5 stedet eller en virtuell befaring.<\/p>\n<p>Nettsted: <a href=\"https:\/\/www.corriganmoving.com\/\" target=\"_blank\" rel=\"noopener\">https:\/\/www.corriganmoving.com\/<\/a><\/p>\n<h2><span class=\"ez-toc-section\" id=\"3_CSNS_Relocation_Services\"><\/span><strong>3. CSNS Flyttetjenester<\/strong><span class=\"ez-toc-section-end\"><\/span><\/h2>\n<p><img loading=\"lazy\" decoding=\"async\" class=\"alignnone size-full wp-image-11301\" src=\"https:\/\/moverdb.com\/wp-content\/uploads\/CSNS-Relocation-Services-international-moving-company.png\" alt=\"CSNS Relocation Services internasjonalt flyttebyr\u00e5\" width=\"1440\" height=\"680\" data-wp-pid=\"11301\" srcset=\"https:\/\/moverdb.com\/wp-content\/uploads\/CSNS-Relocation-Services-international-moving-company.png 1440w, https:\/\/moverdb.com\/wp-content\/uploads\/CSNS-Relocation-Services-international-moving-company-300x142.png 300w, https:\/\/moverdb.com\/wp-content\/uploads\/CSNS-Relocation-Services-international-moving-company-1024x484.png 1024w, https:\/\/moverdb.com\/wp-content\/uploads\/CSNS-Relocation-Services-international-moving-company-18x9.png 18w, https:\/\/moverdb.com\/wp-content\/uploads\/CSNS-Relocation-Services-international-moving-company-600x283.png 600w\" sizes=\"auto, (max-width: 1440px) 100vw, 1440px\" \/><\/p>\n<ul>\n<li>Nasjonale flyttetjenester<\/li>\n<li>Flytting av husholdninger<\/li>\n<li>Opprinnelsestjenester<\/li>\n<li>Destinasjonstjenester<\/li>\n<li>Profesjonell emballering<\/li>\n<li>Demontering og montering av m\u00f8bler<\/li>\n<li>Installasjonstjenester<\/li>\n<li>Rengj\u00f8ring<\/li>\n<li>Fjerning av avfall<\/li>\n<\/ul>\n<p>CSNS Relocation Services er et landsomfattende flyttebyr\u00e5 som ble etablert i 2002 i <a href=\"https:\/\/moverdb.com\/nb\/moving-to-dublin\/\" data-internallinksmanager029f6b8e52c=\"260\" title=\"Flytte til Dublin? 2023 Levekostnader og flyttetips\">Dublin<\/a>. De har et omfattende nettverk av flyttebyr\u00e5er som de samarbeider med for \u00e5 levere sine tjenester. De er medlem av IAM og har 21 \u00e5rs erfaring.<\/p>\n<p>CSNS Relocation Services tilbyr tredjeparts relokaliseringstjenester for \u00e5 hjelpe deg b\u00e5de p\u00e5 opprinnelses- og destinasjonsstedet ditt innenfor <a href=\"https:\/\/moverdb.com\/nb\/moving-to-the-united-states\/\" data-internallinksmanager029f6b8e52c=\"94\" title=\"Flytte til USA? 2023 Levekostnader og flyttetips\">USA<\/a>. De tilbyr et bredt spekter av tjenester som flyttebyr\u00e5er ofte ikke tilbyr, for \u00e5 hjelpe deg med \u00e5 forberede deg p\u00e5 flyttingen eller finne deg til rette i det nye hjemmet ditt, for eksempel \u00e5 installere hvitevarer, sette opp audiovisuelt utstyr, installere inventar og vaskehjelp.<\/p>\n<p>Nettsted: <a href=\"http:\/\/www.csnsrelo.com\" target=\"_blank\" rel=\"noopener\">http:\/\/www.csnsrelo.com<\/a><\/p>\n<h2><span class=\"ez-toc-section\" id=\"4_Letz_Get_Moving\"><\/span><strong>4. Letz Get Moving<\/strong><span class=\"ez-toc-section-end\"><\/span><\/h2>\n<p><img loading=\"lazy\" decoding=\"async\" class=\"alignnone size-full wp-image-11364\" src=\"https:\/\/moverdb.com\/wp-content\/uploads\/Letz-Get-Moving-international-moving-company.png\" alt=\"Letz Get Moving internasjonalt flyttebyr\u00e5\" width=\"1440\" height=\"674\" data-wp-pid=\"11364\" srcset=\"https:\/\/moverdb.com\/wp-content\/uploads\/Letz-Get-Moving-international-moving-company.png 1440w, https:\/\/moverdb.com\/wp-content\/uploads\/Letz-Get-Moving-international-moving-company-300x140.png 300w, https:\/\/moverdb.com\/wp-content\/uploads\/Letz-Get-Moving-international-moving-company-1024x479.png 1024w, https:\/\/moverdb.com\/wp-content\/uploads\/Letz-Get-Moving-international-moving-company-18x8.png 18w, https:\/\/moverdb.com\/wp-content\/uploads\/Letz-Get-Moving-international-moving-company-600x281.png 600w\" sizes=\"auto, (max-width: 1440px) 100vw, 1440px\" \/><\/p>\n<ul>\n<li>Nasjonale omplasseringer<\/li>\n<li>Internasjonale flyttinger<\/li>\n<li>Flytting av husholdninger<\/li>\n<li>D\u00f8r-til-d\u00f8r-tjeneste<\/li>\n<li>Pakketjeneste<\/li>\n<li>Transport<\/li>\n<li>Valg av beholderalternativer<\/li>\n<li>Tollklarering<\/li>\n<li>Transport av kj\u00f8ret\u00f8y<\/li>\n<li>Sikker lagring<\/li>\n<\/ul>\n<p>Letz Get Moving er et interurbant og internasjonalt flyttebyr\u00e5 med 10 \u00e5rs erfaring, og har kontorer i Twinsburg, Baltimore og <a href=\"https:\/\/moverdb.com\/nb\/moving-to-los-angeles\/\" data-internallinksmanager029f6b8e52c=\"51\" title=\"Skal du flytte til Los Angeles? 2026 LA Levekostnader og tips om flytting\">Los Angeles<\/a>. De er medlem av IAM og har seks \u00e5rs erfaring.<\/p>\n<p>Letz Get Moving tilbyr omfattende flyttetjenester som tar h\u00e5nd om flyttingen din fra start til slutt. Du f\u00e5r en fast kontaktperson som koordinerer og planlegger flyttingen. De pakker eiendelene dine profesjonelt og tilbyr spesialtilpassede kasser. De merker eiendelene dine og lager en inventarliste. Ved ankomst pakker de ut og monterer m\u00f8blene dine og fjerner eventuelle rester.<\/p>\n<p>Nettsted: <a href=\"http:\/\/www.letzgetmoving.com\" target=\"_blank\" rel=\"noopener\">http:\/\/www.letzgetmoving.com<\/a><\/p>\n<h2><span class=\"ez-toc-section\" id=\"5_Moving_Ahead_Services\"><\/span><strong>5. Moving Ahead-tjenester<\/strong><span class=\"ez-toc-section-end\"><\/span><\/h2>\n<p><img loading=\"lazy\" decoding=\"async\" class=\"alignnone size-full wp-image-11387\" src=\"https:\/\/moverdb.com\/wp-content\/uploads\/Moving-Ahead-Services-international-moving-company.png\" alt=\"Moving Ahead Services internasjonalt flyttebyr\u00e5\" width=\"1440\" height=\"672\" data-wp-pid=\"11387\" srcset=\"https:\/\/moverdb.com\/wp-content\/uploads\/Moving-Ahead-Services-international-moving-company.png 1440w, https:\/\/moverdb.com\/wp-content\/uploads\/Moving-Ahead-Services-international-moving-company-300x140.png 300w, https:\/\/moverdb.com\/wp-content\/uploads\/Moving-Ahead-Services-international-moving-company-1024x478.png 1024w, https:\/\/moverdb.com\/wp-content\/uploads\/Moving-Ahead-Services-international-moving-company-18x8.png 18w, https:\/\/moverdb.com\/wp-content\/uploads\/Moving-Ahead-Services-international-moving-company-600x280.png 600w\" sizes=\"auto, (max-width: 1440px) 100vw, 1440px\" \/><\/p>\n<ul>\n<li>Lokale flyttinger og langdistanseflyttinger<\/li>\n<li>Internasjonale flyttinger<\/li>\n<li>Flytting av husholdninger<\/li>\n<li>Kommersielle tiltak<\/li>\n<li>Flytting av bedrifter<\/li>\n<li>Skreddersydd flytteplan<\/li>\n<li>Du kan velge mellom fullservice eller kun arbeid<\/li>\n<li>Pakketjenester<\/li>\n<li>Tilrettelegging av transport<\/li>\n<li>Lagringsanlegg<\/li>\n<\/ul>\n<p>Moving Ahead Services er et flyttebyr\u00e5 med kontorer i Cleveland, Columbus, Cincinnati, Charlotte og Pittsburgh. De er medlem av IAM og har 18 \u00e5rs erfaring, noe som gir dem tilgang til et nettverk av flytteagenter som de kan samarbeide med.<\/p>\n<p>Moving Ahead Services gjennomf\u00f8rer en online- eller telefonunders\u00f8kelse. <a href=\"https:\/\/moverdb.com\/nb\/quotes\/\" data-internallinksmanager029f6b8e52c=\"26\" title=\"Internasjonale flyttetilbud: 12 sp\u00f8rsm\u00e5l \u00e5 stille flyttebyr\u00e5et ditt\">bevegelig sitat<\/a>. De lager en skreddersydd flytteplan som dekker dine behov. De tilbyr alt fra fullservice til kun arbeid med pakking og oppbevaring og et utvalg av tilleggstjenester. Din dedikerte kundeservicerepresentant vil veilede deg gjennom flyttingen og alternativene.<\/p>\n<p>Nettsted: <a href=\"https:\/\/movingaheadservices.com\/\" target=\"_blank\" rel=\"noopener\">https:\/\/movingaheadservices.com\/<\/a><\/p>\n<h2><span class=\"ez-toc-section\" id=\"6_Planes_Moving_Storage\"><\/span><strong>6. Planes Flytting og lagring<\/strong><span class=\"ez-toc-section-end\"><\/span><\/h2>\n<p><img loading=\"lazy\" decoding=\"async\" class=\"alignnone size-full wp-image-11410\" src=\"https:\/\/moverdb.com\/wp-content\/uploads\/Planes-Moving-Storage-international-moving-company.png\" alt=\"Planes Moving &amp; Storage internasjonalt flyttebyr\u00e5\" width=\"1440\" height=\"660\" data-wp-pid=\"11410\" srcset=\"https:\/\/moverdb.com\/wp-content\/uploads\/Planes-Moving-Storage-international-moving-company.png 1440w, https:\/\/moverdb.com\/wp-content\/uploads\/Planes-Moving-Storage-international-moving-company-300x138.png 300w, https:\/\/moverdb.com\/wp-content\/uploads\/Planes-Moving-Storage-international-moving-company-1024x469.png 1024w, https:\/\/moverdb.com\/wp-content\/uploads\/Planes-Moving-Storage-international-moving-company-18x8.png 18w, https:\/\/moverdb.com\/wp-content\/uploads\/Planes-Moving-Storage-international-moving-company-600x275.png 600w\" sizes=\"auto, (max-width: 1440px) 100vw, 1440px\" \/><\/p>\n<ul>\n<li>Lokale og langdistanse flyttinger<\/li>\n<li>Internasjonale flyttinger<\/li>\n<li>Flytting av husholdning<\/li>\n<li>Virksomheten flytter<\/li>\n<li>H\u00e5ndtering av flytting<\/li>\n<li>Pakketjeneste<\/li>\n<li>Frakt med fly, b\u00e5t og jernbane<\/li>\n<li>Dokumentasjonsst\u00f8tte<\/li>\n<li>Transport av kj\u00f8ret\u00f8y<\/li>\n<li>Lagringsanlegg<\/li>\n<\/ul>\n<p>Planes Moving &amp; Storage er et flyttebyr\u00e5 som ble grunnlagt i 1921, og som har avdelinger i Cincinnati, Dayton og Columbus i Ohio, samt i Indianapolis og <a href=\"https:\/\/moverdb.com\/nb\/moving-to-chicago\/\" data-internallinksmanager029f6b8e52c=\"39\" title=\"Flytte til Chicago? 2023 Levekostnader og flyttetips\">Chicago<\/a>.  De er partner med United Van Lines og har en sterk leverand\u00f8rkjede av partnere som leverer tjenester internasjonalt. De er medlem av IAM med 103 \u00e5rs erfaring og er akkreditert av FIDI.<\/p>\n<p>Planes Moving &amp; Storage har en erfaren flyttekoordinator som kan samarbeide med deg og utvikle en skreddersydd flytteplan etter dine behov. De tilbyr en komplett pakketjeneste med oppl\u00e6rte pakketeam, og de beskytter verdifulle og skj\u00f8re gjenstander.<\/p>\n<p>Nettsted: <a href=\"http:\/\/www.planescompanies.com\/\" target=\"_blank\" rel=\"noopener\">http:\/\/www.planescompanies.com\/<\/a><\/p>","protected":false},"excerpt":{"rendered":"<p>Are you planning a move? Then you may want to engage the services of a moving company to reduce the workload and pressure of moving. They can organise, pack and transport your belongings as well as handle customs if you are moving country. Below we have compiled a list of Ohio based removal companies that [&hellip;]<\/p>\n","protected":false},"author":4,"featured_media":11255,"parent":190,"menu_order":0,"comment_status":"closed","ping_status":"closed","template":"","meta":{"_genesis_hide_title":false,"_genesis_hide_breadcrumbs":false,"_genesis_hide_singular_image":false,"_genesis_hide_footer_widgets":false,"_genesis_custom_body_class":"","_genesis_custom_post_class":"","_genesis_layout":"","footnotes":""},"class_list":{"0":"post-11648","1":"page","2":"type-page","3":"status-publish","4":"has-post-thumbnail","6":"entry"},"_links":{"self":[{"href":"https:\/\/moverdb.com\/nb\/wp-json\/wp\/v2\/pages\/11648","targetHints":{"allow":["GET"]}}],"collection":[{"href":"https:\/\/moverdb.com\/nb\/wp-json\/wp\/v2\/pages"}],"about":[{"href":"https:\/\/moverdb.com\/nb\/wp-json\/wp\/v2\/types\/page"}],"author":[{"embeddable":true,"href":"https:\/\/moverdb.com\/nb\/wp-json\/wp\/v2\/users\/4"}],"replies":[{"embeddable":true,"href":"https:\/\/moverdb.com\/nb\/wp-json\/wp\/v2\/comments?post=11648"}],"version-history":[{"count":2,"href":"https:\/\/moverdb.com\/nb\/wp-json\/wp\/v2\/pages\/11648\/revisions"}],"predecessor-version":[{"id":11650,"href":"https:\/\/moverdb.com\/nb\/wp-json\/wp\/v2\/pages\/11648\/revisions\/11650"}],"up":[{"embeddable":true,"href":"https:\/\/moverdb.com\/nb\/wp-json\/wp\/v2\/pages\/190"}],"wp:featuredmedia":[{"embeddable":true,"href":"https:\/\/moverdb.com\/nb\/wp-json\/wp\/v2\/media\/11255"}],"wp:attachment":[{"href":"https:\/\/moverdb.com\/nb\/wp-json\/wp\/v2\/media?parent=11648"}],"curies":[{"name":"wp","href":"https:\/\/api.w.org\/{rel}","templated":true}]}}