{"id":11630,"date":"2023-11-30T14:08:07","date_gmt":"2023-11-30T14:08:07","guid":{"rendered":"https:\/\/moverdb.com\/?page_id=11630"},"modified":"2026-01-08T15:30:26","modified_gmt":"2026-01-08T15:30:26","slug":"moving-company-us-new-mexico","status":"publish","type":"page","link":"https:\/\/moverdb.com\/nb\/moving-companies\/moving-company-us-new-mexico\/","title":{"rendered":"Beste internasjonale flyttebyr\u00e5 i New Mexico"},"content":{"rendered":"<p>N\u00e5r du skal flytte hjem, kan det v\u00e6re en stressende tid med planlegging, pakking, transport og dokumentasjonskrav hvis du skal flytte til utlandet. S\u00e5 hvorfor ikke la en <a href=\"https:\/\/moverdb.com\/nb\/moving-companies\/\" data-internallinksmanager029f6b8e52c=\"79\" title=\"Topp 25 internasjonale flyttebyr\u00e5er p\u00e5 nettet\">flyttefirma<\/a> gj\u00f8re mye av jobben for deg? Nedenfor har vi samlet en liste over <a href=\"https:\/\/moverdb.com\/nb\/moving-to-the-united-states\/moving-to-new-mexico\/\" data-internallinksmanager029f6b8e52c=\"455\" title=\"Flytter du til New Mexico? 2024 Levekostnader og flyttetips\">New Mexico<\/a> basert <a href=\"https:\/\/moverdb.com\/nb\/international-removals\/\" data-internallinksmanager029f6b8e52c=\"27\" title=\"De 36 beste internasjonale flyttebyr\u00e5ene i Storbritannia\">flyttebyr\u00e5er<\/a> som er medlemmer av <a href=\"https:\/\/moverdb.com\/nb\/iam\/\" data-internallinksmanager029f6b8e52c=\"23\" title=\"International Association of Movers (IAM) Forklaret\">International Association of Movers<\/a> (IAM) og\/eller <a href=\"https:\/\/moverdb.com\/nb\/fidi-faim\/\" data-internallinksmanager029f6b8e52c=\"16\" title=\"FIDI &amp; FAIM (FIDI-akkreditert internasjonal spedit\u00f8r) forklart\">FIDI<\/a> Accredited International Mover (FAIM) som kan hjelpe deg med flyttingen.<\/p>\n<h2><strong>Johnson Storage &amp; Moving<\/strong><\/h2>\n<p><img loading=\"lazy\" decoding=\"async\" class=\"alignnone size-full wp-image-11356\" src=\"https:\/\/moverdb.com\/wp-content\/uploads\/Johnson-Storage-Moving-international-moving-company.png\" alt=\"Johnson Storage &amp; Moving internasjonalt flyttebyr\u00e5\" width=\"1440\" height=\"677\" data-wp-pid=\"11356\" srcset=\"https:\/\/moverdb.com\/wp-content\/uploads\/Johnson-Storage-Moving-international-moving-company.png 1440w, https:\/\/moverdb.com\/wp-content\/uploads\/Johnson-Storage-Moving-international-moving-company-300x141.png 300w, https:\/\/moverdb.com\/wp-content\/uploads\/Johnson-Storage-Moving-international-moving-company-1024x481.png 1024w, https:\/\/moverdb.com\/wp-content\/uploads\/Johnson-Storage-Moving-international-moving-company-18x8.png 18w, https:\/\/moverdb.com\/wp-content\/uploads\/Johnson-Storage-Moving-international-moving-company-600x282.png 600w\" sizes=\"auto, (max-width: 1440px) 100vw, 1440px\" \/><\/p>\n<ul>\n<li>Lokale og mellomstatlige flyttinger<\/li>\n<li>Internasjonale flyttinger<\/li>\n<li>Flytting av husholdninger<\/li>\n<li>Kommersielle tiltak<\/li>\n<li>Flytting av bedrifter<\/li>\n<li>Dedikert flyttekonsulent<\/li>\n<li>Pakketjeneste<\/li>\n<li>Tilrettelegging av transport<\/li>\n<li>Tollklarering<\/li>\n<li>Lagringsanlegg<\/li>\n<\/ul>\n<p>Johnson Storage &amp; Moving er et flyttebyr\u00e5 som ble grunnlagt i 1900, og som har 12 kontorer over hele landet. <a href=\"https:\/\/moverdb.com\/nb\/moving-to-the-united-states\/\" data-internallinksmanager029f6b8e52c=\"94\" title=\"Flytte til USA? 2023 Levekostnader og flyttetips\">USA<\/a> inkludert en avdeling i Albuquerque. De samarbeider med et nettverk av globale partnere som gj\u00f8r det mulig for dem \u00e5 operere i over 200 land over hele verden, og de er akkreditert av FIDI.<\/p>\n<p>Johnson Storage &amp; Moving vurderer flyttebehovene dine ved \u00e5 gjennomf\u00f8re en gratis virtuell eller hjemmebesiktigelse og gi et tilbud. De hjelper deg gjennom hele flyttingen med en egen flyttekonsulent og lager en flytteplan. De tilbyr en komplett pakketjeneste og ordner transport med fortolling.<\/p>\n<p>Nettsted: <a href=\"https:\/\/johnsonstorage.com\/\" target=\"_blank\" rel=\"noopener\">https:\/\/johnsonstorage.com\/<\/a><\/p>","protected":false},"excerpt":{"rendered":"<p>When you are moving home it can be a stressful time with all the planning, packing, transportation arrangements and documentation requirements if you are moving abroad. So why not let a moving company do a lot of the hard work for you? Below we have compiled a list of New Mexico based removal companies that [&hellip;]<\/p>\n","protected":false},"author":4,"featured_media":11356,"parent":190,"menu_order":0,"comment_status":"closed","ping_status":"closed","template":"","meta":{"_genesis_hide_title":false,"_genesis_hide_breadcrumbs":false,"_genesis_hide_singular_image":false,"_genesis_hide_footer_widgets":false,"_genesis_custom_body_class":"","_genesis_custom_post_class":"","_genesis_layout":"","footnotes":""},"class_list":{"0":"post-11630","1":"page","2":"type-page","3":"status-publish","4":"has-post-thumbnail","6":"entry"},"_links":{"self":[{"href":"https:\/\/moverdb.com\/nb\/wp-json\/wp\/v2\/pages\/11630","targetHints":{"allow":["GET"]}}],"collection":[{"href":"https:\/\/moverdb.com\/nb\/wp-json\/wp\/v2\/pages"}],"about":[{"href":"https:\/\/moverdb.com\/nb\/wp-json\/wp\/v2\/types\/page"}],"author":[{"embeddable":true,"href":"https:\/\/moverdb.com\/nb\/wp-json\/wp\/v2\/users\/4"}],"replies":[{"embeddable":true,"href":"https:\/\/moverdb.com\/nb\/wp-json\/wp\/v2\/comments?post=11630"}],"version-history":[{"count":1,"href":"https:\/\/moverdb.com\/nb\/wp-json\/wp\/v2\/pages\/11630\/revisions"}],"predecessor-version":[{"id":11631,"href":"https:\/\/moverdb.com\/nb\/wp-json\/wp\/v2\/pages\/11630\/revisions\/11631"}],"up":[{"embeddable":true,"href":"https:\/\/moverdb.com\/nb\/wp-json\/wp\/v2\/pages\/190"}],"wp:featuredmedia":[{"embeddable":true,"href":"https:\/\/moverdb.com\/nb\/wp-json\/wp\/v2\/media\/11356"}],"wp:attachment":[{"href":"https:\/\/moverdb.com\/nb\/wp-json\/wp\/v2\/media?parent=11630"}],"curies":[{"name":"wp","href":"https:\/\/api.w.org\/{rel}","templated":true}]}}