{"id":11604,"date":"2023-11-22T15:51:56","date_gmt":"2023-11-22T15:51:56","guid":{"rendered":"https:\/\/moverdb.com\/?page_id=11604"},"modified":"2026-01-08T15:29:36","modified_gmt":"2026-01-08T15:29:36","slug":"moving-companies-los-angeles","status":"publish","type":"page","link":"https:\/\/moverdb.com\/nb\/moving-companies\/moving-companies-los-angeles\/","title":{"rendered":"De 8 beste internasjonale flyttebyr\u00e5ene i Los Angeles"},"content":{"rendered":"<p>N\u00e5r du skal flytte, er det mye \u00e5 tenke p\u00e5 og gj\u00f8re, s\u00e5 det er ikke s\u00e5 rart at s\u00e5 mange \u00f8nsker hjelp fra en flyttebyr\u00e5. <a href=\"https:\/\/moverdb.com\/nb\/moving-companies\/\" data-internallinksmanager029f6b8e52c=\"79\" title=\"Topp 25 internasjonale flyttebyr\u00e5er p\u00e5 nettet\">flyttefirma<\/a>. Det kan omfatte hjelp med planlegging, pakking, transport og toll hvis du flytter til utlandet. Nedenfor har vi samlet en liste over <a href=\"https:\/\/moverdb.com\/nb\/moving-to-los-angeles\/\" data-internallinksmanager029f6b8e52c=\"51\" title=\"Skal du flytte til Los Angeles? 2026 LA Levekostnader og tips om flytting\">Los Angeles<\/a> basert <a href=\"https:\/\/moverdb.com\/nb\/international-removals\/\" data-internallinksmanager029f6b8e52c=\"27\" title=\"De 36 beste internasjonale flyttebyr\u00e5ene i Storbritannia\">flyttebyr\u00e5er<\/a> som er medlemmer av <a href=\"https:\/\/moverdb.com\/nb\/iam\/\" data-internallinksmanager029f6b8e52c=\"23\" title=\"International Association of Movers (IAM) Forklaret\">International Association of Movers<\/a> (IAM) og\/eller <a href=\"https:\/\/moverdb.com\/nb\/fidi-faim\/\" data-internallinksmanager029f6b8e52c=\"16\" title=\"FIDI &amp; FAIM (FIDI-akkreditert internasjonal spedit\u00f8r) forklart\">FIDI<\/a> Accredited International Mover (FAIM) som kan hjelpe deg med flyttingen.<\/p>\n<div id=\"ez-toc-container\" class=\"ez-toc-v2_0_82_2 ez-toc-wrap-left counter-hierarchy ez-toc-counter ez-toc-transparent ez-toc-container-direction\">\n<div class=\"ez-toc-title-container\">\n<p class=\"ez-toc-title\" style=\"cursor:inherit\">Seksjoner<\/p>\n<span class=\"ez-toc-title-toggle\"><a href=\"#\" class=\"ez-toc-pull-right ez-toc-btn ez-toc-btn-xs ez-toc-btn-default ez-toc-toggle\" aria-label=\"Bytt innholdsfortegnelse\"><span class=\"ez-toc-js-icon-con\"><span class=\"\"><span class=\"eztoc-hide\" style=\"display:none;\">Toggle<\/span><span class=\"ez-toc-icon-toggle-span\"><svg style=\"fill: #999;color:#999\" xmlns=\"http:\/\/www.w3.org\/2000\/svg\" class=\"list-377408\" width=\"20px\" height=\"20px\" viewbox=\"0 0 24 24\" fill=\"none\"><path d=\"M6 6H4v2h2V6zm14 0H8v2h12V6zM4 11h2v2H4v-2zm16 0H8v2h12v-2zM4 16h2v2H4v-2zm16 0H8v2h12v-2z\" fill=\"currentColor\"><\/path><\/svg><svg style=\"fill: #999;color:#999\" class=\"arrow-unsorted-368013\" xmlns=\"http:\/\/www.w3.org\/2000\/svg\" width=\"10px\" height=\"10px\" viewbox=\"0 0 24 24\" version=\"1.2\" baseprofile=\"tiny\"><path d=\"M18.2 9.3l-6.2-6.3-6.2 6.3c-.2.2-.3.4-.3.7s.1.5.3.7c.2.2.4.3.7.3h11c.3 0 .5-.1.7-.3.2-.2.3-.5.3-.7s-.1-.5-.3-.7zM5.8 14.7l6.2 6.3 6.2-6.3c.2-.2.3-.5.3-.7s-.1-.5-.3-.7c-.2-.2-.4-.3-.7-.3h-11c-.3 0-.5.1-.7.3-.2.2-.3.5-.3.7s.1.5.3.7z\"\/><\/svg><\/span><\/span><\/span><\/a><\/span><\/div>\n<nav><ul class='ez-toc-list ez-toc-list-level-1 eztoc-toggle-hide-by-default' ><li class='ez-toc-page-1 ez-toc-heading-level-2'><a class=\"ez-toc-link ez-toc-heading-1\" href=\"https:\/\/moverdb.com\/nb\/moving-companies\/moving-companies-los-angeles\/#1_Acorn_International_Forwarding\" >1. Acorn International Forwarding<\/a><\/li><li class='ez-toc-page-1 ez-toc-heading-level-2'><a class=\"ez-toc-link ez-toc-heading-2\" href=\"https:\/\/moverdb.com\/nb\/moving-companies\/moving-companies-los-angeles\/#2_Airlift\" >2. Lufttransport<\/a><\/li><li class='ez-toc-page-1 ez-toc-heading-level-2'><a class=\"ez-toc-link ez-toc-heading-3\" href=\"https:\/\/moverdb.com\/nb\/moving-companies\/moving-companies-los-angeles\/#3_Alpha_Marine\" >3. Alpha Marine<\/a><\/li><li class='ez-toc-page-1 ez-toc-heading-level-2'><a class=\"ez-toc-link ez-toc-heading-4\" href=\"https:\/\/moverdb.com\/nb\/moving-companies\/moving-companies-los-angeles\/#4_Approved_Freight_Forwarders\" >4. Godkjente spedit\u00f8rer<\/a><\/li><li class='ez-toc-page-1 ez-toc-heading-level-2'><a class=\"ez-toc-link ez-toc-heading-5\" href=\"https:\/\/moverdb.com\/nb\/moving-companies\/moving-companies-los-angeles\/#5_Move_Happy\" >5. Flytt Happy<\/a><\/li><li class='ez-toc-page-1 ez-toc-heading-level-2'><a class=\"ez-toc-link ez-toc-heading-6\" href=\"https:\/\/moverdb.com\/nb\/moving-companies\/moving-companies-los-angeles\/#6_NorthStar_Moving_Company\" >6. NorthStar flyttebyr\u00e5<\/a><\/li><li class='ez-toc-page-1 ez-toc-heading-level-2'><a class=\"ez-toc-link ez-toc-heading-7\" href=\"https:\/\/moverdb.com\/nb\/moving-companies\/moving-companies-los-angeles\/#7_Schumacher_Cargo_Logistics\" >7. Schumacher Cargo Logistics<\/a><\/li><li class='ez-toc-page-1 ez-toc-heading-level-2'><a class=\"ez-toc-link ez-toc-heading-8\" href=\"https:\/\/moverdb.com\/nb\/moving-companies\/moving-companies-los-angeles\/#8_SDC_International_Shipping\" >8. SDC International Shipping<\/a><\/li><\/ul><\/nav><\/div>\n<h2><span class=\"ez-toc-section\" id=\"1_Acorn_International_Forwarding\"><\/span><strong>1. Acorn International Forwarding<\/strong><span class=\"ez-toc-section-end\"><\/span><\/h2>\n<p><img loading=\"lazy\" decoding=\"async\" class=\"alignnone size-full wp-image-11241\" src=\"https:\/\/moverdb.com\/wp-content\/uploads\/Acorn-International-Forwarding-moving-company.png\" alt=\"Acorn International Forwarding flyttebyr\u00e5\" width=\"1440\" height=\"679\" data-wp-pid=\"11241\" srcset=\"https:\/\/moverdb.com\/wp-content\/uploads\/Acorn-International-Forwarding-moving-company.png 1440w, https:\/\/moverdb.com\/wp-content\/uploads\/Acorn-International-Forwarding-moving-company-300x141.png 300w, https:\/\/moverdb.com\/wp-content\/uploads\/Acorn-International-Forwarding-moving-company-1024x483.png 1024w, https:\/\/moverdb.com\/wp-content\/uploads\/Acorn-International-Forwarding-moving-company-18x8.png 18w, https:\/\/moverdb.com\/wp-content\/uploads\/Acorn-International-Forwarding-moving-company-600x283.png 600w\" sizes=\"auto, (max-width: 1440px) 100vw, 1440px\" \/><\/p>\n<ul>\n<li>Nasjonale omplasseringer<\/li>\n<li>Internasjonale flyttinger<\/li>\n<li>Flytting av husholdninger<\/li>\n<li>Kommersielle tjenester<\/li>\n<li>D\u00f8r-til-d\u00f8r-tjeneste<\/li>\n<li>Pakketjeneste<\/li>\n<li>Luft-, sj\u00f8- og landeveisfrakt<\/li>\n<li>Tollbehandling<\/li>\n<li>Sporing av forsendelser<\/li>\n<li>Sikker lagring<\/li>\n<\/ul>\n<p>Acorn International Forwarding er et spedisjonsselskap som ble grunnlagt i 1986 og holder til i Los Angeles. De har en global forsyningskjede som hjelper dem med \u00e5 levere tjenester over hele verden. De er medlem av IAM og har 36 \u00e5rs erfaring.<\/p>\n<p>Acorn International Forwarding har spesialisert seg p\u00e5 milit\u00e6re og kommersielle flyttinger, men tar ogs\u00e5 h\u00e5nd om boliger, kontorer og bedrifter. De tilbyr en d\u00f8r-til-d\u00f8r-tjeneste som starter med en kartlegging f\u00f8r flytting for \u00e5 vurdere flyttebehovene dine. De tilbyr pakkeservice for \u00e5 beskytte eiendelene dine under transport, og de ordner transport med fly, b\u00e5t eller bil med tollst\u00f8tte.<\/p>\n<p>Nettsted: <a href=\"https:\/\/acornlogistics.net\/\" target=\"_blank\" rel=\"noopener\">https:\/\/acornlogistics.net\/<\/a><\/p>\n<h2><span class=\"ez-toc-section\" id=\"2_Airlift\"><\/span><strong>2. Lufttransport<\/strong><span class=\"ez-toc-section-end\"><\/span><\/h2>\n<p><img loading=\"lazy\" decoding=\"async\" class=\"alignnone size-full wp-image-11248\" src=\"https:\/\/moverdb.com\/wp-content\/uploads\/Airlift-international-moving-company.png\" alt=\"Airlift internasjonalt flyttebyr\u00e5\" width=\"1440\" height=\"685\" data-wp-pid=\"11248\" srcset=\"https:\/\/moverdb.com\/wp-content\/uploads\/Airlift-international-moving-company.png 1440w, https:\/\/moverdb.com\/wp-content\/uploads\/Airlift-international-moving-company-300x143.png 300w, https:\/\/moverdb.com\/wp-content\/uploads\/Airlift-international-moving-company-1024x487.png 1024w, https:\/\/moverdb.com\/wp-content\/uploads\/Airlift-international-moving-company-18x9.png 18w, https:\/\/moverdb.com\/wp-content\/uploads\/Airlift-international-moving-company-600x285.png 600w\" sizes=\"auto, (max-width: 1440px) 100vw, 1440px\" \/><\/p>\n<ul>\n<li>Lokale og nasjonale tiltak<\/li>\n<li>Internasjonale flyttinger<\/li>\n<li>Flytting av husholdninger<\/li>\n<li>Kommersielle tjenester<\/li>\n<li>Flytteansvarlig<\/li>\n<li>Pakketjeneste<\/li>\n<li>Luft-, sj\u00f8- og landeveisfrakt<\/li>\n<li>Tollklarering<\/li>\n<li>Sporing av forsendelser<\/li>\n<li>Lagringsanlegg<\/li>\n<\/ul>\n<p>Airlift er et globalt logistikkselskap som tilbyr skreddersydde l\u00f8sninger for styring av forsyningskjeden, og er basert i Los Angeles. De samarbeider med et internasjonalt nettverk av store transport\u00f8rer og selskaper for \u00e5 levere tjenester over hele verden. De er medlem av IAM.<\/p>\n<p>Airlift tilbyr skreddersydde flyttetjenester som de tilpasser etter dine behov og planlegger hvert trinn i flyttingen. De tilbyr en pakketjeneste for \u00e5 beskytte eiendelene dine mens de er under transport. De utnevner en oppl\u00e6rt flytteansvarlig som koordinerer flyttingen og hjelper deg med dokumentasjonen. De tilbyr ogs\u00e5 et sporingssystem slik at du kan f\u00f8lge med p\u00e5 forsendelsen.<\/p>\n<p>Nettsted: <a href=\"https:\/\/www.airliftusa.com\/\" target=\"_blank\" rel=\"noopener\">https:\/\/www.airliftusa.com\/<\/a><\/p>\n<h2><span class=\"ez-toc-section\" id=\"3_Alpha_Marine\"><\/span><strong>3. Alpha Marine<\/strong><span class=\"ez-toc-section-end\"><\/span><\/h2>\n<p><img loading=\"lazy\" decoding=\"async\" class=\"alignnone size-full wp-image-11254\" src=\"https:\/\/moverdb.com\/wp-content\/uploads\/Alpha-Marine-international-moving-company.png\" alt=\"Alpha Marine internasjonalt flyttebyr\u00e5\" width=\"1440\" height=\"680\" data-wp-pid=\"11254\" srcset=\"https:\/\/moverdb.com\/wp-content\/uploads\/Alpha-Marine-international-moving-company.png 1440w, https:\/\/moverdb.com\/wp-content\/uploads\/Alpha-Marine-international-moving-company-300x142.png 300w, https:\/\/moverdb.com\/wp-content\/uploads\/Alpha-Marine-international-moving-company-1024x484.png 1024w, https:\/\/moverdb.com\/wp-content\/uploads\/Alpha-Marine-international-moving-company-18x9.png 18w, https:\/\/moverdb.com\/wp-content\/uploads\/Alpha-Marine-international-moving-company-600x283.png 600w\" sizes=\"auto, (max-width: 1440px) 100vw, 1440px\" \/><\/p>\n<ul>\n<li>Internasjonale flyttinger<\/li>\n<li>Flytting av husholdninger<\/li>\n<li>Kommersielle tjenester<\/li>\n<li>D\u00f8r-til-d\u00f8r eller <a href=\"https:\/\/moverdb.com\/nb\/top-49-container-ports\/\" data-internallinksmanager029f6b8e52c=\"80\" title=\"De 49 st\u00f8rste og travleste containerhavnene i 2025\">port<\/a> tjenester<\/li>\n<li>Alternativer for pakking<\/li>\n<li>Beholdningstjeneste<\/li>\n<li>Transportordninger<\/li>\n<li>Tollklarering<\/li>\n<li>Transport av kj\u00f8ret\u00f8y<\/li>\n<li>Forsikring<\/li>\n<\/ul>\n<p>Alpha Marine er et internasjonalt <a href=\"https:\/\/moverdb.com\/nb\/freight-forwarder\/\" data-internallinksmanager029f6b8e52c=\"17\" title=\"Spedit\u00f8r &amp; NVOCC Internasjonal kostnads- og selskapsguide\">spedit\u00f8r<\/a> som holder til i North Hollywood. De samarbeider med agenter over hele verden som de har etablert langsiktige relasjoner med for \u00e5 hjelpe dem med \u00e5 levere internasjonale tjenester. De er medlem av IAM og har 13 \u00e5rs erfaring.<\/p>\n<p>Alpha Marine gir deg r\u00e5d om de mest kostnadseffektive og effektive transportformene for dine behov. De kan tilby tjenester fra d\u00f8r til d\u00f8r, fra havn til havn, fra d\u00f8r til havn eller fra havn til d\u00f8r. De kan ogs\u00e5 tilby et utvalg av pakketjenester som kan omfatte delvis eller full service med inventarliste. De tilbyr ogs\u00e5 transport av kj\u00f8ret\u00f8y og forsikringstjenester.<\/p>\n<p>Nettsted: <a href=\"https:\/\/www.alphamarineus.com\/\" target=\"_blank\" rel=\"noopener\">https:\/\/www.alphamarineus.com\/<\/a><\/p>\n<h2><span class=\"ez-toc-section\" id=\"4_Approved_Freight_Forwarders\"><\/span><strong>4. Godkjente spedit\u00f8rer<\/strong><span class=\"ez-toc-section-end\"><\/span><\/h2>\n<p><img loading=\"lazy\" decoding=\"async\" class=\"alignnone size-full wp-image-11258\" src=\"https:\/\/moverdb.com\/wp-content\/uploads\/Approved-Freight-Forwarders-international-moving-company.png\" alt=\"Godkjente spedit\u00f8rer for internasjonal flytting\" width=\"1440\" height=\"683\" data-wp-pid=\"11258\" srcset=\"https:\/\/moverdb.com\/wp-content\/uploads\/Approved-Freight-Forwarders-international-moving-company.png 1440w, https:\/\/moverdb.com\/wp-content\/uploads\/Approved-Freight-Forwarders-international-moving-company-300x142.png 300w, https:\/\/moverdb.com\/wp-content\/uploads\/Approved-Freight-Forwarders-international-moving-company-1024x486.png 1024w, https:\/\/moverdb.com\/wp-content\/uploads\/Approved-Freight-Forwarders-international-moving-company-18x9.png 18w, https:\/\/moverdb.com\/wp-content\/uploads\/Approved-Freight-Forwarders-international-moving-company-600x285.png 600w\" sizes=\"auto, (max-width: 1440px) 100vw, 1440px\" \/><\/p>\n<ul>\n<li>Nasjonale omplasseringer<\/li>\n<li>Internasjonale flyttinger<\/li>\n<li>Flytting av husholdninger<\/li>\n<li>Flytting av kontorer og industri<\/li>\n<li>Personlig tilpasset tjeneste<\/li>\n<li>End-to-end-l\u00f8sninger<\/li>\n<li>Luft-, sj\u00f8- og landeveisfrakt<\/li>\n<li>Tollbehandling<\/li>\n<li>Montering og installasjon av tjenester<\/li>\n<li>Lagringsanlegg<\/li>\n<\/ul>\n<p>Approved Freight Forwarders er et flytte- og spedisjonsfirma som ble etablert i 1991 med hovedkontor i Los Angeles og kontor i Honolulu. De er en del av Dewitt Company og har et verdensomspennende nettverk av partnere som bist\u00e5r dem med sine tjenester. De er medlem av IAM og har 17 \u00e5rs erfaring.<\/p>\n<p>Approved Freight Forwarders lager en skreddersydd flytteplan som dekker dine behov fra start til slutt. De tilbyr en rekke frakttjenester som omfatter vei-, fly- og sj\u00f8transport med mindre enn full og full last for containere og lastebiler som kan dekke ethvert volum og budsjett.<\/p>\n<p>Nettsted: <a href=\"https:\/\/www.approvedforwarders.com\/\" target=\"_blank\" rel=\"noopener\">https:\/\/www.approvedforwarders.com\/<\/a><\/p>\n<h2><span class=\"ez-toc-section\" id=\"5_Move_Happy\"><\/span><strong>5. Flytt Happy<\/strong><span class=\"ez-toc-section-end\"><\/span><\/h2>\n<p><img loading=\"lazy\" decoding=\"async\" class=\"alignnone size-full wp-image-11383\" src=\"https:\/\/moverdb.com\/wp-content\/uploads\/Move-Happy-international-moving-company.png\" alt=\"Move Happy internasjonalt flyttebyr\u00e5\" width=\"1440\" height=\"679\" data-wp-pid=\"11383\" srcset=\"https:\/\/moverdb.com\/wp-content\/uploads\/Move-Happy-international-moving-company.png 1440w, https:\/\/moverdb.com\/wp-content\/uploads\/Move-Happy-international-moving-company-300x141.png 300w, https:\/\/moverdb.com\/wp-content\/uploads\/Move-Happy-international-moving-company-1024x483.png 1024w, https:\/\/moverdb.com\/wp-content\/uploads\/Move-Happy-international-moving-company-18x8.png 18w, https:\/\/moverdb.com\/wp-content\/uploads\/Move-Happy-international-moving-company-600x283.png 600w\" sizes=\"auto, (max-width: 1440px) 100vw, 1440px\" \/><\/p>\n<ul>\n<li>Lokale og langdistanse flyttinger<\/li>\n<li>Internasjonale flyttinger<\/li>\n<li>Flytting av husholdninger<\/li>\n<li>Handels- og kontorflyttinger<\/li>\n<li>D\u00f8r-til-d\u00f8r-tjeneste<\/li>\n<li>Pakketjeneste<\/li>\n<li>Land-, sj\u00f8- og lufttransport<\/li>\n<li>Valg av beholdere<\/li>\n<li>Tollst\u00f8tte<\/li>\n<li>Lagringsanlegg<\/li>\n<\/ul>\n<p>Move Happy er et flyttebyr\u00e5 basert i North Hollywood som tilbyr lokale, langdistanse og internasjonale flyttinger. De har et omfattende nettverk over hele verden som hjelper dem med \u00e5 levere sine tjenester internasjonalt. De er medlem av IAM og har 32 \u00e5rs erfaring.<\/p>\n<p>Move Happy tilbyr en gratis konsultasjon for \u00e5 vurdere flyttebehovene dine, og deretter lager de en skreddersydd flytteplan. De tilbyr en pakketjeneste som beskytter eiendelene dine, og de kan skreddersy kasser til skj\u00f8re gjenstander. De ordner forsendelsen av eiendelene dine til bestemmelsesstedet og hjelper deg med tollprosedyrer.<\/p>\n<p>Nettsted: <a href=\"http:\/\/www.imovehappy.com\" target=\"_blank\" rel=\"noopener\">http:\/\/www.imovehappy.com<\/a><\/p>\n<h2><span class=\"ez-toc-section\" id=\"6_NorthStar_Moving_Company\"><\/span><strong>6. NorthStar flyttebyr\u00e5<\/strong><span class=\"ez-toc-section-end\"><\/span><\/h2>\n<p><img loading=\"lazy\" decoding=\"async\" class=\"alignnone size-full wp-image-11398\" src=\"https:\/\/moverdb.com\/wp-content\/uploads\/NorthStar-Moving-Company-international-moving-company.png\" alt=\"NorthStar Moving Company internasjonalt flyttebyr\u00e5\" width=\"1440\" height=\"676\" data-wp-pid=\"11398\" srcset=\"https:\/\/moverdb.com\/wp-content\/uploads\/NorthStar-Moving-Company-international-moving-company.png 1440w, https:\/\/moverdb.com\/wp-content\/uploads\/NorthStar-Moving-Company-international-moving-company-300x141.png 300w, https:\/\/moverdb.com\/wp-content\/uploads\/NorthStar-Moving-Company-international-moving-company-1024x481.png 1024w, https:\/\/moverdb.com\/wp-content\/uploads\/NorthStar-Moving-Company-international-moving-company-18x8.png 18w, https:\/\/moverdb.com\/wp-content\/uploads\/NorthStar-Moving-Company-international-moving-company-600x282.png 600w\" sizes=\"auto, (max-width: 1440px) 100vw, 1440px\" \/><\/p>\n<ul>\n<li>Lokale og mellomstatlige flyttinger<\/li>\n<li>Internasjonale flyttinger<\/li>\n<li>Flytting av husholdninger<\/li>\n<li>Flytting av kontorer<\/li>\n<li>Pakketjeneste<\/li>\n<li>Transportordninger<\/li>\n<li>Transport av kj\u00f8ret\u00f8y og kj\u00e6ledyr<\/li>\n<li>Kunstbevegelser<\/li>\n<li>Forsikring<\/li>\n<li>Lagringsanlegg<\/li>\n<\/ul>\n<p>NorthStar Moving Company er et flyttebyr\u00e5 som ble grunnlagt i 1994 og holder til i Northridge. <a href=\"https:\/\/moverdb.com\/nb\/moving-to-the-united-states\/moving-to-california\/\" data-internallinksmanager029f6b8e52c=\"330\" title=\"Flytter du til California? 2023 Levekostnader og flyttetips\">California<\/a> med lokasjoner i <a href=\"https:\/\/moverdb.com\/nb\/moving-to-the-united-states\/moving-to-arizona\/\" data-internallinksmanager029f6b8e52c=\"385\" title=\"Flytter du til Arizona? 2023 Levekostnader og flyttetips\">Arizona<\/a> og <a href=\"https:\/\/moverdb.com\/nb\/moving-to-the-united-states\/moving-to-texas\/\" data-internallinksmanager029f6b8e52c=\"397\" title=\"Flytter du til Texas? 2023 Levekostnader og flyttetips\">Texas<\/a>. De er medlem av IAM og har 29 \u00e5rs erfaring, noe som gir dem tilgang til et internasjonalt nettverk av flyttebyr\u00e5er.<\/p>\n<p>NorthStar Moving Company tilbyr et gratis videoestimat for \u00e5 kartlegge dine flyttebehov og skreddersyr sine tjenester etter dine behov. De tilbyr fullservicepakker og luksuspakker som tar h\u00e5nd om alle aspekter av flyttingen. Pakkeservicen deres beskytter eiendelene dine under transport ved hjelp av profesjonelle flyttefolk og teknikker.<\/p>\n<p>Nettsted: <a href=\"http:\/\/www.northstarmoving.com\/\" target=\"_blank\" rel=\"noopener\">http:\/\/www.northstarmoving.com\/<\/a><\/p>\n<h2><span class=\"ez-toc-section\" id=\"7_Schumacher_Cargo_Logistics\"><\/span><strong>7. Schumacher Cargo Logistics<\/strong><span class=\"ez-toc-section-end\"><\/span><\/h2>\n<p><img loading=\"lazy\" decoding=\"async\" class=\"alignnone size-full wp-image-11435\" src=\"https:\/\/moverdb.com\/wp-content\/uploads\/Schumacher-Cargo-Logistics-international-moving-company.png\" alt=\"Schumacher Cargo Logistics internasjonalt flyttebyr\u00e5\" width=\"1440\" height=\"682\" data-wp-pid=\"11435\" srcset=\"https:\/\/moverdb.com\/wp-content\/uploads\/Schumacher-Cargo-Logistics-international-moving-company.png 1440w, https:\/\/moverdb.com\/wp-content\/uploads\/Schumacher-Cargo-Logistics-international-moving-company-300x142.png 300w, https:\/\/moverdb.com\/wp-content\/uploads\/Schumacher-Cargo-Logistics-international-moving-company-1024x485.png 1024w, https:\/\/moverdb.com\/wp-content\/uploads\/Schumacher-Cargo-Logistics-international-moving-company-18x9.png 18w, https:\/\/moverdb.com\/wp-content\/uploads\/Schumacher-Cargo-Logistics-international-moving-company-600x284.png 600w\" sizes=\"auto, (max-width: 1440px) 100vw, 1440px\" \/><\/p>\n<ul>\n<li>Internasjonale flyttinger<\/li>\n<li>Flytting av husholdninger<\/li>\n<li>Kommersielle tjenester<\/li>\n<li>D\u00f8r-til-d\u00f8r- eller d\u00f8r-til-havn-tjeneste<\/li>\n<li>Inkludert og tilpasset tilbud<\/li>\n<li>Pakketjeneste<\/li>\n<li>Alternativer for containere<\/li>\n<li>Tollklarering<\/li>\n<li><a href=\"https:\/\/moverdb.com\/nb\/car-transport-shipping\/\" data-internallinksmanager029f6b8e52c=\"2\" title=\"2026 Internasjonal biltransport og tilbud p\u00e5 frakt av kj\u00f8ret\u00f8y\">Frakt av kj\u00f8ret\u00f8y<\/a><\/li>\n<li>Lagringsanlegg<\/li>\n<\/ul>\n<p>Schumacher Cargo Logistics er en <a href=\"https:\/\/moverdb.com\/nb\/international-car-shipping-cost\/\" data-internallinksmanager029f6b8e52c=\"383\" title=\"Hvor mye koster internasjonal bilfrakt i 2025?\">internasjonal transport av kj\u00f8ret\u00f8y<\/a> og utenlandsflyttingsselskap etablert i Los Angeles i 1977, med ytterligere lokasjoner i <a href=\"https:\/\/moverdb.com\/nb\/moving-to-san-francisco\/\" data-internallinksmanager029f6b8e52c=\"63\" title=\"Flytte til San Francisco? 2023 Levekostnader og flyttetips\">San Francisco<\/a>, <a href=\"https:\/\/moverdb.com\/nb\/moving-to-the-united-states\/moving-to-new-york\/\" data-internallinksmanager029f6b8e52c=\"332\" title=\"Flytter du til New York (delstat)? 2023 Levekostnader og flyttetips\">New York<\/a>, <a href=\"https:\/\/moverdb.com\/nb\/moving-to-miami\/\" data-internallinksmanager029f6b8e52c=\"54\" title=\"Flytte til Miami? 2023 Levekostnader og flyttetips\">Miami<\/a>, <a href=\"https:\/\/moverdb.com\/nb\/moving-to-houston\/\" data-internallinksmanager029f6b8e52c=\"47\" title=\"Flytte til Houston? 2023 Levekostnader og flyttetips\">Houston<\/a> og Savannah. De har ogs\u00e5 et nettverk av globale flyttepartnere som st\u00f8tter dem. De er medlem av IAM med 22 \u00e5rs erfaring og er akkreditert av FIDI.<\/p>\n<p>Schumacher Cargo Logistics gir deg et skreddersydd tilbud som er tilpasset dine behov med s\u00e5 n\u00f8yaktig informasjon som mulig, og tilbyr alternativer som passer budsjettet ditt. De tilbyr containeralternativer avhengig av volumet p\u00e5 varene dine, inkludert 20- eller 40-fots containere eller en delt container.<\/p>\n<p>Nettsted: <a href=\"https:\/\/www.schumachercargo.com\/\" target=\"_blank\" rel=\"noopener\">https:\/\/www.schumachercargo.com\/<\/a><\/p>\n<h2><span class=\"ez-toc-section\" id=\"8_SDC_International_Shipping\"><\/span><strong>8. SDC International Shipping<\/strong><span class=\"ez-toc-section-end\"><\/span><\/h2>\n<p><img loading=\"lazy\" decoding=\"async\" class=\"alignnone size-full wp-image-11437\" src=\"https:\/\/moverdb.com\/wp-content\/uploads\/SDC-International-Shipping-moving-company.png\" alt=\"SDC International Shipping flyttebyr\u00e5\" width=\"1440\" height=\"665\" data-wp-pid=\"11437\" srcset=\"https:\/\/moverdb.com\/wp-content\/uploads\/SDC-International-Shipping-moving-company.png 1440w, https:\/\/moverdb.com\/wp-content\/uploads\/SDC-International-Shipping-moving-company-300x139.png 300w, https:\/\/moverdb.com\/wp-content\/uploads\/SDC-International-Shipping-moving-company-1024x473.png 1024w, https:\/\/moverdb.com\/wp-content\/uploads\/SDC-International-Shipping-moving-company-18x8.png 18w, https:\/\/moverdb.com\/wp-content\/uploads\/SDC-International-Shipping-moving-company-600x277.png 600w\" sizes=\"auto, (max-width: 1440px) 100vw, 1440px\" \/><\/p>\n<ul>\n<li>Internasjonale flyttinger<\/li>\n<li>Flytting av husholdninger<\/li>\n<li>Flytting av bedrifter<\/li>\n<li>D\u00f8r-til-d\u00f8r-tjeneste<\/li>\n<li>Pakketjenester<\/li>\n<li>Sj\u00f8- og luftfrakt<\/li>\n<li>Frakt av kunstverk<\/li>\n<li>Frakt av kj\u00f8ret\u00f8y<\/li>\n<li>Forsikring<\/li>\n<li>Lagringsanlegg<\/li>\n<\/ul>\n<p>SDC <a href=\"https:\/\/moverdb.com\/nb\/container-shipping\/\" data-internallinksmanager029f6b8e52c=\"3\" title=\"Diagram over internasjonale fraktrater for containere: April 2026\">Internasjonal skipsfart<\/a> er en internasjonal flytte- og <a href=\"https:\/\/moverdb.com\/nb\/shipping-companies\/\" data-internallinksmanager029f6b8e52c=\"4\" title=\"Topp 10 internasjonale containerrederier\">rederi<\/a> som holder til i Sherman Oaks. De er en del av et av verdens st\u00f8rste nettverk av spedit\u00f8rer, noe som gj\u00f8r dem i stand til \u00e5 levere og skreddersy internasjonale tjenester. De er medlem av IAM.<\/p>\n<p>SDC International Shipping tilbyr skreddersydde tjenester, og deres flyttespesialister lager et tilpasset tilbud med de tjenestene du \u00f8nsker. De tilbyr en d\u00f8r-til-d\u00f8r-flyttetjeneste der eiendelene dine flyttes med sj\u00f8- eller flyfrakt, avhengig av behov og budsjett. De tilbyr ogs\u00e5 tilleggstjenester som pakking, h\u00e5ndtering av kunstverk, bil- og b\u00e5ttransport, forsikring og lagring.<\/p>\n<p>Nettsted: <a href=\"http:\/\/www.sdcinternationalshipping.com\" target=\"_blank\" rel=\"noopener\">http:\/\/www.sdcinternationalshipping.com<\/a><\/p>","protected":false},"excerpt":{"rendered":"<p>When you are moving there are so many things to do and think about, so there\u2019s no wonder why so many people enlist the help of a moving company. It can include help with planning, packing, transportation and customs if moving abroad. Below we have compiled a list of Los Angeles based removal companies that [&hellip;]<\/p>\n","protected":false},"author":4,"featured_media":11241,"parent":190,"menu_order":0,"comment_status":"closed","ping_status":"closed","template":"","meta":{"_genesis_hide_title":false,"_genesis_hide_breadcrumbs":false,"_genesis_hide_singular_image":false,"_genesis_hide_footer_widgets":false,"_genesis_custom_body_class":"","_genesis_custom_post_class":"","_genesis_layout":"","footnotes":""},"class_list":{"0":"post-11604","1":"page","2":"type-page","3":"status-publish","4":"has-post-thumbnail","6":"entry"},"_links":{"self":[{"href":"https:\/\/moverdb.com\/nb\/wp-json\/wp\/v2\/pages\/11604","targetHints":{"allow":["GET"]}}],"collection":[{"href":"https:\/\/moverdb.com\/nb\/wp-json\/wp\/v2\/pages"}],"about":[{"href":"https:\/\/moverdb.com\/nb\/wp-json\/wp\/v2\/types\/page"}],"author":[{"embeddable":true,"href":"https:\/\/moverdb.com\/nb\/wp-json\/wp\/v2\/users\/4"}],"replies":[{"embeddable":true,"href":"https:\/\/moverdb.com\/nb\/wp-json\/wp\/v2\/comments?post=11604"}],"version-history":[{"count":1,"href":"https:\/\/moverdb.com\/nb\/wp-json\/wp\/v2\/pages\/11604\/revisions"}],"predecessor-version":[{"id":11605,"href":"https:\/\/moverdb.com\/nb\/wp-json\/wp\/v2\/pages\/11604\/revisions\/11605"}],"up":[{"embeddable":true,"href":"https:\/\/moverdb.com\/nb\/wp-json\/wp\/v2\/pages\/190"}],"wp:featuredmedia":[{"embeddable":true,"href":"https:\/\/moverdb.com\/nb\/wp-json\/wp\/v2\/media\/11241"}],"wp:attachment":[{"href":"https:\/\/moverdb.com\/nb\/wp-json\/wp\/v2\/media?parent=11604"}],"curies":[{"name":"wp","href":"https:\/\/api.w.org\/{rel}","templated":true}]}}