{"id":11602,"date":"2023-11-29T10:33:42","date_gmt":"2023-11-29T10:33:42","guid":{"rendered":"https:\/\/moverdb.com\/?page_id=11602"},"modified":"2026-01-08T15:24:17","modified_gmt":"2026-01-08T15:24:17","slug":"moving-companies-us-jacksonville","status":"publish","type":"page","link":"https:\/\/moverdb.com\/nb\/moving-companies\/moving-companies-us-jacksonville\/","title":{"rendered":"De 3 beste internasjonale flyttebyr\u00e5ene i Jacksonville"},"content":{"rendered":"<p>Hvis du planlegger \u00e5 flytte lokalt, nasjonalt eller internasjonalt til eller fra Jacksonville, kan det v\u00e6re lurt \u00e5 f\u00e5 hjelp. <a href=\"https:\/\/moverdb.com\/nb\/moving-companies\/\" data-internallinksmanager029f6b8e52c=\"79\" title=\"Topp 25 internasjonale flyttebyr\u00e5er p\u00e5 nettet\">Flyttefirmaer<\/a> tilbyr en rekke tjenester, inkludert planlegging, pakking, transport, tollh\u00e5ndtering og utpakking. Nedenfor har vi satt sammen en liste over Jacksonville-baserte <a href=\"https:\/\/moverdb.com\/nb\/international-removals\/\" data-internallinksmanager029f6b8e52c=\"27\" title=\"De 36 beste internasjonale flyttebyr\u00e5ene i Storbritannia\">flyttebyr\u00e5er<\/a> som er medlemmer av <a href=\"https:\/\/moverdb.com\/nb\/iam\/\" data-internallinksmanager029f6b8e52c=\"23\" title=\"International Association of Movers (IAM) Forklaret\">International Association of Movers<\/a> (IAM) og\/eller <a href=\"https:\/\/moverdb.com\/nb\/fidi-faim\/\" data-internallinksmanager029f6b8e52c=\"16\" title=\"FIDI &amp; FAIM (FIDI-akkreditert internasjonal spedit\u00f8r) forklart\">FIDI<\/a> Accredited International Mover (FAIM) som kan hjelpe deg med flyttingen.<\/p>\n<h2><strong>1. Conser Flytting og lagring<\/strong><\/h2>\n<p><img loading=\"lazy\" decoding=\"async\" class=\"alignnone size-full wp-image-11292\" src=\"https:\/\/moverdb.com\/wp-content\/uploads\/Conser-Moving-Storage-international-moving-company.png\" alt=\"Conser Moving &amp; Storage internasjonalt flyttebyr\u00e5\" width=\"1440\" height=\"681\" data-wp-pid=\"11292\" srcset=\"https:\/\/moverdb.com\/wp-content\/uploads\/Conser-Moving-Storage-international-moving-company.png 1440w, https:\/\/moverdb.com\/wp-content\/uploads\/Conser-Moving-Storage-international-moving-company-300x142.png 300w, https:\/\/moverdb.com\/wp-content\/uploads\/Conser-Moving-Storage-international-moving-company-1024x484.png 1024w, https:\/\/moverdb.com\/wp-content\/uploads\/Conser-Moving-Storage-international-moving-company-18x9.png 18w, https:\/\/moverdb.com\/wp-content\/uploads\/Conser-Moving-Storage-international-moving-company-600x284.png 600w\" sizes=\"auto, (max-width: 1440px) 100vw, 1440px\" \/><\/p>\n<ul>\n<li>Lokale tiltak<\/li>\n<li>Langdistanseflyttinger<\/li>\n<li>Flytting av boliger<\/li>\n<li>Flytting av kontorer<\/li>\n<li>Skreddersydd tjeneste<\/li>\n<li>Valg av flyttealternativer<\/li>\n<li>H\u00e5ndtering av flytting<\/li>\n<li>Transportordning<\/li>\n<li>Flytt beskyttelse<\/li>\n<li>Lagringsanlegg<\/li>\n<\/ul>\n<p>Conser Moving &amp; Storage er et flytte- og oppbevaringsselskap som spesialiserer seg p\u00e5 innenlandske og milit\u00e6re flyttinger, og de holder til i Jacksonville. De er agent for Mayflower Transit, som har levert flyttetjenester i over 90 \u00e5r. De er medlem av IAM og har 11 \u00e5rs erfaring.<\/p>\n<p>Conser Moving &amp; Storage gir deg all den hjelpen du trenger i forbindelse med flyttingen, slik at du kan lage en flytteplan med tilpassede alternativer for de tjenestene du trenger. De hjelper deg med \u00e5 finne en flytteplan som passer dine behov, ditt budsjett og din tidsplan.<\/p>\n<p>Nettsted: <a href=\"https:\/\/consermoving.com\" target=\"_blank\" rel=\"noopener\">https:\/\/consermoving.com<\/a><\/p>\n<h2><strong>2. DN Van Lines<\/strong><\/h2>\n<p><img loading=\"lazy\" decoding=\"async\" class=\"alignnone size-full wp-image-11307\" src=\"https:\/\/moverdb.com\/wp-content\/uploads\/DN-Van-Lines-international-moving-company.png\" alt=\"DN Van Lines internasjonale flyttebyr\u00e5\" width=\"1440\" height=\"670\" data-wp-pid=\"11307\" srcset=\"https:\/\/moverdb.com\/wp-content\/uploads\/DN-Van-Lines-international-moving-company.png 1440w, https:\/\/moverdb.com\/wp-content\/uploads\/DN-Van-Lines-international-moving-company-300x140.png 300w, https:\/\/moverdb.com\/wp-content\/uploads\/DN-Van-Lines-international-moving-company-1024x476.png 1024w, https:\/\/moverdb.com\/wp-content\/uploads\/DN-Van-Lines-international-moving-company-18x8.png 18w, https:\/\/moverdb.com\/wp-content\/uploads\/DN-Van-Lines-international-moving-company-600x279.png 600w\" sizes=\"auto, (max-width: 1440px) 100vw, 1440px\" \/><\/p>\n<ul>\n<li>Lokale og mellomstatlige flyttinger<\/li>\n<li>Internasjonale flyttinger<\/li>\n<li>Flytting av husholdninger<\/li>\n<li>Kontor- og kommersielle flyttinger<\/li>\n<li>Personlig flytteansvarlig<\/li>\n<li>Pakketjenester<\/li>\n<li>Beholdningsforvaltning<\/li>\n<li>Transportordning<\/li>\n<li>Forsikring<\/li>\n<li>Lagringstjenester<\/li>\n<\/ul>\n<p>DN Van Lines er et flytte- og lagringsselskap som ble grunnlagt i 2001 og har avdelinger i Jacksonville, <a href=\"https:\/\/moverdb.com\/nb\/moving-to-the-united-states\/moving-to-massachusetts\/\" data-internallinksmanager029f6b8e52c=\"412\" title=\"Flytter du til Massachusetts? 2023 Levekostnader og flyttetips\">Massachusetts<\/a> og <a href=\"https:\/\/moverdb.com\/nb\/moving-to-the-united-states\/moving-to-virginia\/\" data-internallinksmanager029f6b8e52c=\"442\" title=\"Flytte til Virginia? 2023 Levekostnader og tips om flytting\">Virginia<\/a>. De samarbeider med et p\u00e5litelig nettverk av leverand\u00f8rer av flyttetjenester over hele verden. De er medlem av IAM og har 14 \u00e5rs erfaring.<\/p>\n<p>DN Van Lines tilbyr et gratis kostnadsoverslag og en gratis befaring hjemme hos deg eller en virtuell befaring for \u00e5 vurdere dine flyttebehov. De tilbyr en personlig relocation manager som lager en detaljert flytteplan som er skreddersydd for dine behov, og som hjelper deg gjennom hele flyttingen. De tilbyr en pakketjeneste som inkluderer en detaljert oversikt over gjenstandene dine.<\/p>\n<p>Nettsted: <a href=\"http:\/\/www.dnvanlines.com\" target=\"_blank\" rel=\"noopener\">http:\/\/www.dnvanlines.com<\/a><\/p>\n<h2><strong>3. Suddath<\/strong><\/h2>\n<p><img loading=\"lazy\" decoding=\"async\" class=\"alignnone size-full wp-image-11450\" src=\"https:\/\/moverdb.com\/wp-content\/uploads\/Suddath-international-moving-company.png\" alt=\"Suddath internasjonalt flyttebyr\u00e5\" width=\"1440\" height=\"677\" data-wp-pid=\"11450\" srcset=\"https:\/\/moverdb.com\/wp-content\/uploads\/Suddath-international-moving-company.png 1440w, https:\/\/moverdb.com\/wp-content\/uploads\/Suddath-international-moving-company-300x141.png 300w, https:\/\/moverdb.com\/wp-content\/uploads\/Suddath-international-moving-company-1024x481.png 1024w, https:\/\/moverdb.com\/wp-content\/uploads\/Suddath-international-moving-company-18x8.png 18w, https:\/\/moverdb.com\/wp-content\/uploads\/Suddath-international-moving-company-600x282.png 600w\" sizes=\"auto, (max-width: 1440px) 100vw, 1440px\" \/><\/p>\n<ul>\n<li>Lokale og langdistanse flyttinger<\/li>\n<li>Internasjonale flyttinger<\/li>\n<li>Flytting av husholdninger<\/li>\n<li>Kommersielle tiltak<\/li>\n<li>Gjennomg\u00e5ende tjeneste<\/li>\n<li>Pakketjeneste<\/li>\n<li>Tollst\u00f8tte<\/li>\n<li>Transport av kj\u00f8ret\u00f8y og kj\u00e6ledyr<\/li>\n<li>Forsikring<\/li>\n<li>Kort- og langtidslagring<\/li>\n<\/ul>\n<p>Suddath er et flytte- og logistikkselskap som ble etablert i 1919 i Jacksonville, og de har 19 andre lokasjoner i USA. <a href=\"https:\/\/moverdb.com\/nb\/moving-to-the-united-states\/\" data-internallinksmanager029f6b8e52c=\"94\" title=\"Flytte til USA? 2023 Levekostnader og flyttetips\">USA<\/a>. De har et globalt partnernettverk av kontrollerte og etablerte selskaper som hjelper dem med \u00e5 levere ende-til-ende-tjenester til 180 land over hele verden. De er medlem av IAM og har 104 \u00e5rs erfaring.<\/p>\n<p>Suddath tilbyr en one-stop-shop for alle dine flyttebehov, med en dedikert flytter\u00e5dgiver som hjelper deg gjennom hvert eneste trinn og innenfor budsjettet. De tilbyr en personlig tiln\u00e6rming og veileder deg gjennom toll, dokumentasjon og forsikring. De tilbyr ogs\u00e5 tilleggstjenester som innflytting og rengj\u00f8ring.<\/p>\n<p>Nettsted: <a href=\"https:\/\/suddath.com\" target=\"_blank\" rel=\"noopener\">https:\/\/suddath.com<\/a><\/p>","protected":false},"excerpt":{"rendered":"<p>If you are planning a move locally, nationally or internationally to or from Jacksonville you may want some assistance. Moving companies offer a variety of help including planning, packing, transportation, customs handling and unpacking services. Below we have compiled a list of Jacksonville based removal companies that are members of the International Association of Movers [&hellip;]<\/p>\n","protected":false},"author":4,"featured_media":11292,"parent":190,"menu_order":0,"comment_status":"closed","ping_status":"closed","template":"","meta":{"_genesis_hide_title":false,"_genesis_hide_breadcrumbs":false,"_genesis_hide_singular_image":false,"_genesis_hide_footer_widgets":false,"_genesis_custom_body_class":"","_genesis_custom_post_class":"","_genesis_layout":"","footnotes":""},"class_list":{"0":"post-11602","1":"page","2":"type-page","3":"status-publish","4":"has-post-thumbnail","6":"entry"},"_links":{"self":[{"href":"https:\/\/moverdb.com\/nb\/wp-json\/wp\/v2\/pages\/11602","targetHints":{"allow":["GET"]}}],"collection":[{"href":"https:\/\/moverdb.com\/nb\/wp-json\/wp\/v2\/pages"}],"about":[{"href":"https:\/\/moverdb.com\/nb\/wp-json\/wp\/v2\/types\/page"}],"author":[{"embeddable":true,"href":"https:\/\/moverdb.com\/nb\/wp-json\/wp\/v2\/users\/4"}],"replies":[{"embeddable":true,"href":"https:\/\/moverdb.com\/nb\/wp-json\/wp\/v2\/comments?post=11602"}],"version-history":[{"count":1,"href":"https:\/\/moverdb.com\/nb\/wp-json\/wp\/v2\/pages\/11602\/revisions"}],"predecessor-version":[{"id":11603,"href":"https:\/\/moverdb.com\/nb\/wp-json\/wp\/v2\/pages\/11602\/revisions\/11603"}],"up":[{"embeddable":true,"href":"https:\/\/moverdb.com\/nb\/wp-json\/wp\/v2\/pages\/190"}],"wp:featuredmedia":[{"embeddable":true,"href":"https:\/\/moverdb.com\/nb\/wp-json\/wp\/v2\/media\/11292"}],"wp:attachment":[{"href":"https:\/\/moverdb.com\/nb\/wp-json\/wp\/v2\/media?parent=11602"}],"curies":[{"name":"wp","href":"https:\/\/api.w.org\/{rel}","templated":true}]}}