{"id":11571,"date":"2023-11-29T10:40:47","date_gmt":"2023-11-29T10:40:47","guid":{"rendered":"https:\/\/moverdb.com\/?page_id=11571"},"modified":"2026-01-08T15:24:44","modified_gmt":"2026-01-08T15:24:44","slug":"moving-companies-us-hawaii","status":"publish","type":"page","link":"https:\/\/moverdb.com\/nb\/moving-companies\/moving-companies-us-hawaii\/","title":{"rendered":"De 4 beste internasjonale flyttebyr\u00e5ene p\u00e5 Hawaii"},"content":{"rendered":"<p>Planlegger du \u00e5 flytte innenfor, til eller fra <a href=\"https:\/\/moverdb.com\/nb\/moving-to-the-united-states\/moving-to-hawaii\/\" data-internallinksmanager029f6b8e52c=\"403\" title=\"Flytter du til Hawaii? 2023 Levekostnader og flyttetips\">Hawaii<\/a>? \u00c5 f\u00e5 en <a href=\"https:\/\/moverdb.com\/nb\/moving-companies\/\" data-internallinksmanager029f6b8e52c=\"79\" title=\"Topp 25 internasjonale flyttebyr\u00e5er p\u00e5 nettet\">flyttefirma<\/a> som kan hjelpe deg med organisering, pakking, transport og tollbehandling kan gj\u00f8re flyttingen enklere. Nedenfor har vi satt sammen en liste over hawaiianske <a href=\"https:\/\/moverdb.com\/nb\/international-removals\/\" data-internallinksmanager029f6b8e52c=\"27\" title=\"De 36 beste internasjonale flyttebyr\u00e5ene i Storbritannia\">flyttebyr\u00e5er<\/a> som er medlemmer av <a href=\"https:\/\/moverdb.com\/nb\/iam\/\" data-internallinksmanager029f6b8e52c=\"23\" title=\"International Association of Movers (IAM) Forklaret\">International Association of Movers<\/a> (IAM) og\/eller <a href=\"https:\/\/moverdb.com\/nb\/fidi-faim\/\" data-internallinksmanager029f6b8e52c=\"16\" title=\"FIDI &amp; FAIM (FIDI-akkreditert internasjonal spedit\u00f8r) forklart\">FIDI<\/a> Accredited International Mover (FAIM) som kan hjelpe deg med flyttingen.<\/p>\n<div id=\"ez-toc-container\" class=\"ez-toc-v2_0_82_2 ez-toc-wrap-left counter-hierarchy ez-toc-counter ez-toc-transparent ez-toc-container-direction\">\n<div class=\"ez-toc-title-container\">\n<p class=\"ez-toc-title\" style=\"cursor:inherit\">Seksjoner<\/p>\n<span class=\"ez-toc-title-toggle\"><a href=\"#\" class=\"ez-toc-pull-right ez-toc-btn ez-toc-btn-xs ez-toc-btn-default ez-toc-toggle\" aria-label=\"Bytt innholdsfortegnelse\"><span class=\"ez-toc-js-icon-con\"><span class=\"\"><span class=\"eztoc-hide\" style=\"display:none;\">Toggle<\/span><span class=\"ez-toc-icon-toggle-span\"><svg style=\"fill: #999;color:#999\" xmlns=\"http:\/\/www.w3.org\/2000\/svg\" class=\"list-377408\" width=\"20px\" height=\"20px\" viewbox=\"0 0 24 24\" fill=\"none\"><path d=\"M6 6H4v2h2V6zm14 0H8v2h12V6zM4 11h2v2H4v-2zm16 0H8v2h12v-2zM4 16h2v2H4v-2zm16 0H8v2h12v-2z\" fill=\"currentColor\"><\/path><\/svg><svg style=\"fill: #999;color:#999\" class=\"arrow-unsorted-368013\" xmlns=\"http:\/\/www.w3.org\/2000\/svg\" width=\"10px\" height=\"10px\" viewbox=\"0 0 24 24\" version=\"1.2\" baseprofile=\"tiny\"><path d=\"M18.2 9.3l-6.2-6.3-6.2 6.3c-.2.2-.3.4-.3.7s.1.5.3.7c.2.2.4.3.7.3h11c.3 0 .5-.1.7-.3.2-.2.3-.5.3-.7s-.1-.5-.3-.7zM5.8 14.7l6.2 6.3 6.2-6.3c.2-.2.3-.5.3-.7s-.1-.5-.3-.7c-.2-.2-.4-.3-.7-.3h-11c-.3 0-.5.1-.7.3-.2.2-.3.5-.3.7s.1.5.3.7z\"\/><\/svg><\/span><\/span><\/span><\/a><\/span><\/div>\n<nav><ul class='ez-toc-list ez-toc-list-level-1 eztoc-toggle-hide-by-default' ><li class='ez-toc-page-1 ez-toc-heading-level-2'><a class=\"ez-toc-link ez-toc-heading-1\" href=\"https:\/\/moverdb.com\/nb\/moving-companies\/moving-companies-us-hawaii\/#1_Aloha_International_Moving_Services\" >1. Aloha International Moving Services<\/a><\/li><li class='ez-toc-page-1 ez-toc-heading-level-2'><a class=\"ez-toc-link ez-toc-heading-2\" href=\"https:\/\/moverdb.com\/nb\/moving-companies\/moving-companies-us-hawaii\/#2_Crown_World_Mobility\" >2. Crown World Mobility<\/a><\/li><li class='ez-toc-page-1 ez-toc-heading-level-2'><a class=\"ez-toc-link ez-toc-heading-3\" href=\"https:\/\/moverdb.com\/nb\/moving-companies\/moving-companies-us-hawaii\/#3_M_Dyer_Global\" >3. M Dyer Global<\/a><\/li><li class='ez-toc-page-1 ez-toc-heading-level-2'><a class=\"ez-toc-link ez-toc-heading-4\" href=\"https:\/\/moverdb.com\/nb\/moving-companies\/moving-companies-us-hawaii\/#4_Royal_Hawaiian_Movers\" >4. Royal Hawaiian Movers<\/a><\/li><\/ul><\/nav><\/div>\n<h2><span class=\"ez-toc-section\" id=\"1_Aloha_International_Moving_Services\"><\/span><strong>1. Aloha International Moving Services<\/strong><span class=\"ez-toc-section-end\"><\/span><\/h2>\n<p><img loading=\"lazy\" decoding=\"async\" class=\"alignnone size-full wp-image-11253\" src=\"https:\/\/moverdb.com\/wp-content\/uploads\/Aloha-International-Moving-Services-company.png\" alt=\"Aloha International Moving Services selskap\" width=\"1440\" height=\"677\" data-wp-pid=\"11253\" srcset=\"https:\/\/moverdb.com\/wp-content\/uploads\/Aloha-International-Moving-Services-company.png 1440w, https:\/\/moverdb.com\/wp-content\/uploads\/Aloha-International-Moving-Services-company-300x141.png 300w, https:\/\/moverdb.com\/wp-content\/uploads\/Aloha-International-Moving-Services-company-1024x481.png 1024w, https:\/\/moverdb.com\/wp-content\/uploads\/Aloha-International-Moving-Services-company-18x8.png 18w, https:\/\/moverdb.com\/wp-content\/uploads\/Aloha-International-Moving-Services-company-600x282.png 600w\" sizes=\"auto, (max-width: 1440px) 100vw, 1440px\" \/><\/p>\n<ul>\n<li>Lokale tiltak<\/li>\n<li>Internasjonale flyttinger<\/li>\n<li>Flytting av boliger<\/li>\n<li>Flytting av kontor og virksomhet<\/li>\n<li>Pakketjeneste<\/li>\n<li>Mulighet for selvpakking<\/li>\n<li>Fortegnelse over eiendeler<\/li>\n<li>Kassetjenester<\/li>\n<li>Tilrettelegging av transport<\/li>\n<li>Sikker lagring p\u00e5 kort og lang sikt<\/li>\n<\/ul>\n<p>Aloha International Moving Services er et hawaiisk flyttebyr\u00e5 med base i Kapolei. De er medlem av IAM og har 28 \u00e5rs erfaring, noe som gir dem tilgang til et internasjonalt nettverk av flyttebyr\u00e5er som hjelper dem med flyttinger over hele verden.<\/p>\n<p>Aloha International Moving Services tilbyr flyttetjenester lokalt, mellom \u00f8yer og til fastlandet. <a href=\"https:\/\/moverdb.com\/nb\/moving-to-the-united-states\/\" data-internallinksmanager029f6b8e52c=\"94\" title=\"Flytte til USA? 2023 Levekostnader og flyttetips\">USA<\/a> og internasjonalt for b\u00e5de privat- og bedriftskunder. De tilbyr et utvalg av pakketjenester som inkluderer en komplett pakketjeneste eller egen pakking med esker. Pakketjenesten omfatter pakking, demontering og montering av m\u00f8bler, utpakking og en oversikt over eiendelene dine.<\/p>\n<p>Nettsted: <a href=\"http:\/\/www.hawaiimovers.com\" target=\"_blank\" rel=\"noopener\">http:\/\/www.hawaiimovers.com<\/a><\/p>\n<h2><span class=\"ez-toc-section\" id=\"2_Crown_World_Mobility\"><\/span><strong>2. Crown World Mobility<\/strong><span class=\"ez-toc-section-end\"><\/span><\/h2>\n<p><img loading=\"lazy\" decoding=\"async\" class=\"alignnone size-full wp-image-11299\" src=\"https:\/\/moverdb.com\/wp-content\/uploads\/Crown-World-Mobility-international-moving-company.png\" alt=\"Crown World Mobility internasjonalt flyttebyr\u00e5\" width=\"1440\" height=\"675\" data-wp-pid=\"11299\" srcset=\"https:\/\/moverdb.com\/wp-content\/uploads\/Crown-World-Mobility-international-moving-company.png 1440w, https:\/\/moverdb.com\/wp-content\/uploads\/Crown-World-Mobility-international-moving-company-300x141.png 300w, https:\/\/moverdb.com\/wp-content\/uploads\/Crown-World-Mobility-international-moving-company-1024x480.png 1024w, https:\/\/moverdb.com\/wp-content\/uploads\/Crown-World-Mobility-international-moving-company-18x8.png 18w, https:\/\/moverdb.com\/wp-content\/uploads\/Crown-World-Mobility-international-moving-company-600x281.png 600w\" sizes=\"auto, (max-width: 1440px) 100vw, 1440px\" \/><\/p>\n<ul>\n<li>Lokale tiltak<\/li>\n<li>Internasjonale flyttinger<\/li>\n<li>Flytting av ansatte<\/li>\n<li>St\u00f8tte i forkant av planleggingen<\/li>\n<li>Omfattende service<\/li>\n<li>Selvbetjeningsalternativer<\/li>\n<li>Tjenester for \u00e5 finne hjem<\/li>\n<li>St\u00f8tte til innvandring<\/li>\n<li>Visum og tillatelser<\/li>\n<li>Sporingsmuligheter<\/li>\n<\/ul>\n<p>Crown World Mobility er et internasjonalt flyttebyr\u00e5 med base i Mililani Hawaii, men med 79 kontorer over hele verden. De har en rekke avdelinger som h\u00e5ndterer ulike aspekter ved flytting og logistikk. De har et n\u00f8ye administrert leverand\u00f8rnettverk som st\u00f8tter dem. De er medlem av IAM og har 44 \u00e5rs erfaring.<\/p>\n<p>Crown World Mobility har spesialisert seg p\u00e5 \u00e5 hjelpe bedrifter med mobilitetstjenester for de ansatte. De tilbyr grundig r\u00e5dgivning og programutforming for \u00e5 hjelpe bedrifter med \u00e5 sette planene ut i livet med st\u00f8tte fra mobilitetsteamene sine. De kan ogs\u00e5 bist\u00e5 med immigrasjonstjenester og hjelp til \u00e5 finne bolig.<\/p>\n<p>Nettsted: <a href=\"https:\/\/www.crownworldmobility.com\/en-us\" target=\"_blank\" rel=\"noopener\">https:\/\/www.crownworldmobility.com\/en-us<\/a><\/p>\n<h2><span class=\"ez-toc-section\" id=\"3_M_Dyer_Global\"><\/span><strong>3. M Dyer Global<\/strong><span class=\"ez-toc-section-end\"><\/span><\/h2>\n<p><img loading=\"lazy\" decoding=\"async\" class=\"alignnone size-full wp-image-11368\" src=\"https:\/\/moverdb.com\/wp-content\/uploads\/M-Dyer-Global-international-moving-company.png\" alt=\"M Dyer Global internasjonalt flyttebyr\u00e5\" width=\"1440\" height=\"680\" data-wp-pid=\"11368\" srcset=\"https:\/\/moverdb.com\/wp-content\/uploads\/M-Dyer-Global-international-moving-company.png 1440w, https:\/\/moverdb.com\/wp-content\/uploads\/M-Dyer-Global-international-moving-company-300x142.png 300w, https:\/\/moverdb.com\/wp-content\/uploads\/M-Dyer-Global-international-moving-company-1024x484.png 1024w, https:\/\/moverdb.com\/wp-content\/uploads\/M-Dyer-Global-international-moving-company-18x9.png 18w, https:\/\/moverdb.com\/wp-content\/uploads\/M-Dyer-Global-international-moving-company-600x283.png 600w\" sizes=\"auto, (max-width: 1440px) 100vw, 1440px\" \/><\/p>\n<ul>\n<li>Lokal flytting og flytting mellom \u00f8yer<\/li>\n<li>Internasjonale flyttinger<\/li>\n<li>Flytting av husholdninger<\/li>\n<li>Flytting av kontorer og industri<\/li>\n<li>Pakketjeneste<\/li>\n<li>Transport med lastebil, fly og b\u00e5t<\/li>\n<li>Valg av beholderalternativer<\/li>\n<li>Tollklarering<\/li>\n<li>Forsikring<\/li>\n<li>Kort- og langtidslagring<\/li>\n<\/ul>\n<p>M Dyer Global er et flytte-, lagrings- og logistikkselskap som ble etablert i 1958 i Honolulu. De samarbeider med over 500 agenter av h\u00f8y kvalitet over hele verden som de samarbeider med for \u00e5 levere sine tjenester internasjonalt. De er medlem av IAM med 55 \u00e5rs erfaring og er akkreditert av FIDI.<\/p>\n<p>M Dyer Global tilbyr en innledende unders\u00f8kelse for \u00e5 vurdere flyttebehovet ditt og gi deg et tilbud. De tilbyr en profesjonell pakketjeneste med oppl\u00e6rte pakkere som pakker og emballerer eiendelene dine p\u00e5 en sikker m\u00e5te for transport. De ordner transport til lands, til sj\u00f8s og i luften, og du kan velge mellom fulle og mindre enn fulle containere.<\/p>\n<p>Nettsted: <a href=\"https:\/\/www.mdyerglobal.com\/\" target=\"_blank\" rel=\"noopener\">https:\/\/www.mdyerglobal.com\/<\/a><\/p>\n<h2><span class=\"ez-toc-section\" id=\"4_Royal_Hawaiian_Movers\"><\/span><strong>4. Royal Hawaiian Movers<\/strong><span class=\"ez-toc-section-end\"><\/span><\/h2>\n<p><img loading=\"lazy\" decoding=\"async\" class=\"alignnone size-full wp-image-11429\" src=\"https:\/\/moverdb.com\/wp-content\/uploads\/Royal-Hawaiian-Movers-international-moving-company.png\" alt=\"Royal Hawaiian Movers internasjonalt flyttebyr\u00e5\" width=\"1440\" height=\"683\" data-wp-pid=\"11429\" srcset=\"https:\/\/moverdb.com\/wp-content\/uploads\/Royal-Hawaiian-Movers-international-moving-company.png 1440w, https:\/\/moverdb.com\/wp-content\/uploads\/Royal-Hawaiian-Movers-international-moving-company-300x142.png 300w, https:\/\/moverdb.com\/wp-content\/uploads\/Royal-Hawaiian-Movers-international-moving-company-1024x486.png 1024w, https:\/\/moverdb.com\/wp-content\/uploads\/Royal-Hawaiian-Movers-international-moving-company-18x9.png 18w, https:\/\/moverdb.com\/wp-content\/uploads\/Royal-Hawaiian-Movers-international-moving-company-600x285.png 600w\" sizes=\"auto, (max-width: 1440px) 100vw, 1440px\" \/><\/p>\n<ul>\n<li>Lokal flytting og flytting mellom \u00f8yer<\/li>\n<li>Internasjonale flyttinger<\/li>\n<li>Flytting av boliger<\/li>\n<li>Virksomheter flytter<\/li>\n<li>Flytting av ansatte<\/li>\n<li>Personlig tilpasset tjeneste<\/li>\n<li>Pakketjeneste<\/li>\n<li>Transportordninger<\/li>\n<li>Transport av kj\u00f8ret\u00f8y<\/li>\n<li>Lagringsanlegg<\/li>\n<\/ul>\n<p>Royal Hawaiian Movers er et transport- og flyttebyr\u00e5 som ble grunnlagt i 1982 og er til stede p\u00e5 alle de fire Hawaii-\u00f8yene. De er en del av DeWitt Companies-konsernet, noe som gir dem tilgang til et st\u00f8rre nettverk av flyttebyr\u00e5er. De er medlem av IAM og har 41 \u00e5rs erfaring.<\/p>\n<p>Royal Hawaiian Movers tilbyr en personlig service med en virtuell eller personlig unders\u00f8kelse for \u00e5 kartlegge dine flyttebehov og gi et skreddersydd tilbud som er tilpasset dine behov og ditt budsjett. De vil veilede og hjelpe deg gjennom hele flytteprosessen, som omfatter pakking og utpakking, demontering og montering av m\u00f8bler og transport av eiendelene dine til bestemmelsesstedet.<\/p>\n<p>Nettsted: <a href=\"http:\/\/royalhawaiianmovers.com\/\" target=\"_blank\" rel=\"noopener\">http:\/\/royalhawaiianmovers.com\/<\/a><\/p>","protected":false},"excerpt":{"rendered":"<p>Are you planning on moving within, to or from Hawaii? Getting a moving company to assist you with organisation, packing, transportation and customs arrangements can aid you in making the move easier. Below we have compiled a list of Hawaiian removal companies that are members of the International Association of Movers (IAM) and\/or FIDI Accredited [&hellip;]<\/p>\n","protected":false},"author":4,"featured_media":11253,"parent":190,"menu_order":0,"comment_status":"closed","ping_status":"closed","template":"","meta":{"_genesis_hide_title":false,"_genesis_hide_breadcrumbs":false,"_genesis_hide_singular_image":false,"_genesis_hide_footer_widgets":false,"_genesis_custom_body_class":"","_genesis_custom_post_class":"","_genesis_layout":"","footnotes":""},"class_list":{"0":"post-11571","1":"page","2":"type-page","3":"status-publish","4":"has-post-thumbnail","6":"entry"},"_links":{"self":[{"href":"https:\/\/moverdb.com\/nb\/wp-json\/wp\/v2\/pages\/11571","targetHints":{"allow":["GET"]}}],"collection":[{"href":"https:\/\/moverdb.com\/nb\/wp-json\/wp\/v2\/pages"}],"about":[{"href":"https:\/\/moverdb.com\/nb\/wp-json\/wp\/v2\/types\/page"}],"author":[{"embeddable":true,"href":"https:\/\/moverdb.com\/nb\/wp-json\/wp\/v2\/users\/4"}],"replies":[{"embeddable":true,"href":"https:\/\/moverdb.com\/nb\/wp-json\/wp\/v2\/comments?post=11571"}],"version-history":[{"count":1,"href":"https:\/\/moverdb.com\/nb\/wp-json\/wp\/v2\/pages\/11571\/revisions"}],"predecessor-version":[{"id":11573,"href":"https:\/\/moverdb.com\/nb\/wp-json\/wp\/v2\/pages\/11571\/revisions\/11573"}],"up":[{"embeddable":true,"href":"https:\/\/moverdb.com\/nb\/wp-json\/wp\/v2\/pages\/190"}],"wp:featuredmedia":[{"embeddable":true,"href":"https:\/\/moverdb.com\/nb\/wp-json\/wp\/v2\/media\/11253"}],"wp:attachment":[{"href":"https:\/\/moverdb.com\/nb\/wp-json\/wp\/v2\/media?parent=11571"}],"curies":[{"name":"wp","href":"https:\/\/api.w.org\/{rel}","templated":true}]}}