{"id":11564,"date":"2023-11-29T10:35:03","date_gmt":"2023-11-29T10:35:03","guid":{"rendered":"https:\/\/moverdb.com\/?page_id=11564"},"modified":"2026-01-08T15:24:15","modified_gmt":"2026-01-08T15:24:15","slug":"moving-companies-us-gaithersburg","status":"publish","type":"page","link":"https:\/\/moverdb.com\/nb\/moving-companies\/moving-companies-us-gaithersburg\/","title":{"rendered":"De 3 beste internasjonale flyttebyr\u00e5ene i Gaithersburg"},"content":{"rendered":"<p>N\u00e5r du skal flytte hjem eller bedrift, er det mye som skal gj\u00f8res, og da er det viktig \u00e5 engasjere en flyttebyr\u00e5. <a href=\"https:\/\/moverdb.com\/nb\/moving-companies\/\" data-internallinksmanager029f6b8e52c=\"79\" title=\"Topp 25 internasjonale flyttebyr\u00e5er p\u00e5 nettet\">flyttefirma<\/a> kan hjelpe deg med \u00e5 redusere arbeidsmengden, slik at du kan fokusere p\u00e5 andre aspekter ved flyttingen. Dette kan omfatte pakking, transport og tollh\u00e5ndtering ved internasjonale flyttinger. Nedenfor har vi satt sammen en liste over Gaithersburg-baserte <a href=\"https:\/\/moverdb.com\/nb\/international-removals\/\" data-internallinksmanager029f6b8e52c=\"27\" title=\"De 36 beste internasjonale flyttebyr\u00e5ene i Storbritannia\">flyttebyr\u00e5er<\/a> som er medlemmer av <a href=\"https:\/\/moverdb.com\/nb\/iam\/\" data-internallinksmanager029f6b8e52c=\"23\" title=\"International Association of Movers (IAM) Forklaret\">International Association of Movers<\/a> (IAM) og\/eller <a href=\"https:\/\/moverdb.com\/nb\/fidi-faim\/\" data-internallinksmanager029f6b8e52c=\"16\" title=\"FIDI &amp; FAIM (FIDI-akkreditert internasjonal spedit\u00f8r) forklart\">FIDI<\/a> Accredited International Mover (FAIM) som kan hjelpe deg med flyttingen.<\/p>\n<h2><strong>1. Fraktl\u00f8sninger over hele verden<\/strong><\/h2>\n<p><img loading=\"lazy\" decoding=\"async\" class=\"alignnone size-full wp-image-11442\" src=\"https:\/\/moverdb.com\/wp-content\/uploads\/Shipping-Solutions-Worldwide-international-moving-company.png\" alt=\"Shipping Solutions Worldwide internasjonalt flyttebyr\u00e5\" width=\"1440\" height=\"680\" data-wp-pid=\"11442\" srcset=\"https:\/\/moverdb.com\/wp-content\/uploads\/Shipping-Solutions-Worldwide-international-moving-company.png 1440w, https:\/\/moverdb.com\/wp-content\/uploads\/Shipping-Solutions-Worldwide-international-moving-company-300x142.png 300w, https:\/\/moverdb.com\/wp-content\/uploads\/Shipping-Solutions-Worldwide-international-moving-company-1024x484.png 1024w, https:\/\/moverdb.com\/wp-content\/uploads\/Shipping-Solutions-Worldwide-international-moving-company-18x9.png 18w, https:\/\/moverdb.com\/wp-content\/uploads\/Shipping-Solutions-Worldwide-international-moving-company-600x283.png 600w\" sizes=\"auto, (max-width: 1440px) 100vw, 1440px\" \/><\/p>\n<ul>\n<li>Lokale og nasjonale tiltak<\/li>\n<li>Internasjonale flyttinger<\/li>\n<li>Flytting av boliger<\/li>\n<li>Handels- og kontorflyttinger<\/li>\n<li>Personlig tilpasset tjeneste<\/li>\n<li>Pakketjeneste<\/li>\n<li>Land-, luft- og sj\u00f8transport<\/li>\n<li>Dokumentasjonsst\u00f8tte<\/li>\n<li><a href=\"https:\/\/moverdb.com\/nb\/car-transport-shipping\/\" data-internallinksmanager029f6b8e52c=\"2\" title=\"2026 Internasjonal biltransport og tilbud p\u00e5 frakt av kj\u00f8ret\u00f8y\">Frakt av kj\u00f8ret\u00f8y<\/a><\/li>\n<li>Sporing av forsendelser<\/li>\n<\/ul>\n<p>Shipping Solutions Worldwide er et verdensomspennende flyttebyr\u00e5 med over 30 \u00e5rs erfaring og base i Gaithersburg. De samarbeider med et nettverk av globale flyttebyr\u00e5er for \u00e5 tilby tjenester over hele verden. De er medlem av IAM.<\/p>\n<p>Shipping Solutions Worldwide tilbyr en skreddersydd flyttetjeneste som er tilpasset dine behov. De tilbyr en pakketjeneste som s\u00f8rger for at gjenstandene dine kommer trygt frem under transporten, med en komplett inventarliste. De ordner transport til lands, til sj\u00f8s og i luften, og de s\u00f8rger ogs\u00e5 for all n\u00f8dvendig dokumentasjon for transport og sporing av forsendelsen.<\/p>\n<p>Nettsted: <a href=\"https:\/\/shippingsolutionsworldwide.com\/\" target=\"_blank\" rel=\"noopener\">https:\/\/shippingsolutionsworldwide.com\/<\/a><\/p>\n<h2><strong>2. Town &amp; Country Movers<\/strong><\/h2>\n<p><img loading=\"lazy\" decoding=\"async\" class=\"alignnone size-full wp-image-11458\" src=\"https:\/\/moverdb.com\/wp-content\/uploads\/Town-Country-Movers-international-moving-company.png\" alt=\"Town &amp; Country Movers internasjonalt flyttebyr\u00e5\" width=\"1440\" height=\"681\" data-wp-pid=\"11458\" srcset=\"https:\/\/moverdb.com\/wp-content\/uploads\/Town-Country-Movers-international-moving-company.png 1440w, https:\/\/moverdb.com\/wp-content\/uploads\/Town-Country-Movers-international-moving-company-300x142.png 300w, https:\/\/moverdb.com\/wp-content\/uploads\/Town-Country-Movers-international-moving-company-1024x484.png 1024w, https:\/\/moverdb.com\/wp-content\/uploads\/Town-Country-Movers-international-moving-company-18x9.png 18w, https:\/\/moverdb.com\/wp-content\/uploads\/Town-Country-Movers-international-moving-company-600x284.png 600w\" sizes=\"auto, (max-width: 1440px) 100vw, 1440px\" \/><\/p>\n<ul>\n<li>Lokale og nasjonale tiltak<\/li>\n<li>Internasjonale flyttinger<\/li>\n<li>Flytting av husholdninger<\/li>\n<li>Virksomheten flytter<\/li>\n<li>D\u00f8r-til-d\u00f8r og d\u00f8r-til<a href=\"https:\/\/moverdb.com\/nb\/top-49-container-ports\/\" data-internallinksmanager029f6b8e52c=\"80\" title=\"De 49 st\u00f8rste og travleste containerhavnene i 2025\">port<\/a> alternativer<\/li>\n<li>Pakketjeneste<\/li>\n<li>Tilrettelegging av transport<\/li>\n<li>Tollklarering<\/li>\n<li>Transport av kj\u00f8ret\u00f8y<\/li>\n<li>Sikker lagring p\u00e5 kort og lang sikt<\/li>\n<\/ul>\n<p>Town &amp; Country Movers er et flytte- og oppbevaringsselskap som ble etablert i 1977 og har base i Gaithersburg. <a href=\"https:\/\/moverdb.com\/nb\/moving-to-the-united-states\/moving-to-maryland\/\" data-internallinksmanager029f6b8e52c=\"467\" title=\"Flytter du til Maryland? 2024 Levekostnader og flyttetips\">Maryland<\/a> og <a href=\"https:\/\/moverdb.com\/nb\/moving-to-the-united-states\/moving-to-virginia\/\" data-internallinksmanager029f6b8e52c=\"442\" title=\"Flytte til Virginia? 2023 Levekostnader og tips om flytting\">Virginia<\/a> med lokale, nasjonale og internasjonale flyttinger. De samarbeider med p\u00e5litelige internasjonale spedit\u00f8rer for \u00e5 levere sine tjenester over hele verden. De er medlem av IAM og har 46 \u00e5rs erfaring.<\/p>\n<p>Town &amp; Country Movers tilbyr et gratis estimat hjemme hos deg, og tilpasser tjenesten etter dine behov. De hjelper deg med \u00e5 finne de beste transportalternativene for dine behov og ditt budsjett. De tilbyr profesjonell pakking for \u00e5 beskytte eiendelene dine, noe som kan omfatte spesialtilpassede kasser.<\/p>\n<p>Nettsted: <a href=\"https:\/\/townandcountrymovers.com\/\" target=\"_blank\" rel=\"noopener\">https:\/\/townandcountrymovers.com\/<\/a><\/p>\n<h2><strong>3. Universelle omplasseringer<\/strong><\/h2>\n<p><img loading=\"lazy\" decoding=\"async\" class=\"alignnone size-full wp-image-11469\" src=\"https:\/\/moverdb.com\/wp-content\/uploads\/Universal-Relocations-international-moving-company-1.png\" alt=\"Universal Relocations internasjonalt flyttebyr\u00e5\" width=\"1440\" height=\"680\" data-wp-pid=\"11469\" srcset=\"https:\/\/moverdb.com\/wp-content\/uploads\/Universal-Relocations-international-moving-company-1.png 1440w, https:\/\/moverdb.com\/wp-content\/uploads\/Universal-Relocations-international-moving-company-1-300x142.png 300w, https:\/\/moverdb.com\/wp-content\/uploads\/Universal-Relocations-international-moving-company-1-1024x484.png 1024w, https:\/\/moverdb.com\/wp-content\/uploads\/Universal-Relocations-international-moving-company-1-18x9.png 18w, https:\/\/moverdb.com\/wp-content\/uploads\/Universal-Relocations-international-moving-company-1-600x283.png 600w\" sizes=\"auto, (max-width: 1440px) 100vw, 1440px\" \/><\/p>\n<ul>\n<li>Nasjonale omplasseringer<\/li>\n<li>Internasjonale flyttinger<\/li>\n<li>Flytting av husholdninger<\/li>\n<li>Flytting av virksomheter<\/li>\n<li>D\u00f8r-til-d\u00f8r-tjeneste<\/li>\n<li>Pakketjeneste<\/li>\n<li>Tollmegling<\/li>\n<li>Transport av kj\u00e6ledyr og biler<\/li>\n<li>Hjelp til boligs\u00f8k<\/li>\n<li>Lagringsanlegg<\/li>\n<\/ul>\n<p>Universal Relocations er et internasjonalt flytte- og relokaliseringsselskap som ble etablert i <a href=\"https:\/\/moverdb.com\/nb\/moving-to-india\/\" data-internallinksmanager029f6b8e52c=\"356\" title=\"Flytter du til India? 2023 Levekostnader og flyttetips\">India<\/a> i 1998, og som ogs\u00e5 har kontorer i <a href=\"https:\/\/moverdb.com\/nb\/moving-to-the-united-states\/\" data-internallinksmanager029f6b8e52c=\"94\" title=\"Flytte til USA? 2023 Levekostnader og flyttetips\">USA<\/a> i Gaithersburg, <a href=\"https:\/\/moverdb.com\/nb\/moving-to-the-united-states\/moving-to-new-jersey\/\" data-internallinksmanager029f6b8e52c=\"417\" title=\"Flytter du til New Jersey? 2023 Levekostnader og flyttetips\">New Jersey<\/a>, <a href=\"https:\/\/moverdb.com\/nb\/moving-to-the-united-states\/moving-to-california\/\" data-internallinksmanager029f6b8e52c=\"330\" title=\"Flytter du til California? 2023 Levekostnader og flyttetips\">California<\/a>, <a href=\"https:\/\/moverdb.com\/nb\/moving-to-the-united-states\/moving-to-texas\/\" data-internallinksmanager029f6b8e52c=\"397\" title=\"Flytter du til Texas? 2023 Levekostnader og flyttetips\">Texas<\/a> og <a href=\"https:\/\/moverdb.com\/nb\/moving-to-the-united-states\/moving-to-georgia\/\" data-internallinksmanager029f6b8e52c=\"402\" title=\"Flytte til Georgia? 2023 Levekostnader og tips om flytting\">Georgia<\/a>. De har et globalt nettverk av 160 partneragenter som st\u00f8tter dem med internasjonale tjenester. De er medlem av IAM og har syv \u00e5rs erfaring.<\/p>\n<p>Universal Relocations tilbyr d\u00f8r-til-d\u00f8r-flytting for husholdninger og bedrifter. De tilbyr en sikker pakketjeneste for \u00e5 beskytte eiendelene dine under transport, og de kan ogs\u00e5 transportere kj\u00e6ledyr og kj\u00f8ret\u00f8y. De tilbyr ogs\u00e5 tilleggstjenester som hjelp til \u00e5 finne bolig, lagring og forsikring.<\/p>\n<p>Nettsted: <a href=\"https:\/\/universalrelocations.com\/\" target=\"_blank\" rel=\"noopener\">https:\/\/universalrelocations.com\/<\/a><\/p>","protected":false},"excerpt":{"rendered":"<p>When you are moving home or your business there is a lot to do so engaging the services of a moving company can assist you in reducing the workload so you can focus on other aspects of your move. This can include packing, arranging transport and handling customs for international moves. Below we have compiled [&hellip;]<\/p>\n","protected":false},"author":4,"featured_media":11442,"parent":190,"menu_order":0,"comment_status":"closed","ping_status":"closed","template":"","meta":{"_genesis_hide_title":false,"_genesis_hide_breadcrumbs":false,"_genesis_hide_singular_image":false,"_genesis_hide_footer_widgets":false,"_genesis_custom_body_class":"","_genesis_custom_post_class":"","_genesis_layout":"","footnotes":""},"class_list":{"0":"post-11564","1":"page","2":"type-page","3":"status-publish","4":"has-post-thumbnail","6":"entry"},"_links":{"self":[{"href":"https:\/\/moverdb.com\/nb\/wp-json\/wp\/v2\/pages\/11564","targetHints":{"allow":["GET"]}}],"collection":[{"href":"https:\/\/moverdb.com\/nb\/wp-json\/wp\/v2\/pages"}],"about":[{"href":"https:\/\/moverdb.com\/nb\/wp-json\/wp\/v2\/types\/page"}],"author":[{"embeddable":true,"href":"https:\/\/moverdb.com\/nb\/wp-json\/wp\/v2\/users\/4"}],"replies":[{"embeddable":true,"href":"https:\/\/moverdb.com\/nb\/wp-json\/wp\/v2\/comments?post=11564"}],"version-history":[{"count":1,"href":"https:\/\/moverdb.com\/nb\/wp-json\/wp\/v2\/pages\/11564\/revisions"}],"predecessor-version":[{"id":11565,"href":"https:\/\/moverdb.com\/nb\/wp-json\/wp\/v2\/pages\/11564\/revisions\/11565"}],"up":[{"embeddable":true,"href":"https:\/\/moverdb.com\/nb\/wp-json\/wp\/v2\/pages\/190"}],"wp:featuredmedia":[{"embeddable":true,"href":"https:\/\/moverdb.com\/nb\/wp-json\/wp\/v2\/media\/11442"}],"wp:attachment":[{"href":"https:\/\/moverdb.com\/nb\/wp-json\/wp\/v2\/media?parent=11564"}],"curies":[{"name":"wp","href":"https:\/\/api.w.org\/{rel}","templated":true}]}}