{"id":11558,"date":"2023-11-29T10:29:34","date_gmt":"2023-11-29T10:29:34","guid":{"rendered":"https:\/\/moverdb.com\/?page_id=11558"},"modified":"2026-01-08T15:24:12","modified_gmt":"2026-01-08T15:24:12","slug":"moving-companies-us-danbury","status":"publish","type":"page","link":"https:\/\/moverdb.com\/nb\/moving-companies\/moving-companies-us-danbury\/","title":{"rendered":"De 3 beste internasjonale flyttebyr\u00e5ene i Danbury"},"content":{"rendered":"<p>Det kan v\u00e6re stressende \u00e5 planlegge og administrere en flytting, s\u00e5 det er viktig at du f\u00e5r en <a href=\"https:\/\/moverdb.com\/nb\/moving-companies\/\" data-internallinksmanager029f6b8e52c=\"79\" title=\"Topp 25 internasjonale flyttebyr\u00e5er p\u00e5 nettet\">flyttefirma<\/a> til \u00e5 pakke og transportere eiendelene dine kan lette presset. Nedenfor har vi satt sammen en liste over Danbury-baserte <a href=\"https:\/\/moverdb.com\/nb\/international-removals\/\" data-internallinksmanager029f6b8e52c=\"27\" title=\"De 36 beste internasjonale flyttebyr\u00e5ene i Storbritannia\">flyttebyr\u00e5er<\/a> som er medlemmer av <a href=\"https:\/\/moverdb.com\/nb\/iam\/\" data-internallinksmanager029f6b8e52c=\"23\" title=\"International Association of Movers (IAM) Forklaret\">International Association of Movers<\/a> (IAM) og\/eller <a href=\"https:\/\/moverdb.com\/nb\/fidi-faim\/\" data-internallinksmanager029f6b8e52c=\"16\" title=\"FIDI &amp; FAIM (FIDI-akkreditert internasjonal spedit\u00f8r) forklart\">FIDI<\/a> Accredited International Mover (FAIM) som kan hjelpe deg med flyttingen.<\/p>\n<h2><strong>1. Continuum International<\/strong><\/h2>\n<p><img loading=\"lazy\" decoding=\"async\" class=\"alignnone size-full wp-image-11296\" src=\"https:\/\/moverdb.com\/wp-content\/uploads\/Continuum-International-moving-company.png\" alt=\"Continuum International flyttebyr\u00e5\" width=\"1440\" height=\"677\" data-wp-pid=\"11296\" srcset=\"https:\/\/moverdb.com\/wp-content\/uploads\/Continuum-International-moving-company.png 1440w, https:\/\/moverdb.com\/wp-content\/uploads\/Continuum-International-moving-company-300x141.png 300w, https:\/\/moverdb.com\/wp-content\/uploads\/Continuum-International-moving-company-1024x481.png 1024w, https:\/\/moverdb.com\/wp-content\/uploads\/Continuum-International-moving-company-18x8.png 18w, https:\/\/moverdb.com\/wp-content\/uploads\/Continuum-International-moving-company-600x282.png 600w\" sizes=\"auto, (max-width: 1440px) 100vw, 1440px\" \/><\/p>\n<ul>\n<li>Nasjonale omplasseringer<\/li>\n<li>Internasjonale flyttinger<\/li>\n<li>Flytting av selskaper<\/li>\n<li>D\u00f8r-til-d\u00f8r-tjeneste<\/li>\n<li>Skreddersydde tjenester<\/li>\n<li>Pakketjeneste<\/li>\n<li>Transport med fly, b\u00e5t eller lastebil<\/li>\n<li>Utarbeidelse av dokumenter<\/li>\n<li>Transittforsikring<\/li>\n<li>Lagringsanlegg<\/li>\n<\/ul>\n<p>Continuum International er et globalt flytte- og oppdragsh\u00e5ndteringsselskap som har v\u00e6rt i drift i over 20 \u00e5r og har avdelinger i Danbury og Brookfield. De har globale partnerskap som gj\u00f8r det mulig for dem \u00e5 levere sine tjenester internasjonalt. De er medlem av IAM og har 24 \u00e5rs erfaring.<\/p>\n<p>Continuum International tilbyr skreddersydde d\u00f8r-til-d\u00f8r-flytte- og relokaliseringstjenester med en egen relokaliseringsr\u00e5dgiver. De tilbyr en kartlegging f\u00f8r flytting for \u00e5 vurdere flyttebehovene dine og lage en flytteplan. De pakker eiendelene dine og s\u00f8rger for at emballasjematerialet er egnet for transportm\u00e5ten og destinasjonen.<\/p>\n<p>Nettsted: <a href=\"https:\/\/www.continuumrelo.com\/\" target=\"_blank\" rel=\"noopener\">https:\/\/www.continuumrelo.com\/<\/a><\/p>\n<h2><strong>2. Interconex<\/strong><\/h2>\n<p><img loading=\"lazy\" decoding=\"async\" class=\"alignnone size-full wp-image-11345\" src=\"https:\/\/moverdb.com\/wp-content\/uploads\/Interconex-international-moving-company.png\" alt=\"Interconex internasjonalt flyttebyr\u00e5\" width=\"1440\" height=\"678\" data-wp-pid=\"11345\" srcset=\"https:\/\/moverdb.com\/wp-content\/uploads\/Interconex-international-moving-company.png 1440w, https:\/\/moverdb.com\/wp-content\/uploads\/Interconex-international-moving-company-300x141.png 300w, https:\/\/moverdb.com\/wp-content\/uploads\/Interconex-international-moving-company-1024x482.png 1024w, https:\/\/moverdb.com\/wp-content\/uploads\/Interconex-international-moving-company-18x8.png 18w, https:\/\/moverdb.com\/wp-content\/uploads\/Interconex-international-moving-company-600x283.png 600w\" sizes=\"auto, (max-width: 1440px) 100vw, 1440px\" \/><\/p>\n<ul>\n<li>Nasjonale tiltak<\/li>\n<li>Internasjonale flyttinger<\/li>\n<li>Flytting av husholdninger<\/li>\n<li>Bedriftsbevegelser<\/li>\n<li>D\u00f8r-til-d\u00f8r-tjeneste<\/li>\n<li>Pakketjeneste<\/li>\n<li>Transportordninger<\/li>\n<li>Tollklarering<\/li>\n<li>Flytting av kj\u00e6ledyr<\/li>\n<li>Sikre lagringstjenester<\/li>\n<\/ul>\n<p>Interconex er et fullservice flyttebyr\u00e5 som ble etablert i 1969 og holder til i Danbury. De samarbeider med h\u00e5ndplukkede internasjonale partnere for \u00e5 levere sine tjenester over hele verden. De er akkreditert av FIDI.<\/p>\n<p>Interconex tilbyr en innledende unders\u00f8kelse for \u00e5 kartlegge flyttebehovene dine. De tilbyr en pakketjeneste som bruker emballasjematerialer av beste kvalitet og oppl\u00e6rte pakkere for \u00e5 beskytte eiendelene dine. Dette kan omfatte spesialiserte pakkematerialer og skreddersydde kasser. De tilbyr tilleggstjenester som flyplasstransport, concierge-tjenester, h\u00e5ndverkerassistanse, hushjelp, midlertidig innkvartering, destinasjonstjenester, flytting av kj\u00e6ledyr, allriskforsikring og lagring.<\/p>\n<p>Nettsted: <a href=\"https:\/\/www.interconex.com\/\" target=\"_blank\" rel=\"noopener\">https:\/\/www.interconex.com\/<\/a><\/p>\n<h2><strong>3. Intermove Ltd<\/strong><\/h2>\n<p><img loading=\"lazy\" decoding=\"async\" class=\"alignnone size-full wp-image-11346\" src=\"https:\/\/moverdb.com\/wp-content\/uploads\/Intermove-Danbury-international-moving-company.png\" alt=\"Intermove Danbury internasjonalt flyttebyr\u00e5\" width=\"1440\" height=\"680\" data-wp-pid=\"11346\" srcset=\"https:\/\/moverdb.com\/wp-content\/uploads\/Intermove-Danbury-international-moving-company.png 1440w, https:\/\/moverdb.com\/wp-content\/uploads\/Intermove-Danbury-international-moving-company-300x142.png 300w, https:\/\/moverdb.com\/wp-content\/uploads\/Intermove-Danbury-international-moving-company-1024x484.png 1024w, https:\/\/moverdb.com\/wp-content\/uploads\/Intermove-Danbury-international-moving-company-18x9.png 18w, https:\/\/moverdb.com\/wp-content\/uploads\/Intermove-Danbury-international-moving-company-600x283.png 600w\" sizes=\"auto, (max-width: 1440px) 100vw, 1440px\" \/><\/p>\n<ul>\n<li>Internasjonale flyttinger<\/li>\n<li>Flytting av husholdninger<\/li>\n<li>Flytting av bedrifter<\/li>\n<li>D\u00f8r-til-d\u00f8r-tjeneste<\/li>\n<li>Gratis estimat<\/li>\n<li>Virtuell og stedlig assistanse<\/li>\n<li>Luft-, sj\u00f8- og landtransport<\/li>\n<li>Dokumentasjonsst\u00f8tte<\/li>\n<li>Forsikring<\/li>\n<\/ul>\n<p>Intermove Ltd er et internasjonalt flytte- og relokaliseringsselskap som ble grunnlagt i 1977 og holder til i Danbury. De har et nettverk av p\u00e5litelige internasjonale flyttebyr\u00e5er som hjelper dem med \u00e5 levere d\u00f8r-til-d\u00f8r-tjenester over hele verden. De er medlem av IAM og har 46 \u00e5rs erfaring.<\/p>\n<p>Intermove Ltd tilbyr et gratis kostnadsoverslag med r\u00e5d og st\u00f8tte fra sine internasjonale flyttespesialister, enten virtuelt eller p\u00e5 stedet for internasjonale flyttinger. De ordner trygg transport av eiendelene dine med fly, sj\u00f8 eller land og hjelper deg med dokumentasjon. De tilbyr forsikringsdekning for profesjonelt pakket last.<\/p>\n<p>Nettsted: <a href=\"https:\/\/www.intermove.com\/\" target=\"_blank\" rel=\"noopener\">https:\/\/www.intermove.com\/<\/a><\/p>","protected":false},"excerpt":{"rendered":"<p>Planning and managing your move can be stressful so getting a moving company in to pack and transport your belongings can ease the pressure. Below we have compiled a list of Danbury based removal companies that are members of the International Association of Movers (IAM) and\/or FIDI Accredited International Mover (FAIM) who could assist you [&hellip;]<\/p>\n","protected":false},"author":4,"featured_media":11296,"parent":190,"menu_order":0,"comment_status":"closed","ping_status":"closed","template":"","meta":{"_genesis_hide_title":false,"_genesis_hide_breadcrumbs":false,"_genesis_hide_singular_image":false,"_genesis_hide_footer_widgets":false,"_genesis_custom_body_class":"","_genesis_custom_post_class":"","_genesis_layout":"","footnotes":""},"class_list":{"0":"post-11558","1":"page","2":"type-page","3":"status-publish","4":"has-post-thumbnail","6":"entry"},"_links":{"self":[{"href":"https:\/\/moverdb.com\/nb\/wp-json\/wp\/v2\/pages\/11558","targetHints":{"allow":["GET"]}}],"collection":[{"href":"https:\/\/moverdb.com\/nb\/wp-json\/wp\/v2\/pages"}],"about":[{"href":"https:\/\/moverdb.com\/nb\/wp-json\/wp\/v2\/types\/page"}],"author":[{"embeddable":true,"href":"https:\/\/moverdb.com\/nb\/wp-json\/wp\/v2\/users\/4"}],"replies":[{"embeddable":true,"href":"https:\/\/moverdb.com\/nb\/wp-json\/wp\/v2\/comments?post=11558"}],"version-history":[{"count":1,"href":"https:\/\/moverdb.com\/nb\/wp-json\/wp\/v2\/pages\/11558\/revisions"}],"predecessor-version":[{"id":11559,"href":"https:\/\/moverdb.com\/nb\/wp-json\/wp\/v2\/pages\/11558\/revisions\/11559"}],"up":[{"embeddable":true,"href":"https:\/\/moverdb.com\/nb\/wp-json\/wp\/v2\/pages\/190"}],"wp:featuredmedia":[{"embeddable":true,"href":"https:\/\/moverdb.com\/nb\/wp-json\/wp\/v2\/media\/11296"}],"wp:attachment":[{"href":"https:\/\/moverdb.com\/nb\/wp-json\/wp\/v2\/media?parent=11558"}],"curies":[{"name":"wp","href":"https:\/\/api.w.org\/{rel}","templated":true}]}}