{"id":11556,"date":"2023-11-29T10:30:30","date_gmt":"2023-11-29T10:30:30","guid":{"rendered":"https:\/\/moverdb.com\/?page_id=11556"},"modified":"2026-01-08T15:24:11","modified_gmt":"2026-01-08T15:24:11","slug":"moving-companies-us-connecticut","status":"publish","type":"page","link":"https:\/\/moverdb.com\/nb\/moving-companies\/moving-companies-us-connecticut\/","title":{"rendered":"De 3 beste internasjonale flyttebyr\u00e5ene i Connecticut"},"content":{"rendered":"<p>Hvis du skal flytte, kan det v\u00e6re lurt \u00e5 bruke en flyttebyr\u00e5. <a href=\"https:\/\/moverdb.com\/nb\/moving-companies\/\" data-internallinksmanager029f6b8e52c=\"79\" title=\"Topp 25 internasjonale flyttebyr\u00e5er p\u00e5 nettet\">flyttefirma<\/a> for \u00e5 st\u00f8tte og lette byrden. De kan hjelpe deg med planlegging av flyttingen, pakking av eiendeler, transport og tollh\u00e5ndtering ved internasjonale flyttinger. Nedenfor har vi samlet en liste over <a href=\"https:\/\/moverdb.com\/nb\/moving-to-the-united-states\/moving-to-connecticut\/\" data-internallinksmanager029f6b8e52c=\"444\" title=\"Flytter du til Connecticut? 2023 Levekostnader og flyttetips\">Connecticut<\/a> basert <a href=\"https:\/\/moverdb.com\/nb\/international-removals\/\" data-internallinksmanager029f6b8e52c=\"27\" title=\"De 36 beste internasjonale flyttebyr\u00e5ene i Storbritannia\">flyttebyr\u00e5er<\/a> som er medlemmer av <a href=\"https:\/\/moverdb.com\/nb\/iam\/\" data-internallinksmanager029f6b8e52c=\"23\" title=\"International Association of Movers (IAM) Forklaret\">International Association of Movers<\/a> (IAM) og\/eller <a href=\"https:\/\/moverdb.com\/nb\/fidi-faim\/\" data-internallinksmanager029f6b8e52c=\"16\" title=\"FIDI &amp; FAIM (FIDI-akkreditert internasjonal spedit\u00f8r) forklart\">FIDI<\/a> Accredited International Mover (FAIM) som kan hjelpe deg med flyttingen.<\/p>\n<h2><strong>1. Brimar Flytting<\/strong><\/h2>\n<p><img loading=\"lazy\" decoding=\"async\" class=\"alignnone size-full wp-image-11277\" src=\"https:\/\/moverdb.com\/wp-content\/uploads\/Brimar-Relocations-international-moving-company.png\" alt=\"Brimar Relocations internasjonalt flyttebyr\u00e5\" width=\"1440\" height=\"679\" data-wp-pid=\"11277\" srcset=\"https:\/\/moverdb.com\/wp-content\/uploads\/Brimar-Relocations-international-moving-company.png 1440w, https:\/\/moverdb.com\/wp-content\/uploads\/Brimar-Relocations-international-moving-company-300x141.png 300w, https:\/\/moverdb.com\/wp-content\/uploads\/Brimar-Relocations-international-moving-company-1024x483.png 1024w, https:\/\/moverdb.com\/wp-content\/uploads\/Brimar-Relocations-international-moving-company-18x8.png 18w, https:\/\/moverdb.com\/wp-content\/uploads\/Brimar-Relocations-international-moving-company-600x283.png 600w\" sizes=\"auto, (max-width: 1440px) 100vw, 1440px\" \/><\/p>\n<ul>\n<li>Nasjonale tiltak<\/li>\n<li>Internasjonale flyttinger<\/li>\n<li>Flytting av husholdninger<\/li>\n<li>Flytting av bedrifter<\/li>\n<li>D\u00f8r-til-d\u00f8r-tjeneste<\/li>\n<li>Transportordninger<\/li>\n<li>Tollst\u00f8tte<\/li>\n<li>H\u00e5ndtering av kunst<\/li>\n<li>Forsikring<\/li>\n<li>Lagringsanlegg<\/li>\n<\/ul>\n<p>Brimar Relocations er et internasjonalt flyttebyr\u00e5 som ble grunnlagt i 2007, og som er basert i Stamford og har et kontor i <a href=\"https:\/\/moverdb.com\/nb\/moving-to-france\/moving-to-paris\/\" data-internallinksmanager029f6b8e52c=\"407\" title=\"Flytter du til Paris? 2023 Levekostnader og flyttetips\">Paris<\/a>. De har et velutviklet nettverk av agenter over hele verden som hjelper dem med \u00e5 utf\u00f8re internasjonale flyttinger. De er medlem av IAM og har 14 \u00e5rs erfaring.<\/p>\n<p>Brimar Relocation tilbyr nasjonale og internasjonale flytte- og relokaliseringstjenester og har spesialisert seg p\u00e5 bedriftsflytting og kan h\u00e5ndtere kunst. De tilbyr d\u00f8r-til-d\u00f8r-flytting, der de s\u00f8rger for \u00e5 transportere eiendelene dine til bestemmelsesstedet, noe som kan inkludere oppbevaring i kasser og lagring samt grunnleggende forsikringsdekning.<\/p>\n<p>Nettsted: <a href=\"http:\/\/www.brimarrelo.com\" target=\"_blank\" rel=\"noopener\">http:\/\/www.brimarrelo.com<\/a><\/p>\n<h2><strong>2. Meyer<\/strong><\/h2>\n<p><img loading=\"lazy\" decoding=\"async\" class=\"alignnone size-full wp-image-11376\" src=\"https:\/\/moverdb.com\/wp-content\/uploads\/Meyer-international-moving-company.png\" alt=\"Meyer internasjonalt flyttebyr\u00e5\" width=\"1440\" height=\"680\" data-wp-pid=\"11376\" srcset=\"https:\/\/moverdb.com\/wp-content\/uploads\/Meyer-international-moving-company.png 1440w, https:\/\/moverdb.com\/wp-content\/uploads\/Meyer-international-moving-company-300x142.png 300w, https:\/\/moverdb.com\/wp-content\/uploads\/Meyer-international-moving-company-1024x484.png 1024w, https:\/\/moverdb.com\/wp-content\/uploads\/Meyer-international-moving-company-18x9.png 18w, https:\/\/moverdb.com\/wp-content\/uploads\/Meyer-international-moving-company-600x283.png 600w\" sizes=\"auto, (max-width: 1440px) 100vw, 1440px\" \/><\/p>\n<ul>\n<li>Lokale og langdistanse flyttinger<\/li>\n<li>Internasjonale flyttinger<\/li>\n<li>Flytting av boliger<\/li>\n<li>Flytting av kontorer<\/li>\n<li>Flytting av bedrifter<\/li>\n<li>D\u00f8r-til-d\u00f8r-tjeneste<\/li>\n<li>Dedikert flyttekoordinator<\/li>\n<li>Alternativer for pakking<\/li>\n<li><a href=\"https:\/\/moverdb.com\/nb\/car-transport-shipping\/\" data-internallinksmanager029f6b8e52c=\"2\" title=\"2026 Internasjonal biltransport og tilbud p\u00e5 frakt av kj\u00f8ret\u00f8y\">Frakt av kj\u00f8ret\u00f8y<\/a><\/li>\n<li>Lagringsl\u00f8sninger<\/li>\n<\/ul>\n<p>Meyer er et logistikk-, flytte- og lagringsselskap som ble etablert i 1915 og holder til i Stratford. De er en del av United Van Lines-nettverket, noe som gir dem tilgang til flyttebyr\u00e5er som kan hjelpe dem med \u00e5 levere sine tjenester. De er medlem av IAM og har 108 \u00e5rs erfaring.<\/p>\n<p>Meyer tilbyr en flyttekonsultasjon for \u00e5 vurdere flyttebehov og volum. De tilbyr en dedikert flyttekoordinator som et enkelt kontaktpunkt som h\u00e5ndterer alle aspekter av flyttingen. De finner den beste flyttel\u00f8sningen for dine behov og tilbyr en d\u00f8r-til-d\u00f8r-tjeneste med mulighet for full pakkeservice eller selvpakking.<\/p>\n<p>Nettsted: <a href=\"http:\/\/www.williambmeyer.com\" target=\"_blank\" rel=\"noopener\">http:\/\/www.williambmeyer.com<\/a><\/p>\n<h2><strong>3. WorldCare Transport av kj\u00e6ledyr<\/strong><\/h2>\n<p><img loading=\"lazy\" decoding=\"async\" class=\"alignnone size-full wp-image-11481\" src=\"https:\/\/moverdb.com\/wp-content\/uploads\/WorldCare-Pet-Transport-international-moving-company.png\" alt=\"WorldCare Pet Transport internasjonalt flyttebyr\u00e5\" width=\"1440\" height=\"683\" data-wp-pid=\"11481\" srcset=\"https:\/\/moverdb.com\/wp-content\/uploads\/WorldCare-Pet-Transport-international-moving-company.png 1440w, https:\/\/moverdb.com\/wp-content\/uploads\/WorldCare-Pet-Transport-international-moving-company-300x142.png 300w, https:\/\/moverdb.com\/wp-content\/uploads\/WorldCare-Pet-Transport-international-moving-company-1024x486.png 1024w, https:\/\/moverdb.com\/wp-content\/uploads\/WorldCare-Pet-Transport-international-moving-company-18x9.png 18w, https:\/\/moverdb.com\/wp-content\/uploads\/WorldCare-Pet-Transport-international-moving-company-600x285.png 600w\" sizes=\"auto, (max-width: 1440px) 100vw, 1440px\" \/><\/p>\n<ul>\n<li>Landsomfattende service<\/li>\n<li>Internasjonal tjeneste<\/li>\n<li>Privat flytting av kj\u00e6ledyr<\/li>\n<li>Bedriftsflytting av kj\u00e6ledyr<\/li>\n<li>Omfattende service<\/li>\n<li>D\u00f8r-til-d\u00f8r-tjeneste<\/li>\n<li>Passer for alle typer kj\u00e6ledyr<\/li>\n<li>Tilrettelegging av effektiv transport<\/li>\n<li>Flyselskaper<\/li>\n<li>Veterin\u00e6rtjenester<\/li>\n<\/ul>\n<p>WorldCare Pet Transport er et internasjonalt kj\u00e6ledyrtransportselskap som har v\u00e6rt i drift i over 10 \u00e5r. De samarbeider med flyttebyr\u00e5er, flyttebyr\u00e5er og personalansvarlige. De er registrert hos USDA som umiddelbar transport\u00f8r. De er medlem av IAM og har 22 \u00e5rs erfaring.<\/p>\n<p>WorldCare Pet Transport tilbyr en omfattende tjeneste for flytting av kj\u00e6ledyr som henter og leverer kj\u00e6ledyret ditt hvor som helst i verden. De tar seg av alle reisearrangementer og s\u00f8rger for de mest direkte og kostnadseffektive flyvningene, i tillegg til at de tilbyr godkjente flyselskaper i alle st\u00f8rrelser. De ordner veterin\u00e6rtjenester, inkludert helseunders\u00f8kelser, blodpr\u00f8ver, sertifikater og mikrochips.<\/p>\n<p>Nettsted: <a href=\"http:\/\/www.WorldCarePet.com\" target=\"_blank\" rel=\"noopener\">http:\/\/www.WorldCarePet.com<\/a><\/p>","protected":false},"excerpt":{"rendered":"<p>If you are moving, you may want to employ the services of a moving company to support and lessen the load. They can help with planning the move, packing your belongings, arranging transport and handling customs for international moves. Below we have compiled a list of Connecticut based removal companies that are members of the [&hellip;]<\/p>\n","protected":false},"author":4,"featured_media":11277,"parent":190,"menu_order":0,"comment_status":"closed","ping_status":"closed","template":"","meta":{"_genesis_hide_title":false,"_genesis_hide_breadcrumbs":false,"_genesis_hide_singular_image":false,"_genesis_hide_footer_widgets":false,"_genesis_custom_body_class":"","_genesis_custom_post_class":"","_genesis_layout":"","footnotes":""},"class_list":{"0":"post-11556","1":"page","2":"type-page","3":"status-publish","4":"has-post-thumbnail","6":"entry"},"_links":{"self":[{"href":"https:\/\/moverdb.com\/nb\/wp-json\/wp\/v2\/pages\/11556","targetHints":{"allow":["GET"]}}],"collection":[{"href":"https:\/\/moverdb.com\/nb\/wp-json\/wp\/v2\/pages"}],"about":[{"href":"https:\/\/moverdb.com\/nb\/wp-json\/wp\/v2\/types\/page"}],"author":[{"embeddable":true,"href":"https:\/\/moverdb.com\/nb\/wp-json\/wp\/v2\/users\/4"}],"replies":[{"embeddable":true,"href":"https:\/\/moverdb.com\/nb\/wp-json\/wp\/v2\/comments?post=11556"}],"version-history":[{"count":1,"href":"https:\/\/moverdb.com\/nb\/wp-json\/wp\/v2\/pages\/11556\/revisions"}],"predecessor-version":[{"id":11557,"href":"https:\/\/moverdb.com\/nb\/wp-json\/wp\/v2\/pages\/11556\/revisions\/11557"}],"up":[{"embeddable":true,"href":"https:\/\/moverdb.com\/nb\/wp-json\/wp\/v2\/pages\/190"}],"wp:featuredmedia":[{"embeddable":true,"href":"https:\/\/moverdb.com\/nb\/wp-json\/wp\/v2\/media\/11277"}],"wp:attachment":[{"href":"https:\/\/moverdb.com\/nb\/wp-json\/wp\/v2\/media?parent=11556"}],"curies":[{"name":"wp","href":"https:\/\/api.w.org\/{rel}","templated":true}]}}