{"id":11550,"date":"2023-11-29T10:24:26","date_gmt":"2023-11-29T10:24:26","guid":{"rendered":"https:\/\/moverdb.com\/?page_id=11550"},"modified":"2026-01-08T15:23:37","modified_gmt":"2026-01-08T15:23:37","slug":"moving-companies-us-arizona","status":"publish","type":"page","link":"https:\/\/moverdb.com\/nb\/moving-companies\/moving-companies-us-arizona\/","title":{"rendered":"De 2 beste internasjonale flyttebyr\u00e5ene i Arizona"},"content":{"rendered":"<p>\u00c5 flytte kan v\u00e6re en av de mest stressende periodene i livet, s\u00e5 hvorfor pr\u00f8ve \u00e5 gj\u00f8re alt p\u00e5 egen h\u00e5nd? <a href=\"https:\/\/moverdb.com\/nb\/moving-companies\/\" data-internallinksmanager029f6b8e52c=\"79\" title=\"Topp 25 internasjonale flyttebyr\u00e5er p\u00e5 nettet\">Flyttefirmaer<\/a> kan hjelpe deg med organisering, pakking, transport og fortolling ved behov. Nedenfor har vi samlet en liste over <a href=\"https:\/\/moverdb.com\/nb\/moving-to-the-united-states\/moving-to-arizona\/\" data-internallinksmanager029f6b8e52c=\"385\" title=\"Flytter du til Arizona? 2023 Levekostnader og flyttetips\">Arizona<\/a> basert <a href=\"https:\/\/moverdb.com\/nb\/international-removals\/\" data-internallinksmanager029f6b8e52c=\"27\" title=\"De 36 beste internasjonale flyttebyr\u00e5ene i Storbritannia\">flyttebyr\u00e5er<\/a> som er medlemmer av <a href=\"https:\/\/moverdb.com\/nb\/iam\/\" data-internallinksmanager029f6b8e52c=\"23\" title=\"International Association of Movers (IAM) Forklaret\">International Association of Movers<\/a> (IAM) og\/eller <a href=\"https:\/\/moverdb.com\/nb\/fidi-faim\/\" data-internallinksmanager029f6b8e52c=\"16\" title=\"FIDI &amp; FAIM (FIDI-akkreditert internasjonal spedit\u00f8r) forklart\">FIDI<\/a> Accredited International Mover (FAIM) som kan hjelpe deg med flyttingen.<\/p>\n<h2><strong>1. Atlantic Relocation Systems<\/strong><\/h2>\n<p><img loading=\"lazy\" decoding=\"async\" class=\"alignnone size-full wp-image-11262\" src=\"https:\/\/moverdb.com\/wp-content\/uploads\/Atlantic-Relocation-Systems-international-moving-company.png\" alt=\"Atlantic Relocation Systems internasjonalt flyttebyr\u00e5\" width=\"1440\" height=\"677\" data-wp-pid=\"11262\" srcset=\"https:\/\/moverdb.com\/wp-content\/uploads\/Atlantic-Relocation-Systems-international-moving-company.png 1440w, https:\/\/moverdb.com\/wp-content\/uploads\/Atlantic-Relocation-Systems-international-moving-company-300x141.png 300w, https:\/\/moverdb.com\/wp-content\/uploads\/Atlantic-Relocation-Systems-international-moving-company-1024x481.png 1024w, https:\/\/moverdb.com\/wp-content\/uploads\/Atlantic-Relocation-Systems-international-moving-company-18x8.png 18w, https:\/\/moverdb.com\/wp-content\/uploads\/Atlantic-Relocation-Systems-international-moving-company-600x282.png 600w\" sizes=\"auto, (max-width: 1440px) 100vw, 1440px\" \/><\/p>\n<ul>\n<li>Lokale og langdistanse flyttinger<\/li>\n<li>Internasjonale flyttinger<\/li>\n<li>Flytting av boliger<\/li>\n<li>Handels- og kontorflyttinger<\/li>\n<li>Koordinator for internasjonal flytting<\/li>\n<li>Pakketjenester<\/li>\n<li>Vei-, luft- og sj\u00f8transport<\/li>\n<li>St\u00f8tte med dokumentasjon<\/li>\n<li>H\u00e5ndtering av kunst<\/li>\n<li>Sikker lagring<\/li>\n<\/ul>\n<p>Atlantic Relocation Systems er et flyttebyr\u00e5 som ble grunnlagt i 1984 og har 13 avdelinger i <a href=\"https:\/\/moverdb.com\/nb\/moving-to-phoenix\/\" data-internallinksmanager029f6b8e52c=\"62\" title=\"Flytte til Phoenix? 2023 Levekostnader og flyttetips\">Phoenix<\/a> samt <a href=\"https:\/\/moverdb.com\/nb\/moving-to-the-united-states\/moving-to-georgia\/\" data-internallinksmanager029f6b8e52c=\"402\" title=\"Flytte til Georgia? 2023 Levekostnader og tips om flytting\">Georgia<\/a>, <a href=\"https:\/\/moverdb.com\/nb\/moving-to-the-united-states\/moving-to-florida\/\" data-internallinksmanager029f6b8e52c=\"331\" title=\"Flytter du til Florida? 2023 Levekostnader og flyttetips\">Florida<\/a>, <a href=\"https:\/\/moverdb.com\/nb\/moving-to-the-united-states\/moving-to-illinois\/\" data-internallinksmanager029f6b8e52c=\"401\" title=\"Flytter du til Illinois? 2023 Levekostnader og flyttetips\">Illinois<\/a>, <a href=\"https:\/\/moverdb.com\/nb\/moving-to-the-united-states\/moving-to-colorado\/\" data-internallinksmanager029f6b8e52c=\"399\" title=\"Flytter du til Colorado? 2023 Levekostnader og flyttetips\">Colorado<\/a>, <a href=\"https:\/\/moverdb.com\/nb\/moving-to-the-united-states\/moving-to-texas\/\" data-internallinksmanager029f6b8e52c=\"397\" title=\"Flytter du til Texas? 2023 Levekostnader og flyttetips\">Texas<\/a>, <a href=\"https:\/\/moverdb.com\/nb\/moving-to-the-united-states\/moving-to-indiana\/\" data-internallinksmanager029f6b8e52c=\"445\" title=\"Flytter du til Indiana? 2023 Levekostnader og flyttetips\">Indiana<\/a> og Washington. De er en del av Atlas Van Lines og dekker hele verden. <a href=\"https:\/\/moverdb.com\/nb\/moving-to-the-united-states\/\" data-internallinksmanager029f6b8e52c=\"94\" title=\"Flytte til USA? 2023 Levekostnader og flyttetips\">USA<\/a> og de har et internasjonalt nettverk av flyttebyr\u00e5er. De er medlem av IAM og har 33 \u00e5rs erfaring.<\/p>\n<p>Atlantic Relocation Systems tilbyr et gratis prisoverslag for lokale flyttinger. For utenlandsflyttinger tilbyr de en internasjonal flyttekoordinator som vil v\u00e6re ditt kontaktpunkt og h\u00e5ndtere alle aspekter av flyttingen. De organiserer pakking og lasting av eiendeler og s\u00f8rger for at de kommer trygt frem til bestemmelsesstedet.<\/p>\n<p>Nettsted: <a href=\"http:\/\/www.atlanticrelocation.com\/phoenix\/\" target=\"_blank\" rel=\"noopener\">http:\/\/www.atlanticrelocation.com\/phoenix\/<\/a><\/p>\n<h2><strong>2. Globale mobilitetsl\u00f8sninger<\/strong><\/h2>\n<p><img loading=\"lazy\" decoding=\"async\" class=\"alignnone size-full wp-image-11326\" src=\"https:\/\/moverdb.com\/wp-content\/uploads\/Global-Mobility-Solutions-international-moving-company.png\" alt=\"Global Mobility Solutions internasjonalt flyttebyr\u00e5\" width=\"1440\" height=\"676\" data-wp-pid=\"11326\" srcset=\"https:\/\/moverdb.com\/wp-content\/uploads\/Global-Mobility-Solutions-international-moving-company.png 1440w, https:\/\/moverdb.com\/wp-content\/uploads\/Global-Mobility-Solutions-international-moving-company-300x141.png 300w, https:\/\/moverdb.com\/wp-content\/uploads\/Global-Mobility-Solutions-international-moving-company-1024x481.png 1024w, https:\/\/moverdb.com\/wp-content\/uploads\/Global-Mobility-Solutions-international-moving-company-18x8.png 18w, https:\/\/moverdb.com\/wp-content\/uploads\/Global-Mobility-Solutions-international-moving-company-600x282.png 600w\" sizes=\"auto, (max-width: 1440px) 100vw, 1440px\" \/><\/p>\n<ul>\n<li>Lokale og mellomstatlige flyttinger<\/li>\n<li>Internasjonale flyttinger<\/li>\n<li>Flytting av bedrifter<\/li>\n<li>Globale mobilitetsprogrammer<\/li>\n<li>Skreddersydde tjenester<\/li>\n<li>St\u00f8tte f\u00f8r tildeling<\/li>\n<li>Flyttetjenester<\/li>\n<li>Bosettingstjenester<\/li>\n<li>Transport av kj\u00e6ledyr<\/li>\n<li>Sporingsteknologi<\/li>\n<\/ul>\n<p>Global Mobility Solutions er et relocation management-selskap som ble grunnlagt i 1987 og holder til i Scottsdale. De kan levere relokaliseringstjenester til over 140 land over hele verden og er medlem av IAM med 36 \u00e5rs erfaring.<\/p>\n<p>Global Mobility Solutions tilbyr skreddersydde og omfattende relokaliseringstjenester. Tjenestene som tilbys f\u00f8r utflytting omfatter visum og immigrasjon, orientering og boligs\u00f8k. Tjenester i forkant av reisen inkluderer kultur- og spr\u00e5koppl\u00e6ring, transport av kj\u00e6ledyr og forsendelse av varer. Flyttetjenestene omfatter innflyttingsservice, partnerst\u00f8tte og skoleplassering. De tilbyr MyRelocation-teknologi som gj\u00f8r det mulig for arbeidsgivere \u00e5 administrere og spore flyttinger og bidrar til \u00e5 effektivisere bedriftsflyttinger.<\/p>\n<p>Nettsted: <a href=\"https:\/\/gmsmobility.com\/\" target=\"_blank\" rel=\"noopener\">https:\/\/gmsmobility.com\/<\/a><\/p>","protected":false},"excerpt":{"rendered":"<p>Moving can be one of the most stressful times in our lives, so why try to do it all on your own? Moving companies can help with organisation, packing, transportation and customs if required. Below we have compiled a list of Arizona based removal companies that are members of the International Association of Movers (IAM) [&hellip;]<\/p>\n","protected":false},"author":4,"featured_media":11262,"parent":190,"menu_order":0,"comment_status":"closed","ping_status":"closed","template":"","meta":{"_genesis_hide_title":false,"_genesis_hide_breadcrumbs":false,"_genesis_hide_singular_image":false,"_genesis_hide_footer_widgets":false,"_genesis_custom_body_class":"","_genesis_custom_post_class":"","_genesis_layout":"","footnotes":""},"class_list":{"0":"post-11550","1":"page","2":"type-page","3":"status-publish","4":"has-post-thumbnail","6":"entry"},"_links":{"self":[{"href":"https:\/\/moverdb.com\/nb\/wp-json\/wp\/v2\/pages\/11550","targetHints":{"allow":["GET"]}}],"collection":[{"href":"https:\/\/moverdb.com\/nb\/wp-json\/wp\/v2\/pages"}],"about":[{"href":"https:\/\/moverdb.com\/nb\/wp-json\/wp\/v2\/types\/page"}],"author":[{"embeddable":true,"href":"https:\/\/moverdb.com\/nb\/wp-json\/wp\/v2\/users\/4"}],"replies":[{"embeddable":true,"href":"https:\/\/moverdb.com\/nb\/wp-json\/wp\/v2\/comments?post=11550"}],"version-history":[{"count":1,"href":"https:\/\/moverdb.com\/nb\/wp-json\/wp\/v2\/pages\/11550\/revisions"}],"predecessor-version":[{"id":11551,"href":"https:\/\/moverdb.com\/nb\/wp-json\/wp\/v2\/pages\/11550\/revisions\/11551"}],"up":[{"embeddable":true,"href":"https:\/\/moverdb.com\/nb\/wp-json\/wp\/v2\/pages\/190"}],"wp:featuredmedia":[{"embeddable":true,"href":"https:\/\/moverdb.com\/nb\/wp-json\/wp\/v2\/media\/11262"}],"wp:attachment":[{"href":"https:\/\/moverdb.com\/nb\/wp-json\/wp\/v2\/media?parent=11550"}],"curies":[{"name":"wp","href":"https:\/\/api.w.org\/{rel}","templated":true}]}}