{"id":11548,"date":"2023-11-29T10:41:59","date_gmt":"2023-11-29T10:41:59","guid":{"rendered":"https:\/\/moverdb.com\/?page_id=11548"},"modified":"2026-01-08T15:24:37","modified_gmt":"2026-01-08T15:24:37","slug":"moving-companies-us-alexandria","status":"publish","type":"page","link":"https:\/\/moverdb.com\/nb\/moving-companies\/moving-companies-us-alexandria\/","title":{"rendered":"De 4 beste internasjonale flyttebyr\u00e5ene i Alexandria"},"content":{"rendered":"<p>Flytting kan v\u00e6re en travel tid med mange ting som skal organiseres, og det er derfor s\u00e5 mange som f\u00e5r et <a href=\"https:\/\/moverdb.com\/nb\/moving-companies\/\" data-internallinksmanager029f6b8e52c=\"79\" title=\"Topp 25 internasjonale flyttebyr\u00e5er p\u00e5 nettet\">flyttefirma<\/a> som kan pakke, laste, transportere og losse varene dine p\u00e5 bestemmelsesstedet. Nedenfor har vi samlet en liste over transport\u00f8rer i Alexandria. <a href=\"https:\/\/moverdb.com\/nb\/international-removals\/\" data-internallinksmanager029f6b8e52c=\"27\" title=\"De 36 beste internasjonale flyttebyr\u00e5ene i Storbritannia\">flyttebyr\u00e5er<\/a> som er medlemmer av <a href=\"https:\/\/moverdb.com\/nb\/iam\/\" data-internallinksmanager029f6b8e52c=\"23\" title=\"International Association of Movers (IAM) Forklaret\">International Association of Movers<\/a> (IAM) og\/eller <a href=\"https:\/\/moverdb.com\/nb\/fidi-faim\/\" data-internallinksmanager029f6b8e52c=\"16\" title=\"FIDI &amp; FAIM (FIDI-akkreditert internasjonal spedit\u00f8r) forklart\">FIDI<\/a> Accredited International Mover (FAIM) som kan hjelpe deg med flyttingen.<\/p>\n<div id=\"ez-toc-container\" class=\"ez-toc-v2_0_82_2 ez-toc-wrap-left counter-hierarchy ez-toc-counter ez-toc-transparent ez-toc-container-direction\">\n<div class=\"ez-toc-title-container\">\n<p class=\"ez-toc-title\" style=\"cursor:inherit\">Seksjoner<\/p>\n<span class=\"ez-toc-title-toggle\"><a href=\"#\" class=\"ez-toc-pull-right ez-toc-btn ez-toc-btn-xs ez-toc-btn-default ez-toc-toggle\" aria-label=\"Bytt innholdsfortegnelse\"><span class=\"ez-toc-js-icon-con\"><span class=\"\"><span class=\"eztoc-hide\" style=\"display:none;\">Toggle<\/span><span class=\"ez-toc-icon-toggle-span\"><svg style=\"fill: #999;color:#999\" xmlns=\"http:\/\/www.w3.org\/2000\/svg\" class=\"list-377408\" width=\"20px\" height=\"20px\" viewbox=\"0 0 24 24\" fill=\"none\"><path d=\"M6 6H4v2h2V6zm14 0H8v2h12V6zM4 11h2v2H4v-2zm16 0H8v2h12v-2zM4 16h2v2H4v-2zm16 0H8v2h12v-2z\" fill=\"currentColor\"><\/path><\/svg><svg style=\"fill: #999;color:#999\" class=\"arrow-unsorted-368013\" xmlns=\"http:\/\/www.w3.org\/2000\/svg\" width=\"10px\" height=\"10px\" viewbox=\"0 0 24 24\" version=\"1.2\" baseprofile=\"tiny\"><path d=\"M18.2 9.3l-6.2-6.3-6.2 6.3c-.2.2-.3.4-.3.7s.1.5.3.7c.2.2.4.3.7.3h11c.3 0 .5-.1.7-.3.2-.2.3-.5.3-.7s-.1-.5-.3-.7zM5.8 14.7l6.2 6.3 6.2-6.3c.2-.2.3-.5.3-.7s-.1-.5-.3-.7c-.2-.2-.4-.3-.7-.3h-11c-.3 0-.5.1-.7.3-.2.2-.3.5-.3.7s.1.5.3.7z\"\/><\/svg><\/span><\/span><\/span><\/a><\/span><\/div>\n<nav><ul class='ez-toc-list ez-toc-list-level-1 eztoc-toggle-hide-by-default' ><li class='ez-toc-page-1 ez-toc-heading-level-2'><a class=\"ez-toc-link ez-toc-heading-1\" href=\"https:\/\/moverdb.com\/nb\/moving-companies\/moving-companies-us-alexandria\/#1_International_Moving_Service\" >1. Internasjonal flytting<\/a><\/li><li class='ez-toc-page-1 ez-toc-heading-level-2'><a class=\"ez-toc-link ez-toc-heading-2\" href=\"https:\/\/moverdb.com\/nb\/moving-companies\/moving-companies-us-alexandria\/#2_Kinetix_International_Logistics\" >2. Kinetix International Logistics<\/a><\/li><li class='ez-toc-page-1 ez-toc-heading-level-2'><a class=\"ez-toc-link ez-toc-heading-3\" href=\"https:\/\/moverdb.com\/nb\/moving-companies\/moving-companies-us-alexandria\/#3_Knopf_International\" >3. Knopf International<\/a><\/li><li class='ez-toc-page-1 ez-toc-heading-level-2'><a class=\"ez-toc-link ez-toc-heading-4\" href=\"https:\/\/moverdb.com\/nb\/moving-companies\/moving-companies-us-alexandria\/#4_Victory_Van_Corporation\" >4. Victory Van Corporation<\/a><\/li><\/ul><\/nav><\/div>\n<h2><span class=\"ez-toc-section\" id=\"1_International_Moving_Service\"><\/span><strong>1. Internasjonal flytting<\/strong><span class=\"ez-toc-section-end\"><\/span><\/h2>\n<p><img loading=\"lazy\" decoding=\"async\" class=\"alignnone size-full wp-image-8331\" src=\"https:\/\/moverdb.com\/wp-content\/uploads\/International-Moving-Services-moving-company.png\" alt=\"Internasjonale flyttetjenester flyttebyr\u00e5\" width=\"1440\" height=\"681\" data-wp-pid=\"8331\" srcset=\"https:\/\/moverdb.com\/wp-content\/uploads\/International-Moving-Services-moving-company.png 1440w, https:\/\/moverdb.com\/wp-content\/uploads\/International-Moving-Services-moving-company-300x142.png 300w, https:\/\/moverdb.com\/wp-content\/uploads\/International-Moving-Services-moving-company-1024x484.png 1024w, https:\/\/moverdb.com\/wp-content\/uploads\/International-Moving-Services-moving-company-18x9.png 18w, https:\/\/moverdb.com\/wp-content\/uploads\/International-Moving-Services-moving-company-600x284.png 600w\" sizes=\"auto, (max-width: 1440px) 100vw, 1440px\" \/><\/p>\n<ul>\n<li>Nasjonale tiltak<\/li>\n<li>Internasjonale flyttinger<\/li>\n<li>Flytting av boliger<\/li>\n<li>Bedriftsbevegelser<\/li>\n<li>D\u00f8r-til-d\u00f8r-tjeneste<\/li>\n<li>Pakketjeneste<\/li>\n<li>Transportordninger<\/li>\n<li>Transport av kj\u00f8ret\u00f8y<\/li>\n<li>Forsikring<\/li>\n<li>Sikker lagring p\u00e5 kort og lang sikt<\/li>\n<\/ul>\n<p>International Moving Service er et internasjonalt spedisjons- og flyttebyr\u00e5 som ble etablert i 1974. Hovedkontoret ligger i Alexandria, med filialer i Jersey og Norfolk. De samarbeider med destinasjonsagenter over hele verden for \u00e5 levere d\u00f8r-til-d\u00f8r-tjenester hvor som helst. De er medlem av IAM og har 49 \u00e5rs erfaring.<\/p>\n<p>International Moving Service tilbyr en all-inclusive-tjeneste for flytting som inkluderer innflytting i den nye boligen og lagring i sikre lokaler for kortere eller lengre tid. De tilbyr en personlig d\u00f8r-til-d\u00f8r-tjeneste som inkluderer emballasjematerialer av h\u00f8y kvalitet og skreddersydde trekasser for skj\u00f8re gjenstander.<\/p>\n<p>Nettsted: <a href=\"http:\/\/www.imsmover.com\" target=\"_blank\" rel=\"noopener\">http:\/\/www.imsmover.com<\/a><\/p>\n<h2><span class=\"ez-toc-section\" id=\"2_Kinetix_International_Logistics\"><\/span><strong>2. Kinetix International Logistics<\/strong><span class=\"ez-toc-section-end\"><\/span><\/h2>\n<p><img loading=\"lazy\" decoding=\"async\" class=\"alignnone size-full wp-image-11358\" src=\"https:\/\/moverdb.com\/wp-content\/uploads\/Kinetix-International-Logistics-moving-company.png\" alt=\"Kinetix International Logistics flyttebyr\u00e5\" width=\"1440\" height=\"683\" data-wp-pid=\"11358\" srcset=\"https:\/\/moverdb.com\/wp-content\/uploads\/Kinetix-International-Logistics-moving-company.png 1440w, https:\/\/moverdb.com\/wp-content\/uploads\/Kinetix-International-Logistics-moving-company-300x142.png 300w, https:\/\/moverdb.com\/wp-content\/uploads\/Kinetix-International-Logistics-moving-company-1024x486.png 1024w, https:\/\/moverdb.com\/wp-content\/uploads\/Kinetix-International-Logistics-moving-company-18x9.png 18w, https:\/\/moverdb.com\/wp-content\/uploads\/Kinetix-International-Logistics-moving-company-600x285.png 600w\" sizes=\"auto, (max-width: 1440px) 100vw, 1440px\" \/><\/p>\n<ul>\n<li>Nasjonale tiltak<\/li>\n<li>Internasjonale flyttinger<\/li>\n<li>Flytting av husholdninger<\/li>\n<li>Flytting av bedrifter<\/li>\n<li>D\u00f8r-til-d\u00f8r-tjeneste<\/li>\n<li>Pakketjeneste<\/li>\n<li>Vei-, sj\u00f8- og lufttransport<\/li>\n<li>Tollklarering<\/li>\n<li><a href=\"https:\/\/moverdb.com\/nb\/car-transport-shipping\/\" data-internallinksmanager029f6b8e52c=\"2\" title=\"2026 Internasjonal biltransport og tilbud p\u00e5 frakt av kj\u00f8ret\u00f8y\">Frakt av kj\u00f8ret\u00f8y<\/a><\/li>\n<li>Lagringsanlegg<\/li>\n<\/ul>\n<p>Kinetix International Logistics er et selskap innen prosjektlogistikk og global mobilitet som ble etablert i 1986 med kontorer i Alexandria, <a href=\"https:\/\/moverdb.com\/nb\/moving-to-the-united-states\/moving-to-new-york\/\" data-internallinksmanager029f6b8e52c=\"332\" title=\"Flytter du til New York (delstat)? 2023 Levekostnader og flyttetips\">New York<\/a> og <a href=\"https:\/\/moverdb.com\/nb\/moving-to-san-francisco\/\" data-internallinksmanager029f6b8e52c=\"63\" title=\"Flytte til San Francisco? 2023 Levekostnader og flyttetips\">San Francisco<\/a>. De benytter et uavhengig nettverk av flytte- og destinasjonsagenter for \u00e5 tilby sine tjenester internasjonalt i over 140 land. De er medlem av IAM og har 13 \u00e5rs erfaring.<\/p>\n<p>Kinetix International Logistics tilbyr d\u00f8r-til-d\u00f8r-tjenester med en kartlegging f\u00f8r flytting for \u00e5 vurdere flyttebehovene dine. De tilbyr en pakketjeneste som pakker og emballerer gjenstandene dine p\u00e5 en trygg m\u00e5te f\u00f8r de sendes til bestemmelsesstedet. De tilbyr transport med bil, fly og b\u00e5t, fra enkle forsendelser til 20-fots containere.<\/p>\n<p>Nettsted: <a href=\"https:\/\/kinetixlogistics.com\/\" target=\"_blank\" rel=\"noopener\">https:\/\/kinetixlogistics.com\/<\/a><\/p>\n<h2><span class=\"ez-toc-section\" id=\"3_Knopf_International\"><\/span><strong>3. Knopf International<\/strong><span class=\"ez-toc-section-end\"><\/span><\/h2>\n<p><img loading=\"lazy\" decoding=\"async\" class=\"alignnone size-full wp-image-11359\" src=\"https:\/\/moverdb.com\/wp-content\/uploads\/Knopf-International-moving-company.png\" alt=\"Knopf International flyttebyr\u00e5\" width=\"1440\" height=\"681\" data-wp-pid=\"11359\" srcset=\"https:\/\/moverdb.com\/wp-content\/uploads\/Knopf-International-moving-company.png 1440w, https:\/\/moverdb.com\/wp-content\/uploads\/Knopf-International-moving-company-300x142.png 300w, https:\/\/moverdb.com\/wp-content\/uploads\/Knopf-International-moving-company-1024x484.png 1024w, https:\/\/moverdb.com\/wp-content\/uploads\/Knopf-International-moving-company-18x9.png 18w, https:\/\/moverdb.com\/wp-content\/uploads\/Knopf-International-moving-company-600x284.png 600w\" sizes=\"auto, (max-width: 1440px) 100vw, 1440px\" \/><\/p>\n<ul>\n<li>Lokale og nasjonale tiltak<\/li>\n<li>Internasjonale flyttinger<\/li>\n<li>Flytting av boliger<\/li>\n<li>Flytting av bedrifter<\/li>\n<li>D\u00f8r-til-d\u00f8r-tjeneste<\/li>\n<li>Personlig service<\/li>\n<li>Pakketjeneste<\/li>\n<li>Land-, sj\u00f8- og lufttransport<\/li>\n<li>Alternativer for containere<\/li>\n<li>Lagringsanlegg<\/li>\n<\/ul>\n<p>Knopf International er et flyttebyr\u00e5 med kontor i Alexandria. De har et internasjonalt nettverk av flyttebyr\u00e5er som hjelper dem med flyttinger over hele verden. De er medlem av IAM og har 44 \u00e5rs erfaring.<\/p>\n<p>Knopf International tilbyr d\u00f8r-til-d\u00f8r-flytting for privatpersoner og ansatte i bedrifter. Knopf International tilbyr en pakketjeneste som best\u00e5r av dyktige pakkere, emballasjematerialer av beste kvalitet og skreddersydde trekasser for skj\u00f8re gjenstander for \u00e5 beskytte gjenstandene dine under flyttingen. De lager en inventarliste og merker eskene dine. De tilbyr transport til lands, til sj\u00f8s og i fly, inkludert 20- eller 40-fots containere.<\/p>\n<p>Nettsted: <a href=\"http:\/\/knopfinternational.com\" target=\"_blank\" rel=\"noopener\">http:\/\/knopfinternational.com<\/a><\/p>\n<h2><span class=\"ez-toc-section\" id=\"4_Victory_Van_Corporation\"><\/span><strong>4. Victory Van Corporation<\/strong><span class=\"ez-toc-section-end\"><\/span><\/h2>\n<p><img loading=\"lazy\" decoding=\"async\" class=\"alignnone size-full wp-image-11471\" src=\"https:\/\/moverdb.com\/wp-content\/uploads\/Victory-Van-Corporation-international-moving-company.png\" alt=\"Victory Van Corporation internasjonalt flyttebyr\u00e5\" width=\"1440\" height=\"678\" data-wp-pid=\"11471\" srcset=\"https:\/\/moverdb.com\/wp-content\/uploads\/Victory-Van-Corporation-international-moving-company.png 1440w, https:\/\/moverdb.com\/wp-content\/uploads\/Victory-Van-Corporation-international-moving-company-300x141.png 300w, https:\/\/moverdb.com\/wp-content\/uploads\/Victory-Van-Corporation-international-moving-company-1024x482.png 1024w, https:\/\/moverdb.com\/wp-content\/uploads\/Victory-Van-Corporation-international-moving-company-18x8.png 18w, https:\/\/moverdb.com\/wp-content\/uploads\/Victory-Van-Corporation-international-moving-company-600x283.png 600w\" sizes=\"auto, (max-width: 1440px) 100vw, 1440px\" \/><\/p>\n<ul>\n<li>Lokale og mellomstatlige flyttinger<\/li>\n<li>Internasjonale flyttinger<\/li>\n<li>Flytting av boliger<\/li>\n<li>Flytting av kontorer<\/li>\n<li>Flytte koordinator<\/li>\n<li>Fullservicel\u00f8sning<\/li>\n<li>Pakketjeneste<\/li>\n<li>Fly-, jernbane-, land- og sj\u00f8transport<\/li>\n<li>Tollpapirarbeid<\/li>\n<li>Kort- og langtidslagring<\/li>\n<\/ul>\n<p>Victory Van Corporation er et flytte- og lagringsselskap som ble grunnlagt i 1928 og har avdelinger i Alexandria, <a href=\"https:\/\/moverdb.com\/nb\/moving-to-the-united-states\/moving-to-maryland\/\" data-internallinksmanager029f6b8e52c=\"467\" title=\"Flytter du til Maryland? 2024 Levekostnader og flyttetips\">Maryland<\/a>, <a href=\"https:\/\/moverdb.com\/nb\/moving-to-the-united-states\/moving-to-florida\/\" data-internallinksmanager029f6b8e52c=\"331\" title=\"Flytter du til Florida? 2023 Levekostnader og flyttetips\">Florida<\/a> og nordlig <a href=\"https:\/\/moverdb.com\/nb\/moving-to-the-united-states\/moving-to-virginia\/\" data-internallinksmanager029f6b8e52c=\"442\" title=\"Flytte til Virginia? 2023 Levekostnader og tips om flytting\">Virginia<\/a>. De er en Allied Van Lines-agent, noe som gir dem tilgang til et st\u00f8rre nettverk av flytteagenter over hele verden som kan hjelpe dem med internasjonale flyttinger. De er medlem av IAM og har 95 \u00e5rs erfaring.<\/p>\n<p>Victory Van Corporations flyttekoordinatorer hjelper deg med \u00e5 planlegge alle trinn i flyttingen din, b\u00e5de lokalt og over lange avstander. De tilbyr et virtuelt flytteestimat eller et flytteestimat hjemme hos deg, og kan tilby en fullservicel\u00f8sning og en tilpasset flytteplan som holder deg innenfor budsjettet.<\/p>\n<p>Nettsted: <a href=\"http:\/\/www.victoryvan.com\" target=\"_blank\" rel=\"noopener\">http:\/\/www.victoryvan.com<\/a><\/p>","protected":false},"excerpt":{"rendered":"<p>Moving can be a busy time with so many things to organise which is why so many people get a moving company involved as they can pack your items, load and transport them and unload them at the destination. Below we have compiled a list of Alexandria based removal companies that are members of the [&hellip;]<\/p>\n","protected":false},"author":4,"featured_media":11349,"parent":190,"menu_order":0,"comment_status":"closed","ping_status":"closed","template":"","meta":{"_genesis_hide_title":false,"_genesis_hide_breadcrumbs":false,"_genesis_hide_singular_image":false,"_genesis_hide_footer_widgets":false,"_genesis_custom_body_class":"","_genesis_custom_post_class":"","_genesis_layout":"","footnotes":""},"class_list":{"0":"post-11548","1":"page","2":"type-page","3":"status-publish","4":"has-post-thumbnail","6":"entry"},"_links":{"self":[{"href":"https:\/\/moverdb.com\/nb\/wp-json\/wp\/v2\/pages\/11548","targetHints":{"allow":["GET"]}}],"collection":[{"href":"https:\/\/moverdb.com\/nb\/wp-json\/wp\/v2\/pages"}],"about":[{"href":"https:\/\/moverdb.com\/nb\/wp-json\/wp\/v2\/types\/page"}],"author":[{"embeddable":true,"href":"https:\/\/moverdb.com\/nb\/wp-json\/wp\/v2\/users\/4"}],"replies":[{"embeddable":true,"href":"https:\/\/moverdb.com\/nb\/wp-json\/wp\/v2\/comments?post=11548"}],"version-history":[{"count":1,"href":"https:\/\/moverdb.com\/nb\/wp-json\/wp\/v2\/pages\/11548\/revisions"}],"predecessor-version":[{"id":11549,"href":"https:\/\/moverdb.com\/nb\/wp-json\/wp\/v2\/pages\/11548\/revisions\/11549"}],"up":[{"embeddable":true,"href":"https:\/\/moverdb.com\/nb\/wp-json\/wp\/v2\/pages\/190"}],"wp:featuredmedia":[{"embeddable":true,"href":"https:\/\/moverdb.com\/nb\/wp-json\/wp\/v2\/media\/11349"}],"wp:attachment":[{"href":"https:\/\/moverdb.com\/nb\/wp-json\/wp\/v2\/media?parent=11548"}],"curies":[{"name":"wp","href":"https:\/\/api.w.org\/{rel}","templated":true}]}}