{"id":11546,"date":"2023-11-29T10:47:36","date_gmt":"2023-11-29T10:47:36","guid":{"rendered":"https:\/\/moverdb.com\/?page_id=11546"},"modified":"2026-01-08T15:25:02","modified_gmt":"2026-01-08T15:25:02","slug":"moving-companies-us-alaska","status":"publish","type":"page","link":"https:\/\/moverdb.com\/nb\/moving-companies\/moving-companies-us-alaska\/","title":{"rendered":"De 5 beste internasjonale flyttebyr\u00e5ene i Alaska"},"content":{"rendered":"<p>Hvis du for \u00f8yeblikket bor i <a href=\"https:\/\/moverdb.com\/nb\/moving-to-the-united-states\/moving-to-alaska\/\" data-internallinksmanager029f6b8e52c=\"384\" title=\"Flytter du til Alaska? 2023 Levekostnader og flyttetips\">Alaska<\/a> og planlegger en flytting eller flytter til Alaska fra utlandet, kan det v\u00e6re lurt \u00e5 engasjere et flyttebyr\u00e5 til \u00e5 hjelpe deg. <a href=\"https:\/\/moverdb.com\/nb\/moving-companies\/\" data-internallinksmanager029f6b8e52c=\"79\" title=\"Topp 25 internasjonale flyttebyr\u00e5er p\u00e5 nettet\">Flyttefirmaer<\/a> kan lette byrden og presset p\u00e5 deg ved \u00e5 pakke, laste og transportere eiendelene dine. Nedenfor har vi satt sammen en liste over Alaska-baserte <a href=\"https:\/\/moverdb.com\/nb\/international-removals\/\" data-internallinksmanager029f6b8e52c=\"27\" title=\"De 36 beste internasjonale flyttebyr\u00e5ene i Storbritannia\">flyttebyr\u00e5er<\/a> som er medlemmer av <a href=\"https:\/\/moverdb.com\/nb\/iam\/\" data-internallinksmanager029f6b8e52c=\"23\" title=\"International Association of Movers (IAM) Forklaret\">International Association of Movers<\/a> (IAM) og\/eller <a href=\"https:\/\/moverdb.com\/nb\/fidi-faim\/\" data-internallinksmanager029f6b8e52c=\"16\" title=\"FIDI &amp; FAIM (FIDI-akkreditert internasjonal spedit\u00f8r) forklart\">FIDI<\/a> Accredited International Mover (FAIM) som kan hjelpe deg med flyttingen.<\/p>\n<div id=\"ez-toc-container\" class=\"ez-toc-v2_0_82_2 ez-toc-wrap-left counter-hierarchy ez-toc-counter ez-toc-transparent ez-toc-container-direction\">\n<div class=\"ez-toc-title-container\">\n<p class=\"ez-toc-title\" style=\"cursor:inherit\">Seksjoner<\/p>\n<span class=\"ez-toc-title-toggle\"><a href=\"#\" class=\"ez-toc-pull-right ez-toc-btn ez-toc-btn-xs ez-toc-btn-default ez-toc-toggle\" aria-label=\"Bytt innholdsfortegnelse\"><span class=\"ez-toc-js-icon-con\"><span class=\"\"><span class=\"eztoc-hide\" style=\"display:none;\">Toggle<\/span><span class=\"ez-toc-icon-toggle-span\"><svg style=\"fill: #999;color:#999\" xmlns=\"http:\/\/www.w3.org\/2000\/svg\" class=\"list-377408\" width=\"20px\" height=\"20px\" viewbox=\"0 0 24 24\" fill=\"none\"><path d=\"M6 6H4v2h2V6zm14 0H8v2h12V6zM4 11h2v2H4v-2zm16 0H8v2h12v-2zM4 16h2v2H4v-2zm16 0H8v2h12v-2z\" fill=\"currentColor\"><\/path><\/svg><svg style=\"fill: #999;color:#999\" class=\"arrow-unsorted-368013\" xmlns=\"http:\/\/www.w3.org\/2000\/svg\" width=\"10px\" height=\"10px\" viewbox=\"0 0 24 24\" version=\"1.2\" baseprofile=\"tiny\"><path d=\"M18.2 9.3l-6.2-6.3-6.2 6.3c-.2.2-.3.4-.3.7s.1.5.3.7c.2.2.4.3.7.3h11c.3 0 .5-.1.7-.3.2-.2.3-.5.3-.7s-.1-.5-.3-.7zM5.8 14.7l6.2 6.3 6.2-6.3c.2-.2.3-.5.3-.7s-.1-.5-.3-.7c-.2-.2-.4-.3-.7-.3h-11c-.3 0-.5.1-.7.3-.2.2-.3.5-.3.7s.1.5.3.7z\"\/><\/svg><\/span><\/span><\/span><\/a><\/span><\/div>\n<nav><ul class='ez-toc-list ez-toc-list-level-1 eztoc-toggle-hide-by-default' ><li class='ez-toc-page-1 ez-toc-heading-level-2'><a class=\"ez-toc-link ez-toc-heading-1\" href=\"https:\/\/moverdb.com\/nb\/moving-companies\/moving-companies-us-alaska\/#1_Alisons_Relocations\" >1. Alisons flyttinger<\/a><\/li><li class='ez-toc-page-1 ez-toc-heading-level-2'><a class=\"ez-toc-link ez-toc-heading-2\" href=\"https:\/\/moverdb.com\/nb\/moving-companies\/moving-companies-us-alaska\/#2_Continental_Van_Lines\" >2. Continental Van Lines<\/a><\/li><li class='ez-toc-page-1 ez-toc-heading-level-2'><a class=\"ez-toc-link ez-toc-heading-3\" href=\"https:\/\/moverdb.com\/nb\/moving-companies\/moving-companies-us-alaska\/#3_Golden_North_Van_Lines\" >3. Golden North Van Lines<\/a><\/li><li class='ez-toc-page-1 ez-toc-heading-level-2'><a class=\"ez-toc-link ez-toc-heading-4\" href=\"https:\/\/moverdb.com\/nb\/moving-companies\/moving-companies-us-alaska\/#4_Royal_Alaskan_Movers\" >4. Royal Alaskan Movers<\/a><\/li><li class='ez-toc-page-1 ez-toc-heading-level-2'><a class=\"ez-toc-link ez-toc-heading-5\" href=\"https:\/\/moverdb.com\/nb\/moving-companies\/moving-companies-us-alaska\/#5_Sourdough_Express\" >5. Surdeigsekspress<\/a><\/li><\/ul><\/nav><\/div>\n<h2><span class=\"ez-toc-section\" id=\"1_Alisons_Relocations\"><\/span><strong>1. Alisons flyttinger<\/strong><span class=\"ez-toc-section-end\"><\/span><\/h2>\n<p><img loading=\"lazy\" decoding=\"async\" class=\"alignnone size-full wp-image-11250\" src=\"https:\/\/moverdb.com\/wp-content\/uploads\/Alisons-Relocation-international-moving-company.png\" alt=\"Alisons Relocation internasjonalt flyttebyr\u00e5\" width=\"1440\" height=\"678\" data-wp-pid=\"11250\" srcset=\"https:\/\/moverdb.com\/wp-content\/uploads\/Alisons-Relocation-international-moving-company.png 1440w, https:\/\/moverdb.com\/wp-content\/uploads\/Alisons-Relocation-international-moving-company-300x141.png 300w, https:\/\/moverdb.com\/wp-content\/uploads\/Alisons-Relocation-international-moving-company-1024x482.png 1024w, https:\/\/moverdb.com\/wp-content\/uploads\/Alisons-Relocation-international-moving-company-18x8.png 18w, https:\/\/moverdb.com\/wp-content\/uploads\/Alisons-Relocation-international-moving-company-600x283.png 600w\" sizes=\"auto, (max-width: 1440px) 100vw, 1440px\" \/><\/p>\n<ul>\n<li>Nasjonale tiltak<\/li>\n<li>Internasjonale flyttinger<\/li>\n<li>Flytting av boliger<\/li>\n<li>Kontor- og industriflytting<\/li>\n<li>Bedriftsflytting<\/li>\n<li>D\u00f8r-til-d\u00f8r-tjeneste<\/li>\n<li>Alternativer for pakking<\/li>\n<li>Transport med b\u00e5t, fly, lastebil og jernbane<\/li>\n<li>Tollmegling<\/li>\n<li>Lagringsanlegg<\/li>\n<\/ul>\n<p>Alison's Relocations er et flytte- og lagringsselskap som ble grunnlagt i 1998 i Anchorage. De er medlem av IAM og har 26 \u00e5rs erfaring, noe som gir dem et internasjonalt nettverk av flytteagenter til st\u00f8tte.<\/p>\n<p>Alison's Relocations tilbyr d\u00f8r-til-d\u00f8r-flytting med ett kontaktpunkt. De tilbyr et utvalg av pakketjenester som inkluderer full service, delvis pakking for skj\u00f8re gjenstander og m\u00f8bler, selvpakking og selvpakking og lasting. Pakkeservicen omfatter polstring og innpakning av m\u00f8bler og sikker pakking av alle varer som kan pakkes i esker. De transporterer eiendelene dine, sporer bevegelsene i flytteadministrasjonssystemet og tar seg av fortollingen.<\/p>\n<p>Nettsted: <a href=\"https:\/\/alisonsrelo.com\/\" target=\"_blank\" rel=\"noopener\">https:\/\/alisonsrelo.com\/<\/a><\/p>\n<h2><span class=\"ez-toc-section\" id=\"2_Continental_Van_Lines\"><\/span><strong>2. Continental Van Lines<\/strong><span class=\"ez-toc-section-end\"><\/span><\/h2>\n<p><img loading=\"lazy\" decoding=\"async\" class=\"alignnone size-full wp-image-11295\" src=\"https:\/\/moverdb.com\/wp-content\/uploads\/Continental-Van-Lines-moving-company.png\" alt=\"Continental Van Lines flyttebyr\u00e5\" width=\"1440\" height=\"680\" data-wp-pid=\"11295\" srcset=\"https:\/\/moverdb.com\/wp-content\/uploads\/Continental-Van-Lines-moving-company.png 1440w, https:\/\/moverdb.com\/wp-content\/uploads\/Continental-Van-Lines-moving-company-300x142.png 300w, https:\/\/moverdb.com\/wp-content\/uploads\/Continental-Van-Lines-moving-company-1024x484.png 1024w, https:\/\/moverdb.com\/wp-content\/uploads\/Continental-Van-Lines-moving-company-18x9.png 18w, https:\/\/moverdb.com\/wp-content\/uploads\/Continental-Van-Lines-moving-company-600x283.png 600w\" sizes=\"auto, (max-width: 1440px) 100vw, 1440px\" \/><\/p>\n<ul>\n<li>Nasjonale tiltak<\/li>\n<li>Internasjonale flyttinger<\/li>\n<li>Flytting av boliger<\/li>\n<li>Virksomheten flytter<\/li>\n<li>D\u00f8r-til-d\u00f8r-tjeneste<\/li>\n<li>Emballasjest\u00f8tte<\/li>\n<li>Tilrettelegging av transport<\/li>\n<li>Bistand til fortolling<\/li>\n<li>Transport av kj\u00f8ret\u00f8y<\/li>\n<li>Lagringsanlegg<\/li>\n<\/ul>\n<p>Continental Van Lines er et fullservice flyttebyr\u00e5 som ble grunnlagt i 1952 og har avdelinger i Anchorage, Fife og Tacoma. De er medlem av IAM med 77 \u00e5rs erfaring og er akkreditert av FIDI. De er ogs\u00e5 en del av nettverk som inkluderer Van Lines, noe som gir dem et internasjonalt nettverk av flytteagenter \u00e5 samarbeide med.<\/p>\n<p>Continental Van Lines' flyttekoordinatorer utarbeider en skreddersydd flytteplan som passer dine behov og ditt budsjett, enten det dreier seg om en gj\u00f8r-det-selv-flytting eller en fullstendig \"white glove\"-l\u00f8sning. De tilbyr full service innen pakking og utpakking, samt demontering og montering av m\u00f8bler, og kasseh\u00e5ndtering.<\/p>\n<p>Nettsted: <a href=\"https:\/\/www.continentalvan.com\/international-mover\/\" target=\"_blank\" rel=\"noopener\">https:\/\/www.continentalvan.com\/international-mover\/<\/a><\/p>\n<h2><span class=\"ez-toc-section\" id=\"3_Golden_North_Van_Lines\"><\/span><strong>3. Golden North Van Lines<\/strong><span class=\"ez-toc-section-end\"><\/span><\/h2>\n<p><img loading=\"lazy\" decoding=\"async\" class=\"alignnone size-full wp-image-11329\" src=\"https:\/\/moverdb.com\/wp-content\/uploads\/Golden-North-Van-Lines-international-moving-company.png\" alt=\"Golden North Van Lines internasjonale flyttebyr\u00e5\" width=\"1440\" height=\"681\" data-wp-pid=\"11329\" srcset=\"https:\/\/moverdb.com\/wp-content\/uploads\/Golden-North-Van-Lines-international-moving-company.png 1440w, https:\/\/moverdb.com\/wp-content\/uploads\/Golden-North-Van-Lines-international-moving-company-300x142.png 300w, https:\/\/moverdb.com\/wp-content\/uploads\/Golden-North-Van-Lines-international-moving-company-1024x484.png 1024w, https:\/\/moverdb.com\/wp-content\/uploads\/Golden-North-Van-Lines-international-moving-company-18x9.png 18w, https:\/\/moverdb.com\/wp-content\/uploads\/Golden-North-Van-Lines-international-moving-company-600x284.png 600w\" sizes=\"auto, (max-width: 1440px) 100vw, 1440px\" \/><\/p>\n<ul>\n<li>Nasjonale tiltak<\/li>\n<li>Internasjonale flyttinger<\/li>\n<li>Flytting av boliger<\/li>\n<li>Handels- og kontorflyttinger<\/li>\n<li>Skreddersydde tjenester<\/li>\n<li>Pakketjeneste<\/li>\n<li>Transportordninger<\/li>\n<li>Tollst\u00f8tte<\/li>\n<li>Concierge-tjenester<\/li>\n<li>Kort- og langtidslagring<\/li>\n<\/ul>\n<p>Golden North Van Lines er et flyttebyr\u00e5 som ble etablert i 1976 med kontorer i Anchorage og Fairbanks. De er agent for Van Lines og har tilgang til et internasjonalt nettverk av flyttebyr\u00e5er som hjelper dem med flyttinger over hele verden. De er medlem av IAM og har 49 \u00e5rs erfaring.<\/p>\n<p>Golden North Van Lines tilbyr skreddersydde flytte- og relokaliseringstjenester nasjonalt og internasjonalt. Flyttetjenestene omfatter concierge-lignende flyttetjenester for husholdninger og bedrifter. De tilbyr pakkeservice for \u00e5 beskytte eiendelene dine under transport og s\u00f8rger for sikker transport av eiendelene dine til bestemmelsesstedet.<\/p>\n<p>Nettsted: <a href=\"https:\/\/www.goldennorthvanlines.com\/\" target=\"_blank\" rel=\"noopener\">https:\/\/www.goldennorthvanlines.com\/<\/a><\/p>\n<h2><span class=\"ez-toc-section\" id=\"4_Royal_Alaskan_Movers\"><\/span><strong>4. Royal Alaskan Movers<\/strong><span class=\"ez-toc-section-end\"><\/span><\/h2>\n<p><img loading=\"lazy\" decoding=\"async\" class=\"alignnone size-full wp-image-11428\" src=\"https:\/\/moverdb.com\/wp-content\/uploads\/Royal-Alaskan-Movers-international-moving-company.png\" alt=\"Royal Alaskan Movers internasjonalt flyttebyr\u00e5\" width=\"1440\" height=\"680\" data-wp-pid=\"11428\" srcset=\"https:\/\/moverdb.com\/wp-content\/uploads\/Royal-Alaskan-Movers-international-moving-company.png 1440w, https:\/\/moverdb.com\/wp-content\/uploads\/Royal-Alaskan-Movers-international-moving-company-300x142.png 300w, https:\/\/moverdb.com\/wp-content\/uploads\/Royal-Alaskan-Movers-international-moving-company-1024x484.png 1024w, https:\/\/moverdb.com\/wp-content\/uploads\/Royal-Alaskan-Movers-international-moving-company-18x9.png 18w, https:\/\/moverdb.com\/wp-content\/uploads\/Royal-Alaskan-Movers-international-moving-company-600x283.png 600w\" sizes=\"auto, (max-width: 1440px) 100vw, 1440px\" \/><\/p>\n<ul>\n<li>Lokale og nasjonale omplasseringer<\/li>\n<li>Internasjonale flyttinger<\/li>\n<li>Flytting av husholdninger<\/li>\n<li>Flytting av virksomheter<\/li>\n<li>Personlig tilpasset tjeneste<\/li>\n<li>Flytteplan<\/li>\n<li>Pakketjeneste<\/li>\n<li>Land-, sj\u00f8- og lufttransport<\/li>\n<li>Transport av kj\u00f8ret\u00f8y<\/li>\n<li>Lagringsanlegg<\/li>\n<\/ul>\n<p>Royal Alaskan Movers er et flyttebyr\u00e5 som ble grunnlagt i 2010 og holder til i Anchorage. De er en del av The DeWitt Companies, noe som gir dem global flytteerfaring og support. De er medlem av IAM og har 13 \u00e5rs erfaring.<\/p>\n<p>Royal Alaskan Movers tilbyr en personlig flyttetjeneste med en virtuell unders\u00f8kelse for \u00e5 vurdere flyttebehovene dine og gi deg et tilbud. De vil finne det mest effektive og rimelige flytte- og oppbevaringsalternativet for \u00e5 dekke dine behov. De tilbyr full service p\u00e5 pakking og pakker inn m\u00f8blene dine og pakker dem ut ved ankomst. De leverer en inventarliste og ordner transport til bestemmelsesstedet.<\/p>\n<p>Nettsted: <a href=\"https:\/\/www.royalalaskanmovers.com\/\" target=\"_blank\" rel=\"noopener\">https:\/\/www.royalalaskanmovers.com\/<\/a><\/p>\n<h2><span class=\"ez-toc-section\" id=\"5_Sourdough_Express\"><\/span><strong>5. Surdeigsekspress<\/strong><span class=\"ez-toc-section-end\"><\/span><\/h2>\n<p><img loading=\"lazy\" decoding=\"async\" class=\"alignnone size-full wp-image-11447\" src=\"https:\/\/moverdb.com\/wp-content\/uploads\/Sordough-Express-international-moving-company.png\" alt=\"Sourdough Express internasjonalt flyttebyr\u00e5\" width=\"1440\" height=\"680\" data-wp-pid=\"11447\" srcset=\"https:\/\/moverdb.com\/wp-content\/uploads\/Sordough-Express-international-moving-company.png 1440w, https:\/\/moverdb.com\/wp-content\/uploads\/Sordough-Express-international-moving-company-300x142.png 300w, https:\/\/moverdb.com\/wp-content\/uploads\/Sordough-Express-international-moving-company-1024x484.png 1024w, https:\/\/moverdb.com\/wp-content\/uploads\/Sordough-Express-international-moving-company-18x9.png 18w, https:\/\/moverdb.com\/wp-content\/uploads\/Sordough-Express-international-moving-company-600x283.png 600w\" sizes=\"auto, (max-width: 1440px) 100vw, 1440px\" \/><\/p>\n<ul>\n<li>Lokale og mellomstatlige flyttinger<\/li>\n<li>Internasjonale flyttinger<\/li>\n<li>Flytting av boliger<\/li>\n<li>Flytting av bedrifter og kontorer<\/li>\n<li>Flytting av ansatte<\/li>\n<li>Sp\u00f8rreunders\u00f8kelse f\u00f8r flytting<\/li>\n<li>Tilpasset flytteplan<\/li>\n<li>Pakketjeneste<\/li>\n<li>Transportordninger9<\/li>\n<li>Lagringsanlegg<\/li>\n<\/ul>\n<p>Sourdough Express er et fullservice flytte- og lagringsselskap basert i Anchorage og Fairbanks som ble etablert i 1898. De er medlem av IAM og har 125 \u00e5rs erfaring, noe som gir dem tilgang til et verdensomspennende nettverk av flyttebyr\u00e5er som kan hjelpe dem.<\/p>\n<p>Sourdough Express gjennomf\u00f8rer en unders\u00f8kelse f\u00f8r flyttingen for \u00e5 kartlegge flyttebehovene dine og lager deretter en tilpasset flytte- og pakkeplan for hvert trinn i flyttingen. De tilbyr en pakketjeneste med profesjonelle pakkere som er oppl\u00e6rt til \u00e5 beskytte eiendelene dine under transport. Ved kontorflytting f\u00e5r du en flyttekonsulent som hjelper deg med \u00e5 minimere nedetiden for virksomheten.<\/p>\n<p>Nettsted: <a href=\"https:\/\/sourdoughexpress.com\/\" target=\"_blank\" rel=\"noopener\">https:\/\/sourdoughexpress.com\/<\/a><\/p>","protected":false},"excerpt":{"rendered":"<p>If you currently live in Alaska and are planning a move or are moving to Alaska from abroad, you might want to engage the services of a moving company to assist you. Moving companies can lighten the load and pressure on you by packing, loading and transporting your belongings. Below we have compiled a list [&hellip;]<\/p>\n","protected":false},"author":4,"featured_media":11250,"parent":190,"menu_order":0,"comment_status":"closed","ping_status":"closed","template":"","meta":{"_genesis_hide_title":false,"_genesis_hide_breadcrumbs":false,"_genesis_hide_singular_image":false,"_genesis_hide_footer_widgets":false,"_genesis_custom_body_class":"","_genesis_custom_post_class":"","_genesis_layout":"","footnotes":""},"class_list":{"0":"post-11546","1":"page","2":"type-page","3":"status-publish","4":"has-post-thumbnail","6":"entry"},"_links":{"self":[{"href":"https:\/\/moverdb.com\/nb\/wp-json\/wp\/v2\/pages\/11546","targetHints":{"allow":["GET"]}}],"collection":[{"href":"https:\/\/moverdb.com\/nb\/wp-json\/wp\/v2\/pages"}],"about":[{"href":"https:\/\/moverdb.com\/nb\/wp-json\/wp\/v2\/types\/page"}],"author":[{"embeddable":true,"href":"https:\/\/moverdb.com\/nb\/wp-json\/wp\/v2\/users\/4"}],"replies":[{"embeddable":true,"href":"https:\/\/moverdb.com\/nb\/wp-json\/wp\/v2\/comments?post=11546"}],"version-history":[{"count":1,"href":"https:\/\/moverdb.com\/nb\/wp-json\/wp\/v2\/pages\/11546\/revisions"}],"predecessor-version":[{"id":11547,"href":"https:\/\/moverdb.com\/nb\/wp-json\/wp\/v2\/pages\/11546\/revisions\/11547"}],"up":[{"embeddable":true,"href":"https:\/\/moverdb.com\/nb\/wp-json\/wp\/v2\/pages\/190"}],"wp:featuredmedia":[{"embeddable":true,"href":"https:\/\/moverdb.com\/nb\/wp-json\/wp\/v2\/media\/11250"}],"wp:attachment":[{"href":"https:\/\/moverdb.com\/nb\/wp-json\/wp\/v2\/media?parent=11546"}],"curies":[{"name":"wp","href":"https:\/\/api.w.org\/{rel}","templated":true}]}}