{"id":11544,"date":"2023-11-22T15:47:33","date_gmt":"2023-11-22T15:47:33","guid":{"rendered":"https:\/\/moverdb.com\/?page_id=11544"},"modified":"2026-01-08T15:29:46","modified_gmt":"2026-01-08T15:29:46","slug":"moving-companies-alabama","status":"publish","type":"page","link":"https:\/\/moverdb.com\/nb\/moving-companies\/moving-companies-alabama\/","title":{"rendered":"De beste internasjonale flyttebyr\u00e5ene i Alabama"},"content":{"rendered":"<p>Det kan v\u00e6re overveldende \u00e5 h\u00e5ndtere en flytting p\u00e5 egen h\u00e5nd, spesielt en internasjonal flytting. \u00c5 engasjere en <a href=\"https:\/\/moverdb.com\/nb\/moving-companies\/\" data-internallinksmanager029f6b8e52c=\"79\" title=\"Topp 25 internasjonale flyttebyr\u00e5er p\u00e5 nettet\">flyttefirma<\/a> \u00e5 gj\u00f8re hele eller deler av flyttingen for deg kan lette byrden. Nedenfor har vi samlet en liste over <a href=\"https:\/\/moverdb.com\/nb\/moving-to-the-united-states\/moving-to-alabama\/\" data-internallinksmanager029f6b8e52c=\"448\" title=\"Flytter du til Alabama? 2024 Levekostnader og flyttetips\">Alabama<\/a> basert <a href=\"https:\/\/moverdb.com\/nb\/international-removals\/\" data-internallinksmanager029f6b8e52c=\"27\" title=\"De 36 beste internasjonale flyttebyr\u00e5ene i Storbritannia\">flyttebyr\u00e5er<\/a> som er medlemmer av <a href=\"https:\/\/moverdb.com\/nb\/iam\/\" data-internallinksmanager029f6b8e52c=\"23\" title=\"International Association of Movers (IAM) Forklaret\">International Association of Movers<\/a> (IAM) og\/eller <a href=\"https:\/\/moverdb.com\/nb\/fidi-faim\/\" data-internallinksmanager029f6b8e52c=\"16\" title=\"FIDI &amp; FAIM (FIDI-akkreditert internasjonal spedit\u00f8r) forklart\">FIDI<\/a> Accredited International Mover (FAIM) som kan hjelpe deg med flyttingen.<\/p>\n<p><strong>Coleman Worldwide Moving<\/strong><\/p>\n<p><img loading=\"lazy\" decoding=\"async\" class=\"alignnone size-full wp-image-11289\" src=\"https:\/\/moverdb.com\/wp-content\/uploads\/Coleman-Worldwide-Moving-international-moving-company.png\" alt=\"Coleman Worldwide Moving internasjonalt flyttebyr\u00e5\" width=\"1440\" height=\"676\" data-wp-pid=\"11289\" srcset=\"https:\/\/moverdb.com\/wp-content\/uploads\/Coleman-Worldwide-Moving-international-moving-company.png 1440w, https:\/\/moverdb.com\/wp-content\/uploads\/Coleman-Worldwide-Moving-international-moving-company-300x141.png 300w, https:\/\/moverdb.com\/wp-content\/uploads\/Coleman-Worldwide-Moving-international-moving-company-1024x481.png 1024w, https:\/\/moverdb.com\/wp-content\/uploads\/Coleman-Worldwide-Moving-international-moving-company-18x8.png 18w, https:\/\/moverdb.com\/wp-content\/uploads\/Coleman-Worldwide-Moving-international-moving-company-600x282.png 600w\" sizes=\"auto, (max-width: 1440px) 100vw, 1440px\" \/><\/p>\n<ul>\n<li>Lokale og langdistanse flyttinger<\/li>\n<li>Internasjonale flyttinger<\/li>\n<li>Flytting av husholdninger<\/li>\n<li>Handels- og kontorflyttinger<\/li>\n<li>Flytting av bedrifter<\/li>\n<li>Flytte koordinator<\/li>\n<li>Pakketjeneste<\/li>\n<li>H\u00e5ndtering av kunst og antikviteter<\/li>\n<li><a href=\"https:\/\/moverdb.com\/nb\/car-transport-shipping\/\" data-internallinksmanager029f6b8e52c=\"2\" title=\"2026 Internasjonal biltransport og tilbud p\u00e5 frakt av kj\u00f8ret\u00f8y\">Frakt av kj\u00f8ret\u00f8y<\/a><\/li>\n<li>Kort- og langtidslagring<\/li>\n<\/ul>\n<p>Coleman Worldwide Moving er et flyttebyr\u00e5 som ble grunnlagt i 1914 og holder til i Madison. De betjener en stor del av <a href=\"https:\/\/moverdb.com\/nb\/moving-to-the-united-states\/\" data-internallinksmanager029f6b8e52c=\"94\" title=\"Flytte til USA? 2023 Levekostnader og flyttetips\">USA<\/a> gjennom sitt omfattende kontornettverk og internasjonalt i 175 land gjennom partnerskapet med Allied. De er medlem av IAM og har 109 \u00e5rs erfaring.<\/p>\n<p>Coleman Worldwide Moving tilbyr en video- eller personlig unders\u00f8kelse med en av sine flyttespesialister for \u00e5 vurdere dine flyttebehov. De skreddersyr tjenestene for \u00e5 dekke dine behov. De tilbyr en komplett pakketjeneste med tilpassede kasser og utpakking ved ankomst. De tilbyr ogs\u00e5 tilleggstjenester som h\u00e5ndtering av kunst, frakt og lagring av kj\u00f8ret\u00f8y.<\/p>\n<p>Nettsted: <a href=\"https:\/\/www.colemanallied.com\/\" target=\"_blank\" rel=\"noopener\">https:\/\/www.colemanallied.com\/<\/a><\/p>","protected":false},"excerpt":{"rendered":"<p>Managing a move on your own, especially an international one, can be overwhelming. Engaging a moving company to do some or all of the move for you can ease the load. Below we have compiled a list of Alabama based removal companies that are members of the International Association of Movers (IAM) and\/or FIDI Accredited [&hellip;]<\/p>\n","protected":false},"author":4,"featured_media":11289,"parent":190,"menu_order":0,"comment_status":"closed","ping_status":"closed","template":"","meta":{"_genesis_hide_title":false,"_genesis_hide_breadcrumbs":false,"_genesis_hide_singular_image":false,"_genesis_hide_footer_widgets":false,"_genesis_custom_body_class":"","_genesis_custom_post_class":"","_genesis_layout":"","footnotes":""},"class_list":{"0":"post-11544","1":"page","2":"type-page","3":"status-publish","4":"has-post-thumbnail","6":"entry"},"_links":{"self":[{"href":"https:\/\/moverdb.com\/nb\/wp-json\/wp\/v2\/pages\/11544","targetHints":{"allow":["GET"]}}],"collection":[{"href":"https:\/\/moverdb.com\/nb\/wp-json\/wp\/v2\/pages"}],"about":[{"href":"https:\/\/moverdb.com\/nb\/wp-json\/wp\/v2\/types\/page"}],"author":[{"embeddable":true,"href":"https:\/\/moverdb.com\/nb\/wp-json\/wp\/v2\/users\/4"}],"replies":[{"embeddable":true,"href":"https:\/\/moverdb.com\/nb\/wp-json\/wp\/v2\/comments?post=11544"}],"version-history":[{"count":1,"href":"https:\/\/moverdb.com\/nb\/wp-json\/wp\/v2\/pages\/11544\/revisions"}],"predecessor-version":[{"id":11545,"href":"https:\/\/moverdb.com\/nb\/wp-json\/wp\/v2\/pages\/11544\/revisions\/11545"}],"up":[{"embeddable":true,"href":"https:\/\/moverdb.com\/nb\/wp-json\/wp\/v2\/pages\/190"}],"wp:featuredmedia":[{"embeddable":true,"href":"https:\/\/moverdb.com\/nb\/wp-json\/wp\/v2\/media\/11289"}],"wp:attachment":[{"href":"https:\/\/moverdb.com\/nb\/wp-json\/wp\/v2\/media?parent=11544"}],"curies":[{"name":"wp","href":"https:\/\/api.w.org\/{rel}","templated":true}]}}