{"id":1065,"date":"2016-08-09T14:39:24","date_gmt":"2016-08-09T14:39:24","guid":{"rendered":"http:\/\/moverdb.com\/?page_id=1065"},"modified":"2026-01-08T14:47:45","modified_gmt":"2026-01-08T14:47:45","slug":"bekins-van-lines","status":"publish","type":"page","link":"https:\/\/moverdb.com\/nb\/bekins-van-lines\/","title":{"rendered":"Bekins Van Lines: Internasjonale flyttetjenester og anmeldelser"},"content":{"rendered":"<p>Bekins Van Lines er basert i Indianapolis IN. De tilbyr sine kunder en rekke tjenester som er oppf\u00f8rt nedenfor, sammen med en firmaprofil og anmeldelser.<\/p>\n<p><strong>Internasjonal flytting<\/strong><\/p>\n<ul>\n<li> Personlig service sammen med Crown Relocations<\/li>\n<li> D\u00f8r til d\u00f8r-tjeneste<\/li>\n<li> Pakking - gj\u00f8r det selv, utvalgte varer eller full service<\/li>\n<li> Lagring - p\u00e5 kort og lang sikt<\/li>\n<li> Flytting av kj\u00e6ledyr<\/li>\n<li> Immigrasjonstjenester<\/li>\n<li> Interkulturell oppl\u00e6ring<\/li>\n<li> Spr\u00e5koppl\u00e6ring<\/li>\n<li> Hjemmesalgstjenester<\/li>\n<li> Eiendomsforvaltning<\/li>\n<li> Forh\u00e5ndsvisning av reisetjenester<\/li>\n<li> Hjelp til \u00e5 finne hjem<\/li>\n<li> Skoles\u00f8k<\/li>\n<li> Orientering etter ankomst<\/li>\n<li> Karrierest\u00f8tte for partnere<\/li>\n<li> H\u00e5ndverker- og hushjelpstjenester<\/li>\n<li> Leie av m\u00f8bler<\/li>\n<li> St\u00f8tte under oppdraget<\/li>\n<\/ul>\n<p><strong>Pakking og lagring<\/strong><\/p>\n<ul>\n<li> Langtids- og korttidslagring<\/li>\n<li> Sikre anlegg<\/li>\n<li> 24 timers varsel for tilgang<\/li>\n<li> Gj\u00f8r det selv, utvalgte varer eller full servicepakke<\/li>\n<li> Kartonger og esker som leveres<\/li>\n<li> Beskyttende innpakning medf\u00f8lger<\/li>\n<li> Tape, etiketter og merkepenner<\/li>\n<\/ul>\n<p><strong>Offentlige og milit\u00e6re flyttetjenester<\/strong><\/p>\n<ul>\n<li> GSA-leverand\u00f8r av transporttjenester<\/li>\n<li> Kvalifisert under og st\u00f8tter CHAMP<\/li>\n<li> D\u00f8r til d\u00f8r<\/li>\n<\/ul>\n<p><strong>Flytting av ansatte<\/strong><\/p>\n<ul>\n<li> Dedikert flytteansvarlig<\/li>\n<li> D\u00f8r til d\u00f8r<\/li>\n<\/ul>\n<p><strong>Flytting av boliger<\/strong><\/p>\n<ul>\n<li> D\u00f8r til d\u00f8r<\/li>\n<li> I hjemmet <a href=\"https:\/\/moverdb.com\/nb\/quotes\/\" data-internallinksmanager029f6b8e52c=\"26\" title=\"Internasjonale flyttetilbud: 12 sp\u00f8rsm\u00e5l \u00e5 stille flyttebyr\u00e5et ditt\">bevegelig sitat<\/a><\/li>\n<li> Full service pakking, lasting og lossing<\/li>\n<li> Pakking - gj\u00f8r det selv, skj\u00f8re gjenstander eller full service<\/li>\n<li> Medf\u00f8lgende emballasjemateriell<\/li>\n<li> Lagring tilgjengelig<\/li>\n<li> Demontering og montering av m\u00f8bler<\/li>\n<li> Flytte m\u00f8bler, inventar og utstyr<\/li>\n<li> Flytt pianoer, <a href=\"https:\/\/moverdb.com\/nb\/bil-transport-frakt\/\">kj\u00f8ret\u00f8y<\/a>, b\u00e5ter og mer<\/li>\n<li> Beskyttelse i bevegelse<\/li>\n<\/ul>\n<p><strong>Spesialiserte flyttetjenester<\/strong><\/p>\n<ul>\n<li> Transport av medisinsk utstyr<\/li>\n<li> Transport av tunge maskiner<\/li>\n<li> FFE-transport<\/li>\n<li> Kontorutstyr<\/li>\n<li> Datamaskiner og IT-utstyr<\/li>\n<li> Unike m\u00f8bler<\/li>\n<li> Apparat i bevegelse<\/li>\n<li> Butikkinventar<\/li>\n<li> Flyttetjenester innen hotell- og restaurantbransjen<\/li>\n<\/ul>\n<h2>Bekins Van Lines bedriftsprofil<\/h2>\n<p>Bekins Van Lines ble startet for 125 \u00e5r siden av John og Martin Bekins i Sioux City, <a href=\"https:\/\/moverdb.com\/nb\/moving-to-the-united-states\/moving-to-iowa\/\" data-internallinksmanager029f6b8e52c=\"463\" title=\"Flytter du til Iowa? 2024 Levekostnader og flyttetips\">Iowa<\/a>. Det hadde 3 hestetrukne kj\u00f8ret\u00f8yer og 12 ansatte. I dag er de det fjerde st\u00f8rste transportselskapet i verden. <a href=\"https:\/\/moverdb.com\/nb\/moving-to-the-united-states\/\" data-internallinksmanager029f6b8e52c=\"94\" title=\"Flytte til USA? 2023 Levekostnader og flyttetips\">De forente stater<\/a> og betjener mer enn 95% av landet. Bekins Van Lines har spesialisert seg p\u00e5 <a href=\"https:\/\/moverdb.com\/nb\/containertransport\/\" target=\"_blank\" rel=\"noopener\">internasjonal skipsfart<\/a>flytting og flytting av gjenstander av h\u00f8y verdi.<\/p>\n<p>Bekins Van Lines eies n\u00e5 av <a href=\"https:\/\/moverdb.com\/nb\/hvete\/\" target=\"_blank\" rel=\"noopener\">Wheaton Van Lines<\/a>. Det fortsetter \u00e5 tilby husholdningsflyttinger, bedriftsflyttinger, internasjonale flyttinger og milit\u00e6re flyttinger. <\/p>\n<p>Bekins har sammen med Wheaton Van Lines inng\u00e5tt et samarbeid med Crown Relocations for \u00e5 hjelpe kunder med internasjonale flyttinger. Bekins har 350 agenter, og det er disse agentene som gj\u00f8r det mulig for selskapet \u00e5 operere som en fullserviceleverand\u00f8r. <a href=\"https:\/\/moverdb.com\/nb\/moving-companies\/\" data-internallinksmanager029f6b8e52c=\"79\" title=\"Topp 25 internasjonale flyttebyr\u00e5er p\u00e5 nettet\">flyttefirma<\/a>.<\/p>\n<p>Bekins Van Lines tilknytninger og akkrediteringer:<\/p>\n<ul>\n<li> <a href=\"https:\/\/moverdb.com\/nb\/amsa\/\" target=\"_blank\" rel=\"noopener\">American Moving and Storage Association<\/a> (<a href=\"https:\/\/moverdb.com\/nb\/amsa\/\" data-internallinksmanager029f6b8e52c=\"5\" title=\"American Moving &amp; Storage Association (AMSA) forklart\">AMSA<\/a>) - <a href=\"https:\/\/moverdb.com\/nb\/felgpromover\/\" target=\"_blank\" rel=\"noopener\">ProMover<\/a><\/li>\n<li> National Association of Senior Move Managers (NASMM) (den nasjonale sammenslutningen av ledere for seniorflytting)<\/li>\n<li> Better Business Bureau (BBB) Accredited Business A+ (akkreditert virksomhet A+)<\/li>\n<\/ul>\n<h2>Bekins Van Lines anmeldelser<\/h2>\n<p><strong>Positivt:<\/strong><\/p>\n<ul>\n<li> <em>\"Jeg var livredd for \u00e5 bruke et hvilket som helst flyttebyr\u00e5 til flyttingen min fra <a href=\"https:\/\/moverdb.com\/nb\/flytting-til-san-jose\/\">San Jose<\/a> til <a href=\"https:\/\/moverdb.com\/nb\/moving-to-the-united-states\/moving-to-oregon\/\" data-internallinksmanager029f6b8e52c=\"395\" title=\"Flytte til Oregon? 2023 Levekostnader og tips om flytting\">Oregon<\/a>. Jeg unders\u00f8kte mye p\u00e5 nettet, og valgte til slutt Bekins p\u00e5 grunn av to personlige anbefalinger og deres faste prisoverslag. Det var en enkel prosess, flyttefolkene tok godt vare p\u00e5 tingene mine og leverte til avtalt tid.\"<\/em> - S. N. via <a href=\"http:\/\/www.yelp.com\/biz\/bekins-van-lines-indianapolis-4?hrid=sAKPuUdvUtx9Pe5VoZlhZQ&#038;utm_campaign=www_review_share_popup&#038;utm_medium=copy_link&#038;utm_source=(direct)\" target=\"_blank\" rel=\"noopener\">Yelp<\/a><\/li>\n<li> <em>\"Vi innhentet de vanlige estimatene for kontorflyttingen v\u00e5r, og Bekins kom inn med det beste og mest detaljerte estimatet.\"<\/em> - Wanda fra Tampa via <a href=\"https:\/\/www.consumeraffairs.com\/movers\/bekins_van_lines.htm\" target=\"_blank\" rel=\"noopener\">Forbrukeranliggender<\/a><\/li>\n<li> <em>\"Denne kunden VIL anbefale virksomheten til en venn, et familiemedlem, en nabo eller en kollega.\"<\/em> - Cindy R via <a href=\"http:\/\/www.bbb.org\/indy\/business-reviews\/movers\/bekins-van-lines-inc-in-indianapolis-in-90013818\/Customer-Reviews\" target=\"_blank\" rel=\"noopener\">BBB<\/a><\/li>\n<li> <em>\"Hele flytteteamet var fantastisk. Takstmennene og koordinatorene var veldig omtenksomme.\"<\/em> - Paul D via <a href=\"http:\/\/www.mymovingreviews.com\/movers\/bekins-van-lines-303#54527\" target=\"_blank\" rel=\"noopener\">MyMoivingReviews.com<\/a><\/li>\n<\/ul>\n<p><strong>Nei:<\/strong><\/p>\n<ul>\n<li> \"<em>Virkelig forferdelig opplevelse - mange \u00f8delagte varer og uprofesjonell service.\" <\/em>Kelly H via <a href=\"http:\/\/www.yelp.com\/biz\/bekins-van-lines-indianapolis-4?hrid=mPlbHKmtD2adpffBELLyBA&#038;utm_campaign=www_review_share_popup&#038;utm_medium=copy_link&#038;utm_source=(direct)\" target=\"_blank\" rel=\"noopener\">Yelp<\/a> <\/li>\n<li> <em>\"Det perfekte trekket beskrevet av agenten ble et mareritt.\"<\/em> - Marcel av Lake Park via <a href=\"https:\/\/www.consumeraffairs.com\/movers\/bekins_van_lines.htm\" target=\"_blank\" rel=\"noopener\">Forbrukeranliggender<\/a> <\/li>\n<li> <em>\"Det var flere negative ting ved denne opplevelsen.\"<\/em> - David S via <a href=\"http:\/\/www.bbb.org\/indy\/business-reviews\/movers\/bekins-van-lines-inc-in-indianapolis-in-90013818\/Customer-Reviews\" target=\"_blank\" rel=\"noopener\">BBB<\/a> <\/li>\n<li> \"<em>Jeg har erfart at Bekins flytting og lagring er up\u00e5litelig.\" <\/em> D Langdon via <a href=\"http:\/\/www.mymovingreviews.com\/movers\/bekins-van-lines-303#37287\" target=\"_blank\" rel=\"noopener\">MyMoivingReviews.com<\/a><\/li>\n<\/ul>\n<div itemprop=\"review\" itemscope itemtype=\"http:\/\/schema.org\/Review\">\n<span itemprop=\"author\" itemscope=\"\" itemtype=\"http:\/\/schema.org\/Organization\"><span itemprop=\"name\">MoverDB.com<\/span><\/span> Nettstedsgjennomgang for <span itemprop=\"itemreviewed\" itemscope=\"\" itemtype=\"http:\/\/schema.org\/Brand\"><span itemprop=\"name\">Bekins Van Lines<\/span><\/span>:<\/p>\n<ol>\n<li> Tydelige kontaktopplysninger p\u00e5 nettstedet (inkludert telefonnummer): <strong>Ja<\/strong><\/li>\n<li> Lett \u00e5 f\u00e5 tak i <a href=\"https:\/\/moverdb.com\/nb\/sitater\/\">internasjonale flyttetilbud<\/a>? (skjema for foresp\u00f8rsel om prisoverslag p\u00e5 nett): <strong>Ja<\/strong><\/li>\n<li> Tydelig informasjon p\u00e5 nettstedet: <strong>Ja,<\/strong> det finnes mange veiledninger, videoer og andre ressurser p\u00e5 nettstedet.<\/li>\n<li> Medlemskap i internasjonalt anerkjente flytteorganisasjoner: <strong>Ja<\/strong>, se ovenfor<\/li>\n<li> Liste over kunder og\/eller tidligere kundeuttalelser. <strong>Ja,<\/strong> de har sine egne <a href=\"https:\/\/www.bekins.com\/why-bekins\/reviews-testimonials\/\" target=\"_blank\" rel=\"noopener\">anmeldelser og attester side.<\/a><\/li>\n<\/ol>\n<div itemprop=\"reviewRating\" itemscope itemtype=\"http:\/\/schema.org\/Rating\"><meta itemprop=\"worstRating\" content = \"0\" \/><meta itemprop=\"bestRating\" content=\"5\" \/><meta itemprop=\"ratingValue\" content=\"5\"><\/div>\n<p><strong>Samlet poengsum: 5\/5<\/strong><br \/>\n<strong>Dato for gjennomgang:<\/strong> <span itemprop=\"datePublished\" content=\"2016-08-08\">08\/08\/2016<\/span>\n<\/div>\n<p>Les mer om <a href=\"https:\/\/moverdb.com\/nb\/flyttefirmaer\/\">internasjonale flyttebyr\u00e5er<\/a>, <a href=\"https:\/\/moverdb.com\/nb\/us-canada-movers\/\">Amerikanske flyttebyr\u00e5er<\/a> og v\u00e5r <a href=\"https:\/\/moverdb.com\/nb\/vurderinger\/\">gjennomgangsprosessen<\/a>.<\/p>\n<p><strong>Nettsted:<\/strong> <a href=\"https:\/\/www.bekins.com\/\" target=\"_blank\" rel=\"noopener\">https:\/\/www.bekins.com<\/a><\/p>","protected":false},"excerpt":{"rendered":"<p>Bekins Van Lines are based in Indianapolis IN. They offer their customers a variety of services which are listed below, together with a company profile and reviews. International Moving Personalised service together with Crown Relocations Door to door service Packing &#8211; do it yourself, selected items or full service Storage &#8211; short and long term [&hellip;]<\/p>\n","protected":false},"author":1,"featured_media":0,"parent":0,"menu_order":0,"comment_status":"closed","ping_status":"closed","template":"","meta":{"_genesis_hide_title":false,"_genesis_hide_breadcrumbs":false,"_genesis_hide_singular_image":false,"_genesis_hide_footer_widgets":false,"_genesis_custom_body_class":"","_genesis_custom_post_class":"","_genesis_layout":"","footnotes":""},"class_list":{"0":"post-1065","1":"page","2":"type-page","3":"status-publish","5":"entry"},"_links":{"self":[{"href":"https:\/\/moverdb.com\/nb\/wp-json\/wp\/v2\/pages\/1065","targetHints":{"allow":["GET"]}}],"collection":[{"href":"https:\/\/moverdb.com\/nb\/wp-json\/wp\/v2\/pages"}],"about":[{"href":"https:\/\/moverdb.com\/nb\/wp-json\/wp\/v2\/types\/page"}],"author":[{"embeddable":true,"href":"https:\/\/moverdb.com\/nb\/wp-json\/wp\/v2\/users\/1"}],"replies":[{"embeddable":true,"href":"https:\/\/moverdb.com\/nb\/wp-json\/wp\/v2\/comments?post=1065"}],"version-history":[{"count":9,"href":"https:\/\/moverdb.com\/nb\/wp-json\/wp\/v2\/pages\/1065\/revisions"}],"predecessor-version":[{"id":6181,"href":"https:\/\/moverdb.com\/nb\/wp-json\/wp\/v2\/pages\/1065\/revisions\/6181"}],"wp:attachment":[{"href":"https:\/\/moverdb.com\/nb\/wp-json\/wp\/v2\/media?parent=1065"}],"curies":[{"name":"wp","href":"https:\/\/api.w.org\/{rel}","templated":true}]}}