{"id":1064,"date":"2016-08-12T14:50:41","date_gmt":"2016-08-12T14:50:41","guid":{"rendered":"http:\/\/moverdb.com\/?page_id=1064"},"modified":"2026-01-08T13:18:24","modified_gmt":"2026-01-08T13:18:24","slug":"graebel-van-lines","status":"publish","type":"page","link":"https:\/\/moverdb.com\/nb\/graebel-van-lines\/","title":{"rendered":"Graebel Van Lines: Internasjonale flyttetjenester og anmeldelser"},"content":{"rendered":"<p>Graebel Van Lines har hovedkontor i Aurora, CO. Selskapet tilbyr sine kunder et bredt spekter av tjenester som er oppf\u00f8rt nedenfor. Det f\u00f8lger ogs\u00e5 en selskapsprofil og anmeldelser.<\/p>\n<p><strong>Internasjonal flytting<\/strong><\/p>\n<ul>\n<li> En dedikert kundeservicekoordinator er utpekt<\/li>\n<li> Detaljert hjemmeunders\u00f8kelse<\/li>\n<li> Skreddersydd flytteplan<\/li>\n<li> D\u00f8r til d\u00f8r<\/li>\n<li> Internasjonalt utdannede pakkere og lastere<\/li>\n<li> Emballasjematerialer av beste kvalitet<\/li>\n<li> Tilpassede kasser<\/li>\n<li> Koordinering med ledende lisensierte globale transport\u00f8rer<\/li>\n<li> Lagringsfasiliteter - noen klimakontrollerte<\/li>\n<li> Tollklarering<\/li>\n<li> Levering og utpakking<\/li>\n<\/ul>\n<p><strong>Flytting av boliger<\/strong><\/p>\n<ul>\n<li> D\u00f8r til d\u00f8r-tjeneste<\/li>\n<li> Ett kontaktpunkt gjennom hele flyttingen<\/li>\n<li> Pakking og utpakking ved behov<\/li>\n<li> Lokale, langdistanse og internasjonale flyttinger<\/li>\n<li> Langtids- og korttidslagringsanlegg<\/li>\n<\/ul>\n<p><strong>Flytting av arbeidsomr\u00e5de<\/strong><\/p>\n<ul>\n<li> Planl\u00f8sning f\u00f8r og etter<\/li>\n<li> Detaljert oversikt<\/li>\n<li> Langtids- og korttidslagring<\/li>\n<li> Frakobling og tilkobling av datasystemer<\/li>\n<li> Demontering og montering av m\u00f8bler<\/li>\n<li> Ansvarlig disponering av eiendeler<\/li>\n<li> Flytting av hovedkontor, kontor og engangskontor.<\/li>\n<li> Underleverand\u00f8r, data, telefoni og elektrisk koordinering.<\/li>\n<li> N\u00f8yaktige estimater for flytting av utstyr, mennesker, materialer og totale kostnader.<\/li>\n<li> H\u00e5ndtering av flytting, tillegg og endring (MAC).<\/li>\n<li> Utpr\u00f8vde sjekklister, planlegging og prosesser for flytting av kontorer.<\/li>\n<li> Lagring og avhending av arkiver.<\/li>\n<li> Arkiveringssystemer og lagringsl\u00f8sninger med h\u00f8y tetthet.<\/li>\n<li> <a href=\"https:\/\/moverdb.com\/nb\/british-association-of-removers\/\" data-internallinksmanager029f6b8e52c=\"9\" title=\"British Association of Removers (BAR) Forklart (p\u00e5 engelsk)\">Bar<\/a>-kodet lagerstyring.<\/li>\n<li> Verdensomspennende transport, inkludert mindre enn lastebillass, lastebillass og polstrede varebiltjenester.<\/li>\n<li> Lager- og distribusjonstjenester.<\/li>\n<li> Just-in-time-leveringstjenester.<\/li>\n<li> Logistikktjenester og -administrasjon fra \u00e9n kilde.<\/li>\n<li> Transport, levering, installasjon og omkonfigurering av systemm\u00f8bler.<\/li>\n<li> Tjenester for m\u00f8bler, inventar og utstyr i hotell- og restaurantbransjen (FF&amp;E).<\/li>\n<li> Flytting av tjenester i helsevesenet.<\/li>\n<\/ul>\n<p><strong>Bedrifts-, myndighets- og milit\u00e6rbevegelser<\/strong><\/p>\n<ul>\n<li> Fengselsdirektoratet<\/li>\n<li> Marshals Service<\/li>\n<li> Drug Enforcement Administration (DEA)<\/li>\n<li> Veterans Affairs Department (VA)<\/li>\n<li> Federal Bureau of Investigation (FBI)<\/li>\n<li> Folketellingsbyr\u00e5et<\/li>\n<li> Sentre for kontroll og forebygging av sykdommer (CDC)<\/li>\n<li> Skatteetaten (IRS)<\/li>\n<\/ul>\n<h2>Graebel Van Lines bedriftsprofil<\/h2>\n<p>Graebel Van Lines er det st\u00f8rste privateide rederiet i Europa. <a href=\"https:\/\/moverdb.com\/nb\/moving-companies\/\" data-internallinksmanager029f6b8e52c=\"79\" title=\"Topp 25 internasjonale flyttebyr\u00e5er p\u00e5 nettet\">flyttefirma<\/a> i <a href=\"https:\/\/moverdb.com\/nb\/moving-to-the-united-states\/\" data-internallinksmanager029f6b8e52c=\"94\" title=\"Flytte til USA? 2023 Levekostnader og flyttetips\">De forente stater<\/a> og har hovedkvarter i Aurora, CO. Selskapet har flyttet familier, bedrifter, myndigheter og milit\u00e6rt personell over hele verden og i USA i 66 \u00e5r. <\/p>\n<p>Selskapet tilbyr fullservicel\u00f8sninger for enhver kundes behov, enten det er en liten jobb som oppussing av et kontor eller en massiv oppgave, som \u00e5 flytte et sykehus til nye lokaler.<\/p>\n<p>Graebel Van Lines har 4 millioner kvadratmeter lagringsplass rundt om i landet og driver 828 flyttebiler. Alle selskapets ansatte er oppl\u00e6rt etter de h\u00f8yeste standarder.<\/p>\n<p>Graebel Van Lines tilknytninger og akkrediteringer:<\/p>\n<ul>\n<li> <a href=\"https:\/\/moverdb.com\/nb\/felgpromover\/\">ProMover<\/a><\/li>\n<li> <a href=\"https:\/\/moverdb.com\/nb\/amsa\/\" target=\"_blank\" rel=\"noopener\">American Moving and Storage Association<\/a> (<a href=\"https:\/\/moverdb.com\/nb\/amsa\/\" data-internallinksmanager029f6b8e52c=\"5\" title=\"American Moving &amp; Storage Association (AMSA) forklart\">AMSA<\/a>)<\/li>\n<li> International Office Moving Institute (IOMI)<\/li>\n<\/ul>\n<h2>Graebel Van Lines anmeldelser<\/h2>\n<p><strong>Positivt:<\/strong><\/p>\n<ul>\n<li> <em>\"Graebel Van Lines gjorde en fremragende jobb med flyttingen min. De flyttet meg p\u00e5 kort varsel, i tide og alt landet der jeg trengte det.\" <\/em> - Michelle T via <a href=\"https:\/\/www.yelp.com\/biz\/graebel-van-lines-kent\" target=\"_blank\" rel=\"noopener\">Yelp<\/a><\/li>\n<li>  <em>\"Jeg legger ut dette fordi jeg har sett mange d\u00e5rlige anmeldelser av Graebel's, og min erfaring var positiv.\"<\/em> - Sue Sok via <a href=\"http:\/\/www.mymovingreviews.com\/movers\/graebel-406#28293\" target=\"_blank\" rel=\"noopener\">MyMovingReviews.com<\/a><\/li>\n<\/ul>\n<p><strong>Nei:<\/strong><\/p>\n<ul>\n<li> \"<em>Jeg har brukt Graebel's til tre flyttinger, og hver gang blir opplevelsen verre og verre.\"<\/em> - Michael C via <a href=\"http:\/\/www.yelp.com\/biz\/graebel-van-lines-san-jose?hrid=KdToWSepoqbs7wLCd4UE0A&#038;utm_campaign=www_review_share_popup&#038;utm_medium=copy_link&#038;utm_source=(direct)\" target=\"_blank\" rel=\"noopener\">Yelp<\/a> <\/li>\n<li> \"<em>Jeg anbefaler ikke dette selskapet!!!\"<\/em> Don Mcnasby via <a href=\"http:\/\/www.mymovingreviews.com\/movers\/graebel-406#47223\" target=\"_blank\" rel=\"noopener\">MyMovingReviews.com<\/a><\/li>\n<\/ul>\n<div itemprop=\"review\" itemscope itemtype=\"http:\/\/schema.org\/Review\">\n<span itemprop=\"author\" itemscope=\"\" itemtype=\"http:\/\/schema.org\/Organization\"><span itemprop=\"name\">MoverDB.com<\/span><\/span> Nettstedsgjennomgang for <span itemprop=\"itemreviewed\" itemscope=\"\" itemtype=\"http:\/\/schema.org\/Brand\"><span itemprop=\"name\">Graebel Van Lines<\/span><\/span>:<\/p>\n<ol>\n<li> Tydelige kontaktopplysninger p\u00e5 nettstedet (inkludert telefonnummer): <strong>Ja<\/strong><\/li>\n<li> Lett \u00e5 f\u00e5 tak i <a href=\"https:\/\/moverdb.com\/nb\/sitater\/\">internasjonale flyttetilbud<\/a>? (skjema for foresp\u00f8rsel om prisoverslag p\u00e5 nett): <strong>Ja<\/strong><\/li>\n<li> Tydelig informasjon p\u00e5 nettstedet: <strong>Noen<\/strong>Nettstedet inneholder ikke mye detaljert informasjon. Det antas at dette vil bli levert sammen med den tilpassede planen.<\/li>\n<li> Medlemskap i internasjonalt anerkjente flytteorganisasjoner: <strong>Ja<\/strong>, (se ovenfor)<\/li>\n<li> Liste over kunder og\/eller tidligere kundeuttalelser: <strong>Nei<\/strong> Nettstedet nevner imidlertid at de er en favoritt blant myndighetene og Fortune 500-selskapene.<\/li>\n<\/ol>\n<div itemprop=\"reviewRating\" itemscope itemtype=\"http:\/\/schema.org\/Rating\"><meta itemprop=\"worstRating\" content = \"0\" \/><meta itemprop=\"bestRating\" content=\"5\" \/><meta itemprop=\"ratingValue\" content=\"3.5\"><\/div>\n<p><strong>Samlet poengsum: 3,5\/5<\/strong><br \/>\n<strong>Dato for gjennomgang:<\/strong> <span itemprop=\"datePublished\" content=\"2016-08-11\">11\/08\/2016<\/span>\n<\/div>\n<p>Les mer om <a href=\"https:\/\/moverdb.com\/nb\/flyttefirmaer\/\">internasjonale flyttebyr\u00e5er<\/a>, <a href=\"https:\/\/moverdb.com\/nb\/us-canada-movers\/\">Amerikanske flyttebyr\u00e5er<\/a> og v\u00e5r <a href=\"https:\/\/moverdb.com\/nb\/vurderinger\/\">gjennomgangsprosessen<\/a>.<\/p>\n<p><strong>Nettsted:<\/strong> <a href=\"https:\/\/www.graebelmoving.com\" target=\"_blank\" rel=\"noopener\">https:\/\/www.graebelmoving.com<\/a><\/p>","protected":false},"excerpt":{"rendered":"<p>Graebel Van Lines is headquartered in Aurora, CO. The company offers its customers a wide range of services which are listed below. There also follows a company profile and reviews. International Moving A dedicated customer service coordinator is assigned Detailed in-home survey Customised move plan Door to door Internationally trained packers and loaders Finest quality [&hellip;]<\/p>\n","protected":false},"author":1,"featured_media":0,"parent":0,"menu_order":0,"comment_status":"closed","ping_status":"closed","template":"","meta":{"_genesis_hide_title":false,"_genesis_hide_breadcrumbs":false,"_genesis_hide_singular_image":false,"_genesis_hide_footer_widgets":false,"_genesis_custom_body_class":"","_genesis_custom_post_class":"","_genesis_layout":"","footnotes":""},"class_list":{"0":"post-1064","1":"page","2":"type-page","3":"status-publish","5":"entry"},"_links":{"self":[{"href":"https:\/\/moverdb.com\/nb\/wp-json\/wp\/v2\/pages\/1064","targetHints":{"allow":["GET"]}}],"collection":[{"href":"https:\/\/moverdb.com\/nb\/wp-json\/wp\/v2\/pages"}],"about":[{"href":"https:\/\/moverdb.com\/nb\/wp-json\/wp\/v2\/types\/page"}],"author":[{"embeddable":true,"href":"https:\/\/moverdb.com\/nb\/wp-json\/wp\/v2\/users\/1"}],"replies":[{"embeddable":true,"href":"https:\/\/moverdb.com\/nb\/wp-json\/wp\/v2\/comments?post=1064"}],"version-history":[{"count":6,"href":"https:\/\/moverdb.com\/nb\/wp-json\/wp\/v2\/pages\/1064\/revisions"}],"predecessor-version":[{"id":6216,"href":"https:\/\/moverdb.com\/nb\/wp-json\/wp\/v2\/pages\/1064\/revisions\/6216"}],"wp:attachment":[{"href":"https:\/\/moverdb.com\/nb\/wp-json\/wp\/v2\/media?parent=1064"}],"curies":[{"name":"wp","href":"https:\/\/api.w.org\/{rel}","templated":true}]}}