{"id":1061,"date":"2016-07-25T20:41:24","date_gmt":"2016-07-25T20:41:24","guid":{"rendered":"http:\/\/moverdb.com\/?page_id=1061"},"modified":"2026-01-08T15:30:30","modified_gmt":"2026-01-08T15:30:30","slug":"u-pack-flytting","status":"publish","type":"page","link":"https:\/\/moverdb.com\/nb\/u-pack-moving\/","title":{"rendered":"U-Pack Flytting: Internasjonale flyttetjenester og anmeldelser"},"content":{"rendered":"<p>ABF U-Pack Moving tilbyr sine kunder en rekke tjenester for flytting og selvpakking og utpakking innen EU. <a href=\"https:\/\/moverdb.com\/nb\/moving-to-the-united-states\/\" data-internallinksmanager029f6b8e52c=\"94\" title=\"Flytte til USA? 2023 Levekostnader og flyttetips\">USA<\/a>, <a href=\"https:\/\/moverdb.com\/nb\/moving-to-canada\/\" data-internallinksmanager029f6b8e52c=\"265\" title=\"Flytte til Canada? 2023 Levekostnader og tips om flytting\">Canada<\/a> og Puerto Rico. <\/p>\n<p>Disse tjenestene er oppf\u00f8rt nedenfor, sammen med en selskapsprofil og vurderinger.<\/p>\n<p><strong>Typer flyttinger som tilbys<\/strong><\/p>\n<ul>\n<li> Flytting p\u00e5 tvers av landegrenser<\/li>\n<li> Langdistanseflytting - USA, Canada og Puerto Rico<\/li>\n<li> Flytting fra d\u00f8r til d\u00f8r<\/li>\n<li> Selvg\u00e5ende<\/li>\n<li> Leie lastere p\u00e5 timebasis <\/li>\n<li> Milit\u00e6r flytting<\/li>\n<li> Flytting av h\u00f8yskole<\/li>\n<li> Sm\u00e5 grep<\/li>\n<\/ul>\n<p><strong>Flytting av utstyr<\/strong><\/p>\n<ul>\n<li> Flytting av tilhengere<\/li>\n<li> Flytting og <a href=\"https:\/\/moverdb.com\/nb\/containertransport\/\" target=\"_blank\" rel=\"noopener\">Fraktcontainere<\/a><\/li>\n<\/ul>\n<p><strong>Lagring<\/strong><\/p>\n<ul>\n<li> Lagring av tilhengere<\/li>\n<li> ReloCube-lagring<\/li>\n<li> Lagring p\u00e5 stedet<\/li>\n<li> B\u00e6rbar lagring<\/li>\n<\/ul>\n<h2>U-Pack Moving Company-profil<\/h2>\n<p>ABF U-Pack \u00e5pnet for virksomhet den 1. desember.<sup>st<\/sup> Oktober 1997 og er en del av ABF Freight. Selskapets m\u00e5l var \u00e5 gj\u00f8re flytting rimeligere ved \u00e5 tilby et \"du pakker, vi kj\u00f8rer\"-alternativ til kundene. Kundene pakker sine egne eiendeler og laster dem i en tilhenger eller container som selskapet stiller til r\u00e5dighet. <\/p>\n<p>En U-Pack-sj\u00e5f\u00f8r tar deretter varene til bestemmelsesstedet der kunden laster av og pakker dem ut. Kundene kan spore varene sine via et sporingssystem p\u00e5 nettet.<\/p>\n<p>Siden starten i 1997 har ABF Moving U-Pack flyttet over 850 000 familier og tilbakelagt over 1 milliard kilometer. Selskapet tilbyr en direkte forbindelse til nesten alle byer i USA, Canada og Puerto Rico som har en befolkning p\u00e5 over 30 000 - noe som utgj\u00f8r 44 000 forskjellige lokalsamfunn.<\/p>\n<p><strong>AFB U-Pack-akkrediteringer og tilknytninger:<\/strong><\/p>\n<ul>\n<li> BBB Akkreditert virksomhet A+<\/li>\n<\/ul>\n<h2>U-Pack flytteanmeldelser<\/h2>\n<p><strong>Positiv<\/strong><\/p>\n<ul>\n<li> \"<em>For grenseoverskridende (USA\/Canada) anbefaler jeg U-Pack p\u00e5 det sterkeste.\"<\/em> - Laura J via <a href=\"http:\/\/www.yelp.com\/user_details?userid=MFsoomxJ9wmWksnuhEbsWQ\" target=\"_blank\" rel=\"noopener\">Yelp<\/a> <\/li>\n<li> \"<em>N\u00e5r jeg vurderer alternativene Upack vs. Uhaul med biltransport\u00f8ren, er det ingen tvil om at Upack er den beste veien \u00e5 g\u00e5.\"<\/em> - Lee via <a href=\"http:\/\/www.mymovingreviews.com\/movers\/u-pack-2041#54792\" target=\"_blank\" rel=\"noopener\">MyMovingReviews.com<\/a><\/li>\n<li> \"<em>Stor generell kundetilfredshet sammen med den beste prisen, aktualitet og profesjonalitet.\"<\/em> - B Anderson via <a href=\"https:\/\/www.trustpilot.com\/users\/563a175f0000ff0001e81099\" target=\"_blank\" rel=\"noopener\">Trustpilot<\/a> <\/li>\n<li> \"<em>Beste <a href=\"https:\/\/moverdb.com\/nb\/moving-companies\/\" data-internallinksmanager029f6b8e52c=\"79\" title=\"Topp 25 internasjonale flyttebyr\u00e5er p\u00e5 nettet\">flyttefirma<\/a> Jeg vil anbefale det til hvem som helst.\"<\/em> - Beatrice F via <a href=\"https:\/\/www.sitejabber.com\/reviews\/www.upack.com#6\" target=\"_blank\" rel=\"noopener\">SiteJabber<\/a> <\/li>\n<\/ul>\n<p><strong>Negativ<\/strong><\/p>\n<ul>\n<li> \"<em>Ikke bruk dette selskapet. Du vil angre p\u00e5 det. Den verste feilen jeg har gjort. Kostet meg mer penger enn jeg skulle spare.\"<\/em> - Christina via <a href=\"http:\/\/www.yelp.com\/user_details?userid=h6i4pikiNvzwmw8VvAOvrw\" target=\"_blank\" rel=\"noopener\">Yelp<\/a> <\/li>\n<li> \"<em>Vi flyttet hele livet v\u00e5rt p\u00e5 tvers av USA. Da vi skulle hente tingene v\u00e5re, var s\u00e5 mye \u00f8delagt at det var uvirkelig.\"<\/em> - Sarah via <a href=\"http:\/\/www.mymovingreviews.com\/movers\/u-pack-2041#54608\" target=\"_blank\" rel=\"noopener\">MyMovingReviews.com<\/a> <\/li>\n<li> \"<em>Lastebilen skulle komme mellom kl. 14 og 18. Leide inn flyttefolk til \u00e5 hjelpe kl. 17.00. Lastebilen kom ikke kl. 18.00.\" <\/em> - Cliff Gragg via <a href=\"https:\/\/www.trustpilot.com\/users\/561008750000ff0001e06238\" target=\"_blank\" rel=\"noopener\">TrustPilot<\/a> <\/li>\n<li> \"<em>Uprofesjonelt. Vi er fortsatt midt i en flytteprosess med U-Pack.\"<\/em> - Karen W via <a href=\"https:\/\/www.sitejabber.com\/reviews\/www.upack.com#5\" target=\"_blank\" rel=\"noopener\">SiteJabber<\/a> <\/li>\n<\/ul>\n<div itemprop=\"review\" itemscope itemtype=\"http:\/\/schema.org\/Review\">\n<span itemprop=\"author\" itemscope=\"\" itemtype=\"http:\/\/schema.org\/Organization\"><span itemprop=\"name\">MoverDB.com<\/span><\/span> Nettstedsgjennomgang for <span itemprop=\"itemreviewed\" itemscope=\"\" itemtype=\"http:\/\/schema.org\/Brand\"><span itemprop=\"name\">U-Pack Moving<\/span><\/span>:<\/p>\n<ol>\n<li> Tydelige kontaktopplysninger p\u00e5 nettstedet (inkludert telefonnummer): <strong>Ja<\/strong><\/li>\n<li> Lett \u00e5 f\u00e5 tak i <a href=\"https:\/\/moverdb.com\/nb\/sitater\/\">internasjonale flyttetilbud<\/a>? (skjema for foresp\u00f8rsel om prisoverslag p\u00e5 nett): <strong>Ja<\/strong><\/li>\n<li> Tydelig informasjon p\u00e5 nettstedet: <strong>Ja,<\/strong> Nettstedet gir en utmerket oversikt over alt selskapet har \u00e5 tilby.<\/li>\n<li> Medlemskap i internasjonalt anerkjente flytteorganisasjoner: <strong>Ja<\/strong>, se ovenfor<\/li>\n<li> Liste over kunder og\/eller tidligere kundeuttalelser: <strong>Ja,<\/strong> Det er mange kundeanmeldelser p\u00e5 nettstedet.<\/li>\n<\/ol>\n<div itemprop=\"reviewRating\" itemscope itemtype=\"http:\/\/schema.org\/Rating\"><meta itemprop=\"worstRating\" content = \"0\" \/><meta itemprop=\"bestRating\" content=\"5\" \/><meta itemprop=\"ratingValue\" content=\"5\"><\/div>\n<p><strong>Samlet poengsum: 5\/5<\/strong><br \/>\n<strong>Dato for gjennomgang:<\/strong> <span itemprop=\"datePublished\" content=\"2016-07-25\">25\/07\/2016<\/span>\n<\/div>\n<p>Les mer om andre <a href=\"https:\/\/moverdb.com\/nb\/flyttefirmaer\/\">internasjonale flyttebyr\u00e5er<\/a>, <a href=\"https:\/\/moverdb.com\/nb\/us-canada-movers\/\">Amerikanske flyttebyr\u00e5er<\/a> og v\u00e5r <a href=\"https:\/\/moverdb.com\/nb\/vurderinger\/\">Forklaring av gjennomgangsprosessen<\/a>.<\/p>\n<p><strong>Nettsted:<\/strong> <a href=\"http:\/\/www.upack.com\" target=\"_blank\" rel=\"noopener\">http:\/\/www.upack.com<\/a><\/p>","protected":false},"excerpt":{"rendered":"<p>ABF U-Pack Moving offers its customers a variety of services for moving and self-packing and unpacking within the US, Canada and Puerto Rico. These services are listed below, together with a company profile and reviews. Types of Moves on Offer Cross-country moving Long distance moving &#8211; US, Canada, Puerto Rico Door to door moving Self-moving [&hellip;]<\/p>\n","protected":false},"author":1,"featured_media":0,"parent":0,"menu_order":0,"comment_status":"closed","ping_status":"closed","template":"","meta":{"_genesis_hide_title":false,"_genesis_hide_breadcrumbs":false,"_genesis_hide_singular_image":false,"_genesis_hide_footer_widgets":false,"_genesis_custom_body_class":"","_genesis_custom_post_class":"","_genesis_layout":"","footnotes":""},"class_list":{"0":"post-1061","1":"page","2":"type-page","3":"status-publish","5":"entry"},"_links":{"self":[{"href":"https:\/\/moverdb.com\/nb\/wp-json\/wp\/v2\/pages\/1061","targetHints":{"allow":["GET"]}}],"collection":[{"href":"https:\/\/moverdb.com\/nb\/wp-json\/wp\/v2\/pages"}],"about":[{"href":"https:\/\/moverdb.com\/nb\/wp-json\/wp\/v2\/types\/page"}],"author":[{"embeddable":true,"href":"https:\/\/moverdb.com\/nb\/wp-json\/wp\/v2\/users\/1"}],"replies":[{"embeddable":true,"href":"https:\/\/moverdb.com\/nb\/wp-json\/wp\/v2\/comments?post=1061"}],"version-history":[{"count":6,"href":"https:\/\/moverdb.com\/nb\/wp-json\/wp\/v2\/pages\/1061\/revisions"}],"predecessor-version":[{"id":6248,"href":"https:\/\/moverdb.com\/nb\/wp-json\/wp\/v2\/pages\/1061\/revisions\/6248"}],"wp:attachment":[{"href":"https:\/\/moverdb.com\/nb\/wp-json\/wp\/v2\/media?parent=1061"}],"curies":[{"name":"wp","href":"https:\/\/api.w.org\/{rel}","templated":true}]}}